{"id":265,"date":"2016-05-01T06:12:45","date_gmt":"2016-05-01T06:12:45","guid":{"rendered":"http:\/\/moverdb.com\/?page_id=265"},"modified":"2026-01-08T14:47:55","modified_gmt":"2026-01-08T14:47:55","slug":"cadogan-tate","status":"publish","type":"page","link":"https:\/\/moverdb.com\/tr\/cadogan-tate\/","title":{"rendered":"Cadogan Tate: Uluslararas\u0131 Ta\u015f\u0131nma ve Nakliye Yorumlar\u0131"},"content":{"rendered":"<p>Cadogan Tate, m\u00fc\u015fterilerine yurtd\u0131\u015f\u0131na ta\u015f\u0131nmalar\u0131 i\u00e7in a\u015fa\u011f\u0131daki bilgileri sunmaktad\u0131r. Bu bilgileri bir \u015firket profili ve \u00e7e\u015fitli m\u00fc\u015fterilerden gelen yorumlar takip etmektedir.<\/p>\n<p><strong>Ki\u015fisel ve Kurumsal Ta\u015f\u0131nma<\/strong><\/p>\n<p>Ta\u015f\u0131nma Y\u00f6netimi Hizmetleri<\/p>\n<ul>\n<li> Y\u00f6netim plan\u0131n\u0131 ta\u015f\u0131y\u0131n<\/li>\n<li> Paketleme ve ambalaj a\u00e7ma<\/li>\n<li> Nakliye ve sevkiyat<\/li>\n<li> G\u00fcmr\u00fck i\u015flemleri <\/li>\n<li> Depolama - K\u00fcresel kapsam<\/li>\n<\/ul>\n<p><strong>Sanat Hizmetleri ve Fuar Hizmetleri<\/strong><\/p>\n<ul>\n<li> G\u00fczel sanatlar depolama, nakliye ve ta\u015f\u0131ma<\/li>\n<li> Sergi ve fuar malzemelerinin d\u00fcnya \u00e7ap\u0131nda ta\u015f\u0131nmas\u0131<\/li>\n<\/ul>\n<p><strong>Uzmanl\u0131k G\u00f6revleri<\/strong><\/p>\n<ul>\n<li> Kaliteli \u015faraplar\u0131n ta\u015f\u0131nmas\u0131 <\/li>\n<li> <a href=\"https:\/\/moverdb.com\/tr\/araba-tasima-nakliye\/\">Nakliye arabalar\u0131<\/a>, tekneler ve u\u00e7aklar<\/li>\n<li> Evcil hayvanlar\u0131n ta\u015f\u0131nmas\u0131<\/li>\n<\/ul>\n<p><strong>\u0130\u00e7 Mimar Hizmetleri<\/strong><\/p>\n<ul>\n<li> Herhangi bir tasar\u0131mc\u0131 \u00fcr\u00fcn\u00fcn\u00fcn d\u00fcnya \u00e7ap\u0131nda toplanmas\u0131 ve ta\u015f\u0131nmas\u0131<\/li>\n<li> Son derece deneyimli personel taraf\u0131ndan ustal\u0131kla paketlenir\/kasalan\u0131r ve ta\u015f\u0131n\u0131r<\/li>\n<li> Nakliye ve g\u00fcmr\u00fck <\/li>\n<li> Depolama <\/li>\n<\/ul>\n<h2>Cadogan Tate \u015eirket Profili<\/h2>\n<p>Cadogan Tate 1977 y\u0131l\u0131nda kurulmu\u015ftur ve \u015fu anda <a href=\"https:\/\/moverdb.com\/tr\/moving-to-london\/\">Londra<\/a>, <a href=\"https:\/\/moverdb.com\/tr\/moving-to-france\/moving-to-paris\/\" data-internallinksmanager029f6b8e52c=\"407\" title=\"Paris&#039;e mi Ta\u015f\u0131n\u0131yorsunuz? 2026 Ya\u015fam Maliyetleri &amp; Yer De\u011fi\u015ftirme \u0130pu\u00e7lar\u0131\">Paris<\/a>, Cote d'Azure, <a href=\"https:\/\/moverdb.com\/tr\/newce-tasinmak\/\">New York<\/a> ve <a href=\"https:\/\/moverdb.com\/tr\/los-angelese-tasinma\/\">Los Angeles<\/a> Sadece \u015firketleri ve bireyleri d\u00fcnya \u00e7ap\u0131nda ta\u015f\u0131makla kalm\u0131yor, ayn\u0131 zamanda sanat eserlerini ve d\u00fcnyan\u0131n \u00f6nde gelen tasar\u0131mc\u0131lar\u0131 taraf\u0131ndan tasarlanan mobilya ve dekoratif objeleri ta\u015f\u0131ma konusunda da uzmand\u0131rlar. <\/p>\n<p>Cadogan Tate, fuar organizat\u00f6rlerinin, al\u0131c\u0131lar\u0131n ve kat\u0131l\u0131mc\u0131lar\u0131n ihtiya\u00e7lar\u0131n\u0131 g\u00f6z \u00f6n\u00fcnde bulundurarak Sanat Fuarlar\u0131 d\u00fczenleme konusundaki uzmanl\u0131\u011f\u0131yla gurur duymaktad\u0131r. Cadogan Tate'in yaz\u0131l\u0131 logosu \"her \u015fey \u00f6zenle ele al\u0131n\u0131r\" \u015feklindedir.<br \/>\n\u015eirketin uzun bir \u00fcyelikler ve akreditasyonlar listesi vard\u0131r:<\/p>\n<ul>\n<li> <a href=\"https:\/\/moverdb.com\/tr\/british-association-of-removers\/\">\u0130ngiliz S\u00f6k\u00fcmc\u00fcler Birli\u011fi (BAR)<\/a><\/li>\n<li> <a href=\"https:\/\/moverdb.com\/tr\/mtc\/\">The Movers Trading Club<\/a> (<a href=\"https:\/\/moverdb.com\/tr\/mtc\/\" data-internallinksmanager029f6b8e52c=\"30\" title=\"Movers Trading Club (MTC) A\u00e7\u0131klamas\u0131\">MTC<\/a>)<\/li>\n<li> M\u00fczeler Birli\u011fi<\/li>\n<li> \u0130\u00e7i\u015fleri Bakanl\u0131\u011f\u0131 - <a href=\"https:\/\/moverdb.com\/tr\/moving-to-the-uk\/\" data-internallinksmanager029f6b8e52c=\"93\" title=\"Birle\u015fik Krall\u0131k&#039;a m\u0131 ta\u015f\u0131n\u0131yorsunuz? 2026 Ya\u015fam Maliyetleri &amp; Yer De\u011fi\u015ftirme \u0130pu\u00e7lar\u0131\">BIRLE\u015eIK KRALLIK<\/a> S\u0131n\u0131r Ajans\u0131<\/li>\n<li> <a href=\"https:\/\/moverdb.com\/tr\/harmony-relocation-network\/\">Harmony Yer De\u011fi\u015ftirme A\u011f\u0131<\/a><\/li>\n<li> <a href=\"https:\/\/moverdb.com\/tr\/iam\/\">Uluslararas\u0131 Ta\u015f\u0131mac\u0131lar Birli\u011fi (IAM)<\/a><\/li>\n<li> <a href=\"https:\/\/moverdb.com\/tr\/fidi-faim\/\">FAIM<\/a><\/li>\n<li> UK Registrars Group<\/li>\n<li> <a href=\"https:\/\/moverdb.com\/tr\/fidi-faim\/\">FIDI K\u00fcresel \u0130ttifak\u0131<\/a><\/li>\n<li> Sanat ve Antika Sat\u0131c\u0131lar\u0131 Derne\u011fi (LAPADA)<\/li>\n<li> Kalite G\u00fcvenceli Hizmet Standard\u0131 - Ticari Ta\u015f\u0131nma<\/li>\n<li> Kalite G\u00fcvenceli Hizmet Standard\u0131 - \u00c7evre Y\u00f6netim Sistemleri<\/li>\n<li> Kalite G\u00fcvenceli Hizmet Standard\u0131 - Ticari Ta\u015f\u0131nma<\/li>\n<li> Kalite G\u00fcvenceli Hizmet Standard\u0131 - Ev Mobilyalar\u0131n\u0131n Ta\u015f\u0131nmas\u0131<\/li>\n<li> Kalite G\u00fcvenceli Hizmet Standard\u0131 - \u0130\u015f Sa\u011fl\u0131\u011f\u0131 ve Y\u00f6netim Sistemleri<\/li>\n<li> Kalite G\u00fcvenceli Hizmet Standard\u0131 - Kalite Y\u00f6netim Sistemleri<\/li>\n<\/ul>\n<h2>Cadogan Tate Yorumlar\u0131<\/h2>\n<p><strong>Pozitif<\/strong><\/p>\n<ul>\n<li> \"<em>Cadogan Tate bizi \u00e7ok heyecanland\u0131rd\u0131. Ucuz bir se\u00e7im de\u011fildi, ancak onlarla \u00e7al\u0131\u015ft\u0131ktan sonra her kuru\u015funa de\u011fdi\u011fine karar verdik.\" <\/em> E. Perry arac\u0131l\u0131\u011f\u0131yla <a href=\"http:\/\/www.reviewcentre.com\/Removal-Companies\/Cadogan-Tate-www-cadogantate-com-review_3591881\" target=\"_blank\" rel=\"noopener\">\u0130nceleme Merkezi<\/a>\n<\/li>\n<li> \"<em>K\u0131sa bir s\u00fcre \u00f6nce g\u00fcneyden ta\u015f\u0131nmam i\u00e7in Cadogan Tate arac\u0131l\u0131\u011f\u0131yla nakliye sipari\u015fi verdim. <a href=\"https:\/\/moverdb.com\/tr\/moving-to-france\/\" data-internallinksmanager029f6b8e52c=\"315\" title=\"Fransa&#039;ya m\u0131 ta\u015f\u0131n\u0131yorsunuz? 2026 Ya\u015fam Maliyetleri &amp; Yer De\u011fi\u015ftirme \u0130pu\u00e7lar\u0131\">Fransa<\/a> Londra'ya. Her \u015fey m\u00fckemmel bir \u015fekilde halledildi.\" <\/em>Rivsalov arac\u0131l\u0131\u011f\u0131yla <a href=\"http:\/\/www.removalreviews.co.uk\/movingreviews\/smooth-and-efficient-with-a-professional-approach-5733\" target=\"_blank\" rel=\"noopener\">Kald\u0131rma Yorumlar\u0131<\/a>\n<\/li>\n<\/ul>\n<p><strong>Negatif<\/strong><\/p>\n<ul>\n<li> \"<em>Bu \u015firketin \u00fcretti\u011fi \u00e7evresel at\u0131k miktar\u0131ndan i\u011freniyorum. Yast\u0131k ve nevresim gibi k\u0131r\u0131lgan olmayan e\u015fyalar\u0131n kutular\u0131 a\u011fz\u0131na kadar yepyeni ka\u011f\u0131t ambalajlarla doldurulmu\u015f.\" <\/em>Carl Lyon arac\u0131l\u0131\u011f\u0131yla <a href=\"http:\/\/www.reviewcentre.com\/Removal-Companies\/Cadogan-Tate-www-cadogantate-com-review_3349791\" target=\"_blank\" rel=\"noopener\">\u0130nceleme Merkezi<\/a>\n<\/li>\n<li> \"<em>Cadogan Tate'i, Londra'dan \u0130stanbul'a ta\u015f\u0131nmak i\u00e7in kulland\u0131k. <a href=\"https:\/\/moverdb.com\/tr\/moving-to-the-united-states\/\" data-internallinksmanager029f6b8e52c=\"94\" title=\"Amerika Birle\u015fik Devletleri&#039;ne mi ta\u015f\u0131n\u0131yorsunuz? 2026 Ya\u015fam Maliyetleri ve Yer De\u011fi\u015ftirme \u0130pu\u00e7lar\u0131\">ABD<\/a>. Nakliyeciler \u00e7ok profesyonel ve arkada\u015f canl\u0131s\u0131yd\u0131. Ancak arka ofiste ciddi sorunlar var.\" <\/em> D J Skillman arac\u0131l\u0131\u011f\u0131yla <a href=\"http:\/\/www.removalreviews.co.uk\/movers\/cadogan-tate-311\" target=\"_blank\" rel=\"noopener\">Kald\u0131rma Yorumlar\u0131<\/a>\n<\/li>\n<\/ul>\n<div itemprop=\"review\" itemscope itemtype=\"http:\/\/schema.org\/Review\">\n<span itemprop=\"author\" itemscope=\"\" itemtype=\"http:\/\/schema.org\/Organization\"><span itemprop=\"name\">MoverDB.com<\/span><\/span> \u00c7evrimi\u00e7i Web Sitesi \u0130ncelemesi i\u00e7in <span itemprop=\"itemreviewed\" itemscope=\"\" itemtype=\"http:\/\/schema.org\/Brand\"><span itemprop=\"name\">Cadogan Tate<\/span><\/span>:<\/p>\n<ol>\n<li> Web sitesinde a\u00e7\u0131k ileti\u015fim bilgileri (telefon numaras\u0131 dahil): <strong>Evet<\/strong><\/li>\n<li> Almas\u0131 kolay <a href=\"https:\/\/moverdb.com\/tr\/alintilar\/\">uluslararas\u0131 ta\u015f\u0131mac\u0131l\u0131k teklifleri<\/a>? (\u00c7evrimi\u00e7i tahmin talep formu): <strong>Evet<\/strong><\/li>\n<li> Web sitesinde net bilgiler: <strong>K\u0131smi.<\/strong> Web sitesi \u00e7ok fazla ayr\u0131nt\u0131l\u0131 bilgi i\u00e7ermemektedir. Bu, planlama a\u015famas\u0131nda sa\u011flanm\u0131\u015ft\u0131r.<\/li>\n<li> Uluslararas\u0131 tan\u0131nm\u0131\u015f ta\u015f\u0131ma organizasyonlar\u0131na \u00fcyelik: <strong>Evet<\/strong>, yukar\u0131ya bak\u0131n.<\/li>\n<li> M\u00fc\u015fterilerin listesi ve\/veya \u00f6nceki m\u00fc\u015fteri referanslar\u0131: <strong>K\u0131smi.<\/strong> Sitede, m\u00fc\u015fteri isimleri veya m\u00fc\u015fteri referanslar\u0131 bulunmayan \u00e7e\u015fitli hamleleri a\u00e7\u0131klayan vaka \u00e7al\u0131\u015fmalar\u0131 bulunmaktad\u0131r.<\/li>\n<\/ol>\n<div itemprop=\"reviewRating\" itemscope itemtype=\"http:\/\/schema.org\/Rating\"><meta itemprop=\"worstRating\" content = \"0\" \/><meta itemprop=\"bestRating\" content=\"5\" \/><meta itemprop=\"ratingValue\" content=\"4\"><\/div>\n<p><strong>Genel puan: 4\/5<\/strong><br \/>\n<strong>\u0130nceleme Tarihi:<\/strong> <span itemprop=\"datePublished\" content=\"2016-05-01\">01\/05\/2016<\/span>\n<\/div>\n<p>Hakk\u0131nda daha fazla bilgi <a href=\"https:\/\/moverdb.com\/tr\/uluslararasi-tasimalar\/\">Birle\u015fik Krall\u0131k nakliye \u015firketleri<\/a> ve bizim <a href=\"https:\/\/moverdb.com\/tr\/yorumlar\/\">i\u0307nceleme s\u00fcreci\u0307 a\u00e7iklandi<\/a>.<\/p>\n<p><strong>Web sitesi:<\/strong> <a href=\"https:\/\/www.cadogantate.com\/en\" target=\"_blank\" rel=\"noopener\">https:\/\/www.cadogantate.com\/en<\/a><\/p>","protected":false},"excerpt":{"rendered":"<p>Cadogan Tate offer their clients the following for their move abroad. This information is followed by a company profile and reviews from various clients. Personal and Corporate Moves Move Management Services Move management plan Packing and unpacking Transportation and shipping Customs clearance Storage &#8211; Global coverage Art Services and Fair Services Fine art storage, shipping [&hellip;]<\/p>\n","protected":false},"author":1,"featured_media":0,"parent":0,"menu_order":0,"comment_status":"closed","ping_status":"closed","template":"","meta":{"_genesis_hide_title":false,"_genesis_hide_breadcrumbs":false,"_genesis_hide_singular_image":false,"_genesis_hide_footer_widgets":false,"_genesis_custom_body_class":"","_genesis_custom_post_class":"","_genesis_layout":"","footnotes":""},"class_list":{"0":"post-265","1":"page","2":"type-page","3":"status-publish","5":"entry"},"_links":{"self":[{"href":"https:\/\/moverdb.com\/tr\/wp-json\/wp\/v2\/pages\/265","targetHints":{"allow":["GET"]}}],"collection":[{"href":"https:\/\/moverdb.com\/tr\/wp-json\/wp\/v2\/pages"}],"about":[{"href":"https:\/\/moverdb.com\/tr\/wp-json\/wp\/v2\/types\/page"}],"author":[{"embeddable":true,"href":"https:\/\/moverdb.com\/tr\/wp-json\/wp\/v2\/users\/1"}],"replies":[{"embeddable":true,"href":"https:\/\/moverdb.com\/tr\/wp-json\/wp\/v2\/comments?post=265"}],"version-history":[{"count":17,"href":"https:\/\/moverdb.com\/tr\/wp-json\/wp\/v2\/pages\/265\/revisions"}],"predecessor-version":[{"id":6190,"href":"https:\/\/moverdb.com\/tr\/wp-json\/wp\/v2\/pages\/265\/revisions\/6190"}],"wp:attachment":[{"href":"https:\/\/moverdb.com\/tr\/wp-json\/wp\/v2\/media?parent=265"}],"curies":[{"name":"wp","href":"https:\/\/api.w.org\/{rel}","templated":true}]}}