{"id":246,"date":"2016-04-21T14:54:42","date_gmt":"2016-04-21T14:54:42","guid":{"rendered":"http:\/\/moverdb.com\/?page_id=246"},"modified":"2026-01-08T14:47:37","modified_gmt":"2026-01-08T14:47:37","slug":"atlas-van-lines-uluslararasi","status":"publish","type":"page","link":"https:\/\/moverdb.com\/tr\/atlas-van-lines-international\/","title":{"rendered":"Atlas Van Lines Uluslararas\u0131: Ta\u015f\u0131nma Hizmetleri &amp; Yorumlar"},"content":{"rendered":"<p>Atlas Van Lines International, yurtd\u0131\u015f\u0131na ta\u015f\u0131nan ki\u015filer i\u00e7in a\u015fa\u011f\u0131daki hizmetleri sunmaktad\u0131r. Ayr\u0131ca a\u015fa\u011f\u0131da bir \u015firket profili g\u00f6r\u00fcnt\u00fcleyebilir ve yorumlar\u0131 okuyabilirsiniz:<\/p>\n<p><strong>Ki\u015fisel ve Kurumsal ta\u015f\u0131nmalar:<\/strong><\/p>\n<p>Ula\u015f\u0131m Hizmetleri<\/p>\n<ul>\n<li> K\u00fcresel kap\u0131dan kap\u0131ya ev e\u015fyas\u0131 ta\u015f\u0131mac\u0131l\u0131\u011f\u0131<\/li>\n<li> <a href=\"https:\/\/moverdb.com\/tr\/yuk-i%cc%87leti%cc%87ci%cc%87si%cc%87\/\">Okyanus ve hava ta\u015f\u0131mac\u0131l\u0131\u011f\u0131<\/a><\/li>\n<li> Otomobiller ve tekneler<\/li>\n<li> Proje y\u00fck\u00fc (sergiler ve ekranlar)<\/li>\n<\/ul>\n<p>Yer De\u011fi\u015ftirme Hizmetleri<\/p>\n<ul>\n<li> Program y\u00f6netimi ve deste\u011fi<\/li>\n<li> Politika geli\u015ftirme<\/li>\n<li> Dan\u0131\u015fmanl\u0131k<\/li>\n<li> Transfere konu konut<\/li>\n<li> Destinasyon hizmetleri<\/li>\n<li> De\u011fer koruma hizmeti<\/li>\n<\/ul>\n<p>Seyahat Hizmetleri<\/p>\n<ul>\n<li> Tam hizmet kurumsal seyahat acentesi<\/li>\n<li> Program y\u00f6netimi ve raporlama<\/li>\n<\/ul>\n<p>Uzun vadeli depolama y\u00f6netimi<\/p>\n<p><strong>H\u00fck\u00fcmet ve ordu hamleleri:<\/strong><\/p>\n<ul>\n<li> Savunma Ki\u015fisel M\u00fclkiyet Program\u0131n\u0131 (DP3) destekleyin<\/li>\n<li> Uluslararas\u0131 ev e\u015fyas\u0131 ta\u015f\u0131ma y\u00f6netimi (Kod 4, 5 ve T)<\/li>\n<li> Ev e\u015fyas\u0131 ta\u015f\u0131ma y\u00f6netimi (Kod 1 ve 2)<\/li>\n<li> Uluslararas\u0131 bagaj g\u00f6nderileri (Kod J)<\/li>\n<li> OTO g\u00f6nderileri<\/li>\n<li> Hizmet \u00fcyelerine VIP ki\u015fisel bak\u0131m sa\u011flayan \u00f6zel bir m\u00fc\u015fteri hizmetleri ekibi<\/li>\n<li> GSA hesap ekibi yaln\u0131zca uluslararas\u0131 ta\u015f\u0131malar\u0131 y\u00f6netmeye adanm\u0131\u015ft\u0131r <a href=\"https:\/\/moverdb.com\/tr\/moving-to-the-united-states\/\" data-internallinksmanager029f6b8e52c=\"94\" title=\"Amerika Birle\u015fik Devletleri&#039;ne mi ta\u015f\u0131n\u0131yorsunuz? 2026 Ya\u015fam Maliyetleri ve Yer De\u011fi\u015ftirme \u0130pu\u00e7lar\u0131\">ABD<\/a> devlet kurumlari<\/li>\n<li> I-CHAMP kat\u0131l\u0131mc\u0131s\u0131<\/li>\n<\/ul>\n<p><strong>Sergiler ve Nakliye:<\/strong><\/p>\n<ul>\n<li> Sergiler<\/li>\n<li> Ticari fuar te\u015fhirleri<\/li>\n<li> Ma\u011faza demirba\u015flar\u0131<\/li>\n<li> Yurtd\u0131\u015f\u0131 \u00f6zel projeler<\/li>\n<\/ul>\n<h2>Atlas Van Lines International \u015eirket Profili<\/h2>\n<p>Atlas International, \u00f6zel bir \u015firket olan Atlas Van Lines'\u0131n bir i\u015ftirakidir ve Atlas World Group'un bir par\u00e7as\u0131d\u0131r. \u015eirket, 50 y\u0131l\u0131 a\u015fk\u0131n bir s\u00fcredir insanlar\u0131 yurt d\u0131\u015f\u0131na ta\u015f\u0131maktad\u0131r. Her y\u0131l ger\u00e7ekle\u015ftirdikleri 7.000 ta\u015f\u0131nman\u0131n 85%'sini olu\u015fturan kurumsal ta\u015f\u0131nmalara odaklanmaktad\u0131rlar. <\/p>\n<p>Bununla birlikte, bireysel profesyonelleri, kamu \u00e7al\u0131\u015fanlar\u0131n\u0131 ve ABD ordusu mensuplar\u0131n\u0131 (ve onlar\u0131n ailelerini) da ta\u015f\u0131rlar.<\/p>\n<p>\u015eirket d\u00fcr\u00fcstl\u00fck, kalite ve \u00e7\u00f6z\u00fcmlere ba\u011fl\u0131l\u0131k iddias\u0131ndad\u0131r. A\u015fa\u011f\u0131daki kurulu\u015flar\u0131n \u00fcyesidirler:<\/p>\n<ul>\n<li> ABD G\u00fcmr\u00fck ve S\u0131n\u0131r Devriyesi ile C-TPAT sertifikas\u0131<\/li>\n<li> ISO 9001 tescilli<\/li>\n<li> <a href=\"https:\/\/moverdb.com\/tr\/rim-promover\/\">RIM\u00ae - Kay\u0131tl\u0131 Uluslararas\u0131 Ta\u015f\u0131mac\u0131<\/a><\/li>\n<li> <a href=\"https:\/\/moverdb.com\/tr\/amsa\/\">Amerikan Ta\u015f\u0131nma ve Depolama Birli\u011fi<\/a> (<a href=\"https:\/\/moverdb.com\/tr\/amsa\/\" data-internallinksmanager029f6b8e52c=\"5\" title=\"Amerikan Ta\u015f\u0131nma ve Depolama Birli\u011fi (AMSA) A\u00e7\u0131klamas\u0131\">AMSA<\/a>)<\/li>\n<li> <a href=\"https:\/\/moverdb.com\/tr\/hgfaa\/\">HHG Forwarders Association of America<\/a> (HHGFAA)<\/li>\n<li> <a href=\"https:\/\/moverdb.com\/tr\/lacma\/\">Latin Amerika ve Karayipler Ta\u015f\u0131mac\u0131l\u0131k Derne\u011fi<\/a> (<a href=\"https:\/\/moverdb.com\/tr\/lacma\/\" data-internallinksmanager029f6b8e52c=\"28\" title=\"Latin Amerika ve Karayipler Uluslararas\u0131 Ta\u015f\u0131mac\u0131lar Birli\u011fi (LACMA)\">LACMA<\/a>)<\/li>\n<li> <a href=\"https:\/\/moverdb.com\/tr\/iata\/\">Uluslararas\u0131 Hava Ta\u015f\u0131mac\u0131l\u0131\u011f\u0131 Birli\u011fi<\/a> (<a href=\"https:\/\/moverdb.com\/tr\/iata\/\" data-internallinksmanager029f6b8e52c=\"22\" title=\"Uluslararas\u0131 Hava Ta\u015f\u0131mac\u0131l\u0131\u011f\u0131 Birli\u011fi (IATA) A\u00e7\u0131klamas\u0131\">IATA<\/a>)<\/li>\n<li> <a href=\"https:\/\/moverdb.com\/tr\/euromovers\/\">Avrupa Ta\u015f\u0131y\u0131c\u0131 Ortakl\u0131\u011f\u0131<\/a><\/li>\n<li> <a href=\"https:\/\/moverdb.com\/tr\/calisan-yer-degistirme-konseyi\/\">\u00c7al\u0131\u015fan Yer De\u011fi\u015ftirme Konseyi<\/a> (D\u00fcnya \u00e7ap\u0131nda <a href=\"https:\/\/moverdb.com\/tr\/employee-relocation-council\/\" data-internallinksmanager029f6b8e52c=\"83\" title=\"D\u00fcnya \u00c7ap\u0131nda \u00c7al\u0131\u015fan Yer De\u011fi\u015ftirme Konseyi (ERC) A\u00e7\u0131klamas\u0131\">ERC<\/a>)<\/li>\n<li> Federal Denizcilik Komisyonu taraf\u0131ndan <a href=\"https:\/\/moverdb.com\/tr\/freight-forwarder\/\" data-internallinksmanager029f6b8e52c=\"17\" title=\"Freight Forwarder &amp; NVOCC Uluslararas\u0131 Maliyet ve \u015eirketler Rehberi\">NVOCC<\/a>, Lisans # 79NF<\/li>\n<li> ABD Devlet kurumlar\u0131 i\u00e7in CHAMP program\u0131na kat\u0131lan ITGBL ta\u015f\u0131y\u0131c\u0131s\u0131<\/li>\n<li> ABD Savunma Bakanl\u0131\u011f\u0131 i\u00e7in kat\u0131l\u0131mc\u0131 ITGBL ta\u015f\u0131y\u0131c\u0131s\u0131 <\/li>\n<\/ul>\n<p>A\u015fa\u011f\u0131daki k\u00fcresel acentelere sahiptir:<\/p>\n<ul>\n<li> ABD'deki 50 eyaletin tamam\u0131nda y\u00fcksek nitelikli Atlas acenteleri<\/li>\n<li> 130'dan fazla temsilci <a href=\"https:\/\/moverdb.com\/tr\/moving-to-canada\/\" data-internallinksmanager029f6b8e52c=\"265\" title=\"Kanada&#039;ya Ta\u015f\u0131nmak m\u0131? 2026 Ya\u015fam Maliyetleri ve Yer De\u011fi\u015ftirme \u0130pu\u00e7lar\u0131\">Kanada<\/a>.<\/li>\n<li> D\u00fcnya \u00e7ap\u0131nda her \u00fclkede \u00e7al\u0131\u015fan 300'den fazla Atlas taraf\u0131ndan tercih edilen acente.<\/li>\n<\/ul>\n<p>Ayr\u0131ca, ta\u015f\u0131nman\u0131z\u0131n her iki ucunda da g\u00f6rd\u00fc\u011f\u00fcn\u00fcz ve etkile\u015fimde bulundu\u011funuz ta\u015f\u0131nma uzmanlar\u0131n\u0131n \u00f6nceden kalifiye edildi\u011fini iddia ediyorlar.<\/p>\n<h2>Atlas Van Lines Uluslararas\u0131 Yorumlar\u0131<\/h2>\n<p><em><strong>L\u00fctfen unutmay\u0131n:<\/strong> hem Atlas Van Lines hem de Atlas International i\u00e7in de\u011ferlendirmeleri i\u00e7erir<\/em><\/p>\n<p><strong>Pozitif<\/strong><\/p>\n<ul>\n<li> <em>\"Sadece ne kadar s\u0131k\u0131 \u00e7al\u0131\u015ft\u0131klar\u0131ndan de\u011fil, e\u015fyalar\u0131ma g\u00f6sterdikleri \u00f6zenden de son derece etkilendim.\"<\/em> - Laurie arac\u0131l\u0131\u011f\u0131yla <a href=\"http:\/\/www.atlasvanlines.com\/moving-company-reviews\/\" target=\"_blank\" rel=\"noopener\">Atlas Van Lines inceleme sayfas\u0131<\/a><\/li>\n<li> <em>\"Atlas harika bir se\u00e7imdi. Uzun mesafeli bir ta\u015f\u0131nmas\u0131 olan ve e\u015fyalar\u0131n\u0131 yabanc\u0131lar\u0131n almas\u0131ndan tedirgin olan herkese onlar\u0131 \u015fiddetle tavsiye ederim.\"<\/em> - Kate arac\u0131l\u0131\u011f\u0131yla <a href=\"http:\/\/www.mymovingreviews.com\/movingreviews\/great-movers-9968\" target=\"_blank\" rel=\"noopener\">MyMovingReviews<\/a><\/li>\n<li> <em>\"BBB, Atlas Van Lines International'\u0131n, t\u00fcketici \u015fikayetlerini \u00e7\u00f6zmek i\u00e7in iyi niyetle \u00e7aba g\u00f6sterme taahh\u00fcd\u00fcn\u00fc de i\u00e7eren BBB akreditasyon standartlar\u0131n\u0131 kar\u015f\u0131lad\u0131\u011f\u0131n\u0131 belirlemi\u015ftir.\"<\/em> <a href=\"http:\/\/www.bbb.org\/western-washington\/business-reviews\/movers\/atlas-van-lines-international-in-seattle-wa-27030248\" target=\"_blank\" rel=\"noopener\">Better Business Bureau<\/a><\/li>\n<li> <em>\"Atlas Van Lines ile ya\u015fad\u0131\u011f\u0131m\u0131z harika deneyimden sonra bir sat\u0131r yazmak istedim.\"<\/em> - Shahram arac\u0131l\u0131\u011f\u0131yla <a href=\"https:\/\/www.consumeraffairs.com\/movers\/atlas.html\" target=\"_blank\" rel=\"noopener\">T\u00fcketici \u0130\u015fleri<\/a><\/li>\n<li> <em>\"Atlas Van Lines'\u0131n ta\u015f\u0131nmam s\u0131ras\u0131nda sa\u011flad\u0131\u011f\u0131 hizmetlerden daha mutlu olamazd\u0131m. <a href=\"https:\/\/moverdb.com\/tr\/houstona-tasinma\/\">Houston<\/a>. Berbat hava ko\u015fullar\u0131na ra\u011fmen mobilyalar\u0131m zaman\u0131nda ula\u015ft\u0131.\"<\/em> Katelyn arac\u0131l\u0131\u011f\u0131yla <a href=\"http:\/\/www.yelp.co.uk\/biz\/atlas-van-lines-evansville-2?hrid=zrPxDQ8O1DE0pKFgOYoQzA&#038;utm_campaign=www_review_share_popup&#038;utm_medium=copy_link&#038;utm_source=(direct)\" target=\"_blank\" rel=\"noopener\">Yelp<\/a><\/li>\n<\/ul>\n<p><strong>Negatif<\/strong><\/p>\n<ul>\n<li> <em>\"K\u00fc\u00e7\u00fck k\u0131zlar\u0131m\u0131z\u0131n bebeklik defteri gitti, yeri doldurulamaz.\"<\/em> - Ruth arac\u0131l\u0131\u011f\u0131yla <a href=\"http:\/\/www.atlasvanlines.com\/moving-company-reviews\/\" target=\"_blank\" rel=\"noopener\">Atlas Van Lines inceleme sayfas\u0131<\/a><\/li>\n<li> <em>\"Atlas en k\u00f6t\u00fcs\u00fc. \u015eu anda onlarla askeri bir ta\u015f\u0131nman\u0131n ortas\u0131nday\u0131z, bu y\u00fczden se\u00e7im yapamad\u0131k. \u015eirket hakk\u0131nda korkun\u00e7 yorumlar okuduktan sonra endi\u015felendim, ancak askeri bir aile olarak fedakarl\u0131k yapan ve \u00fclkelerine hizmet edenlerle ilgilenmek i\u00e7in ellerinden geleni yapacaklar\u0131n\u0131 d\u00fc\u015f\u00fcnd\u00fcm. Ancak durum b\u00f6yle olmad\u0131.\"<\/em> - Chrstine arac\u0131l\u0131\u011f\u0131yla <a href=\"http:\/\/moving-companies.credio.com\/l\/6\/Atlas-Van-Lines-Inc#review\/532419\" target=\"_blank\" rel=\"noopener\">Credio<\/a><\/li>\n<li> <em>\"Atlas'\u0131 ve Kanadal\u0131 acenteleri AMJ Campbell'\u0131 ger\u00e7ekten sevmek istiyordum.  Bana verilen tekliflerin ortas\u0131ndayd\u0131lar, ne \u00e7ok y\u00fcksek ne de \u00e7ok d\u00fc\u015f\u00fck. Bir y\u0131l \u00f6nce benzer bir uluslararas\u0131 ta\u015f\u0131nma ger\u00e7ekle\u015ftiren bir arkada\u015f\u0131m taraf\u0131ndan tavsiye edilmi\u015flerdi. Ancak bir\u00e7ok konuda ba\u015far\u0131s\u0131z oldular.\"<\/em>- Irene A. arac\u0131l\u0131\u011f\u0131yla <a href=\"http:\/\/www.yelp.co.uk\/biz\/atlas-van-lines-evansville-2?hrid=bDSbnk9dU-dvtTPUKtGOyA&#038;utm_campaign=www_review_share_popup&#038;utm_medium=copy_link&#038;utm_source=(direct)\" target=\"_blank\" rel=\"noopener\">Yelp<\/a><\/li>\n<li> <em>\"Nakliyeciler e\u015fyalar\u0131m\u0131 21 g\u00fcn ge\u00e7 teslim ettiler.\"<\/em> - James arac\u0131l\u0131\u011f\u0131yla <a href=\"http:\/\/www.mymovingreviews.com\/movingreviews\/another-victim-49405\" target=\"_blank\" rel=\"noopener\">MyMovingReviews<\/a><\/li>\n<li> <em>\"Yak\u0131n zamanda ATLAS van lines \u015firketini kulland\u0131k ve bu \u015firketi kimseye tavsiye etmiyoruz. K\u00fc\u00e7\u00fck ta\u015f\u0131nma ve teslimat hizmetimiz i\u00e7in $7,000'den daha az bir fiyat teklifi ald\u0131k. Sonunda $12,000'in \u00fczerinde \u00f6deme yapt\u0131k ve ard\u0131ndan bir DROP-OFF hizmeti ald\u0131k.\"<\/em> Noreen arac\u0131l\u0131\u011f\u0131yla <a href=\"https:\/\/www.consumeraffairs.com\/movers\/atlas.html\" target=\"_blank\" rel=\"noopener\">T\u00fcketici \u0130\u015fleri<\/a><\/li>\n<\/ul>\n<div itemprop=\"review\" itemscope itemtype=\"http:\/\/schema.org\/Review\">\n<span itemprop=\"author\" itemscope=\"\" itemtype=\"http:\/\/schema.org\/Organization\"><span itemprop=\"name\">MoverDB.com<\/span><\/span> \u00c7evrimi\u00e7i Web Sitesi \u0130ncelemesi i\u00e7in <span itemprop=\"itemreviewed\" itemscope=\"\" itemtype=\"http:\/\/schema.org\/Brand\"><span itemprop=\"name\">Atlas Uluslararas\u0131<\/span><\/span>:<\/p>\n<ol>\n<li> Web sitesinde a\u00e7\u0131k ileti\u015fim bilgileri (telefon numaras\u0131 dahil): <strong>Evet<\/strong><\/li>\n<li> Almas\u0131 kolay <a href=\"https:\/\/moverdb.com\/tr\/alintilar\/\">uluslararas\u0131 ta\u015f\u0131ma teklifleri<\/a>? (\u00c7evrimi\u00e7i tahmin talep formu): <strong>Evet<\/strong><\/li>\n<li> Web sitesinde net bilgiler: <strong>K\u0131smi.<\/strong> Web sitesi pek \u00e7ok faydal\u0131 bilgi i\u00e7ermekle birlikte, \u00f6zellikle iyi bir \u015fekilde d\u00fczenlenmemi\u015ftir. Dahas\u0131, mobil cihazlarda tam olarak duyarl\u0131 de\u011fil.<\/li>\n<li> Uluslararas\u0131 tan\u0131nm\u0131\u015f ta\u015f\u0131ma organizasyonlar\u0131na \u00fcyelik: <strong>Evet<\/strong>, 12 (yukar\u0131ya bak\u0131n\u0131z)<\/li>\n<li> M\u00fc\u015fterilerin listesi ve\/veya \u00f6nceki m\u00fc\u015fteri referanslar\u0131: <strong>K\u0131smi.<\/strong> Web sitesi boyunca da\u011f\u0131lm\u0131\u015f baz\u0131 referanslar olsa da, hepsini g\u00f6r\u00fcnt\u00fcleyebilece\u011finiz tek bir yer yok. Ayr\u0131ca, kurumsal ta\u015f\u0131nmalar alt\u0131nda bir m\u00fc\u015fteri b\u00f6l\u00fcm\u00fc olmas\u0131na ra\u011fmen hi\u00e7bir m\u00fc\u015fteriden ismen bahsedilmemektedir.<\/li>\n<\/ol>\n<div itemprop=\"reviewRating\" itemscope itemtype=\"http:\/\/schema.org\/Rating\"><meta itemprop=\"worstRating\" content = \"0\" \/><meta itemprop=\"bestRating\" content=\"5\" \/><meta itemprop=\"ratingValue\" content=\"4\"><\/div>\n<p><strong>Genel puan: 4\/5<\/strong><br \/>\n<strong>\u0130nceleme Tarihi:<\/strong> <span itemprop=\"datePublished\" content=\"2016-04-21\">21\/04\/2016<\/span>\n<\/div>\n<p>Hakk\u0131nda daha fazlas\u0131n\u0131 okuyun <a href=\"https:\/\/moverdb.com\/tr\/tasinma-si%cc%87rketleri%cc%87\/\">uluslararas\u0131 ta\u015f\u0131ma \u015firketleri<\/a>, <a href=\"https:\/\/moverdb.com\/tr\/us-canada-movers\/\">ABD merkezli ta\u015f\u0131ma \u015firketleri<\/a> ve bizim <a href=\"https:\/\/moverdb.com\/tr\/yorumlar\/\">i\u0307nceleme s\u00fcreci\u0307 a\u00e7iklandi<\/a>.<\/p>\n<p><strong>Web sitesi:<\/strong> <a href=\"https:\/\/www.atlasvanlines.com\/international-movers\" target=\"_blank\" rel=\"noopener\">https:\/\/www.atlasvanlines.com\/international-movers<\/a><\/p>","protected":false},"excerpt":{"rendered":"<p>Atlas Van Lines International offers the following services for people moving abroad. You can also view a company profile and read reviews below: Personal and Corporate moves: Transportation Services Global door-to-door household goods transportation Ocean &#038; air freight Automobiles and boats Project freight (exhibits and displays) Relocation Services Program administration &#038; support Policy development Consulting [&hellip;]<\/p>\n","protected":false},"author":1,"featured_media":0,"parent":0,"menu_order":0,"comment_status":"closed","ping_status":"closed","template":"","meta":{"_genesis_hide_title":false,"_genesis_hide_breadcrumbs":false,"_genesis_hide_singular_image":false,"_genesis_hide_footer_widgets":false,"_genesis_custom_body_class":"","_genesis_custom_post_class":"","_genesis_layout":"","footnotes":""},"class_list":{"0":"post-246","1":"page","2":"type-page","3":"status-publish","5":"entry"},"_links":{"self":[{"href":"https:\/\/moverdb.com\/tr\/wp-json\/wp\/v2\/pages\/246","targetHints":{"allow":["GET"]}}],"collection":[{"href":"https:\/\/moverdb.com\/tr\/wp-json\/wp\/v2\/pages"}],"about":[{"href":"https:\/\/moverdb.com\/tr\/wp-json\/wp\/v2\/types\/page"}],"author":[{"embeddable":true,"href":"https:\/\/moverdb.com\/tr\/wp-json\/wp\/v2\/users\/1"}],"replies":[{"embeddable":true,"href":"https:\/\/moverdb.com\/tr\/wp-json\/wp\/v2\/comments?post=246"}],"version-history":[{"count":29,"href":"https:\/\/moverdb.com\/tr\/wp-json\/wp\/v2\/pages\/246\/revisions"}],"predecessor-version":[{"id":6178,"href":"https:\/\/moverdb.com\/tr\/wp-json\/wp\/v2\/pages\/246\/revisions\/6178"}],"wp:attachment":[{"href":"https:\/\/moverdb.com\/tr\/wp-json\/wp\/v2\/media?parent=246"}],"curies":[{"name":"wp","href":"https:\/\/api.w.org\/{rel}","templated":true}]}}