{"id":225,"date":"2016-03-28T16:58:52","date_gmt":"2016-03-28T16:58:52","guid":{"rendered":"http:\/\/moverdb.com\/?page_id=225"},"modified":"2026-01-08T14:47:25","modified_gmt":"2026-01-08T14:47:25","slug":"hakkinda","status":"publish","type":"page","link":"https:\/\/moverdb.com\/tr\/about\/","title":{"rendered":"Hakk\u0131nda"},"content":{"rendered":"<p>MoverDB.com size a\u015fa\u011f\u0131dakiler hakk\u0131nda tarafs\u0131z bilgi vermek i\u00e7in kurulmu\u015ftur <a href=\"https:\/\/moverdb.com\/tr\/moving-companies\/\" data-internallinksmanager029f6b8e52c=\"79\" title=\"\u00c7evrimi\u00e7i En \u0130yi 25 Uluslararas\u0131 Nakliye \u015eirketi\">uluslararas\u0131 ta\u015f\u0131ma \u015firketleri<\/a> ve deniza\u015f\u0131r\u0131 \u00fclkelere ta\u015f\u0131nmayla ilgili maliyetler. <\/p>\n<p>Size yard\u0131mc\u0131 olmak i\u00e7in, ba\u015flaman\u0131za yard\u0131mc\u0131 olacak baz\u0131 kullan\u0131\u015fl\u0131 k\u0131lavuzlar haz\u0131rlad\u0131k. Hakk\u0131nda bilgi edinebilirsiniz:<\/p>\n<ul>\n<li> <a href=\"https:\/\/moverdb.com\/tr\/konteyner-tasimaciligi\/\">Uluslararas\u0131 Konteyner Nakliye Fiyatlar\u0131<\/a><\/li>\n<li> <a href=\"https:\/\/moverdb.com\/tr\/tasinma-si%cc%87rketleri%cc%87\/\">\u00c7evrimi\u00e7i En \u0130yi 25 Uluslararas\u0131 Nakliye \u015eirketi<\/a><\/li>\n<li> <a href=\"https:\/\/moverdb.com\/tr\/nakli%cc%87ye-si%cc%87rketleri%cc%87\/\">En \u0130yi 20 Uluslararas\u0131 Nakliye \u015eirketi<\/a><\/li>\n<li> <a href=\"https:\/\/moverdb.com\/tr\/uluslararasi-tasimalar\/\">Uluslararas\u0131 Ta\u015f\u0131malar: Birle\u015fik Krall\u0131k'taki En \u0130yi 12 \u015eirket<\/a><\/li>\n<li> <a href=\"https:\/\/moverdb.com\/tr\/tasinma-maliyetleri\/\">Uluslararas\u0131 Ta\u015f\u0131nma Maliyetleri: G\u00f6rmezden Gelemeyece\u011finiz 9 \u015eey<\/a><\/li>\n<li> <a href=\"https:\/\/moverdb.com\/tr\/yuk-i%cc%87leti%cc%87ci%cc%87si%cc%87\/\">Freight Forwarder &amp; NVOCC Uluslararas\u0131 Maliyet ve \u015eirketler Rehberi<\/a><\/li>\n<li> <a href=\"https:\/\/moverdb.com\/tr\/alintilar\/\">Uluslararas\u0131 Ta\u015f\u0131nma Fiyatlar\u0131: Ta\u015f\u0131mac\u0131n\u0131z\u0131 Kar\u015f\u0131la\u015ft\u0131rman\u0131n 12 Yolu<\/a><\/li>\n<\/ul>\n<p>Ayr\u0131ca, sayfan\u0131n \u00fcst k\u0131sm\u0131ndaki formu kullanarak en fazla 6 uluslararas\u0131 ta\u015f\u0131ma \u015firketinden fiyat teklifi isteyebilece\u011finizi de belirtmek isteriz. Biz \u015fu \u015firketlerle ortakl\u0131k yapt\u0131k <a href=\"https:\/\/moverdb.com\/tr\/international-removals\/\" data-internallinksmanager029f6b8e52c=\"27\" title=\"36 \u0130ngiltere&#039;deki En \u0130yi Uluslararas\u0131 Nakliye \u015eirketleri\">Uluslararas\u0131 Ta\u015f\u0131malar<\/a> D\u00fcnyan\u0131n en iyi \u015firketlerinden baz\u0131lar\u0131yla e\u015fle\u015ftirildi\u011finizden emin olman\u0131za yard\u0131mc\u0131 olmak i\u00e7in do\u011frudan. <\/p>\n<p>Sitemizde g\u00f6rmek istedi\u011finiz bir \u015fey varsa, l\u00fctfen \u00e7ekinmeyin <a href=\"https:\/\/moverdb.com\/tr\/iletisim-us\/\">Bize ula\u015f\u0131n<\/a>.<\/p>","protected":false},"excerpt":{"rendered":"<p>MoverDB.com was set-up to give you unbiased information about international moving companies and the costs associated with moving overseas. To help you we&#8217;ve created some handy guides to get you started. You can find out about: International Container Shipping Rates Top 25 International Moving Companies Online Top 20 International Shipping Companies International Removals: Top 12 [&hellip;]<\/p>\n","protected":false},"author":1,"featured_media":0,"parent":0,"menu_order":0,"comment_status":"closed","ping_status":"closed","template":"","meta":{"_genesis_hide_title":false,"_genesis_hide_breadcrumbs":false,"_genesis_hide_singular_image":false,"_genesis_hide_footer_widgets":false,"_genesis_custom_body_class":"","_genesis_custom_post_class":"","_genesis_layout":"","footnotes":""},"class_list":{"0":"post-225","1":"page","2":"type-page","3":"status-publish","5":"entry"},"_links":{"self":[{"href":"https:\/\/moverdb.com\/tr\/wp-json\/wp\/v2\/pages\/225","targetHints":{"allow":["GET"]}}],"collection":[{"href":"https:\/\/moverdb.com\/tr\/wp-json\/wp\/v2\/pages"}],"about":[{"href":"https:\/\/moverdb.com\/tr\/wp-json\/wp\/v2\/types\/page"}],"author":[{"embeddable":true,"href":"https:\/\/moverdb.com\/tr\/wp-json\/wp\/v2\/users\/1"}],"replies":[{"embeddable":true,"href":"https:\/\/moverdb.com\/tr\/wp-json\/wp\/v2\/comments?post=225"}],"version-history":[{"count":4,"href":"https:\/\/moverdb.com\/tr\/wp-json\/wp\/v2\/pages\/225\/revisions"}],"predecessor-version":[{"id":5337,"href":"https:\/\/moverdb.com\/tr\/wp-json\/wp\/v2\/pages\/225\/revisions\/5337"}],"wp:attachment":[{"href":"https:\/\/moverdb.com\/tr\/wp-json\/wp\/v2\/media?parent=225"}],"curies":[{"name":"wp","href":"https:\/\/api.w.org\/{rel}","templated":true}]}}