{"id":17398,"date":"2024-07-03T09:10:49","date_gmt":"2024-07-03T09:10:49","guid":{"rendered":"https:\/\/moverdb.com\/?page_id=17398"},"modified":"2026-01-08T13:18:45","modified_gmt":"2026-01-08T13:18:45","slug":"u-haul-cost","status":"publish","type":"page","link":"https:\/\/moverdb.com\/tr\/u-haul-cost\/","title":{"rendered":"U-Haul'un Maliyeti Ne Kadar? 2024 Tasarruf Rehberi"},"content":{"rendered":"<figure class=\"wp-block-image size-full\"><img loading=\"lazy\" decoding=\"async\" width=\"1000\" height=\"667\" src=\"https:\/\/moverdb.com\/wp-content\/uploads\/u-haul-moving-1.jpg\" alt=\"\" class=\"wp-image-11040\" srcset=\"https:\/\/moverdb.com\/wp-content\/uploads\/u-haul-moving-1.jpg 1000w, https:\/\/moverdb.com\/wp-content\/uploads\/u-haul-moving-1-300x200.jpg 300w, https:\/\/moverdb.com\/wp-content\/uploads\/u-haul-moving-1-18x12.jpg 18w, https:\/\/moverdb.com\/wp-content\/uploads\/u-haul-moving-1-600x400.jpg 600w\" sizes=\"auto, (max-width: 1000px) 100vw, 1000px\" \/><\/figure>\r\n\r\n\r\n\r\n<p>U-Haul, kendin yap nakliyecileri aras\u0131nda pop\u00fcler bir se\u00e7im olmaya devam ediyor, ancak ger\u00e7ekte ne kadara mal oluyor? Bu makalede, U-Haul'un fiyatland\u0131rma modellerini inceleyecek, toplam maliyete katk\u0131da bulunan \u00e7e\u015fitli fakt\u00f6rlere bakacak ve sizi t\u00fcm \u00f6nemli, uygun maliyetli ta\u015f\u0131nma ipu\u00e7lar\u0131yla ba\u015f ba\u015fa b\u0131rakaca\u011f\u0131z.<\/p>\r\n\r\n\r\n\r\n<p>Rehberimiz a\u015fa\u011f\u0131dakileri kapsayacakt\u0131r:<\/p>\r\n\r\n\r\n\r\n<ul class=\"wp-block-list\">\r\n<li>U-Haul'un maliyeti ne kadar<\/li>\r\n\r\n\r\n\r\n<li>U-Haul'un maliyetini ne etkiler?<\/li>\r\n\r\n\r\n\r\n<li>U-Haul'da nas\u0131l tasarruf edilir<\/li>\r\n\r\n\r\n\r\n<li>U-Haul kullan\u0131m\u0131na neler dahildir<\/li>\r\n\r\n\r\n\r\n<li>U-Haul'un sizin i\u00e7in en iyi se\u00e7im olup olmad\u0131\u011f\u0131n\u0131 nas\u0131l anlars\u0131n\u0131z?<\/li>\r\n\r\n\r\n\r\n<li>U-Haul nas\u0131l bulunur ve kiralan\u0131r<\/li>\r\n<\/ul>\r\n\r\n\r\n\r\n<p>Maliyetleri d\u00fc\u015f\u00fck tutmak ve evinizi ta\u015f\u0131mak i\u00e7in kendin yap y\u00f6ntemini kullanmak istiyorsan\u0131z, U-Haul kullanmak harika bir y\u00f6ntem olabilir. Ba\u015flayal\u0131m.<\/p>\r\n\r\n\r\n\r\n<div id=\"ez-toc-container\" class=\"ez-toc-v2_0_82_2 ez-toc-wrap-left counter-hierarchy ez-toc-counter ez-toc-transparent ez-toc-container-direction\">\n<div class=\"ez-toc-title-container\">\n<p class=\"ez-toc-title\" style=\"cursor:inherit\">B\u00f6l\u00fcmler<\/p>\n<span class=\"ez-toc-title-toggle\"><a href=\"#\" class=\"ez-toc-pull-right ez-toc-btn ez-toc-btn-xs ez-toc-btn-default ez-toc-toggle\" aria-label=\"\u0130\u00e7indekiler Tablosunu A\u00e7\/Kapat\"><span class=\"ez-toc-js-icon-con\"><span class=\"\"><span class=\"eztoc-hide\" style=\"display:none;\">Ge\u00e7i\u015f<\/span><span class=\"ez-toc-icon-toggle-span\"><svg style=\"fill: #999;color:#999\" xmlns=\"http:\/\/www.w3.org\/2000\/svg\" class=\"list-377408\" width=\"20px\" height=\"20px\" viewbox=\"0 0 24 24\" fill=\"none\"><path d=\"M6 6H4v2h2V6zm14 0H8v2h12V6zM4 11h2v2H4v-2zm16 0H8v2h12v-2zM4 16h2v2H4v-2zm16 0H8v2h12v-2z\" fill=\"currentColor\"><\/path><\/svg><svg style=\"fill: #999;color:#999\" class=\"arrow-unsorted-368013\" xmlns=\"http:\/\/www.w3.org\/2000\/svg\" width=\"10px\" height=\"10px\" viewbox=\"0 0 24 24\" version=\"1.2\" baseprofile=\"tiny\"><path d=\"M18.2 9.3l-6.2-6.3-6.2 6.3c-.2.2-.3.4-.3.7s.1.5.3.7c.2.2.4.3.7.3h11c.3 0 .5-.1.7-.3.2-.2.3-.5.3-.7s-.1-.5-.3-.7zM5.8 14.7l6.2 6.3 6.2-6.3c.2-.2.3-.5.3-.7s-.1-.5-.3-.7c-.2-.2-.4-.3-.7-.3h-11c-.3 0-.5.1-.7.3-.2.2-.3.5-.3.7s.1.5.3.7z\"\/><\/svg><\/span><\/span><\/span><\/a><\/span><\/div>\n<nav><ul class='ez-toc-list ez-toc-list-level-1 eztoc-toggle-hide-by-default' ><li class='ez-toc-page-1 ez-toc-heading-level-2'><a class=\"ez-toc-link ez-toc-heading-1\" href=\"https:\/\/moverdb.com\/tr\/u-haul-cost\/#How_Much_Does_U-Haul_Cost\" >U-Haul'un Maliyeti Ne Kadar?<\/a><\/li><li class='ez-toc-page-1 ez-toc-heading-level-2'><a class=\"ez-toc-link ez-toc-heading-2\" href=\"https:\/\/moverdb.com\/tr\/u-haul-cost\/#What_Affects_the_Cost_of_U-Haul\" >U-Haul Maliyetini Ne Etkiler?<\/a><\/li><li class='ez-toc-page-1 ez-toc-heading-level-2'><a class=\"ez-toc-link ez-toc-heading-3\" href=\"https:\/\/moverdb.com\/tr\/u-haul-cost\/#How_Can_I_Save_Money_on_U-Haul\" >U-Haul'dan Nas\u0131l Tasarruf Edebilirim?<\/a><\/li><li class='ez-toc-page-1 ez-toc-heading-level-2'><a class=\"ez-toc-link ez-toc-heading-4\" href=\"https:\/\/moverdb.com\/tr\/u-haul-cost\/#Whats_Involved_in_Hiring_a_U-Haul\" >Bir U-Haul Kiralamak Neleri \u0130\u00e7erir?<\/a><\/li><li class='ez-toc-page-1 ez-toc-heading-level-2'><a class=\"ez-toc-link ez-toc-heading-5\" href=\"https:\/\/moverdb.com\/tr\/u-haul-cost\/#Is_a_U-Haul_the_Best_Choice_for_Me\" >U-Haul Benim \u0130\u00e7in En \u0130yi Se\u00e7im mi?<\/a><\/li><li class='ez-toc-page-1 ez-toc-heading-level-2'><a class=\"ez-toc-link ez-toc-heading-6\" href=\"https:\/\/moverdb.com\/tr\/u-haul-cost\/#Final_Checklist\" >Son Kontrol Listesi<\/a><\/li><li class='ez-toc-page-1 ez-toc-heading-level-2'><a class=\"ez-toc-link ez-toc-heading-7\" href=\"https:\/\/moverdb.com\/tr\/u-haul-cost\/#Frequently_Asked_Questions\" >S\u0131k\u00e7a Sorulan Sorular<\/a><ul class='ez-toc-list-level-3' ><li class='ez-toc-heading-level-3'><a class=\"ez-toc-link ez-toc-heading-8\" href=\"https:\/\/moverdb.com\/tr\/u-haul-cost\/#How_Do_I_Reserve_a_U-Haul_Truck\" >Bir U-Haul Kamyonunu Nas\u0131l Ay\u0131rtabilirim?<\/a><\/li><li class='ez-toc-page-1 ez-toc-heading-level-3'><a class=\"ez-toc-link ez-toc-heading-9\" href=\"https:\/\/moverdb.com\/tr\/u-haul-cost\/#What_Do_I_Need_to_Bring_for_Pickup\" >Teslim Almak \u0130\u00e7in Ne Getirmem Gerekiyor?<\/a><\/li><li class='ez-toc-page-1 ez-toc-heading-level-3'><a class=\"ez-toc-link ez-toc-heading-10\" href=\"https:\/\/moverdb.com\/tr\/u-haul-cost\/#Can_I_Extend_My_Rental_Period\" >Kiralama S\u00fcremi Uzatabilir miyim?<\/a><\/li><li class='ez-toc-page-1 ez-toc-heading-level-3'><a class=\"ez-toc-link ez-toc-heading-11\" href=\"https:\/\/moverdb.com\/tr\/u-haul-cost\/#What_Should_I_Do_if_I_Encounter_Issues_During_the_Rental\" >Kiralama S\u0131ras\u0131nda Sorunlarla Kar\u015f\u0131la\u015f\u0131rsam Ne Yapmal\u0131y\u0131m?<\/a><\/li><\/ul><\/li><\/ul><\/nav><\/div>\n<h2 class=\"wp-block-heading\"><span class=\"ez-toc-section\" id=\"How_Much_Does_U-Haul_Cost\"><\/span><strong>U-Haul'un Maliyeti Ne Kadar?<\/strong><span class=\"ez-toc-section-end\"><\/span><\/h2>\r\n\r\n\r\n\r\n<p>Ta\u015f\u0131nma sekt\u00f6r\u00fcnde tan\u0131nm\u0131\u015f bir isim olan U-Haul, ara\u00e7 kiralaman\u0131n yan\u0131 s\u0131ra konteyner ta\u015f\u0131ma hizmetleri de sunmaktad\u0131r. Geleneksel kamyon kiralamayla \u00f6zde\u015fle\u015fmi\u015f olsalar da, konteyner hizmetleri ev ta\u015f\u0131mak i\u00e7in alternatif bir \u00e7\u00f6z\u00fcm sunuyor.<\/p>\r\n\r\n\r\n\r\n<p>U-Haul'un marka bilinirli\u011fi ve \u00fclke \u00e7ap\u0131nda kullan\u0131labilirli\u011fi, rakiplerine k\u0131yasla daha y\u00fcksek fiyat noktas\u0131na katk\u0131da bulunur. Ba\u015flang\u0131\u00e7 olarak, U-Haul kiralaman\u0131n ortalama maliyetine bir g\u00f6z atal\u0131m.<\/p>\r\n\r\n\r\n\n<table id=\"tablepress-360\" class=\"tablepress tablepress-id-360\">\n<thead>\n<tr class=\"row-1\">\n\t<th class=\"column-1\">Mesafe<\/th><th class=\"column-2\">Tahmini Maliyet<\/th>\n<\/tr>\n<\/thead>\n<tbody class=\"row-striping row-hover\">\n<tr class=\"row-2\">\n\t<td class=\"column-1\">50 mil<\/td><td class=\"column-2\">Mil ba\u015f\u0131na $25 + $0,99<\/td>\n<\/tr>\n<tr class=\"row-3\">\n\t<td class=\"column-1\">450 mil<\/td><td class=\"column-2\">$600+<\/td>\n<\/tr>\n<tr class=\"row-4\">\n\t<td class=\"column-1\">1,000+ mil<\/td><td class=\"column-2\">$1,600 ila $2,300+<\/td>\n<\/tr>\n<\/tbody>\n<\/table>\n<!-- #tablepress-360 from cache -->\n\r\n\r\n\r\n<p>50 millik k\u0131sa bir yolculuk i\u00e7in maliyet kiralama i\u00e7in yakla\u015f\u0131k $25 ve mil ba\u015f\u0131na $0.99'dur. Kat edilen toplam mesafeye ba\u011fl\u0131 olarak 1.000 milin \u00fczerindeki daha b\u00fcy\u00fck yolculuklar\u0131n maliyeti $1.600 ila $2.300 aras\u0131nda de\u011fi\u015febilir.<\/p>\r\n\r\n\r\n\r\n<p>Maliyet kar\u015f\u0131la\u015ft\u0131rmam\u0131z i\u00e7in, farkl\u0131 DIY ara\u00e7 kiralama ve depolama birimi tedarik\u00e7ilerine bakarak fiyatlar\u0131n\u0131 kar\u015f\u0131la\u015ft\u0131raca\u011f\u0131z ve size ta\u015f\u0131ma hizmetleri kiralamak istedi\u011finizde kar\u015f\u0131la\u015faca\u011f\u0131n\u0131z maliyetler hakk\u0131nda \u00e7ok y\u00f6nl\u00fc bir fikir verece\u011fiz.<\/p>\r\n\r\n\r\n\n<table id=\"tablepress-359\" class=\"tablepress tablepress-id-359\">\n<thead>\n<tr class=\"row-1\">\n\t<th class=\"column-1\">Hizmet Sa\u011flay\u0131c\u0131<\/th><th class=\"column-2\">Ortalama Konteyner\/Ara\u00e7 Kiralama Fiyat\u0131<\/th>\n<\/tr>\n<\/thead>\n<tbody class=\"row-striping row-hover\">\n<tr class=\"row-2\">\n\t<td class=\"column-1\">PODLAR<\/td><td class=\"column-2\">$6,100+<\/td>\n<\/tr>\n<tr class=\"row-3\">\n\t<td class=\"column-1\">U-Pack<\/td><td class=\"column-2\">$3,000+<\/td>\n<\/tr>\n<tr class=\"row-4\">\n\t<td class=\"column-1\">1-800-PACK-RAT<\/td><td class=\"column-2\">$3,000+<\/td>\n<\/tr>\n<tr class=\"row-5\">\n\t<td class=\"column-1\">zippyshell<\/td><td class=\"column-2\">$2,900+<\/td>\n<\/tr>\n<tr class=\"row-6\">\n\t<td class=\"column-1\">U-Haul<\/td><td class=\"column-2\">$3,500+<\/td>\n<\/tr>\n<tr class=\"row-7\">\n\t<td class=\"column-1\">SMARTBOX<\/td><td class=\"column-2\">$3,100+<\/td>\n<\/tr>\n<tr class=\"row-8\">\n\t<td class=\"column-1\">U-Box<\/td><td class=\"column-2\">$3,700+ (ara\u00e7 kiralama ve kutu dahil)<\/td>\n<\/tr>\n<\/tbody>\n<\/table>\n<!-- #tablepress-359 from cache -->\n\r\n\r\n\r\n<p>Di\u011fer tedarik\u00e7ilerin fiyat aral\u0131\u011f\u0131 en d\u00fc\u015f\u00fck $2,900 ile spektrumun \u00fcst ucunda $6,100+ aras\u0131nda de\u011fi\u015fiyor.<\/p>\r\n\r\n\r\n\r\n<h2 class=\"wp-block-heading\"><span class=\"ez-toc-section\" id=\"What_Affects_the_Cost_of_U-Haul\"><\/span><strong>U-Haul Maliyetini Ne Etkiler?<\/strong><span class=\"ez-toc-section-end\"><\/span><\/h2>\r\n\r\n\r\n\r\n<p>Art\u0131k U-Haul kiralama ile ilgili baz\u0131 fiyatlar\u0131 biliyoruz, \u015fimdi maliyetleri etkileyebilece\u011finiz yollar\u0131 inceleyelim, b\u00f6ylece i\u015fe koyulmadan \u00f6nce ger\u00e7eklerin fark\u0131nda olursunuz.<\/p>\r\n\r\n\r\n\r\n<p><strong>Hareket Mesafesi<\/strong><\/p>\r\n\r\n\r\n\r\n<p>Tahmin edebilece\u011finiz gibi, kiralad\u0131\u011f\u0131n\u0131z U-Haul kamyonla seyahat etmeyi planlad\u0131\u011f\u0131n\u0131z mesafe maliyeti \u00f6nemli \u00f6l\u00e7\u00fcde etkiler. Daha uzun mesafeler, artan benzin t\u00fcketimi ve ara\u00e7taki a\u015f\u0131nma nedeniyle genellikle daha y\u00fcksek kiralama \u00fccretlerine yol a\u00e7ar.<\/p>\r\n\r\n\r\n\r\n<p><strong>Kamyon Boyutu ve Tipi<\/strong><\/p>\r\n\r\n\r\n\r\n<p>Se\u00e7ti\u011finiz U-Haul kamyonun boyutu ve t\u00fcr\u00fc kiralama maliyetini etkileyecektir. Daha fazla kargo alan\u0131na sahip daha b\u00fcy\u00fck kamyonlar, daha k\u00fc\u00e7\u00fck se\u00e7eneklere k\u0131yasla genellikle daha y\u00fcksek bir kiralama fiyat\u0131na sahiptir.<\/p>\r\n\r\n\r\n\r\n<p><strong>Kiralama S\u00fcresi<\/strong><\/p>\r\n\r\n\r\n\r\n<p>U-Haul kamyona ihtiya\u00e7 duydu\u011funuz s\u00fcrenin uzunlu\u011fu, ilgili maliyetlerde rol oynar, \u00e7\u00fcnk\u00fc daha uzun kiralama s\u00fcreleri daha y\u00fcksek toplam \u00fccretlerle sonu\u00e7lan\u0131r. U-Haul, birka\u00e7 saatten birden fazla g\u00fcne kadar \u00e7e\u015fitli s\u00fcreler i\u00e7in kiralama se\u00e7enekleri sunarak ki\u015fisel durumunuza uygun bir hizmet bulman\u0131za yard\u0131mc\u0131 olur.<\/p>\r\n\r\n\r\n\r\n<p><strong>Ta\u015f\u0131ma Aksesuarlar\u0131 ve Eklentileri<\/strong><\/p>\r\n\r\n\r\n\r\n<p>Paketleme malzemeleri, \u00e7ekiciler ve mobilya yast\u0131klar\u0131 gibi ek hizmetlerin ve ta\u015f\u0131ma aksesuarlar\u0131n\u0131n se\u00e7ilmesi kiralama maliyetini art\u0131rabilir. Bu ekstralar ta\u015f\u0131nman\u0131z\u0131 kolayla\u015ft\u0131rmaya yard\u0131mc\u0131 olabilir, ancak daha y\u00fcksek masraflara katk\u0131da bulunabilir.<\/p>\r\n\r\n\r\n\r\n<p><strong>Teslim Alma ve Teslim Etme Noktalar\u0131<\/strong><\/p>\r\n\r\n\r\n\r\n<p>U-Haul kiralama i\u00e7in teslim alma ve teslim etme yerleri maliyeti etkiler, \u00e7\u00fcnk\u00fc kiralama \u00fccretleri talebe ve belirli yerlerdeki kamyonlar\u0131n mevcudiyetine g\u00f6re de\u011fi\u015febilir. Fiyatlar tek y\u00f6nl\u00fc ve yerel kiralamalar aras\u0131nda da farkl\u0131l\u0131k g\u00f6sterebilir, bu da dikkate al\u0131nmas\u0131 gereken \u00f6nemli bir husustur.<\/p>\r\n\r\n\r\n\r\n<h2 class=\"wp-block-heading\"><span class=\"ez-toc-section\" id=\"How_Can_I_Save_Money_on_U-Haul\"><\/span><strong>U-Haul'dan Nas\u0131l Tasarruf Edebilirim?<\/strong><span class=\"ez-toc-section-end\"><\/span><\/h2>\r\n\r\n\r\n\r\n<figure class=\"wp-block-image size-full\"><img loading=\"lazy\" decoding=\"async\" width=\"1000\" height=\"667\" src=\"https:\/\/moverdb.com\/wp-content\/uploads\/u-haul-moving-2.jpg\" alt=\"\" class=\"wp-image-11041\" srcset=\"https:\/\/moverdb.com\/wp-content\/uploads\/u-haul-moving-2.jpg 1000w, https:\/\/moverdb.com\/wp-content\/uploads\/u-haul-moving-2-300x200.jpg 300w, https:\/\/moverdb.com\/wp-content\/uploads\/u-haul-moving-2-18x12.jpg 18w, https:\/\/moverdb.com\/wp-content\/uploads\/u-haul-moving-2-600x400.jpg 600w\" sizes=\"auto, (max-width: 1000px) 100vw, 1000px\" \/><\/figure>\r\n\r\n\r\n\r\n<p>Art\u0131k U-Haul'lar\u0131n fiyatlar\u0131n\u0131n nas\u0131l artabilece\u011fini biliyoruz - o halde harcamalar\u0131n\u0131z\u0131 kontrol alt\u0131nda tutmak i\u00e7in baz\u0131 ak\u0131ll\u0131ca hilelerle buna kar\u015f\u0131 koyal\u0131m.<\/p>\r\n\r\n\r\n\r\n<p>M\u00fcmk\u00fcnse daha k\u00fc\u00e7\u00fck bir kamyon tercih edin, \u00e7\u00fcnk\u00fc e\u015fyalar\u0131n\u0131za s\u0131\u011facak ve fazla yer kaplamayacak bir kamyon boyutu se\u00e7mek daha d\u00fc\u015f\u00fck kiralama maliyetleri sa\u011flayabilir. Daha k\u00fc\u00e7\u00fck kamyonlar genellikle daha uygun kiralama \u00fccretleriyle gelir.<\/p>\r\n\r\n\r\n\r\n<p>Kilometreye g\u00f6re kiralama yap\u0131yorsan\u0131z, kat edilen mesafeyi en aza indirmek i\u00e7in var\u0131\u015f noktan\u0131za giden en verimli rotay\u0131 planlay\u0131n. Maliyetleri kontrol alt\u0131nda tutmak i\u00e7in dolamba\u00e7l\u0131 yollardan ve gereksiz kilometre yapmaktan ka\u00e7\u0131n\u0131n.<\/p>\r\n\r\n\r\n\r\n<p>Benzer \u015fekilde, ihtiya\u00e7lar\u0131n\u0131za uygun kiralama s\u00fcresini se\u00e7in. Ta\u015f\u0131nman\u0131z\u0131 daha k\u0131sa bir s\u00fcre i\u00e7inde tamamlayabilirseniz, daha az kira \u00fccreti \u00f6dersiniz - ancak program\u0131n\u0131za ve a\u015f\u0131r\u0131 iyimserli\u011fe dikkat edin, \u00e7\u00fcnk\u00fc gecikme \u00fccretleri uzun bir kiralama s\u00fcresi kadar zararl\u0131 olabilir.<\/p>\r\n\r\n\r\n\r\n<p>Yo\u011fun olmayan sezonlarda veya hafta i\u00e7i ta\u015f\u0131nmak daha d\u00fc\u015f\u00fck kira \u00fccretleriyle sonu\u00e7lanabilir. M\u00fcmk\u00fcnse, potansiyel olarak indirimli fiyatlardan yararlanmak i\u00e7in hafta sonlar\u0131ndan ve yaz gibi en yo\u011fun ta\u015f\u0131nma aylar\u0131ndan ka\u00e7\u0131n\u0131n.<\/p>\r\n\r\n\r\n\r\n<p>Son olarak, U-Haul \u00e7e\u015fitli ta\u015f\u0131ma aksesuarlar\u0131 ve eklentileri sunsa da, yaln\u0131zca <em>ger\u00e7ekten<\/em> \u0130htiya\u00e7. \u00d6zel ekipman gibi gereksiz ekstralar\u0131 atlamak toplam maliyetinizi azaltman\u0131za yard\u0131mc\u0131 olabilir.<\/p>\r\n\r\n\r\n\r\n<h2 class=\"wp-block-heading\"><span class=\"ez-toc-section\" id=\"Whats_Involved_in_Hiring_a_U-Haul\"><\/span><strong>Neleri \u0130\u00e7erir<\/strong> U-Haul mu kiral\u0131yorsunuz?<span class=\"ez-toc-section-end\"><\/span><\/h2>\r\n\r\n\r\n\r\n<figure class=\"wp-block-image size-full\"><img loading=\"lazy\" decoding=\"async\" width=\"1000\" height=\"654\" src=\"https:\/\/moverdb.com\/wp-content\/uploads\/u-haul-moving-3.jpg\" alt=\"\" class=\"wp-image-11042\" srcset=\"https:\/\/moverdb.com\/wp-content\/uploads\/u-haul-moving-3.jpg 1000w, https:\/\/moverdb.com\/wp-content\/uploads\/u-haul-moving-3-300x196.jpg 300w, https:\/\/moverdb.com\/wp-content\/uploads\/u-haul-moving-3-18x12.jpg 18w, https:\/\/moverdb.com\/wp-content\/uploads\/u-haul-moving-3-600x392.jpg 600w\" sizes=\"auto, (max-width: 1000px) 100vw, 1000px\" \/><\/figure>\r\n\r\n\r\n\r\n<p>Bir U-Haul kiralaman\u0131n ilk ad\u0131m\u0131 belki de en zor olan\u0131d\u0131r - e\u015fyalar\u0131n\u0131z i\u00e7in uygun kamyon boyutunu belirlemeniz ve gidece\u011finiz mesafeyi hesaplaman\u0131z gerekir.<\/p>\r\n\r\n\r\n\r\n<p>Kamyon se\u00e7iminizi yapt\u0131ktan sonra, teslim alma konumunu, kiralama s\u00fcresini ve teslim etme konumunu belirterek U-Haul kamyonunu \u00e7evrimi\u00e7i olarak veya telefonla rezerve edebilirsiniz.<\/p>\r\n\r\n\r\n\r\n<p>Planlanan teslim alma g\u00fcn\u00fcnde, ge\u00e7erli bir ehliyet ve rezervasyon i\u00e7in kulland\u0131\u011f\u0131n\u0131z \u00f6deme y\u00f6ntemini yan\u0131n\u0131zda getirdi\u011finizden emin olarak, kiral\u0131k kamyonu almak i\u00e7in se\u00e7ti\u011finiz U-Haul konumuna gidin. Evrak i\u015flerini tamamlad\u0131ktan sonra, U-Haul kamyonunuzun anahtarlar\u0131 size teslim edilecektir.<\/p>\r\n\r\n\r\n\r\n<p>Buradan e\u015fyalar\u0131n\u0131z\u0131 y\u00fckleyebilir, gidece\u011finiz yere kadar s\u00fcrebilir ve daha sonra istedi\u011finiz zaman bo\u015faltabilirsiniz. Kamyonu kullanmay\u0131 bitirdi\u011finizde, kararla\u015ft\u0131r\u0131lan kiralama s\u00fcresi i\u00e7inde belirlenen teslim yerine geri g\u00f6t\u00fcrmeniz yeterlidir.<\/p>\r\n\r\n\r\n\r\n<h2 class=\"wp-block-heading\"><span class=\"ez-toc-section\" id=\"Is_a_U-Haul_the_Best_Choice_for_Me\"><\/span><strong>U-Haul Benim \u0130\u00e7in En \u0130yi Se\u00e7im mi?<\/strong><span class=\"ez-toc-section-end\"><\/span><\/h2>\r\n\r\n\r\n\r\n<p>Yeni ve eski evlerinize gidip gelirken t\u00fcm a\u011f\u0131r i\u015fleri yapmaktan ve araba kullanmaktan ka\u00e7\u0131nmak i\u00e7in her \u015feyi g\u00f6ze almak ve tam hizmetli bir ta\u015f\u0131nma hizmeti almak cazip gelebilir - ancak daha fazla uygulamal\u0131 olmak istiyorsan\u0131z, bir U-Haul kiralamak sizin i\u00e7in harika bir se\u00e7enek olabilir.<\/p>\r\n\r\n\r\n\n<table id=\"tablepress-344\" class=\"tablepress tablepress-id-344\">\n<thead>\n<tr class=\"row-1\">\n\t<th class=\"column-1\">U-Haul'un Avantajlar\u0131<\/th><th class=\"column-2\">U-Haul'un Dezavantajlar\u0131<\/th>\n<\/tr>\n<\/thead>\n<tbody class=\"row-striping row-hover\">\n<tr class=\"row-2\">\n\t<td class=\"column-1\">Ta\u015f\u0131nma s\u00fcreleri ve takvimi \u00fczerinde esneklik<\/td><td class=\"column-2\">Emek yo\u011fun - kendiniz s\u00fcrmek, y\u00fcklemek ve bo\u015faltmak zorundas\u0131n\u0131z<\/td>\n<\/tr>\n<tr class=\"row-3\">\n\t<td class=\"column-1\">Geleneksel tam hizmetli ta\u015f\u0131ma se\u00e7eneklerinden daha ucuz<\/td><td class=\"column-2\">Yolculuk s\u0131ras\u0131nda sigortadan siz sorumlusunuz<\/td>\n<\/tr>\n<tr class=\"row-4\">\n\t<td class=\"column-1\">Ta\u015f\u0131nma s\u00fcreci boyunca g\u00f6z\u00fcn\u00fcz e\u015fyalar\u0131n\u0131z\u0131n \u00fczerinde olabilir<\/td><td class=\"column-2\">Ta\u015f\u0131nma s\u0131ras\u0131nda ara\u00e7ta tamir etmeniz gereken hasarlar meydana gelebilir<\/td>\n<\/tr>\n<\/tbody>\n<\/table>\n<!-- #tablepress-344 from cache -->\n\r\n\r\n\r\n<p>U-Haul kiralaman\u0131n bir numaral\u0131 avantaj\u0131, harcamalar\u0131n\u0131z \u00fczerinde daha fazla kontrol sahibi olman\u0131z\u0131 sa\u011flamas\u0131d\u0131r. E\u015fyalar\u0131n\u0131za uygun kamyon boyutunu se\u00e7ebilir, kiralama s\u00fcresini belirleyebilir ve ekstra hizmetler veya aksesuarlar ekleyip eklemeyece\u011finize karar verebilirsiniz.<\/p>\r\n\r\n\r\n\r\n<p>Ancak a\u011f\u0131r mobilya ve e\u015fyalar\u0131n y\u00fcklenmesi ve bo\u015falt\u0131lmas\u0131 fiziksel olarak zorlay\u0131c\u0131 olabilir. Kald\u0131rma ve ta\u015f\u0131ma konusunda rahat de\u011filseniz veya profesyonel yard\u0131ma ihtiya\u00e7 duyuyorsan\u0131z, ek yard\u0131m alman\u0131z gerekebilir.<\/p>\r\n\r\n\r\n\r\n<h2 class=\"wp-block-heading\"><span class=\"ez-toc-section\" id=\"Final_Checklist\"><\/span><strong>Son Kontrol Listesi<\/strong><span class=\"ez-toc-section-end\"><\/span><\/h2>\r\n\r\n\r\n\r\n<p>Kendiniz yapman\u0131n ve bir U-Haul kullanman\u0131n do\u011fru yol oldu\u011funu d\u00fc\u015f\u00fcn\u00fcyorsan\u0131z, b\u00fcy\u00fck ta\u015f\u0131nman\u0131z s\u00f6z konusu oldu\u011funda her \u015feyin yolunda oldu\u011fundan emin olmak i\u00e7in son kontrol listemizi not etti\u011finizden emin olun.<\/p>\r\n\r\n\r\n\r\n<ul class=\"wp-block-list\">\r\n<li>Tam hizmetli bir ta\u015f\u0131ma ekibinin yard\u0131m\u0131n\u0131 isteyip istemedi\u011finizi veya bunun yerine kendin yap yolunu se\u00e7ip se\u00e7emeyece\u011finizi d\u00fc\u015f\u00fcn\u00fcn<\/li>\r\n\r\n\r\n\r\n<li>E\u015fyalar\u0131n\u0131za bak\u0131n - tasarruf etmek i\u00e7in U-Haul rezervasyonunuzu yapmadan \u00f6nce k\u00fc\u00e7\u00fcltme yapabilir misiniz?<\/li>\r\n\r\n\r\n\r\n<li>Ara\u00e7 yelpazesine g\u00f6z at\u0131n ve y\u00fck hacminize ve ihtiya\u00e7lar\u0131n\u0131za uygun olan\u0131 se\u00e7in<\/li>\r\n\r\n\r\n\r\n<li>Ekstra hizmetlere ihtiyac\u0131n\u0131z var m\u0131? Rezervasyon yapt\u0131rmadan \u00f6nce bunlar\u0131 eklemeyi unutmay\u0131n<\/li>\r\n\r\n\r\n\r\n<li>Tarihlerinizi iki kez kontrol edin ve ta\u015f\u0131nman\u0131z i\u00e7in rezervasyon yapt\u0131r\u0131n!<\/li>\r\n<\/ul>\r\n\r\n\r\n\r\n<h2 class=\"wp-block-heading\"><span class=\"ez-toc-section\" id=\"Frequently_Asked_Questions\"><\/span><strong>S\u0131k\u00e7a Sorulan Sorular<\/strong><span class=\"ez-toc-section-end\"><\/span><\/h2>\r\n\r\n\r\n<div id=\"rank-math-faq\" class=\"rank-math-block\">\n<div class=\"rank-math-list\">\n<div id=\"faq-question-1692200957678\" class=\"rank-math-list-item\">\n<h3 class=\"rank-math-question\"><span class=\"ez-toc-section\" id=\"How_Do_I_Reserve_a_U-Haul_Truck\"><\/span><strong>Bir U-Haul Kamyonunu Nas\u0131l Ay\u0131rtabilirim?<\/strong><span class=\"ez-toc-section-end\"><\/span><\/h3>\n<div class=\"rank-math-answer\">\n\n<p>U-Haul web sitesini ziyaret ederek veya uygulamas\u0131n\u0131 kullanarak bir U-Haul kamyonunu \u00e7evrimi\u00e7i olarak kolayca rezerve edebilirsiniz. Ba\u015flamak i\u00e7in konumunuzu, kiralama tarihinizi ve kamyon boyutu tercihlerinizi girmeniz yeterlidir. <\/p>\n<p>Alternatif olarak, telefonla rezervasyon yapmak ve rezervasyon ayr\u0131nt\u0131lar\u0131n\u0131 g\u00f6r\u00fc\u015fmek i\u00e7in U-Haul'un m\u00fc\u015fteri hizmetlerini arayabilirsiniz.<\/p>\n\n<\/div>\n<\/div>\n<div id=\"faq-question-1692201036551\" class=\"rank-math-list-item\">\n<h3 class=\"rank-math-question\"><span class=\"ez-toc-section\" id=\"What_Do_I_Need_to_Bring_for_Pickup\"><\/span><strong>Teslim Almak \u0130\u00e7in Ne Getirmem Gerekiyor?<\/strong><span class=\"ez-toc-section-end\"><\/span><\/h3>\n<div class=\"rank-math-answer\">\n\n<p>U-Haul kamyonunuzu teslim al\u0131rken ge\u00e7erli bir ehliyet ve rezervasyon i\u00e7in kullan\u0131lan \u00f6deme y\u00f6ntemini yan\u0131n\u0131zda bulundurun. Kiralama biriminiz ek kimlik bilgileri gerektirebilir, bu nedenle en iyisi sa\u011flay\u0131c\u0131n\u0131zla duruma g\u00f6re kontrol etmektir.<\/p>\n\n<\/div>\n<\/div>\n<div id=\"faq-question-1692201050762\" class=\"rank-math-list-item\">\n<h3 class=\"rank-math-question\"><span class=\"ez-toc-section\" id=\"Can_I_Extend_My_Rental_Period\"><\/span><strong>Kiralama S\u00fcremi Uzatabilir miyim?<\/strong><span class=\"ez-toc-section-end\"><\/span><\/h3>\n<div class=\"rank-math-answer\">\n\n<p>Evet, gerekirse kiralama s\u00fcrenizi uzatabilirsiniz. Uzatma konusunu g\u00f6r\u00fc\u015fmek ve gerekli d\u00fczenlemeleri yapmak i\u00e7in U-Haul m\u00fc\u015fteri hizmetleri ile ileti\u015fime ge\u00e7in veya yerel bir kiralama yerini ziyaret edin. <\/p>\n<p>Uzat\u0131lan s\u00fcre i\u00e7in ek kiralama \u00fccretlerinin uygulanabilece\u011fini unutmay\u0131n.<\/p>\n\n<\/div>\n<\/div>\n<div id=\"faq-question-1692201063702\" class=\"rank-math-list-item\">\n<h3 class=\"rank-math-question\"><span class=\"ez-toc-section\" id=\"What_Should_I_Do_if_I_Encounter_Issues_During_the_Rental\"><\/span><strong>Kiralama S\u0131ras\u0131nda Sorunlarla Kar\u015f\u0131la\u015f\u0131rsam Ne Yapmal\u0131y\u0131m?<\/strong><span class=\"ez-toc-section-end\"><\/span><\/h3>\n<div class=\"rank-math-answer\">\n\n<p>Kiralama s\u0131ras\u0131nda U-Haul kamyonunuzla ilgili mekanik sorunlar veya ekipmanla ilgili sorular gibi herhangi bir sorun ya\u015farsan\u0131z, rehberlik ve destek i\u00e7in U-Haul'un yol yard\u0131m\u0131 veya m\u00fc\u015fteri hizmetleri ile ileti\u015fime ge\u00e7in.<\/p>\n<p>Kiral\u0131k kamyonu kullan\u0131rken ya\u015fad\u0131\u011f\u0131n\u0131z her t\u00fcrl\u00fc endi\u015fenin giderilmesine yard\u0131mc\u0131 olmak i\u00e7in destek sa\u011flarlar.<\/p>\n\n<\/div>\n<\/div>\n<\/div>\n<\/div>","protected":false},"excerpt":{"rendered":"<p>U-Haul remains a popular choice among DIY movers, but how much does it actually cost? In this article, we\u2019ll dissect the pricing models of U-Haul, looking at the various factors that contribute to the overall cost &#8211; and leave you with all-important, cost-effective moving tips. Our guide will cover the following: If you fancy keeping [&hellip;]<\/p>\n","protected":false},"author":1,"featured_media":0,"parent":0,"menu_order":0,"comment_status":"closed","ping_status":"closed","template":"","meta":{"_genesis_hide_title":false,"_genesis_hide_breadcrumbs":false,"_genesis_hide_singular_image":false,"_genesis_hide_footer_widgets":false,"_genesis_custom_body_class":"","_genesis_custom_post_class":"","_genesis_layout":"","footnotes":""},"class_list":{"0":"post-17398","1":"page","2":"type-page","3":"status-publish","5":"entry"},"_links":{"self":[{"href":"https:\/\/moverdb.com\/tr\/wp-json\/wp\/v2\/pages\/17398","targetHints":{"allow":["GET"]}}],"collection":[{"href":"https:\/\/moverdb.com\/tr\/wp-json\/wp\/v2\/pages"}],"about":[{"href":"https:\/\/moverdb.com\/tr\/wp-json\/wp\/v2\/types\/page"}],"author":[{"embeddable":true,"href":"https:\/\/moverdb.com\/tr\/wp-json\/wp\/v2\/users\/1"}],"replies":[{"embeddable":true,"href":"https:\/\/moverdb.com\/tr\/wp-json\/wp\/v2\/comments?post=17398"}],"version-history":[{"count":1,"href":"https:\/\/moverdb.com\/tr\/wp-json\/wp\/v2\/pages\/17398\/revisions"}],"predecessor-version":[{"id":17399,"href":"https:\/\/moverdb.com\/tr\/wp-json\/wp\/v2\/pages\/17398\/revisions\/17399"}],"wp:attachment":[{"href":"https:\/\/moverdb.com\/tr\/wp-json\/wp\/v2\/media?parent=17398"}],"curies":[{"name":"wp","href":"https:\/\/api.w.org\/{rel}","templated":true}]}}