{"id":1684,"date":"2017-02-23T19:16:05","date_gmt":"2017-02-23T19:16:05","guid":{"rendered":"http:\/\/moverdb.com\/?page_id=1684"},"modified":"2026-01-08T14:45:54","modified_gmt":"2026-01-08T14:45:54","slug":"1-800-pack-rat","status":"publish","type":"page","link":"https:\/\/moverdb.com\/tr\/1-800-pack-rat\/","title":{"rendered":"1-800-Pack-Rat - Uluslararas\u0131 Ta\u015f\u0131nma Yorumlar\u0131"},"content":{"rendered":"<p>1-800-Pack-Rat, ta\u015f\u0131nma s\u00f6z konusu oldu\u011funda m\u00fc\u015fterilerine kolay bir se\u00e7enek sunuyor. Ayr\u0131nt\u0131lar, bir \u015firket profili ve incelemelerle birlikte a\u015fa\u011f\u0131da listelenmi\u015ftir.<\/p>\n<p><strong>Uzun Mesafe ve Yerel Ta\u015f\u0131malar<\/strong><\/p>\n<ul>\n<li> Konteyneri ta\u015f\u0131nmadan en az 30 g\u00fcn \u00f6nce teslim edin<\/li>\n<li> Konteyneri kendiniz paketleyin veya profesyonel paket\u00e7ilerle \u00e7al\u0131\u015f\u0131n<\/li>\n<li> \u00dccretsiz kesiksiz konteyner kilidi<\/li>\n<li> \u00dccretsiz $10,000 i\u00e7erik korumas\u0131<\/li>\n<li> Uzun ve k\u0131sa depolama se\u00e7ene\u011fi<\/li>\n<li> Konteyner toplama ve var\u0131\u015f yerine teslim<\/li>\n<\/ul>\n<p><strong>Askeri Hareketler<\/strong><\/p>\n<ul>\n<li> Askeri personel ki\u015fisel olarak tedarik edilen bir ta\u015f\u0131nmay\u0131 (PPM) se\u00e7ebilir<\/li>\n<li> Devlet, 95% tutar\u0131ndaki profesyonel <a href=\"https:\/\/moverdb.com\/tr\/tasinma-maliyetleri\/\">ta\u015f\u0131nma masraflar\u0131<\/a><\/li>\n<li> Kap\u0131ya teslim konteyner<\/li>\n<li> Paketlemek i\u00e7in 30 g\u00fcn veya daha fazla<\/li>\n<li> <a href=\"https:\/\/moverdb.com\/tr\/konteyner-tasimaciligi\/\">Konteyner ta\u015f\u0131mac\u0131l\u0131\u011f\u0131<\/a> yeni konuma<\/li>\n<\/ul>\n<p><strong>Depolama<\/strong><\/p>\n<ul>\n<li> 7\/24 video g\u00f6zetimi<\/li>\n<li> Otomatik f\u0131skiyeler<\/li>\n<li> \u0130klim kontroll\u00fc<\/li>\n<li> Kolay saha i\u00e7i eri\u015fim<\/li>\n<li> Sorunsuz teslimat<\/li>\n<\/ul>\n<p><strong>Konteyner Kullan\u0131m\u0131<\/strong><\/p>\n<ul>\n<li> Restorasyon ve iyile\u015ftirme<\/li>\n<li> Y\u00fcklenici hizmetleri<\/li>\n<li> Mevsimsel depolama<\/li>\n<li> Gayrimenkul hizmetleri<\/li>\n<li> Afet yard\u0131m\u0131<\/li>\n<li> Etkinlik depolama<\/li>\n<li> Perakende ve ticari depolama<\/li>\n<li> Sigorta \u015firketleri<\/li>\n<li> Kurumsal veya askeri yer de\u011fi\u015ftirme<\/li>\n<li> Nakliye ve lojistik \u00e7\u00f6z\u00fcmleri<\/li>\n<\/ul>\n<h2>1-800-Pack-Rat \u015eirket Profili<\/h2>\n<p>1-800-Pack-Rat'in T\u00fcrkiye'de \u00e7ok say\u0131da tesisi bulunmaktad\u0131r. <a href=\"https:\/\/moverdb.com\/tr\/moving-to-the-united-states\/\" data-internallinksmanager029f6b8e52c=\"94\" title=\"Amerika Birle\u015fik Devletleri&#039;ne mi ta\u015f\u0131n\u0131yorsunuz? 2026 Ya\u015fam Maliyetleri ve Yer De\u011fi\u015ftirme \u0130pu\u00e7lar\u0131\">Birle\u015fik Devletler<\/a> ve <a href=\"https:\/\/moverdb.com\/tr\/moving-to-canada\/\" data-internallinksmanager029f6b8e52c=\"265\" title=\"Kanada&#039;ya Ta\u015f\u0131nmak m\u0131? 2026 Ya\u015fam Maliyetleri ve Yer De\u011fi\u015ftirme \u0130pu\u00e7lar\u0131\">Kanada<\/a>. \u015eirket, insanlar\u0131n ve \u015firketlerin yerel ve uzun mesafeli olarak depolanmas\u0131 ve ta\u015f\u0131nmas\u0131 konusunda 10 y\u0131l\u0131 a\u015fk\u0131n deneyime sahiptir.<\/p>\n<p>1-800-Pack-Rat a\u015fa\u011f\u0131daki akreditasyonlara ve ba\u011flant\u0131lara sahiptir:<\/p>\n<ul>\n<li> Web sitesinde g\u00f6sterilmemi\u015ftir, ancak <a href=\"https:\/\/moverdb.com\/tr\/iam\/\" target=\"_blank\" rel=\"noopener\">Uluslararas\u0131 Ta\u015f\u0131mac\u0131lar Birli\u011fi<\/a> onlar\u0131 \u00fcye rehberinde listeliyor.<\/li>\n<\/ul>\n<h2>1-800-Pack-Rat Yorumlar\u0131<\/h2>\n<p><strong>Olumlu:<\/strong><\/p>\n<ul>\n<li> <em>\"Ta\u015f\u0131nmam\u0131z\u0131n bu y\u00f6n\u00fc hakk\u0131nda endi\u015felenmek zorunda kalmamak harikayd\u0131. \u0130lk aramamdan rekabet\u00e7i fiyat teklifleri almaya, \u00e7evrimi\u00e7i planlamaya, otomatik \u00f6demeye ve sorular\u0131m oldu\u011funda bilgili ve g\u00fcler y\u00fczl\u00fc personelle ilgilenmeye kadar t\u00fcm deneyim stressizdi. Hen\u00fcz e\u015fyalar\u0131m\u0131 yerle\u015ftirmeyi bitirmedim ama \u015fu ana kadar e\u015fyalar\u0131m\u0131n sa\u011f salim ula\u015fmas\u0131 \u00e7ok iyi.\"<\/em> - Heather arac\u0131l\u0131\u011f\u0131yla <a href=\"https:\/\/www.1800packrat.com\/reviews\" target=\"_blank\" rel=\"noopener\">m\u00fc\u015fteri\u0307 referanslari<\/a><\/li>\n<li> <em>\"T\u00fcm e\u015fyalar\u0131m\u0131z\u0131 1-800-PACK-RAT ile ta\u015f\u0131d\u0131k ve harika bir deneyim ya\u015fad\u0131k. Geceleri bile sorular\u0131m\u0131z i\u00e7in haz\u0131rd\u0131lar ve kibar ve arkada\u015f canl\u0131s\u0131yd\u0131lar. Her teslim tarihini kar\u015f\u0131lad\u0131lar, birka\u00e7 g\u00fcn boyunca kendi e\u015fyalar\u0131m\u0131z\u0131 paketlememize izin verdiler ve ard\u0131ndan 10 g\u00fcn i\u00e7inde yeni yerimize g\u00f6t\u00fcrd\u00fcler.\"<\/em> - \u00fczerinden <a href=\"https:\/\/uk.trustpilot.com\/reviews\/58acb46d883cc60a283ce37e\" target=\"_blank\" rel=\"noopener\">TrustPilot<\/a><\/li>\n<li> <em>\"Yak\u0131n zamanda uzun mesafeli bir ta\u015f\u0131nma ger\u00e7ekle\u015ftirdim. <a href=\"https:\/\/moverdb.com\/tr\/moving-to-the-united-states\/moving-to-california\/\" data-internallinksmanager029f6b8e52c=\"330\" title=\"Kaliforniya&#039;ya Ta\u015f\u0131nmak m\u0131? 2026 Ya\u015fam Maliyetleri ve Yer De\u011fi\u015ftirme \u0130pu\u00e7lar\u0131\">Kaliforniya<\/a> i\u00e7in <a href=\"https:\/\/moverdb.com\/tr\/moving-to-the-united-states\/moving-to-florida\/\" data-internallinksmanager029f6b8e52c=\"331\" title=\"Florida&#039;ya Ta\u015f\u0131nmak m\u0131? 2026 Ya\u015fam Maliyetleri ve Yer De\u011fi\u015ftirme \u0130pu\u00e7lar\u0131\">Florida<\/a> Pack Rat depolamay\u0131 kullanarak. Ve onlar\u0131 tekrar kullanaca\u011f\u0131m, b\u0131rakmadan teslimata kadar zaman\u0131nda geldiler ve Pack Rat PODS'tan daha ucuzdu.\"<\/em> - Paul arac\u0131l\u0131\u011f\u0131yla <a href=\"https:\/\/www.yelp.co.uk\/biz\/1-800-pack-rat-tampa?hrid=sQKUV3MPkChipe8OJiZIcQ&#038;utm_campaign=www_review_share_popup&#038;utm_medium=copy_link&#038;utm_source=(direct)\" target=\"_blank\" rel=\"noopener\">Yelp<\/a><\/li>\n<\/ul>\n<p><strong>Olumsuz:<\/strong><\/p>\n<ul>\n<li> <em>\"Tam bir kabus. Orada kimse di\u011ferinin ne yapt\u0131\u011f\u0131n\u0131 bilmiyor.\"<\/em> - Mia arac\u0131l\u0131\u011f\u0131yla <a href=\"https:\/\/www.yelp.com\/biz\/1-800-pack-rat-fremont?hrid=YhOaE8BWuhGeu6UpKuLVVQ&#038;utm_campaign=www_review_share_popup&#038;utm_medium=copy_link&#038;utm_source=(direct)\" target=\"_blank\" rel=\"noopener\">Yelp<\/a><\/li>\n<li> <em>\"Kaps\u00fcl\u00fc evime bile teslim edemediler, daha do\u011frusu teslim etmek istemediler. \u015eof\u00f6r hi\u00e7bir \u015fey \u00f6l\u00e7medi. Orada 2 dakika kald\u0131 ve uzakla\u015ft\u0131. M\u00fc\u015fteri hizmetlerini arad\u0131\u011f\u0131mda inan\u0131lmaz derecede kaba davrand\u0131lar!\"<\/em> - Leila arac\u0131l\u0131\u011f\u0131yla <a href=\"https:\/\/www.bbb.org\/boston\/business-reviews\/storage-units-household-and-commercial\/1-800-pack-rat-in-foxboro-ma-116673\/reviews-and-complaints\" target=\"_blank\" rel=\"noopener\">BBB.org<\/a><\/li>\n<li> <em>\"1-800-PackRat'a \u00e7ok k\u0131zg\u0131n\u0131m\"<\/em> - \u00fczerinden <a href=\"https:\/\/www.pissedconsumer.com\/company\/1800-pack-rat\/so-angry-with-1-800-packrat-20161024942159.html\" target=\"_blank\" rel=\"noopener\">K\u0131zg\u0131n T\u00fcketici<\/a><\/li>\n<\/ul>\n<div itemprop=\"review\" itemscope itemtype=\"http:\/\/schema.org\/Review\">\n<span itemprop=\"author\" itemscope=\"\" itemtype=\"http:\/\/schema.org\/Organization\"><span itemprop=\"name\">MoverDB.com<\/span><\/span> \u00c7evrimi\u00e7i Web Sitesi \u0130ncelemesi i\u00e7in <span itemprop=\"itemreviewed\" itemscope=\"\" itemtype=\"http:\/\/schema.org\/Brand\"><span itemprop=\"name\">1-800-Pack-Rat<\/span><\/span>:<\/p>\n<ol>\n<li> Web sitesinde a\u00e7\u0131k ileti\u015fim bilgileri (telefon numaras\u0131 dahil): <strong>Evet<\/strong><\/li>\n<li> Almas\u0131 kolay <a href=\"https:\/\/moverdb.com\/tr\/alintilar\/\">ta\u015f\u0131nma teklifleri<\/a>? (\u00c7evrimi\u00e7i tahmin talep formu): <strong>Evet<\/strong><\/li>\n<li> Web sitesinde net bilgiler: <strong>Evet,<\/strong> Web sitesi, \u015firketin sundu\u011fu t\u00fcm hizmetleri net bir \u015fekilde \u00f6zetliyor.<\/li>\n<li> Uluslararas\u0131 tan\u0131nm\u0131\u015f ta\u015f\u0131ma organizasyonlar\u0131na \u00fcyelik: <strong>Evet<\/strong>ancak web sitesinde listelenmemi\u015ftir.<\/li>\n<li> M\u00fc\u015fterilerin listesi ve\/veya \u00f6nceki m\u00fc\u015fteri referanslar\u0131: <strong>Evet,<\/strong> ancak internetin geri kalan\u0131ndan gelen yorumlar \u00e7ok kar\u0131\u015f\u0131k.<\/li>\n<\/ol>\n<div itemprop=\"reviewRating\" itemscope itemtype=\"http:\/\/schema.org\/Rating\"><meta itemprop=\"worstRating\" content = \"0\" \/><meta itemprop=\"bestRating\" content=\"5\" \/><meta itemprop=\"ratingValue\" content=\"4\"><\/div>\n<p><strong>Genel puan: 4\/5<\/strong><br \/>\n<strong>\u0130nceleme Tarihi:<\/strong> <span itemprop=\"datePublished\" content=\"2017-02-23\">23\/02\/2017<\/span>\n<\/div>\n<p>Hakk\u0131nda daha fazlas\u0131n\u0131 okuyun <a href=\"https:\/\/moverdb.com\/tr\/tasinma-si%cc%87rketleri%cc%87\/\">uluslararas\u0131 nakliyeciler<\/a> ve bizim <a href=\"https:\/\/moverdb.com\/tr\/yorumlar\/\">g\u00f6zden ge\u00e7irme s\u00fcreci<\/a>.<\/p>\n<p><strong>Web sitesi:<\/strong> <a href=\"https:\/\/www.1800packrat.com\/\" target=\"_blank\" rel=\"noopener\">https:\/\/www.1800packrat.com\/<\/a><\/p>","protected":false},"excerpt":{"rendered":"<p>1-800-Pack-Rat offers its customers an easy option when it comes to moving. The details are listed below, together with a company profile and reviews. Long Distance and Local Moves Deliver container at least 30 days prior to moving Self-pack container or employ professional packers Complimentary no-cut container lock Complimentary $10,000 contents protection Long and short [&hellip;]<\/p>\n","protected":false},"author":1,"featured_media":0,"parent":0,"menu_order":0,"comment_status":"closed","ping_status":"closed","template":"","meta":{"_genesis_hide_title":false,"_genesis_hide_breadcrumbs":false,"_genesis_hide_singular_image":false,"_genesis_hide_footer_widgets":false,"_genesis_custom_body_class":"","_genesis_custom_post_class":"","_genesis_layout":"","footnotes":""},"class_list":{"0":"post-1684","1":"page","2":"type-page","3":"status-publish","5":"entry"},"_links":{"self":[{"href":"https:\/\/moverdb.com\/tr\/wp-json\/wp\/v2\/pages\/1684","targetHints":{"allow":["GET"]}}],"collection":[{"href":"https:\/\/moverdb.com\/tr\/wp-json\/wp\/v2\/pages"}],"about":[{"href":"https:\/\/moverdb.com\/tr\/wp-json\/wp\/v2\/types\/page"}],"author":[{"embeddable":true,"href":"https:\/\/moverdb.com\/tr\/wp-json\/wp\/v2\/users\/1"}],"replies":[{"embeddable":true,"href":"https:\/\/moverdb.com\/tr\/wp-json\/wp\/v2\/comments?post=1684"}],"version-history":[{"count":3,"href":"https:\/\/moverdb.com\/tr\/wp-json\/wp\/v2\/pages\/1684\/revisions"}],"predecessor-version":[{"id":6165,"href":"https:\/\/moverdb.com\/tr\/wp-json\/wp\/v2\/pages\/1684\/revisions\/6165"}],"wp:attachment":[{"href":"https:\/\/moverdb.com\/tr\/wp-json\/wp\/v2\/media?parent=1684"}],"curies":[{"name":"wp","href":"https:\/\/api.w.org\/{rel}","templated":true}]}}