{"id":1680,"date":"2017-01-25T11:25:11","date_gmt":"2017-01-25T11:25:11","guid":{"rendered":"http:\/\/moverdb.com\/?page_id=1680"},"modified":"2026-01-08T14:47:26","modified_gmt":"2026-01-08T14:47:26","slug":"ceviklik","status":"publish","type":"page","link":"https:\/\/moverdb.com\/tr\/agility\/","title":{"rendered":"Agility - Uluslararas\u0131 Ta\u015f\u0131nma ve Nakliye Yorumlar\u0131"},"content":{"rendered":"<p>Agility, d\u00fcnyan\u0131n en b\u00fcy\u00fck lojistik ve <a href=\"https:\/\/moverdb.com\/tr\/moving-companies\/\" data-internallinksmanager029f6b8e52c=\"79\" title=\"\u00c7evrimi\u00e7i En \u0130yi 25 Uluslararas\u0131 Nakliye \u015eirketi\">ta\u015finma \u015fi\u0307rketi\u0307<\/a> Orta Do\u011fu'da. M\u00fc\u015fterilerine, \u015firket profili ve incelemelerle birlikte a\u015fa\u011f\u0131da listelenen geni\u015f bir hizmet yelpazesi sunmaktad\u0131r. <strong>Agility'nin bireyler i\u00e7in ev e\u015fyas\u0131 veya ki\u015fisel e\u015fya ta\u015f\u0131mad\u0131\u011f\u0131n\u0131 unutmay\u0131n<\/strong>.<\/p>\n<p><strong>Uluslararas\u0131 Ta\u015f\u0131malar<\/strong><\/p>\n<ul>\n<li> Kap\u0131dan kap\u0131ya servis<\/li>\n<li> Deniz ta\u015f\u0131mac\u0131l\u0131\u011f\u0131 veya hava ta\u015f\u0131mac\u0131l\u0131\u011f\u0131<\/li>\n<li> Uzman paketleme hizmeti<\/li>\n<li> Uzman ambalaj a\u00e7ma hizmeti<\/li>\n<li> Enkaz kald\u0131rma<\/li>\n<li> G\u00fcmr\u00fck komisyonculu\u011fu ve g\u00fcmr\u00fckleme konular\u0131n\u0131 ele al\u0131n<\/li>\n<li> \u00d6zel konteynerlerin y\u00fcklenmesinin sahada denetlenmesi<\/li>\n<li> Uzun ve k\u0131sa s\u00fcreli depolama<\/li>\n<li> Sigorta<\/li>\n<li> \u00d6zel sand\u0131klama<\/li>\n<li> Cihaz servisi<\/li>\n<li> Tamirci hizmeti<\/li>\n<li> Elektrik\u00e7i<\/li>\n<li> Mobilya ve e\u015fyalar\u0131n demontaj\u0131 ve yeniden montaj\u0131<\/li>\n<li> B\u00fcy\u00fck ve\/veya k\u0131r\u0131lgan e\u015fyalar\u0131n \u00f6zel olarak ta\u015f\u0131nmas\u0131<\/li>\n<\/ul>\n<p><strong>Depolama ve Da\u011f\u0131t\u0131m<\/strong><\/p>\n<ul>\n<li> Tam hizmet y\u00f6netimi<\/li>\n<li> Karayolu, hava ve deniz ta\u015f\u0131mac\u0131l\u0131\u011f\u0131<\/li>\n<li> Tesis b\u00fcy\u00fckl\u00fc\u011f\u00fc ve tipinde esneklik<\/li>\n<li> U\u00e7tan uca envanter planlamas\u0131n\u0131 ve ikmalini y\u00f6netin<\/li>\n<\/ul>\n<p><strong>End\u00fcstri \u00c7\u00f6z\u00fcmleri<\/strong><\/p>\n<ul>\n<li> Otomotiv hamleleri<\/li>\n<li> G\u00fcvenli, g\u00fcvenilir kimyasal hamleler<\/li>\n<li> T\u00fcketim mallar\u0131<\/li>\n<li> Uluslararas\u0131 kurulu\u015flar\u0131n, h\u00fck\u00fcmetlerin, yard\u0131m gruplar\u0131n\u0131n ve ordunun ta\u015f\u0131nmas\u0131<\/li>\n<li> End\u00fcstriyel hamleler<\/li>\n<li> Petrol ve gaz lojistik \u00e7\u00f6z\u00fcmleri<\/li>\n<li> \u0130la\u00e7 ve ya\u015fam bilimleri tedarik zinciri<\/li>\n<li> Teknoloji<\/li>\n<li> Fuar ve etkinlik hamleleri<\/li>\n<\/ul>\n<h2>Agility \u015eirket Profili<\/h2>\n<p>Agility, merkezi Sulaibiya'da bulunan k\u00fcresel bir lojistik \u015firketidir, <a href=\"https:\/\/moverdb.com\/tr\/moving-to-kuwait\/\" data-internallinksmanager029f6b8e52c=\"354\" title=\"Kuveyt&#039;e mi Ta\u015f\u0131n\u0131yorsunuz? 2026 Ya\u015fam Maliyetleri &amp; Yer De\u011fi\u015ftirme \u0130pu\u00e7lar\u0131\">Kuveyt<\/a>. Agility, \u015firketlere, h\u00fck\u00fcmetlere, yard\u0131m kurulu\u015flar\u0131na, orduya ve uluslararas\u0131 organizasyonlara nakliye, depolama sa\u011flayarak hizmet vermektedir, <a href=\"https:\/\/moverdb.com\/tr\/yuk-i%cc%87leti%cc%87ci%cc%87si%cc%87\/\">y\u00fck ta\u015fimacili\u011fi<\/a> ve lojistik \u00e7\u00f6z\u00fcmler sunmaktad\u0131r. \u015eirketin 22.000'den fazla \u00e7al\u0131\u015fan\u0131 ve 100 \u00fclkede 500'den fazla ofisi bulunmaktad\u0131r.<\/p>\n<p>Agility 1979 y\u0131l\u0131nda bir Kuveyt devlet \u015firketi olan Public Warehousing Co. olarak hayata ba\u015flad\u0131. 1997 y\u0131l\u0131nda \u015firket \u00f6zelle\u015ftirildi ve Tarek Sultan Al Essa y\u00f6netim kurulu ba\u015fkan\u0131 oldu. Agility, Afrika, Asya, Orta Do\u011fu ve Latin Amerika gibi kullan\u0131lmayan pazarlara girmeye karar verdi. \u015eirket h\u0131zla geni\u015fleyerek d\u00fcnya \u00e7ap\u0131nda 40'tan fazla lojistik \u015firketi ve varl\u0131k sat\u0131n ald\u0131. <\/p>\n<p>2004 y\u0131l\u0131na gelindi\u011finde Agility, Orta Do\u011fu'daki en b\u00fcy\u00fck lojistik sa\u011flay\u0131c\u0131s\u0131yd\u0131. Ancak 2006 y\u0131l\u0131nda PWC, yeni slogan\u0131 \"Yeni Bir Lojistik Lideri\" ile Agility olarak tan\u0131nmaya ba\u015flad\u0131.<\/p>\n<p>Agility'nin iki i\u015f kolu vard\u0131r: Agility Global Integrated Logistics ve Agility Infrastructure. Bunlardan ilki m\u00fc\u015fterilerine tedarik zinciri \u00e7\u00f6z\u00fcmleri sunmaktad\u0131r. Agility, 60.500 m\u00fc\u015fteriye hizmet vererek 2,14 milyon sevkiyat ger\u00e7ekle\u015ftirmi\u015ftir. \u015eirket 372.700 ton hava ta\u015f\u0131mac\u0131l\u0131\u011f\u0131 ve 513.100 TEU hava ta\u015f\u0131mac\u0131l\u0131\u011f\u0131 ger\u00e7ekle\u015ftirmi\u015ftir. Agility Infrastructure, geli\u015fmekte olan pazarlara lojistikle ilgili sorunlar\u0131nda yard\u0131mc\u0131 olmaktad\u0131r.<\/p>\n<p>Agility, insani felaketler durumunda kar\u015f\u0131l\u0131ks\u0131z lojistik destek sa\u011flayarak geri d\u00f6n\u00fcyor. Personeli ayr\u0131ca yerel topluluklar\u0131 da desteklemektedir<br \/>\n.<br \/>\nAgility a\u015fa\u011f\u0131daki ba\u011flant\u0131lara ve akreditasyonlara sahiptir:<\/p>\n<ul>\n<li> Web sitesinde listelenmemi\u015ftir<\/li>\n<\/ul>\n<h2>Agility Moving Yorumlar\u0131<\/h2>\n<p><em>L\u00fctfen bu yaz\u0131n\u0131n yaz\u0131ld\u0131\u011f\u0131 s\u0131rada Agility'nin ta\u015f\u0131ma hizmetleri i\u00e7in \u00e7evrimi\u00e7i herhangi bir yorum bulamad\u0131\u011f\u0131m\u0131z\u0131 unutmay\u0131n.<\/em> <\/p>\n<div itemprop=\"review\" itemscope itemtype=\"http:\/\/schema.org\/Review\">\n<span itemprop=\"author\" itemscope=\"\" itemtype=\"http:\/\/schema.org\/Organization\"><span itemprop=\"name\">MoverDB.com<\/span><\/span> \u00c7evrimi\u00e7i Web Sitesi \u0130ncelemesi i\u00e7in <span itemprop=\"itemreviewed\" itemscope=\"\" itemtype=\"http:\/\/schema.org\/Brand\"><span itemprop=\"name\">\u00c7eviklik Ta\u015f\u0131ma<\/span><\/span>:<\/p>\n<ol>\n<li> Web sitesinde a\u00e7\u0131k ileti\u015fim bilgileri (telefon numaras\u0131 dahil): <strong>Evet<\/strong><\/li>\n<li> Almas\u0131 kolay <a href=\"https:\/\/moverdb.com\/tr\/alintilar\/\">uluslararas\u0131 ta\u015f\u0131ma teklifleri<\/a>? (\u00c7evrimi\u00e7i tahmin talep formu): <strong>Evet<\/strong><\/li>\n<li> Web sitesinde net bilgiler: <strong>Evet,<\/strong> Sunduklar\u0131 hizmetleri listeler.<\/li>\n<li> Uluslararas\u0131 tan\u0131nm\u0131\u015f ta\u015f\u0131ma organizasyonlar\u0131na \u00fcyelik: <strong>Web sitesinde listelenmemi\u015ftir<\/strong><\/li>\n<li> M\u00fc\u015fterilerin listesi ve\/veya \u00f6nceki m\u00fc\u015fteri referanslar\u0131. <strong>Evet,<\/strong> Web sitesinde \u00e7e\u015fitli \u00f6zel hareketlerin ayr\u0131nt\u0131l\u0131 a\u00e7\u0131klamalar\u0131 bulunmaktad\u0131r.<\/li>\n<\/ol>\n<div itemprop=\"reviewRating\" itemscope itemtype=\"http:\/\/schema.org\/Rating\"><meta itemprop=\"worstRating\" content = \"0\" \/><meta itemprop=\"bestRating\" content=\"5\" \/><meta itemprop=\"ratingValue\" content=\"4\"><\/div>\n<p><strong>Genel puan: 4\/5<\/strong><br \/>\n<strong>\u0130nceleme Tarihi:<\/strong> <span itemprop=\"datePublished\" content=\"2017-01-25\">25\/01\/2017<\/span>\n<\/div>\n<p>Hakk\u0131nda daha fazlas\u0131n\u0131 okuyun <a href=\"https:\/\/moverdb.com\/tr\/tasinma-si%cc%87rketleri%cc%87\/\">en i\u0307yi\u0307 uluslararasi ta\u015fimacilar<\/a> ve bizim <a href=\"https:\/\/moverdb.com\/tr\/yorumlar\/\">g\u00f6zden ge\u00e7irme s\u00fcreci<\/a>.<\/p>\n<p><strong>Web siteleri:<\/strong> <a href=\"http:\/\/www.agility.com\/EN\/products-and-services\/Pages\/Household-Goods-Movement.aspx\" target=\"_blank\" rel=\"noopener\">\u00c7eviklik Ev E\u015fyas\u0131 Ta\u015f\u0131mac\u0131l\u0131\u011f\u0131<\/a><\/p>","protected":false},"excerpt":{"rendered":"<p>Agility is the largest logistics and moving company in the Middle East. It offers its customers a wide range of services which are listed below, together with a company profile and reviews. Note that Agility does not move household goods or personal effects for individuals. International Moves Door to door service Sea freight or airfreight [&hellip;]<\/p>\n","protected":false},"author":1,"featured_media":0,"parent":0,"menu_order":0,"comment_status":"closed","ping_status":"closed","template":"","meta":{"_genesis_hide_title":false,"_genesis_hide_breadcrumbs":false,"_genesis_hide_singular_image":false,"_genesis_hide_footer_widgets":false,"_genesis_custom_body_class":"","_genesis_custom_post_class":"","_genesis_layout":"","footnotes":""},"class_list":{"0":"post-1680","1":"page","2":"type-page","3":"status-publish","5":"entry"},"_links":{"self":[{"href":"https:\/\/moverdb.com\/tr\/wp-json\/wp\/v2\/pages\/1680","targetHints":{"allow":["GET"]}}],"collection":[{"href":"https:\/\/moverdb.com\/tr\/wp-json\/wp\/v2\/pages"}],"about":[{"href":"https:\/\/moverdb.com\/tr\/wp-json\/wp\/v2\/types\/page"}],"author":[{"embeddable":true,"href":"https:\/\/moverdb.com\/tr\/wp-json\/wp\/v2\/users\/1"}],"replies":[{"embeddable":true,"href":"https:\/\/moverdb.com\/tr\/wp-json\/wp\/v2\/comments?post=1680"}],"version-history":[{"count":3,"href":"https:\/\/moverdb.com\/tr\/wp-json\/wp\/v2\/pages\/1680\/revisions"}],"predecessor-version":[{"id":6167,"href":"https:\/\/moverdb.com\/tr\/wp-json\/wp\/v2\/pages\/1680\/revisions\/6167"}],"wp:attachment":[{"href":"https:\/\/moverdb.com\/tr\/wp-json\/wp\/v2\/media?parent=1680"}],"curies":[{"name":"wp","href":"https:\/\/api.w.org\/{rel}","templated":true}]}}