{"id":1662,"date":"2017-02-23T10:26:07","date_gmt":"2017-02-23T10:26:07","guid":{"rendered":"http:\/\/moverdb.com\/?page_id=1662"},"modified":"2026-01-08T14:47:48","modified_gmt":"2026-01-08T14:47:48","slug":"bolliger","status":"publish","type":"page","link":"https:\/\/moverdb.com\/tr\/bolliger\/","title":{"rendered":"Bolliger - International Removals &amp; Moving Yorumlar\u0131"},"content":{"rendered":"<p>Bolliger m\u00fc\u015fterilerine \u00e7ok \u00e7e\u015fitli ta\u015f\u0131ma hizmetleri sunmaktad\u0131r. Bunlar a\u015fa\u011f\u0131da bir \u015firket profili ve incelemelerle birlikte listelenmi\u015ftir.<\/p>\n<p><strong>Uluslararas\u0131 Ta\u015f\u0131nma<\/strong><\/p>\n<ul>\n<li> D\u00fcnya \u00e7ap\u0131nda hareketli kaynaklar a\u011f\u0131<\/li>\n<li> Kap\u0131dan kap\u0131ya<\/li>\n<li> En az 5 y\u0131ll\u0131k deneyime sahip Ta\u015f\u0131ma M\u00fcd\u00fcr\u00fc<\/li>\n<li> G\u00f6nderinizi 7\/24 takip edin<\/li>\n<li> Paketleme gereksinimlerini vb. belirlemek i\u00e7in ev ara\u015ft\u0131rmas\u0131<\/li>\n<li> Sigorta ayarland\u0131<\/li>\n<li> Ki\u015fisel koordinat\u00f6r gerekli dok\u00fcmantasyon konusunda yard\u0131mc\u0131 olacakt\u0131r<\/li>\n<li> Paketleme ve y\u00fckleme<\/li>\n<li> G\u00fcmr\u00fck i\u015flemleri<\/li>\n<li> Teslimat ve ambalaj a\u00e7ma<\/li>\n<li> T\u00fcm e\u015fyalar dikkatlice bo\u015falt\u0131lacak, envanter listenizle \u00e7apraz kontrol edilecek ve do\u011fru odalara yerle\u015ftirilecektir<\/li>\n<li> Cam ve camdan yap\u0131lm\u0131\u015f e\u015fyalar gibi k\u0131r\u0131labilir e\u015fyalar <a href=\"https:\/\/moverdb.com\/tr\/moving-to-china\/\" data-internallinksmanager029f6b8e52c=\"357\" title=\"\u00c7in&#039;e mi Ta\u015f\u0131n\u0131yorsunuz? 2026 Ya\u015fam Maliyetleri ve Yer De\u011fi\u015ftirme \u0130pu\u00e7lar\u0131\">\u00c7\u0130N<\/a>d\u00fcz y\u00fczeylerde ambalaj\u0131ndan \u00e7\u0131kar\u0131lacakt\u0131r<\/li>\n<li> T\u00fcm ambalaj malzemeleri ve enkaz evinizden h\u0131zl\u0131 bir \u015fekilde kald\u0131r\u0131lacakt\u0131r<\/li>\n<\/ul>\n<p><strong>Kurumsal Ta\u015f\u0131nma Hizmetleri<\/strong><\/p>\n<ul>\n<li> Yerle\u015ftirme hizmetleri<\/li>\n<li> Okul ve ev arama<\/li>\n<li> K\u00fclt\u00fcrel bilgiler<\/li>\n<li> Partner\/e\u015f yard\u0131m\u0131<\/li>\n<li> K\u0131sa s\u00fcreli konaklama<\/li>\n<li> Mobilya kiralama<\/li>\n<\/ul>\n<p><strong>Ta\u015f\u0131nma Hizmetleri<\/strong><\/p>\n<ul>\n<li> Paketleme malzemelerinin sa\u011flanmas\u0131<\/li>\n<li> Eksiksiz paketleme hizmetleri<\/li>\n<li> \u00d6zel paketleme<\/li>\n<li> \u00d6zelle\u015ftirilmi\u015f kasalar<\/li>\n<li> Piyano ve kasalar\u0131n ta\u015f\u0131nmas\u0131<\/li>\n<li> Motorlu merdivenler<\/li>\n<li> Karayolu, hava ve deniz yoluyla nakliye<\/li>\n<li> G\u00fcmr\u00fck i\u015flemleri<\/li>\n<li> D\u00fcnya \u00e7ap\u0131nda acenteler.<\/li>\n<\/ul>\n<p><strong>Ofis Ta\u015f\u0131ma<\/strong><\/p>\n<ul>\n<li> Hareketlerin tasarlanmas\u0131 ve planlanmas\u0131<\/li>\n<li> Uzmanla\u015fm\u0131\u015f personel ve ekipman<\/li>\n<li> Motorlu merdivenler ve vin\u00e7ler<\/li>\n<li> Ofislerin kurulmas\u0131<\/li>\n<li> \u00c7\u00f6p geri d\u00f6n\u00fc\u015f\u00fcm\u00fc ve bertaraf\u0131<\/li>\n<li> G\u00fcnd\u00fcz ve gece operasyonlar\u0131<\/li>\n<\/ul>\n<p><strong>G\u00fczel Sanatlar<\/strong><\/p>\n<ul>\n<li> \u00d6l\u00e7\u00fcye g\u00f6re kutu ve kasalar\u0131n tasar\u0131m\u0131 ve yap\u0131m\u0131<\/li>\n<li> Modern ve antika sanat eserlerinin ithalat\u0131\/ihracat\u0131 i\u00e7in G\u00fczel Sanatlar formaliteleri<\/li>\n<li> Kara \/ deniz \/ hava yoluyla nakliye<\/li>\n<li> D\u00fcnya \u00e7ap\u0131nda uzmanla\u015fm\u0131\u015f acenteler<\/li>\n<li> Sergi alanlar\u0131n\u0131n kurulmas\u0131<\/li>\n<\/ul>\n<p><strong>Depolama<\/strong><\/p>\n<ul>\n<li> K\u0131sa ve uzun s\u00fcreli depolama<\/li>\n<li> Metal konteynerler, kasalar veya paletler<\/li>\n<li> 7\/24 g\u00fcvenlik<\/li>\n<li> Duman alarmlar\u0131<\/li>\n<li> Kontroll\u00fc s\u0131cakl\u0131k ve nem<\/li>\n<li> Belge ar\u015fivleri<\/li>\n<\/ul>\n<h2>Bolliger \u015eirket Profili<\/h2>\n<p>Arthur Bolliger ilk Bolliger ofisini 1909 y\u0131l\u0131nda Roma'da a\u00e7m\u0131\u015ft\u0131r. \u015eirket \u015fu anda d\u00f6rd\u00fcnc\u00fc ku\u015fak Bolliger'ler taraf\u0131ndan y\u00f6netilmektedir ve Milano, Lugano ve Floransa'da ofislerinin yan\u0131 s\u0131ra <a href=\"https:\/\/moverdb.com\/tr\/moving-to-switzerland\/\" data-internallinksmanager029f6b8e52c=\"327\" title=\"\u0130svi\u00e7re&#039;ye mi ta\u015f\u0131n\u0131yorsunuz? 2026 Ya\u015fam Maliyetleri &amp; Yer De\u011fi\u015ftirme \u0130pu\u00e7lar\u0131\">\u0130svi\u00e7re<\/a>, the <a href=\"https:\/\/moverdb.com\/tr\/moving-to-the-uk\/\" data-internallinksmanager029f6b8e52c=\"93\" title=\"Birle\u015fik Krall\u0131k&#039;a m\u0131 ta\u015f\u0131n\u0131yorsunuz? 2026 Ya\u015fam Maliyetleri &amp; Yer De\u011fi\u015ftirme \u0130pu\u00e7lar\u0131\">BIRLE\u015eIK KRALLIK<\/a>, the <a href=\"https:\/\/moverdb.com\/tr\/moving-to-the-united-states\/\" data-internallinksmanager029f6b8e52c=\"94\" title=\"Amerika Birle\u015fik Devletleri&#039;ne mi ta\u015f\u0131n\u0131yorsunuz? 2026 Ya\u015fam Maliyetleri ve Yer De\u011fi\u015ftirme \u0130pu\u00e7lar\u0131\">ABD<\/a> ve <a href=\"https:\/\/moverdb.com\/tr\/moving-to-spain\/\" data-internallinksmanager029f6b8e52c=\"266\" title=\"\u0130spanya&#039;ya m\u0131 ta\u015f\u0131n\u0131yorsunuz? 2026 Ya\u015fam Maliyetleri ve Yer De\u011fi\u015ftirme \u0130pu\u00e7lar\u0131\">\u0130spanya<\/a>.<\/p>\n<p>\u015eirketin ilk kamyonlar\u0131 1919 y\u0131l\u0131nda sat\u0131n al\u0131nm\u0131\u015f ve I. D\u00fcnya Sava\u015f\u0131'nda kullan\u0131lm\u0131\u015ft\u0131r. \u015eirket \u015fu anda 200'den fazla nakliye arac\u0131ndan olu\u015fan bir filo i\u015fletmekte ve d\u00fcnyan\u0131n d\u00f6rt bir yan\u0131ndaki bireyler ve \u015firketler i\u00e7in mal sevkiyat\u0131 yapmaktad\u0131r. Bolliger, Bolliger'in kurucu \u00fcyelerinden biriydi. <a href=\"https:\/\/moverdb.com\/tr\/fidi-faim\/\" data-internallinksmanager029f6b8e52c=\"16\" title=\"FIDI &amp; FAIM (FIDI Akredite Uluslararas\u0131 Ta\u015f\u0131mac\u0131) A\u00e7\u0131klamas\u0131\">FIDI<\/a>. Bug\u00fcn FIDI, 100 \u00fclkede 600 acentesi ile d\u00fcnyada kendi t\u00fcr\u00fcnde en b\u00fcy\u00fck birliktir. <\/p>\n<p>1982 y\u0131l\u0131nda Bolliger, Allied International'\u0131n tek \u0130talyan temsilcisi oldu.<\/p>\n<p>1985 y\u0131l\u0131nda Bolliger, Overseas Moving Network International'\u0131n (OMNI) kurucu \u00fcyelerinden biri oldu. 2002 y\u0131l\u0131nda \u015firketin uzmanl\u0131\u011f\u0131 ISO 9001 sertifikas\u0131 ile \u00f6d\u00fcllendirildi - ilk <a href=\"https:\/\/moverdb.com\/tr\/moving-companies\/\" data-internallinksmanager029f6b8e52c=\"79\" title=\"\u00c7evrimi\u00e7i En \u0130yi 25 Uluslararas\u0131 Nakliye \u015eirketi\">ta\u015finma \u015fi\u0307rketi\u0307<\/a> i\u00e7inde <a href=\"https:\/\/moverdb.com\/tr\/moving-to-italy\/\" data-internallinksmanager029f6b8e52c=\"346\" title=\"\u0130talya&#039;ya m\u0131 Ta\u015f\u0131n\u0131yorsunuz? 2026 Ya\u015fam Maliyetleri &amp; Yer De\u011fi\u015ftirme \u0130pu\u00e7lar\u0131\">\u0130talya<\/a> bunu ba\u015farmak i\u00e7in.<\/p>\n<p>Bollinger, kulland\u0131klar\u0131 ambalaj malzemelerine, kulland\u0131klar\u0131 ara\u00e7lara \u00f6zel \u00f6nem vererek ve ellerinden geldi\u011fince geri d\u00f6n\u00fc\u015f\u00fcm yapmaya \u00e7al\u0131\u015farak \u015firketin gezegen \u00fczerindeki \u00e7evresel etkisini s\u00fcrekli olarak azaltmaya \u00e7al\u0131\u015fmaktad\u0131r. Ayr\u0131ca G\u00fcney Amerika ve Afrika'daki az geli\u015fmi\u015f \u00fclkelerde hay\u0131rseverlik programlar\u0131 y\u00fcr\u00fctmektedirler.<\/p>\n<p>Bolliger a\u015fa\u011f\u0131daki akreditasyonlara ve ba\u011flant\u0131lara sahiptir:<\/p>\n<ul>\n<li> <a href=\"https:\/\/moverdb.com\/tr\/allied-van-lines\/\">Allied Uluslararas\u0131<\/a><\/li>\n<li> ISO 9001<\/li>\n<li> <a href=\"https:\/\/moverdb.com\/tr\/fidi-faim\/\">Uluslararas\u0131 Ta\u015f\u0131mac\u0131lar Federasyonu<\/a> (FIDI)<\/li>\n<li> Overseas Moving Network International (OMNI)<\/li>\n<li> <a href=\"https:\/\/moverdb.com\/tr\/fidi-faim\/\">FIDI Akredite Uluslararas\u0131 Ta\u015f\u0131mac\u0131l\u0131k<\/a> (FAIM)<\/li>\n<li> <a href=\"https:\/\/moverdb.com\/tr\/iam\/\">Uluslararas\u0131 Ta\u015f\u0131mac\u0131lar Birli\u011fi<\/a> (<a href=\"https:\/\/moverdb.com\/tr\/iam\/\" data-internallinksmanager029f6b8e52c=\"23\" title=\"Uluslararas\u0131 Ta\u015f\u0131mac\u0131lar Birli\u011fi (IAM) A\u00e7\u0131klamas\u0131\">IAM<\/a>)<\/li>\n<li> <a href=\"https:\/\/moverdb.com\/tr\/iata\/\">Uluslararas\u0131 Hava Ta\u015f\u0131mac\u0131l\u0131\u011f\u0131 Birli\u011fi<\/a> (<a href=\"https:\/\/moverdb.com\/tr\/iata\/\" data-internallinksmanager029f6b8e52c=\"22\" title=\"Uluslararas\u0131 Hava Ta\u015f\u0131mac\u0131l\u0131\u011f\u0131 Birli\u011fi (IATA) A\u00e7\u0131klamas\u0131\">IATA<\/a>)<\/li>\n<li> <a href=\"https:\/\/moverdb.com\/tr\/fedemac\/\">Avrupa Ta\u015f\u0131mac\u0131lar Birli\u011fi Federasyonu<\/a> (<a href=\"https:\/\/moverdb.com\/tr\/fedemac\/\" data-internallinksmanager029f6b8e52c=\"15\" title=\"Avrupa Ta\u015f\u0131mac\u0131lar Birli\u011fi Federasyonu (FEDEMAC) A\u00e7\u0131klamas\u0131\">FEDEMAC<\/a>)<\/li>\n<\/ul>\n<h2>Bolliger Yorumlar\u0131<\/h2>\n<p><strong>Olumlu:<\/strong><\/p>\n<ul>\n<li> \"Koordinat\u00f6r\u00fcm\u00fcz son derece profesyonel ve yard\u0131mseverdi. T\u00fcm sorular\u0131m\u0131z\u0131 yan\u0131tlad\u0131 ve Roma'dan <a href=\"https:\/\/moverdb.com\/tr\/moving-to-london\/\">Londra<\/a> kolay ve g\u00fcvende hissettirdi. Kesinlikle her \u015feyle ilgilendi. Bir sonraki ta\u015f\u0131nmam\u0131zda kesinlikle Bolliger'i tekrar kullanaca\u011f\u0131z ve onlar\u0131 herkese tavsiye edebiliriz.\" - Bolliger M\u00fc\u015fterisi <a href=\"http:\/\/www.bolliger.co.uk\/testimonials.html\" target=\"_blank\" rel=\"noopener\">Referans<\/a><\/li>\n<li> <em>\"Genel olarak, bu ta\u015f\u0131nma deneyiminden \u00e7ok memnunum. Davullar ve ziller vard\u0131, bu y\u00fczden olduk\u00e7a hassas \u015feyler. Her \u015fey g\u00fcvenli ve zaman\u0131nda geldi. Ba\u011flant\u0131lar ve ileti\u015fim kusursuz ve zaman\u0131nda yap\u0131ld\u0131.\"<\/em> - Andrea arac\u0131l\u0131\u011f\u0131yla <a href=\"http:\/\/www.removalreviews.co.uk\/movers\/bolliger-352#2761  Read more: http:\/\/www.removalreviews.co.uk\/movers\/bolliger-352\" target=\"_blank\" rel=\"noopener\">Kald\u0131rma Yorumlar\u0131<\/a><\/li>\n<li> <em>\"Bu t\u00fcr tavsiye ve de\u011ferlendirmeleri pek s\u0131k yazmam ama k\u0131sa s\u00fcre \u00f6nce beni Londra'dan Berlin'e ta\u015f\u0131yan Bolliger'e te\u015fekk\u00fcr etmek i\u00e7in birka\u00e7 dakikam\u0131 ay\u0131rmak zorunda kald\u0131m.\"<\/em> - davelucas arac\u0131l\u0131\u011f\u0131yla <a href=\"https:\/\/www.yell.com\/biz\/bolliger-uk-ltd-west-drayton-7150125\/\" target=\"_blank\" rel=\"noopener\">Ba\u011f\u0131r.<\/a><\/li>\n<\/ul>\n<p><strong>Olumsuz:<\/strong><\/p>\n<ul>\n<li> <em>\"Bolliger'in sat\u0131\u015f konu\u015fmas\u0131na ve m\u00fckemmellik iddialar\u0131na aldanmay\u0131n...\"<\/em> - Bay D Bruce arac\u0131l\u0131\u011f\u0131yla <a href=\"http:\/\/www.removalreviews.co.uk\/movers\/bolliger-352#10617  Read more: http:\/\/www.removalreviews.co.uk\/movers\/bolliger-352\" target=\"_blank\" rel=\"noopener\">Kald\u0131rma Yorumlar\u0131<\/a><\/li>\n<li> <em>\"Bolliger UK kesinlikle berbatt\u0131...... Deneyimsiz, a\u011fz\u0131 bozuk acente ekibi, rezervasyon yapt\u0131rd\u0131\u011f\u0131m\u0131z ta\u015f\u0131nma i\u015flemi kuyruklu piyanomuzu da i\u00e7ermesine ra\u011fmen hi\u00e7bir ta\u015f\u0131ma ekipman\u0131 olmadan ge\u00e7 geldi.\"<\/em> - Don.Br arac\u0131l\u0131\u011f\u0131yla <a href=\"http:\/\/www.reviewcentre.com\/Removal-Companies\/Bolliger-www-bolliger-co-uk-reviews_2387554\" target=\"_blank\" rel=\"noopener\">\u0130nceleme Merkezi<\/a><\/li>\n<\/ul>\n<div itemprop=\"review\" itemscope itemtype=\"http:\/\/schema.org\/Review\">\n<span itemprop=\"author\" itemscope=\"\" itemtype=\"http:\/\/schema.org\/Organization\"><span itemprop=\"name\">MoverDB.com<\/span><\/span> \u00c7evrimi\u00e7i Web Sitesi \u0130ncelemesi i\u00e7in <span itemprop=\"itemreviewed\" itemscope=\"\" itemtype=\"http:\/\/schema.org\/Brand\"><span itemprop=\"name\">Bolliger<\/span><\/span>:<\/p>\n<ol>\n<li> Web sitesinde a\u00e7\u0131k ileti\u015fim bilgileri (telefon numaras\u0131 dahil): <strong>Evet<\/strong><\/li>\n<li> Almas\u0131 kolay <a href=\"https:\/\/moverdb.com\/tr\/alintilar\/\">uluslararas\u0131 ta\u015f\u0131ma teklifleri<\/a>? (\u00c7evrimi\u00e7i tahmin talep formu): <strong>Evet<\/strong><\/li>\n<li> Web sitesinde net bilgiler: <strong>Evet,<\/strong> ancak her zaman \u00e7ok ayr\u0131nt\u0131l\u0131 de\u011fildir.<\/li>\n<li> Uluslararas\u0131 tan\u0131nm\u0131\u015f ta\u015f\u0131ma organizasyonlar\u0131na \u00fcyelik: <strong>Evet<\/strong>, (yukar\u0131ya bak\u0131n)<\/li>\n<li> M\u00fc\u015fterilerin listesi ve\/veya \u00f6nceki m\u00fc\u015fteri referanslar\u0131: <strong>Evet,<\/strong> Bir\u00e7ok olumlu m\u00fc\u015fteri referans\u0131 ve web'in geri kalan\u0131ndan genel olarak iyi yorumlar.<\/li>\n<\/ol>\n<div itemprop=\"reviewRating\" itemscope itemtype=\"http:\/\/schema.org\/Rating\"><meta itemprop=\"worstRating\" content = \"0\" \/><meta itemprop=\"bestRating\" content=\"5\" \/><meta itemprop=\"ratingValue\" content=\"4.5\"><\/div>\n<p><strong>Genel puan: 4,5\/5<\/strong><br \/>\n<strong>\u0130nceleme Tarihi:<\/strong> <span itemprop=\"datePublished\" content=\"2017-02-23\">23\/02\/2017<\/span>\n<\/div>\n<p>Hakk\u0131nda daha fazlas\u0131n\u0131 okuyun <a href=\"https:\/\/moverdb.com\/tr\/tasinma-si%cc%87rketleri%cc%87\/\">uluslararas\u0131 ta\u015f\u0131ma \u015firketleri<\/a> ve bizim <a href=\"https:\/\/moverdb.com\/tr\/yorumlar\/\">g\u00f6zden ge\u00e7irme s\u00fcreci<\/a>.<\/p>\n<p><strong>Web siteleri:<\/strong> IT: <a href=\"http:\/\/www.bolliger.it\/\" target=\"_blank\" rel=\"noopener\">http:\/\/www.bolliger.it\/<\/a> \u0130NGILTERE: <a href=\"http:\/\/www.bolliger.co.uk\/\" target=\"_blank\" rel=\"noopener\">http:\/\/www.bolliger.co.uk\/<\/a><\/p>","protected":false},"excerpt":{"rendered":"<p>Bolliger offers its customers a wide variety of moving services. These are listed below together with a company profile and reviews. International Moving Worldwide network of moving resources Door to door Move Manager with at least 5 years&#8217; experience Track your shipment 24\/7 House survey to ascertain packing requirements etc Insurance arranged Personal coordinator will [&hellip;]<\/p>\n","protected":false},"author":1,"featured_media":0,"parent":0,"menu_order":0,"comment_status":"closed","ping_status":"closed","template":"","meta":{"_genesis_hide_title":false,"_genesis_hide_breadcrumbs":false,"_genesis_hide_singular_image":false,"_genesis_hide_footer_widgets":false,"_genesis_custom_body_class":"","_genesis_custom_post_class":"","_genesis_layout":"","footnotes":""},"class_list":{"0":"post-1662","1":"page","2":"type-page","3":"status-publish","5":"entry"},"_links":{"self":[{"href":"https:\/\/moverdb.com\/tr\/wp-json\/wp\/v2\/pages\/1662","targetHints":{"allow":["GET"]}}],"collection":[{"href":"https:\/\/moverdb.com\/tr\/wp-json\/wp\/v2\/pages"}],"about":[{"href":"https:\/\/moverdb.com\/tr\/wp-json\/wp\/v2\/types\/page"}],"author":[{"embeddable":true,"href":"https:\/\/moverdb.com\/tr\/wp-json\/wp\/v2\/users\/1"}],"replies":[{"embeddable":true,"href":"https:\/\/moverdb.com\/tr\/wp-json\/wp\/v2\/comments?post=1662"}],"version-history":[{"count":5,"href":"https:\/\/moverdb.com\/tr\/wp-json\/wp\/v2\/pages\/1662\/revisions"}],"predecessor-version":[{"id":6184,"href":"https:\/\/moverdb.com\/tr\/wp-json\/wp\/v2\/pages\/1662\/revisions\/6184"}],"wp:attachment":[{"href":"https:\/\/moverdb.com\/tr\/wp-json\/wp\/v2\/media?parent=1662"}],"curies":[{"name":"wp","href":"https:\/\/api.w.org\/{rel}","templated":true}]}}