{"id":1648,"date":"2017-04-21T14:26:25","date_gmt":"2017-04-21T14:26:25","guid":{"rendered":"http:\/\/moverdb.com\/?page_id=1648"},"modified":"2026-01-08T14:47:58","modified_gmt":"2026-01-08T14:47:58","slug":"cma-cgm","status":"publish","type":"page","link":"https:\/\/moverdb.com\/tr\/cma-cgm\/","title":{"rendered":"CMA CGM Group - Uluslararas\u0131 Nakliye Hizmetleri &amp; Yorumlar"},"content":{"rendered":"<p>CMA CGM Group m\u00fc\u015fterilerine \u00e7ok \u00e7e\u015fitli nakliye ve lojistik \u00e7\u00f6z\u00fcmleri sunmaktad\u0131r. Bunlar a\u015fa\u011f\u0131da bir \u015firket profili ve incelemelerle birlikte listelenmi\u015ftir.<\/p>\n<h3>Uluslararas\u0131 Nakliye<\/h3>\n<p><strong>Kuru Konteynerler<\/strong><\/p>\n<ul>\n<li> Genel kullan\u0131m konteynerleri (20'\/40'\/40\u2032 HC\/45\u2032 HC);<\/li>\n<li> Palet geni\u015fli\u011finde konteynerler (40\u2032 HC PW\/45\u2032 HC PW);<\/li>\n<li> \u00d6zel konteynerler (d\u00fcz rafl\u0131, \u00fcst\u00fc a\u00e7\u0131k, yanlar\u0131 a\u00e7\u0131k, platform, tank, vb.)<\/li>\n<li> Ki\u015fiselle\u015ftirilmi\u015f hizmet<\/li>\n<\/ul>\n<p><strong>Reefer Konteynerler<\/strong><\/p>\n<ul>\n<li> 20\u2032 RE\/40\u2032 RH Reefer konteynerler,<\/li>\n<li> Avrupa i\u00e7i ticarete adanm\u0131\u015f 45\u2032 RH Palet geni\u015fli\u011finde konteynerlerden olu\u015fan pazar\u0131n en b\u00fcy\u00fck filosu.<\/li>\n<li> \u00d6zel departman<\/li>\n<\/ul>\n<p><strong>XXL Kargo<\/strong><\/p>\n<ul>\n<li> Standart d\u0131\u015f\u0131 boyut ve a\u011f\u0131rl\u0131klara sahip kargolar\u0131n sevkiyat\u0131<\/li>\n<li> L\u00fcks arabalar<\/li>\n<li> Helikopterler<\/li>\n<li> B\u00fcy\u00fck makineler<\/li>\n<li> Demiryolu vagonlar\u0131<\/li>\n<li> B\u00fcy\u00fck boyutlu t\u00fcrbinler ve jenerat\u00f6rler<\/li>\n<li> D\u00f6kme y\u00fck ta\u015f\u0131mac\u0131l\u0131\u011f\u0131nda uzmanl\u0131k<\/li>\n<\/ul>\n<p><strong>\u0130\u00e7 Hatlar - Intermodal Hizmetler - Her K\u0131ta<\/strong><\/p>\n<ul>\n<li> Kapsaml\u0131 kap\u0131dan kap\u0131ya hizmet<\/li>\n<li> Ki\u015fiye \u00f6zel kara i\u00e7i \u00e7\u00f6z\u00fcmler - (demiryolu, karayolu ve nehir)<\/li>\n<li> Maliyet tasarrufu sa\u011flayan kap\u0131dan kap\u0131ya f\u0131rsatlarla tedarik zincirini optimize edin<\/li>\n<li> Cazip \u00f6zel g\u00f6zalt\u0131 ve demuraj<\/li>\n<li> Zaman\u0131nda teslimat i\u00e7in do\u011fru izleme<\/li>\n<li> \u00fczerinden kolay rezervasyon ve takip<a>e-i\u015f platformu<\/a><\/li>\n<\/ul>\n<p><strong>AQUAVIVA - Canl\u0131 Istakoz Nakliyesi<\/strong><\/p>\n<ul>\n<li> Kap\u0131dan kap\u0131ya hizmet<\/li>\n<li> Hem dondurucu hem de maliyetli hava ta\u015f\u0131mac\u0131l\u0131\u011f\u0131na yeni alternatif<\/li>\n<li> Do\u011fal \u0131stakoz habitat\u0131n\u0131 korur<\/li>\n<li> Uzun s\u00fcreli korumalarda bile ilk g\u00fcnk\u00fc tazeli\u011fi ve kaliteyi garanti eder<\/li>\n<li> \u00c7evreye sayg\u0131l\u0131<\/li>\n<\/ul>\n<p><strong>RORO (Roll on Roll off)<\/strong><\/p>\n<ul>\n<li> <strong><a href=\"https:\/\/moverdb.com\/tr\/moving-companies\/algeria\/\" data-internallinksmanager029f6b8e52c=\"166\" title=\"Cezayir&#039;deki En \u0130yi 3 Uluslararas\u0131 Nakliye \u015eirketi\">Cezayir<\/a><\/strong>: Mostaganem ve Oran'a bir servis ve B\u00e9ja'ya bir servis<\/li>\n<li> <strong><a href=\"https:\/\/moverdb.com\/tr\/moving-companies\/moving-companies-morocco\/\" data-internallinksmanager029f6b8e52c=\"287\" title=\"Fas&#039;taki En \u0130yi 4 Uluslararas\u0131 Nakliye \u015eirketi\">Fas<\/a><\/strong>: Kazablanka'ya bir servis<\/li>\n<li> <strong>Tunus<\/strong>: Rades ve La Goulette'e bir hizmet<\/li>\n<\/ul>\n<p><strong>Kargo Seferleri<\/strong><\/p>\n<ul>\n<li> M\u00fcrettebatla g\u00fcnl\u00fck hayat\u0131 payla\u015f\u0131n<\/li>\n<li> 170 denizcilik hatt\u0131, 450 <a href=\"https:\/\/moverdb.com\/tr\/top-49-container-ports\/\" data-internallinksmanager029f6b8e52c=\"80\" title=\"2025 Y\u0131l\u0131nda En B\u00fcy\u00fck ve En Yo\u011fun 49 Konteyner Liman\u0131\">Limanlar<\/a> ve 150 \u00fclke<\/li>\n<li> Birka\u00e7 g\u00fcn veya birka\u00e7 ay i\u00e7in rezervasyon yap\u0131n<\/li>\n<li> Bir g\u00fcn veya bir hafta karaya \u00e7\u0131k\u0131n ve bir sonraki gemiyi yakalay\u0131n<\/li>\n<\/ul>\n<h2>CMA CGM Group \u015eirket Profili<\/h2>\n<p>CMA CGM Grubu, 1978 y\u0131l\u0131nda Marsilya'da Compagnie Maritime d'Affr\u00e8tement (CMA) \u015firketini kuran Jacques R. Saad\u00e9 taraf\u0131ndan ba\u015flat\u0131lm\u0131\u015ft\u0131r. CMA'n\u0131n Beyrut, Lazkiye, Marsilya ve Livorno aras\u0131nda \u00e7al\u0131\u015fan bir gemisi ve d\u00f6rt \u00e7al\u0131\u015fan\u0131 vard\u0131. <\/p>\n<p>1980 y\u0131l\u0131na gelindi\u011finde CMA'n\u0131n iki gemisi, 65 personeli vard\u0131 ve Avrupa'da ofisler a\u00e7t\u0131. 1983 y\u0131l\u0131nda CMA, mallar\u0131n kap\u0131dan kap\u0131ya sevk edilmesini sa\u011flayan multimodal hizmetini ba\u015flatt\u0131.<\/p>\n<p>1999 y\u0131l\u0131nda CGM ve CMA birle\u015fti ve \u015firket d\u00fcnyada 12. s\u0131raya y\u00fckseldi. 2003 y\u0131l\u0131na gelindi\u011finde \u015firket 5. s\u0131raya y\u00fckselmi\u015fti.<sup>inci<\/sup> pozisyonunu alm\u0131\u015ft\u0131r. 2006 y\u0131l\u0131nda CMA CGM d\u00fcnyan\u0131n en b\u00fcy\u00fck 3.<sup>rd<\/sup> en b\u00fcy\u00fck <a href=\"https:\/\/moverdb.com\/tr\/nakli%cc%87ye-si%cc%87rketleri%cc%87\/\" target=\"_blank\" rel=\"noopener\">konteyner nakli\u0307ye ve ta\u015fimacilik \u015fi\u0307rketi\u0307<\/a>Bug\u00fcne kadar da \u00f6yle kalm\u0131\u015ft\u0131r.<\/p>\n<p>Bug\u00fcn CMA CGM grubu d\u00fcnya \u00e7ap\u0131nda yakla\u015f\u0131k 25.000 ki\u015fiyi istihdam etmekte ve d\u00fcnya \u00e7ap\u0131nda 64 ofis ve acenteye sahiptir. Biri Marsilya'da di\u011feri Norfolk'ta olmak \u00fczere iki ana merkezi bulunmaktad\u0131r, <a href=\"https:\/\/moverdb.com\/tr\/moving-to-the-united-states\/moving-to-virginia\/\" data-internallinksmanager029f6b8e52c=\"442\" title=\"Virginia&#039;ya Ta\u015f\u0131nmak m\u0131? 2026 Ya\u015fam Maliyetleri ve Yer De\u011fi\u015ftirme \u0130pu\u00e7lar\u0131\">Virginia<\/a>. \u015eirket 170 denizcilik hatt\u0131nda faaliyet g\u00f6stermekte ve 150 \u00fclkede 450 limana u\u011framaktad\u0131r. \u015eu anda d\u00fcnyan\u0131n en b\u00fcy\u00fck \u00fc\u00e7\u00fcnc\u00fc <a href=\"https:\/\/moverdb.com\/tr\/shipping-companies\/\" data-internallinksmanager029f6b8e52c=\"4\" title=\"En \u0130yi 10 Uluslararas\u0131 Konteyner Nakliye \u015eirketi\">nakli\u0307ye \u015fi\u0307rketi\u0307<\/a> ve 428 gemiden olu\u015fan bir filoya sahiptir.<\/p>\n<p>CMA CGM a\u015fa\u011f\u0131daki akreditasyonlara ve ba\u011flant\u0131lara sahiptir:<\/p>\n<ul>\n<li> Uluslararas\u0131 Gemi G\u00fcvenlik Sertifikas\u0131 (ISSC)<\/li>\n<li> G\u00fcvenlik Y\u00f6netimi Sertifikas\u0131 (SMC)<\/li>\n<li> Denizcilik \u00c7al\u0131\u015fma S\u00f6zle\u015fmesi (MLC)<\/li>\n<li> <a href=\"https:\/\/moverdb.com\/tr\/dunya-gemi%cc%87ci%cc%87li%cc%87k-konseyi%cc%87\/\">D\u00fcnya Denizcilik Konseyi<\/a> (<a href=\"https:\/\/moverdb.com\/tr\/world-shipping-council\/\" data-internallinksmanager029f6b8e52c=\"82\" title=\"D\u00fcnya Denizcilik Konseyi (WSC) A\u00e7\u0131klamas\u0131\">WSC<\/a>)<\/li>\n<\/ul>\n<h2>CMA CGM Grup Yorumlar\u0131<\/h2>\n<p><em>Bu yaz\u0131n\u0131n yaz\u0131ld\u0131\u011f\u0131 s\u0131rada CMA CGM Group'un nakliye hizmetleri hakk\u0131nda \u00e7evrimi\u00e7i olarak yap\u0131lm\u0131\u015f herhangi bir de\u011ferlendirme bulamad\u0131k.<\/em><\/p>\n<div itemprop=\"review\" itemscope itemtype=\"http:\/\/schema.org\/Review\">\n<strong><span itemprop=\"author\" itemscope=\"\" itemtype=\"http:\/\/schema.org\/Organization\"><span itemprop=\"name\">MoverDB.com<\/span><\/span> \u00c7evrimi\u00e7i Web Sitesi \u0130ncelemesi i\u00e7in <span itemprop=\"itemreviewed\" itemscope=\"\" itemtype=\"http:\/\/schema.org\/Brand\"><span itemprop=\"name\">CMA CGM Grup<\/span><\/span>:<\/strong><\/p>\n<ol>\n<li> Web sitesinde a\u00e7\u0131k ileti\u015fim bilgileri (telefon numaras\u0131 dahil): <strong>Evet<\/strong><\/li>\n<li> Almas\u0131 kolay <a href=\"https:\/\/moverdb.com\/tr\/container-shipping\/\" data-internallinksmanager029f6b8e52c=\"3\" title=\"Uluslararas\u0131 Konteyner Nakliye Fiyatlar\u0131 Tablosu: Nisan 2026\">uluslararasi g\u00f6nderi\u0307m<\/a> teklifler? (\u00c7evrimi\u00e7i fiyat teklifi talep formu): <strong>Hay\u0131r<\/strong>G\u00f6r\u00fcn\u00fc\u015fe g\u00f6re fiyat teklifi almak i\u00e7in kay\u0131t olman\u0131z gerekiyor.<\/li>\n<li> Web sitesinde net bilgiler: <strong>Evet,<\/strong> web sitesinde t\u00fcm hizmetleri hakk\u0131nda ayr\u0131nt\u0131l\u0131 bilgi bulunmaktad\u0131r.<\/li>\n<li> Uluslararas\u0131 tan\u0131nm\u0131\u015f denizcilik kurulu\u015flar\u0131na \u00fcyelik: <strong>Evet<\/strong><\/li>\n<li> M\u00fc\u015fterilerin listesi ve\/veya \u00f6nceki m\u00fc\u015fteri referanslar\u0131. <strong>Hay\u0131r,<\/strong> web sitelerinde listelenen hi\u00e7bir \u015fey yok.<\/li>\n<\/ol>\n<div itemprop=\"reviewRating\" itemscope itemtype=\"http:\/\/schema.org\/Rating\"><meta itemprop=\"worstRating\" content = \"0\" \/><meta itemprop=\"bestRating\" content=\"5\" \/><meta itemprop=\"ratingValue\" content=\"3.5\"><\/div>\n<p><strong>Genel puan: 3,5\/5<\/strong><br \/>\n<strong>\u0130nceleme Tarihi:<\/strong> <span itemprop=\"datePublished\" content=\"2017-04-21\">21\/04\/2017<\/span>\n<\/div>\n<p>Di\u011ferleri hakk\u0131nda daha fazla bilgi <a href=\"https:\/\/moverdb.com\/tr\/nakli%cc%87ye-si%cc%87rketleri%cc%87\/\">uluslararas\u0131 nakliye \u015firketleri<\/a>, <a href=\"https:\/\/moverdb.com\/tr\/konteyner-tasimaciligi\/\">konteyner nakliye \u00fccretleri<\/a> ve bizim <a href=\"https:\/\/moverdb.com\/tr\/yorumlar\/\">g\u00f6zden ge\u00e7irme s\u00fcreci<\/a>.<\/p>\n<p><strong>Web sitesi:<\/strong> <a href=\"http:\/\/www.cma-cgm.com\/\" target=\"_blank\" rel=\"noopener\">http:\/\/www.cma-cgm.com\/<\/a><\/p>","protected":false},"excerpt":{"rendered":"<p>CMA CGM Group offers its clients a wide range of shipping and logistics solutions. These are listed below together with a company profile and reviews. International Shipping Dry Containers General-use containers (20&#8217;\/40&#8217;\/40&#8242; HC\/45&#8242; HC); Pallet wide containers (40&#8242; HC PW\/45&#8242; HC PW); Specialised containers (flat-rack, open-top, open-side, platform, tank, etc.) Personalised service Reefer Containers 20&#8242; [&hellip;]<\/p>\n","protected":false},"author":1,"featured_media":0,"parent":0,"menu_order":0,"comment_status":"closed","ping_status":"closed","template":"","meta":{"_genesis_hide_title":false,"_genesis_hide_breadcrumbs":false,"_genesis_hide_singular_image":false,"_genesis_hide_footer_widgets":false,"_genesis_custom_body_class":"","_genesis_custom_post_class":"","_genesis_layout":"","footnotes":""},"class_list":{"0":"post-1648","1":"page","2":"type-page","3":"status-publish","5":"entry"},"_links":{"self":[{"href":"https:\/\/moverdb.com\/tr\/wp-json\/wp\/v2\/pages\/1648","targetHints":{"allow":["GET"]}}],"collection":[{"href":"https:\/\/moverdb.com\/tr\/wp-json\/wp\/v2\/pages"}],"about":[{"href":"https:\/\/moverdb.com\/tr\/wp-json\/wp\/v2\/types\/page"}],"author":[{"embeddable":true,"href":"https:\/\/moverdb.com\/tr\/wp-json\/wp\/v2\/users\/1"}],"replies":[{"embeddable":true,"href":"https:\/\/moverdb.com\/tr\/wp-json\/wp\/v2\/comments?post=1648"}],"version-history":[{"count":5,"href":"https:\/\/moverdb.com\/tr\/wp-json\/wp\/v2\/pages\/1648\/revisions"}],"predecessor-version":[{"id":6192,"href":"https:\/\/moverdb.com\/tr\/wp-json\/wp\/v2\/pages\/1648\/revisions\/6192"}],"wp:attachment":[{"href":"https:\/\/moverdb.com\/tr\/wp-json\/wp\/v2\/media?parent=1648"}],"curies":[{"name":"wp","href":"https:\/\/api.w.org\/{rel}","templated":true}]}}