{"id":1642,"date":"2017-07-04T10:17:22","date_gmt":"2017-07-04T10:17:22","guid":{"rendered":"http:\/\/moverdb.com\/?page_id=1642"},"modified":"2026-01-08T14:48:07","modified_gmt":"2026-01-08T14:48:07","slug":"tac-tasima","status":"publish","type":"page","link":"https:\/\/moverdb.com\/tr\/crown-moving\/","title":{"rendered":"Crown Moving Co Inc - Uluslararas\u0131 Ta\u015f\u0131mac\u0131l\u0131k Yorumlar\u0131"},"content":{"rendered":"<p>Crown Moving Co Inc'in merkezi <a href=\"https:\/\/moverdb.com\/tr\/seattlea-tasinmak\/\">Seattle<\/a> ve m\u00fc\u015fterilerine \u00e7e\u015fitli hizmetler sundu. Bunlar a\u015fa\u011f\u0131da bir \u015firket profili ve incelemelerle birlikte listelenmi\u015ftir.<\/p>\n<p><strong>Uluslararas\u0131 Ta\u015f\u0131malar<\/strong><\/p>\n<p>Atama \u00d6ncesi Hizmetler<\/p>\n<ul>\n<li> Vize ve g\u00f6\u00e7menlik hizmetleri<\/li>\n<li> \u00d6n izleme gezisi ve alan oryantasyonu<\/li>\n<li> \u00dclke ve k\u00fclt\u00fcr bilgileri<\/li>\n<\/ul>\n<p>Ta\u015f\u0131nma Hizmetleri<\/p>\n<ul>\n<li> Ta\u015f\u0131nma \u00f6ncesi planlama<\/li>\n<li> E\u015fyalar\u0131n ta\u015f\u0131nmas\u0131<\/li>\n<li> Ta\u015f\u0131nman\u0131n y\u00f6netilmesi<\/li>\n<li> G\u00f6nderi takibi<\/li>\n<\/ul>\n<p>Uluslararas\u0131 Destinasyon Hizmetleri<\/p>\n<ul>\n<li> K\u00fclt\u00fcrel ve dil e\u011fitimi<\/li>\n<li> Okul yard\u0131m\u0131<\/li>\n<li> Partner\/e\u015f deste\u011fi<\/li>\n<li> Hizmete yerle\u015fme<\/li>\n<li> Kalk\u0131\u015f yard\u0131m\u0131<\/li>\n<\/ul>\n<p>Koruma Hizmetleri<\/p>\n<ul>\n<li> A\u011f\u0131rl\u0131k \u00e7arpan\u0131<\/li>\n<li> Y\u00fcksek de\u011ferli envanter<\/li>\n<li> Kalem kalem de\u011ferlenmi\u015f envanter<\/li>\n<\/ul>\n<p>Konut Yard\u0131m\u0131<\/p>\n<ul>\n<li> Ev bulma hizmetleri<\/li>\n<li> Ge\u00e7ici konaklama<\/li>\n<li> M\u00fclk ve kira y\u00f6netimi<\/li>\n<\/ul>\n<p><strong>Yerel ve Uzun Mesafe Ta\u015f\u0131malar\u0131<\/strong><\/p>\n<ul>\n<li> Ki\u015fisel ta\u015f\u0131nma y\u00f6neticisi<\/li>\n<li> Kap\u0131dan kap\u0131ya servis<\/li>\n<li> Tam hizmet paketleme, k\u0131r\u0131lgan paketleme veya kendi kendine paketleme<\/li>\n<li> Mobilyalar\u0131n demontaj\u0131 ve yeniden montaj\u0131<\/li>\n<li> Ambalaj a\u00e7ma hizmeti<\/li>\n<li> Sigorta ayarland\u0131<\/li>\n<li> K\u0131sa ve uzun s\u00fcreli depolama<\/li>\n<\/ul>\n<p><strong>Ofis, End\u00fcstriyel ve Ticari Fuarlar<\/strong><\/p>\n<ul>\n<li> Ki\u015fisel ta\u015f\u0131nma dan\u0131\u015fman\u0131<\/li>\n<li> Hassas planlama<\/li>\n<li> Kap\u0131dan kap\u0131ya<\/li>\n<li> Paketleme<\/li>\n<li> Mesai sonras\u0131 ve hafta sonu ta\u015f\u0131nmalar\u0131<\/li>\n<li> Mobilyalar\u0131n demontaj\u0131 ve yeniden montaj\u0131<\/li>\n<li> Paketten \u00c7\u0131karma<\/li>\n<li> BT s\u00f6k\u00fcm\u00fc ve kurulumu<\/li>\n<li> Uzun ve k\u0131sa s\u00fcreli depolama<\/li>\n<\/ul>\n<p><strong>Depolama<\/strong><\/p>\n<ul>\n<li> Uzun ve k\u0131sa vadeli<\/li>\n<li> S\u0131cakl\u0131k kontroll\u00fc kay\u0131t depolama<\/li>\n<li> 7\/24 CCTV<\/li>\n<li> Yang\u0131ndan korunma<\/li>\n<\/ul>\n<h2>Crown Moving Co Inc \u015eirket Profili<\/h2>\n<p><em><strong>L\u00fctfen dikkat<\/strong>: Crown Moving Co Inc \u015fimdi kapand\u0131. M\u00fc\u015fterilerine kullanmalar\u0131n\u0131 tavsiye ediyorlar: <a href=\"https:\/\/moverdb.com\/tr\/bekins-van-lines\/\">Bekins Kuzeybat\u0131<\/a> onun yerine.<\/em><\/p>\n<p>Crown Moving Co Inc 1967 y\u0131l\u0131nda kurulmu\u015ftur ve merkezi <a href=\"https:\/\/moverdb.com\/tr\/moving-to-seattle\/\" data-internallinksmanager029f6b8e52c=\"65\" title=\"Seattle&#039;a m\u0131 ta\u015f\u0131n\u0131yorsunuz? 2026 Ya\u015fam Maliyetleri &amp; Yer De\u011fi\u015ftirme \u0130pu\u00e7lar\u0131\">Seattle<\/a>Washington'da kuruldu. 1978 y\u0131l\u0131nda \u015firket sat\u0131n al\u0131nd\u0131 ve Moses Lake ve Spokane'de yeni ofisler a\u00e7\u0131ld\u0131. <\/p>\n<p>Crown Moving \u015fu \u015firketlerin acentesi oldu <a href=\"https:\/\/moverdb.com\/tr\/mayflower-transit\/\">Mayflower<\/a> 1982'de kuruldu ve bu nedenle Mayflower'\u0131n t\u00fcm uzmanl\u0131\u011f\u0131n\u0131n yan\u0131 s\u0131ra kendi uzmanl\u0131klar\u0131ndan da yararland\u0131lar. \u015eirket Mayflower'\u0131n Washington'daki en b\u00fcy\u00fck acentesiydi.<\/p>\n<p>Crown Moving Co Inc a\u015fa\u011f\u0131daki akreditasyonlara ve ba\u011flant\u0131lara sahipti:<\/p>\n<ul>\n<li> <a href=\"https:\/\/moverdb.com\/tr\/amsa\/\">Amerikan Ta\u015f\u0131mac\u0131lar Birli\u011fi<\/a> (<a href=\"https:\/\/moverdb.com\/tr\/amsa\/\" data-internallinksmanager029f6b8e52c=\"5\" title=\"Amerikan Ta\u015f\u0131nma ve Depolama Birli\u011fi (AMSA) A\u00e7\u0131klamas\u0131\">AMSA<\/a>)<\/li>\n<li> Better Business Bureau (BBB)<\/li>\n<\/ul>\n<p><strong>Crown Moving Co Inc Yorumlar\u0131<\/strong><\/p>\n<p><strong>Olumlu:<\/strong><\/p>\n<ul>\n<li> <em>\"Hey tam zaman\u0131nda geldi, harika ki\u015filikleri vard\u0131 ve hemen ekstra \u00f6zenle ta\u015f\u0131nmas\u0131n\u0131 istedi\u011fim kritik e\u015fyalar hakk\u0131nda konu\u015fmaya ba\u015flad\u0131k.\"<\/em> Jackie R arac\u0131l\u0131\u011f\u0131yla <a href=\"https:\/\/www.yelp.com\/biz\/crown-moving-co-seattle-2?hrid=jSdhPA7gxsSt8Syf1zSn4w&#038;utm_campaign=www_review_share_popup&#038;utm_medium=copy_link&#038;utm_source=(direct)\" target=\"_blank\" rel=\"noopener\">Yelp<\/a><\/li>\n<li> <em>\"Crown, ordu taraf\u0131ndan y\u00f6nlendirilen g\u00f6rev yeri de\u011fi\u015fikli\u011fimi tamamlad\u0131.\" <\/em> Timothy M arac\u0131l\u0131\u011f\u0131yla <a href=\"https:\/\/www.bbb.org\/\" target=\"_blank\" rel=\"noopener\">BBB<\/a><\/li>\n<\/ul>\n<p><strong>Olumsuz:<\/strong><\/p>\n<ul>\n<li> <em>\"Crown Moving ile ya\u015fad\u0131\u011f\u0131m deneyim umar\u0131m k\u0131sa s\u00fcrede unutaca\u011f\u0131m bir deneyim olur.\"<\/em> - Rob D. arac\u0131l\u0131\u011f\u0131yla <a href=\"https:\/\/www.yelp.com\/biz\/crown-moving-co-seattle-2?hrid=i13sBXhBe0pzOXO2FJYCQQ&#038;utm_campaign=www_review_share_popup&#038;utm_medium=copy_link&#038;utm_source=(direct)\" target=\"_blank\" rel=\"noopener\">Yelp<\/a><\/li>\n<\/ul>\n<div itemprop=\"review\" itemscope itemtype=\"http:\/\/schema.org\/Review\">\n<span itemprop=\"author\" itemscope=\"\" itemtype=\"http:\/\/schema.org\/Organization\"><span itemprop=\"name\">MoverDB.com<\/span><\/span> \u00c7evrimi\u00e7i Web Sitesi \u0130ncelemesi i\u00e7in <span itemprop=\"itemreviewed\" itemscope=\"\" itemtype=\"http:\/\/schema.org\/Brand\"><span itemprop=\"name\">Crown Ta\u015f\u0131mac\u0131l\u0131k A.\u015e.<\/span><\/span>:<\/p>\n<ol>\n<li> Web sitesinde a\u00e7\u0131k ileti\u015fim bilgileri (telefon numaras\u0131 dahil): <strong>Evet<\/strong><\/li>\n<li> Almas\u0131 kolay <a href=\"https:\/\/moverdb.com\/tr\/alintilar\/\">uluslararas\u0131 ta\u015f\u0131ma teklifleri<\/a>? (\u00c7evrimi\u00e7i tahmin talep formu): <strong>Evet<\/strong><\/li>\n<li> Web sitesinde net bilgiler: <strong>Hay\u0131r<\/strong><\/li>\n<li> Uluslararas\u0131 tan\u0131nm\u0131\u015f ta\u015f\u0131ma organizasyonlar\u0131na \u00fcyelik: <strong>Evet<\/strong>, (yukar\u0131ya bak\u0131n)<\/li>\n<li> M\u00fc\u015fterilerin listesi ve\/veya \u00f6nceki m\u00fc\u015fteri referanslar\u0131. <strong>\u0130lgili de\u011fil,<\/strong> \u015eirket iflas etti\u011fi i\u00e7in.<\/li>\n<\/ol>\n<div itemprop=\"reviewRating\" itemscope itemtype=\"http:\/\/schema.org\/Rating\"><meta itemprop=\"worstRating\" content = \"0\" \/><meta itemprop=\"bestRating\" content=\"5\" \/><meta itemprop=\"ratingValue\" content=\"4\"><\/div>\n<p><strong>Genel puan: 4\/5<\/strong><br \/>\n<strong>\u0130nceleme Tarihi:<\/strong> <span itemprop=\"datePublished\" content=\"2017-07-04\">04\/07\/2017<\/span>\n<\/div>\n<p>Hakk\u0131nda daha fazlas\u0131n\u0131 okuyun <a href=\"https:\/\/moverdb.com\/tr\/tasinma-si%cc%87rketleri%cc%87\/\">uluslararas\u0131 ta\u015f\u0131ma \u015firketleri<\/a>, <a href=\"https:\/\/moverdb.com\/tr\/us-canada-movers\/\">ev ta\u015fima \u015fi\u0307rketleri\u0307<\/a> ve bizim <a href=\"https:\/\/moverdb.com\/tr\/yorumlar\/\">i\u0307nceleme s\u00fcreci\u0307 a\u00e7iklandi<\/a>.<\/p>\n<p><strong>Web sitesi:<\/strong> <a href=\"http:\/\/www.crownmoving.com\/\" target=\"_blank\" rel=\"noopener\">http:\/\/www.crownmoving.com\/<\/a><\/p>","protected":false},"excerpt":{"rendered":"<p>Crown Moving Co Inc was based in Seattle and offered its customers a variety of services. These are listed below together with a company profile and reviews. International Moves Pre-assignment Services Visa and immigration services Preview trip and area orientation Country and culture information Moving Services Pre-move planning Transportation of belongings Managing the move Shipment [&hellip;]<\/p>\n","protected":false},"author":1,"featured_media":0,"parent":0,"menu_order":0,"comment_status":"closed","ping_status":"closed","template":"","meta":{"_genesis_hide_title":false,"_genesis_hide_breadcrumbs":false,"_genesis_hide_singular_image":false,"_genesis_hide_footer_widgets":false,"_genesis_custom_body_class":"","_genesis_custom_post_class":"","_genesis_layout":"","footnotes":""},"class_list":{"0":"post-1642","1":"page","2":"type-page","3":"status-publish","5":"entry"},"_links":{"self":[{"href":"https:\/\/moverdb.com\/tr\/wp-json\/wp\/v2\/pages\/1642","targetHints":{"allow":["GET"]}}],"collection":[{"href":"https:\/\/moverdb.com\/tr\/wp-json\/wp\/v2\/pages"}],"about":[{"href":"https:\/\/moverdb.com\/tr\/wp-json\/wp\/v2\/types\/page"}],"author":[{"embeddable":true,"href":"https:\/\/moverdb.com\/tr\/wp-json\/wp\/v2\/users\/1"}],"replies":[{"embeddable":true,"href":"https:\/\/moverdb.com\/tr\/wp-json\/wp\/v2\/comments?post=1642"}],"version-history":[{"count":5,"href":"https:\/\/moverdb.com\/tr\/wp-json\/wp\/v2\/pages\/1642\/revisions"}],"predecessor-version":[{"id":6198,"href":"https:\/\/moverdb.com\/tr\/wp-json\/wp\/v2\/pages\/1642\/revisions\/6198"}],"wp:attachment":[{"href":"https:\/\/moverdb.com\/tr\/wp-json\/wp\/v2\/media?parent=1642"}],"curies":[{"name":"wp","href":"https:\/\/api.w.org\/{rel}","templated":true}]}}