{"id":1628,"date":"2017-04-24T11:01:52","date_gmt":"2017-04-24T11:01:52","guid":{"rendered":"http:\/\/moverdb.com\/?page_id=1628"},"modified":"2026-01-08T14:48:18","modified_gmt":"2026-01-08T14:48:18","slug":"evergreen-marine","status":"publish","type":"page","link":"https:\/\/moverdb.com\/tr\/evergreen-marine\/","title":{"rendered":"Evergreen Marine (Line) - Uluslararas\u0131 Nakliye Hizmetleri &amp; Yorumlar"},"content":{"rendered":"<p>Evergreen Line olarak da bilinen Evergreen Marine, Tayvanl\u0131 bir konteyner ta\u015f\u0131mac\u0131l\u0131\u011f\u0131 ve <a href=\"https:\/\/moverdb.com\/tr\/shipping-companies\/\" data-internallinksmanager029f6b8e52c=\"4\" title=\"En \u0130yi 10 Uluslararas\u0131 Konteyner Nakliye \u015eirketi\">nakli\u0307ye \u015fi\u0307rketi\u0307<\/a>. M\u00fc\u015fterilerine geni\u015f bir hizmet yelpazesi sunmaktad\u0131r. Bunlar a\u015fa\u011f\u0131da bir \u015firket profili ve incelemelerle birlikte listelenmi\u015ftir.<\/p>\n<h3>Uluslararas\u0131 Nakliye<\/h3>\n<p><strong>Hepsi Bir Arada Hizmet<\/strong><\/p>\n<ul>\n<li> Sevkiyata genel bak\u0131\u015f<\/li>\n<li> Rezervasyon<\/li>\n<li> B\/L talimat\u0131<\/li>\n<li> B\/L redaksiyonu<\/li>\n<li> <a href=\"https:\/\/moverdb.com\/tr\/moving-to-the-united-states\/\" data-internallinksmanager029f6b8e52c=\"94\" title=\"Amerika Birle\u015fik Devletleri&#039;ne mi ta\u015f\u0131n\u0131yorsunuz? 2026 Ya\u015fam Maliyetleri ve Yer De\u011fi\u015ftirme \u0130pu\u00e7lar\u0131\">ABD<\/a> \u0130thalat\u00e7\u0131 G\u00fcvenlik Dosyalamas\u0131 (ISF)<\/li>\n<\/ul>\n<p><strong>Intermodal Hizmetler<\/strong><\/p>\n<ul>\n<li> Kap\u0131dan kap\u0131ya teslimat<\/li>\n<li> Deniz, nehir, karayolu ve demiryolu<\/li>\n<\/ul>\n<p><strong>Kuru Y\u00fck Konteynerleri<\/strong><\/p>\n<ul>\n<li> \u00d6zel olarak atanm\u0131\u015f sat\u0131\u015f eleman\u0131<\/li>\n<li> 20\u2032 \u00e7elik kuru y\u00fck konteyneri<\/li>\n<li> 40\u2032 \u00e7elik kuru y\u00fck konteyneri<\/li>\n<li> 40\u2032 Hi-Cube kuru y\u00fck konteyneri<\/li>\n<li> 45\u2032 Hi-Cube kuru y\u00fck konteyneri<\/li>\n<\/ul>\n<p><strong>Reefer Konteyner<\/strong><\/p>\n<ul>\n<li> 20\u2032 MGSS so\u011futmal\u0131 konteyner<\/li>\n<li> 20\u2032 al\u00fcminyum so\u011futmal\u0131 konteyner<\/li>\n<li> 40\u2032 Hi-Cube so\u011futmal\u0131 konteyner<\/li>\n<li> 40\u2032 Hi-Cube al\u00fcminyum so\u011futmal\u0131 konteyner<\/li>\n<\/ul>\n<p><strong>\u00d6zel Konteyner<\/strong><\/p>\n<ul>\n<li> 20\u2032 tam boy \u00fcst\u00fc a\u00e7\u0131k konteyner<\/li>\n<li> D\u00f6rt ba\u011f\u0131ms\u0131z direkli 20\u2032 d\u00fcz raf konteyneri<\/li>\n<li> Katlanabilir u\u00e7lu 20\u2032 d\u00fcz rafl\u0131 konteyner<\/li>\n<li> D\u00f6rt ba\u011f\u0131ms\u0131z direkli 40\u2032 d\u00fcz rafl\u0131 konteyner<\/li>\n<li> Katlanabilir u\u00e7lu 40\u2032 d\u00fcz rafl\u0131 konteyner<\/li>\n<li> 40\u2032 tam boy \u00fcst\u00fc a\u00e7\u0131k konteyner<\/li>\n<li> 40\u2032 Hi-cube hangar konteyneri<\/li>\n<\/ul>\n<h2>Evergreen Marine \u015eirket Profili<\/h2>\n<p>Evergreen Group'un ilk \u015firketi olan Evergreen Marine Corporation, 1 Ocak 2013 tarihinde Tayvan'da kurulmu\u015ftur.<sup>st<\/sup> Eyl\u00fcl 1968'de Dr. Yung-Fa Chang taraf\u0131ndan ikinci el bir kargo gemisiyle kuruldu. Evergreen ba\u015flad\u0131 <a href=\"https:\/\/moverdb.com\/tr\/container-shipping\/\" data-internallinksmanager029f6b8e52c=\"3\" title=\"Uluslararas\u0131 Konteyner Nakliye Fiyatlar\u0131 Tablosu: Nisan 2026\">konteyner ta\u015f\u0131mac\u0131l\u0131\u011f\u0131<\/a> 1975 y\u0131l\u0131nda kuruldu ve 1985 y\u0131l\u0131na gelindi\u011finde \u015firket konteyner ta\u015f\u0131mac\u0131l\u0131\u011f\u0131nda d\u00fcnyan\u0131n en b\u00fcy\u00fc\u011f\u00fc haline geldi.<\/p>\n<p>\u015eu anda 'Evergreen Line' markas\u0131 alt\u0131nda Evergreen Marine Corp. (Tayvan) Ltd., Evergreen Marine (<a href=\"https:\/\/moverdb.com\/tr\/moving-to-the-uk\/\" data-internallinksmanager029f6b8e52c=\"93\" title=\"Birle\u015fik Krall\u0131k&#039;a m\u0131 ta\u015f\u0131n\u0131yorsunuz? 2026 Ya\u015fam Maliyetleri &amp; Yer De\u011fi\u015ftirme \u0130pu\u00e7lar\u0131\">BIRLE\u015eIK KRALLIK<\/a>) Ltd., Evergreen Marine (<a href=\"https:\/\/moverdb.com\/tr\/moving-to-hong-kong\/\" data-internallinksmanager029f6b8e52c=\"350\" title=\"Hong Kong&#039;a m\u0131 ta\u015f\u0131n\u0131yorsunuz? 2026 Ya\u015fam Maliyetleri &amp; Yer De\u011fi\u015ftirme \u0130pu\u00e7lar\u0131\">Hong Kong<\/a>) Ltd., Italia Marittima S.p.A. ve Evergreen Marine (<a href=\"https:\/\/moverdb.com\/tr\/moving-to-singapore\/\" data-internallinksmanager029f6b8e52c=\"68\" title=\"Singapur&#039;a m\u0131 Ta\u015f\u0131n\u0131yorsunuz? 2026 Ya\u015fam Maliyetleri &amp; Yer De\u011fi\u015ftirme \u0130pu\u00e7lar\u0131\">Singapur<\/a>) Pte Ltd.<\/p>\n<p>Evergreen, \u00e7evre \u00fczerinde m\u00fcmk\u00fcn olan en az etkiyi yaratmak i\u00e7in \u00f6zel olarak tasarlanm\u0131\u015f 7024 TEU'luk S serisi gemileriyle ad\u0131n\u0131n hakk\u0131n\u0131 veriyor.<\/p>\n<p>Evergreen Marine a\u015fa\u011f\u0131daki akreditasyonlara ve ba\u011flant\u0131lara sahiptir:<\/p>\n<ul>\n<li> ISO 9001 2000<\/li>\n<li> ISO 9002<\/li>\n<li> Uluslararas\u0131 Emniyet Y\u00f6netimi (ISM)<\/li>\n<li> SOLAS<\/li>\n<li> OPA90<\/li>\n<li> IMDG<\/li>\n<li> <a href=\"https:\/\/moverdb.com\/tr\/dunya-gemi%cc%87ci%cc%87li%cc%87k-konseyi%cc%87\/\">D\u00fcnya Denizcilik Konseyi<\/a> (<a href=\"https:\/\/moverdb.com\/tr\/world-shipping-council\/\" data-internallinksmanager029f6b8e52c=\"82\" title=\"D\u00fcnya Denizcilik Konseyi (WSC) A\u00e7\u0131klamas\u0131\">WSC<\/a>)<\/li>\n<li> Pasifik Sera Gaz\u0131 \u00d6l\u00e7\u00fcm\u00fc (PGGM)<\/li>\n<\/ul>\n<h2>Evergreen Marine Yorumlar\u0131<\/h2>\n<p>Yay\u0131n s\u0131ras\u0131nda Evergreen Marine veya Evergreen hatlar\u0131 i\u00e7in \u00e7evrimi\u00e7i olarak herhangi bir olumlu veya olumsuz yorum bulamad\u0131k.<\/p>\n<div itemprop=\"review\" itemscope itemtype=\"http:\/\/schema.org\/Review\">\n<strong><span itemprop=\"author\" itemscope=\"\" itemtype=\"http:\/\/schema.org\/Organization\"><span itemprop=\"name\">MoverDB.com<\/span><\/span> \u00c7evrimi\u00e7i Web Sitesi \u0130ncelemesi i\u00e7in <span itemprop=\"itemreviewed\" itemscope=\"\" itemtype=\"http:\/\/schema.org\/Brand\"><span itemprop=\"name\">Evergreen Denizcilik<\/span><\/span>:<\/strong><\/p>\n<ol>\n<li> Web sitesinde a\u00e7\u0131k ileti\u015fim bilgileri (telefon numaras\u0131 dahil): <strong>Evet<\/strong><\/li>\n<li> Uluslararas\u0131 nakliye teklifleri almak kolay m\u0131? (\u00c7evrimi\u00e7i tahmin talep formu): <strong>Evet<\/strong>ileti\u015fim formu arac\u0131l\u0131\u011f\u0131yla talep edilebilir.<\/li>\n<li> Web sitesinde net bilgiler: <strong>Evet,<\/strong> web sitesinde t\u00fcm hizmetleri hakk\u0131nda ayr\u0131nt\u0131l\u0131 bilgi bulunmaktad\u0131r.<\/li>\n<li> Uluslararas\u0131 tan\u0131nm\u0131\u015f denizcilik kurulu\u015flar\u0131na \u00fcyelik: <strong>Evet<\/strong><\/li>\n<li> M\u00fc\u015fterilerin listesi ve\/veya \u00f6nceki m\u00fc\u015fteri referanslar\u0131. <strong>Hay\u0131r,<\/strong> web sitelerinde listelenen hi\u00e7bir \u015fey yok.<\/li>\n<\/ol>\n<div itemprop=\"reviewRating\" itemscope itemtype=\"http:\/\/schema.org\/Rating\"><meta itemprop=\"worstRating\" content = \"0\" \/><meta itemprop=\"bestRating\" content=\"5\" \/><meta itemprop=\"ratingValue\" content=\"4\"><\/div>\n<p><strong>Genel puan: 4\/5<\/strong><br \/>\n<strong>\u0130nceleme Tarihi:<\/strong> <span itemprop=\"datePublished\" content=\"2017-04-24\">24\/04\/2017<\/span>\n<\/div>\n<p>Di\u011ferleri hakk\u0131nda daha fazla bilgi <a href=\"https:\/\/moverdb.com\/tr\/nakli%cc%87ye-si%cc%87rketleri%cc%87\/\">konteyner nakli\u0307ye \u015fi\u0307rketleri\u0307<\/a>, <a href=\"https:\/\/moverdb.com\/tr\/konteyner-tasimaciligi\/\">uluslararas\u0131 konteyner nakliye maliyetleri<\/a> ve bizim <a href=\"https:\/\/moverdb.com\/tr\/yorumlar\/\">g\u00f6zden ge\u00e7irme s\u00fcreci<\/a>.<\/p>\n<p><strong>Web siteleri:<\/strong> <\/p>\n<ul>\n<li> <a href=\"http:\/\/www.evergreen-line.com\/\" target=\"_blank\" rel=\"noopener\">http:\/\/www.evergreen-line.com\/<\/a><\/li>\n<li> <a href=\"http:\/\/www.evergreen-marine.co.uk\/\" target=\"_blank\" rel=\"noopener\">http:\/\/www.evergreen-marine.co.uk\/<\/a><\/li>\n<li> <a href=\"http:\/\/www.evergreen-marine.com\/\" target=\"_blank\" rel=\"noopener\">http:\/\/www.evergreen-marine.com\/<\/a><\/li>\n<li> <a href=\"http:\/\/www.evergreen-marine.com.hk\/\" target=\"_blank\" rel=\"noopener\">http:\/\/www.evergreen-marine.com.hk\/<\/a><\/li>\n<li> <a href=\"http:\/\/www.evergreen-marine.com.sg\/\" target=\"_blank\" rel=\"noopener\">http:\/\/www.evergreen-marine.com.sg\/<\/a><\/li>\n<li> <a href=\"http:\/\/www.italiamarittima.it\/\" target=\"_blank\" rel=\"noopener\">http:\/\/www.italiamarittima.it\/<\/a><\/li>\n<\/ul>","protected":false},"excerpt":{"rendered":"<p>Evergreen Marine, also known as Evergreen Line, is a Taiwanese container transportation and shipping company. It offers its clients a wide array of services. These are listed below together with a company profile and reviews. International Shipping All-in-one Service Shipment overview Booking B\/L instruction B\/L proofreading US importer security filing (ISF) Intermodal Services Door to [&hellip;]<\/p>\n","protected":false},"author":1,"featured_media":0,"parent":0,"menu_order":0,"comment_status":"closed","ping_status":"closed","template":"","meta":{"_genesis_hide_title":false,"_genesis_hide_breadcrumbs":false,"_genesis_hide_singular_image":false,"_genesis_hide_footer_widgets":false,"_genesis_custom_body_class":"","_genesis_custom_post_class":"","_genesis_layout":"","footnotes":""},"class_list":{"0":"post-1628","1":"page","2":"type-page","3":"status-publish","5":"entry"},"_links":{"self":[{"href":"https:\/\/moverdb.com\/tr\/wp-json\/wp\/v2\/pages\/1628","targetHints":{"allow":["GET"]}}],"collection":[{"href":"https:\/\/moverdb.com\/tr\/wp-json\/wp\/v2\/pages"}],"about":[{"href":"https:\/\/moverdb.com\/tr\/wp-json\/wp\/v2\/types\/page"}],"author":[{"embeddable":true,"href":"https:\/\/moverdb.com\/tr\/wp-json\/wp\/v2\/users\/1"}],"replies":[{"embeddable":true,"href":"https:\/\/moverdb.com\/tr\/wp-json\/wp\/v2\/comments?post=1628"}],"version-history":[{"count":3,"href":"https:\/\/moverdb.com\/tr\/wp-json\/wp\/v2\/pages\/1628\/revisions"}],"predecessor-version":[{"id":6206,"href":"https:\/\/moverdb.com\/tr\/wp-json\/wp\/v2\/pages\/1628\/revisions\/6206"}],"wp:attachment":[{"href":"https:\/\/moverdb.com\/tr\/wp-json\/wp\/v2\/media?parent=1628"}],"curies":[{"name":"wp","href":"https:\/\/api.w.org\/{rel}","templated":true}]}}