{"id":1624,"date":"2017-02-24T09:47:42","date_gmt":"2017-02-24T09:47:42","guid":{"rendered":"http:\/\/moverdb.com\/?page_id=1624"},"modified":"2026-01-08T13:18:22","modified_gmt":"2026-01-08T13:18:22","slug":"gil-stauffer","status":"publish","type":"page","link":"https:\/\/moverdb.com\/tr\/gil-stauffer\/","title":{"rendered":"Gil Stauffer - International Removals &amp; Moving Yorumlar\u0131"},"content":{"rendered":"<p>Gil Stauffer bir \u0130spanyol <a href=\"https:\/\/moverdb.com\/tr\/international-removals\/\" data-internallinksmanager029f6b8e52c=\"27\" title=\"36 \u0130ngiltere&#039;deki En \u0130yi Uluslararas\u0131 Nakliye \u015eirketleri\">nakli\u0307ye \u015fi\u0307rketi\u0307<\/a> merkezi ile <a href=\"https:\/\/moverdb.com\/tr\/moving-to-spain\/moving-to-madrid\/\" data-internallinksmanager029f6b8e52c=\"413\" title=\"Madrid&#039;e mi ta\u015f\u0131n\u0131yorsunuz? 2026 Ya\u015fam Maliyetleri &amp; Yer De\u011fi\u015ftirme \u0130pu\u00e7lar\u0131\">Madrid<\/a>. \u015eirketin m\u00fc\u015fterilerine sundu\u011fu bir\u00e7ok hizmet vard\u0131r ve bunlar a\u015fa\u011f\u0131da bir \u015firket profili ve incelemelerle birlikte listelenmi\u015ftir.<\/p>\n<p><strong>Uluslararas\u0131 Ta\u015f\u0131malar<\/strong><\/p>\n<ul>\n<li> Ki\u015fiselle\u015ftirilmi\u015f ta\u015f\u0131nma plan\u0131<\/li>\n<li> Kap\u0131dan kap\u0131ya<\/li>\n<li> Deniz ta\u015f\u0131mac\u0131l\u0131\u011f\u0131 veya hava ta\u015f\u0131mac\u0131l\u0131\u011f\u0131<\/li>\n<li> Tam paketleme hizmeti, k\u0131smi paketleme veya kendi kendine paketleme<\/li>\n<li> Mobilyalar\u0131n demontaj\u0131 ve yeniden montaj\u0131<\/li>\n<li> Ambalaj a\u00e7ma hizmeti mevcuttur<\/li>\n<li> G\u00fcmr\u00fck i\u015flemleri ve dok\u00fcmantasyon konusunda yard\u0131m<\/li>\n<li> Sigorta ayarland\u0131<\/li>\n<li> K\u0131sa ve uzun s\u00fcreli depolama mevcuttur<\/li>\n<\/ul>\n<p><strong>Ulusal ve Yerel Ta\u015f\u0131nma<\/strong><\/p>\n<ul>\n<li> Ki\u015fiselle\u015ftirilmi\u015f ta\u015f\u0131nma plan\u0131<\/li>\n<li> Kap\u0131dan kap\u0131ya<\/li>\n<li> Tam paketleme hizmeti, k\u0131smi paketleme veya kendi kendine paketleme<\/li>\n<li> Ambalaj a\u00e7ma hizmeti mevcuttur<\/li>\n<li> Mobilyalar\u0131n demontaj\u0131 ve yeniden montaj\u0131<\/li>\n<li> Enkaz temizleme<\/li>\n<li> Sigorta ayarland\u0131<\/li>\n<li> K\u0131sa ve Uzun s\u00fcreli depolama mevcuttur<\/li>\n<\/ul>\n<p><strong>Ticari Ta\u015f\u0131malar<\/strong><\/p>\n<ul>\n<li> Lojistik plan<\/li>\n<li> Mesai sonras\u0131 ta\u015f\u0131nma<\/li>\n<li> Kap\u0131dan kap\u0131ya<\/li>\n<li> T\u00fcm mobilyalar\u0131n s\u00f6k\u00fclmesi ve yeniden montaj\u0131<\/li>\n<li> Bilgisayar kald\u0131rma ve yeniden y\u00fckleme<\/li>\n<li> Enkaz temizleme<\/li>\n<li> Personelin yer de\u011fi\u015ftirmesi<\/li>\n<\/ul>\n<p><strong>\u00c7al\u0131\u015fan Yer De\u011fi\u015ftirme<\/strong><\/p>\n<ul>\n<li> \u00c7al\u0131\u015fma izinleri<\/li>\n<li> Ev av\u0131<\/li>\n<li> Dil dersleri<\/li>\n<li> Ge\u00e7ici konut<\/li>\n<li> Mobilya kiralama<\/li>\n<li> Okul arama<\/li>\n<li> Otel rezervasyonlar\u0131<\/li>\n<li> Banka hesaplar\u0131<\/li>\n<li> Kiralama ve leasing anla\u015fmalar\u0131<\/li>\n<li> Temel hizmetler anla\u015fmalar\u0131<\/li>\n<li> K\u00fclt\u00fcr ve geleneklere ili\u015fkin kurslar<\/li>\n<\/ul>\n<p><strong>Konteynerler ve Depolama<\/strong><\/p>\n<ul>\n<li> Hava ge\u00e7irmez \u015fekilde kapat\u0131lm\u0131\u015f ah\u015fap konteynerlerde depolanan mallar<\/li>\n<li> 7\/24 g\u00fcvenlik<\/li>\n<li> \u0130klim kontroll\u00fc<\/li>\n<li> Ha\u015fere kontrol\u00fc i\u00e7in i\u015flenmi\u015f konteynerler<\/li>\n<li> Yang\u0131n \u00f6nlemleri al\u0131nd\u0131<\/li>\n<\/ul>\n<p><strong>Belgeler B\u00f6l\u00fcm\u00fc<\/strong><\/p>\n<ul>\n<li> Belge ar\u015fivleri<\/li>\n<li> Gizli belgeler i\u00e7in depolama<\/li>\n<li> Ar\u015fivlerin elektronik ortamda saklanmas\u0131 m\u00fcmk\u00fcn<\/li>\n<li> \u00dcst d\u00fczey g\u00fcvenlik<\/li>\n<li> \u0130klim kontroll\u00fc<\/li>\n<\/ul>\n<p><strong>Sanat Eserlerinin Ta\u015f\u0131nmas\u0131<\/strong><\/p>\n<ul>\n<li> Hareketli sergiler<\/li>\n<li> Y\u00fcksek d\u00fczeyde teknik uzmanl\u0131k<\/li>\n<li> \u00d6zel ta\u015f\u0131ma teknikleri<\/li>\n<li> Kald\u0131rma ara\u00e7lar\u0131 iklim kontroll\u00fcd\u00fcr<\/li>\n<\/ul>\n<p><strong>Kurye Hizmeti<\/strong><\/p>\n<ul>\n<li> Yerel ve uluslararas\u0131<\/li>\n<li> Koliler veya belgeler<\/li>\n<li> \u00c7evrimi\u00e7i takip edin<\/li>\n<li> A\u011f\u0131rl\u0131k s\u0131n\u0131r\u0131 yok<\/li>\n<li> Hava ta\u015f\u0131mac\u0131l\u0131\u011f\u0131, deniz ta\u015f\u0131mac\u0131l\u0131\u011f\u0131 veya kara ta\u015f\u0131mac\u0131l\u0131\u011f\u0131<\/li>\n<\/ul>\n<h2>Gil Stauffer \u015eirket Profili<\/h2>\n<p>Gil Stauffer, 1905 y\u0131l\u0131nda kurulmu\u015f bir \u0130spanyol nakliye \u015firketidir. Merkez ofisi Madrid'dedir ve 33 ofisi bulunmaktad\u0131r. <a href=\"https:\/\/moverdb.com\/tr\/moving-to-spain\/\" data-internallinksmanager029f6b8e52c=\"266\" title=\"\u0130spanya&#039;ya m\u0131 ta\u015f\u0131n\u0131yorsunuz? 2026 Ya\u015fam Maliyetleri ve Yer De\u011fi\u015ftirme \u0130pu\u00e7lar\u0131\">\u0130spanya<\/a> ve Balearics. M\u00fc\u015fterilerini y\u0131l\u0131n herhangi bir g\u00fcn\u00fcnde, herhangi bir yere ta\u015f\u0131makla \u00f6v\u00fcn\u00fcr. Avrupa'da ofisleri var <a href=\"https:\/\/moverdb.com\/tr\/moving-to-the-united-states\/\" data-internallinksmanager029f6b8e52c=\"94\" title=\"Amerika Birle\u015fik Devletleri&#039;ne mi ta\u015f\u0131n\u0131yorsunuz? 2026 Ya\u015fam Maliyetleri ve Yer De\u011fi\u015ftirme \u0130pu\u00e7lar\u0131\">Birle\u015fik Devletler<\/a>Okyanusya, Asya ve Afrika.<\/p>\n<p>Gil Stauffer \u00f6nc\u00fc ruhuyla gurur duymaktad\u0131r. \u015eirket 1950'lerde \u0130spanya'da 200 tona kadar tek y\u00fck ta\u015f\u0131yabilen tek kamyonu tasarlam\u0131\u015ft\u0131r. Ayr\u0131ca 70 y\u0131l\u0131 a\u015fk\u0131n bir s\u00fcre \u00f6nce Konteyner Ekspres Tren Sistemini (TECO) ilk kullananlardan biriydi.<\/p>\n<p>\u015eirket \u00f6zel e\u011fitim programlar\u0131na sahiptir ve uluslararas\u0131 b\u00f6l\u00fcm\u00fcndeki personelin di\u011fer dillerin yan\u0131 s\u0131ra m\u00fckemmel \u0130ngilizce konu\u015fmas\u0131 konusunda \u0131srarc\u0131d\u0131r. Olas\u0131 her t\u00fcrl\u00fc m\u00fc\u015fteri ihtiyac\u0131n\u0131 kar\u015f\u0131layan son derece etkileyici bir ara\u00e7 filosuna sahiptir.<\/p>\n<p>\u015eirket, m\u00fc\u015fterilerine uluslararas\u0131 ve yurti\u00e7i ta\u015f\u0131nmalar\u0131n yan\u0131 s\u0131ra kurumsal ve ofis ta\u015f\u0131nmalar\u0131 ve \u00e7al\u0131\u015fanlar\u0131n yer de\u011fi\u015ftirmesi konular\u0131nda da hizmet vermektedir.<br \/>\nGil Stauffer a\u015fa\u011f\u0131daki akreditasyonlara ve ba\u011flant\u0131lara sahiptir:<\/p>\n<ul>\n<li> <a href=\"https:\/\/moverdb.com\/tr\/fidi-faim\/\">FIDI<\/a><\/li>\n<li> <a href=\"https:\/\/moverdb.com\/tr\/iam\/\">IAM<\/a><\/li>\n<li> <a href=\"https:\/\/moverdb.com\/tr\/amsa\/\">AMSA<\/a><\/li>\n<li> <a href=\"https:\/\/moverdb.com\/tr\/fedemac\/\">FEDEMAC<\/a><\/li>\n<li> <a href=\"https:\/\/moverdb.com\/tr\/lacma\/\">LACMA<\/a><\/li>\n<li> PAIMA<\/li>\n<\/ul>\n<h2>Gil Stauffer \u015eirket Yorumlar\u0131<\/h2>\n<p><strong>Olumlu:<\/strong><\/p>\n<ul>\n<li> Hi\u00e7biri mevcut de\u011fil ve sahada hi\u00e7bir referans bulunamad\u0131<\/li>\n<\/ul>\n<p><strong>Olumsuz:<\/strong><\/p>\n<ul>\n<li> <em>\"E\u015fyalar\u0131n\u0131z\u0131 ta\u015f\u0131mak i\u00e7in Gil Stauffer'\u0131 kullanmay\u0131n. Pi\u015fman olursunuz.\"<\/em> - Craig Bugden arac\u0131l\u0131\u011f\u0131yla <a href=\"https:\/\/uk.trustpilot.com\/reviews\/56ec28640000ff00094734c0\" target=\"_blank\" rel=\"noopener\">Trustpilot<\/a><\/li>\n<\/ul>\n<div itemprop=\"review\" itemscope itemtype=\"http:\/\/schema.org\/Review\">\n<span itemprop=\"author\" itemscope=\"\" itemtype=\"http:\/\/schema.org\/Organization\"><span itemprop=\"name\">MoverDB.com<\/span><\/span> \u00c7evrimi\u00e7i Web Sitesi \u0130ncelemesi i\u00e7in <span itemprop=\"itemreviewed\" itemscope=\"\" itemtype=\"http:\/\/schema.org\/Brand\"><span itemprop=\"name\">Gil Stauffer<\/span><\/span>:<\/p>\n<ol>\n<li> Web sitesinde a\u00e7\u0131k ileti\u015fim bilgileri (telefon numaras\u0131 dahil): <strong>Evet<\/strong><\/li>\n<li> Almas\u0131 kolay <a href=\"https:\/\/moverdb.com\/tr\/alintilar\/\">uluslararas\u0131 ta\u015f\u0131ma teklifleri<\/a>? (\u00c7evrimi\u00e7i tahmin talep formu): <strong>Evet<\/strong>ancak yaln\u0131zca e-posta yoluyla (form yok)<\/li>\n<li> Web sitesinde net bilgiler: <strong>Biraz,<\/strong> Web sitesi, hizmetleri hakk\u0131nda yeterli miktarda bilgi i\u00e7eriyor ancak \u00e7ok fazla ayr\u0131nt\u0131ya girmiyor.<\/li>\n<li> Uluslararas\u0131 tan\u0131nm\u0131\u015f ta\u015f\u0131ma organizasyonlar\u0131na \u00fcyelik: <strong>Evet<\/strong>ancak bunlar web sitelerinde listelenmiyor<\/li>\n<li> M\u00fc\u015fterilerin listesi ve\/veya \u00f6nceki m\u00fc\u015fteri referanslar\u0131: <strong>Hay\u0131r,<\/strong> ve onlar hakk\u0131nda \u0130ngilizce olarak bulabildi\u011fimiz tek yorum olumsuzdu.<\/li>\n<\/ol>\n<div itemprop=\"reviewRating\" itemscope itemtype=\"http:\/\/schema.org\/Rating\"><meta itemprop=\"worstRating\" content = \"0\" \/><meta itemprop=\"bestRating\" content=\"5\" \/><meta itemprop=\"ratingValue\" content=\"3.5\"><\/div>\n<p><strong>Genel puan: 3,5\/5<\/strong><br \/>\n<strong>\u0130nceleme Tarihi:<\/strong> <span itemprop=\"datePublished\" content=\"2017-02-24\">24\/02\/2017<\/span>\n<\/div>\n<p>Hakk\u0131nda daha fazlas\u0131n\u0131 okuyun <a href=\"https:\/\/moverdb.com\/tr\/tasinma-si%cc%87rketleri%cc%87\/\">uluslararas\u0131 ta\u015f\u0131ma \u015firketleri<\/a> ve bizim <a href=\"https:\/\/moverdb.com\/tr\/yorumlar\/\">g\u00f6zden ge\u00e7irme s\u00fcreci<\/a>.<\/p>\n<p><strong>Web sitesi:<\/strong> <a href=\"http:\/\/www.gil-stauffer.com\/?lang=en\" target=\"_blank\" rel=\"noopener\">http:\/\/www.gil-stauffer.com\/<\/a><\/p>","protected":false},"excerpt":{"rendered":"<p>Gil Stauffer is a Spanish removal company with its headquarters in Madrid. The company has many services to offer its customers and these are listed below together with a company profile and reviews. International Moves Personalised moving plan Door to door Sea freight or air freight Full packing service, partial packing or self-packing Disassembly and [&hellip;]<\/p>\n","protected":false},"author":1,"featured_media":0,"parent":0,"menu_order":0,"comment_status":"closed","ping_status":"closed","template":"","meta":{"_genesis_hide_title":false,"_genesis_hide_breadcrumbs":false,"_genesis_hide_singular_image":false,"_genesis_hide_footer_widgets":false,"_genesis_custom_body_class":"","_genesis_custom_post_class":"","_genesis_layout":"","footnotes":""},"class_list":{"0":"post-1624","1":"page","2":"type-page","3":"status-publish","5":"entry"},"_links":{"self":[{"href":"https:\/\/moverdb.com\/tr\/wp-json\/wp\/v2\/pages\/1624","targetHints":{"allow":["GET"]}}],"collection":[{"href":"https:\/\/moverdb.com\/tr\/wp-json\/wp\/v2\/pages"}],"about":[{"href":"https:\/\/moverdb.com\/tr\/wp-json\/wp\/v2\/types\/page"}],"author":[{"embeddable":true,"href":"https:\/\/moverdb.com\/tr\/wp-json\/wp\/v2\/users\/1"}],"replies":[{"embeddable":true,"href":"https:\/\/moverdb.com\/tr\/wp-json\/wp\/v2\/comments?post=1624"}],"version-history":[{"count":3,"href":"https:\/\/moverdb.com\/tr\/wp-json\/wp\/v2\/pages\/1624\/revisions"}],"predecessor-version":[{"id":6215,"href":"https:\/\/moverdb.com\/tr\/wp-json\/wp\/v2\/pages\/1624\/revisions\/6215"}],"wp:attachment":[{"href":"https:\/\/moverdb.com\/tr\/wp-json\/wp\/v2\/media?parent=1624"}],"curies":[{"name":"wp","href":"https:\/\/api.w.org\/{rel}","templated":true}]}}