{"id":1614,"date":"2017-04-27T14:28:26","date_gmt":"2017-04-27T14:28:26","guid":{"rendered":"http:\/\/moverdb.com\/?page_id=1614"},"modified":"2026-01-08T13:18:27","modified_gmt":"2026-01-08T13:18:27","slug":"hamburg-sud","status":"publish","type":"page","link":"https:\/\/moverdb.com\/tr\/hamburg-sud\/","title":{"rendered":"Hamburg S\u00fcd Group - Uluslararas\u0131 Nakliye Hizmetleri &amp; Yorumlar"},"content":{"rendered":"<p>Hamburg S\u00fcd bir Alman <a href=\"https:\/\/moverdb.com\/tr\/shipping-companies\/\" data-internallinksmanager029f6b8e52c=\"4\" title=\"En \u0130yi 10 Uluslararas\u0131 Konteyner Nakliye \u015eirketi\">nakli\u0307ye \u015fi\u0307rketi\u0307<\/a> m\u00fc\u015fterilerine bir dizi hizmet sunmaktad\u0131r. Bunlar a\u015fa\u011f\u0131da bir \u015firket profili ve incelemelerle birlikte listelenmi\u015ftir. (<em><strong>Not:<\/strong> <a href=\"https:\/\/moverdb.com\/tr\/maersk\/\" target=\"_blank\" rel=\"noopener\">Maersk Line<\/a> \u015firketi sat\u0131n alma s\u00fcrecinde<\/em>).<\/p>\n<h3>Uluslararas\u0131 Konteyner Ta\u015f\u0131mac\u0131l\u0131\u011f\u0131<\/h3>\n<ul>\n<li> Uzmanlar taraf\u0131ndan planlama<\/li>\n<li> Kap\u0131dan kap\u0131ya<\/li>\n<li> Intermodal hizmetler mevcut<\/li>\n<\/ul>\n<p><strong>Kuru Y\u00fck<\/strong><\/p>\n<p><strong>Tehlikeli Kargo<\/strong><\/p>\n<ul>\n<li> Her talep uzmanlar taraf\u0131ndan incelenir<\/li>\n<li> Yasal d\u00fczenlemelere uymal\u0131d\u0131r<\/li>\n<li> Sertifikal\u0131 Tehlikeli Madde G\u00fcvenlik Dan\u0131\u015fman\u0131 (TMGD) t\u00fcm sevkiyatlar hakk\u0131nda tavsiyelerde bulunur<\/li>\n<li> Tehlikeli kargo ta\u015f\u0131mac\u0131l\u0131\u011f\u0131 i\u00e7in modern gemiler<\/li>\n<li> \u0130stifleme uyumlulu\u011funa s\u0131k\u0131 dikkat<\/li>\n<\/ul>\n<p><strong>Reefer Kargo<\/strong><\/p>\n<ul>\n<li> Meyve, sebze, \u00e7i\u00e7ek, bitki<\/li>\n<li> Et, bal\u0131k ve deniz \u00fcr\u00fcnleri<\/li>\n<li> \u0130la\u00e7lar, foto\u011fraf malzemeleri ve kimyasallar<\/li>\n<li> S\u00fct \u00fcr\u00fcnleri ve meyve suyu<\/li>\n<li> <a href=\"https:\/\/moverdb.com\/tr\/konteyner-tasimaciligi\/\">20\u2032 ve 40\u2032 konteynerler<\/a><\/li>\n<li> K\u0131r\u0131lmam\u0131\u015f so\u011fuk tedarik zinciri<\/li>\n<li> Hasat edilen meyve ve sebzeler i\u00e7in atmosfer y\u00f6netimi<\/li>\n<li> \u00c7oklu s\u0131cakl\u0131k modu<\/li>\n<li> Ampul modu<\/li>\n<\/ul>\n<p><strong>\u00d6zel Kargo<\/strong><\/p>\n<ul>\n<li> Toplu k\u0131rma<\/li>\n<li> \u00d6l\u00e7\u00fc d\u0131\u015f\u0131<\/li>\n<li> Y\u00fcksek yo\u011funluklu<\/li>\n<\/ul>\n<p><strong>Di\u011fer Nakliye Hizmetleri<\/strong><\/p>\n<ul>\n<li> \u0130lgili t\u00fcm ithalat ve ihracat belgelerinin i\u015flenmesi<\/li>\n<li> Ge\u00e7ici depolama<\/li>\n<li> B\u00fcy\u00fck sevkiyatlar\u0131n tek sevkiyatlara b\u00f6l\u00fcnmesi<\/li>\n<li> Etiketleme<\/li>\n<li> \u0130thalat ve ihracat i\u00e7in g\u00fcmr\u00fck i\u015flemleri<\/li>\n<\/ul>\n<p><strong>Gemiler<\/strong><\/p>\n<ul>\n<li> Modern filo<\/li>\n<li> <a href=\"https:\/\/moverdb.com\/tr\/nakli%cc%87ye-si%cc%87rketleri%cc%87\/\">Konteyner gemileri<\/a><\/li>\n<li> D\u00f6kme y\u00fck gemileri<\/li>\n<li> \u00dcr\u00fcn tankerleri<\/li>\n<\/ul>\n<p><strong>Kullan\u0131lm\u0131\u015f Konteyner Sat\u0131\u015f\u0131<\/strong><\/p>\n<ul>\n<li> Geni\u015f \u00e7e\u015fitlilikte farkl\u0131 tipte konteynerler<\/li>\n<li> D\u00fcnya \u00e7ap\u0131nda kullan\u0131lm\u0131\u015f konteynerlere eri\u015fim<\/li>\n<li> Y\u00fcksek kaliteli konteynerler<\/li>\n<li> Deneyimli personel<\/li>\n<li> Yerel dil deste\u011fi<\/li>\n<\/ul>\n<p><strong>e-Ticaret<\/strong><\/p>\n<ul>\n<li> Dakikas\u0131na kadar kesin programlar<\/li>\n<li> Track &amp; Trace (konteyner takibi)<\/li>\n<li> Rezervasyon genel bak\u0131\u015flar\u0131<\/li>\n<li> Rezervasyonlar\u0131n yeniden olu\u015fturulmas\u0131<\/li>\n<li> Nakliye talimatlar\u0131na genel bak\u0131\u015f<\/li>\n<li> Yeni sevkiyat talimatlar\u0131n\u0131n g\u00f6nderilmesi<\/li>\n<li> Kon\u015fimento taslaklar\u0131n\u0131n kontrol\u00fc<\/li>\n<li> Bir g\u00f6nderi i\u00e7in standartla\u015ft\u0131r\u0131lm\u0131\u015f raporlar olu\u015fturma<\/li>\n<li> Track &amp; Trace kargo<\/li>\n<\/ul>\n<h2>Hamburg S\u00fcd \u015eirket Profili<\/h2>\n<p>Hamburg S\u00fcd, 1871 y\u0131l\u0131nda on bir Hamburg ticaret evinin temsilcileri taraf\u0131ndan kurulmu\u015ftur ve Hamburg S\u00fcdamerikanische Dampfschifffahrts-Gesellschaft olarak bilinmektedir. 1914 y\u0131l\u0131na gelindi\u011finde \u015firketin 50 buharl\u0131 gemisi vard\u0131 ve bunlar\u0131n tamam\u0131 Birinci D\u00fcnya Sava\u015f\u0131 s\u0131ras\u0131nda tahrip edildi. <\/p>\n<p>\u015eirket 1920 y\u0131l\u0131nda yeniden yap\u0131lanmaya ba\u015flar ve bir kruvaziyer \u015firketi kurar. 1939 y\u0131l\u0131na gelindi\u011finde Hamburg S\u00fcd, toplam 52 gemiden olu\u015fan d\u00fcnyan\u0131n en b\u00fcy\u00fck filosuna sahiptir.<\/p>\n<p>\u0130kinci D\u00fcnya Sava\u015f\u0131'nda \u015firketin filosu yine tamamen yok oldu. Hamburg S\u00fcd yava\u015f yava\u015f kruvaziyer i\u015fine devam etti ve tramp arenas\u0131na do\u011fru \u00e7e\u015fitlendi. Tanker ve frigorifik ta\u015f\u0131mac\u0131l\u0131\u011fa ba\u015flad\u0131lar ve 1971'de <a href=\"https:\/\/moverdb.com\/tr\/container-shipping\/\" data-internallinksmanager029f6b8e52c=\"3\" title=\"Uluslararas\u0131 Konteyner Nakliye Fiyatlar\u0131 Tablosu: Nisan 2026\">konteyner ta\u015f\u0131mac\u0131l\u0131\u011f\u0131<\/a>.<\/p>\n<p>\u015eirket \u015fu anda d\u00fcnya \u00e7ap\u0131nda konteyner ta\u015f\u0131mac\u0131l\u0131\u011f\u0131 \u015firketleri aras\u0131nda ilk onda yer almaktad\u0131r. \u015eirketin 127 <a href=\"https:\/\/moverdb.com\/tr\/top-10-largest-container-ships-in-2022\/\" data-internallinksmanager029f6b8e52c=\"84\" title=\"2026 Y\u0131l\u0131nda En B\u00fcy\u00fck 10 Konteyner Gemisi\">konteyner gemileri<\/a> 600.000 TEU'nun \u00fczerinde bir slot kapasitesi ve 50 gemi servisi ile. Hamburg S\u00fcd d\u00fcnya \u00e7ap\u0131nda 250 ofiste 6.000'den fazla ki\u015fiye istihdam sa\u011flamaktad\u0131r.<\/p>\n<p>Hamburg S\u00fcd a\u015fa\u011f\u0131daki akreditasyonlara ve ba\u011flant\u0131lara sahiptir:<\/p>\n<ul>\n<li> <a href=\"https:\/\/moverdb.com\/tr\/dunya-gemi%cc%87ci%cc%87li%cc%87k-konseyi%cc%87\/\">D\u00fcnya Denizcilik Konseyi<\/a> (<a href=\"https:\/\/moverdb.com\/tr\/world-shipping-council\/\" data-internallinksmanager029f6b8e52c=\"82\" title=\"D\u00fcnya Denizcilik Konseyi (WSC) A\u00e7\u0131klamas\u0131\">WSC<\/a>)<\/li>\n<li> Temiz Kargo \u00c7al\u0131\u015fma Grubu (CCWG)<\/li>\n<li> <a href=\"https:\/\/moverdb.com\/tr\/moving-to-the-united-states\/\" data-internallinksmanager029f6b8e52c=\"94\" title=\"Amerika Birle\u015fik Devletleri&#039;ne mi ta\u015f\u0131n\u0131yorsunuz? 2026 Ya\u015fam Maliyetleri ve Yer De\u011fi\u015ftirme \u0130pu\u00e7lar\u0131\">ABD<\/a> \u00c7evre Koruma Ajans\u0131 (EPA)<\/li>\n<li> Verband Deutsche Reeder (VDR)<\/li>\n<li> Uluslararas\u0131 Nakliye G\u00fcvenlik Sertifikas\u0131 (ISSC)<\/li>\n<li> EIPP Standartlar\u0131 Dan\u0131\u015fma Kurulu<\/li>\n<\/ul>\n<p><strong>Hamburg S\u00fcd Group Yorumlar\u0131<\/strong><\/p>\n<p><em>Bu yaz\u0131y\u0131 yazd\u0131\u011f\u0131m\u0131z s\u0131rada Hamburg S\u00fcd'\u00fcn nakliye hizmetleri hakk\u0131nda internette olumlu ya da olumsuz herhangi bir yorum bulamad\u0131k.<\/em><\/p>\n<p><strong><\/p>\n<div itemprop=\"review\" itemscope itemtype=\"http:\/\/schema.org\/Review\">\n<span itemprop=\"author\" itemscope=\"\" itemtype=\"http:\/\/schema.org\/Organization\"><span itemprop=\"name\">MoverDB.com<\/span><\/span> \u00c7evrimi\u00e7i Web Sitesi \u0130ncelemesi i\u00e7in <span itemprop=\"itemreviewed\" itemscope=\"\" itemtype=\"http:\/\/schema.org\/Brand\"><span itemprop=\"name\">Hamburg S\u00fcd<\/span><\/span>:<\/strong><\/p>\n<ol>\n<li> Web sitesinde a\u00e7\u0131k ileti\u015fim bilgileri (telefon numaras\u0131 dahil): <strong>Evet<\/strong><\/li>\n<li> Uluslararas\u0131 nakliye teklifleri almak kolay m\u0131? (\u00c7evrimi\u00e7i tahmin talep formu): <strong>Bir \u00e7e\u015fit<\/strong>yeni bir rezervasyon yapmak i\u00e7in kay\u0131t olman\u0131z gerekmektedir.<\/li>\n<li> Web sitesinde net bilgiler: <strong>Evet,<\/strong> Web sitesi, \u015firketin sundu\u011fu t\u00fcm hizmetleri a\u00e7\u0131k\u00e7a ortaya koyuyor.<\/li>\n<li> Uluslararas\u0131 tan\u0131nm\u0131\u015f denizcilik kurulu\u015flar\u0131na \u00fcyelik: <strong>Evet<\/strong>, yukar\u0131ya bak\u0131n.<\/li>\n<li> M\u00fc\u015fterilerin listesi ve\/veya \u00f6nceki m\u00fc\u015fteri referanslar\u0131. <strong>Hay\u0131r,<\/strong> ancak kazand\u0131klar\u0131 bir\u00e7ok \u00f6d\u00fcl\u00fc listeliyorlar.<\/li>\n<\/ol>\n<div itemprop=\"reviewRating\" itemscope itemtype=\"http:\/\/schema.org\/Rating\"><meta itemprop=\"worstRating\" content = \"0\" \/><meta itemprop=\"bestRating\" content=\"5\" \/><meta itemprop=\"ratingValue\" content=\"4\"><\/div>\n<p><strong>Genel puan: 4\/5<\/strong><br \/>\n<strong>\u0130nceleme Tarihi:<\/strong> <span itemprop=\"datePublished\" content=\"2017-04-27\">27\/04\/2017<\/span>\n<\/div>\n<p>Di\u011ferleri hakk\u0131nda daha fazla bilgi <a href=\"https:\/\/moverdb.com\/tr\/nakli%cc%87ye-si%cc%87rketleri%cc%87\/\">uluslararas\u0131 nakliye \u015firketleri<\/a>, <a href=\"https:\/\/moverdb.com\/tr\/konteyner-tasimaciligi\/\">konteyner nakliye \u00fccretleri<\/a> ve bizim <a href=\"https:\/\/moverdb.com\/tr\/yorumlar\/\">g\u00f6zden ge\u00e7irme s\u00fcreci<\/a>.<\/p>\n<p><strong>Web sitesi:<\/strong> <a href=\"http:\/\/www.hamburgsud.com\" target=\"_blank\" rel=\"noopener\">http:\/\/www.hamburgsud.com<\/a><\/p>","protected":false},"excerpt":{"rendered":"<p>Hamburg S\u00fcd is a German shipping company which offers its customers a range of services. These are listed below together with a company profile and reviews. (Note: Maersk Line is in the process of buying the company). International Container Shipping Planning by experts Door to door Intermodal services available Dry Cargo Hazardous Cargo Each request [&hellip;]<\/p>\n","protected":false},"author":1,"featured_media":0,"parent":0,"menu_order":0,"comment_status":"closed","ping_status":"closed","template":"","meta":{"_genesis_hide_title":false,"_genesis_hide_breadcrumbs":false,"_genesis_hide_singular_image":false,"_genesis_hide_footer_widgets":false,"_genesis_custom_body_class":"","_genesis_custom_post_class":"","_genesis_layout":"","footnotes":""},"class_list":{"0":"post-1614","1":"page","2":"type-page","3":"status-publish","5":"entry"},"_links":{"self":[{"href":"https:\/\/moverdb.com\/tr\/wp-json\/wp\/v2\/pages\/1614","targetHints":{"allow":["GET"]}}],"collection":[{"href":"https:\/\/moverdb.com\/tr\/wp-json\/wp\/v2\/pages"}],"about":[{"href":"https:\/\/moverdb.com\/tr\/wp-json\/wp\/v2\/types\/page"}],"author":[{"embeddable":true,"href":"https:\/\/moverdb.com\/tr\/wp-json\/wp\/v2\/users\/1"}],"replies":[{"embeddable":true,"href":"https:\/\/moverdb.com\/tr\/wp-json\/wp\/v2\/comments?post=1614"}],"version-history":[{"count":4,"href":"https:\/\/moverdb.com\/tr\/wp-json\/wp\/v2\/pages\/1614\/revisions"}],"predecessor-version":[{"id":6217,"href":"https:\/\/moverdb.com\/tr\/wp-json\/wp\/v2\/pages\/1614\/revisions\/6217"}],"wp:attachment":[{"href":"https:\/\/moverdb.com\/tr\/wp-json\/wp\/v2\/media?parent=1614"}],"curies":[{"name":"wp","href":"https:\/\/api.w.org\/{rel}","templated":true}]}}