{"id":1610,"date":"2017-04-24T11:17:52","date_gmt":"2017-04-24T11:17:52","guid":{"rendered":"http:\/\/moverdb.com\/?page_id=1610"},"modified":"2026-01-08T13:18:28","modified_gmt":"2026-01-08T13:18:28","slug":"hapag-lloyd","status":"publish","type":"page","link":"https:\/\/moverdb.com\/tr\/hapag-lloyd\/","title":{"rendered":"Hapag-Lloyd - Uluslararas\u0131 Nakliye Hizmetleri &amp; Yorumlar"},"content":{"rendered":"<p>Hapag-Lloyd k\u00fcresel bir \u015firkettir <a href=\"https:\/\/moverdb.com\/tr\/shipping-companies\/\" data-internallinksmanager029f6b8e52c=\"4\" title=\"En \u0130yi 10 Uluslararas\u0131 Konteyner Nakliye \u015eirketi\">nakli\u0307ye \u015fi\u0307rketi\u0307<\/a> Merkez ofisi Hamburg'da bulunmaktad\u0131r, <a href=\"https:\/\/moverdb.com\/tr\/moving-to-germany\/\" data-internallinksmanager029f6b8e52c=\"321\" title=\"Almanya&#039;ya m\u0131 ta\u015f\u0131n\u0131yorsunuz? 2026 Ya\u015fam Maliyetleri &amp; Yer De\u011fi\u015ftirme \u0130pu\u00e7lar\u0131\">Almanya<\/a>. M\u00fc\u015fterilerine \u00e7ok \u00e7e\u015fitli nakliye ve lojistik \u00e7\u00f6z\u00fcmleri sunmaktad\u0131r. Bunlar a\u015fa\u011f\u0131da bir \u015firket profili ve incelemelerle birlikte listelenmi\u015ftir.<\/p>\n<h3>Uluslararas\u0131 Nakliye<\/h3>\n<p><strong>Kuru Y\u00fck<\/strong><\/p>\n<ul>\n<li> Geni\u015f konteyner \u00e7\u00f6z\u00fcmleri yelpazesi<\/li>\n<li> H\u0131zl\u0131 transit s\u00fcreleri<\/li>\n<li> Nokta program g\u00fcvenilirli\u011fi<\/li>\n<li> Kap\u0131dan kap\u0131ya hizmet sunulmaktad\u0131r<\/li>\n<li> Kimyasal sevkiyatlar, uyulan y\u00f6netmelikler<\/li>\n<\/ul>\n<p><strong>Reefer Kargo<\/strong><\/p>\n<ul>\n<li> Meyve, sebze, et, bal\u0131k, \u00e7i\u00e7ek<\/li>\n<li> Farmas\u00f6tik y\u00fcksek de\u011ferli \u00fcr\u00fcnler<\/li>\n<li> Kontroll\u00fc atmosfer<\/li>\n<li> Yo\u011fu\u015fmay\u0131 azaltmak i\u00e7in kullan\u0131lan ExtraFresh ve EverFresh teknolojisi<\/li>\n<li> Profesyonel i\u015fleyiciler<\/li>\n<\/ul>\n<p><strong>Tehlikeli Mallar<\/strong><\/p>\n<ul>\n<li> Her karma\u015f\u0131k tehlikeli mal ta\u015f\u0131mac\u0131l\u0131\u011f\u0131 i\u00e7in ki\u015fiselle\u015ftirilmi\u015f \u00e7\u00f6z\u00fcmler<\/li>\n<li> T\u00fcm b\u00f6lge merkez ofislerindeki tehlikeli madde uzmanlar\u0131ndan 7\/24 destek (Hamburg, Valparaiso, Piscataway ve <a href=\"https:\/\/moverdb.com\/tr\/moving-to-singapore\/\" data-internallinksmanager029f6b8e52c=\"68\" title=\"Singapur&#039;a m\u0131 Ta\u015f\u0131n\u0131yorsunuz? 2026 Ya\u015fam Maliyetleri &amp; Yer De\u011fi\u015ftirme \u0130pu\u00e7lar\u0131\">Singapur<\/a>)<\/li>\n<li> Hafta sonlar\u0131 \u00e7ok say\u0131da tehlikeli madde uzman\u0131 g\u00f6reve haz\u0131rd\u0131r<\/li>\n<li> Uluslararas\u0131 yasal gereklilikleri ve mallar\u0131n sorunsuz bir \u015fekilde ta\u015f\u0131nmas\u0131n\u0131 g\u00fcvence alt\u0131na almak i\u00e7in h\u0131zl\u0131 ve g\u00fcvenilir rezervasyon kontrol\u00fc<\/li>\n<li> T\u00fcm kargo i\u00e7in g\u00fcvenli bir deniz yolculu\u011fu sa\u011flamak \u00fczere gemide uygun istifleme ve ayr\u0131\u015ft\u0131rma<\/li>\n<li> Uygun oldu\u011funda, IMDG Kod gerekliliklerinin \u00f6tesinde bile g\u00fcvenli ta\u015f\u0131ma \u00f6nlemlerinden yararlan\u0131n<\/li>\n<\/ul>\n<p><strong>\u00d6zel Kargo<\/strong><\/p>\n<ul>\n<li> Uzman ekip<\/li>\n<li> Breakbulk - uzmanlar b\u00fcy\u00fck boyutlu projeler planl\u0131yor<\/li>\n<\/ul>\n<p><strong>Konteynerler<\/strong><\/p>\n<ul>\n<li> ISO gerekliliklerini kar\u015f\u0131lay\u0131n<\/li>\n<li> Kuru Y\u00fck - Standart, Standart Y\u00fcksek K\u00fcp, Standart Hardtop, Standart Y\u00fcksek K\u00fcp Hardtop<\/li>\n<li> Reefer Kargo - S\u0131cakl\u0131\u011f\u0131 -35\u00b0C ila +30\u00b0C aras\u0131nda muhafaza edin<\/li>\n<li> D\u00fc\u015f\u00fck dara a\u011f\u0131rl\u0131\u011f\u0131 = y\u00fcksek ta\u015f\u0131ma kapasitesi tasar\u0131m\u0131<\/li>\n<li> \u00d6zel Kargo - Flatrack\/Platform, Flatrack High Cube, Open Top\/Hard Top, Open Top High Cube, Hardtop High Cube.<\/li>\n<\/ul>\n<p><strong>Yolculuklar<\/strong><\/p>\n<ul>\n<li> 125 y\u0131ll\u0131k deneyim<\/li>\n<li> D\u00fcnya yolculuklar\u0131<\/li>\n<\/ul>\n<h2>Hapag-Lloyd \u015eirket Profili<\/h2>\n<p>Hapag-Lloyd 1970 y\u0131l\u0131nda Hamburg-Amerikanische Packetfahrt-Actien-Gesellschaft (Hapag) ve Norddeutscher Lloyd'un birle\u015fmesiyle kurulmu\u015ftur. Bu \u015firketlerin her ikisi de on dokuzuncu y\u00fczy\u0131l\u0131n ortalar\u0131nda Avrupa'dan Amerika'ya g\u00f6\u00e7\u00fcn ba\u015flad\u0131\u011f\u0131 <a href=\"https:\/\/moverdb.com\/tr\/moving-to-the-united-states\/\" data-internallinksmanager029f6b8e52c=\"94\" title=\"Amerika Birle\u015fik Devletleri&#039;ne mi ta\u015f\u0131n\u0131yorsunuz? 2026 Ya\u015fam Maliyetleri ve Yer De\u011fi\u015ftirme \u0130pu\u00e7lar\u0131\">Birle\u015fik Devletler<\/a> ciddi bir \u015fekilde ba\u015flad\u0131.<\/p>\n<p>Bug\u00fcn Hapag-Lloyd k\u00fcresel \u00e7apta pazarlara ve m\u00fc\u015fterilere hizmet vermekte ve d\u00fcnyay\u0131 birbirine ba\u011flayan geni\u015f bir hat servis a\u011f\u0131na sahiptir. Y\u0131lda ortalama 7,4 TEU ta\u015f\u0131yan 190'dan fazla gemiye sahiptir. \u015eirket yakla\u015f\u0131k 9.300 ki\u015fiyi istihdam etmektedir ve d\u00fcnya \u00e7ap\u0131nda 120 \u00fclkede 600'den fazla ofisi bulunmaktad\u0131r. <\/p>\n<p>Hapag-Lloyd filosu toplam 955.000 TEU kapasiteye ve 1,5 milyon TEU konteyner stokuna sahiptir. D\u00fcnyan\u0131n en b\u00fcy\u00fck ve modern reefer konteyner filolar\u0131ndan birine sahiptir.<\/p>\n<p>Hapag-Lloyd a\u015fa\u011f\u0131daki akreditasyonlara ve ba\u011flant\u0131lara sahiptir:<\/p>\n<ul>\n<li> Uluslararas\u0131 Gemi G\u00fcvenlik Sertifikas\u0131 (ISSC)<\/li>\n<li> G\u00fcvenlik Y\u00f6netimi Sertifikas\u0131 (SMC)<\/li>\n<li> Denizcilik \u00c7al\u0131\u015fma S\u00f6zle\u015fmesi (MLC)<\/li>\n<li> <a href=\"https:\/\/moverdb.com\/tr\/dunya-gemi%cc%87ci%cc%87li%cc%87k-konseyi%cc%87\/\">D\u00fcnya Denizcilik Konseyi<\/a> (<a href=\"https:\/\/moverdb.com\/tr\/world-shipping-council\/\" data-internallinksmanager029f6b8e52c=\"82\" title=\"D\u00fcnya Denizcilik Konseyi (WSC) A\u00e7\u0131klamas\u0131\">WSC<\/a>)<\/li>\n<\/ul>\n<h2>Hapag-Lloyd Denizcilik Yorumlar\u0131<\/h2>\n<p><em>Bu yaz\u0131n\u0131n yaz\u0131ld\u0131\u011f\u0131 s\u0131rada Hapag-Lloyd'un nakliye hizmetleri i\u00e7in \u00e7evrimi\u00e7i herhangi bir yorum bulamad\u0131k.<\/em>  <\/p>\n<p><strong><\/p>\n<div itemprop=\"review\" itemscope itemtype=\"http:\/\/schema.org\/Review\">\n<span itemprop=\"author\" itemscope=\"\" itemtype=\"http:\/\/schema.org\/Organization\"><span itemprop=\"name\">MoverDB.com<\/span><\/span> \u00c7evrimi\u00e7i Web Sitesi \u0130ncelemesi i\u00e7in <span itemprop=\"itemreviewed\" itemscope=\"\" itemtype=\"http:\/\/schema.org\/Brand\"><span itemprop=\"name\">Hapag-Lloyd<\/span><\/span>:<\/strong><\/p>\n<ol>\n<li> Web sitesinde a\u00e7\u0131k ileti\u015fim bilgileri (telefon numaras\u0131 dahil): <strong>Evet<\/strong><\/li>\n<li> Almas\u0131 kolay <a href=\"https:\/\/moverdb.com\/tr\/container-shipping\/\" data-internallinksmanager029f6b8e52c=\"3\" title=\"Uluslararas\u0131 Konteyner Nakliye Fiyatlar\u0131 Tablosu: Nisan 2026\">uluslararasi g\u00f6nderi\u0307m<\/a> teklifler? (\u00c7evrimi\u00e7i fiyat teklifi talep formu): <strong>Evet<\/strong><\/li>\n<li> Web sitesinde net bilgiler: <strong>Evet,<\/strong> Web sitesi son derece detayl\u0131 ve iyi tasarlanm\u0131\u015f.<\/li>\n<li> Uluslararas\u0131 tan\u0131nm\u0131\u015f denizcilik kurulu\u015flar\u0131na \u00fcyelik: <strong>Evet<\/strong>(yukar\u0131ya bak\u0131n).<\/li>\n<li> M\u00fc\u015fterilerin listesi ve\/veya \u00f6nceki m\u00fc\u015fteri referanslar\u0131. <strong>Hay\u0131r,<\/strong> ancak \u00f6d\u00fclleri ve sertifikalar\u0131 listeliyorlar.<\/li>\n<\/ol>\n<div itemprop=\"reviewRating\" itemscope itemtype=\"http:\/\/schema.org\/Rating\"><meta itemprop=\"worstRating\" content = \"0\" \/><meta itemprop=\"bestRating\" content=\"5\" \/><meta itemprop=\"ratingValue\" content=\"4.5\"><\/div>\n<p><strong>Genel puan: 4,5\/5<\/strong><br \/>\n<strong>\u0130nceleme Tarihi:<\/strong> <span itemprop=\"datePublished\" content=\"2017-04-24\">24\/04\/2017<\/span>\n<\/div>\n<p>Di\u011ferleri hakk\u0131nda daha fazla bilgi <a href=\"https:\/\/moverdb.com\/tr\/nakli%cc%87ye-si%cc%87rketleri%cc%87\/\">uluslararas\u0131 nakliye \u015firketleri<\/a>, <a href=\"https:\/\/moverdb.com\/tr\/konteyner-tasimaciligi\/\">konteyner nakliye maliyetleri<\/a> ve bizim <a href=\"https:\/\/moverdb.com\/tr\/yorumlar\/\">g\u00f6zden ge\u00e7irme s\u00fcreci<\/a>.<\/p>\n<p><strong>Web sitesi:<\/strong> <a href=\"https:\/\/www.hapag-lloyd.com\/en\/home.html\" target=\"_blank\" rel=\"noopener\">https:\/\/www.hapag-lloyd.com\/en\/home.html<\/a><\/p>","protected":false},"excerpt":{"rendered":"<p>Hapag-Lloyd is a global shipping company with its head office in Hamburg, Germany. It offers its clients a wide range of shipping and logistics solutions. These are listed below together with a company profile and reviews. International Shipping Dry Cargo Broad range of container solutions Fast transit times On point schedule reliability Door to door [&hellip;]<\/p>\n","protected":false},"author":1,"featured_media":0,"parent":0,"menu_order":0,"comment_status":"closed","ping_status":"closed","template":"","meta":{"_genesis_hide_title":false,"_genesis_hide_breadcrumbs":false,"_genesis_hide_singular_image":false,"_genesis_hide_footer_widgets":false,"_genesis_custom_body_class":"","_genesis_custom_post_class":"","_genesis_layout":"","footnotes":""},"class_list":{"0":"post-1610","1":"page","2":"type-page","3":"status-publish","5":"entry"},"_links":{"self":[{"href":"https:\/\/moverdb.com\/tr\/wp-json\/wp\/v2\/pages\/1610","targetHints":{"allow":["GET"]}}],"collection":[{"href":"https:\/\/moverdb.com\/tr\/wp-json\/wp\/v2\/pages"}],"about":[{"href":"https:\/\/moverdb.com\/tr\/wp-json\/wp\/v2\/types\/page"}],"author":[{"embeddable":true,"href":"https:\/\/moverdb.com\/tr\/wp-json\/wp\/v2\/users\/1"}],"replies":[{"embeddable":true,"href":"https:\/\/moverdb.com\/tr\/wp-json\/wp\/v2\/comments?post=1610"}],"version-history":[{"count":3,"href":"https:\/\/moverdb.com\/tr\/wp-json\/wp\/v2\/pages\/1610\/revisions"}],"predecessor-version":[{"id":6218,"href":"https:\/\/moverdb.com\/tr\/wp-json\/wp\/v2\/pages\/1610\/revisions\/6218"}],"wp:attachment":[{"href":"https:\/\/moverdb.com\/tr\/wp-json\/wp\/v2\/media?parent=1610"}],"curies":[{"name":"wp","href":"https:\/\/api.w.org\/{rel}","templated":true}]}}