{"id":1592,"date":"2017-04-21T13:39:38","date_gmt":"2017-04-21T13:39:38","guid":{"rendered":"http:\/\/moverdb.com\/?page_id=1592"},"modified":"2026-01-08T14:40:07","modified_gmt":"2026-01-08T14:40:07","slug":"maersk","status":"publish","type":"page","link":"https:\/\/moverdb.com\/tr\/maersk\/","title":{"rendered":"Maersk Line - Uluslararas\u0131 Nakliye Hizmetleri &amp; Yorumlar"},"content":{"rendered":"<p>Maersk Line, d\u00fcnya \u00e7ap\u0131nda bir \u015firket olan A.P. Moller-Maersk Group'un bir par\u00e7as\u0131d\u0131r. <a href=\"https:\/\/moverdb.com\/tr\/shipping-companies\/\" data-internallinksmanager029f6b8e52c=\"4\" title=\"En \u0130yi 10 Uluslararas\u0131 Konteyner Nakliye \u015eirketi\">nakli\u0307ye \u015fi\u0307rketi\u0307<\/a> Kopenhag merkezli, <a href=\"https:\/\/moverdb.com\/tr\/moving-to-denmark\/\" data-internallinksmanager029f6b8e52c=\"335\" title=\"Danimarka&#039;ya m\u0131 Ta\u015f\u0131n\u0131yorsunuz? 2026 Ya\u015fam Maliyetleri &amp; Yer De\u011fi\u015ftirme \u0130pu\u00e7lar\u0131\">Danimarka<\/a>. M\u00fc\u015fterilerine, \u015firket profili ve incelemelerle birlikte a\u015fa\u011f\u0131da listelenen geni\u015f bir hizmet yelpazesi sunmaktad\u0131r.<\/p>\n<p><strong>Uluslararas\u0131 Nakliye ve Kargo Hizmetleri<\/strong><\/p>\n<ul>\n<li> Kuru Y\u00fck<\/li>\n<li> Kap\u0131dan kap\u0131ya<\/li>\n<li> 28,2 metrik tona kadar ta\u015f\u0131ma kapasitesine sahip 20\u2032 konteynerler<\/li>\n<li> 28,8 metrik tona kadar ta\u015f\u0131ma kapasitesine sahip 40\u2032 8\u2032 6\u2033 konteynerler<\/li>\n<li> 45\u2032 9\u2032 6\u2033 y\u00fcksekli\u011finde ve toplam 85 metrek\u00fcp kapasiteli<\/li>\n<li> Giysilerin ayr\u0131ca ambalajlanmadan ask\u0131 \u00fczerinde ta\u015f\u0131nmas\u0131n\u0131 sa\u011flayan ask\u0131 kiri\u015fleri<\/li>\n<li> Y\u00fck\u00fcn\u00fcze ek g\u00fcvenlik sa\u011flamak i\u00e7in ba\u011flama \u00e7ubuklar\u0131 ve ba\u011flama halkalar\u0131<\/li>\n<li> Depolama mevcut<\/li>\n<li> G\u00fcmr\u00fck i\u015flemleri<\/li>\n<\/ul>\n<p><strong>Reefer Kargo<\/strong><\/p>\n<ul>\n<li> So\u011futmal\u0131 nakliye konteynerleri<\/li>\n<li> Kap\u0131dan kap\u0131ya<\/li>\n<li> \u00dcr\u00fcnlerin tazeli\u011fini sa\u011flamak i\u00e7in titiz kargo elle\u00e7leme<\/li>\n<li> Benzersiz konteyner tasar\u0131m\u0131 maksimum ta\u015f\u0131ma kapasitesi sa\u011flar<\/li>\n<li> Azalt\u0131lm\u0131\u015f CO2 emisyonlar\u0131<\/li>\n<li> Optimum \u00fcr\u00fcn s\u0131cakl\u0131\u011f\u0131<\/li>\n<li> Azalt\u0131lm\u0131\u015f enerji t\u00fcketimi<\/li>\n<li> 27 ila 67 CBM kargo alan\u0131 aras\u0131nda de\u011fi\u015fen 3 tip so\u011futuculu konteyner<\/li>\n<li> G\u00fcmr\u00fck i\u015flemleri<\/li>\n<\/ul>\n<p><strong>\u00d6zel Kargo<\/strong><\/p>\n<ul>\n<li> Gabari D\u0131\u015f\u0131, Gabari \u0130\u00e7i ve Break Bulk y\u00fcklerin zaman\u0131nda teslimi<\/li>\n<li> \u00d6zel kargonuzun d\u00fcnya \u00e7ap\u0131nda zaman\u0131nda teslimat\u0131<\/li>\n<li> An\u0131nda yan\u0131t ve deste\u011finiz i\u00e7in t\u00fcm zaman dilimlerinde \u00f6zel kargo uzmanlar\u0131<\/li>\n<li> Son teknoloji \u00fcr\u00fcn\u00fc d\u00fcz raf ve \u00fcst\u00fc a\u00e7\u0131k raf filosu, ihtiya\u00e7 duydu\u011funuz yerde ve zamanda haz\u0131r<\/li>\n<li> Kap\u0131dan kap\u0131ya<\/li>\n<li> Depolama mevcut<\/li>\n<li> G\u00fcmr\u00fck i\u015flemleri<\/li>\n<\/ul>\n<p><strong>\u0130\u00e7 Nakliye Hizmetleri<\/strong><\/p>\n<ul>\n<li> Tam hizmet ta\u015f\u0131mac\u0131l\u0131\u011f\u0131 \u00e7\u00f6z\u00fcm\u00fc<\/li>\n<li> Kap\u0131dan kap\u0131ya<\/li>\n<li> Zaman\u0131nda teslim alma ve teslim etme<\/li>\n<li> Kaliteli ula\u015f\u0131m sa\u011flay\u0131c\u0131lar\u0131ndan olu\u015fan geni\u015f a\u011f<\/li>\n<li> Kara ve deniz ta\u015f\u0131mac\u0131l\u0131\u011f\u0131 ihtiya\u00e7lar\u0131n\u0131z\u0131 birle\u015ftiren tek noktadan al\u0131\u015fveri\u015f<\/li>\n<li> S\u00fcrekli izleme ve kalite g\u00fcvencesi<\/li>\n<li> Sigorta ayarland\u0131<\/li>\n<\/ul>\n<p><strong>Sat\u0131l\u0131k Kullan\u0131lm\u0131\u015f Konteynerler<\/strong><\/p>\n<ul>\n<li> Depo, ofis, ev ve hatta y\u00fczme havuzu i\u00e7in kullan\u0131n<\/li>\n<li> \u0130htiya\u00e7lar\u0131n\u0131z\u0131 kar\u015f\u0131layacak stoklara eri\u015fim<\/li>\n<li> Kullan\u0131lm\u0131\u015f konteynerlerden olu\u015fan geni\u015f bir a\u011f<\/li>\n<li> Teslim alma program\u0131n\u0131z\u0131 kar\u015f\u0131lamak i\u00e7in basit sistemler<\/li>\n<li> Garantili konteyner kalitesi<\/li>\n<\/ul>\n<h2>Maersk Line<\/h2>\n<p>Maersk Line 1928 y\u0131l\u0131nda kurulmu\u015ftur. Maersk Line, A.P. Moller-Maersk Group'a aittir ve d\u00fcnyan\u0131n en b\u00fcy\u00fck denizcilik \u015firketlerinden biridir. <a href=\"https:\/\/moverdb.com\/tr\/nakli%cc%87ye-si%cc%87rketleri%cc%87\/\">en b\u00fcy\u00fck konteyner ta\u015f\u0131mac\u0131l\u0131\u011f\u0131 \u015firketi<\/a>esnekli\u011fi, g\u00fcvenilirli\u011fi ve eko-verimli hizmetleriyle tan\u0131nmaktad\u0131r. <\/p>\n<p>Merkez ofisi Kopenhag, Danimarka'da bulunmaktad\u0131r. \u015eirket, d\u00fcnya \u00e7ap\u0131nda 59.000 m\u00fc\u015fteriye hizmet veren 3,3 milyon TEU kapasiteli 630'dan fazla gemiye sahiptir.<\/p>\n<p>Maersk ge\u00e7en y\u0131l d\u00fcnya \u00e7ap\u0131nda yakla\u015f\u0131k 12 milyon konteyner sevk ederek 343 limana 46.000 u\u011frak yapt\u0131 <a href=\"https:\/\/moverdb.com\/tr\/top-49-container-ports\/\" data-internallinksmanager029f6b8e52c=\"80\" title=\"2025 Y\u0131l\u0131nda En B\u00fcy\u00fck ve En Yo\u011fun 49 Konteyner Liman\u0131\">Limanlar<\/a> 121 \u00fclkede faaliyet g\u00f6stermektedir. Maersk t\u00fcm \u00f6nemli denizcilik rotalar\u0131nda g\u00fcnl\u00fck birden fazla sefer d\u00fczenlemektedir. Her \u015feyin sorunsuz i\u015flemesi i\u00e7in \u015firket, d\u00fcnya \u00e7ap\u0131nda 374 ofiste 7.000 denizci ve 25.000 kara \u00e7al\u0131\u015fan\u0131 istihdam etmektedir.<\/p>\n<p>Maersk kendini topluma geri vermeye adam\u0131\u015ft\u0131r ve d\u00fcnya \u00e7ap\u0131nda \u00fc\u00e7 k\u00fcresel program kapsam\u0131ndaki projeleri desteklemektedir: afet yard\u0131m\u0131 ve haz\u0131rl\u0131\u011f\u0131, \u00e7evrenin korunmas\u0131 ve imkanlar\u0131 k\u0131s\u0131tl\u0131 topluluklarda giri\u015fimcili\u011fin te\u015fvik edilmesi.<\/p>\n<p>Maersk Line a\u015fa\u011f\u0131daki akreditasyonlara ve ba\u011flant\u0131lara sahiptir:<\/p>\n<ul>\n<li> Uluslararas\u0131 Hava ve Deniz Ta\u015f\u0131mac\u0131l\u0131\u011f\u0131 Birli\u011fi (IASA)<\/li>\n<li> <a href=\"https:\/\/moverdb.com\/tr\/uluslararasi-oda-gemicilik\/\">Uluslararas\u0131 Deniz Ticaret Odas\u0131<\/a> (<a href=\"https:\/\/moverdb.com\/tr\/international-chamber-shipping\/\" data-internallinksmanager029f6b8e52c=\"78\" title=\"Uluslararas\u0131 Deniz Ticaret Odas\u0131 (ICS) A\u00e7\u0131klamas\u0131\">ICS<\/a>)<\/li>\n<li> DT\u00d6'n\u00fcn Ticaretin Kolayla\u015ft\u0131r\u0131lmas\u0131 i\u00e7in K\u00fcresel \u0130ttifak\u0131<\/li>\n<li> Denizde Can G\u00fcvenli\u011fi (SOLAS)<\/li>\n<li> Ulusal Gemi Brokerleri ve Acenteleri Dernekleri Federasyonu (FONASBA)<\/li>\n<\/ul>\n<h2>Maersk Line \u015eirket Yorumlar\u0131<\/h2>\n<p><em>Bu yaz\u0131n\u0131n yaz\u0131ld\u0131\u011f\u0131 s\u0131rada Maersk Line'\u0131n nakliye hizmetleri i\u00e7in herhangi bir \u00e7evrimi\u00e7i de\u011ferlendirme bulamad\u0131k.<\/em><\/p>\n<p><strong><\/p>\n<div itemprop=\"review\" itemscope itemtype=\"http:\/\/schema.org\/Review\">\n<span itemprop=\"author\" itemscope=\"\" itemtype=\"http:\/\/schema.org\/Organization\"><span itemprop=\"name\">MoverDB.com<\/span><\/span> \u00c7evrimi\u00e7i Web Sitesi \u0130ncelemesi i\u00e7in <span itemprop=\"itemreviewed\" itemscope=\"\" itemtype=\"http:\/\/schema.org\/Brand\"><span itemprop=\"name\">Maersk Line<\/span><\/span>:<\/strong><\/p>\n<ol>\n<li> Web sitesinde a\u00e7\u0131k ileti\u015fim bilgileri (telefon numaras\u0131 dahil): <strong>Evet<\/strong><\/li>\n<li> Almas\u0131 kolay <a href=\"https:\/\/moverdb.com\/tr\/container-shipping\/\" data-internallinksmanager029f6b8e52c=\"3\" title=\"Uluslararas\u0131 Konteyner Nakliye Fiyatlar\u0131 Tablosu: May\u0131s 2026\">uluslararasi g\u00f6nderi\u0307m<\/a> teklifler? (\u00c7evrimi\u00e7i fiyat teklifi talep formu): <strong>Evet<\/strong><\/li>\n<li> Web sitesinde net bilgiler: <strong>Evet,<\/strong> Web sitesi, \u015firketin sundu\u011fu t\u00fcm hizmetleri a\u00e7\u0131k\u00e7a ortaya koyuyor<\/li>\n<li> Uluslararas\u0131 tan\u0131nm\u0131\u015f denizcilik kurulu\u015flar\u0131na \u00fcyelik: <strong>Evet<\/strong>Ancak web sitelerinde \u00e7ok fazla liste yok.<\/li>\n<li> M\u00fc\u015fterilerin listesi ve\/veya \u00f6nceki m\u00fc\u015fteri referanslar\u0131. <strong>Hay\u0131r,<\/strong> web sitelerinde listelenen hi\u00e7bir \u015fey yok.<\/li>\n<\/ol>\n<div itemprop=\"reviewRating\" itemscope itemtype=\"http:\/\/schema.org\/Rating\"><meta itemprop=\"worstRating\" content = \"0\" \/><meta itemprop=\"bestRating\" content=\"5\" \/><meta itemprop=\"ratingValue\" content=\"4\"><\/div>\n<p><strong>Genel puan: 4\/5<\/strong><br \/>\n<strong>\u0130nceleme Tarihi:<\/strong> <span itemprop=\"datePublished\" content=\"2017-04-21\">21\/04\/2017<\/span>\n<\/div>\n<p>Di\u011ferleri hakk\u0131nda daha fazla bilgi <a href=\"https:\/\/moverdb.com\/tr\/nakli%cc%87ye-si%cc%87rketleri%cc%87\/\">uluslararas\u0131 nakliye \u015firketleri<\/a>, <a href=\"https:\/\/moverdb.com\/tr\/konteyner-tasimaciligi\/\">konteyner nakliye \u00fccretleri<\/a> ve bizim <a href=\"https:\/\/moverdb.com\/tr\/yorumlar\/\">g\u00f6zden ge\u00e7irme s\u00fcreci<\/a>.<\/p>\n<p><strong>Web sitesi:<\/strong> <a href=\"https:\/\/www2.maerskline.com\/\" target=\"_blank\" rel=\"noopener\">https:\/\/www2.maerskline.com\/<\/a><\/p>","protected":false},"excerpt":{"rendered":"<p>Maersk Line, is part of A.P. Moller\u2013Maersk Group, a worldwide shipping company based in Copenhagen, Denmark. It offers its customers a wide range of services which are listed below, together with a company profile and reviews. International Freight and Shipping Services Dry Cargo Door to door 20&#8242; containers with payload up to 28.2 metric tons [&hellip;]<\/p>\n","protected":false},"author":1,"featured_media":0,"parent":0,"menu_order":0,"comment_status":"closed","ping_status":"closed","template":"","meta":{"_genesis_hide_title":false,"_genesis_hide_breadcrumbs":false,"_genesis_hide_singular_image":false,"_genesis_hide_footer_widgets":false,"_genesis_custom_body_class":"","_genesis_custom_post_class":"","_genesis_layout":"","footnotes":""},"class_list":{"0":"post-1592","1":"page","2":"type-page","3":"status-publish","5":"entry"},"_links":{"self":[{"href":"https:\/\/moverdb.com\/tr\/wp-json\/wp\/v2\/pages\/1592","targetHints":{"allow":["GET"]}}],"collection":[{"href":"https:\/\/moverdb.com\/tr\/wp-json\/wp\/v2\/pages"}],"about":[{"href":"https:\/\/moverdb.com\/tr\/wp-json\/wp\/v2\/types\/page"}],"author":[{"embeddable":true,"href":"https:\/\/moverdb.com\/tr\/wp-json\/wp\/v2\/users\/1"}],"replies":[{"embeddable":true,"href":"https:\/\/moverdb.com\/tr\/wp-json\/wp\/v2\/comments?post=1592"}],"version-history":[{"count":7,"href":"https:\/\/moverdb.com\/tr\/wp-json\/wp\/v2\/pages\/1592\/revisions"}],"predecessor-version":[{"id":13172,"href":"https:\/\/moverdb.com\/tr\/wp-json\/wp\/v2\/pages\/1592\/revisions\/13172"}],"wp:attachment":[{"href":"https:\/\/moverdb.com\/tr\/wp-json\/wp\/v2\/media?parent=1592"}],"curies":[{"name":"wp","href":"https:\/\/api.w.org\/{rel}","templated":true}]}}