{"id":1590,"date":"2017-01-25T12:24:31","date_gmt":"2017-01-25T12:24:31","guid":{"rendered":"http:\/\/moverdb.com\/?page_id=1590"},"modified":"2026-01-08T15:20:28","modified_gmt":"2026-01-08T15:20:28","slug":"nippon-express","status":"publish","type":"page","link":"https:\/\/moverdb.com\/tr\/nippon-express\/","title":{"rendered":"Nippon Express - Uluslararas\u0131 Ta\u015f\u0131nma ve Nakliye Yorumlar\u0131"},"content":{"rendered":"<p>Nippon Express'in merkezi Tokyo'dad\u0131r, <a href=\"https:\/\/moverdb.com\/tr\/moving-to-japan\/\" data-internallinksmanager029f6b8e52c=\"342\" title=\"Japonya&#039;ya m\u0131 Ta\u015f\u0131n\u0131yorsunuz? 2026 Ya\u015fam Maliyetleri ve Yer De\u011fi\u015ftirme \u0130pu\u00e7lar\u0131\">Japonya<\/a>. M\u00fc\u015fterilerine \u00e7e\u015fitli ta\u015f\u0131ma hizmetleri sunmaktad\u0131r. Bunlar a\u015fa\u011f\u0131da bir \u015firket profili ve incelemelerle birlikte listelenmi\u015ftir.<\/p>\n<p><strong>Uluslararas\u0131 Ta\u015f\u0131malar<\/strong><\/p>\n<ul>\n<li> Ki\u015fisel ta\u015f\u0131nma y\u00f6neticisi<\/li>\n<li> Kap\u0131dan kap\u0131ya servis<\/li>\n<li> G\u00fcmr\u00fck ve dok\u00fcmantasyon konusunda yard\u0131m<\/li>\n<li> Tam paketleme hizmeti, sadece k\u0131r\u0131labilir e\u015fyalar veya kendin yap paketleme<\/li>\n<li> Mobilyalar\u0131n demontaj\u0131 ve yeniden montaj\u0131<\/li>\n<li> Ambalaj a\u00e7ma hizmeti<\/li>\n<li> Enkaz kald\u0131rma<\/li>\n<li> Uzun ve k\u0131sa s\u00fcreli depolama<\/li>\n<li> Otomobil ta\u015f\u0131ma<\/li>\n<li> Motosikletler<\/li>\n<li> Piyanolar<\/li>\n<\/ul>\n<p><strong>Yer De\u011fi\u015ftirme Hizmetleri - Japonya'ya<\/strong><\/p>\n<ul>\n<li> Yer de\u011fi\u015ftirme dan\u0131\u015fmanl\u0131\u011f\u0131<\/li>\n<li> Oryantasyon'<\/li>\n<li> Ev arama<\/li>\n<li> Uluslararas\u0131 yurti\u00e7i ta\u015f\u0131ma<\/li>\n<li> Okul arama<\/li>\n<li> Ayr\u0131lma hizmeti, yani kira s\u00f6zle\u015fmesinin feshi, telefon ve kamu hizmetlerinin kesilmesi, posta y\u00f6nlendirme<\/li>\n<\/ul>\n<p><strong>Yurti\u00e7i Ta\u015f\u0131malar - Japonya \u0130\u00e7inde<\/strong><\/p>\n<ul>\n<li> Kap\u0131dan kap\u0131ya servis<\/li>\n<li> Tam paketleme, k\u0131smi paketleme veya DIY paketleme<\/li>\n<li> Mobilyalar\u0131n demontaj\u0131 ve yeniden montaj\u0131<\/li>\n<li> Ambalaj a\u00e7ma hizmeti<\/li>\n<li> Enkaz kald\u0131rma<\/li>\n<li> Uzun ve k\u0131sa s\u00fcreli depolama mevcuttur<\/li>\n<li> Sigorta ayarland\u0131<\/li>\n<\/ul>\n<p><strong>Nakliye Ta\u015f\u0131mac\u0131l\u0131\u011f\u0131<\/strong><\/p>\n<ul>\n<li> Genel \u00fcr\u00fcnler ve bile\u015fenler<\/li>\n<li> G\u00fczel sanatlar ve antikalar<\/li>\n<li> Ticari fuarlar ve sergiler<\/li>\n<\/ul>\n<h2>Nippon Express \u015eirket Profili<\/h2>\n<p>Nippon Express, d\u00fcnyan\u0131n \u00f6nde gelen <a href=\"https:\/\/moverdb.com\/tr\/moving-companies\/\" data-internallinksmanager029f6b8e52c=\"79\" title=\"\u00c7evrimi\u00e7i En \u0130yi 25 Uluslararas\u0131 Nakliye \u015eirketi\">ta\u015finma \u015fi\u0307rketleri\u0307<\/a> Bireylerin ve \u015firketlerin Japonya'ya ve \u00e7evresine ta\u015f\u0131nmas\u0131 i\u00e7in. Japonya'ya gelen ve Japonya'dan ayr\u0131lan \u00e7al\u0131\u015fanlar ve aileleri i\u00e7in \u015firket ve h\u00fck\u00fcmet ta\u015f\u0131nmalar\u0131 konusunda uzmanla\u015fm\u0131\u015ft\u0131r. Nippon Express ayn\u0131 zamanda k\u00fcresel <a href=\"https:\/\/moverdb.com\/tr\/yuk-i%cc%87leti%cc%87ci%cc%87si%cc%87\/\">y\u00fck ta\u015fimacili\u011fi<\/a> uzmanl\u0131k, d\u00fcnya \u00e7ap\u0131nda mal nakliyesi.<\/p>\n<p>Nippon Express 1937 y\u0131l\u0131nda devlete ait 53% olarak faaliyete ba\u015flam\u0131\u015ft\u0131r. \u0130kinci d\u00fcnya sava\u015f\u0131ndan sonra \u015firket \u00f6zelle\u015ftirildi. 1949'da \u015firket, \u00e7e\u015fitli uluslararas\u0131 havayollar\u0131 i\u00e7in acentelik yaparak uluslararas\u0131 y\u00fck ta\u015f\u0131mac\u0131l\u0131\u011f\u0131na ba\u015flad\u0131. 1958 y\u0131l\u0131na gelindi\u011finde Nippon Express ilk yurtd\u0131\u015f\u0131 ofisini <a href=\"https:\/\/moverdb.com\/tr\/newce-tasinmak\/\">New York<\/a>1991 y\u0131l\u0131na gelindi\u011finde 97 ofis vard\u0131. <a href=\"https:\/\/moverdb.com\/tr\/moving-to-the-united-states\/\" data-internallinksmanager029f6b8e52c=\"94\" title=\"Amerika Birle\u015fik Devletleri&#039;ne mi ta\u015f\u0131n\u0131yorsunuz? 2026 Ya\u015fam Maliyetleri ve Yer De\u011fi\u015ftirme \u0130pu\u00e7lar\u0131\">Birle\u015fik Devletler<\/a>. <\/p>\n<p>\u015eirket 1973 y\u0131l\u0131nda ilk <a href=\"https:\/\/moverdb.com\/tr\/nakli%cc%87ye-si%cc%87rketleri%cc%87\/\">konteyner gemisi<\/a> ve Tokyo ile Tomakomai aras\u0131nda bir kargo hizmeti ba\u015flatt\u0131.<\/p>\n<p>Bug\u00fcn Nippon Express'in 42 \u00fclkede 260 \u015fehirde ofisleri ve tesisleri bulunmaktad\u0131r ve Japonya'da 36.700, yurtd\u0131\u015f\u0131nda ise 16.000 ki\u015fi istihdam etmektedir.<\/p>\n<p>Nippon Express a\u015fa\u011f\u0131daki akreditasyonlara ve ba\u011flant\u0131lara sahiptir:<\/p>\n<ul>\n<li> <a href=\"https:\/\/moverdb.com\/tr\/fidi-faim\/\">FIDI<\/a><\/li>\n<li> <a href=\"https:\/\/moverdb.com\/tr\/iam\/\">Uluslararas\u0131 Ta\u015f\u0131mac\u0131lar Birli\u011fi<\/a> (<a href=\"https:\/\/moverdb.com\/tr\/iam\/\" data-internallinksmanager029f6b8e52c=\"23\" title=\"Uluslararas\u0131 Ta\u015f\u0131mac\u0131lar Birli\u011fi (IAM) A\u00e7\u0131klamas\u0131\">IAM<\/a>)<\/li>\n<li> ISO 9001<\/li>\n<li> <a href=\"https:\/\/moverdb.com\/tr\/iata\/\">IATA<\/a><\/li>\n<\/ul>\n<h2>Nippon Express Yorumlar\u0131<\/h2>\n<p><strong>Olumlu:<\/strong><\/p>\n<ul>\n<li> <em>\"Ger\u00e7ek Japon tarz\u0131nda kibar ve sayg\u0131l\u0131lar - e\u015fyalar\u0131n\u0131z\u0131 eve getirmek i\u00e7in ayakkab\u0131lar\u0131n\u0131 bile \u00e7\u0131kar\u0131yorlar! Sa\u00e7mal\u0131k yok - k\u0131\u00e7lar\u0131n\u0131 y\u0131rtarak \u00e7al\u0131\u015f\u0131yorlar, zamanlanm\u0131\u015f bir mola i\u00e7in duruyorlar, sonra do\u011frudan i\u015fe geri d\u00f6n\u00fcyorlar ve i\u015f bitene kadar durmuyorlar.\"<\/em> - KK W arac\u0131l\u0131\u011f\u0131yla <a href=\"https:\/\/www.yelp.co.uk\/biz\/nippon-express-usa-el-segundo?hrid=ilixQzfFmyj3IAX32d0E-A&#038;utm_campaign=www_review_share_popup&#038;utm_medium=copy_link&#038;utm_source=(direct)\" target=\"_blank\" rel=\"noopener\">Yelp<\/a><\/li>\n<\/ul>\n<p><strong>Olumsuz:<\/strong><\/p>\n<p><em>Nippon Express i\u00e7in internette hi\u00e7bir olumsuz yorum bulamad\u0131k.<\/em><\/p>\n<div itemprop=\"review\" itemscope itemtype=\"http:\/\/schema.org\/Review\">\n<span itemprop=\"author\" itemscope=\"\" itemtype=\"http:\/\/schema.org\/Organization\"><span itemprop=\"name\">MoverDB.com<\/span><\/span> \u00c7evrimi\u00e7i Web Sitesi \u0130ncelemesi i\u00e7in <span itemprop=\"itemreviewed\" itemscope=\"\" itemtype=\"http:\/\/schema.org\/Brand\"><span itemprop=\"name\">Nippon Express<\/span><\/span>:<\/p>\n<ol>\n<li> Web sitesinde a\u00e7\u0131k ileti\u015fim bilgileri (telefon numaras\u0131 dahil): <strong>Evet<\/strong><\/li>\n<li> Almas\u0131 kolay <a href=\"https:\/\/moverdb.com\/tr\/alintilar\/\">uluslararas\u0131 ta\u015f\u0131ma teklifleri<\/a>? (\u00c7evrimi\u00e7i tahmin talep formu): <strong>Evet<\/strong><\/li>\n<li> Web sitesinde net bilgiler: <strong>Evet,<\/strong> Web siteleri biraz eski g\u00f6r\u00fcnse de, t\u00fcm hizmetlerini \u00f6zetliyorlar.<\/li>\n<li> Uluslararas\u0131 tan\u0131nm\u0131\u015f ta\u015f\u0131ma organizasyonlar\u0131na \u00fcyelik: <strong>Evet<\/strong>, (yukar\u0131ya bak\u0131n)<\/li>\n<li> M\u00fc\u015fterilerin listesi ve\/veya \u00f6nceki m\u00fc\u015fteri referanslar\u0131. <strong>Hay\u0131r,<\/strong> ancak \u00e7evrimi\u00e7i incelemelerine g\u00f6re \u00e7ok iyi bir \u00fcne sahipler.<\/li>\n<\/ol>\n<div itemprop=\"reviewRating\" itemscope itemtype=\"http:\/\/schema.org\/Rating\"><meta itemprop=\"worstRating\" content = \"0\" \/><meta itemprop=\"bestRating\" content=\"5\" \/><meta itemprop=\"ratingValue\" content=\"4.5\"><\/div>\n<p><strong>Genel puan: 4,5\/5<\/strong><br \/>\n<strong>\u0130nceleme Tarihi:<\/strong> <span itemprop=\"datePublished\" content=\"2017-01-25\">25\/01\/2017<\/span>\n<\/div>\n<p>Hakk\u0131nda daha fazlas\u0131n\u0131 okuyun <a href=\"https:\/\/moverdb.com\/tr\/tasinma-si%cc%87rketleri%cc%87\/\">uluslararas\u0131 ta\u015f\u0131ma \u015firketleri<\/a>ve bizim <a href=\"https:\/\/moverdb.com\/tr\/yorumlar\/\">g\u00f6zden ge\u00e7irme s\u00fcreci<\/a>.<\/p>\n<p><strong>Web siteleri:<\/strong> K\u00fcresel: <a href=\"http:\/\/www.nipponexpress.com\/\" target=\"_blank\" rel=\"noopener\">http:\/\/www.nipponexpress.com\/<\/a>, ABD: <a href=\"https:\/\/nipponexpressusa.com\/\" target=\"_blank\" rel=\"noopener\">https:\/\/nipponexpressusa.com\/<\/a> ve <a href=\"https:\/\/moverdb.com\/tr\/moving-to-the-uk\/\" data-internallinksmanager029f6b8e52c=\"93\" title=\"Birle\u015fik Krall\u0131k&#039;a m\u0131 ta\u015f\u0131n\u0131yorsunuz? 2026 Ya\u015fam Maliyetleri &amp; Yer De\u011fi\u015ftirme \u0130pu\u00e7lar\u0131\">BIRLE\u015eIK KRALLIK<\/a>: <a href=\"http:\/\/www.nipponexpress.co.uk\/\" target=\"_blank\" rel=\"noopener\">http:\/\/www.nipponexpress.co.uk\/<\/a><\/p>","protected":false},"excerpt":{"rendered":"<p>Nippon Express is based in Tokyo, Japan. It offers its clients a variety of moving services. These are listed below together with a company profile and reviews. International Moves Personal move manager Door to door service Assistance with customs and documentation Full packing service, fragile items only or do-it-yourself packing Disassembly and reassembly of furniture [&hellip;]<\/p>\n","protected":false},"author":1,"featured_media":0,"parent":0,"menu_order":0,"comment_status":"closed","ping_status":"closed","template":"","meta":{"_genesis_hide_title":false,"_genesis_hide_breadcrumbs":false,"_genesis_hide_singular_image":false,"_genesis_hide_footer_widgets":false,"_genesis_custom_body_class":"","_genesis_custom_post_class":"","_genesis_layout":"","footnotes":""},"class_list":{"0":"post-1590","1":"page","2":"type-page","3":"status-publish","5":"entry"},"_links":{"self":[{"href":"https:\/\/moverdb.com\/tr\/wp-json\/wp\/v2\/pages\/1590","targetHints":{"allow":["GET"]}}],"collection":[{"href":"https:\/\/moverdb.com\/tr\/wp-json\/wp\/v2\/pages"}],"about":[{"href":"https:\/\/moverdb.com\/tr\/wp-json\/wp\/v2\/types\/page"}],"author":[{"embeddable":true,"href":"https:\/\/moverdb.com\/tr\/wp-json\/wp\/v2\/users\/1"}],"replies":[{"embeddable":true,"href":"https:\/\/moverdb.com\/tr\/wp-json\/wp\/v2\/comments?post=1590"}],"version-history":[{"count":4,"href":"https:\/\/moverdb.com\/tr\/wp-json\/wp\/v2\/pages\/1590\/revisions"}],"predecessor-version":[{"id":6226,"href":"https:\/\/moverdb.com\/tr\/wp-json\/wp\/v2\/pages\/1590\/revisions\/6226"}],"wp:attachment":[{"href":"https:\/\/moverdb.com\/tr\/wp-json\/wp\/v2\/media?parent=1590"}],"curies":[{"name":"wp","href":"https:\/\/api.w.org\/{rel}","templated":true}]}}