{"id":1578,"date":"2017-04-21T14:09:10","date_gmt":"2017-04-21T14:09:10","guid":{"rendered":"http:\/\/moverdb.com\/?page_id=1578"},"modified":"2026-01-08T14:40:13","modified_gmt":"2026-01-08T14:40:13","slug":"mediterranean-shipping-company","status":"publish","type":"page","link":"https:\/\/moverdb.com\/tr\/mediterranean-shipping-company\/","title":{"rendered":"Mediterranean Shipping Company - Uluslararas\u0131 Hizmetler &amp; Yorumlar"},"content":{"rendered":"<p>Akdeniz <a href=\"https:\/\/moverdb.com\/tr\/shipping-companies\/\" data-internallinksmanager029f6b8e52c=\"4\" title=\"En \u0130yi 10 Uluslararas\u0131 Konteyner Nakliye \u015eirketi\">Nakliye \u015eirketi<\/a> (MSC) m\u00fc\u015fterilerine \u00e7ok \u00e7e\u015fitli nakliye ve di\u011fer hizmetleri sunmaktad\u0131r. Bunlar, \u015firket profili ve incelemelerle birlikte a\u015fa\u011f\u0131da listelenmi\u015ftir.<\/p>\n<h3>Uluslararas\u0131 Nakliye<\/h3>\n<p><strong>Kuru Y\u00fck<\/strong><\/p>\n<ul>\n<li> Standart 20ft, 40ft veya 40ft y\u00fcksekli\u011finde k\u00fcp konteynerler<\/li>\n<li> B\u00fcy\u00fck boyutlu ve d\u00f6kme y\u00fckler<\/li>\n<li> K\u00fcresel var\u0131\u015f noktalar\u0131na haftal\u0131k ve d\u00fczenli nakliye hizmetleri<\/li>\n<li> G\u00fcmr\u00fck i\u015flemleri ve dok\u00fcmantasyon<\/li>\n<\/ul>\n<p><strong>Reefer Kargo<\/strong><\/p>\n<ul>\n<li> Ki\u015fiye \u00f6zel u\u00e7tan uca ta\u015f\u0131ma \u00e7\u00f6z\u00fcmleri<\/li>\n<li> K\u00fcresel var\u0131\u015f noktalar\u0131na haftal\u0131k ve d\u00fczenli nakliye hizmetleri<\/li>\n<li> So\u011futulmu\u015f ve dondurulmu\u015f mallar\u0131n ta\u015f\u0131nmas\u0131nda uzmanl\u0131k<\/li>\n<li> Yolculuk \u00f6ncesi kontrol: <\/li>\n<li> Kir ve kokular\u0131 gidermek i\u00e7in kab\u0131n temizlendi\u011finden emin olun<\/li>\n<li> Konteynerin i\u00e7inin g\u0131da s\u0131n\u0131f\u0131 spesifikasyonlar\u0131na uygun olup olmad\u0131\u011f\u0131n\u0131 kontrol eder<\/li>\n<li> Makinelerin end\u00fcstri standartlar\u0131na uygun \u00e7al\u0131\u015ft\u0131\u011f\u0131ndan emin olmak i\u00e7in kontroller yapar<\/li>\n<li> Kap s\u0131cakl\u0131\u011f\u0131n\u0131n se\u00e7ilen do\u011fru noktaya d\u00fc\u015f\u00fcr\u00fcld\u00fc\u011f\u00fcnden emin olun<\/li>\n<li> G\u00fcmr\u00fck i\u015flemleri ve dok\u00fcmantasyon<\/li>\n<\/ul>\n<p><strong>Gabari D\u0131\u015f\u0131 ve Breakbulk Hizmetleri<\/strong><\/p>\n<ul>\n<li> Uzman proje kargo lojistik ekibi<\/li>\n<li> Kargoyu \u00e7\u0131k\u0131\u015f noktan\u0131zda y\u00fckleyin, ba\u011flay\u0131n ve emniyete al\u0131n <a href=\"https:\/\/moverdb.com\/tr\/top-49-container-ports\/\" data-internallinksmanager029f6b8e52c=\"80\" title=\"2025 Y\u0131l\u0131nda En B\u00fcy\u00fck ve En Yo\u011fun 49 Konteyner Liman\u0131\">Liman<\/a> veya yak\u0131ndaki depo<\/li>\n<li> \u00c7e\u015fitli ekipmanlar kullanarak dahili toplama ve teslimatlar<\/li>\n<li> Gerekirse polis\/i\u00e7 ula\u015f\u0131m bildirimlerinin d\u00fczenlenmesi<\/li>\n<li> Stevedoring, liman ba\u011flama ve liman depolama tesisleri<\/li>\n<li> Uzman ekipman<\/li>\n<li> Rekabet\u00e7i fiyatlar<\/li>\n<li> G\u00fcmr\u00fck i\u015flemleri ve dok\u00fcmantasyon<\/li>\n<\/ul>\n<p><strong>Intermodal Ta\u015f\u0131mac\u0131l\u0131k<\/strong><\/p>\n<ul>\n<li> Kap\u0131dan kap\u0131ya<\/li>\n<li> Fabrikadan t\u00fcketiciye<\/li>\n<li> Teslimat y\u00fck\u00fcml\u00fcl\u00fcklerini yerine getirmek i\u00e7in mevcut ta\u015f\u0131ma kombinasyonu<\/li>\n<\/ul>\n<p><strong>Konteyner ve Kargo Depolama<\/strong><\/p>\n<ul>\n<li> K\u00fcresel a\u011f, depolama ve antrepo<\/li>\n<li> Da\u011f\u0131t\u0131m a\u011f\u0131na yard\u0131mc\u0131 olun<\/li>\n<li> Kapsaml\u0131 toplama\/paketleme, stoktan \u00e7\u0131karma\/paletleme ve y\u0131\u011f\u0131n depolama hizmetleri ve tesisleri<\/li>\n<\/ul>\n<p><strong>\u00c7apraz Ticaret<\/strong><\/p>\n<ul>\n<li> Herhangi bir \u00e7\u0131k\u0131\u015f noktas\u0131ndan herhangi bir var\u0131\u015f noktas\u0131na gemi<\/li>\n<li> Kuru y\u00fck<\/li>\n<li> Reefer kargo<\/li>\n<li> \u00d6l\u00e7\u00fc d\u0131\u015f\u0131<\/li>\n<li> De\u011ferli ve tehlikeli kargo<\/li>\n<li> Belgelerin i\u015flenmesi<\/li>\n<li> Takip<\/li>\n<li> G\u00fcmr\u00fck i\u015flemleri<\/li>\n<\/ul>\n<p><strong>Kargo R\u00f6morklar\u0131<\/strong><\/p>\n<ul>\n<li> Sert<\/li>\n<li> Flatbed<\/li>\n<li> Damper<\/li>\n<li> Al\u00e7ak y\u00fckleyici<\/li>\n<li> Konteyner kald\u0131rma r\u00f6morku<\/li>\n<li> Jenerat\u00f6r r\u00f6morku<\/li>\n<\/ul>\n<p><strong>Konteyner Ekipmanlar\u0131<\/strong><\/p>\n<ul>\n<li> 20ft \/ 40ft standart ve y\u00fcksek k\u00fcp konteynerler<\/li>\n<li> 20ft \/ 40ft \u00fcst\u00fc a\u00e7\u0131k konteynerler<\/li>\n<li> 20ft \/ 40ft ve y\u00fcksek k\u00fcp reefer konteynerler<\/li>\n<li> 20ft \/ 40ft d\u00fcz raflar<\/li>\n<li> 20ft \/ 40ft platformlar<\/li>\n<li> 20ft \/ 40ft \u00fcst\u00fc a\u00e7\u0131k konteynerler<\/li>\n<\/ul>\n<h2>Akdeniz Denizcilik \u015eirketi (MSC)<\/h2>\n<p>Mediterranean Shipping Company, \u00f6zel sekt\u00f6re ait k\u00fcresel bir <a href=\"https:\/\/moverdb.com\/tr\/nakli%cc%87ye-si%cc%87rketleri%cc%87\/\">uluslararas\u0131 nakliye \u015firketi<\/a> Bu \u015firket 40 y\u0131l\u0131 a\u015fk\u0131n bir s\u00fcredir faaliyet g\u00f6stermektedir. Napoli'de Gianluigi Aponte taraf\u0131ndan kurulmu\u015ftur ve halen Aponte ailesi taraf\u0131ndan y\u00f6netilmektedir. K\u00fcresel merkez ofisi <a href=\"https:\/\/moverdb.com\/tr\/moving-to-switzerland\/moving-to-geneva\/\" data-internallinksmanager029f6b8e52c=\"416\" title=\"Cenevre&#039;ye mi ta\u015f\u0131n\u0131yorsunuz? 2026 Ya\u015fam Maliyetleri &amp; Yer De\u011fi\u015ftirme \u0130pu\u00e7lar\u0131\">Cenevre<\/a> 150 \u00fclkede 480 ofisi ve d\u00fcnya \u00e7ap\u0131nda 60.000'den fazla \u00e7al\u0131\u015fan\u0131 bulunmaktad\u0131r.<\/p>\n<p>MSC filosu yakla\u015f\u0131k 3.0 milyon TEU kapasiteli 500 konteyner gemisinden olu\u015fmaktad\u0131r. \u015eirket her y\u0131l d\u00fcnya \u00e7ap\u0131nda 315 limana u\u011frayarak her t\u00fcrden y\u00fck\u00fc teslim etmektedir.<\/p>\n<p>Mediterranean Shipping Company a\u015fa\u011f\u0131daki akreditasyonlara ve ba\u011flant\u0131lara sahiptir:<\/p>\n<ul>\n<li> Denizde Can G\u00fcvenli\u011fi (SOLAS)<\/li>\n<li> Uluslararas\u0131 Hava ve Deniz Ta\u015f\u0131mac\u0131l\u0131\u011f\u0131 Birli\u011fi (IASA)<\/li>\n<li> <a href=\"https:\/\/moverdb.com\/tr\/uluslararasi-oda-gemicilik\/\">Uluslararas\u0131 Deniz Ticaret Odas\u0131<\/a> (<a href=\"https:\/\/moverdb.com\/tr\/international-chamber-shipping\/\" data-internallinksmanager029f6b8e52c=\"78\" title=\"Uluslararas\u0131 Deniz Ticaret Odas\u0131 (ICS) A\u00e7\u0131klamas\u0131\">ICS<\/a>)<\/li>\n<li> Ulusal Gemi Brokerleri ve Acenteleri Dernekleri Federasyonu (FONASBA)<\/li>\n<\/ul>\n<p><strong>Akdeniz Denizcilik \u015eirketi Yorumlar\u0131<\/strong><\/p>\n<p><em>Bu yaz\u0131n\u0131n yaz\u0131ld\u0131\u011f\u0131 s\u0131rada, Mediterranean Shipping Company'nin nakliye hizmetleri hakk\u0131nda \u00e7evrimi\u00e7i herhangi bir yorum bulamad\u0131k.<\/em> <\/p>\n<div itemprop=\"review\" itemscope itemtype=\"http:\/\/schema.org\/Review\">\n<strong><span itemprop=\"author\" itemscope=\"\" itemtype=\"http:\/\/schema.org\/Organization\"><span itemprop=\"name\">MoverDB.com<\/span><\/span> \u00c7evrimi\u00e7i Web Sitesi \u0130ncelemesi i\u00e7in <span itemprop=\"itemreviewed\" itemscope=\"\" itemtype=\"http:\/\/schema.org\/Brand\"><span itemprop=\"name\">Akdeniz Denizcilik \u015eirketi<\/span><\/span>:<\/strong><\/p>\n<ol>\n<li> Web sitesinde a\u00e7\u0131k ileti\u015fim bilgileri (telefon numaras\u0131 dahil): <strong>Evet<\/strong><\/li>\n<li> Almas\u0131 kolay <a href=\"https:\/\/moverdb.com\/tr\/container-shipping\/\" data-internallinksmanager029f6b8e52c=\"3\" title=\"Uluslararas\u0131 Konteyner Nakliye Fiyatlar\u0131 Tablosu: Nisan 2026\">uluslararasi g\u00f6nderi\u0307m<\/a> teklifler? (\u00c7evrimi\u00e7i fiyat teklifi talep formu): <strong>Evet<\/strong><\/li>\n<li> Web sitesinde net bilgiler: <strong>Evet,<\/strong> Web sitesinde \u00e7ok say\u0131da uluslararas\u0131 nakliye bilgisi bulunmaktad\u0131r.<\/li>\n<li> Uluslararas\u0131 tan\u0131nm\u0131\u015f denizcilik kurulu\u015flar\u0131na \u00fcyelik: <strong>Evet<\/strong>.<\/li>\n<li> M\u00fc\u015fterilerin listesi ve\/veya \u00f6nceki m\u00fc\u015fteri referanslar\u0131. <strong>Evet,<\/strong> \u0130nternet sitelerinde s\u0131n\u0131rl\u0131 say\u0131da vaka \u00e7al\u0131\u015fmas\u0131 var.<\/li>\n<\/ol>\n<div itemprop=\"reviewRating\" itemscope itemtype=\"http:\/\/schema.org\/Rating\"><meta itemprop=\"worstRating\" content = \"0\" \/><meta itemprop=\"bestRating\" content=\"5\" \/><meta itemprop=\"ratingValue\" content=\"5\"><\/div>\n<p><strong>Genel puan: 5\/5<\/strong><br \/>\n<strong>\u0130nceleme Tarihi:<\/strong> <span itemprop=\"datePublished\" content=\"2017-04-21\">21\/04\/2017<\/span>\n<\/div>\n<p>Di\u011ferleri hakk\u0131nda daha fazla bilgi <a href=\"https:\/\/moverdb.com\/tr\/nakli%cc%87ye-si%cc%87rketleri%cc%87\/\">uluslararas\u0131 nakliye \u015firketleri<\/a>, <a href=\"https:\/\/moverdb.com\/tr\/konteyner-tasimaciligi\/\">konteyner nakliye \u00fccretleri<\/a> ve bizim <a href=\"https:\/\/moverdb.com\/tr\/yorumlar\/\">g\u00f6zden ge\u00e7irme s\u00fcreci<\/a>.<\/p>\n<p><strong>Web sitesi:<\/strong> <a href=\"https:\/\/www.msc.com\/\" target=\"_blank\" rel=\"noopener\">https:\/\/www.msc.com\/<\/a><\/p>","protected":false},"excerpt":{"rendered":"<p>Mediterranean Shipping Company (MSC) offers its customers a wide range of shipping and other services. These are listed below, together with a company profile and reviews. International Shipping Dry Cargo Standard 20ft, 40ft or 40ft high cube containers Oversized and breakbulk cargo Weekly and regular shipping services to global destinations Customs clearance and documentation Reefer [&hellip;]<\/p>\n","protected":false},"author":1,"featured_media":0,"parent":0,"menu_order":0,"comment_status":"closed","ping_status":"closed","template":"","meta":{"_genesis_hide_title":false,"_genesis_hide_breadcrumbs":false,"_genesis_hide_singular_image":false,"_genesis_hide_footer_widgets":false,"_genesis_custom_body_class":"","_genesis_custom_post_class":"","_genesis_layout":"","footnotes":""},"class_list":{"0":"post-1578","1":"page","2":"type-page","3":"status-publish","5":"entry"},"_links":{"self":[{"href":"https:\/\/moverdb.com\/tr\/wp-json\/wp\/v2\/pages\/1578","targetHints":{"allow":["GET"]}}],"collection":[{"href":"https:\/\/moverdb.com\/tr\/wp-json\/wp\/v2\/pages"}],"about":[{"href":"https:\/\/moverdb.com\/tr\/wp-json\/wp\/v2\/types\/page"}],"author":[{"embeddable":true,"href":"https:\/\/moverdb.com\/tr\/wp-json\/wp\/v2\/users\/1"}],"replies":[{"embeddable":true,"href":"https:\/\/moverdb.com\/tr\/wp-json\/wp\/v2\/comments?post=1578"}],"version-history":[{"count":6,"href":"https:\/\/moverdb.com\/tr\/wp-json\/wp\/v2\/pages\/1578\/revisions"}],"predecessor-version":[{"id":13177,"href":"https:\/\/moverdb.com\/tr\/wp-json\/wp\/v2\/pages\/1578\/revisions\/13177"}],"wp:attachment":[{"href":"https:\/\/moverdb.com\/tr\/wp-json\/wp\/v2\/media?parent=1578"}],"curies":[{"name":"wp","href":"https:\/\/api.w.org\/{rel}","templated":true}]}}