{"id":1570,"date":"2017-02-24T09:05:40","date_gmt":"2017-02-24T09:05:40","guid":{"rendered":"http:\/\/moverdb.com\/?page_id=1570"},"modified":"2026-01-08T15:20:24","modified_gmt":"2026-01-08T15:20:24","slug":"mudanzas-gou","status":"publish","type":"page","link":"https:\/\/moverdb.com\/tr\/mudanzas-gou\/","title":{"rendered":"Mudanzas Gou - Uluslararas\u0131 Ta\u015f\u0131nma Yorumlar\u0131"},"content":{"rendered":"<p>Mudanzas Gou bir Meksikal\u0131 <a href=\"https:\/\/moverdb.com\/tr\/moving-companies\/\" data-internallinksmanager029f6b8e52c=\"79\" title=\"\u00c7evrimi\u00e7i En \u0130yi 25 Uluslararas\u0131 Nakliye \u015eirketi\">ta\u015finma \u015fi\u0307rketi\u0307<\/a> M\u00fc\u015fterilerine a\u015fa\u011f\u0131da \u015firket profili ve incelemeleriyle birlikte listelenen geni\u015f bir hizmet yelpazesi sunmaktad\u0131r.<\/p>\n<p><strong>Uluslararas\u0131 Ta\u015f\u0131malar<\/strong><\/p>\n<ul>\n<li> Kap\u0131dan kap\u0131ya<\/li>\n<li> Tam paketleme hizmeti, k\u0131r\u0131lgan paketleme veya kendin yap paketleme<\/li>\n<li> Mobilyalar\u0131n demontaj\u0131 ve yeniden montaj\u0131<\/li>\n<li> G\u00fcmr\u00fck i\u015flemleri ve dok\u00fcmantasyon konusunda yard\u0131m<\/li>\n<li> Sigorta ayarland\u0131<\/li>\n<li> Ambalaj a\u00e7ma hizmeti mevcuttur<\/li>\n<li> K\u0131sa ve uzun s\u00fcreli depolama mevcuttur<\/li>\n<\/ul>\n<p><strong>Yurti\u00e7i ve Uzun Mesafe Ta\u015f\u0131malar\u0131<\/strong><\/p>\n<ul>\n<li> Kap\u0131dan kap\u0131ya<\/li>\n<li> Tam paketleme hizmeti, k\u0131r\u0131lgan paketleme veya kendin yap paketleme<\/li>\n<li> Mobilyalar\u0131n demontaj\u0131 ve yeniden montaj\u0131<\/li>\n<li> Sigorta ayarland\u0131<\/li>\n<li> Ambalaj a\u00e7ma hizmeti mevcuttur<\/li>\n<li> Uzun ve k\u0131sa s\u00fcreli depolama mevcuttur<\/li>\n<\/ul>\n<p><strong>Ticari Ta\u015f\u0131malar<\/strong><\/p>\n<ul>\n<li> Mesai sonras\u0131 ta\u015f\u0131nma<\/li>\n<li> Lojistik plan\u0131<\/li>\n<li> BT ta\u015f\u0131n\u0131yor<\/li>\n<li> T\u00fcm mobilyalar\u0131n demontaj\u0131 ve yeniden montaj\u0131<\/li>\n<\/ul>\n<p><strong>\u00d6zel Ta\u015f\u0131ma ve Nakliye<\/strong><\/p>\n<ul>\n<li> <a href=\"https:\/\/moverdb.com\/tr\/araba-tasima-nakliye\/\">Otomobiller<\/a><\/li>\n<li> Vans<\/li>\n<li> Motosikletler<\/li>\n<li> Z\u0131rhl\u0131 ara\u00e7lar<\/li>\n<li> Toplama ara\u00e7lar\u0131<\/li>\n<li> \u00c7e\u015fitli makineler<\/li>\n<li> Elektrikli tekneler<\/li>\n<li> Yelkenli tekneler<\/li>\n<li> T\u0131bbi malzemeler ve hastaneler<\/li>\n<li> E\u011fitim kurumlar\u0131<\/li>\n<li> Sanat ve antikalar<\/li>\n<li> \u00d6zel ekipman<\/li>\n<\/ul>\n<p><strong>Depolama<\/strong><\/p>\n<ul>\n<li> Uzun ve k\u0131sa vadeli<\/li>\n<li> 7\/24 g\u00fcvenlik<\/li>\n<li> Envanter sistemi<\/li>\n<li> \u0130klim kontroll\u00fc mevcut<\/li>\n<li> Ha\u015fere kontrol\u00fc<\/li>\n<li> Yang\u0131n sistemi<\/li>\n<li> Ar\u015fiv depolama<\/li>\n<\/ul>\n<h2>Mudanzas Gou \u015eirket Profili<\/h2>\n<p>Mudanzas Gou, d\u00fcnyan\u0131n en eski <a href=\"https:\/\/moverdb.com\/tr\/moving-companies\/moving-companies-mexico\/\" data-internallinksmanager029f6b8e52c=\"288\" title=\"18 Meksika&#039;daki En \u0130yi Uluslararas\u0131 Nakliye \u015eirketleri\">Meksika'daki nakliye \u015firketleri<\/a>1900'de ba\u015flad\u0131\u011f\u0131 yer. \u015eu anda Meksika'da 10 ofisi ve d\u00fcnyan\u0131n d\u00f6rt bir yan\u0131ndaki acentelerle ba\u011flant\u0131lar\u0131 var. Gou, Meksika'daki <a href=\"https:\/\/moverdb.com\/tr\/fidi-faim\/\" data-internallinksmanager029f6b8e52c=\"16\" title=\"FIDI &amp; FAIM (FIDI Akredite Uluslararas\u0131 Ta\u015f\u0131mac\u0131) A\u00e7\u0131klamas\u0131\">FIDI<\/a>, OMNI, <a href=\"https:\/\/moverdb.com\/tr\/lacma\/\" data-internallinksmanager029f6b8e52c=\"28\" title=\"Latin Amerika ve Karayipler Uluslararas\u0131 Ta\u015f\u0131mac\u0131lar Birli\u011fi (LACMA)\">LACMA<\/a>, AMI ve <a href=\"https:\/\/moverdb.com\/tr\/amsa\/\" data-internallinksmanager029f6b8e52c=\"5\" title=\"Amerikan Ta\u015f\u0131nma ve Depolama Birli\u011fi (AMSA) A\u00e7\u0131klamas\u0131\">AMSA<\/a>.<\/p>\n<p>Gou, ki\u015fisel hizmetiyle gurur duymakta ve m\u00fcmk\u00fcn olan en iyi hizmeti verebilmek i\u00e7in her m\u00fc\u015fteriyle y\u00fcz y\u00fcze konu\u015fmakta \u0131srar etmektedir. T\u00fcm ara\u00e7lar\u0131 uydu takibine sahiptir ve kendi personeli taraf\u0131ndan y\u00fcklenir ve s\u00fcr\u00fcl\u00fcr.<\/p>\n<p>Mudanzas Gou a\u015fa\u011f\u0131daki akreditasyonlara ve ba\u011flant\u0131lara sahiptir:<\/p>\n<ul>\n<li> <a href=\"https:\/\/moverdb.com\/tr\/fidi-faim\/\">F\u00e9d\u00e9ration Internationale des D\u00e9m\u00e9nageurs Internationaux<\/a> (FIDI)<\/li>\n<li> Overseas Moving Network International (OMNI)<\/li>\n<li> <a href=\"https:\/\/moverdb.com\/tr\/lacma\/\">Latin Amerika ve Karayipler Uluslararas\u0131 Ta\u015f\u0131mac\u0131lar Birli\u011fi<\/a> (LACMA)<\/li>\n<li> <a href=\"https:\/\/moverdb.com\/tr\/hgfaa\/\">Amerika Ev E\u015fyalar\u0131 Nakliyecileri Derne\u011fi<\/a> (HHGFA)<\/li>\n<li> <a href=\"https:\/\/moverdb.com\/tr\/amsa\/\" target=\"_blank\" rel=\"noopener\">Amerikan Ta\u015f\u0131nma ve Depolama Birli\u011fi<\/a> (AMSA)<\/li>\n<li> Pan Amerikan Uluslararas\u0131 Ta\u015f\u0131mac\u0131lar Birli\u011fi (PAIMA)<\/li>\n<li> <a href=\"https:\/\/moverdb.com\/tr\/fidi-faim\/\">FAIM<\/a><\/li>\n<li> Ter\u00f6rizme Kar\u015f\u0131 G\u00fcmr\u00fck ve Ticaret Ortakl\u0131\u011f\u0131 (C-PAT)<\/li>\n<\/ul>\n<h2>Mudanzas Gou Yorumlar\u0131<\/h2>\n<p>Mudanzas Gou i\u00e7in \u00e7evrimi\u00e7i olarak herhangi bir \u0130ngilizce de\u011ferlendirme bulamad\u0131k, ayr\u0131ca sitede m\u00fc\u015fteri referanslar\u0131 da yok gibi g\u00f6r\u00fcn\u00fcyor.<\/p>\n<div itemprop=\"review\" itemscope itemtype=\"http:\/\/schema.org\/Review\">\n<span itemprop=\"author\" itemscope=\"\" itemtype=\"http:\/\/schema.org\/Organization\"><span itemprop=\"name\">MoverDB.com<\/span><\/span> \u00c7evrimi\u00e7i Web Sitesi \u0130ncelemesi i\u00e7in <span itemprop=\"itemreviewed\" itemscope=\"\" itemtype=\"http:\/\/schema.org\/Brand\"><span itemprop=\"name\">Mudanzas Gou<\/span><\/span>:<\/p>\n<ol>\n<li> Web sitesinde a\u00e7\u0131k ileti\u015fim bilgileri (telefon numaras\u0131 dahil): <strong>Evet<\/strong><\/li>\n<li> Almas\u0131 kolay <a href=\"https:\/\/moverdb.com\/tr\/alintilar\/\">ta\u015f\u0131nma teklifleri<\/a>? (\u00c7evrimi\u00e7i tahmin talep formu): <strong>Evet<\/strong><\/li>\n<li> Web sitesinde net bilgiler: <strong>Evet,<\/strong> Temel olmakla birlikte, hizmetlerini hem \u0130ngilizce hem de \u0130spanyolca olarak \u00f6zetliyor.<\/li>\n<li> Uluslararas\u0131 tan\u0131nm\u0131\u015f ta\u015f\u0131ma organizasyonlar\u0131na \u00fcyelik: <strong>Evet<\/strong>, (bir\u00e7o\u011fu yukar\u0131ya bak\u0131n\u0131z)<\/li>\n<li> M\u00fc\u015fterilerin listesi ve\/veya \u00f6nceki m\u00fc\u015fteri referanslar\u0131: <strong>Hay\u0131r,<\/strong> herhangi bir yorum veya m\u00fc\u015fteri referans\u0131 bulamad\u0131k.<\/li>\n<\/ol>\n<div itemprop=\"reviewRating\" itemscope itemtype=\"http:\/\/schema.org\/Rating\"><meta itemprop=\"worstRating\" content = \"0\" \/><meta itemprop=\"bestRating\" content=\"5\" \/><meta itemprop=\"ratingValue\" content=\"4\"><\/div>\n<p><strong>Genel puan: 4\/5<\/strong><br \/>\n<strong>\u0130nceleme Tarihi:<\/strong> <span itemprop=\"datePublished\" content=\"2017-02-24\">24\/02\/2017<\/span>\n<\/div>\n<p>Hakk\u0131nda daha fazlas\u0131n\u0131 okuyun <a href=\"https:\/\/moverdb.com\/tr\/tasinma-si%cc%87rketleri%cc%87\/\">uluslararas\u0131 ta\u015f\u0131ma \u015firketleri<\/a> ve bizim <a href=\"https:\/\/moverdb.com\/tr\/yorumlar\/\">g\u00f6zden ge\u00e7irme s\u00fcreci<\/a>.<\/p>\n<p><strong>Web siteleri:<\/strong> \u0130spanyolca: <a href=\"http:\/\/www.mudanzasgou.com.mx\/\" target=\"_blank\" rel=\"noopener\">http:\/\/www.mudanzasgou.com.mx\/<\/a> \u0130ngilizce: <a href=\"http:\/\/www.mudanzasgou.com\/\" target=\"_blank\" rel=\"noopener\">http:\/\/www.mudanzasgou.com\/<\/a><\/p>","protected":false},"excerpt":{"rendered":"<p>Mudanzas Gou is a Mexican moving company which offers its clients a wide range of services which are listed below, together with a company profile and reviews. International Moves Door to door Full packing service, fragile packing or DIY packing Disassembly and reassembly of furniture Customs clearance and assistance with documentation Insurance arranged Unpacking service [&hellip;]<\/p>\n","protected":false},"author":1,"featured_media":0,"parent":0,"menu_order":0,"comment_status":"closed","ping_status":"closed","template":"","meta":{"_genesis_hide_title":false,"_genesis_hide_breadcrumbs":false,"_genesis_hide_singular_image":false,"_genesis_hide_footer_widgets":false,"_genesis_custom_body_class":"","_genesis_custom_post_class":"","_genesis_layout":"","footnotes":""},"class_list":{"0":"post-1570","1":"page","2":"type-page","3":"status-publish","5":"entry"},"_links":{"self":[{"href":"https:\/\/moverdb.com\/tr\/wp-json\/wp\/v2\/pages\/1570","targetHints":{"allow":["GET"]}}],"collection":[{"href":"https:\/\/moverdb.com\/tr\/wp-json\/wp\/v2\/pages"}],"about":[{"href":"https:\/\/moverdb.com\/tr\/wp-json\/wp\/v2\/types\/page"}],"author":[{"embeddable":true,"href":"https:\/\/moverdb.com\/tr\/wp-json\/wp\/v2\/users\/1"}],"replies":[{"embeddable":true,"href":"https:\/\/moverdb.com\/tr\/wp-json\/wp\/v2\/comments?post=1570"}],"version-history":[{"count":4,"href":"https:\/\/moverdb.com\/tr\/wp-json\/wp\/v2\/pages\/1570\/revisions"}],"predecessor-version":[{"id":6222,"href":"https:\/\/moverdb.com\/tr\/wp-json\/wp\/v2\/pages\/1570\/revisions\/6222"}],"wp:attachment":[{"href":"https:\/\/moverdb.com\/tr\/wp-json\/wp\/v2\/media?parent=1570"}],"curies":[{"name":"wp","href":"https:\/\/api.w.org\/{rel}","templated":true}]}}