{"id":1568,"date":"2017-02-01T16:22:03","date_gmt":"2017-02-01T16:22:03","guid":{"rendered":"http:\/\/moverdb.com\/?page_id=1568"},"modified":"2026-01-08T14:40:03","modified_gmt":"2026-01-08T14:40:03","slug":"leo-packers-movers","status":"publish","type":"page","link":"https:\/\/moverdb.com\/tr\/leo-packers-movers\/","title":{"rendered":"Leo Packers and Movers - Uluslararas\u0131 Ta\u015f\u0131mac\u0131l\u0131k Yorumlar\u0131"},"content":{"rendered":"<p>Leo Packers and Movers Bangalore merkezli bir \u015firkettir, <a href=\"https:\/\/moverdb.com\/tr\/moving-to-india\/\" data-internallinksmanager029f6b8e52c=\"356\" title=\"Hindistan&#039;a m\u0131 Ta\u015f\u0131n\u0131yorsunuz? 2026 Ya\u015fam Maliyetleri &amp; Yer De\u011fi\u015ftirme \u0130pu\u00e7lar\u0131\">Hindistan<\/a>. \u015eirket, m\u00fc\u015fterilerine \u015firket profili ve incelemelerle birlikte a\u015fa\u011f\u0131da listelenen geni\u015f bir hizmet yelpazesi sunmaktad\u0131r.<\/p>\n<p><strong>Uluslararas\u0131 Ta\u015f\u0131malar<\/strong><\/p>\n<ul>\n<li> Kap\u0131dan kap\u0131ya<\/li>\n<li> Kap\u0131dan terminale<\/li>\n<li> Tam paketleme hizmeti, k\u0131r\u0131labilir e\u015fyalar veya kendin yap paketleme<\/li>\n<li> Mobilyalar\u0131n s\u00f6k\u00fclmesi ve yeniden montaj\u0131<\/li>\n<li> Tam ambalaj a\u00e7ma hizmeti mevcuttur<\/li>\n<li> Enkaz kald\u0131rma<\/li>\n<li> Uzun ve k\u0131sa s\u00fcreli depolama mevcuttur<\/li>\n<li> G\u00fcmr\u00fck i\u015flemleri ve dok\u00fcmantasyon konusunda yard\u0131m'<\/li>\n<li> Hava Ta\u015f\u0131mac\u0131l\u0131\u011f\u0131<\/li>\n<li> Deniz ta\u015f\u0131mac\u0131l\u0131\u011f\u0131<\/li>\n<li> Sigorta ayarland\u0131<\/li>\n<\/ul>\n<p><strong>Konut Ta\u015f\u0131malar\u0131<\/strong><\/p>\n<ul>\n<li> Kap\u0131dan kap\u0131ya<\/li>\n<li> Tam paketleme hizmeti mevcuttur<\/li>\n<li> Mobilyalar\u0131n s\u00f6k\u00fclmesi ve yeniden montaj\u0131<\/li>\n<li> Ambalaj a\u00e7ma hizmeti mevcuttur<\/li>\n<li> Enkaz kald\u0131rma<\/li>\n<li> \u00d6zel yap\u0131m konteynerli ara\u00e7lar<\/li>\n<li> Uzun ve k\u0131sa s\u00fcreli depolama<\/li>\n<li> Sigorta ayarland\u0131<\/li>\n<\/ul>\n<p><strong>Kurumsal Ta\u015f\u0131nma<\/strong><\/p>\n<ul>\n<li> Kap\u0131dan kap\u0131ya servis<\/li>\n<li> Mobilyalar\u0131n s\u00f6k\u00fclmesi ve yeniden montaj\u0131<\/li>\n<li> Tam hizmet paketleme<\/li>\n<li> Do\u011fru etiketleme<\/li>\n<li> \u00c7al\u0131\u015fma istasyonlar\u0131n\u0131n kurulmas\u0131<\/li>\n<li> Mesai sonras\u0131 ve hafta sonu ta\u015f\u0131nmalar\u0131<\/li>\n<li> Enkaz kald\u0131rma<\/li>\n<\/ul>\n<p><strong>Depolama<\/strong><\/p>\n<ul>\n<li> \u00d6zel yap\u0131m bireysel kabinler<\/li>\n<li> Tozsuz, Termitsiz, Kokusuz (ha\u015fere kontroll\u00fc)<\/li>\n<li> Birinci kat tesisleri ile RCC binas\u0131<\/li>\n<li> Kendine ait depolar<\/li>\n<li> G\u00fcn\u00fcn her saati g\u00fcvenlik<\/li>\n<li> G\u00f6zetim<\/li>\n<\/ul>\n<h2>Leo Packers and Movers \u015eirket Profili<\/h2>\n<p>Leo Packers and Movers kap\u0131lar\u0131n\u0131 1975 y\u0131l\u0131nda Hindistan'\u0131n Bangalore kentinde a\u00e7t\u0131. \u015eirket halen kurucu aile Shah'lar taraf\u0131ndan y\u00f6netilmektedir ve \u015fu anda \u00fc\u00e7 ku\u015fak \u015firket i\u00e7in \u00e7al\u0131\u015fmaktad\u0131r. \u015eirket ba\u011f\u0131ms\u0131z bir ta\u015f\u0131nma \u015firketidir ve Hindistan'da hem yerel, hem b\u00f6lgesel hem de uluslararas\u0131 ev ve kurumsal ta\u015f\u0131nmalarda en iyi \u015firketlerden biri olarak bilinmektedir.<\/p>\n<p>\u015eirket, m\u00fc\u015fterileriyle iyi bir ili\u015fki geli\u015ftirmeye ve s\u00fcrd\u00fcrmeye inanmaktad\u0131r. Maliyetin \u00f6nemli bir fakt\u00f6r oldu\u011funu bilirler ve m\u00fckemmel hizmeti s\u00fcrd\u00fcr\u00fcrken fiyatlar\u0131 d\u00fc\u015f\u00fck tutmaya \u00e7al\u0131\u015f\u0131rlar. Leo Packers and Movers, her ta\u015f\u0131nman\u0131n farkl\u0131 oldu\u011funu ve bu nedenle her ta\u015f\u0131nman\u0131n m\u00fc\u015fteriye uyacak \u015fekilde \u00f6zelle\u015ftirildi\u011fini s\u00f6yl\u00fcyor.<\/p>\n<p>Leo Packers and Movers a\u015fa\u011f\u0131daki akreditasyonlara ve ba\u011flant\u0131lara sahiptir: -<\/p>\n<ul>\n<li> \u015eirketin web sitesinde belirtilmemi\u015ftir<\/li>\n<\/ul>\n<h2>Leo Packers and Movers Yorumlar\u0131<\/h2>\n<p><strong>Olumlu:<\/strong><\/p>\n<ul>\n<li> <em>\"Ekip \u00fcyeleri sadece kendilerini iyi idare etmekle kalmad\u0131, ayn\u0131 zamanda g\u00f6revlerine sad\u0131k kald\u0131lar ve odakland\u0131lar ve sab\u0131rla i\u015flerini y\u00fcr\u00fctt\u00fcler.\"<\/em> rarami20000 arac\u0131l\u0131\u011f\u0131yla <a href=\"http:\/\/www.mouthshut.com\/review\/Leo-Packers-and-Movers-Hyderabad-review-mmqtqrslsnm\" target=\"_blank\" rel=\"noopener\">MouthShut.com<\/a>\n<\/ul>\n<p><strong>Olumsuz:<\/strong><\/p>\n<ul>\n<li> <em>\"Bu insanlar en k\u00f6t\u00fc adamlar, \u00f6nce sizden paray\u0131 al\u0131rlar ve ondan sonra sizi asla dinlemezler.\"<\/em> subbu2001978 arac\u0131l\u0131\u011f\u0131yla <a href=\"http:\/\/www.mouthshut.com\/review\/Leo-Packers-and-Movers-Hyderabad-review-sqtrrrmoqqm\" target=\"_blank\" rel=\"noopener\">MouthShut.com<\/a><\/li>\n<\/ul>\n<div itemprop=\"review\" itemscope itemtype=\"http:\/\/schema.org\/Review\">\n<span itemprop=\"author\" itemscope=\"\" itemtype=\"http:\/\/schema.org\/Organization\"><span itemprop=\"name\">MoverDB.com<\/span><\/span> \u00c7evrimi\u00e7i Web Sitesi \u0130ncelemesi i\u00e7in <span itemprop=\"itemreviewed\" itemscope=\"\" itemtype=\"http:\/\/schema.org\/Brand\"><span itemprop=\"name\">Leo Paketleyiciler ve Ta\u015f\u0131y\u0131c\u0131lar<\/span><\/span>:<\/p>\n<ol>\n<li> Web sitesinde a\u00e7\u0131k ileti\u015fim bilgileri (telefon numaras\u0131 dahil): <strong>Evet<\/strong><\/li>\n<li> Almas\u0131 kolay <a href=\"https:\/\/moverdb.com\/tr\/alintilar\/\">uluslararas\u0131 ta\u015f\u0131ma teklifleri<\/a>? (\u00c7evrimi\u00e7i tahmin talep formu): <strong>Evet<\/strong><\/li>\n<li> Web sitesinde net bilgiler: <strong>S\u0131n\u0131rl\u0131<\/strong> web sitesi, hizmetleri hakk\u0131nda yaln\u0131zca s\u0131n\u0131rl\u0131 bilgi sunmaktad\u0131r.<\/li>\n<li> Uluslararas\u0131 tan\u0131nm\u0131\u015f ta\u015f\u0131ma organizasyonlar\u0131na \u00fcyelik: <strong>Listede yok<\/strong><\/li>\n<li> M\u00fc\u015fterilerin listesi ve\/veya \u00f6nceki m\u00fc\u015fteri referanslar\u0131. <strong>Hay\u0131r,<\/strong> ama bir foto\u011fraf galerileri var.<\/li>\n<\/ol>\n<div itemprop=\"reviewRating\" itemscope itemtype=\"http:\/\/schema.org\/Rating\"><meta itemprop=\"worstRating\" content = \"0\" \/><meta itemprop=\"bestRating\" content=\"5\" \/><meta itemprop=\"ratingValue\" content=\"3\"><\/div>\n<p><strong>Genel puan: 3\/5<\/strong><br \/>\n<strong>\u0130nceleme Tarihi:<\/strong> <span itemprop=\"datePublished\" content=\"2017-02-01\">01\/02\/2017<\/span>\n<\/div>\n<p>Hakk\u0131nda daha fazlas\u0131n\u0131 okuyun <a href=\"https:\/\/moverdb.com\/tr\/tasinma-si%cc%87rketleri%cc%87\/\">uluslararas\u0131 ta\u015f\u0131ma \u015firketleri<\/a> ve bizim <a href=\"https:\/\/moverdb.com\/tr\/yorumlar\/\">g\u00f6zden ge\u00e7irme s\u00fcreci<\/a>.<\/p>\n<p><strong>Web sitesi:<\/strong> <a href=\"http:\/\/www.leopackersindia.com\/\" target=\"_blank\" rel=\"noopener\">http:\/\/www.leopackersindia.com\/<\/a><\/p>","protected":false},"excerpt":{"rendered":"<p>Leo Packers and Movers is based in Bangalore, India. The company offers its customers a wide range of services which are listed below, together with a company profile and reviews. International Moves Door to door Door to terminal Full packing service, fragile items or DIY packing Dismantling and reassembly of furniture Full unpacking service available [&hellip;]<\/p>\n","protected":false},"author":1,"featured_media":0,"parent":0,"menu_order":0,"comment_status":"closed","ping_status":"closed","template":"","meta":{"_genesis_hide_title":false,"_genesis_hide_breadcrumbs":false,"_genesis_hide_singular_image":false,"_genesis_hide_footer_widgets":false,"_genesis_custom_body_class":"","_genesis_custom_post_class":"","_genesis_layout":"","footnotes":""},"class_list":{"0":"post-1568","1":"page","2":"type-page","3":"status-publish","5":"entry"},"_links":{"self":[{"href":"https:\/\/moverdb.com\/tr\/wp-json\/wp\/v2\/pages\/1568","targetHints":{"allow":["GET"]}}],"collection":[{"href":"https:\/\/moverdb.com\/tr\/wp-json\/wp\/v2\/pages"}],"about":[{"href":"https:\/\/moverdb.com\/tr\/wp-json\/wp\/v2\/types\/page"}],"author":[{"embeddable":true,"href":"https:\/\/moverdb.com\/tr\/wp-json\/wp\/v2\/users\/1"}],"replies":[{"embeddable":true,"href":"https:\/\/moverdb.com\/tr\/wp-json\/wp\/v2\/comments?post=1568"}],"version-history":[{"count":3,"href":"https:\/\/moverdb.com\/tr\/wp-json\/wp\/v2\/pages\/1568\/revisions"}],"predecessor-version":[{"id":13170,"href":"https:\/\/moverdb.com\/tr\/wp-json\/wp\/v2\/pages\/1568\/revisions\/13170"}],"wp:attachment":[{"href":"https:\/\/moverdb.com\/tr\/wp-json\/wp\/v2\/media?parent=1568"}],"curies":[{"name":"wp","href":"https:\/\/api.w.org\/{rel}","templated":true}]}}