{"id":1558,"date":"2017-07-10T10:38:01","date_gmt":"2017-07-10T10:38:01","guid":{"rendered":"http:\/\/moverdb.com\/?page_id=1558"},"modified":"2026-01-08T15:20:30","modified_gmt":"2026-01-08T15:20:30","slug":"packimpex","status":"publish","type":"page","link":"https:\/\/moverdb.com\/tr\/packimpex\/","title":{"rendered":"Packimpex - Uluslararas\u0131 Ta\u015f\u0131nma ve Nakliye Yorumlar\u0131"},"content":{"rendered":"<p>Packimpex bir yer de\u011fi\u015ftirme ve <a href=\"https:\/\/moverdb.com\/tr\/international-removals\/\" data-internallinksmanager029f6b8e52c=\"27\" title=\"36 \u0130ngiltere&#039;deki En \u0130yi Uluslararas\u0131 Nakliye \u015eirketleri\">nakli\u0307ye \u015fi\u0307rketi\u0307<\/a> merkezli <a href=\"https:\/\/moverdb.com\/tr\/moving-to-bern\/\" data-internallinksmanager029f6b8e52c=\"262\" title=\"Bern&#039;e mi ta\u015f\u0131n\u0131yorsunuz? 2026 Ya\u015fam Maliyetleri &amp; Yer De\u011fi\u015ftirme \u0130pu\u00e7lar\u0131\">Bern<\/a>, <a href=\"https:\/\/moverdb.com\/tr\/moving-to-switzerland\/\" data-internallinksmanager029f6b8e52c=\"327\" title=\"\u0130svi\u00e7re&#039;ye mi ta\u015f\u0131n\u0131yorsunuz? 2026 Ya\u015fam Maliyetleri &amp; Yer De\u011fi\u015ftirme \u0130pu\u00e7lar\u0131\">\u0130svi\u00e7re<\/a>. M\u00fc\u015fterilerine, \u015firket profili ve incelemelerle birlikte a\u015fa\u011f\u0131da listelenen bir dizi hizmet sunmaktad\u0131r.<\/p>\n<p><strong>Uluslararas\u0131 Ta\u015f\u0131malar<\/strong><\/p>\n<ul>\n<li> \u00d6zel ta\u015f\u0131nma y\u00f6neticisi<\/li>\n<li> Tam paketleme hizmeti, k\u0131smi paketleme veya kendin yap paketleme<\/li>\n<li> \u00c7ok dilli paketleyiciler<\/li>\n<li> M\u00fcmk\u00fcn olan yerlerde yeniden kullan\u0131labilir ve geri d\u00f6n\u00fc\u015ft\u00fcr\u00fclebilir ambalajlar<\/li>\n<li> Hava, kara veya deniz ta\u015f\u0131mac\u0131l\u0131\u011f\u0131<\/li>\n<li> Evcil hayvanlar\u0131n ta\u015f\u0131nmas\u0131<\/li>\n<li> <a href=\"https:\/\/moverdb.com\/tr\/araba-tasima-nakliye\/\">Arabalar<\/a><\/li>\n<li> Uzun ve k\u0131sa s\u00fcreli depolama<\/li>\n<li> G\u00fcmr\u00fck i\u015flemleri ve dok\u00fcmantasyon konusunda yard\u0131m<\/li>\n<li> Tam ambalaj a\u00e7ma hizmeti mevcuttur<\/li>\n<li> Sigorta ayarland\u0131<\/li>\n<\/ul>\n<p><strong>Destinasyon Hizmetleri - \u0130svi\u00e7re<\/strong><\/p>\n<ul>\n<li> Dan\u0131\u015fmanl\u0131k<\/li>\n<li> G\u00f6\u00e7menlik hizmetleri<\/li>\n<li> Oryantasyon turu<\/li>\n<li> Var\u0131\u015f hizmeti<\/li>\n<li> Ge\u00e7ici konaklama ayarland\u0131<\/li>\n<li> Ev arama<\/li>\n<li> E\u011fitim ve \u00e7ocuk bak\u0131m\u0131 yard\u0131m\u0131<\/li>\n<li> Yerle\u015ftirme hizmetleri<\/li>\n<li> Entegrasyon destek program\u0131<\/li>\n<li> Arabalar - ithal edin veya sat\u0131n al\u0131n<\/li>\n<li> Grup hareketleri<\/li>\n<li> Kalk\u0131\u015f hizmetleri<\/li>\n<\/ul>\n<p><strong>Kurumsal Konut Hizmetleri<\/strong><\/p>\n<ul>\n<li> Rezervasyon y\u00f6netimi<\/li>\n<li> Apartman y\u00f6netimi<\/li>\n<li> Gider y\u00f6netimi<\/li>\n<li> Kirac\u0131 de\u011fi\u015fim deste\u011fi<\/li>\n<li> Kurumsal daire havuzu<\/li>\n<li> Mobilya kiralama<\/li>\n<li> Mobilya y\u00f6netimi<\/li>\n<li> Packimpex'ten mobilyal\u0131 daireler<\/li>\n<\/ul>\n<p><strong>Yerel Ta\u015f\u0131malar<\/strong><\/p>\n<ul>\n<li> Kap\u0131dan kap\u0131ya<\/li>\n<li> Tam hizmet ta\u015f\u0131nma<\/li>\n<li> S\u0131n\u0131rl\u0131 hizmet hamlesi<\/li>\n<li> Uzun ve k\u0131sa s\u00fcreli depolama<\/li>\n<li> Ambalaj a\u00e7ma hizmeti mevcuttur<\/li>\n<li> Sa\u011flanan sigorta<\/li>\n<li> Enkaz kald\u0131rma<\/li>\n<\/ul>\n<h2>Packimpex \u015eirket Profili<\/h2>\n<p>Packimpex, 1977 y\u0131l\u0131nda uluslararas\u0131 ta\u015f\u0131nmalara odaklanmaya ba\u015flad\u0131 ve \u015fu anda \u0130svi\u00e7re'de uluslararas\u0131 ta\u015f\u0131nma ve yer de\u011fi\u015ftirme konusunda \u00f6nc\u00fc konumunda. \u015eirketin \u0130svi\u00e7re'nin farkl\u0131 yerlerinde on ofisi ve \u0130svi\u00e7re'de bir ofisi bulunmaktad\u0131r. <a href=\"https:\/\/moverdb.com\/tr\/moving-to-germany\/\" data-internallinksmanager029f6b8e52c=\"321\" title=\"Almanya&#039;ya m\u0131 ta\u015f\u0131n\u0131yorsunuz? 2026 Ya\u015fam Maliyetleri &amp; Yer De\u011fi\u015ftirme \u0130pu\u00e7lar\u0131\">Almanya<\/a>. Packimpex, her biri kendi alan\u0131nda uzman oldu\u011funu s\u00f6yledi\u011fi 300'den fazla personel istihdam etmektedir. \u015eirket, yer de\u011fi\u015ftirme ve ta\u015f\u0131ma sekt\u00f6r\u00fcndeki en son yenilikleri takip edebilmek i\u00e7in kendi e\u011fitim akademisine sahiptir.<\/p>\n<p>\u0130svi\u00e7re'nin en b\u00fcy\u00fck 100 \u015firketinin 60%'sinden fazlas\u0131 yerel ta\u015f\u0131nmalar\u0131 ve personel yer de\u011fi\u015ftirmeleri i\u00e7in Packimpex'i kullanmaktad\u0131r. Packimpex, 63 \u00fclke ve 1200 lokasyondaki nakliyecilere eri\u015fim sa\u011flayan UniGroup Relocation Network'\u00fcn bir par\u00e7as\u0131d\u0131r. \u015eirket ayr\u0131ca \u0130svi\u00e7re'nin b\u00fcy\u00fck \u015fehirlerinde \u015firketlere ve deniza\u015f\u0131r\u0131 personeline kiralanan 40 mobilyal\u0131 daireye sahiptir.<\/p>\n<p>Packimpex, \u00e7evre dostu i\u015f modeliyle gurur duymakta ve m\u00fcmk\u00fcn olan her yerde ambalajlar\u0131n\u0131 geri d\u00f6n\u00fc\u015ft\u00fcrmektedir. \u015eirketin karbon ayak izini azaltmak i\u00e7in her zaman devam eden \u00e7e\u015fitli karbon dengeleme projeleri vard\u0131r.<\/p>\n<p>Packimpex a\u015fa\u011f\u0131daki akreditasyonlara ve ba\u011flant\u0131lara sahiptir:<\/p>\n<ul>\n<li> <a href=\"https:\/\/moverdb.com\/tr\/fidi-faim\/\">FIDI<\/a><\/li>\n<li> <a href=\"https:\/\/moverdb.com\/tr\/fidi-faim\/\" data-internallinksmanager029f6b8e52c=\"16\" title=\"FIDI &amp; FAIM (FIDI Akredite Uluslararas\u0131 Ta\u015f\u0131mac\u0131) A\u00e7\u0131klamas\u0131\">FAIM<\/a>-ISO<\/li>\n<li> UniGroup Yer De\u011fi\u015ftirme A\u011f\u0131<\/li>\n<li> OMNI<\/li>\n<li> <a href=\"https:\/\/moverdb.com\/tr\/calisan-yer-degistirme-konseyi\/\">\u0130stihdam Yer De\u011fi\u015ftirme Konseyi<\/a> (<a href=\"https:\/\/moverdb.com\/tr\/employee-relocation-council\/\" data-internallinksmanager029f6b8e52c=\"83\" title=\"D\u00fcnya \u00c7ap\u0131nda \u00c7al\u0131\u015fan Yer De\u011fi\u015ftirme Konseyi (ERC) A\u00e7\u0131klamas\u0131\">ERC<\/a>)<\/li>\n<li> <a href=\"https:\/\/moverdb.com\/tr\/eura\/\">Avrupa Yer De\u011fi\u015ftirme Derne\u011fi<\/a> (<a href=\"https:\/\/moverdb.com\/tr\/eura\/\" data-internallinksmanager029f6b8e52c=\"13\" title=\"Avrupa Yer De\u011fi\u015ftirme Birli\u011fi (EuRA) A\u00e7\u0131klamas\u0131\">EURA<\/a>)<\/li>\n<li> ISO 9001<\/li>\n<li> ISO 14001<\/li>\n<li> ISO 27001<\/li>\n<\/ul>\n<h2>Packimpex Yorumlar\u0131<\/h2>\n<p><strong>Olumlu:<\/strong><\/p>\n<p><em>\"Bu \u00e7ocuklar harikayd\u0131. Nas\u0131l bir \u015fey oldu\u011fu hakk\u0131nda hi\u00e7bir fikrim yok. <a href=\"https:\/\/moverdb.com\/tr\/tasinma-maliyetleri\/\" target=\"_blank\" rel=\"noopener\">maliyet<\/a> \u015eirket bununla ilgilendi, ancak evimi toplarken g\u00f6sterdikleri \u00f6zen <a href=\"https:\/\/moverdb.com\/tr\/moving-to-london\/\" target=\"_blank\" rel=\"noopener\">Londra<\/a> ve bu taraftaki her \u015feyi yeniden monte ederken g\u00f6sterdikleri \u00f6zen harikayd\u0131.\"<\/em> - \u00fczerinden <a href=\"https:\/\/www.englishforum.ch\/housing-general\/131431-packimpex-review.html\" target=\"_blank\" rel=\"noopener\">\u0130svi\u00e7re \u0130ngilizce Forumu<\/a><\/p>\n<p><strong>Olumsuz: <\/strong><\/p>\n<p><em>\"Kalk\u0131\u015f d\u00fczenlemelerinin son derece k\u00f6t\u00fc idare edilmesi\"<\/em> - Anu arac\u0131l\u0131\u011f\u0131yla <a href=\"https:\/\/www.facebook.com\/pg\/packimpex\/reviews\/?ref=page_internal\" target=\"_blank\" rel=\"noopener\">Facebook<\/a><\/p>\n<div itemprop=\"review\" itemscope itemtype=\"http:\/\/schema.org\/Review\">\n<span itemprop=\"author\" itemscope=\"\" itemtype=\"http:\/\/schema.org\/Organization\"><span itemprop=\"name\">MoverDB.com<\/span><\/span> \u00c7evrimi\u00e7i Web Sitesi \u0130ncelemesi i\u00e7in <span itemprop=\"itemreviewed\" itemscope=\"\" itemtype=\"http:\/\/schema.org\/Brand\"><span itemprop=\"name\">Packimpex<\/span><\/span>:<\/p>\n<ol>\n<li> Web sitesinde a\u00e7\u0131k ileti\u015fim bilgileri (telefon numaras\u0131 dahil): <strong>Evet<\/strong><\/li>\n<li> Almas\u0131 kolay <a href=\"https:\/\/moverdb.com\/tr\/alintilar\/\">uluslararas\u0131 ta\u015f\u0131ma teklifleri<\/a>? (\u00c7evrimi\u00e7i tahmin talep formu): <strong>Evet<\/strong><\/li>\n<li> Web sitesinde net bilgiler: <strong>Evet,<\/strong> Web sitesi sunduklar\u0131 t\u00fcm hizmetleri a\u00e7\u0131k\u00e7a ortaya koyuyor.<\/li>\n<li> Uluslararas\u0131 tan\u0131nm\u0131\u015f ta\u015f\u0131ma organizasyonlar\u0131na \u00fcyelik: <strong>Evet<\/strong>, (yukar\u0131ya bak\u0131n)<\/li>\n<li> M\u00fc\u015fterilerin listesi ve\/veya \u00f6nceki m\u00fc\u015fteri referanslar\u0131. <strong>Hay\u0131r,<\/strong> ancak \u015firket i\u00e7in yap\u0131lan \u00e7evrimi\u00e7i incelemelerin \u00e7o\u011fu olumlu g\u00f6r\u00fcn\u00fcyor.<\/li>\n<\/ol>\n<div itemprop=\"reviewRating\" itemscope itemtype=\"http:\/\/schema.org\/Rating\"><meta itemprop=\"worstRating\" content = \"0\" \/><meta itemprop=\"bestRating\" content=\"5\" \/><meta itemprop=\"ratingValue\" content=\"4.5\"><\/div>\n<p><strong>Genel puan: 4,5\/5<\/strong><br \/>\n<strong>\u0130nceleme Tarihi:<\/strong> <span itemprop=\"datePublished\" content=\"2017-07-10\">10\/07\/2017<\/span>\n<\/div>\n<p>Hakk\u0131nda daha fazlas\u0131n\u0131 okuyun <a href=\"https:\/\/moverdb.com\/tr\/tasinma-si%cc%87rketleri%cc%87\/\">uluslararas\u0131 ta\u015f\u0131ma \u015firketleri<\/a> ve bizim <a href=\"https:\/\/moverdb.com\/tr\/yorumlar\/\">i\u0307nceleme s\u00fcreci\u0307 a\u00e7iklandi<\/a>.<\/p>\n<p><strong>Web sitesi:<\/strong> <a href=\"http:\/\/www.packimpex.ch\/\" target=\"_blank\" rel=\"noopener\">http:\/\/www.packimpex.ch\/<\/a><\/p>","protected":false},"excerpt":{"rendered":"<p>Packimpex is a relocation and removal company based in Bern, Switzerland. It offers its clients a range of services which are listed below, together with a company profile and reviews. International Moves Dedicated move manager Full packing service, partial packing or DIY packing Multilingual packers Reusable and recyclable packing where possible Air, road or sea [&hellip;]<\/p>\n","protected":false},"author":1,"featured_media":0,"parent":0,"menu_order":0,"comment_status":"closed","ping_status":"closed","template":"","meta":{"_genesis_hide_title":false,"_genesis_hide_breadcrumbs":false,"_genesis_hide_singular_image":false,"_genesis_hide_footer_widgets":false,"_genesis_custom_body_class":"","_genesis_custom_post_class":"","_genesis_layout":"","footnotes":""},"class_list":{"0":"post-1558","1":"page","2":"type-page","3":"status-publish","5":"entry"},"_links":{"self":[{"href":"https:\/\/moverdb.com\/tr\/wp-json\/wp\/v2\/pages\/1558","targetHints":{"allow":["GET"]}}],"collection":[{"href":"https:\/\/moverdb.com\/tr\/wp-json\/wp\/v2\/pages"}],"about":[{"href":"https:\/\/moverdb.com\/tr\/wp-json\/wp\/v2\/types\/page"}],"author":[{"embeddable":true,"href":"https:\/\/moverdb.com\/tr\/wp-json\/wp\/v2\/users\/1"}],"replies":[{"embeddable":true,"href":"https:\/\/moverdb.com\/tr\/wp-json\/wp\/v2\/comments?post=1558"}],"version-history":[{"count":4,"href":"https:\/\/moverdb.com\/tr\/wp-json\/wp\/v2\/pages\/1558\/revisions"}],"predecessor-version":[{"id":6228,"href":"https:\/\/moverdb.com\/tr\/wp-json\/wp\/v2\/pages\/1558\/revisions\/6228"}],"wp:attachment":[{"href":"https:\/\/moverdb.com\/tr\/wp-json\/wp\/v2\/media?parent=1558"}],"curies":[{"name":"wp","href":"https:\/\/api.w.org\/{rel}","templated":true}]}}