{"id":1548,"date":"2017-02-01T15:00:53","date_gmt":"2017-02-01T15:00:53","guid":{"rendered":"http:\/\/moverdb.com\/?page_id=1548"},"modified":"2026-01-08T15:20:43","modified_gmt":"2026-01-08T15:20:43","slug":"sirva","status":"publish","type":"page","link":"https:\/\/moverdb.com\/tr\/sirva\/","title":{"rendered":"SIRVA - Uluslararas\u0131 Ta\u015f\u0131nma ve Yer De\u011fi\u015ftirme Yorumlar\u0131"},"content":{"rendered":"<p>SIRVA, merkezi \u0130stanbul'da bulunan k\u00fcresel bir yer de\u011fi\u015ftirme \u015firketidir. <a href=\"https:\/\/moverdb.com\/tr\/moving-to-the-united-states\/moving-to-illinois\/\" data-internallinksmanager029f6b8e52c=\"401\" title=\"Illinois&#039;e Ta\u015f\u0131nmak m\u0131? 2026 Ya\u015fam Maliyetleri ve Yer De\u011fi\u015ftirme \u0130pu\u00e7lar\u0131\">Illinois<\/a>. Kurumsal ve bireysel m\u00fc\u015fterilerine \u00e7e\u015fitli ta\u015f\u0131ma hizmetleri sunmaktad\u0131r. Bunlar a\u015fa\u011f\u0131da bir \u015firket profili ve incelemelerle birlikte listelenmi\u015ftir.<\/p>\n<p><strong>Uluslararas\u0131 Ta\u015f\u0131nma<\/strong><\/p>\n<ul>\n<li> D\u00fcnya \u00e7ap\u0131nda hareketli kaynaklar a\u011f\u0131<\/li>\n<li> G\u00f6nderinizi 7\/24 takip edin<\/li>\n<li> Paketleme gereksinimlerini vb. belirlemek i\u00e7in ev ara\u015ft\u0131rmas\u0131<\/li>\n<li> Sigorta ayarland\u0131<\/li>\n<li> Ki\u015fisel koordinat\u00f6r gerekli dok\u00fcmantasyon konusunda yard\u0131mc\u0131 olacakt\u0131r<\/li>\n<li> Paketleme ve y\u00fckleme<\/li>\n<li> G\u00fcmr\u00fck i\u015flemleri<\/li>\n<li> Teslimat ve ambalaj a\u00e7ma<\/li>\n<li> \u0130ngilizce konu\u015fan m\u00fcrettebat liderleri teslimatta size yard\u0131mc\u0131 olmak i\u00e7in haz\u0131r bulunacakt\u0131r<\/li>\n<li> T\u00fcm e\u015fyalar dikkatlice bo\u015falt\u0131lacak, envanter listenizle \u00e7apraz kontrol edilecek ve do\u011fru odalara yerle\u015ftirilecektir<\/li>\n<li> Cam ve camdan yap\u0131lm\u0131\u015f e\u015fyalar gibi k\u0131r\u0131labilir e\u015fyalar <a href=\"https:\/\/moverdb.com\/tr\/moving-to-china\/\" data-internallinksmanager029f6b8e52c=\"357\" title=\"\u00c7in&#039;e mi Ta\u015f\u0131n\u0131yorsunuz? 2026 Ya\u015fam Maliyetleri ve Yer De\u011fi\u015ftirme \u0130pu\u00e7lar\u0131\">\u00c7\u0130N<\/a>d\u00fcz y\u00fczeylerde ambalaj\u0131ndan \u00e7\u0131kar\u0131lacakt\u0131r<\/li>\n<li> T\u00fcm ambalaj malzemeleri ve enkaz evinizden h\u0131zl\u0131 bir \u015fekilde kald\u0131r\u0131lacakt\u0131r<\/li>\n<\/ul>\n<p><strong>Kurumsal Ta\u015f\u0131nma Hizmetleri<\/strong><\/p>\n<ul>\n<li> Yerle\u015ftirme hizmetleri<\/li>\n<li> Vizeler ve \u00e7al\u0131\u015fma izinleri<\/li>\n<li> Okul ve ev arama<\/li>\n<li> K\u00fclt\u00fcrel bilgiler<\/li>\n<li> Partner\/e\u015f yard\u0131m\u0131<\/li>\n<li> \u00d6zel paketleme<\/li>\n<\/ul>\n<p><strong>Ta\u015f\u0131nma Hizmetleri<\/strong><\/p>\n<ul>\n<li> Ev ta\u015f\u0131ma<\/li>\n<li> Kurumsal ta\u015f\u0131nma<\/li>\n<li> Yerel ta\u015f\u0131nma<\/li>\n<li> Eyaletler aras\u0131 ta\u015f\u0131nma<\/li>\n<li> Uluslararas\u0131 ta\u015f\u0131nma<\/li>\n<li> Ki\u015fisel ta\u015f\u0131nma plan\u0131<\/li>\n<\/ul>\n<h2>SIRVA \u015eirket Profili<\/h2>\n<p>Sirva Inc 1997 y\u0131l\u0131nda kurulmu\u015f olup \u015firketlere ve bireylere ta\u015f\u0131nma ve yer de\u011fi\u015ftirme hizmetleri sunan bir \u015firkettir. 170'ten fazla \u00fclkede 1.400'den fazla \u015fehirde faaliyet g\u00f6stermektedir ve Kuzey Amerika markalar\u0131 \u015funlard\u0131r <a href=\"https:\/\/moverdb.com\/tr\/allied-van-lines\/\">Allied Van Lines<\/a> ve <a href=\"https:\/\/moverdb.com\/tr\/kuzey-amerikan-van-hatlari\/\">North American Van Lines<\/a>.<\/p>\n<p>Sirva, d\u00fcnya \u00e7ap\u0131nda 43 \u00fclkede y\u0131lda yakla\u015f\u0131k 385.000 ta\u015f\u0131nma i\u015flemi ger\u00e7ekle\u015ftirmektedir. Bunlar aras\u0131nda kurumsal m\u00fc\u015fterilerin yan\u0131 s\u0131ra askeri ve devlet personeli de bulunmaktad\u0131r.<\/p>\n<p>Sirva a\u015fa\u011f\u0131daki akreditasyonlara ve ba\u011flant\u0131lara sahiptir:<\/p>\n<ul>\n<li> <a href=\"https:\/\/moverdb.com\/tr\/iam\/\">Uluslararas\u0131 Ta\u015f\u0131mac\u0131lar Birli\u011fi<\/a> (<a href=\"https:\/\/moverdb.com\/tr\/iam\/\" data-internallinksmanager029f6b8e52c=\"23\" title=\"Uluslararas\u0131 Ta\u015f\u0131mac\u0131lar Birli\u011fi (IAM) A\u00e7\u0131klamas\u0131\">IAM<\/a>)<\/li>\n<\/ul>\n<h2>SIRVA Yorumlar\u0131<\/h2>\n<p><strong>Olumlu:<\/strong><\/p>\n<ul>\n<li> <em>\"Kocam ve ben son ta\u015f\u0131nmam\u0131zda Sirva mortgage'\u0131 kullanarak harika bir deneyim ya\u015fad\u0131k.\"<\/em> Karlee arac\u0131l\u0131\u011f\u0131yla <a href=\"https:\/\/www.reputada.com\/company\/sirva.com\" target=\"_blank\" rel=\"noopener\">Reputada<\/a>.\n<\/ul>\n<p><strong>Olumsuz:<\/strong><\/p>\n<ul>\n<li> <em>\"Cevab\u0131m\u0131n herhangi bir \"karalama\" olarak g\u00f6r\u00fclmemesi i\u00e7in elimden geldi\u011fince sadece olan biteni tasvir etmeye \u00e7al\u0131\u015faca\u011f\u0131m ve makul olarak beklenebilecek birka\u00e7 co\u015fkulu kelime kullanmaya \u00e7al\u0131\u015faca\u011f\u0131m\" <\/em> - Lilaora arac\u0131l\u0131\u011f\u0131yla <a href=\"https:\/\/www.trulia.com\/voices\/Home_Selling\/Has_anyone_dealt_with_a_relocation_firm_called_SIR-29232\" target=\"_blank\" rel=\"noopener\">Trulia<\/a>.\n<\/ul>\n<p>SIRVA markalar\u0131 i\u00e7in ayr\u0131ca okumal\u0131s\u0131n\u0131z <a href=\"https:\/\/moverdb.com\/tr\/allied-van-lines\/\">Allied Van Lines Yorumlar\u0131<\/a> ve <a href=\"https:\/\/moverdb.com\/tr\/kuzey-amerikan-van-hatlari\/\">North American Van Lines Yorumlar\u0131<\/a>.<\/p>\n<div itemprop=\"review\" itemscope itemtype=\"http:\/\/schema.org\/Review\">\n<span itemprop=\"author\" itemscope=\"\" itemtype=\"http:\/\/schema.org\/Organization\"><span itemprop=\"name\">MoverDB.com<\/span><\/span> \u00c7evrimi\u00e7i Web Sitesi \u0130ncelemesi i\u00e7in <span itemprop=\"itemreviewed\" itemscope=\"\" itemtype=\"http:\/\/schema.org\/Brand\"><span itemprop=\"name\">SIRVA<\/span><\/span>:<\/p>\n<ol>\n<li> Web sitesinde a\u00e7\u0131k ileti\u015fim bilgileri (telefon numaras\u0131 dahil): <strong>Evet<\/strong><\/li>\n<li> Almas\u0131 kolay <a href=\"https:\/\/moverdb.com\/tr\/alintilar\/\">uluslararas\u0131 ta\u015f\u0131ma teklifleri<\/a>? (\u00c7evrimi\u00e7i tahmin talep formu): <strong>Evet<\/strong><\/li>\n<li> Web sitesinde net bilgiler: <strong>Evet,<\/strong> Web sitesi sunduklar\u0131 t\u00fcm hizmetleri a\u00e7\u0131k\u00e7a ortaya koyuyor.<\/li>\n<li> Uluslararas\u0131 tan\u0131nm\u0131\u015f ta\u015f\u0131ma organizasyonlar\u0131na \u00fcyelik: <strong>Evet<\/strong>, (sadece IAM olmas\u0131na ra\u011fmen)<\/li>\n<li> M\u00fc\u015fterilerin listesi ve\/veya \u00f6nceki m\u00fc\u015fteri referanslar\u0131. <strong>Evet,<\/strong> Web sitelerinde bir vaka \u00e7al\u0131\u015fmalar\u0131 b\u00f6l\u00fcm\u00fc var. Bununla birlikte, \u00e7o\u011fu tarafs\u0131z veya olumsuz olmak \u00fczere, web'de s\u0131n\u0131rl\u0131 say\u0131da yorum bulunmaktad\u0131r.<\/li>\n<\/ol>\n<div itemprop=\"reviewRating\" itemscope itemtype=\"http:\/\/schema.org\/Rating\"><meta itemprop=\"worstRating\" content = \"0\" \/><meta itemprop=\"bestRating\" content=\"5\" \/><meta itemprop=\"ratingValue\" content=\"4.5\"><\/div>\n<p><strong>Genel puan: 4,5\/5<\/strong><br \/>\n<strong>\u0130nceleme Tarihi:<\/strong> <span itemprop=\"datePublished\" content=\"2016-02-01\">01\/02\/2017<\/span>\n<\/div>\n<p>Hakk\u0131nda daha fazlas\u0131n\u0131 okuyun <a href=\"https:\/\/moverdb.com\/tr\/tasinma-si%cc%87rketleri%cc%87\/\">uluslararas\u0131 nakliyeciler<\/a> ve bizim <a href=\"https:\/\/moverdb.com\/tr\/yorumlar\/\">g\u00f6zden ge\u00e7irme s\u00fcreci<\/a>.<\/p>\n<p><strong>Web sitesi:<\/strong> <a href=\"https:\/\/www.sirva.com\/\" target=\"_blank\" rel=\"noopener\">https:\/\/www.sirva.com\/<\/a> <\/p>","protected":false},"excerpt":{"rendered":"<p>SIRVA is a global relocation company with its head office in Illinois. It offers its corporate and individual clients a variety of moving services. These are listed below together with a company profile and reviews. International Moving Worldwide network of moving resources Track your shipment 24\/7 House survey to ascertain packing requirements etc Insurance arranged [&hellip;]<\/p>\n","protected":false},"author":1,"featured_media":0,"parent":0,"menu_order":0,"comment_status":"closed","ping_status":"closed","template":"","meta":{"_genesis_hide_title":false,"_genesis_hide_breadcrumbs":false,"_genesis_hide_singular_image":false,"_genesis_hide_footer_widgets":false,"_genesis_custom_body_class":"","_genesis_custom_post_class":"","_genesis_layout":"","footnotes":""},"class_list":{"0":"post-1548","1":"page","2":"type-page","3":"status-publish","5":"entry"},"_links":{"self":[{"href":"https:\/\/moverdb.com\/tr\/wp-json\/wp\/v2\/pages\/1548","targetHints":{"allow":["GET"]}}],"collection":[{"href":"https:\/\/moverdb.com\/tr\/wp-json\/wp\/v2\/pages"}],"about":[{"href":"https:\/\/moverdb.com\/tr\/wp-json\/wp\/v2\/types\/page"}],"author":[{"embeddable":true,"href":"https:\/\/moverdb.com\/tr\/wp-json\/wp\/v2\/users\/1"}],"replies":[{"embeddable":true,"href":"https:\/\/moverdb.com\/tr\/wp-json\/wp\/v2\/comments?post=1548"}],"version-history":[{"count":5,"href":"https:\/\/moverdb.com\/tr\/wp-json\/wp\/v2\/pages\/1548\/revisions"}],"predecessor-version":[{"id":6239,"href":"https:\/\/moverdb.com\/tr\/wp-json\/wp\/v2\/pages\/1548\/revisions\/6239"}],"wp:attachment":[{"href":"https:\/\/moverdb.com\/tr\/wp-json\/wp\/v2\/media?parent=1548"}],"curies":[{"name":"wp","href":"https:\/\/api.w.org\/{rel}","templated":true}]}}