{"id":1542,"date":"2017-02-01T16:45:14","date_gmt":"2017-02-01T16:45:14","guid":{"rendered":"http:\/\/moverdb.com\/?page_id=1542"},"modified":"2026-01-08T15:30:38","modified_gmt":"2026-01-08T15:30:38","slug":"vip-transport","status":"publish","type":"page","link":"https:\/\/moverdb.com\/tr\/vip-transport\/","title":{"rendered":"VIP Transport - Uluslararas\u0131 Ta\u015f\u0131nma Yorumlar\u0131"},"content":{"rendered":"<p>VIP Transport'un merkez ofisi Corona, CA'da bulunmaktad\u0131r. \u015eirket, m\u00fc\u015fterilerine a\u015fa\u011f\u0131da \u015firket profili ve de\u011ferlendirmeleri ile birlikte listelenen \u00e7e\u015fitli ta\u015f\u0131ma hizmetleri sunmaktad\u0131r.<\/p>\n<p><strong>Uluslararas\u0131 Ta\u015f\u0131malar<\/strong><\/p>\n<p>Atama \u00d6ncesi Hizmetler<\/p>\n<ul>\n<li>Vize ve g\u00f6\u00e7menlik hizmetleri<\/li>\n<li>\u00d6n izleme gezisi ve alan oryantasyonu<\/li>\n<li>\u00dclke ve k\u00fclt\u00fcr bilgileri<\/li>\n<\/ul>\n<p>Ta\u015f\u0131nma Hizmetleri<\/p>\n<ul>\n<li>Ta\u015f\u0131nma \u00f6ncesi planlama<\/li>\n<li>E\u015fyalar\u0131n ta\u015f\u0131nmas\u0131<\/li>\n<li>Ta\u015f\u0131nman\u0131n y\u00f6netilmesi<\/li>\n<li>G\u00f6nderi takibi<\/li>\n<\/ul>\n<p>Uluslararas\u0131 Destinasyon Hizmetleri<\/p>\n<ul>\n<li>K\u00fclt\u00fcrel ve dil e\u011fitimi<\/li>\n<li>Okul yard\u0131m\u0131<\/li>\n<li>Partner\/e\u015f deste\u011fi<\/li>\n<li>Hizmete yerle\u015fme<\/li>\n<li>Kalk\u0131\u015f yard\u0131m\u0131<\/li>\n<\/ul>\n<p>Koruma Hizmetleri<\/p>\n<ul>\n<li>A\u011f\u0131rl\u0131k \u00e7arpan\u0131<\/li>\n<li>Y\u00fcksek de\u011ferli envanter<\/li>\n<li>Kalem kalem de\u011ferlenmi\u015f envanter<\/li>\n<\/ul>\n<p>Konut Yard\u0131m\u0131<\/p>\n<ul>\n<li>Ev bulma hizmetleri<\/li>\n<li>Ge\u00e7ici konaklama<\/li>\n<li>M\u00fclk ve kira y\u00f6netimi<\/li>\n<\/ul>\n<p><strong>Ev Ta\u015f\u0131malar\u0131<\/strong><\/p>\n<ul>\n<li>Yerel, uzun mesafe ve uluslararas\u0131 ta\u015f\u0131nma<\/li>\n<li>Depolama ve iklim kontroll\u00fc depolama<\/li>\n<li>\u00d6zel sand\u0131klama<\/li>\n<li>Paketleme ve ambalaj a\u00e7ma hizmetleri<\/li>\n<li>Oto Ta\u015f\u0131ma<\/li>\n<li>A\u011f, bilgisayar ve tiyatro ba\u011flant\u0131s\u0131<\/li>\n<li>Gayrimenkul hizmetleri<\/li>\n<li>Beyaz eldiven hizmetleri<\/li>\n<\/ul>\n<p><strong>Kurumsal Ta\u015f\u0131nma<\/strong><\/p>\n<ul>\n<li>Ki\u015fisel koordinat\u00f6r<\/li>\n<li>Kap\u0131dan kap\u0131ya<\/li>\n<li>Tam hizmet paketleme ve ambalaj a\u00e7ma<\/li>\n<li>Uzun ve k\u0131sa s\u00fcreli depolama<\/li>\n<li>Kapsaml\u0131 rapor ve gider takibi<\/li>\n<li>Katmanl\u0131 hizmet teklifleri<\/li>\n<li>Har\u00e7l\u0131k bazl\u0131 harcamalar i\u00e7in esnek hizmetler<\/li>\n<li>\u00d6zel kar\u015f\u0131lama bro\u015f\u00fcrleri<\/li>\n<li>\u00c7evrimi\u00e7i izleme<\/li>\n<li>Sadece \u00e7al\u0131\u015fanlar i\u00e7in \u00f6zel hesap y\u00f6neticisi<\/li>\n<li>Ge\u00e7ici konut<\/li>\n<\/ul>\n<p><strong>Uzmanl\u0131k Hizmetleri<\/strong><\/p>\n<ul>\n<li>\u015earap Ta\u015f\u0131ma ve Nakliye Hizmetleri<\/li>\n<li>\u00d6zel Sand\u0131klama<\/li>\n<li>Beyaz Eldiven Hizmeti<\/li>\n<li>Y\u00fcksek De\u011ferli Koleksiyonlar<\/li>\n<li>T\u0131bbi ekipman ta\u015f\u0131mac\u0131l\u0131\u011f\u0131<\/li>\n<li>Elektronik ve robotik<\/li>\n<li>A\u011f\u0131rlama ve sa\u011fl\u0131k hizmetleri<\/li>\n<li>M\u00fczik ve e\u011flence<\/li>\n<li>Havac\u0131l\u0131k ve uzay lojisti\u011fi<\/li>\n<li>Sporcular\u0131n ve Spor Tak\u0131mlar\u0131n\u0131n Ta\u015f\u0131nmas\u0131<\/li>\n<li>Hawaii Adalar\u0131na Servis<\/li>\n<li>Laboratuvar ta\u015f\u0131ma<\/li>\n<li>G\u00fczel sanatlar ve antikalar<\/li>\n<li>Askeri ve GSA<\/li>\n<li>\u00dcniversite ve akademik ta\u015f\u0131nmalar<\/li>\n<\/ul>\n<p><strong>Lojistik<\/strong><\/p>\n<ul>\n<li>Lojistik \/ LTL \/ Kamyon Y\u00fck\u00fc<\/li>\n<li>Depolama ve da\u011f\u0131t\u0131m<\/li>\n<li>Filo yetenekleri<\/li>\n<li>Ticari fuar hizmetleri<\/li>\n<li>Ticari ta\u015f\u0131nma<\/li>\n<li>Flatbed hizmetleri<\/li>\n<li>Arma hizmetleri<\/li>\n<li><a href=\"https:\/\/moverdb.com\/tr\/container-shipping\/\" data-internallinksmanager029f6b8e52c=\"3\" title=\"Uluslararas\u0131 Konteyner Nakliye Fiyatlar\u0131 Tablosu: Nisan 2026\">Uluslararas\u0131 Nakliye<\/a><\/li>\n<\/ul>\n<p><strong>Depolama<\/strong><\/p>\n<ul>\n<li>Uzun ve k\u0131sa vadeli<\/li>\n<li>Minimum UV ayd\u0131nlatma ile iklim kontroll\u00fc<\/li>\n<li>\u00d6zel \u015farap deposu<\/li>\n<li>24 saat g\u00fcvenlik<\/li>\n<li>S\u0131k\u0131 yang\u0131n, alarm ve g\u00fcvenlik testleri<\/li>\n<li>G\u00fcvenli kodlu giri\u015f sistemlerine sahip \u00f6zel iklim kontroll\u00fc odalar mevcuttur<\/li>\n<\/ul>\n<h2>VIP Ta\u015f\u0131mac\u0131l\u0131k \u015eirket Profili<\/h2>\n<p>VIP Ta\u015f\u0131mac\u0131l\u0131k, a\u015fa\u011f\u0131daki \u015firketlerin ana \u015firketi olan UniGroup'un bir par\u00e7as\u0131d\u0131r <a href=\"https:\/\/moverdb.com\/tr\/mayflower-transit\/\">Mayflower Transit<\/a> ve <a href=\"https:\/\/moverdb.com\/tr\/united-van-lines\/\">United Van Lines<\/a>. 1982'de faaliyete ba\u015flayan \u015firket, UniGroup'un acente a\u011f\u0131ndan yararlanarak d\u00fcnya \u00e7ap\u0131nda insan ve mal ta\u015f\u0131mac\u0131l\u0131\u011f\u0131 yapmaktad\u0131r. <\/p>\n<p>\u0130\u00e7inde <a href=\"https:\/\/moverdb.com\/tr\/moving-to-the-united-states\/\" data-internallinksmanager029f6b8e52c=\"94\" title=\"Amerika Birle\u015fik Devletleri&#039;ne mi ta\u015f\u0131n\u0131yorsunuz? 2026 Ya\u015fam Maliyetleri ve Yer De\u011fi\u015ftirme \u0130pu\u00e7lar\u0131\">Birle\u015fik Devletler<\/a> Tek ba\u015f\u0131na 1.100 acente ve uluslararas\u0131 alanda 1.350'den fazla acente bulunmaktad\u0131r. VIP Transport ayr\u0131ca 7 milyonu iklim kontroll\u00fc olmak \u00fczere 46 milyon feet kare depolama alan\u0131na eri\u015fime sahiptir.<\/p>\n<p>VIP Transport, iklim kontroll\u00fc treylerler, jenerat\u00f6rle \u00e7al\u0131\u015fan laboratuvar minib\u00fcsleri ve \u00f6zel y\u00fckleme \u00f6zelliklerine sahip d\u00fcz yataklar\u0131 i\u00e7eren \u00f6zel bir ara\u00e7 filosuna sahiptir. \u015eirket, karbon ayak izini en aza indirmek i\u00e7in s\u0131k\u0131 bir ye\u015fil program izlemektedir.<br \/>\nVIP Transport a\u015fa\u011f\u0131daki akreditasyonlara ve ba\u011flant\u0131lara sahiptir:<\/p>\n<ul>\n<li> <a href=\"https:\/\/moverdb.com\/tr\/amsa\/\">Amerikan Ta\u015f\u0131nma ve Depolama Birli\u011fi<\/a> (<a href=\"https:\/\/moverdb.com\/tr\/amsa\/\" data-internallinksmanager029f6b8e52c=\"5\" title=\"Amerikan Ta\u015f\u0131nma ve Depolama Birli\u011fi (AMSA) A\u00e7\u0131klamas\u0131\">AMSA<\/a>)<\/li>\n<li> <a href=\"https:\/\/moverdb.com\/tr\/rim-promover\/\">ProMover<\/a><\/li>\n<li> Better Business Bureau (BBB) A+<\/li>\n<li> WBENC Sertifikal\u0131<\/li>\n<li> ISO 9001<\/li>\n<\/ul>\n<h2>VIP Ta\u015f\u0131mac\u0131l\u0131k Yorumlar\u0131<\/h2>\n<p><strong>Olumlu:<\/strong><\/p>\n<ul>\n<li> <em>\"The <a href=\"https:\/\/moverdb.com\/tr\/los-angelese-tasinma\/\">Los Angeles<\/a> Clippers ve VIP Transport'un y\u0131llar boyunca harika bir ili\u015fkisi oldu. Bir\u00e7ok kilit oyuncunun ta\u015f\u0131nmas\u0131nda bize her zaman yard\u0131mc\u0131 olmaya haz\u0131r oldular ve bunu hi\u00e7bir oyuncudan \u015fikayet gelmeden yapt\u0131lar.\"<\/em> - \u00fczerinden <a href=\"http:\/\/www.viptransport.com\/testimonials\/\" target=\"_blank\" rel=\"noopener\">\u015fi\u0307rket referansi<\/a> Sayfa.<\/li>\n<li> <em>\"Bu adamlar 10 \u00fczerinden 10 al\u0131rlar.  \u0130lk temas noktas\u0131ndan i\u015fin tamamlanmas\u0131na kadar \"A-1 Hizmeti\" ald\u0131k.  \"<\/em> - Robert arac\u0131l\u0131\u011f\u0131yla <a href=\"https:\/\/www.yelp.com\/biz\/vip-transport-corona-6?hrid=nuC3r_2wy6HRLOm4owqitg&#038;utm_campaign=www_review_share_popup&#038;utm_medium=copy_link&#038;utm_source=(direct)\" target=\"_blank\" rel=\"noopener\">Yelp<\/a><\/li>\n<li> <em>\"VIP ile harika bir deneyim ya\u015fad\u0131m!\"<\/em> - Michelle arac\u0131l\u0131\u011f\u0131yla <a href=\"https:\/\/www.mymovingreviews.com\/movers\/vip-transport-781#53376\" target=\"_blank\" rel=\"noopener\">MyMovingReviews<\/a><\/li>\n<\/ul>\n<p><strong>Olumsuz:<\/strong><\/p>\n<ul>\n<li><em>\"Ke\u015fke onlara s\u0131f\u0131r y\u0131ld\u0131z verebilseydim.\"<\/em> - Nancy T arac\u0131l\u0131\u011f\u0131yla <a href=\"https:\/\/www.yelp.com\/biz\/vip-transport-corona-6?hrid=DvJSu2LKWnFvj2WuqZXtoQ&#038;utm_campaign=www_review_share_popup&#038;utm_medium=copy_link&#038;utm_source=(direct)\" target=\"_blank\" rel=\"noopener\">Yelp<\/a><\/li>\n<li> <em>\"Mayflower\/VIP Transport'u se\u00e7memin nedeni yerinde ke\u015fif yapmaya gelen temsilciydi. Yapt\u0131\u011f\u0131 a\u00e7\u0131klamalar di\u011fer tahminler aras\u0131nda bana en mant\u0131kl\u0131 geleniydi. Ancak, ortaya \u00e7\u0131kt\u0131\u011f\u0131 \u00fczere a\u011f\u0131rl\u0131k tahmini ger\u00e7ek a\u011f\u0131rl\u0131\u011f\u0131m\u0131n 6,000 pound \u00fczerindeydi.\"<\/em> - Ruthie arac\u0131l\u0131\u011f\u0131yla <a href=\"https:\/\/www.mymovingreviews.com\/movers\/vip-transport-781#50382\" target=\"_blank\" rel=\"noopener\">MyMovingReviews<\/a><\/li>\n<\/ul>\n<div itemprop=\"review\" itemscope itemtype=\"http:\/\/schema.org\/Review\">\n<span itemprop=\"author\" itemscope=\"\" itemtype=\"http:\/\/schema.org\/Organization\"><span itemprop=\"name\">MoverDB.com<\/span><\/span> \u00c7evrimi\u00e7i Web Sitesi \u0130ncelemesi i\u00e7in <span itemprop=\"itemreviewed\" itemscope=\"\" itemtype=\"http:\/\/schema.org\/Brand\"><span itemprop=\"name\">VIP Ta\u015f\u0131mac\u0131l\u0131k<\/span><\/span>:<\/p>\n<ol>\n<li> Web sitesinde a\u00e7\u0131k ileti\u015fim bilgileri (telefon numaras\u0131 dahil): <strong>Evet<\/strong><\/li>\n<li> Almas\u0131 kolay <a href=\"https:\/\/moverdb.com\/tr\/alintilar\/\">uluslararas\u0131 ta\u015f\u0131ma teklifleri<\/a>? (\u00c7evrimi\u00e7i tahmin talep formu): <strong>Evet<\/strong><\/li>\n<li> Web sitesinde net bilgiler: <strong>Evet,<\/strong> web sitesi \u00e7ok say\u0131da ayr\u0131nt\u0131l\u0131 ta\u015f\u0131nma bilgisi i\u00e7eriyor.<\/li>\n<li> Uluslararas\u0131 tan\u0131nm\u0131\u015f ta\u015f\u0131ma organizasyonlar\u0131na \u00fcyelik: <strong>Evet<\/strong>, (yukar\u0131ya bak\u0131n)<\/li>\n<li> M\u00fc\u015fterilerin listesi ve\/veya \u00f6nceki m\u00fc\u015fteri referanslar\u0131. <strong>Evet,<\/strong> Web sitelerinde bir\u00e7ok olumlu m\u00fc\u015fteri referans\u0131 bulunabilir ve web'in ba\u015fka yerlerinde \u00e7o\u011funlukla olumlu ele\u015ftirilere sahiptirler.<\/li>\n<\/ol>\n<div itemprop=\"reviewRating\" itemscope itemtype=\"http:\/\/schema.org\/Rating\"><meta itemprop=\"worstRating\" content = \"0\" \/><meta itemprop=\"bestRating\" content=\"5\" \/><meta itemprop=\"ratingValue\" content=\"5\"><\/div>\n<p><strong>Genel puan: 5\/5<\/strong><br \/>\n<strong>\u0130nceleme Tarihi:<\/strong> <span itemprop=\"datePublished\" content=\"2017-02-01\">01\/02\/2017<\/span>\n<\/div>\n<p>Hakk\u0131nda daha fazlas\u0131n\u0131 okuyun <a href=\"https:\/\/moverdb.com\/tr\/tasinma-si%cc%87rketleri%cc%87\/\">uluslararas\u0131 ta\u015f\u0131ma \u015firketleri<\/a> ve bizim <a href=\"https:\/\/moverdb.com\/tr\/yorumlar\/\">g\u00f6zden ge\u00e7irme s\u00fcreci<\/a>.<\/p>\n<p><strong>Web siteleri:<\/strong> <a href=\"http:\/\/www.viptransport.com\/\" target=\"_blank\" rel=\"noopener\">http:\/\/www.viptransport.com\/<\/a><\/p>","protected":false},"excerpt":{"rendered":"<p>VIP Transport&#8217;s head office is in Corona, CA. The company offers its clients a variety of moving services which are listed below, together with a company profile and reviews. International Moves Pre-assignment Services Visa and immigration services Preview trip and area orientation Country and culture information Moving Services Pre-move planning Transportation of belongings Managing the [&hellip;]<\/p>\n","protected":false},"author":1,"featured_media":0,"parent":0,"menu_order":0,"comment_status":"closed","ping_status":"closed","template":"","meta":{"_genesis_hide_title":false,"_genesis_hide_breadcrumbs":false,"_genesis_hide_singular_image":false,"_genesis_hide_footer_widgets":false,"_genesis_custom_body_class":"","_genesis_custom_post_class":"","_genesis_layout":"","footnotes":""},"class_list":{"0":"post-1542","1":"page","2":"type-page","3":"status-publish","5":"entry"},"_links":{"self":[{"href":"https:\/\/moverdb.com\/tr\/wp-json\/wp\/v2\/pages\/1542","targetHints":{"allow":["GET"]}}],"collection":[{"href":"https:\/\/moverdb.com\/tr\/wp-json\/wp\/v2\/pages"}],"about":[{"href":"https:\/\/moverdb.com\/tr\/wp-json\/wp\/v2\/types\/page"}],"author":[{"embeddable":true,"href":"https:\/\/moverdb.com\/tr\/wp-json\/wp\/v2\/users\/1"}],"replies":[{"embeddable":true,"href":"https:\/\/moverdb.com\/tr\/wp-json\/wp\/v2\/comments?post=1542"}],"version-history":[{"count":5,"href":"https:\/\/moverdb.com\/tr\/wp-json\/wp\/v2\/pages\/1542\/revisions"}],"predecessor-version":[{"id":6250,"href":"https:\/\/moverdb.com\/tr\/wp-json\/wp\/v2\/pages\/1542\/revisions\/6250"}],"wp:attachment":[{"href":"https:\/\/moverdb.com\/tr\/wp-json\/wp\/v2\/media?parent=1542"}],"curies":[{"name":"wp","href":"https:\/\/api.w.org\/{rel}","templated":true}]}}