{"id":1528,"date":"2017-02-01T16:05:53","date_gmt":"2017-02-01T16:05:53","guid":{"rendered":"http:\/\/moverdb.com\/?page_id=1528"},"modified":"2026-01-08T15:20:40","modified_gmt":"2026-01-08T15:20:40","slug":"shipco-transport","status":"publish","type":"page","link":"https:\/\/moverdb.com\/tr\/shipco-transport\/","title":{"rendered":"Shipco Transport - Uluslararas\u0131 Ta\u015f\u0131mac\u0131l\u0131k Yorumlar\u0131"},"content":{"rendered":"<p>Shipco Transport, bireylere de\u011fil, profesyonel ev e\u015fyas\u0131 nakliyecilerine ve yer de\u011fi\u015ftirme \u015firketlerine deniz ve hava ta\u015f\u0131mac\u0131l\u0131\u011f\u0131 hizmetleri sunmaktad\u0131r. Hizmetleri, bir \u015firket profili ve incelemelerle birlikte a\u015fa\u011f\u0131da listelenmi\u015ftir.<\/p>\n<p><strong>Ev E\u015fyalar\u0131n\u0131n Uluslararas\u0131 Dola\u015f\u0131m\u0131<\/strong><\/p>\n<ul>\n<li> <a href=\"https:\/\/moverdb.com\/tr\/konteyner-tasimaciligi\/\">Uluslararas\u0131 konteyner ta\u015f\u0131mac\u0131l\u0131\u011f\u0131<\/a><\/li>\n<li>Profesyonel ev e\u015fyas\u0131 nakliyecileri arac\u0131l\u0131\u011f\u0131yla<\/li>\n<li>Profesyonel ta\u015f\u0131nma \u015firketleri arac\u0131l\u0131\u011f\u0131yla<\/li>\n<li>LCL<\/li>\n<li>FCL<\/li>\n<li>Hava Ta\u015f\u0131mac\u0131l\u0131\u011f\u0131<\/li>\n<li>Paketleyicinin deposundan teslim al\u0131nabilir<\/li>\n<\/ul>\n<p><strong>Okyanus Ta\u015f\u0131mac\u0131l\u0131\u011f\u0131 LCL<\/strong><\/p>\n<ul>\n<li>Minimum kargo elle\u00e7lemesi ile garantili n\u00f6tr do\u011frudan sa\u011flam konsolidasyonlar<\/li>\n<li>\u00d6zel \u00e7\u00f6z\u00fcmler sunan \u00f6zel m\u00fc\u015fteri hizmetleri<\/li>\n<li>Ger\u00e7ek zamanl\u0131 k\u00fcresel sefer programlar\u0131na ba\u011fl\u0131 birinci s\u0131n\u0131f ta\u015f\u0131y\u0131c\u0131lar ve rekabet\u00e7i fiyatlar<\/li>\n<\/ul>\n<p><strong>Okyanus Ta\u015f\u0131mac\u0131l\u0131\u011f\u0131 FCL<\/strong><\/p>\n<ul>\n<li> 40'tan fazla okyanus ta\u015f\u0131y\u0131c\u0131 hizmet s\u00f6zle\u015fmesi arac\u0131l\u0131\u011f\u0131yla \u00e7e\u015fitli hizmetler<\/li>\n<li> Tam i\u00e7 nakliye kapsam\u0131 <a href=\"https:\/\/moverdb.com\/tr\/moving-to-the-united-states\/\" data-internallinksmanager029f6b8e52c=\"94\" title=\"Amerika Birle\u015fik Devletleri&#039;ne mi ta\u015f\u0131n\u0131yorsunuz? 2026 Ya\u015fam Maliyetleri ve Yer De\u011fi\u015ftirme \u0130pu\u00e7lar\u0131\">ABD<\/a> 44.000'den fazla posta kodundan<\/li>\n<li> Kap\u0131, rampa ve rampalar i\u00e7in fiyatlarda h\u0131zl\u0131 geri d\u00f6n\u00fc\u015f <a href=\"https:\/\/moverdb.com\/tr\/top-49-container-ports\/\" data-internallinksmanager029f6b8e52c=\"80\" title=\"2025 Y\u0131l\u0131nda En B\u00fcy\u00fck ve En Yo\u011fun 49 Konteyner Liman\u0131\">Liman<\/a> hizmetler. Dakikalar i\u00e7inde binlerce rota<\/li>\n<\/ul>\n<p><strong>Okyanus Projeleri ve \u00d6zel Kargo<\/strong><\/p>\n<ul>\n<li>Break Bulk, RoRo, Out of Gauge ve Reefer hizmeti<\/li>\n<li>B\u00fcy\u00fck boyutlu y\u00fcklerin, izinli y\u00fcklerin ve konteynerlerin \u00fclke \u00e7ap\u0131nda ta\u015f\u0131nmas\u0131<\/li>\n<li>Y\u00fckleme, paketleme ve destekleme<\/li>\n<li>Geni\u015f Okyanus ve Hava Ta\u015f\u0131y\u0131c\u0131lar\u0131, Depolar, Kamyon ve Vin\u00e7 \u015firketleri a\u011f\u0131m\u0131z arac\u0131l\u0131\u011f\u0131yla rekabet\u00e7i fiyatlar<\/li>\n<li>Split\/Tam Hava Ta\u015f\u0131mac\u0131l\u0131\u011f\u0131 &amp; OAG sevkiyatlar\u0131<\/li>\n<\/ul>\n<p><strong>Hava Ta\u015f\u0131mac\u0131l\u0131\u011f\u0131<\/strong><\/p>\n<ul>\n<li>100'den fazla havayolu ile s\u00f6zle\u015fme<\/li>\n<li>Pikap<\/li>\n<li>Depolama<\/li>\n<li>Etiketleme ve dok\u00fcmantasyon hizmetleri<\/li>\n<li>Sat\u0131nalma sipari\u015f takipleri<\/li>\n<\/ul>\n<h2>Shipco Transport \u015eirket Profili<\/h2>\n<p>Shipco Transport Inc, Scan Group A\/S, Kopenhag'\u0131n bir yan kurulu\u015fudur ve Eyl\u00fcl 1988'de <a href=\"https:\/\/moverdb.com\/tr\/newce-tasinmak\/\">New York \u015eehri<\/a>. \u00d6nde gelen bir <a href=\"https:\/\/moverdb.com\/tr\/yuk-i%cc%87leti%cc%87ci%cc%87si%cc%87\/\">NVOCC<\/a>. Ba\u015flang\u0131\u00e7taki amac\u0131 Asya'dan FCL kargo almakt\u0131. Bug\u00fcn \u015firketin ana odak noktas\u0131 LCL konsolidat\u00f6r\u00fcd\u00fcr.<\/p>\n<p>Bug\u00fcn Shipco'nun d\u00fcnya \u00e7ap\u0131nda 30 \u00fclkede 75'in \u00fczerinde ofisi ve 2.200'\u00fcn \u00fczerinde \u00e7al\u0131\u015fan\u0131 bulunmaktad\u0131r. Shipco m\u00fc\u015fterilerine LCL ve FCL Deniz Ta\u015f\u0131mac\u0131l\u0131\u011f\u0131 ve hava ta\u015f\u0131mac\u0131l\u0131\u011f\u0131 hizmetleri sunmaktad\u0131r.<\/p>\n<p>Shipco Transport a\u015fa\u011f\u0131daki akreditasyonlara ve ba\u011flant\u0131lara sahiptir: -<\/p>\n<ul>\n<li><a href=\"https:\/\/moverdb.com\/tr\/iam\/\" target=\"_blank\" rel=\"noopener\">Uluslararas\u0131 Ta\u015f\u0131mac\u0131lar Birli\u011fi<\/a> (<a href=\"https:\/\/moverdb.com\/tr\/iam\/\" data-internallinksmanager029f6b8e52c=\"23\" title=\"Uluslararas\u0131 Ta\u015f\u0131mac\u0131lar Birli\u011fi (IAM) A\u00e7\u0131klamas\u0131\">IAM<\/a>)<\/li>\n<li>Tarama Grubu<\/li>\n<li>World Wide Alliance (WWA)<\/li>\n<li>Hava Kargo Grubu<\/li>\n<\/ul>\n<h2>Shipco Ta\u015f\u0131mac\u0131l\u0131k Yorumlar\u0131<\/h2>\n<p><strong>Olumlu:<\/strong><\/p>\n<ul>\n<li><em>\"Sahip oldu\u011fum her \u015feyi San Diego'dan <a href=\"https:\/\/moverdb.com\/tr\/moving-companies\/moving-companies-honduras\/\" data-internallinksmanager029f6b8e52c=\"233\" title=\"Honduras&#039;taki En \u0130yi 2 Uluslararas\u0131 Nakliye \u015eirketi\">Honduras<\/a>Shipco harikayd\u0131.\" <\/em>Madison K arac\u0131l\u0131\u011f\u0131yla <a href=\"https:\/\/www.yelp.co.uk\/biz\/shipco-transport-long-beach?hrid=hfrOGEwsoHzhivf1ODT9DQ&#038;utm_campaign=www_review_share_popup&#038;utm_medium=copy_link&#038;utm_source=(direct)\" target=\"_blank\" rel=\"noopener\">Yelp<\/a>.\n<li><em>\"Ger\u00e7ekten iyi hizmet. Hi\u00e7bir sorun yok.\"<\/em> - Dawn C arac\u0131l\u0131\u011f\u0131yla <a href=\"https:\/\/www.tryfleet.com\/freight-forwarder-profile\/shipco-transport-inc\" target=\"_blank\" rel=\"noopener\">Filo<\/a><\/li>\n<\/ul>\n<p><strong>Olumsuz:<\/strong><\/p>\n<ul>\n<li><em>\"\u015eimdiye kadar muhatap oldu\u011fum en k\u00f6t\u00fc \u015firket. \u00d6demenin tamam\u0131 yap\u0131lmas\u0131na ra\u011fmen g\u00f6nderimi 2 hafta boyunca beklettiler ve g\u00f6nderiyi teslim etmediler.\" <\/em>Houman M arac\u0131l\u0131\u011f\u0131yla <a href=\"https:\/\/www.yelp.co.uk\/biz\/shipco-transport-long-beach?hrid=0lZOxg3aNnePXUGvOv7fxw&#038;utm_campaign=www_review_share_popup&#038;utm_medium=copy_link&#038;utm_source=(direct)\" target=\"_blank\" rel=\"noopener\">Yelp<\/a><\/li>\n<\/ul>\n<div itemprop=\"review\" itemscope itemtype=\"http:\/\/schema.org\/Review\">\n<span itemprop=\"author\" itemscope=\"\" itemtype=\"http:\/\/schema.org\/Organization\"><span itemprop=\"name\">MoverDB.com<\/span><\/span> \u00c7evrimi\u00e7i Web Sitesi \u0130ncelemesi i\u00e7in <span itemprop=\"itemreviewed\" itemscope=\"\" itemtype=\"http:\/\/schema.org\/Brand\"><span itemprop=\"name\">Shipco Ta\u015f\u0131mac\u0131l\u0131k<\/span><\/span>:<\/p>\n<ol>\n<li> Web sitesinde a\u00e7\u0131k ileti\u015fim bilgileri (telefon numaras\u0131 dahil): <strong>Evet<\/strong><\/li>\n<li> Almas\u0131 kolay <a href=\"https:\/\/moverdb.com\/tr\/alintilar\/\">uluslararas\u0131 ta\u015f\u0131ma teklifleri<\/a>? (\u00c7evrimi\u00e7i tahmin talep formu): <strong>Evet<\/strong><\/li>\n<li> Web sitesinde net bilgiler: <strong>Evet,<\/strong> web sitesi t\u00fcm nakliye ve nakliye hizmetlerini \u00f6zetlemektedir.<\/li>\n<li> Uluslararas\u0131 tan\u0131nm\u0131\u015f ta\u015f\u0131ma organizasyonlar\u0131na \u00fcyelik: <strong>Evet<\/strong>, (yukar\u0131ya bak\u0131n)<\/li>\n<li> M\u00fc\u015fterilerin listesi ve\/veya \u00f6nceki m\u00fc\u015fteri referanslar\u0131. <strong>Hay\u0131r,<\/strong> web sitelerinde de\u011fil ama genellikle olumlu ele\u015ftiriler var.<\/li>\n<\/ol>\n<div itemprop=\"reviewRating\" itemscope itemtype=\"http:\/\/schema.org\/Rating\"><meta itemprop=\"worstRating\" content = \"0\" \/><meta itemprop=\"bestRating\" content=\"5\" \/><meta itemprop=\"ratingValue\" content=\"4\"><\/div>\n<p><strong>Genel puan: 4\/5<\/strong><br \/>\n<strong>\u0130nceleme Tarihi:<\/strong> <span itemprop=\"datePublished\" content=\"2017-02-01\">01\/02\/2017<\/span>\n<\/div>\n<p>Hakk\u0131nda daha fazlas\u0131n\u0131 okuyun <a href=\"https:\/\/moverdb.com\/tr\/tasinma-si%cc%87rketleri%cc%87\/\">uluslararas\u0131 ta\u015f\u0131ma \u015firketleri<\/a>, <a href=\"https:\/\/moverdb.com\/tr\/nakli%cc%87ye-si%cc%87rketleri%cc%87\/\">konteyner nakli\u0307ye \u015fi\u0307rketleri\u0307<\/a> ve bizim <a href=\"https:\/\/moverdb.com\/tr\/yorumlar\/\">g\u00f6zden ge\u00e7irme s\u00fcreci<\/a>.<\/p>\n<p><strong>Web sitesi:<\/strong> <a href=\"https:\/\/www.shipco.com\/\" target=\"_blank\" rel=\"noopener\">https:\/\/www.shipco.com\/<\/a><\/p>","protected":false},"excerpt":{"rendered":"<p>Shipco Transport offers ocean and air freight services to professional household goods movers and relocation companies, not individuals. Its services are listed below, together with a company profile and reviews. International Movement of Household Goods International container shipping Through professional household goods movers Through professional relocation companies LCL FCL Airfreight Collection from packer&#8217;s warehouse available [&hellip;]<\/p>\n","protected":false},"author":1,"featured_media":0,"parent":0,"menu_order":0,"comment_status":"closed","ping_status":"closed","template":"","meta":{"_genesis_hide_title":false,"_genesis_hide_breadcrumbs":false,"_genesis_hide_singular_image":false,"_genesis_hide_footer_widgets":false,"_genesis_custom_body_class":"","_genesis_custom_post_class":"","_genesis_layout":"","footnotes":""},"class_list":{"0":"post-1528","1":"page","2":"type-page","3":"status-publish","5":"entry"},"_links":{"self":[{"href":"https:\/\/moverdb.com\/tr\/wp-json\/wp\/v2\/pages\/1528","targetHints":{"allow":["GET"]}}],"collection":[{"href":"https:\/\/moverdb.com\/tr\/wp-json\/wp\/v2\/pages"}],"about":[{"href":"https:\/\/moverdb.com\/tr\/wp-json\/wp\/v2\/types\/page"}],"author":[{"embeddable":true,"href":"https:\/\/moverdb.com\/tr\/wp-json\/wp\/v2\/users\/1"}],"replies":[{"embeddable":true,"href":"https:\/\/moverdb.com\/tr\/wp-json\/wp\/v2\/comments?post=1528"}],"version-history":[{"count":7,"href":"https:\/\/moverdb.com\/tr\/wp-json\/wp\/v2\/pages\/1528\/revisions"}],"predecessor-version":[{"id":6237,"href":"https:\/\/moverdb.com\/tr\/wp-json\/wp\/v2\/pages\/1528\/revisions\/6237"}],"wp:attachment":[{"href":"https:\/\/moverdb.com\/tr\/wp-json\/wp\/v2\/media?parent=1528"}],"curies":[{"name":"wp","href":"https:\/\/api.w.org\/{rel}","templated":true}]}}