{"id":14398,"date":"2023-11-08T15:56:48","date_gmt":"2023-11-08T15:56:48","guid":{"rendered":"https:\/\/moverdb.com\/freight-forwarder\/freight-forwarding-uk\/dudley-freight-forwarder\/"},"modified":"2026-01-08T14:51:28","modified_gmt":"2026-01-08T14:51:28","slug":"dudley-freight-forwarder","status":"publish","type":"page","link":"https:\/\/moverdb.com\/tr\/freight-forwarder\/freight-forwarding-uk\/dudley-freight-forwarder\/","title":{"rendered":"1 En \u0130yi Dudley Freight Forwarding \u015eirketleri (2024)"},"content":{"rendered":"<p>A\u015fa\u011f\u0131da 1'e bak\u0131yoruz <em>\"en iyi\"<\/em> Dudley'deki Freight Forwarding \u015firketleri 1 \u00fczerinden.<\/p>\n<p>En iyiyi nas\u0131l se\u00e7ti\u011fimiz hakk\u0131nda daha fazla bilgi edinmek i\u00e7in l\u00fctfen sondaki SSS b\u00f6l\u00fcm\u00fcm\u00fcze bak\u0131n.<\/p>\n<p><em>L\u00fctfen a\u015fa\u011f\u0131daki listelerin belirli bir s\u0131rada olmad\u0131\u011f\u0131n\u0131 ve belirli bir \u015firket i\u00e7in herhangi bir tavsiyede bulunmad\u0131\u011f\u0131m\u0131z\u0131 unutmay\u0131n.<\/em><\/p>\n<h2>Container Products Ltd \u0130hracat Paketleme West Midlands<\/h2>\n<p><img decoding=\"async\" src=\"https:\/\/moverdb.com\/wp-content\/uploads\/AF1QipOJOfAOFEK0_asMIcC5pZcKFHk3Oawm20Tb5VL8w408-h306-k-no.jpg\" alt='Container Products Ltd \u0130hracat Paketleme West Midlands' class=\"aligncenter\"><\/p>\n<p><strong>\u0130\u015fletmeden a\u00e7\u0131klama: <\/strong>Container Products Ltd'de, Dudley ve West Midlands'daki \u00e7evre b\u00f6lgeler i\u00e7in deniz ta\u015f\u0131mac\u0131l\u0131\u011f\u0131, hava ta\u015f\u0131mac\u0131l\u0131\u011f\u0131, ihracat ambalaj\u0131, ah\u015fap ambalaj kasalar\u0131 ve konteyner y\u00fcklemesi sunan uzman bir paketleme \u015firketiyiz.<\/p>\n<p> Yapt\u0131\u011f\u0131m\u0131z i\u015fe kar\u015f\u0131 ger\u00e7ek bir tutkumuz var ve bunun West Midlands genelinde sundu\u011fumuz t\u00fcm paketleme ve konteyner hizmetlerinde kendini g\u00f6sterdi\u011fini d\u00fc\u015f\u00fcn\u00fcyoruz.<\/p>\n<p> \u0130\u015fte bu y\u00fczden ilk ve tek m\u00fc\u015fteriniz olmam\u0131z gerekti\u011fini d\u00fc\u015f\u00fcn\u00fcyoruz. <a href=\"https:\/\/moverdb.com\/tr\/top-49-container-ports\/\" data-internallinksmanager029f6b8e52c=\"80\" title=\"2025 Y\u0131l\u0131nda En B\u00fcy\u00fck ve En Yo\u011fun 49 Konteyner Liman\u0131\">Liman<\/a> Dudley ve West Midlands'in \u00e7evresindeki b\u00f6lgelere ihracat ambalaj\u0131, deniz ta\u015f\u0131mac\u0131l\u0131\u011f\u0131, hava ta\u015f\u0131mac\u0131l\u0131\u011f\u0131, ah\u015fap ambalaj kasalar\u0131 ve konteyner y\u00fcklemesi s\u00f6z konusu oldu\u011funda araman\u0131z gereken yer.<\/p>\n<p> Konteyner ve paketleme hizmetlerimiz hakk\u0131nda daha fazla bilgi edinmek isterseniz, bug\u00fcn ekibimizle ileti\u015fime ge\u00e7in.<\/p>\n<p><strong>Ek Hizmetler:<\/strong><\/p>\n<p>Konteyner hizmeti<\/p>\n<p>Ambalaj \u015firketi<\/p>\n<p>Depo<\/p>\n<p><strong>Adres:<\/strong> Castle Mill Works, <a href=\"\" data-internallinksmanager029f6b8e52c=\"34\" title=\"Birmingham\">Birmingham<\/a> New Rd, Dudley DY1 4DA<\/p>\n<p><a href=\"https:\/\/www.containerproducts.co.uk\/\" target=\"_new\" rel=\"noopener\">Container Products Ltd \u0130hracat Paketleme West Midlands web sitesi<\/a><\/p>\n<p><strong>\u0130nceleme Puan\u0131: <\/strong>4.7<br \/> <strong>Yorum Say\u0131s\u0131:<\/strong> 3<br \/><a href=\"https:\/\/www.google.co.uk\/maps?cid=6089925351874330014&#038;hl=en&#038;gl=GB\" target=\"_new\" rel=\"noopener\">Yorumlar\u0131 Oku<\/a><\/p>\n<h2>En iyi Dudley Freight Forwarding \u015eirketlerini nas\u0131l se\u00e7tik<\/h2>\n<p>Google Haritalar arac\u0131l\u0131\u011f\u0131yla bulabildi\u011fimiz 1 Dudley nakliye \u015firketinden olu\u015fan bir veri k\u00fcmesiyle ba\u015flad\u0131k ve bunu en iyi 1'e indirdik.<\/p>\n<p>Bunu yapmak i\u00e7in \u015fu \u015firketleri \u00e7\u0131kard\u0131k:<\/p>\n<ul>\n<li> Web sitesi yoktu<\/li>\n<li> Hi\u00e7 yorum yoktu<\/li>\n<li> Ortalama inceleme puan\u0131n\u0131n 2,0'\u0131n alt\u0131nda olmas\u0131<\/li>\n<\/ul>\n<p>Bu noktada, 17 veya daha az ileticimiz varsa hepsini listeledik.<\/p>\n<p>Elimizde 17'den fazla ileticinin kald\u0131\u011f\u0131 \u015fehirler i\u00e7in gerekli inceleme puan\u0131n\u0131 art\u0131rarak (\u00f6rne\u011fin minimum 2.0'dan 4.0'a) ve\/veya gerekli minimum inceleme say\u0131s\u0131n\u0131 art\u0131rarak (\u00f6rne\u011fin en az 1 incelemeden en az 10'a) daha fazla revizyon yapt\u0131k.<\/p>\n<p>Di\u011fer \u00fc\u00e7\u00fcnc\u00fc taraf web sitelerinden de\u011fil, yaln\u0131zca Google Haritalar'dan al\u0131nan inceleme verilerini kulland\u0131\u011f\u0131m\u0131z\u0131 unutmay\u0131n.<\/p>\n<p>Daha fazla \u015fehir:<\/p>\n<p><a href=\"https:\/\/moverdb.com\/tr\/yuk-i%cc%87leti%cc%87ci%cc%87si%cc%87\/freight-forwarding-uk\/andover-freight-forwarder\/\">Andover Freight Forwarder<\/a><br \/><a href=\"https:\/\/moverdb.com\/tr\/yuk-i%cc%87leti%cc%87ci%cc%87si%cc%87\/freight-forwarding-uk\/port-of-tilbury-freight-forwarder\/\">Tilbury Liman\u0131 Nakliye \u015eirketi<\/a><br \/><a href=\"https:\/\/moverdb.com\/tr\/yuk-i%cc%87leti%cc%87ci%cc%87si%cc%87\/freight-forwarding-uk\/hereford-freight-forwarder\/\">Hereford Freight Forwarder<\/a><br \/><a href=\"https:\/\/moverdb.com\/tr\/yuk-i%cc%87leti%cc%87ci%cc%87si%cc%87\/freight-forwarding-uk\/durham-freight-forwarder\/\">Durham Freight Forwarder<\/a><br \/><a href=\"https:\/\/moverdb.com\/tr\/yuk-i%cc%87leti%cc%87ci%cc%87si%cc%87\/freight-forwarding-uk\/thatcham-freight-forwarder\/\">Thatcham Freight Forwarder<\/a><\/p>","protected":false},"excerpt":{"rendered":"<p>Below we look at the 1 &#8220;best&#8221; Freight Forwarding companies in Dudley out of 1. To learn more about how we chose the best please consult our FAQ section at the end. Please not the following listings are in no particular order and we are not making any recommendations for any particular company. Container Products [&hellip;]<\/p>\n","protected":false},"author":1,"featured_media":0,"parent":13427,"menu_order":0,"comment_status":"open","ping_status":"open","template":"","meta":{"_genesis_hide_title":false,"_genesis_hide_breadcrumbs":false,"_genesis_hide_singular_image":false,"_genesis_hide_footer_widgets":false,"_genesis_custom_body_class":"","_genesis_custom_post_class":"","_genesis_layout":"","footnotes":""},"class_list":{"0":"post-14398","1":"page","2":"type-page","3":"status-publish","5":"entry"},"_links":{"self":[{"href":"https:\/\/moverdb.com\/tr\/wp-json\/wp\/v2\/pages\/14398","targetHints":{"allow":["GET"]}}],"collection":[{"href":"https:\/\/moverdb.com\/tr\/wp-json\/wp\/v2\/pages"}],"about":[{"href":"https:\/\/moverdb.com\/tr\/wp-json\/wp\/v2\/types\/page"}],"author":[{"embeddable":true,"href":"https:\/\/moverdb.com\/tr\/wp-json\/wp\/v2\/users\/1"}],"replies":[{"embeddable":true,"href":"https:\/\/moverdb.com\/tr\/wp-json\/wp\/v2\/comments?post=14398"}],"version-history":[{"count":1,"href":"https:\/\/moverdb.com\/tr\/wp-json\/wp\/v2\/pages\/14398\/revisions"}],"predecessor-version":[{"id":15572,"href":"https:\/\/moverdb.com\/tr\/wp-json\/wp\/v2\/pages\/14398\/revisions\/15572"}],"up":[{"embeddable":true,"href":"https:\/\/moverdb.com\/tr\/wp-json\/wp\/v2\/pages\/13427"}],"wp:attachment":[{"href":"https:\/\/moverdb.com\/tr\/wp-json\/wp\/v2\/media?parent=14398"}],"curies":[{"name":"wp","href":"https:\/\/api.w.org\/{rel}","templated":true}]}}