{"id":14340,"date":"2023-11-08T15:56:13","date_gmt":"2023-11-08T15:56:13","guid":{"rendered":"https:\/\/moverdb.com\/freight-forwarder\/freight-forwarding-uk\/sandhurst-freight-forwarder\/"},"modified":"2026-01-08T14:54:37","modified_gmt":"2026-01-08T14:54:37","slug":"sandhurst-freight-forwarder","status":"publish","type":"page","link":"https:\/\/moverdb.com\/tr\/freight-forwarder\/freight-forwarding-uk\/sandhurst-freight-forwarder\/","title":{"rendered":"1 En \u0130yi Sandhurst Freight Forwarding \u015eirketleri (2024)"},"content":{"rendered":"<p>A\u015fa\u011f\u0131da 1'e bak\u0131yoruz <em>\"en iyi\"<\/em> Sandhurst i\u00e7indeki Freight Forwarding \u015firketleri 1 \u00fczerinden.<\/p>\n<p>En iyiyi nas\u0131l se\u00e7ti\u011fimiz hakk\u0131nda daha fazla bilgi edinmek i\u00e7in l\u00fctfen sondaki SSS b\u00f6l\u00fcm\u00fcm\u00fcze bak\u0131n.<\/p>\n<p><em>L\u00fctfen a\u015fa\u011f\u0131daki listelerin belirli bir s\u0131rada olmad\u0131\u011f\u0131n\u0131 ve belirli bir \u015firket i\u00e7in herhangi bir tavsiyede bulunmad\u0131\u011f\u0131m\u0131z\u0131 unutmay\u0131n.<\/em><\/p>\n<h2>EON Lojistik ve Ticaret Ltd<\/h2>\n<p><img decoding=\"async\" src=\"https:\/\/moverdb.com\/wp-content\/uploads\/AF1QipNQB0gLNgBgfRlKQcEjJh4gr9krScguC-t2dsu_w768-h240-k-no.jpg\" alt='EON Lojistik ve Ticaret Ltd' class=\"aligncenter\"><\/p>\n<p><strong>\u0130\u015fletmeden a\u00e7\u0131klama: <\/strong>EON Lojistik ve Ticaret'e ho\u015f geldiniz, biz bir <a href=\"https:\/\/moverdb.com\/tr\/moving-to-the-uk\/\" data-internallinksmanager029f6b8e52c=\"93\" title=\"Birle\u015fik Krall\u0131k&#039;a m\u0131 ta\u015f\u0131n\u0131yorsunuz? 2026 Ya\u015fam Maliyetleri &amp; Yer De\u011fi\u015ftirme \u0130pu\u00e7lar\u0131\">BIRLE\u015eIK KRALLIK<\/a> temelli <a href=\"https:\/\/moverdb.com\/tr\/freight-forwarder\/\" data-internallinksmanager029f6b8e52c=\"17\" title=\"Freight Forwarder &amp; NVOCC Uluslararas\u0131 Maliyet ve \u015eirketler Rehberi\">Freight Forwarder<\/a> Deniz Ta\u015f\u0131mac\u0131l\u0131\u011f\u0131, Hava Ta\u015f\u0131mac\u0131l\u0131\u011f\u0131, Avrupa Karayolu Ta\u015f\u0131mac\u0131l\u0131\u011f\u0131 ve Tedarik Hizmetleri ile eksiksiz bir Deniza\u015f\u0131r\u0131 Nakliye yelpazesi sunan Lojistik Uzman\u0131.<\/p>\n<p>Son derece deneyimli personelimiz 40 y\u0131l\u0131 a\u015fk\u0131n sekt\u00f6r deneyimine sahiptir ve d\u00fcnya \u00e7ap\u0131nda kargo ta\u015f\u0131yan \u00fcreticilere, t\u00fcccarlara ve \u00f6zel nakliyecilere hizmet vermektedir.<\/p>\n<p> EON Lojistik, 300'den fazla \u00fclkeye geni\u015f bir yelpazede ihracat y\u00fck ta\u015f\u0131mac\u0131l\u0131\u011f\u0131 hizmetleri sunmaktad\u0131r <a href=\"https:\/\/moverdb.com\/tr\/top-49-container-ports\/\" data-internallinksmanager029f6b8e52c=\"80\" title=\"2025 Y\u0131l\u0131nda En B\u00fcy\u00fck ve En Yo\u011fun 49 Konteyner Liman\u0131\">Limanlar<\/a> ve d\u00fcnyan\u0131n d\u00f6rt bir yan\u0131ndaki havaalanlar\u0131.<\/p>\n<p><strong>Ek Hizmetler:<\/strong><\/p>\n<p>\u0130hracat\u00e7\u0131<\/p>\n<p>\u0130thalat\u00e7\u0131<\/p>\n<p>Lojistik hizmet<\/p>\n<p>Nakliye hizmeti<\/p>\n<p>Ula\u015f\u0131m hizmeti<\/p>\n<p><a href=\"https:\/\/moverdb.com\/tr\/car-transport-shipping\/\" data-internallinksmanager029f6b8e52c=\"2\" title=\"2026 Uluslararas\u0131 Ara\u00e7 Ta\u015f\u0131ma &amp; Ara\u00e7 Nakliye Fiyatlar\u0131\">Ara\u00e7 nakliyesi<\/a> ajan<\/p>\n<p><strong>Adres:<\/strong> Suite 8, Sandhurst House, 297 Yorktown Rd, College Town, Sandhurst GU47 0QA<\/p>\n<p><a href=\"http:\/\/www.eonlogistics.co.uk\/\" target=\"_new\" rel=\"noopener\">EON Logistics &amp; Trading Ltd web sitesi<\/a><\/p>\n<p><strong>\u0130nceleme Puan\u0131: <\/strong>5<br \/> <strong>Yorum Say\u0131s\u0131:<\/strong> 12<br \/><a href=\"https:\/\/www.google.co.uk\/maps?cid=1164881032507828490&#038;hl=en&#038;gl=GB\" target=\"_new\" rel=\"noopener\">Yorumlar\u0131 Oku<\/a><\/p>\n<h2>En iyi Sandhurst Freight Forwarding \u015eirketlerini nas\u0131l se\u00e7tik<\/h2>\n<p>Google Haritalar arac\u0131l\u0131\u011f\u0131yla bulabildi\u011fimiz 1 Sandhurst nakliye \u015firketinden olu\u015fan bir veri k\u00fcmesiyle ba\u015flad\u0131k ve bunu en iyi 1'e indirdik.<\/p>\n<p>Bunu yapmak i\u00e7in \u015fu \u015firketleri \u00e7\u0131kard\u0131k:<\/p>\n<ul>\n<li> Web sitesi yoktu<\/li>\n<li> Hi\u00e7 yorum yoktu<\/li>\n<li> Ortalama inceleme puan\u0131n\u0131n 2,0'\u0131n alt\u0131nda olmas\u0131<\/li>\n<\/ul>\n<p>Bu noktada, 17 veya daha az ileticimiz varsa hepsini listeledik.<\/p>\n<p>Elimizde 17'den fazla ileticinin kald\u0131\u011f\u0131 \u015fehirler i\u00e7in gerekli inceleme puan\u0131n\u0131 art\u0131rarak (\u00f6rne\u011fin minimum 2.0'dan 4.0'a) ve\/veya gerekli minimum inceleme say\u0131s\u0131n\u0131 art\u0131rarak (\u00f6rne\u011fin en az 1 incelemeden en az 10'a) daha fazla revizyon yapt\u0131k.<\/p>\n<p>Di\u011fer \u00fc\u00e7\u00fcnc\u00fc taraf web sitelerinden de\u011fil, yaln\u0131zca Google Haritalar'dan al\u0131nan inceleme verilerini kulland\u0131\u011f\u0131m\u0131z\u0131 unutmay\u0131n.<\/p>\n<p>Daha fazla \u015fehir:<\/p>\n<p><a href=\"https:\/\/moverdb.com\/tr\/yuk-i%cc%87leti%cc%87ci%cc%87si%cc%87\/freight-forwarding-uk\/north-shields-freight-forwarder\/\">North Shields Nakliye \u015eirketi<\/a><br \/><a href=\"https:\/\/moverdb.com\/tr\/yuk-i%cc%87leti%cc%87ci%cc%87si%cc%87\/freight-forwarding-uk\/sheerness-freight-forwarder\/\">Sheerness Freight Forwarder<\/a><br \/><a href=\"https:\/\/moverdb.com\/tr\/yuk-i%cc%87leti%cc%87ci%cc%87si%cc%87\/freight-forwarding-uk\/bolton-freight-forwarder\/\">Bolton Freight Forwarder<\/a><br \/><a href=\"https:\/\/moverdb.com\/tr\/yuk-i%cc%87leti%cc%87ci%cc%87si%cc%87\/freight-forwarding-uk\/shepperton-freight-forwarder\/\">Shepperton Freight Forwarder<\/a><br \/><a href=\"https:\/\/moverdb.com\/tr\/yuk-i%cc%87leti%cc%87ci%cc%87si%cc%87\/freight-forwarding-uk\/northwood-freight-forwarder\/\">Northwood Freight Forwarder<\/a><\/p>","protected":false},"excerpt":{"rendered":"<p>Below we look at the 1 &#8220;best&#8221; Freight Forwarding companies in Sandhurst out of 1. To learn more about how we chose the best please consult our FAQ section at the end. Please not the following listings are in no particular order and we are not making any recommendations for any particular company. EON Logistics [&hellip;]<\/p>\n","protected":false},"author":1,"featured_media":0,"parent":13427,"menu_order":0,"comment_status":"open","ping_status":"open","template":"","meta":{"_genesis_hide_title":false,"_genesis_hide_breadcrumbs":false,"_genesis_hide_singular_image":false,"_genesis_hide_footer_widgets":false,"_genesis_custom_body_class":"","_genesis_custom_post_class":"","_genesis_layout":"","footnotes":""},"class_list":{"0":"post-14340","1":"page","2":"type-page","3":"status-publish","5":"entry"},"_links":{"self":[{"href":"https:\/\/moverdb.com\/tr\/wp-json\/wp\/v2\/pages\/14340","targetHints":{"allow":["GET"]}}],"collection":[{"href":"https:\/\/moverdb.com\/tr\/wp-json\/wp\/v2\/pages"}],"about":[{"href":"https:\/\/moverdb.com\/tr\/wp-json\/wp\/v2\/types\/page"}],"author":[{"embeddable":true,"href":"https:\/\/moverdb.com\/tr\/wp-json\/wp\/v2\/users\/1"}],"replies":[{"embeddable":true,"href":"https:\/\/moverdb.com\/tr\/wp-json\/wp\/v2\/comments?post=14340"}],"version-history":[{"count":1,"href":"https:\/\/moverdb.com\/tr\/wp-json\/wp\/v2\/pages\/14340\/revisions"}],"predecessor-version":[{"id":15633,"href":"https:\/\/moverdb.com\/tr\/wp-json\/wp\/v2\/pages\/14340\/revisions\/15633"}],"up":[{"embeddable":true,"href":"https:\/\/moverdb.com\/tr\/wp-json\/wp\/v2\/pages\/13427"}],"wp:attachment":[{"href":"https:\/\/moverdb.com\/tr\/wp-json\/wp\/v2\/media?parent=14340"}],"curies":[{"name":"wp","href":"https:\/\/api.w.org\/{rel}","templated":true}]}}