{"id":14252,"date":"2023-11-08T15:55:37","date_gmt":"2023-11-08T15:55:37","guid":{"rendered":"https:\/\/moverdb.com\/freight-forwarder\/freight-forwarding-uk\/worthing-freight-forwarder\/"},"modified":"2026-01-08T14:55:20","modified_gmt":"2026-01-08T14:55:20","slug":"worthing-freight-forwarder","status":"publish","type":"page","link":"https:\/\/moverdb.com\/tr\/freight-forwarder\/freight-forwarding-uk\/worthing-freight-forwarder\/","title":{"rendered":"1 En \u0130yi Worthing Nakliye \u015eirketleri (2024)"},"content":{"rendered":"<p>A\u015fa\u011f\u0131da 1'e bak\u0131yoruz <em>\"en iyi\"<\/em> Worthing'deki Freight Forwarding \u015firketleri 1 \u00fczerinden.<\/p>\n<p>En iyiyi nas\u0131l se\u00e7ti\u011fimiz hakk\u0131nda daha fazla bilgi edinmek i\u00e7in l\u00fctfen sondaki SSS b\u00f6l\u00fcm\u00fcm\u00fcze bak\u0131n.<\/p>\n<p><em>L\u00fctfen a\u015fa\u011f\u0131daki listelerin belirli bir s\u0131rada olmad\u0131\u011f\u0131n\u0131 ve belirli bir \u015firket i\u00e7in herhangi bir tavsiyede bulunmad\u0131\u011f\u0131m\u0131z\u0131 unutmay\u0131n.<\/em><\/p>\n<h2>Spicer International Ltd Kurye Hizmetleri Worthing<\/h2>\n<p><img decoding=\"async\" src=\"https:\/\/moverdb.com\/wp-content\/uploads\/AF1QipOUq_GAzE3wCuLAU_Ci4QSHdFpGBvl9Vneea4ngw426-h240-k-no.jpg\" alt='Spicer International Ltd Kurye Hizmetleri Worthing' class=\"aligncenter\"><\/p>\n<p><strong>\u0130\u015fletmeden a\u00e7\u0131klama: <\/strong>Uluslararas\u0131 paket orta\u011f\u0131n\u0131z Spicer International'a ho\u015f geldiniz.<\/p>\n<p> Y\u00fcksek kaliteli nakliye hizmetleri sunma konusundaki 25 y\u0131l\u0131 a\u015fk\u0131n deneyimimizle k\u0131skan\u0131lacak bir itibar kazand\u0131k.<\/p>\n<p> Sadece bu da de\u011fil! Ayr\u0131ca Bat\u0131 Sussex'teki en iyi depolama hizmetlerini de sunuyoruz.<\/p>\n<p> M\u00fc\u015fterilerimizi her zaman \u00f6n planda tutuyor ve teslimat ve tahsilat hizmetimizin onlar\u0131n beklentilerini kar\u015f\u0131lad\u0131\u011f\u0131ndan ve a\u015ft\u0131\u011f\u0131ndan emin oluyoruz.<\/p>\n<p> Dolay\u0131s\u0131yla, ister depolama ihtiyac\u0131n\u0131z olsun ister \u00fclke i\u00e7inde herhangi bir yere bir paket g\u00f6ndermek isteyin, Spicer International'daki uzmanlar uyarlanabilir bir depolama \u00e7\u00f6z\u00fcm\u00fc sunabilir ve paketinizin zaman\u0131nda teslim edilmesini sa\u011flayabilir.<\/p>\n<p> Fiyat teklifi istemek i\u00e7in l\u00fctfen teklif olu\u015fturucumuzdaki bilgileri doldurun.<\/p>\n<p> Aray\u0131n <a href=\"https:\/\/moverdb.com\/tr\/moving-to-the-united-states\/\" data-internallinksmanager029f6b8e52c=\"94\" title=\"Amerika Birle\u015fik Devletleri&#039;ne mi ta\u015f\u0131n\u0131yorsunuz? 2026 Ya\u015fam Maliyetleri ve Yer De\u011fi\u015ftirme \u0130pu\u00e7lar\u0131\">Biz<\/a> ya da mesaj b\u0131rak\u0131n.<\/p>\n<p><strong>Ek Hizmetler:<\/strong><\/p>\n<p>Kurye hizmeti<\/p>\n<p>Teslimat \u015eirketi<\/p>\n<p>Depolama tesisi<\/p>\n<p>Depo<\/p>\n<p>\u0130ndirim Ma\u011fazas\u0131<\/p>\n<p><strong>Adres:<\/strong> Northbrook Business Park, \u00dcniteler 13-14, Northbrook Rd, Worthing BN14 8PQ<\/p>\n<p><a href=\"http:\/\/www.spicerinternational.com\/\" target=\"_new\" rel=\"noopener\">Spicer International Ltd Kurye Hizmetleri Worthing web sitesi<\/a><\/p>\n<p><strong>\u0130nceleme Puan\u0131: <\/strong>4.9<br \/> <strong>Yorum Say\u0131s\u0131:<\/strong> 18<br \/><a href=\"https:\/\/www.google.co.uk\/maps?cid=16544897627600685036&#038;hl=en&#038;gl=GB\" target=\"_new\" rel=\"noopener\">Yorumlar\u0131 Oku<\/a><\/p>\n<h2>En iyi Worthing Nakliye \u015eirketlerini nas\u0131l se\u00e7tik<\/h2>\n<p>Google Haritalar arac\u0131l\u0131\u011f\u0131yla bulabildi\u011fimiz 1 Worthing nakliye \u015firketinden olu\u015fan bir veri k\u00fcmesiyle ba\u015flad\u0131k ve en iyi 1'e kadar daraltt\u0131k.<\/p>\n<p>Bunu yapmak i\u00e7in \u015fu \u015firketleri \u00e7\u0131kard\u0131k:<\/p>\n<ul>\n<li> Web sitesi yoktu<\/li>\n<li> Hi\u00e7 yorum yoktu<\/li>\n<li> Ortalama inceleme puan\u0131n\u0131n 2,0'\u0131n alt\u0131nda olmas\u0131<\/li>\n<\/ul>\n<p>Bu noktada, 17 veya daha az ileticimiz varsa hepsini listeledik.<\/p>\n<p>Elimizde 17'den fazla ileticinin kald\u0131\u011f\u0131 \u015fehirler i\u00e7in gerekli inceleme puan\u0131n\u0131 art\u0131rarak (\u00f6rne\u011fin minimum 2.0'dan 4.0'a) ve\/veya gerekli minimum inceleme say\u0131s\u0131n\u0131 art\u0131rarak (\u00f6rne\u011fin en az 1 incelemeden en az 10'a) daha fazla revizyon yapt\u0131k.<\/p>\n<p>Di\u011fer \u00fc\u00e7\u00fcnc\u00fc taraf web sitelerinden de\u011fil, yaln\u0131zca Google Haritalar'dan al\u0131nan inceleme verilerini kulland\u0131\u011f\u0131m\u0131z\u0131 unutmay\u0131n.<\/p>\n<p>Daha fazla \u015fehir:<\/p>\n<p><a href=\"https:\/\/moverdb.com\/tr\/yuk-i%cc%87leti%cc%87ci%cc%87si%cc%87\/freight-forwarding-uk\/llanfyrnach-freight-forwarder\/\">Llanfyrnach Nakliye \u015eirketi<\/a><br \/><a href=\"https:\/\/moverdb.com\/tr\/yuk-i%cc%87leti%cc%87ci%cc%87si%cc%87\/freight-forwarding-uk\/bromley-freight-forwarder\/\">Bromley Freight Forwarder<\/a><br \/><a href=\"https:\/\/moverdb.com\/tr\/yuk-i%cc%87leti%cc%87ci%cc%87si%cc%87\/freight-forwarding-uk\/colnbrook-slough-freight-forwarder\/\">Colnbrook Slough Nakliye \u015eirketi<\/a><br \/><a href=\"https:\/\/moverdb.com\/tr\/yuk-i%cc%87leti%cc%87ci%cc%87si%cc%87\/freight-forwarding-uk\/selby-freight-forwarder\/\">Selby Freight Forwarder<\/a><br \/><a href=\"https:\/\/moverdb.com\/tr\/yuk-i%cc%87leti%cc%87ci%cc%87si%cc%87\/freight-forwarding-uk\/cookstown-freight-forwarder\/\">Cookstown Freight Forwarder<\/a><\/p>","protected":false},"excerpt":{"rendered":"<p>Below we look at the 1 &#8220;best&#8221; Freight Forwarding companies in Worthing out of 1. To learn more about how we chose the best please consult our FAQ section at the end. Please not the following listings are in no particular order and we are not making any recommendations for any particular company. Spicer International [&hellip;]<\/p>\n","protected":false},"author":1,"featured_media":0,"parent":13427,"menu_order":0,"comment_status":"open","ping_status":"open","template":"","meta":{"_genesis_hide_title":false,"_genesis_hide_breadcrumbs":false,"_genesis_hide_singular_image":false,"_genesis_hide_footer_widgets":false,"_genesis_custom_body_class":"","_genesis_custom_post_class":"","_genesis_layout":"","footnotes":""},"class_list":{"0":"post-14252","1":"page","2":"type-page","3":"status-publish","5":"entry"},"_links":{"self":[{"href":"https:\/\/moverdb.com\/tr\/wp-json\/wp\/v2\/pages\/14252","targetHints":{"allow":["GET"]}}],"collection":[{"href":"https:\/\/moverdb.com\/tr\/wp-json\/wp\/v2\/pages"}],"about":[{"href":"https:\/\/moverdb.com\/tr\/wp-json\/wp\/v2\/types\/page"}],"author":[{"embeddable":true,"href":"https:\/\/moverdb.com\/tr\/wp-json\/wp\/v2\/users\/1"}],"replies":[{"embeddable":true,"href":"https:\/\/moverdb.com\/tr\/wp-json\/wp\/v2\/comments?post=14252"}],"version-history":[{"count":1,"href":"https:\/\/moverdb.com\/tr\/wp-json\/wp\/v2\/pages\/14252\/revisions"}],"predecessor-version":[{"id":15675,"href":"https:\/\/moverdb.com\/tr\/wp-json\/wp\/v2\/pages\/14252\/revisions\/15675"}],"up":[{"embeddable":true,"href":"https:\/\/moverdb.com\/tr\/wp-json\/wp\/v2\/pages\/13427"}],"wp:attachment":[{"href":"https:\/\/moverdb.com\/tr\/wp-json\/wp\/v2\/media?parent=14252"}],"curies":[{"name":"wp","href":"https:\/\/api.w.org\/{rel}","templated":true}]}}