{"id":14154,"date":"2023-11-08T15:55:01","date_gmt":"2023-11-08T15:55:01","guid":{"rendered":"https:\/\/moverdb.com\/freight-forwarder\/freight-forwarding-uk\/watford-freight-forwarder\/"},"modified":"2026-01-08T14:58:42","modified_gmt":"2026-01-08T14:58:42","slug":"watford-freight-forwarder","status":"publish","type":"page","link":"https:\/\/moverdb.com\/tr\/freight-forwarder\/freight-forwarding-uk\/watford-freight-forwarder\/","title":{"rendered":"2 En \u0130yi Watford Nakliye \u015eirketleri (2024)"},"content":{"rendered":"<p>A\u015fa\u011f\u0131da 2'sine bak\u0131yoruz <em>\"en iyi\"<\/em> Watford'daki Freight Forwarding \u015firketleri 5 \u00fczerinden.<\/p>\n<p>En iyiyi nas\u0131l se\u00e7ti\u011fimiz hakk\u0131nda daha fazla bilgi edinmek i\u00e7in l\u00fctfen sondaki SSS b\u00f6l\u00fcm\u00fcm\u00fcze bak\u0131n.<\/p>\n<p><em>L\u00fctfen a\u015fa\u011f\u0131daki listelerin belirli bir s\u0131rada olmad\u0131\u011f\u0131n\u0131 ve belirli bir \u015firket i\u00e7in herhangi bir tavsiyede bulunmad\u0131\u011f\u0131m\u0131z\u0131 unutmay\u0131n.<\/em><\/p>\n<h2>PFE Express Ltd Hava Ta\u015f\u0131mac\u0131l\u0131\u011f\u0131<\/h2>\n<p><img decoding=\"async\" src=\"https:\/\/moverdb.com\/wp-content\/uploads\/thumbnailpanoid6Z88ijra7aClEJMpSfTEKwcb_clientsearch.gws-prod.gpsw408h240yaw182.jpg\" alt='PFE Express Ltd Hava Ta\u015f\u0131mac\u0131l\u0131\u011f\u0131' class=\"aligncenter\"><\/p>\n<p><strong>\u0130\u015fletmeden a\u00e7\u0131klama: <\/strong>Uzman Hava Ta\u015f\u0131mac\u0131l\u0131\u011f\u0131 ofisimiz, kendi ERTS ve g\u00fcmr\u00fckl\u00fc antrepo tesislerimizi kullanarak ithalat ve ihracat hava ta\u015f\u0131mac\u0131l\u0131\u011f\u0131 hizmetleri sunmaktad\u0131r.<\/p>\n<p>K\u00fcresel havayolu a\u011f\u0131m\u0131zla olan ortakl\u0131\u011f\u0131m\u0131z, d\u00fcnya \u00e7ap\u0131ndaki t\u00fcm rotalarda t\u00fcm b\u00fcy\u00fck ta\u015f\u0131y\u0131c\u0131larla garantili kapasite sunmaktad\u0131r.<\/p>\n<p>\u0130ster acil numuneleri, ister s\u0131k s\u0131k yap\u0131lan b\u00fcy\u00fck sevkiyatlar\u0131 veya gecikmi\u015f \u00fcretimi ta\u015f\u0131yor olun, size yard\u0131mc\u0131 olabiliriz.<\/p>\n<p><strong>Ek Hizmetler:<\/strong><\/p>\n<p>Listelenmemi\u015f<\/p>\n<p><strong>Adres:<\/strong> Unit 38, Metro Centre, Tolpits Ln, Northwood, Watford WD18 9SD<\/p>\n<p><a href=\"http:\/\/www.pfe.express\/\" target=\"_new\" rel=\"noopener\">PFE Express Ltd Hava Ta\u015f\u0131mac\u0131l\u0131\u011f\u0131 web sitesi<\/a><\/p>\n<p><strong>\u0130nceleme Puan\u0131: <\/strong>5<br \/> <strong>Yorum Say\u0131s\u0131:<\/strong> 1<br \/><a href=\"https:\/\/www.google.co.uk\/maps?cid=4909670748065708817&#038;hl=en&#038;gl=GB\" target=\"_new\" rel=\"noopener\">Yorumlar\u0131 Oku<\/a><\/p>\n<h2>Auto Kenya Ltd<\/h2>\n<p><img decoding=\"async\" src=\"https:\/\/moverdb.com\/wp-content\/uploads\/AF1QipM18eOb6otMEnsfpelcj8Q5RQ8xd_KOenRRABx4w648-h240-k-no.jpg\" alt='Auto Kenya Ltd' class=\"aligncenter\"><\/p>\n<p><strong>\u0130\u015fletmeden a\u00e7\u0131klama: <\/strong>Otomatik <a href=\"https:\/\/moverdb.com\/tr\/moving-companies\/moving-companies-kenya\/\" data-internallinksmanager029f6b8e52c=\"305\" title=\"Kenya&#039;daki En \u0130yi 4 Uluslararas\u0131 Nakliye \u015eirketi\">Kenya<\/a> T\u00fcrkiye'den Nakliye Ara\u00e7lar\u0131nda Uzmanla\u015fm\u0131\u015ft\u0131r <a href=\"https:\/\/moverdb.com\/tr\/moving-to-the-uk\/\" data-internallinksmanager029f6b8e52c=\"93\" title=\"Birle\u015fik Krall\u0131k&#039;a m\u0131 ta\u015f\u0131n\u0131yorsunuz? 2026 Ya\u015fam Maliyetleri &amp; Yer De\u011fi\u015ftirme \u0130pu\u00e7lar\u0131\">BIRLE\u015eIK KRALLIK<\/a> Mombasa ve Dar Es Salaam'a Kenya, Uganda, Tanzanya ve G\u00fcney Sudan'a hizmet vermektedir.<\/p>\n<p> Sorunsuz Bir Nakliye Hizmeti Sunuyoruz ve \u0130ngiltere \u00c7ap\u0131nda Toplama, Sevkiyat \u00d6ncesi Denetimler, Deniz Sigortas\u0131 ve Nakliye D\u00fczenliyoruz<\/p>\n<p><strong>Ek Hizmetler:<\/strong><\/p>\n<p>Nakliye hizmeti<\/p>\n<p><strong>Adres:<\/strong> Century Court, 5, Tolpits Ln, Northwood, Watford WD18 9PX<\/p>\n<p><a href=\"https:\/\/www.auto-kenya.com\/\" target=\"_new\" rel=\"noopener\">Auto Kenya Ltd web sitesi<\/a><\/p>\n<p><strong>\u0130nceleme Puan\u0131: <\/strong>4.9<br \/> <strong>Yorum Say\u0131s\u0131:<\/strong> 78<br \/><a href=\"https:\/\/www.google.co.uk\/maps?cid=16378406071416492863&#038;hl=en&#038;gl=GB\" target=\"_new\" rel=\"noopener\">Yorumlar\u0131 Oku<\/a><\/p>\n<h2>En iyi Watford Freight Forwarding \u015eirketlerini nas\u0131l se\u00e7tik<\/h2>\n<p>Google Haritalar arac\u0131l\u0131\u011f\u0131yla bulabildi\u011fimiz 5 Watford nakliye \u015firketinden olu\u015fan bir veri k\u00fcmesiyle ba\u015flad\u0131k ve en iyi 2'ye indirdik.<\/p>\n<p>Bunu yapmak i\u00e7in \u015fu \u015firketleri \u00e7\u0131kard\u0131k:<\/p>\n<ul>\n<li> Web sitesi yoktu<\/li>\n<li> Hi\u00e7 yorum yoktu<\/li>\n<li> Ortalama inceleme puan\u0131n\u0131n 2,0'\u0131n alt\u0131nda olmas\u0131<\/li>\n<\/ul>\n<p>Bu noktada, 17 veya daha az ileticimiz varsa hepsini listeledik.<\/p>\n<p>Elimizde 17'den fazla ileticinin kald\u0131\u011f\u0131 \u015fehirler i\u00e7in gerekli inceleme puan\u0131n\u0131 art\u0131rarak (\u00f6rne\u011fin minimum 2.0'dan 4.0'a) ve\/veya gerekli minimum inceleme say\u0131s\u0131n\u0131 art\u0131rarak (\u00f6rne\u011fin en az 1 incelemeden en az 10'a) daha fazla revizyon yapt\u0131k.<\/p>\n<p>Di\u011fer \u00fc\u00e7\u00fcnc\u00fc taraf web sitelerinden de\u011fil, yaln\u0131zca Google Haritalar'dan al\u0131nan inceleme verilerini kulland\u0131\u011f\u0131m\u0131z\u0131 unutmay\u0131n.<\/p>\n<p>Daha fazla \u015fehir:<\/p>\n<p><a href=\"https:\/\/moverdb.com\/tr\/yuk-i%cc%87leti%cc%87ci%cc%87si%cc%87\/freight-forwarding-uk\/romford-freight-forwarder\/\">Romford Freight Forwarder<\/a><br \/><a href=\"https:\/\/moverdb.com\/tr\/yuk-i%cc%87leti%cc%87ci%cc%87si%cc%87\/freight-forwarding-uk\/chelmsford-freight-forwarder\/\">Chelmsford Freight Forwarder<\/a><br \/><a href=\"https:\/\/moverdb.com\/tr\/yuk-i%cc%87leti%cc%87ci%cc%87si%cc%87\/freight-forwarding-uk\/brentford-freight-forwarder\/\">Brentford Freight Forwarder<\/a><br \/><a href=\"https:\/\/moverdb.com\/tr\/yuk-i%cc%87leti%cc%87ci%cc%87si%cc%87\/freight-forwarding-uk\/widnes-freight-forwarder\/\">Widnes Freight Forwarder<\/a><br \/><a href=\"https:\/\/moverdb.com\/tr\/yuk-i%cc%87leti%cc%87ci%cc%87si%cc%87\/freight-forwarding-uk\/runcorn-freight-forwarder\/\">Runcorn Freight Forwarder<\/a><\/p>","protected":false},"excerpt":{"rendered":"<p>Below we look at the 2 &#8220;best&#8221; Freight Forwarding companies in Watford out of 5. To learn more about how we chose the best please consult our FAQ section at the end. Please not the following listings are in no particular order and we are not making any recommendations for any particular company. PFE Express [&hellip;]<\/p>\n","protected":false},"author":1,"featured_media":0,"parent":13427,"menu_order":0,"comment_status":"open","ping_status":"open","template":"","meta":{"_genesis_hide_title":false,"_genesis_hide_breadcrumbs":false,"_genesis_hide_singular_image":false,"_genesis_hide_footer_widgets":false,"_genesis_custom_body_class":"","_genesis_custom_post_class":"","_genesis_layout":"","footnotes":""},"class_list":{"0":"post-14154","1":"page","2":"type-page","3":"status-publish","5":"entry"},"_links":{"self":[{"href":"https:\/\/moverdb.com\/tr\/wp-json\/wp\/v2\/pages\/14154","targetHints":{"allow":["GET"]}}],"collection":[{"href":"https:\/\/moverdb.com\/tr\/wp-json\/wp\/v2\/pages"}],"about":[{"href":"https:\/\/moverdb.com\/tr\/wp-json\/wp\/v2\/types\/page"}],"author":[{"embeddable":true,"href":"https:\/\/moverdb.com\/tr\/wp-json\/wp\/v2\/users\/1"}],"replies":[{"embeddable":true,"href":"https:\/\/moverdb.com\/tr\/wp-json\/wp\/v2\/comments?post=14154"}],"version-history":[{"count":1,"href":"https:\/\/moverdb.com\/tr\/wp-json\/wp\/v2\/pages\/14154\/revisions"}],"predecessor-version":[{"id":15755,"href":"https:\/\/moverdb.com\/tr\/wp-json\/wp\/v2\/pages\/14154\/revisions\/15755"}],"up":[{"embeddable":true,"href":"https:\/\/moverdb.com\/tr\/wp-json\/wp\/v2\/pages\/13427"}],"wp:attachment":[{"href":"https:\/\/moverdb.com\/tr\/wp-json\/wp\/v2\/media?parent=14154"}],"curies":[{"name":"wp","href":"https:\/\/api.w.org\/{rel}","templated":true}]}}