{"id":14133,"date":"2023-11-08T15:54:40","date_gmt":"2023-11-08T15:54:40","guid":{"rendered":"https:\/\/moverdb.com\/freight-forwarder\/freight-forwarding-uk\/redditch-freight-forwarder\/"},"modified":"2026-01-08T14:58:24","modified_gmt":"2026-01-08T14:58:24","slug":"redditch-freight-forwarder","status":"publish","type":"page","link":"https:\/\/moverdb.com\/tr\/freight-forwarder\/freight-forwarding-uk\/redditch-freight-forwarder\/","title":{"rendered":"2 En \u0130yi Redditch Freight Forwarding \u015eirketleri (2024)"},"content":{"rendered":"<p>A\u015fa\u011f\u0131da 2'sine bak\u0131yoruz <em>\"en iyi\"<\/em> Redditch'teki Freight Forwarding \u015firketleri 7 \u00fczerinden.<\/p>\n<p>En iyiyi nas\u0131l se\u00e7ti\u011fimiz hakk\u0131nda daha fazla bilgi edinmek i\u00e7in l\u00fctfen sondaki SSS b\u00f6l\u00fcm\u00fcm\u00fcze bak\u0131n.<\/p>\n<p><em>L\u00fctfen a\u015fa\u011f\u0131daki listelerin belirli bir s\u0131rada olmad\u0131\u011f\u0131n\u0131 ve belirli bir \u015firket i\u00e7in herhangi bir tavsiyede bulunmad\u0131\u011f\u0131m\u0131z\u0131 unutmay\u0131n.<\/em><\/p>\n<h2>Controlo Kargo Hizmetleri Ltd<\/h2>\n<p><img decoding=\"async\" src=\"https:\/\/moverdb.com\/wp-content\/uploads\/AF1QipM1apLhEc1lHfopKULBzyvgjGEHd9JsFyP5Y8Ukw408-h255-k-no.jpg\" alt='Controlo Kargo Hizmetleri Ltd' class=\"aligncenter\"><\/p>\n<p><strong>\u0130\u015fletmeden a\u00e7\u0131klama: <\/strong>CONTROLO CARGO SERVICES LTD'YE HO\u015e GELDI\u0307NI\u0307Z<br \/>\nBa\u015flang\u0131\u00e7ta derin deniz ta\u015f\u0131mac\u0131l\u0131\u011f\u0131na odaklanarak 1977 y\u0131l\u0131nda kurulan Controlo Cargo Services, y\u0131llar i\u00e7inde geni\u015fleyerek \u015fu anda Hava, Kara ve Deniz yoluyla D\u00fcnya \u00e7ap\u0131nda geni\u015f bir yelpazede ta\u015f\u0131mac\u0131l\u0131k hizmetleri sunan \u00e7ok modlu bir nakliye \u015firketi haline gelmi\u015ftir.<\/p>\n<p>Controlo, kurulu\u015fundan bu yana d\u00fcnya \u00e7ap\u0131nda bir m\u00fc\u015fteri taban\u0131 geli\u015ftirmi\u015ftir. <a href=\"https:\/\/moverdb.com\/tr\/moving-to-the-uk\/\" data-internallinksmanager029f6b8e52c=\"93\" title=\"Birle\u015fik Krall\u0131k&#039;a m\u0131 ta\u015f\u0131n\u0131yorsunuz? 2026 Ya\u015fam Maliyetleri &amp; Yer De\u011fi\u015ftirme \u0130pu\u00e7lar\u0131\">BIRLE\u015eIK KRALLIK<\/a> \u0130hracat ve ithalat gereksinimlerini y\u00f6netmek i\u00e7in profesyonel d\u00fczeyde hizmet talep eden \u00e7ok \u00e7e\u015fitli end\u00fcstri sekt\u00f6rlerinde.<\/p>\n<p>Kas\u0131m 1991'de Controlo Cargo Services, Star Cargo PLC taraf\u0131ndan sat\u0131n al\u0131nd\u0131 ve sonu\u00e7 olarak i\u015fletme, yedi Birle\u015fik Krall\u0131k i\u015ftirakinin finansal deste\u011fi ve deste\u011fiyle hizmetlerini geni\u015fletmeye devam etti.<\/p>\n<p><strong>Ek Hizmetler:<\/strong><\/p>\n<p>Teslimat hizmeti<\/p>\n<p>Teslimat \u015eirketi<\/p>\n<p>Nakliye hizmeti<\/p>\n<p><strong>Adres:<\/strong> 2 Eagle Rd, Moons Moat North Industrial Estate, Redditch B98 9HF<\/p>\n<p><a href=\"http:\/\/www.controlo.co.uk\/\" target=\"_new\" rel=\"noopener\">Controlo Cargo Services Ltd web sitesi<\/a><\/p>\n<p><strong>\u0130nceleme Puan\u0131: <\/strong>4.6<br \/> <strong>Yorum Say\u0131s\u0131:<\/strong> 10<br \/><a href=\"https:\/\/www.google.co.uk\/maps?cid=12175316314925530883&#038;hl=en&#038;gl=GB\" target=\"_new\" rel=\"noopener\">Yorumlar\u0131 Oku<\/a><\/p>\n<h2>Transmec Redditch<\/h2>\n<p><img decoding=\"async\" src=\"https:\/\/moverdb.com\/wp-content\/uploads\/AF1QipO9BQy6Xlwn-_KQv0AAqrMbpnnFx_xt6RerMW_rw408-h271-k-no.jpg\" alt='Transmec Redditch' class=\"aligncenter\"><\/p>\n<p><strong>\u0130\u015fletmeden a\u00e7\u0131klama: <\/strong>Hi\u00e7biri Sa\u011flanmad\u0131<\/p>\n<p><strong>Ek Hizmetler:<\/strong><\/p>\n<p>Listelenmemi\u015f<\/p>\n<p><strong>Adres:<\/strong> Crossgate Rd, Park Farm Sanayi B\u00f6lgesi, Redditch B98 7SN<\/p>\n<p><a href=\"http:\/\/www.transmecgroup.com\/\" target=\"_new\" rel=\"noopener\">Transmec Redditch web sitesi<\/a><\/p>\n<p><strong>\u0130nceleme Puan\u0131: <\/strong>4<br \/> <strong>Yorum Say\u0131s\u0131:<\/strong> 152<br \/><a href=\"https:\/\/www.google.co.uk\/maps?cid=14750013789300133138&#038;hl=en&#038;gl=GB\" target=\"_new\" rel=\"noopener\">Yorumlar\u0131 Oku<\/a><\/p>\n<h2>En iyi Redditch Freight Forwarding \u015eirketlerini nas\u0131l se\u00e7tik<\/h2>\n<p>Google Haritalar arac\u0131l\u0131\u011f\u0131yla bulabildi\u011fimiz 7 Redditch nakliye \u015firketinden olu\u015fan bir veri k\u00fcmesiyle ba\u015flad\u0131k ve en iyi 2'ye indirdik.<\/p>\n<p>Bunu yapmak i\u00e7in \u015fu \u015firketleri \u00e7\u0131kard\u0131k:<\/p>\n<ul>\n<li> Web sitesi yoktu<\/li>\n<li> Hi\u00e7 yorum yoktu<\/li>\n<li> Ortalama inceleme puan\u0131n\u0131n 2,0'\u0131n alt\u0131nda olmas\u0131<\/li>\n<\/ul>\n<p>Bu noktada, 17 veya daha az ileticimiz varsa hepsini listeledik.<\/p>\n<p>Elimizde 17'den fazla ileticinin kald\u0131\u011f\u0131 \u015fehirler i\u00e7in gerekli inceleme puan\u0131n\u0131 art\u0131rarak (\u00f6rne\u011fin minimum 2.0'dan 4.0'a) ve\/veya gerekli minimum inceleme say\u0131s\u0131n\u0131 art\u0131rarak (\u00f6rne\u011fin en az 1 incelemeden en az 10'a) daha fazla revizyon yapt\u0131k.<\/p>\n<p>Di\u011fer \u00fc\u00e7\u00fcnc\u00fc taraf web sitelerinden de\u011fil, yaln\u0131zca Google Haritalar'dan al\u0131nan inceleme verilerini kulland\u0131\u011f\u0131m\u0131z\u0131 unutmay\u0131n.<\/p>\n<p>Daha fazla \u015fehir:<\/p>\n<p><a href=\"https:\/\/moverdb.com\/tr\/yuk-i%cc%87leti%cc%87ci%cc%87si%cc%87\/freight-forwarding-uk\/greenhithe-freight-forwarder\/\">Greenhithe Freight Forwarder<\/a><br \/><a href=\"https:\/\/moverdb.com\/tr\/yuk-i%cc%87leti%cc%87ci%cc%87si%cc%87\/freight-forwarding-uk\/loughborough-freight-forwarder\/\">Loughborough Nakliye \u015eirketi<\/a><br \/><a href=\"https:\/\/moverdb.com\/tr\/yuk-i%cc%87leti%cc%87ci%cc%87si%cc%87\/freight-forwarding-uk\/ashby-de-la-zouch-freight-forwarder\/\">Ashby-de-la-Zouch Nakliye \u015eirketi<\/a><br \/><a href=\"https:\/\/moverdb.com\/tr\/yuk-i%cc%87leti%cc%87ci%cc%87si%cc%87\/freight-forwarding-uk\/rochdale-freight-forwarder\/\">Rochdale Freight Forwarder<\/a><br \/><a href=\"https:\/\/moverdb.com\/tr\/yuk-i%cc%87leti%cc%87ci%cc%87si%cc%87\/freight-forwarding-uk\/waltham-abbey-freight-forwarder\/\">Waltham Abbey Nakliye \u015eirketi<\/a><\/p>","protected":false},"excerpt":{"rendered":"<p>Below we look at the 2 &#8220;best&#8221; Freight Forwarding companies in Redditch out of 7. To learn more about how we chose the best please consult our FAQ section at the end. Please not the following listings are in no particular order and we are not making any recommendations for any particular company. Controlo Cargo [&hellip;]<\/p>\n","protected":false},"author":1,"featured_media":0,"parent":13427,"menu_order":0,"comment_status":"open","ping_status":"open","template":"","meta":{"_genesis_hide_title":false,"_genesis_hide_breadcrumbs":false,"_genesis_hide_singular_image":false,"_genesis_hide_footer_widgets":false,"_genesis_custom_body_class":"","_genesis_custom_post_class":"","_genesis_layout":"","footnotes":""},"class_list":{"0":"post-14133","1":"page","2":"type-page","3":"status-publish","5":"entry"},"_links":{"self":[{"href":"https:\/\/moverdb.com\/tr\/wp-json\/wp\/v2\/pages\/14133","targetHints":{"allow":["GET"]}}],"collection":[{"href":"https:\/\/moverdb.com\/tr\/wp-json\/wp\/v2\/pages"}],"about":[{"href":"https:\/\/moverdb.com\/tr\/wp-json\/wp\/v2\/types\/page"}],"author":[{"embeddable":true,"href":"https:\/\/moverdb.com\/tr\/wp-json\/wp\/v2\/users\/1"}],"replies":[{"embeddable":true,"href":"https:\/\/moverdb.com\/tr\/wp-json\/wp\/v2\/comments?post=14133"}],"version-history":[{"count":1,"href":"https:\/\/moverdb.com\/tr\/wp-json\/wp\/v2\/pages\/14133\/revisions"}],"predecessor-version":[{"id":15738,"href":"https:\/\/moverdb.com\/tr\/wp-json\/wp\/v2\/pages\/14133\/revisions\/15738"}],"up":[{"embeddable":true,"href":"https:\/\/moverdb.com\/tr\/wp-json\/wp\/v2\/pages\/13427"}],"wp:attachment":[{"href":"https:\/\/moverdb.com\/tr\/wp-json\/wp\/v2\/media?parent=14133"}],"curies":[{"name":"wp","href":"https:\/\/api.w.org\/{rel}","templated":true}]}}