{"id":14104,"date":"2023-11-08T15:54:40","date_gmt":"2023-11-08T15:54:40","guid":{"rendered":"https:\/\/moverdb.com\/freight-forwarder\/freight-forwarding-uk\/aldershot-freight-forwarder\/"},"modified":"2026-01-08T14:55:52","modified_gmt":"2026-01-08T14:55:52","slug":"aldershot-freight-forwarder","status":"publish","type":"page","link":"https:\/\/moverdb.com\/tr\/freight-forwarder\/freight-forwarding-uk\/aldershot-freight-forwarder\/","title":{"rendered":"2 En \u0130yi Aldershot Nakliye \u015eirketleri (2024)"},"content":{"rendered":"<p>A\u015fa\u011f\u0131da 2'sine bak\u0131yoruz <em>\"en iyi\"<\/em> Aldershot i\u00e7indeki Freight Forwarding \u015firketleri 3 \u00fczerinden.<\/p>\n<p>En iyiyi nas\u0131l se\u00e7ti\u011fimiz hakk\u0131nda daha fazla bilgi edinmek i\u00e7in l\u00fctfen sondaki SSS b\u00f6l\u00fcm\u00fcm\u00fcze bak\u0131n.<\/p>\n<p><em>L\u00fctfen a\u015fa\u011f\u0131daki listelerin belirli bir s\u0131rada olmad\u0131\u011f\u0131n\u0131 ve belirli bir \u015firket i\u00e7in herhangi bir tavsiyede bulunmad\u0131\u011f\u0131m\u0131z\u0131 unutmay\u0131n.<\/em><\/p>\n<h2>TFS Handling (UK) Limited (Trident Group'un bir par\u00e7as\u0131)<\/h2>\n<p><img decoding=\"async\" src=\"https:\/\/moverdb.com\/wp-content\/uploads\/AF1QipMzS3jMHKmQ2smREuWe2wIm7nXARGnAtiycYr09w426-h240-k-no.jpg\" alt='TFS Handling (UK) Limited (Trident Group&#039;un bir par\u00e7as\u0131)' class=\"aligncenter\"><\/p>\n<p><strong>\u0130\u015fletmeden a\u00e7\u0131klama: <\/strong>A\u015fa\u011f\u0131dakiler i\u00e7in nakliye ve elle\u00e7leme hizmetleri <a href=\"https:\/\/moverdb.com\/tr\/moving-to-gibraltar\/\" data-internallinksmanager029f6b8e52c=\"431\" title=\"Cebelitar\u0131k&#039;a m\u0131 ta\u015f\u0131n\u0131yorsunuz? 2026 Ya\u015fam Maliyetleri &amp; Yer De\u011fi\u015ftirme \u0130pu\u00e7lar\u0131\">Cebelitar\u0131k<\/a>Avrupa ve \u00f6tesi de dahil olmak \u00fczere <a href=\"https:\/\/moverdb.com\/tr\/moving-to-the-uk\/\" data-internallinksmanager029f6b8e52c=\"93\" title=\"Birle\u015fik Krall\u0131k&#039;a m\u0131 ta\u015f\u0131n\u0131yorsunuz? 2026 Ya\u015fam Maliyetleri &amp; Yer De\u011fi\u015ftirme \u0130pu\u00e7lar\u0131\">BIRLE\u015eIK KRALLIK<\/a> sekt\u00f6rdeki 10 y\u0131l\u0131 a\u015fk\u0131n tecr\u00fcbesiyle toplama hizmetleri, elle\u00e7leme hizmetleri, navlun konsolidasyonu ve navlun y\u00f6netimi.<\/p>\n<p>Trident Freight Gibraltar i\u00e7in \u00f6zel elle\u00e7leme ve nakliye hizmetleri sunmak.<\/p>\n<p><strong>Ek Hizmetler:<\/strong><\/p>\n<p>G\u00fcmr\u00fck antreposu<\/p>\n<p>Lojistik hizmet<\/p>\n<p>Teslimat \u015eirketi<\/p>\n<p><strong>Adres:<\/strong> Birim 8, Elliot End\u00fcstri Park\u0131, Eastern Rd, Aldershot GU12 4TF<\/p>\n<p><a href=\"http:\/\/www.tfshandling.co.uk\/\" target=\"_new\" rel=\"noopener\">TFS Handling (UK) Limited (Trident Group'un bir par\u00e7as\u0131) web sitesi<\/a><\/p>\n<p><strong>\u0130nceleme Puan\u0131: <\/strong>4.2<br \/> <strong>Yorum Say\u0131s\u0131:<\/strong> 15<br \/><a href=\"https:\/\/www.google.co.uk\/maps?cid=6518794169491197163&#038;hl=en&#038;gl=GB\" target=\"_new\" rel=\"noopener\">Yorumlar\u0131 Oku<\/a><\/p>\n<h2>K R L<\/h2>\n<p><img decoding=\"async\" src=\"https:\/\/moverdb.com\/wp-content\/uploads\/AF1QipPffwS2BVvKUJolrrpP7WQbPmxLpeA7UHd0X2Usw408-h862-k-no.jpg\" alt='K R L' class=\"aligncenter\"><\/p>\n<p><strong>\u0130\u015fletmeden a\u00e7\u0131klama: <\/strong>Hi\u00e7biri Sa\u011flanmad\u0131<\/p>\n<p><strong>Ek Hizmetler:<\/strong><\/p>\n<p>Listelenmemi\u015f<\/p>\n<p><strong>Adres:<\/strong> 3 Eastern Rd, Aldershot GU12 4TD<\/p>\n<p><a href=\"http:\/\/www.kr-l.com\/\" target=\"_new\" rel=\"noopener\">K R L web sitesi<\/a><\/p>\n<p><strong>\u0130nceleme Puan\u0131: <\/strong>4.2<br \/> <strong>Yorum Say\u0131s\u0131:<\/strong> 20<br \/><a href=\"https:\/\/www.google.co.uk\/maps?cid=10027784705620856978&#038;hl=en&#038;gl=GB\" target=\"_new\" rel=\"noopener\">Yorumlar\u0131 Oku<\/a><\/p>\n<h2>En iyi Aldershot Nakliye \u015eirketlerini nas\u0131l se\u00e7tik<\/h2>\n<p>Google Haritalar arac\u0131l\u0131\u011f\u0131yla bulabildi\u011fimiz 3 Aldershot nakliye \u015firketinden olu\u015fan bir veri k\u00fcmesiyle ba\u015flad\u0131k ve en iyi 2'ye indirdik.<\/p>\n<p>Bunu yapmak i\u00e7in \u015fu \u015firketleri \u00e7\u0131kard\u0131k:<\/p>\n<ul>\n<li> Web sitesi yoktu<\/li>\n<li> Hi\u00e7 yorum yoktu<\/li>\n<li> Ortalama inceleme puan\u0131n\u0131n 2,0'\u0131n alt\u0131nda olmas\u0131<\/li>\n<\/ul>\n<p>Bu noktada, 17 veya daha az ileticimiz varsa hepsini listeledik.<\/p>\n<p>Elimizde 17'den fazla ileticinin kald\u0131\u011f\u0131 \u015fehirler i\u00e7in gerekli inceleme puan\u0131n\u0131 art\u0131rarak (\u00f6rne\u011fin minimum 2.0'dan 4.0'a) ve\/veya gerekli minimum inceleme say\u0131s\u0131n\u0131 art\u0131rarak (\u00f6rne\u011fin en az 1 incelemeden en az 10'a) daha fazla revizyon yapt\u0131k.<\/p>\n<p>Di\u011fer \u00fc\u00e7\u00fcnc\u00fc taraf web sitelerinden de\u011fil, yaln\u0131zca Google Haritalar'dan al\u0131nan inceleme verilerini kulland\u0131\u011f\u0131m\u0131z\u0131 unutmay\u0131n.<\/p>\n<p>Daha fazla \u015fehir:<\/p>\n<p><a href=\"https:\/\/moverdb.com\/tr\/yuk-i%cc%87leti%cc%87ci%cc%87si%cc%87\/freight-forwarding-uk\/burntwood-freight-forwarder\/\">Burntwood Nakliye \u015eirketi<\/a><br \/><a href=\"https:\/\/moverdb.com\/tr\/yuk-i%cc%87leti%cc%87ci%cc%87si%cc%87\/freight-forwarding-uk\/prescot-freight-forwarder\/\">Prescot Freight Forwarder<\/a><br \/><a href=\"https:\/\/moverdb.com\/tr\/yuk-i%cc%87leti%cc%87ci%cc%87si%cc%87\/freight-forwarding-uk\/bury-saint-edmunds-freight-forwarder\/\">Bury Saint Edmunds Freight Forwarder<\/a><br \/><a href=\"https:\/\/moverdb.com\/tr\/yuk-i%cc%87leti%cc%87ci%cc%87si%cc%87\/freight-forwarding-uk\/denny-freight-forwarder\/\">Denny Freight Forwarder<\/a><br \/><a href=\"https:\/\/moverdb.com\/tr\/yuk-i%cc%87leti%cc%87ci%cc%87si%cc%87\/freight-forwarding-uk\/bordon-freight-forwarder\/\">Bordon Freight Forwarder<\/a><\/p>","protected":false},"excerpt":{"rendered":"<p>Below we look at the 2 &#8220;best&#8221; Freight Forwarding companies in Aldershot out of 3. To learn more about how we chose the best please consult our FAQ section at the end. Please not the following listings are in no particular order and we are not making any recommendations for any particular company. TFS Handling [&hellip;]<\/p>\n","protected":false},"author":1,"featured_media":0,"parent":13427,"menu_order":0,"comment_status":"open","ping_status":"open","template":"","meta":{"_genesis_hide_title":false,"_genesis_hide_breadcrumbs":false,"_genesis_hide_singular_image":false,"_genesis_hide_footer_widgets":false,"_genesis_custom_body_class":"","_genesis_custom_post_class":"","_genesis_layout":"","footnotes":""},"class_list":{"0":"post-14104","1":"page","2":"type-page","3":"status-publish","5":"entry"},"_links":{"self":[{"href":"https:\/\/moverdb.com\/tr\/wp-json\/wp\/v2\/pages\/14104","targetHints":{"allow":["GET"]}}],"collection":[{"href":"https:\/\/moverdb.com\/tr\/wp-json\/wp\/v2\/pages"}],"about":[{"href":"https:\/\/moverdb.com\/tr\/wp-json\/wp\/v2\/types\/page"}],"author":[{"embeddable":true,"href":"https:\/\/moverdb.com\/tr\/wp-json\/wp\/v2\/users\/1"}],"replies":[{"embeddable":true,"href":"https:\/\/moverdb.com\/tr\/wp-json\/wp\/v2\/comments?post=14104"}],"version-history":[{"count":1,"href":"https:\/\/moverdb.com\/tr\/wp-json\/wp\/v2\/pages\/14104\/revisions"}],"predecessor-version":[{"id":15702,"href":"https:\/\/moverdb.com\/tr\/wp-json\/wp\/v2\/pages\/14104\/revisions\/15702"}],"up":[{"embeddable":true,"href":"https:\/\/moverdb.com\/tr\/wp-json\/wp\/v2\/pages\/13427"}],"wp:attachment":[{"href":"https:\/\/moverdb.com\/tr\/wp-json\/wp\/v2\/media?parent=14104"}],"curies":[{"name":"wp","href":"https:\/\/api.w.org\/{rel}","templated":true}]}}