{"id":14055,"date":"2023-11-08T15:54:18","date_gmt":"2023-11-08T15:54:18","guid":{"rendered":"https:\/\/moverdb.com\/freight-forwarder\/freight-forwarding-uk\/solihull-freight-forwarder\/"},"modified":"2026-01-08T14:58:33","modified_gmt":"2026-01-08T14:58:33","slug":"solihull-freight-forwarder","status":"publish","type":"page","link":"https:\/\/moverdb.com\/tr\/freight-forwarder\/freight-forwarding-uk\/solihull-freight-forwarder\/","title":{"rendered":"2 En \u0130yi Solihull Nakliye \u015eirketleri (2024)"},"content":{"rendered":"<p>A\u015fa\u011f\u0131da 2'sine bak\u0131yoruz <em>\"en iyi\"<\/em> Solihull'daki Freight Forwarding \u015firketleri 5 \u00fczerinden.<\/p>\n<p>En iyiyi nas\u0131l se\u00e7ti\u011fimiz hakk\u0131nda daha fazla bilgi edinmek i\u00e7in l\u00fctfen sondaki SSS b\u00f6l\u00fcm\u00fcm\u00fcze bak\u0131n.<\/p>\n<p><em>L\u00fctfen a\u015fa\u011f\u0131daki listelerin belirli bir s\u0131rada olmad\u0131\u011f\u0131n\u0131 ve belirli bir \u015firket i\u00e7in herhangi bir tavsiyede bulunmad\u0131\u011f\u0131m\u0131z\u0131 unutmay\u0131n.<\/em><\/p>\n<h2>Harborside Lojistik Ltd<\/h2>\n<p><img decoding=\"async\" src=\"https:\/\/moverdb.com\/wp-content\/uploads\/thumbnailpanoidAcNIxxa0qEAJmXaL-kbXiAcb_clientsearch.gws-prod.gpsw408h240yaw80.jpg\" alt='Harborside Lojistik Ltd' class=\"aligncenter\"><\/p>\n<p><strong>\u0130\u015fletmeden a\u00e7\u0131klama: <\/strong>Hi\u00e7biri Sa\u011flanmad\u0131<\/p>\n<p><strong>Ek Hizmetler:<\/strong><\/p>\n<p>Listelenmemi\u015f<\/p>\n<p><strong>Adres:<\/strong> Hockley Court, 2401 Stratford Road 2, Hockley Heath, Solihull B94 6NW<\/p>\n<p><a href=\"https:\/\/harborsidelogistics.com\/\" target=\"_new\" rel=\"noopener\">Harborside Logistics Ltd web sitesi<\/a><\/p>\n<p><strong>\u0130nceleme Puan\u0131: <\/strong>5<br \/> <strong>Yorum Say\u0131s\u0131:<\/strong> 1<br \/><a href=\"https:\/\/www.google.co.uk\/maps?cid=10590563758056225346&#038;hl=en&#038;gl=GB\" target=\"_new\" rel=\"noopener\">Yorumlar\u0131 Oku<\/a><\/p>\n<h2>Rohlig UK Ltd<\/h2>\n<p><img decoding=\"async\" src=\"https:\/\/moverdb.com\/wp-content\/uploads\/AF1QipPta5tI0CEGVo2HkHXS6EtGyY58nQSjP148cKS4w408-h272-k-no.jpg\" alt='Rohlig UK Ltd' class=\"aligncenter\"><\/p>\n<p><strong>\u0130\u015fletmeden a\u00e7\u0131klama: <\/strong>Hi\u00e7biri Sa\u011flanmad\u0131<\/p>\n<p><strong>Ek Hizmetler:<\/strong><\/p>\n<p>Depo<\/p>\n<p><strong>Adres:<\/strong> Unit 620 Solar Park, Highlands Road, Solihull B90 4SH<\/p>\n<p><a href=\"https:\/\/www.rohlig.com\/\" target=\"_new\" rel=\"noopener\">Rohlig UK Ltd web sitesi<\/a><\/p>\n<p><strong>\u0130nceleme Puan\u0131: <\/strong>4.1<br \/> <strong>Yorum Say\u0131s\u0131:<\/strong> 17<br \/><a href=\"https:\/\/www.google.co.uk\/maps?cid=15861657556003890055&#038;hl=en&#038;gl=GB\" target=\"_new\" rel=\"noopener\">Yorumlar\u0131 Oku<\/a><\/p>\n<h2>En iyi Solihull Nakliye \u015eirketlerini nas\u0131l se\u00e7tik<\/h2>\n<p>Google Haritalar arac\u0131l\u0131\u011f\u0131yla bulabildi\u011fimiz 5 Solihull nakliye \u015firketinden olu\u015fan bir veri k\u00fcmesiyle ba\u015flad\u0131k ve en iyi 2'ye indirdik.<\/p>\n<p>Bunu yapmak i\u00e7in \u015fu \u015firketleri \u00e7\u0131kard\u0131k:<\/p>\n<ul>\n<li> Web sitesi yoktu<\/li>\n<li> Hi\u00e7 yorum yoktu<\/li>\n<li> Ortalama inceleme puan\u0131n\u0131n 2,0'\u0131n alt\u0131nda olmas\u0131<\/li>\n<\/ul>\n<p>Bu noktada, 17 veya daha az ileticimiz varsa hepsini listeledik.<\/p>\n<p>Elimizde 17'den fazla ileticinin kald\u0131\u011f\u0131 \u015fehirler i\u00e7in gerekli inceleme puan\u0131n\u0131 art\u0131rarak (\u00f6rne\u011fin minimum 2.0'dan 4.0'a) ve\/veya gerekli minimum inceleme say\u0131s\u0131n\u0131 art\u0131rarak (\u00f6rne\u011fin en az 1 incelemeden en az 10'a) daha fazla revizyon yapt\u0131k.<\/p>\n<p>Di\u011fer \u00fc\u00e7\u00fcnc\u00fc taraf web sitelerinden de\u011fil, yaln\u0131zca Google Haritalar'dan al\u0131nan inceleme verilerini kulland\u0131\u011f\u0131m\u0131z\u0131 unutmay\u0131n.<\/p>\n<p>Daha fazla \u015fehir:<\/p>\n<p><a href=\"https:\/\/moverdb.com\/tr\/yuk-i%cc%87leti%cc%87ci%cc%87si%cc%87\/freight-forwarding-uk\/cleckheaton-freight-forwarder\/\">Cleckheaton Freight Forwarder<\/a><br \/><a href=\"https:\/\/moverdb.com\/tr\/yuk-i%cc%87leti%cc%87ci%cc%87si%cc%87\/freight-forwarding-uk\/stanford-le-hope-freight-forwarder\/\">Stanford-le-Hope Freight Forwarder<\/a><br \/><a href=\"https:\/\/moverdb.com\/tr\/yuk-i%cc%87leti%cc%87ci%cc%87si%cc%87\/freight-forwarding-uk\/norwich-freight-forwarder\/\">Norwich Freight Forwarder<\/a><br \/><a href=\"https:\/\/moverdb.com\/tr\/yuk-i%cc%87leti%cc%87ci%cc%87si%cc%87\/freight-forwarding-uk\/sunderland-freight-forwarder\/\">Sunderland Nakliye \u015eirketi<\/a><br \/><a href=\"https:\/\/moverdb.com\/tr\/yuk-i%cc%87leti%cc%87ci%cc%87si%cc%87\/freight-forwarding-uk\/berkshire-freight-forwarder\/\">Berkshire Freight Forwarder<\/a><\/p>","protected":false},"excerpt":{"rendered":"<p>Below we look at the 2 &#8220;best&#8221; Freight Forwarding companies in Solihull out of 5. To learn more about how we chose the best please consult our FAQ section at the end. Please not the following listings are in no particular order and we are not making any recommendations for any particular company. Harborside Logistics [&hellip;]<\/p>\n","protected":false},"author":1,"featured_media":0,"parent":13427,"menu_order":0,"comment_status":"open","ping_status":"open","template":"","meta":{"_genesis_hide_title":false,"_genesis_hide_breadcrumbs":false,"_genesis_hide_singular_image":false,"_genesis_hide_footer_widgets":false,"_genesis_custom_body_class":"","_genesis_custom_post_class":"","_genesis_layout":"","footnotes":""},"class_list":{"0":"post-14055","1":"page","2":"type-page","3":"status-publish","5":"entry"},"_links":{"self":[{"href":"https:\/\/moverdb.com\/tr\/wp-json\/wp\/v2\/pages\/14055","targetHints":{"allow":["GET"]}}],"collection":[{"href":"https:\/\/moverdb.com\/tr\/wp-json\/wp\/v2\/pages"}],"about":[{"href":"https:\/\/moverdb.com\/tr\/wp-json\/wp\/v2\/types\/page"}],"author":[{"embeddable":true,"href":"https:\/\/moverdb.com\/tr\/wp-json\/wp\/v2\/users\/1"}],"replies":[{"embeddable":true,"href":"https:\/\/moverdb.com\/tr\/wp-json\/wp\/v2\/comments?post=14055"}],"version-history":[{"count":1,"href":"https:\/\/moverdb.com\/tr\/wp-json\/wp\/v2\/pages\/14055\/revisions"}],"predecessor-version":[{"id":15747,"href":"https:\/\/moverdb.com\/tr\/wp-json\/wp\/v2\/pages\/14055\/revisions\/15747"}],"up":[{"embeddable":true,"href":"https:\/\/moverdb.com\/tr\/wp-json\/wp\/v2\/pages\/13427"}],"wp:attachment":[{"href":"https:\/\/moverdb.com\/tr\/wp-json\/wp\/v2\/media?parent=14055"}],"curies":[{"name":"wp","href":"https:\/\/api.w.org\/{rel}","templated":true}]}}