{"id":14043,"date":"2023-11-08T15:54:18","date_gmt":"2023-11-08T15:54:18","guid":{"rendered":"https:\/\/moverdb.com\/freight-forwarder\/freight-forwarding-uk\/wembley-freight-forwarder\/"},"modified":"2026-01-08T14:58:43","modified_gmt":"2026-01-08T14:58:43","slug":"wembley-freight-forwarder","status":"publish","type":"page","link":"https:\/\/moverdb.com\/tr\/freight-forwarder\/freight-forwarding-uk\/wembley-freight-forwarder\/","title":{"rendered":"2 En \u0130yi Wembley Freight Forwarding \u015eirketleri (2024)"},"content":{"rendered":"<p>A\u015fa\u011f\u0131da 2'sine bak\u0131yoruz <em>\"en iyi\"<\/em> Wembley'deki Freight Forwarding \u015firketleri 8 \u00fczerinden.<\/p>\n<p>En iyiyi nas\u0131l se\u00e7ti\u011fimiz hakk\u0131nda daha fazla bilgi edinmek i\u00e7in l\u00fctfen sondaki SSS b\u00f6l\u00fcm\u00fcm\u00fcze bak\u0131n.<\/p>\n<p><em>L\u00fctfen a\u015fa\u011f\u0131daki listelerin belirli bir s\u0131rada olmad\u0131\u011f\u0131n\u0131 ve belirli bir \u015firket i\u00e7in herhangi bir tavsiyede bulunmad\u0131\u011f\u0131m\u0131z\u0131 unutmay\u0131n.<\/em><\/p>\n<h2>Air Cargo Global Kenya (www.Kenya-AirCargo.com)<\/h2>\n<p><img decoding=\"async\" src=\"https:\/\/moverdb.com\/wp-content\/uploads\/AF1QipOJY_kDodVzmgJtYC-sWixwmPVY3CyvwDW6i-MZw426-h240-k-no.jpg\" alt='Air Cargo Global Kenya (www.Kenya-AirCargo.com)' class=\"aligncenter\"><\/p>\n<p><strong>\u0130\u015fletmeden a\u00e7\u0131klama: <\/strong>Air Cargo Global'de <a href=\"https:\/\/moverdb.com\/tr\/moving-companies\/moving-companies-kenya\/\" data-internallinksmanager029f6b8e52c=\"305\" title=\"Kenya&#039;daki En \u0130yi 4 Uluslararas\u0131 Nakliye \u015eirketi\">Kenya<\/a> Kenya'ya uygun maliyetli ve g\u00fcvenli lider bir nakliye hizmeti sunuyoruz.<\/p>\n<p> Personel e\u015fyalar\u0131n\u0131z, online al\u0131\u015fveri\u015fleriniz, fazla bagajlar\u0131n\u0131z veya ticari kargolar\u0131n\u0131z i\u00e7in ister hava kargosu ister deniz kargosuna ihtiyac\u0131n\u0131z olsun, Kenya'ya kap\u0131dan kap\u0131ya nakliye hizmeti sunmaktan gurur duyuyoruz.<\/p>\n<p>Biz teklif ediyoruz:<\/p>\n<p>Kenya'ya Kargo<br \/>\nZimbabve'ye kargo<br \/>\nUganda'ya Kargo<br \/>\nSomali'ye Kargo<br \/>\nAfrika'ya Kargo<br \/>\nRuanda'ya Kargo<br \/>\nAngola'ya Hava Kargo<br \/>\nHava Kargo <a href=\"https:\/\/moverdb.com\/tr\/moving-companies\/burkina-faso-moving-companies\/\" data-internallinksmanager029f6b8e52c=\"221\" title=\"Burkina Faso&#039;daki En \u0130yi Uluslararas\u0131 Nakliye \u015eirketleri\">Burkina Faso<\/a><br \/>\nBenin'e Hava Kargo<br \/>\nHava Kargo <a href=\"https:\/\/moverdb.com\/tr\/moving-companies\/botswana-moving-companies\/\" data-internallinksmanager029f6b8e52c=\"167\" title=\"Botsvana&#039;daki En \u0130yi Uluslararas\u0131 Nakliye \u015eirketleri\">Botsvana<\/a><br \/>\nOrta Afrika Cumhuriyeti'ne Hava Kargo<br \/>\nFildi\u015fi Sahili'ne Hava Kargo<br \/>\nHava Kargo <a href=\"https:\/\/moverdb.com\/tr\/moving-companies\/cameroon-moving-companies\/\" data-internallinksmanager029f6b8e52c=\"222\" title=\"Kamerun&#039;daki En \u0130yi Uluslararas\u0131 Nakliye \u015eirketleri\">Kamerun<\/a><br \/>\nHava Kargo <a href=\"https:\/\/moverdb.com\/tr\/moving-companies\/algeria\/\" data-internallinksmanager029f6b8e52c=\"166\" title=\"Cezayir&#039;deki En \u0130yi 3 Uluslararas\u0131 Nakliye \u015eirketi\">Cezayir<\/a><br \/>\nHava Kargo <a href=\"https:\/\/moverdb.com\/tr\/moving-companies\/egypt-moving-companies\/\" data-internallinksmanager029f6b8e52c=\"200\" title=\"M\u0131s\u0131r&#039;daki En \u0130yi 11 Uluslararas\u0131 Nakliye \u015eirketi\">M\u0131s\u0131r<\/a><br \/>\nBat\u0131 Sahra'ya Hava Kargo<br \/>\nHava Kargo <a href=\"https:\/\/moverdb.com\/tr\/moving-companies\/moving-companies-ethiopia\/\" data-internallinksmanager029f6b8e52c=\"214\" title=\"Etiyopya&#039;daki En \u0130yi 5 Uluslararas\u0131 Nakliye \u015eirketi\">Etiyopya<\/a><br \/>\nGabon'a Hava Kargo<br \/>\nHava Kargo <a href=\"https:\/\/moverdb.com\/tr\/moving-companies\/moving-companies-ghana\/\" data-internallinksmanager029f6b8e52c=\"228\" title=\"Gana&#039;daki En \u0130yi 2 Uluslararas\u0131 Nakliye \u015eirketi\">Gana<\/a><br \/>\nGambiya'ya Hava Kargo<\/p>\n<p><strong>Ek Hizmetler:<\/strong><\/p>\n<p>Kurye hizmeti<\/p>\n<p><strong>Adres:<\/strong> Wembley Park \u0130\u015f Merkezi, Access, First Way, Wembley HA9 0JD<\/p>\n<p><a href=\"http:\/\/www.kenya-aircargo.com\/\" target=\"_new\" rel=\"noopener\">Air Cargo Global Kenya (www.Kenya-AirCargo.com) web sitesi<\/a><\/p>\n<p><strong>\u0130nceleme Puan\u0131: <\/strong>4.3<br \/> <strong>Yorum Say\u0131s\u0131:<\/strong> 11<br \/><a href=\"https:\/\/www.google.co.uk\/maps?cid=18136524815790858633&#038;hl=en&#038;gl=GB\" target=\"_new\" rel=\"noopener\">Yorumlar\u0131 Oku<\/a><\/p>\n<h2>Arab Africa Cargo Ltd (DHL Express, Orta Do\u011fu, Afrika'ya Kargo)<\/h2>\n<p><img decoding=\"async\" src=\"https:\/\/moverdb.com\/wp-content\/uploads\/AF1QipMecEC7NKx9s8WtQBwD4kH-jRmke_zzboxdmd5-w648-h240-k-no.jpg\" alt='Arab Africa Cargo Ltd (DHL Express, Orta Do\u011fu, Afrika&#039;ya Kargo)' class=\"aligncenter\"><\/p>\n<p><strong>\u0130\u015fletmeden a\u00e7\u0131klama: <\/strong>Arap Afrika kargo, h\u0131zl\u0131 ve g\u00fcvenli hava ta\u015f\u0131mac\u0131l\u0131\u011f\u0131 ve DHL Express hizmetleri sunmaktad\u0131r. <a href=\"https:\/\/moverdb.com\/tr\/moving-to-the-uk\/\" data-internallinksmanager029f6b8e52c=\"93\" title=\"Birle\u015fik Krall\u0131k&#039;a m\u0131 ta\u015f\u0131n\u0131yorsunuz? 2026 Ya\u015fam Maliyetleri &amp; Yer De\u011fi\u015ftirme \u0130pu\u00e7lar\u0131\">BIRLE\u015eIK KRALLIK<\/a> ve Avrupa'dan Orta Do\u011fu, Afrika, Asya ve d\u00fcnyan\u0131n geri kalan\u0131na kadar uzanmaktad\u0131r.<\/p>\n<p> Ekspres ve direkt dahil olmak \u00fczere t\u00fcm g\u00fczergahlarda tamamen kapsay\u0131c\u0131 bir hizmet yelpazesi sunuyoruz.<\/p>\n<p> Bununla birlikte, zaman\u0131n elvermedi\u011fi durumlarda, maliyeti son teslim tarihleriyle uyumlu hale getirmek i\u00e7in ertelenmi\u015f ve konsolide hizmetler gibi alternatif \u00e7\u00f6z\u00fcmler de sunabiliyoruz.<\/p>\n<p>\u0130ster fazla bagaj ister paletler olsun, m\u00fc\u015fterilerimizin ki\u015fisel ve ticari kargolar\u0131n\u0131 hava ta\u015f\u0131mac\u0131l\u0131\u011f\u0131 yoluyla d\u00fcnyan\u0131n geri kalan\u0131na ta\u015f\u0131malar\u0131na yard\u0131mc\u0131 oluyoruz.<\/p>\n<p>+442030027757<\/p>\n<p><strong>Ek Hizmetler:<\/strong><\/p>\n<p>Kurye hizmeti<\/p>\n<p><strong>Adres:<\/strong> Access \u0130\u015f Merkezi, First Way, Wembley HA9 0JD<\/p>\n<p><a href=\"http:\/\/arabafricacargo.com\/\" target=\"_new\" rel=\"noopener\">Arab Africa Cargo Ltd (DHL Express, Orta Do\u011fu, Afrika'ya Kargo) web sitesi<\/a><\/p>\n<p><strong>\u0130nceleme Puan\u0131: <\/strong>4.5<br \/> <strong>Yorum Say\u0131s\u0131:<\/strong> 8<br \/><a href=\"https:\/\/www.google.co.uk\/maps?cid=2013360732440905948&#038;hl=en&#038;gl=GB\" target=\"_new\" rel=\"noopener\">Yorumlar\u0131 Oku<\/a><\/p>\n<h2>En iyi Wembley Freight Forwarding \u015eirketlerini nas\u0131l se\u00e7tik<\/h2>\n<p>Google Haritalar arac\u0131l\u0131\u011f\u0131yla bulabildi\u011fimiz 8 Wembley nakliye \u015firketinden olu\u015fan bir veri k\u00fcmesiyle ba\u015flad\u0131k ve en iyi 2'ye indirdik.<\/p>\n<p>Bunu yapmak i\u00e7in \u015fu \u015firketleri \u00e7\u0131kard\u0131k:<\/p>\n<ul>\n<li> Web sitesi yoktu<\/li>\n<li> Hi\u00e7 yorum yoktu<\/li>\n<li> Ortalama inceleme puan\u0131n\u0131n 2,0'\u0131n alt\u0131nda olmas\u0131<\/li>\n<\/ul>\n<p>Bu noktada, 17 veya daha az ileticimiz varsa hepsini listeledik.<\/p>\n<p>Elimizde 17'den fazla ileticinin kald\u0131\u011f\u0131 \u015fehirler i\u00e7in gerekli inceleme puan\u0131n\u0131 art\u0131rarak (\u00f6rne\u011fin minimum 2.0'dan 4.0'a) ve\/veya gerekli minimum inceleme say\u0131s\u0131n\u0131 art\u0131rarak (\u00f6rne\u011fin en az 1 incelemeden en az 10'a) daha fazla revizyon yapt\u0131k.<\/p>\n<p>Di\u011fer \u00fc\u00e7\u00fcnc\u00fc taraf web sitelerinden de\u011fil, yaln\u0131zca Google Haritalar'dan al\u0131nan inceleme verilerini kulland\u0131\u011f\u0131m\u0131z\u0131 unutmay\u0131n.<\/p>\n<p>Daha fazla \u015fehir:<\/p>\n<p><a href=\"https:\/\/moverdb.com\/tr\/yuk-i%cc%87leti%cc%87ci%cc%87si%cc%87\/freight-forwarding-uk\/hockley-freight-forwarder\/\">Hockley Freight Forwarder<\/a><br \/><a href=\"https:\/\/moverdb.com\/tr\/yuk-i%cc%87leti%cc%87ci%cc%87si%cc%87\/freight-forwarding-uk\/fareham-freight-forwarder\/\">Fareham Freight Forwarder<\/a><br \/><a href=\"https:\/\/moverdb.com\/tr\/yuk-i%cc%87leti%cc%87ci%cc%87si%cc%87\/freight-forwarding-uk\/normanton-freight-forwarder\/\">Normanton Freight Forwarder<\/a><br \/><a href=\"https:\/\/moverdb.com\/tr\/yuk-i%cc%87leti%cc%87ci%cc%87si%cc%87\/freight-forwarding-uk\/solihull-freight-forwarder\/\">Solihull Freight Forwarder<\/a><br \/><a href=\"https:\/\/moverdb.com\/tr\/yuk-i%cc%87leti%cc%87ci%cc%87si%cc%87\/freight-forwarding-uk\/cleckheaton-freight-forwarder\/\">Cleckheaton Freight Forwarder<\/a><\/p>","protected":false},"excerpt":{"rendered":"<p>Below we look at the 2 &#8220;best&#8221; Freight Forwarding companies in Wembley out of 8. To learn more about how we chose the best please consult our FAQ section at the end. Please not the following listings are in no particular order and we are not making any recommendations for any particular company. Air Cargo [&hellip;]<\/p>\n","protected":false},"author":1,"featured_media":0,"parent":13427,"menu_order":0,"comment_status":"open","ping_status":"open","template":"","meta":{"_genesis_hide_title":false,"_genesis_hide_breadcrumbs":false,"_genesis_hide_singular_image":false,"_genesis_hide_footer_widgets":false,"_genesis_custom_body_class":"","_genesis_custom_post_class":"","_genesis_layout":"","footnotes":""},"class_list":{"0":"post-14043","1":"page","2":"type-page","3":"status-publish","5":"entry"},"_links":{"self":[{"href":"https:\/\/moverdb.com\/tr\/wp-json\/wp\/v2\/pages\/14043","targetHints":{"allow":["GET"]}}],"collection":[{"href":"https:\/\/moverdb.com\/tr\/wp-json\/wp\/v2\/pages"}],"about":[{"href":"https:\/\/moverdb.com\/tr\/wp-json\/wp\/v2\/types\/page"}],"author":[{"embeddable":true,"href":"https:\/\/moverdb.com\/tr\/wp-json\/wp\/v2\/users\/1"}],"replies":[{"embeddable":true,"href":"https:\/\/moverdb.com\/tr\/wp-json\/wp\/v2\/comments?post=14043"}],"version-history":[{"count":1,"href":"https:\/\/moverdb.com\/tr\/wp-json\/wp\/v2\/pages\/14043\/revisions"}],"predecessor-version":[{"id":15756,"href":"https:\/\/moverdb.com\/tr\/wp-json\/wp\/v2\/pages\/14043\/revisions\/15756"}],"up":[{"embeddable":true,"href":"https:\/\/moverdb.com\/tr\/wp-json\/wp\/v2\/pages\/13427"}],"wp:attachment":[{"href":"https:\/\/moverdb.com\/tr\/wp-json\/wp\/v2\/media?parent=14043"}],"curies":[{"name":"wp","href":"https:\/\/api.w.org\/{rel}","templated":true}]}}