{"id":14001,"date":"2023-11-08T15:53:54","date_gmt":"2023-11-08T15:53:54","guid":{"rendered":"https:\/\/moverdb.com\/freight-forwarder\/freight-forwarding-uk\/middlesbrough-freight-forwarder\/"},"modified":"2026-01-08T13:17:38","modified_gmt":"2026-01-08T13:17:38","slug":"middlesbrough-freight-forwarder","status":"publish","type":"page","link":"https:\/\/moverdb.com\/tr\/freight-forwarder\/freight-forwarding-uk\/middlesbrough-freight-forwarder\/","title":{"rendered":"3 En \u0130yi Middlesbrough Nakliye \u015eirketleri (2024)"},"content":{"rendered":"<p>A\u015fa\u011f\u0131da 3 tanesine bakaca\u011f\u0131z <em>\"en iyi\"<\/em> Middlesbrough'daki Freight Forwarding \u015firketleri 6 \u00fczerinden.<\/p>\n<p>En iyiyi nas\u0131l se\u00e7ti\u011fimiz hakk\u0131nda daha fazla bilgi edinmek i\u00e7in l\u00fctfen sondaki SSS b\u00f6l\u00fcm\u00fcm\u00fcze bak\u0131n.<\/p>\n<p><em>L\u00fctfen a\u015fa\u011f\u0131daki listelerin belirli bir s\u0131rada olmad\u0131\u011f\u0131n\u0131 ve belirli bir \u015firket i\u00e7in herhangi bir tavsiyede bulunmad\u0131\u011f\u0131m\u0131z\u0131 unutmay\u0131n.<\/em><\/p>\n<div id=\"ez-toc-container\" class=\"ez-toc-v2_0_82_2 ez-toc-wrap-left counter-hierarchy ez-toc-counter ez-toc-transparent ez-toc-container-direction\">\n<div class=\"ez-toc-title-container\">\n<p class=\"ez-toc-title\" style=\"cursor:inherit\">B\u00f6l\u00fcmler<\/p>\n<span class=\"ez-toc-title-toggle\"><a href=\"#\" class=\"ez-toc-pull-right ez-toc-btn ez-toc-btn-xs ez-toc-btn-default ez-toc-toggle\" aria-label=\"\u0130\u00e7indekiler Tablosunu A\u00e7\/Kapat\"><span class=\"ez-toc-js-icon-con\"><span class=\"\"><span class=\"eztoc-hide\" style=\"display:none;\">Ge\u00e7i\u015f<\/span><span class=\"ez-toc-icon-toggle-span\"><svg style=\"fill: #999;color:#999\" xmlns=\"http:\/\/www.w3.org\/2000\/svg\" class=\"list-377408\" width=\"20px\" height=\"20px\" viewbox=\"0 0 24 24\" fill=\"none\"><path d=\"M6 6H4v2h2V6zm14 0H8v2h12V6zM4 11h2v2H4v-2zm16 0H8v2h12v-2zM4 16h2v2H4v-2zm16 0H8v2h12v-2z\" fill=\"currentColor\"><\/path><\/svg><svg style=\"fill: #999;color:#999\" class=\"arrow-unsorted-368013\" xmlns=\"http:\/\/www.w3.org\/2000\/svg\" width=\"10px\" height=\"10px\" viewbox=\"0 0 24 24\" version=\"1.2\" baseprofile=\"tiny\"><path d=\"M18.2 9.3l-6.2-6.3-6.2 6.3c-.2.2-.3.4-.3.7s.1.5.3.7c.2.2.4.3.7.3h11c.3 0 .5-.1.7-.3.2-.2.3-.5.3-.7s-.1-.5-.3-.7zM5.8 14.7l6.2 6.3 6.2-6.3c.2-.2.3-.5.3-.7s-.1-.5-.3-.7c-.2-.2-.4-.3-.7-.3h-11c-.3 0-.5.1-.7.3-.2.2-.3.5-.3.7s.1.5.3.7z\"\/><\/svg><\/span><\/span><\/span><\/a><\/span><\/div>\n<nav><ul class='ez-toc-list ez-toc-list-level-1 eztoc-toggle-hide-by-default' ><li class='ez-toc-page-1 ez-toc-heading-level-2'><a class=\"ez-toc-link ez-toc-heading-1\" href=\"https:\/\/moverdb.com\/tr\/freight-forwarder\/freight-forwarding-uk\/middlesbrough-freight-forwarder\/#InstaCargo_Ltd\" >InstaCargo Ltd<\/a><\/li><li class='ez-toc-page-1 ez-toc-heading-level-2'><a class=\"ez-toc-link ez-toc-heading-2\" href=\"https:\/\/moverdb.com\/tr\/freight-forwarder\/freight-forwarding-uk\/middlesbrough-freight-forwarder\/#Evolution_Forwarding\" >Evrim Y\u00f6nlendirme<\/a><\/li><li class='ez-toc-page-1 ez-toc-heading-level-2'><a class=\"ez-toc-link ez-toc-heading-3\" href=\"https:\/\/moverdb.com\/tr\/freight-forwarder\/freight-forwarding-uk\/middlesbrough-freight-forwarder\/#Johnson_Partners_Ltd\" >Johnson Partners Ltd<\/a><\/li><li class='ez-toc-page-1 ez-toc-heading-level-2'><a class=\"ez-toc-link ez-toc-heading-4\" href=\"https:\/\/moverdb.com\/tr\/freight-forwarder\/freight-forwarding-uk\/middlesbrough-freight-forwarder\/#How_we_picked_the_best_Middlesbrough_Freight_Forwarding_Companies\" >En iyi Middlesbrough Freight Forwarding \u015eirketlerini nas\u0131l se\u00e7tik?<\/a><\/li><\/ul><\/nav><\/div>\n<h2><span class=\"ez-toc-section\" id=\"InstaCargo_Ltd\"><\/span>InstaCargo Ltd<span class=\"ez-toc-section-end\"><\/span><\/h2>\n<p><img decoding=\"async\" src=\"https:\/\/moverdb.com\/wp-content\/uploads\/thumbnailpanoidBdnaOper1igm1iTb8bZB7Acb_clientsearch.gws-prod.gpsw408h240yaw39.jpg\" alt='InstaCargo Ltd' class=\"aligncenter\"><\/p>\n<p><strong>\u0130\u015fletmeden a\u00e7\u0131klama: <\/strong>InstaCargo Ltd'de, HERHANG\u0130 B\u0130R \u015eEY i\u00e7in HERHANG\u0130 B\u0130R YERDE, HERKESE lojistik hizmetler sunmaya kararl\u0131y\u0131z!<br \/>\nHERKES<br \/>\n\u0130ster b\u00fcy\u00fck bir kurulu\u015f ister k\u00fc\u00e7\u00fck bir i\u015fletme olun, ister yeni ba\u015fl\u0131yor olun ister tek seferlik bir sevkiyat\u0131n\u0131z olsun, ileti\u015fime ge\u00e7in <a href=\"https:\/\/moverdb.com\/tr\/moving-to-the-united-states\/\" data-internallinksmanager029f6b8e52c=\"94\" title=\"Amerika Birle\u015fik Devletleri&#039;ne mi ta\u015f\u0131n\u0131yorsunuz? 2026 Ya\u015fam Maliyetleri ve Yer De\u011fi\u015ftirme \u0130pu\u00e7lar\u0131\">Biz<\/a>.<\/p>\n<p> Sizin i\u00e7in se\u00e7eneklerimiz var!<br \/>\nHERHANG\u0130 B\u0130R YERDE<br \/>\nHi\u00e7bir yer s\u0131n\u0131rlar\u0131n d\u0131\u015f\u0131nda de\u011fildir.<\/p>\n<p> K\u00fcresel ba\u011flant\u0131lar\u0131m\u0131z t\u00fcm tahsilat ve teslimatlar\u0131 m\u00fcmk\u00fcn k\u0131lmaktad\u0131r.<\/p>\n<p>HERHANG\u0130 B\u0130R \u015eEY<br \/>\nK\u00fc\u00e7\u00fck kurye paketlerinden \u00f6l\u00e7\u00fc d\u0131\u015f\u0131, proje y\u00fckleri, konteyner g\u00f6nderileri ve ekspres ta\u015f\u0131mac\u0131l\u0131\u011fa kadar, yard\u0131m etmekten mutluluk duyarak burada bekliyoruz!<\/p>\n<p><strong>Ek Hizmetler:<\/strong><\/p>\n<p>Listelenmemi\u015f<\/p>\n<p><strong>Adres:<\/strong> Unit 3A High Force Rd, Riverside Park Industrial Estate, Middlesbrough TS2 1RH<\/p>\n<p><a href=\"http:\/\/www.instacargoltd.co.uk\/\" target=\"_new\" rel=\"noopener\">InstaCargo Ltd web sitesi<\/a><\/p>\n<p><strong>\u0130nceleme Puan\u0131: <\/strong>5<br \/> <strong>Yorum Say\u0131s\u0131:<\/strong> 3<br \/><a href=\"https:\/\/www.google.co.uk\/maps?cid=543061409013876172&#038;hl=en&#038;gl=GB\" target=\"_new\" rel=\"noopener\">Yorumlar\u0131 Oku<\/a><\/p>\n<h2><span class=\"ez-toc-section\" id=\"Evolution_Forwarding\"><\/span>Evrim Y\u00f6nlendirme<span class=\"ez-toc-section-end\"><\/span><\/h2>\n<p><img decoding=\"async\" src=\"https:\/\/moverdb.com\/wp-content\/uploads\/AF1QipNuCGpKcw506tRyB0Uk8-31EOk0wcVd0SSwcQHBw408-h544-k-no.jpg\" alt='Evrim Y\u00f6nlendirme' class=\"aligncenter\"><\/p>\n<p><strong>\u0130\u015fletmeden a\u00e7\u0131klama: <\/strong>Hi\u00e7biri Sa\u011flanmad\u0131<\/p>\n<p><strong>Ek Hizmetler:<\/strong><\/p>\n<p>Uluslararas\u0131 ticaret dan\u0131\u015fman\u0131<\/p>\n<p>Paketleme y\u00fcklenicileri ve hizmetleri<\/p>\n<p>Ambalaj Malzemeleri Ma\u011fazas\u0131<\/p>\n<p>Teslimat \u015eirketi<\/p>\n<p>Ula\u015f\u0131m hizmeti<\/p>\n<p><strong>Adres:<\/strong> Skippers Lane Sanayi Sitesi, 37 Metcalfe Rd, Middlesbrough TS6 6PT<\/p>\n<p><a href=\"http:\/\/www.evolutionforwarding.com\/\" target=\"_new\" rel=\"noopener\">Evolution Forwarding web sitesi<\/a><\/p>\n<p><strong>\u0130nceleme Puan\u0131: <\/strong>5<br \/> <strong>Yorum Say\u0131s\u0131:<\/strong> 1<br \/><a href=\"https:\/\/www.google.co.uk\/maps?cid=10721676880161420298&#038;hl=en&#038;gl=GB\" target=\"_new\" rel=\"noopener\">Yorumlar\u0131 Oku<\/a><\/p>\n<h2><span class=\"ez-toc-section\" id=\"Johnson_Partners_Ltd\"><\/span>Johnson Partners Ltd<span class=\"ez-toc-section-end\"><\/span><\/h2>\n<p><img decoding=\"async\" src=\"https:\/\/moverdb.com\/wp-content\/uploads\/AF1QipMpELKdZQijzhOo-vvsfD7BqNjFLknQWjB18Tqvw408-h306-k-no.jpg\" alt='Johnson Partners Ltd' class=\"aligncenter\"><\/p>\n<p><strong>\u0130\u015fletmeden a\u00e7\u0131klama: <\/strong>2004 y\u0131l\u0131nda kurulan Johnson Partners, ki\u015fisel, profesyonel ve yetkin bir Freight Forwarding hizmeti sunma hedefiyle yola \u00e7\u0131km\u0131\u015ft\u0131r.<\/p>\n<p> T\u00fcm nakliye ve sevkiyat gereksinimleriyle ilgilenerek, m\u00fc\u015fterilerimizin ana i\u015flerine odaklanmalar\u0131n\u0131 sa\u011fl\u0131yoruz.<\/p>\n<p>Hem \u00e7ok uluslu \u015firketlerle hem de daha k\u00fc\u00e7\u00fck i\u015fletmelerle \u00e7al\u0131\u015fan m\u00fc\u015fterilerimiz, de\u011ferli kargolar\u0131n\u0131n bak\u0131m\u0131 konusunda bize g\u00fcveniyor.<\/p>\n<p> Planlama a\u015famas\u0131ndan tamamlanma a\u015famas\u0131na kadar m\u00fc\u015fterilerimizle birlikte \u00e7al\u0131\u015farak gabari d\u0131\u015f\u0131 sevkiyatlar\u0131, anormal y\u00fckleri ve Proje Kargolar\u0131n\u0131 y\u00f6netme konusunda uzmanl\u0131\u011fa sahibiz.<\/p>\n<p>#teamjpl<\/p>\n<p><strong>Ek Hizmetler:<\/strong><\/p>\n<p>Teslimat \u015eirketi<\/p>\n<p><strong>Adres:<\/strong> 7 River Court, Brighouse Business Village, Brighouse Road, Middlesbrough TS2 1RT<\/p>\n<p><a href=\"http:\/\/www.johnsonpartners.co.uk\/\" target=\"_new\" rel=\"noopener\">Johnson Partners Ltd web sitesi<\/a><\/p>\n<p><strong>\u0130nceleme Puan\u0131: <\/strong>5<br \/> <strong>Yorum Say\u0131s\u0131:<\/strong> 7<br \/><a href=\"https:\/\/www.google.co.uk\/maps?cid=17648057514071181519&#038;hl=en&#038;gl=GB\" target=\"_new\" rel=\"noopener\">Yorumlar\u0131 Oku<\/a><\/p>\n<h2><span class=\"ez-toc-section\" id=\"How_we_picked_the_best_Middlesbrough_Freight_Forwarding_Companies\"><\/span>En iyi Middlesbrough Freight Forwarding \u015eirketlerini nas\u0131l se\u00e7tik?<span class=\"ez-toc-section-end\"><\/span><\/h2>\n<p>Google Haritalar arac\u0131l\u0131\u011f\u0131yla bulabildi\u011fimiz 6 Middlesbrough nakliye \u015firketinden olu\u015fan bir veri k\u00fcmesiyle ba\u015flad\u0131k ve en iyi 3'e indirdik.<\/p>\n<p>Bunu yapmak i\u00e7in \u015fu \u015firketleri \u00e7\u0131kard\u0131k:<\/p>\n<ul>\n<li> Web sitesi yoktu<\/li>\n<li> Hi\u00e7 yorum yoktu<\/li>\n<li> Ortalama inceleme puan\u0131n\u0131n 2,0'\u0131n alt\u0131nda olmas\u0131<\/li>\n<\/ul>\n<p>Bu noktada, 17 veya daha az ileticimiz varsa hepsini listeledik.<\/p>\n<p>Elimizde 17'den fazla ileticinin kald\u0131\u011f\u0131 \u015fehirler i\u00e7in gerekli inceleme puan\u0131n\u0131 art\u0131rarak (\u00f6rne\u011fin minimum 2.0'dan 4.0'a) ve\/veya gerekli minimum inceleme say\u0131s\u0131n\u0131 art\u0131rarak (\u00f6rne\u011fin en az 1 incelemeden en az 10'a) daha fazla revizyon yapt\u0131k.<\/p>\n<p>Di\u011fer \u00fc\u00e7\u00fcnc\u00fc taraf web sitelerinden de\u011fil, yaln\u0131zca Google Haritalar'dan al\u0131nan inceleme verilerini kulland\u0131\u011f\u0131m\u0131z\u0131 unutmay\u0131n.<\/p>\n<p>Daha fazla \u015fehir:<\/p>\n<p><a href=\"https:\/\/moverdb.com\/tr\/yuk-i%cc%87leti%cc%87ci%cc%87si%cc%87\/freight-forwarding-uk\/hessle-freight-forwarder\/\">Hessle Freight Forwarder<\/a><br \/><a href=\"https:\/\/moverdb.com\/tr\/yuk-i%cc%87leti%cc%87ci%cc%87si%cc%87\/freight-forwarding-uk\/newtownabbey-freight-forwarder\/\">Newtownabbey Freight Forwarder<\/a><br \/><a href=\"https:\/\/moverdb.com\/tr\/yuk-i%cc%87leti%cc%87ci%cc%87si%cc%87\/freight-forwarding-uk\/preston-freight-forwarder\/\">Preston Freight Forwarder<\/a><br \/><a href=\"https:\/\/moverdb.com\/tr\/yuk-i%cc%87leti%cc%87ci%cc%87si%cc%87\/freight-forwarding-uk\/skelmersdale-freight-forwarder\/\">Skelmersdale Freight Forwarder<\/a><br \/><a href=\"https:\/\/moverdb.com\/tr\/yuk-i%cc%87leti%cc%87ci%cc%87si%cc%87\/freight-forwarding-uk\/walsall-freight-forwarder\/\">Walsall Nakliye \u015eirketi<\/a><\/p>","protected":false},"excerpt":{"rendered":"<p>Below we look at the 3 &#8220;best&#8221; Freight Forwarding companies in Middlesbrough out of 6. To learn more about how we chose the best please consult our FAQ section at the end. Please not the following listings are in no particular order and we are not making any recommendations for any particular company. InstaCargo Ltd [&hellip;]<\/p>\n","protected":false},"author":1,"featured_media":0,"parent":13427,"menu_order":0,"comment_status":"open","ping_status":"open","template":"","meta":{"_genesis_hide_title":false,"_genesis_hide_breadcrumbs":false,"_genesis_hide_singular_image":false,"_genesis_hide_footer_widgets":false,"_genesis_custom_body_class":"","_genesis_custom_post_class":"","_genesis_layout":"","footnotes":""},"class_list":{"0":"post-14001","1":"page","2":"type-page","3":"status-publish","5":"entry"},"_links":{"self":[{"href":"https:\/\/moverdb.com\/tr\/wp-json\/wp\/v2\/pages\/14001","targetHints":{"allow":["GET"]}}],"collection":[{"href":"https:\/\/moverdb.com\/tr\/wp-json\/wp\/v2\/pages"}],"about":[{"href":"https:\/\/moverdb.com\/tr\/wp-json\/wp\/v2\/types\/page"}],"author":[{"embeddable":true,"href":"https:\/\/moverdb.com\/tr\/wp-json\/wp\/v2\/users\/1"}],"replies":[{"embeddable":true,"href":"https:\/\/moverdb.com\/tr\/wp-json\/wp\/v2\/comments?post=14001"}],"version-history":[{"count":1,"href":"https:\/\/moverdb.com\/tr\/wp-json\/wp\/v2\/pages\/14001\/revisions"}],"predecessor-version":[{"id":15771,"href":"https:\/\/moverdb.com\/tr\/wp-json\/wp\/v2\/pages\/14001\/revisions\/15771"}],"up":[{"embeddable":true,"href":"https:\/\/moverdb.com\/tr\/wp-json\/wp\/v2\/pages\/13427"}],"wp:attachment":[{"href":"https:\/\/moverdb.com\/tr\/wp-json\/wp\/v2\/media?parent=14001"}],"curies":[{"name":"wp","href":"https:\/\/api.w.org\/{rel}","templated":true}]}}