{"id":13993,"date":"2023-11-08T15:53:54","date_gmt":"2023-11-08T15:53:54","guid":{"rendered":"https:\/\/moverdb.com\/freight-forwarder\/freight-forwarding-uk\/maldon-freight-forwarder\/"},"modified":"2026-01-08T13:17:37","modified_gmt":"2026-01-08T13:17:37","slug":"maldon-freight-forwarder","status":"publish","type":"page","link":"https:\/\/moverdb.com\/tr\/freight-forwarder\/freight-forwarding-uk\/maldon-freight-forwarder\/","title":{"rendered":"3 En \u0130yi Maldon Nakliye \u015eirketleri (2024)"},"content":{"rendered":"<p>A\u015fa\u011f\u0131da 3 tanesine bakaca\u011f\u0131z <em>\"en iyi\"<\/em> Maldon'daki Freight Forwarding \u015firketleri 10 \u00fczerinden.<\/p>\n<p>En iyiyi nas\u0131l se\u00e7ti\u011fimiz hakk\u0131nda daha fazla bilgi edinmek i\u00e7in l\u00fctfen sondaki SSS b\u00f6l\u00fcm\u00fcm\u00fcze bak\u0131n.<\/p>\n<p><em>L\u00fctfen a\u015fa\u011f\u0131daki listelerin belirli bir s\u0131rada olmad\u0131\u011f\u0131n\u0131 ve belirli bir \u015firket i\u00e7in herhangi bir tavsiyede bulunmad\u0131\u011f\u0131m\u0131z\u0131 unutmay\u0131n.<\/em><\/p>\n<div id=\"ez-toc-container\" class=\"ez-toc-v2_0_82_2 ez-toc-wrap-left counter-hierarchy ez-toc-counter ez-toc-transparent ez-toc-container-direction\">\n<div class=\"ez-toc-title-container\">\n<p class=\"ez-toc-title\" style=\"cursor:inherit\">B\u00f6l\u00fcmler<\/p>\n<span class=\"ez-toc-title-toggle\"><a href=\"#\" class=\"ez-toc-pull-right ez-toc-btn ez-toc-btn-xs ez-toc-btn-default ez-toc-toggle\" aria-label=\"\u0130\u00e7indekiler Tablosunu A\u00e7\/Kapat\"><span class=\"ez-toc-js-icon-con\"><span class=\"\"><span class=\"eztoc-hide\" style=\"display:none;\">Ge\u00e7i\u015f<\/span><span class=\"ez-toc-icon-toggle-span\"><svg style=\"fill: #999;color:#999\" xmlns=\"http:\/\/www.w3.org\/2000\/svg\" class=\"list-377408\" width=\"20px\" height=\"20px\" viewbox=\"0 0 24 24\" fill=\"none\"><path d=\"M6 6H4v2h2V6zm14 0H8v2h12V6zM4 11h2v2H4v-2zm16 0H8v2h12v-2zM4 16h2v2H4v-2zm16 0H8v2h12v-2z\" fill=\"currentColor\"><\/path><\/svg><svg style=\"fill: #999;color:#999\" class=\"arrow-unsorted-368013\" xmlns=\"http:\/\/www.w3.org\/2000\/svg\" width=\"10px\" height=\"10px\" viewbox=\"0 0 24 24\" version=\"1.2\" baseprofile=\"tiny\"><path d=\"M18.2 9.3l-6.2-6.3-6.2 6.3c-.2.2-.3.4-.3.7s.1.5.3.7c.2.2.4.3.7.3h11c.3 0 .5-.1.7-.3.2-.2.3-.5.3-.7s-.1-.5-.3-.7zM5.8 14.7l6.2 6.3 6.2-6.3c.2-.2.3-.5.3-.7s-.1-.5-.3-.7c-.2-.2-.4-.3-.7-.3h-11c-.3 0-.5.1-.7.3-.2.2-.3.5-.3.7s.1.5.3.7z\"\/><\/svg><\/span><\/span><\/span><\/a><\/span><\/div>\n<nav><ul class='ez-toc-list ez-toc-list-level-1 eztoc-toggle-hide-by-default' ><li class='ez-toc-page-1 ez-toc-heading-level-2'><a class=\"ez-toc-link ez-toc-heading-1\" href=\"https:\/\/moverdb.com\/tr\/freight-forwarder\/freight-forwarding-uk\/maldon-freight-forwarder\/#Power_Forwarding_Ltd_Essex\" >Power Forwarding Ltd Essex<\/a><\/li><li class='ez-toc-page-1 ez-toc-heading-level-2'><a class=\"ez-toc-link ez-toc-heading-2\" href=\"https:\/\/moverdb.com\/tr\/freight-forwarder\/freight-forwarding-uk\/maldon-freight-forwarder\/#Car_Shipping_Made_Simple\" >Araba Nakliyesi Art\u0131k \u00c7ok Kolay<\/a><\/li><li class='ez-toc-page-1 ez-toc-heading-level-2'><a class=\"ez-toc-link ez-toc-heading-3\" href=\"https:\/\/moverdb.com\/tr\/freight-forwarder\/freight-forwarding-uk\/maldon-freight-forwarder\/#Cargo_Marketing_Services_Ltd\" >Kargo Pazarlama Hizmetleri Ltd<\/a><\/li><li class='ez-toc-page-1 ez-toc-heading-level-2'><a class=\"ez-toc-link ez-toc-heading-4\" href=\"https:\/\/moverdb.com\/tr\/freight-forwarder\/freight-forwarding-uk\/maldon-freight-forwarder\/#How_we_picked_the_best_Maldon_Freight_Forwarding_Companies\" >En iyi Maldon Nakliye \u015eirketlerini nas\u0131l se\u00e7tik<\/a><\/li><\/ul><\/nav><\/div>\n<h2><span class=\"ez-toc-section\" id=\"Power_Forwarding_Ltd_Essex\"><\/span>Power Forwarding Ltd Essex<span class=\"ez-toc-section-end\"><\/span><\/h2>\n<p><img decoding=\"async\" src=\"https:\/\/moverdb.com\/wp-content\/uploads\/AF1QipNldDWo1WcV0NHQxxXaIAJ9TSSP34S-EpuJFAKqw408-h593-k-no.jpg\" alt='Power Forwarding Ltd Essex' class=\"aligncenter\"><\/p>\n<p><strong>\u0130\u015fletmeden a\u00e7\u0131klama: <\/strong>Power Forwarding, ihracat\u00e7\u0131lar ve ithalat\u00e7\u0131lar i\u00e7in nakliye ile ilgili t\u00fcm karma\u015f\u0131kl\u0131klar\u0131 ortadan kald\u0131rmaya \u00e7al\u0131\u015fmaktad\u0131r.<\/p>\n<p> S\u00fcrecin t\u00fcm m\u00fc\u015fterileri i\u00e7in m\u00fcmk\u00fcn oldu\u011funca sorunsuz i\u015flemesi i\u00e7in profesyonel rehberlik sunar.<\/p>\n<p> Hava ta\u015f\u0131mac\u0131l\u0131\u011f\u0131, deniz ta\u015f\u0131mac\u0131l\u0131\u011f\u0131, karayolu ta\u015f\u0131mac\u0131l\u0131\u011f\u0131, depolama ve g\u00fcmr\u00fckleme konular\u0131nda uzmanla\u015fm\u0131\u015ft\u0131r.<\/p>\n<p> Alan\u0131nda en iyisi olmak i\u00e7in h\u0131zl\u0131 yan\u0131t s\u00fcreleri, m\u00fckemmel fiyatlar, BIFA ve FIATA akreditasyonlu personel ve tamamen i\u015fleyen k\u00fcresel bir a\u011f sunarlar.<\/p>\n<p> D\u00fcnya \u00e7ap\u0131nda nakliye sunma kabiliyeti ile ilk tercihiniz olmal\u0131d\u0131r. <a href=\"https:\/\/moverdb.com\/tr\/top-49-container-ports\/\" data-internallinksmanager029f6b8e52c=\"80\" title=\"2025 Y\u0131l\u0131nda En B\u00fcy\u00fck ve En Yo\u011fun 49 Konteyner Liman\u0131\">Liman<\/a> Uluslararas\u0131 ihracat veya ithalat konusunda her t\u00fcrl\u00fc sorunuz i\u00e7in arayabilirsiniz.<\/p>\n<p> Daha fazla bilgi edinmek i\u00e7in ekiple temasa ge\u00e7in, sorular\u0131n\u0131z\u0131 veya sorular\u0131n\u0131z\u0131 ellerinden geldi\u011fince yan\u0131tlamaktan mutluluk duyacaklard\u0131r.<\/p>\n<p><strong>Ek Hizmetler:<\/strong><\/p>\n<p>Listelenmemi\u015f<\/p>\n<p><strong>Adres:<\/strong> Ofis 12, Bentalls Al\u0131\u015fveri\u015f Merkezi, 28 Colchester Rd, Heybridge, Maldon CM9 4GD<\/p>\n<p><a href=\"http:\/\/www.powerforwarding.com\/\" target=\"_new\" rel=\"noopener\">Power Forwarding Ltd Essex web sitesi<\/a><\/p>\n<p><strong>\u0130nceleme Puan\u0131: <\/strong>4.3<br \/> <strong>Yorum Say\u0131s\u0131:<\/strong> 16<br \/><a href=\"https:\/\/www.google.co.uk\/maps?cid=14541926269948356998&#038;hl=en&#038;gl=GB\" target=\"_new\" rel=\"noopener\">Yorumlar\u0131 Oku<\/a><\/p>\n<h2><span class=\"ez-toc-section\" id=\"Car_Shipping_Made_Simple\"><\/span>Araba Nakliyesi Art\u0131k \u00c7ok Kolay<span class=\"ez-toc-section-end\"><\/span><\/h2>\n<p><img decoding=\"async\" src=\"https:\/\/moverdb.com\/wp-content\/uploads\/AF1QipNYyFib9uPjEVa7o-aTIDoeKF_sKZmOsJyYEg1Uw426-h240-k-no.png\" alt='Araba Nakliyesi Art\u0131k \u00c7ok Kolay' class=\"aligncenter\"><\/p>\n<p><strong>\u0130\u015fletmeden a\u00e7\u0131klama: <\/strong>Bu <a href=\"https:\/\/moverdb.com\/tr\/car-transport-shipping\/\" data-internallinksmanager029f6b8e52c=\"2\" title=\"2026 Uluslararas\u0131 Ara\u00e7 Ta\u015f\u0131ma &amp; Ara\u00e7 Nakliye Fiyatlar\u0131\">Araba Nakliyesi<\/a> uzmanlar\u0131, d\u00fcnya \u00e7ap\u0131nda haftal\u0131k ihracat ve ithalat hizmetleri.<\/p>\n<p> \u015eeffaf fiyatland\u0131rma web sitemizde 7\/24 mevcuttur, tam takip ve izleme<\/p>\n<p><strong>Ek Hizmetler:<\/strong><\/p>\n<p>Ara\u00e7 nakliye acentesi<\/p>\n<p><strong>Adres:<\/strong> Fullbridge House, Fullbridge, Maldon CM9 4NX<\/p>\n<p><a href=\"http:\/\/www.carshippingmadesimple.com\/\" target=\"_new\" rel=\"noopener\">Araba Nakliyesi Basitle\u015ftirildi web sitesi<\/a><\/p>\n<p><strong>\u0130nceleme Puan\u0131: <\/strong>4.5<br \/> <strong>Yorum Say\u0131s\u0131:<\/strong> 8<br \/><a href=\"https:\/\/www.google.co.uk\/maps?cid=17489635601078454444&#038;hl=en&#038;gl=GB\" target=\"_new\" rel=\"noopener\">Yorumlar\u0131 Oku<\/a><\/p>\n<h2><span class=\"ez-toc-section\" id=\"Cargo_Marketing_Services_Ltd\"><\/span>Kargo Pazarlama Hizmetleri Ltd<span class=\"ez-toc-section-end\"><\/span><\/h2>\n<p><img decoding=\"async\" src=\"https:\/\/moverdb.com\/wp-content\/uploads\/AF1QipPu7J42kn6yl02liPMy9JT_2Cmo_IthVFgNPsU0w426-h240-k-no.jpg\" alt='Kargo Pazarlama Hizmetleri Ltd' class=\"aligncenter\"><\/p>\n<p><strong>\u0130\u015fletmeden a\u00e7\u0131klama: <\/strong>Hi\u00e7biri Sa\u011flanmad\u0131<\/p>\n<p><strong>Ek Hizmetler:<\/strong><\/p>\n<p>Listelenmemi\u015f<\/p>\n<p><strong>Adres:<\/strong> Fullbridge House, Fullbridge, Maldon CM9 4NX<\/p>\n<p><a href=\"https:\/\/www.cargomarketing.com\/\" target=\"_new\" rel=\"noopener\">Cargo Pazarlama Hizmetleri Ltd web sitesi<\/a><\/p>\n<p><strong>\u0130nceleme Puan\u0131: <\/strong>5<br \/> <strong>Yorum Say\u0131s\u0131:<\/strong> 1<br \/><a href=\"https:\/\/www.google.co.uk\/maps?cid=2265029552815970914&#038;hl=en&#038;gl=GB\" target=\"_new\" rel=\"noopener\">Yorumlar\u0131 Oku<\/a><\/p>\n<h2><span class=\"ez-toc-section\" id=\"How_we_picked_the_best_Maldon_Freight_Forwarding_Companies\"><\/span>En iyi Maldon Nakliye \u015eirketlerini nas\u0131l se\u00e7tik<span class=\"ez-toc-section-end\"><\/span><\/h2>\n<p>Google Haritalar arac\u0131l\u0131\u011f\u0131yla bulabildi\u011fimiz 10 Maldon nakliye \u015firketinden olu\u015fan bir veri k\u00fcmesiyle ba\u015flad\u0131k ve en iyi 3'e indirdik.<\/p>\n<p>Bunu yapmak i\u00e7in \u015fu \u015firketleri \u00e7\u0131kard\u0131k:<\/p>\n<ul>\n<li> Web sitesi yoktu<\/li>\n<li> Hi\u00e7 yorum yoktu<\/li>\n<li> Ortalama inceleme puan\u0131n\u0131n 2,0'\u0131n alt\u0131nda olmas\u0131<\/li>\n<\/ul>\n<p>Bu noktada, 17 veya daha az ileticimiz varsa hepsini listeledik.<\/p>\n<p>Elimizde 17'den fazla ileticinin kald\u0131\u011f\u0131 \u015fehirler i\u00e7in gerekli inceleme puan\u0131n\u0131 art\u0131rarak (\u00f6rne\u011fin minimum 2.0'dan 4.0'a) ve\/veya gerekli minimum inceleme say\u0131s\u0131n\u0131 art\u0131rarak (\u00f6rne\u011fin en az 1 incelemeden en az 10'a) daha fazla revizyon yapt\u0131k.<\/p>\n<p>Di\u011fer \u00fc\u00e7\u00fcnc\u00fc taraf web sitelerinden de\u011fil, yaln\u0131zca Google Haritalar'dan al\u0131nan inceleme verilerini kulland\u0131\u011f\u0131m\u0131z\u0131 unutmay\u0131n.<\/p>\n<p>Daha fazla \u015fehir:<\/p>\n<p><a href=\"https:\/\/moverdb.com\/tr\/yuk-i%cc%87leti%cc%87ci%cc%87si%cc%87\/freight-forwarding-uk\/bellshill-freight-forwarder\/\">Bellshill Freight Forwarder<\/a><br \/><a href=\"https:\/\/moverdb.com\/tr\/yuk-i%cc%87leti%cc%87ci%cc%87si%cc%87\/freight-forwarding-uk\/middlesbrough-freight-forwarder\/\">Middlesbrough Freight Forwarder<\/a><br \/><a href=\"https:\/\/moverdb.com\/tr\/yuk-i%cc%87leti%cc%87ci%cc%87si%cc%87\/freight-forwarding-uk\/hessle-freight-forwarder\/\">Hessle Freight Forwarder<\/a><br \/><a href=\"https:\/\/moverdb.com\/tr\/yuk-i%cc%87leti%cc%87ci%cc%87si%cc%87\/freight-forwarding-uk\/newtownabbey-freight-forwarder\/\">Newtownabbey Freight Forwarder<\/a><br \/><a href=\"https:\/\/moverdb.com\/tr\/yuk-i%cc%87leti%cc%87ci%cc%87si%cc%87\/freight-forwarding-uk\/preston-freight-forwarder\/\">Preston Freight Forwarder<\/a><\/p>","protected":false},"excerpt":{"rendered":"<p>Below we look at the 3 &#8220;best&#8221; Freight Forwarding companies in Maldon out of 10. To learn more about how we chose the best please consult our FAQ section at the end. Please not the following listings are in no particular order and we are not making any recommendations for any particular company. Power Forwarding [&hellip;]<\/p>\n","protected":false},"author":1,"featured_media":0,"parent":13427,"menu_order":0,"comment_status":"open","ping_status":"open","template":"","meta":{"_genesis_hide_title":false,"_genesis_hide_breadcrumbs":false,"_genesis_hide_singular_image":false,"_genesis_hide_footer_widgets":false,"_genesis_custom_body_class":"","_genesis_custom_post_class":"","_genesis_layout":"","footnotes":""},"class_list":{"0":"post-13993","1":"page","2":"type-page","3":"status-publish","5":"entry"},"_links":{"self":[{"href":"https:\/\/moverdb.com\/tr\/wp-json\/wp\/v2\/pages\/13993","targetHints":{"allow":["GET"]}}],"collection":[{"href":"https:\/\/moverdb.com\/tr\/wp-json\/wp\/v2\/pages"}],"about":[{"href":"https:\/\/moverdb.com\/tr\/wp-json\/wp\/v2\/types\/page"}],"author":[{"embeddable":true,"href":"https:\/\/moverdb.com\/tr\/wp-json\/wp\/v2\/users\/1"}],"replies":[{"embeddable":true,"href":"https:\/\/moverdb.com\/tr\/wp-json\/wp\/v2\/comments?post=13993"}],"version-history":[{"count":1,"href":"https:\/\/moverdb.com\/tr\/wp-json\/wp\/v2\/pages\/13993\/revisions"}],"predecessor-version":[{"id":15770,"href":"https:\/\/moverdb.com\/tr\/wp-json\/wp\/v2\/pages\/13993\/revisions\/15770"}],"up":[{"embeddable":true,"href":"https:\/\/moverdb.com\/tr\/wp-json\/wp\/v2\/pages\/13427"}],"wp:attachment":[{"href":"https:\/\/moverdb.com\/tr\/wp-json\/wp\/v2\/media?parent=13993"}],"curies":[{"name":"wp","href":"https:\/\/api.w.org\/{rel}","templated":true}]}}