{"id":13902,"date":"2023-11-08T15:53:26","date_gmt":"2023-11-08T15:53:26","guid":{"rendered":"https:\/\/moverdb.com\/freight-forwarder\/freight-forwarding-uk\/crawley-freight-forwarder\/"},"modified":"2026-01-08T13:17:49","modified_gmt":"2026-01-08T13:17:49","slug":"crawley-freight-forwarder","status":"publish","type":"page","link":"https:\/\/moverdb.com\/tr\/freight-forwarder\/freight-forwarding-uk\/crawley-freight-forwarder\/","title":{"rendered":"4 En \u0130yi Crawley Nakliye \u015eirketleri (2024)"},"content":{"rendered":"<p>A\u015fa\u011f\u0131da 4 tanesine bakaca\u011f\u0131z <em>\"en iyi\"<\/em> Crawley'deki Freight Forwarding \u015firketleri 9 \u00fczerinden.<\/p>\n<p>En iyiyi nas\u0131l se\u00e7ti\u011fimiz hakk\u0131nda daha fazla bilgi edinmek i\u00e7in l\u00fctfen sondaki SSS b\u00f6l\u00fcm\u00fcm\u00fcze bak\u0131n.<\/p>\n<p><em>L\u00fctfen a\u015fa\u011f\u0131daki listelerin belirli bir s\u0131rada olmad\u0131\u011f\u0131n\u0131 ve belirli bir \u015firket i\u00e7in herhangi bir tavsiyede bulunmad\u0131\u011f\u0131m\u0131z\u0131 unutmay\u0131n.<\/em><\/p>\n<div id=\"ez-toc-container\" class=\"ez-toc-v2_0_82_2 ez-toc-wrap-left counter-hierarchy ez-toc-counter ez-toc-transparent ez-toc-container-direction\">\n<div class=\"ez-toc-title-container\">\n<p class=\"ez-toc-title\" style=\"cursor:inherit\">B\u00f6l\u00fcmler<\/p>\n<span class=\"ez-toc-title-toggle\"><a href=\"#\" class=\"ez-toc-pull-right ez-toc-btn ez-toc-btn-xs ez-toc-btn-default ez-toc-toggle\" aria-label=\"\u0130\u00e7indekiler Tablosunu A\u00e7\/Kapat\"><span class=\"ez-toc-js-icon-con\"><span class=\"\"><span class=\"eztoc-hide\" style=\"display:none;\">Ge\u00e7i\u015f<\/span><span class=\"ez-toc-icon-toggle-span\"><svg style=\"fill: #999;color:#999\" xmlns=\"http:\/\/www.w3.org\/2000\/svg\" class=\"list-377408\" width=\"20px\" height=\"20px\" viewbox=\"0 0 24 24\" fill=\"none\"><path d=\"M6 6H4v2h2V6zm14 0H8v2h12V6zM4 11h2v2H4v-2zm16 0H8v2h12v-2zM4 16h2v2H4v-2zm16 0H8v2h12v-2z\" fill=\"currentColor\"><\/path><\/svg><svg style=\"fill: #999;color:#999\" class=\"arrow-unsorted-368013\" xmlns=\"http:\/\/www.w3.org\/2000\/svg\" width=\"10px\" height=\"10px\" viewbox=\"0 0 24 24\" version=\"1.2\" baseprofile=\"tiny\"><path d=\"M18.2 9.3l-6.2-6.3-6.2 6.3c-.2.2-.3.4-.3.7s.1.5.3.7c.2.2.4.3.7.3h11c.3 0 .5-.1.7-.3.2-.2.3-.5.3-.7s-.1-.5-.3-.7zM5.8 14.7l6.2 6.3 6.2-6.3c.2-.2.3-.5.3-.7s-.1-.5-.3-.7c-.2-.2-.4-.3-.7-.3h-11c-.3 0-.5.1-.7.3-.2.2-.3.5-.3.7s.1.5.3.7z\"\/><\/svg><\/span><\/span><\/span><\/a><\/span><\/div>\n<nav><ul class='ez-toc-list ez-toc-list-level-1 eztoc-toggle-hide-by-default' ><li class='ez-toc-page-1 ez-toc-heading-level-2'><a class=\"ez-toc-link ez-toc-heading-1\" href=\"https:\/\/moverdb.com\/tr\/freight-forwarder\/freight-forwarding-uk\/crawley-freight-forwarder\/#MED_Freight_Services\" >MED Nakliye Hizmetleri<\/a><\/li><li class='ez-toc-page-1 ez-toc-heading-level-2'><a class=\"ez-toc-link ez-toc-heading-2\" href=\"https:\/\/moverdb.com\/tr\/freight-forwarder\/freight-forwarding-uk\/crawley-freight-forwarder\/#PBS_International_Freight_Limited\" >PBS Uluslararas\u0131 Ta\u015f\u0131mac\u0131l\u0131k Limited \u015eirketi<\/a><\/li><li class='ez-toc-page-1 ez-toc-heading-level-2'><a class=\"ez-toc-link ez-toc-heading-3\" href=\"https:\/\/moverdb.com\/tr\/freight-forwarder\/freight-forwarding-uk\/crawley-freight-forwarder\/#Send2ChinaeEYeEa%C2%B8a%E2%80%BA%C2%BD\" >\u00c7in'e G\u00f6nder<\/a><\/li><li class='ez-toc-page-1 ez-toc-heading-level-2'><a class=\"ez-toc-link ez-toc-heading-4\" href=\"https:\/\/moverdb.com\/tr\/freight-forwarder\/freight-forwarding-uk\/crawley-freight-forwarder\/#Glenn_Freight_Services\" >Glenn Nakliye Hizmetleri<\/a><\/li><li class='ez-toc-page-1 ez-toc-heading-level-2'><a class=\"ez-toc-link ez-toc-heading-5\" href=\"https:\/\/moverdb.com\/tr\/freight-forwarder\/freight-forwarding-uk\/crawley-freight-forwarder\/#How_we_picked_the_best_Crawley_Freight_Forwarding_Companies\" >En iyi Crawley Freight Forwarding \u015eirketlerini nas\u0131l se\u00e7tik<\/a><\/li><\/ul><\/nav><\/div>\n<h2><span class=\"ez-toc-section\" id=\"MED_Freight_Services\"><\/span>MED Nakliye Hizmetleri<span class=\"ez-toc-section-end\"><\/span><\/h2>\n<p><img decoding=\"async\" src=\"https:\/\/moverdb.com\/wp-content\/uploads\/thumbnailpanoidSf2kEENNHZqnKWQ4fg1YHQcb_clientsearch.gws-prod.gpsw408h240yaw331.jpg\" alt='MED Nakliye Hizmetleri' class=\"aligncenter\"><\/p>\n<p><strong>\u0130\u015fletmeden a\u00e7\u0131klama: <\/strong>Hi\u00e7biri Sa\u011flanmad\u0131<\/p>\n<p><strong>Ek Hizmetler:<\/strong><\/p>\n<p>Listelenmemi\u015f<\/p>\n<p><strong>Adres:<\/strong> 12, Forge Wood Sanayi Sitesi, Gatwick Rd, Crawley RH10 9PG<\/p>\n<p><a href=\"https:\/\/find-and-update.company-information.service.gov.uk\/company\/08096138\" target=\"_new\" rel=\"noopener\">MED Freight Services web sitesi<\/a><\/p>\n<p><strong>\u0130nceleme Puan\u0131: <\/strong>5<br \/> <strong>Yorum Say\u0131s\u0131:<\/strong> 1<br \/><a href=\"https:\/\/www.google.co.uk\/maps?cid=18237951817802486207&#038;hl=en&#038;gl=GB\" target=\"_new\" rel=\"noopener\">Yorumlar\u0131 Oku<\/a><\/p>\n<h2><span class=\"ez-toc-section\" id=\"PBS_International_Freight_Limited\"><\/span>PBS Uluslararas\u0131 Ta\u015f\u0131mac\u0131l\u0131k Limited \u015eirketi<span class=\"ez-toc-section-end\"><\/span><\/h2>\n<p><img decoding=\"async\" src=\"https:\/\/moverdb.com\/wp-content\/uploads\/AF1QipM70-ouQwJ7HIhjVIa_c5G281_Ui5KVbZWI2zMTw408-h254-k-no.jpg\" alt='PBS Uluslararas\u0131 Ta\u015f\u0131mac\u0131l\u0131k Limited \u015eirketi' class=\"aligncenter\"><\/p>\n<p><strong>\u0130\u015fletmeden a\u00e7\u0131klama: <\/strong>PBS International, hava ta\u015f\u0131mac\u0131l\u0131\u011f\u0131, deniz ta\u015f\u0131mac\u0131l\u0131\u011f\u0131, karayolu ta\u015f\u0131mac\u0131l\u0131\u011f\u0131 ve \u00f6zel ta\u015f\u0131mac\u0131l\u0131k hizmetleri konusunda uzmanla\u015fm\u0131\u015f k\u00fcresel bir nakliye \u015firketidir.<\/p>\n<p>T\u00fcm b\u00fct\u00e7elere ve zaman dilimlerine uygun eksiksiz bir nakliye ve lojistik hizmetleri yelpazesi sunuyoruz.<\/p>\n<p>Buna ek olarak, paketleme, da\u011f\u0131t\u0131m toplama ve paketleme ve paketleme malzemesi tedariki dahil olmak \u00fczere depolama tesisleri ve hizmetleri sunuyoruz.<\/p>\n<p>PBS International Freight ayr\u0131ca ithalat ve ihracat lisanslar\u0131, tehlikeli madde nakliyesi ve ki\u015fisel ve ev e\u015fyas\u0131 sevkiyatlar\u0131 konusunda da yard\u0131mc\u0131 olabilir.<\/p>\n<p>Daha fazla bilgi edinmek i\u00e7in ileti\u015fime ge\u00e7in.<\/p>\n<p><strong>Ek Hizmetler:<\/strong><\/p>\n<p>\u0130thalat \u0130hracat \u015eirketi<\/p>\n<p>Lojistik hizmet<\/p>\n<p>Teslimat \u015eirketi<\/p>\n<p>Ula\u015f\u0131m hizmeti<\/p>\n<p><strong>Adres:<\/strong> PBS House, Charlwood Rd, Lowfield Heath, Crawley RH11 0PT<\/p>\n<p><a href=\"https:\/\/www.pbs-int.co.uk\/\" target=\"_new\" rel=\"noopener\">PBS International Freight Limited web sitesi<\/a><\/p>\n<p><strong>\u0130nceleme Puan\u0131: <\/strong>4.5<br \/> <strong>Yorum Say\u0131s\u0131:<\/strong> 11<br \/><a href=\"https:\/\/www.google.co.uk\/maps?cid=9986257421367286698&#038;hl=en&#038;gl=GB\" target=\"_new\" rel=\"noopener\">Yorumlar\u0131 Oku<\/a><\/p>\n<h2><span class=\"ez-toc-section\" id=\"Send2ChinaeEYeEa%C2%B8a%E2%80%BA%C2%BD\"><\/span>\u00c7in'e G\u00f6nder<span class=\"ez-toc-section-end\"><\/span><\/h2>\n<p><img decoding=\"async\" src=\"https:\/\/moverdb.com\/wp-content\/uploads\/AF1QipN40isg5X7TM3yIj-q8UgIXbwVSBOmyw2EPzGAJw408-h306-k-no.jpg\" alt='\u00c7in&#039;e G\u00f6nder' class=\"aligncenter\"><\/p>\n<p><strong>\u0130\u015fletmeden a\u00e7\u0131klama: <\/strong>Send2China\u00e6\u02dc\u00af\u00e5...\u00a8\u00e8'\u00b1\u00e9\u00a2\u2020\u00e5...\u02c6\u018c \"\u00e8-\u00a8\u00e5\u00a2\u0192\u00a9\u00e6\u00b5\u00e9\"\u02dc\u00e7\u00a7'\u00e6\u0160\u20ac\u00e5...\u00ac\u00e5\u00b8\u00ef\u00bc\u0152\u00e5...\u00ac\u00e5\u00b8\u30bd\u017d2013\u00e5\u00b9\u00b4\u00e7\"\u00b1\u00e7\u00be\u017d\u00e5'\u00bd\u00e7\u00a1...\u00e8\u00b0-\u00e6\u0160-\u00e8\u00b5 \"\u00ef\u00bc\u0152\u00e7\"'\u00e4\u00ba\u017d\u00e8'\u00b1\u00e5'\u00bd\u00ef\u00bc\u0152\u030d\"\u00e6\u00b3\u00a8\u030d\u00ba\u00e6\u00b5-\u00e5\u2020...\u00e5\u00a4-\u00a2\u018c-\u00e6\u00e4\u00be'\u00e5\u00ae\u2030...\u00a8\u00e5\u00bf\"\u00e6-\u00ef\u00bc\u0152\u00b9\u00e4\u00be\u00bf\u018c \"\u00e7\u2030\u00a9\u00e6\u00b5\u00e8\u00a7\u00a3\u00e5\u2020\u00b3\u00e6-\u00b9\u00e6\u00a1\u02c6'<\/p>\n<p><strong>Ek Hizmetler:<\/strong><\/p>\n<p>Kurye hizmeti<\/p>\n<p>Bagaj depolama tesisi<\/p>\n<p><strong>Adres:<\/strong> Birim 7, Gatwick Da\u011f\u0131t\u0131m Noktas\u0131, Church Rd, Lowfield Heath, Crawley RH11 0PJ<\/p>\n<p><a href=\"http:\/\/send2china.co.uk\/\" target=\"_new\" rel=\"noopener\">Send2China'n\u0131n web sitesi<\/a><\/p>\n<p><strong>\u0130nceleme Puan\u0131: <\/strong>4.4<br \/> <strong>Yorum Say\u0131s\u0131:<\/strong> 52<br \/><a href=\"https:\/\/www.google.co.uk\/maps?cid=15445262590040213531&#038;hl=en&#038;gl=GB\" target=\"_new\" rel=\"noopener\">Yorumlar\u0131 Oku<\/a><\/p>\n<h2><span class=\"ez-toc-section\" id=\"Glenn_Freight_Services\"><\/span>Glenn Nakliye Hizmetleri<span class=\"ez-toc-section-end\"><\/span><\/h2>\n<p><img decoding=\"async\" src=\"https:\/\/moverdb.com\/wp-content\/uploads\/thumbnailpanoidv-l43pYF8MNtWTpqKVj2Swcb_clientsearch.gws-prod.gpsw408h240yaw195.jpg\" alt='Glenn Nakliye Hizmetleri' class=\"aligncenter\"><\/p>\n<p><strong>\u0130\u015fletmeden a\u00e7\u0131klama: <\/strong>Hi\u00e7biri Sa\u011flanmad\u0131<\/p>\n<p><strong>Ek Hizmetler:<\/strong><\/p>\n<p>Listelenmemi\u015f<\/p>\n<p><strong>Adres:<\/strong> Global House, Manor court, Manor Royal, Crawley RH10 9PY<\/p>\n<p><a href=\"http:\/\/www.glennfreight.co.uk\/\" target=\"_new\" rel=\"noopener\">Glenn Freight Services web sitesi<\/a><\/p>\n<p><strong>\u0130nceleme Puan\u0131: <\/strong>3<br \/> <strong>Yorum Say\u0131s\u0131:<\/strong> 2<br \/><a href=\"https:\/\/www.google.co.uk\/maps?cid=2598308117992633691&#038;hl=en&#038;gl=GB\" target=\"_new\" rel=\"noopener\">Yorumlar\u0131 Oku<\/a><\/p>\n<h2><span class=\"ez-toc-section\" id=\"How_we_picked_the_best_Crawley_Freight_Forwarding_Companies\"><\/span>En iyi Crawley Freight Forwarding \u015eirketlerini nas\u0131l se\u00e7tik<span class=\"ez-toc-section-end\"><\/span><\/h2>\n<p>Google Haritalar arac\u0131l\u0131\u011f\u0131yla bulabildi\u011fimiz 9 Crawley nakliye \u015firketinden olu\u015fan bir veri k\u00fcmesiyle ba\u015flad\u0131k ve en iyi 4'e indirdik.<\/p>\n<p>Bunu yapmak i\u00e7in \u015fu \u015firketleri \u00e7\u0131kard\u0131k:<\/p>\n<ul>\n<li> Web sitesi yoktu<\/li>\n<li> Hi\u00e7 yorum yoktu<\/li>\n<li> Ortalama inceleme puan\u0131n\u0131n 2,0'\u0131n alt\u0131nda olmas\u0131<\/li>\n<\/ul>\n<p>Bu noktada, 17 veya daha az ileticimiz varsa hepsini listeledik.<\/p>\n<p>Elimizde 17'den fazla ileticinin kald\u0131\u011f\u0131 \u015fehirler i\u00e7in gerekli inceleme puan\u0131n\u0131 art\u0131rarak (\u00f6rne\u011fin minimum 2.0'dan 4.0'a) ve\/veya gerekli minimum inceleme say\u0131s\u0131n\u0131 art\u0131rarak (\u00f6rne\u011fin en az 1 incelemeden en az 10'a) daha fazla revizyon yapt\u0131k.<\/p>\n<p>Di\u011fer \u00fc\u00e7\u00fcnc\u00fc taraf web sitelerinden de\u011fil, yaln\u0131zca Google Haritalar'dan al\u0131nan inceleme verilerini kulland\u0131\u011f\u0131m\u0131z\u0131 unutmay\u0131n.<\/p>\n<p>Daha fazla \u015fehir:<\/p>\n<p><a href=\"https:\/\/moverdb.com\/tr\/yuk-i%cc%87leti%cc%87ci%cc%87si%cc%87\/freight-forwarding-uk\/warrington-freight-forwarder\/\">Warrington Freight Forwarder<\/a><br \/><a href=\"https:\/\/moverdb.com\/tr\/yuk-i%cc%87leti%cc%87ci%cc%87si%cc%87\/freight-forwarding-uk\/grimsby-freight-forwarder\/\">Grimsby Freight Forwarder<\/a><br \/><a href=\"https:\/\/moverdb.com\/tr\/yuk-i%cc%87leti%cc%87ci%cc%87si%cc%87\/freight-forwarding-uk\/cardiff-freight-forwarder\/\">Cardiff Freight Forwarder<\/a><br \/><a href=\"https:\/\/moverdb.com\/tr\/yuk-i%cc%87leti%cc%87ci%cc%87si%cc%87\/freight-forwarding-uk\/luton-freight-forwarder\/\">Luton Freight Forwarder<\/a><br \/><a href=\"https:\/\/moverdb.com\/tr\/yuk-i%cc%87leti%cc%87ci%cc%87si%cc%87\/freight-forwarding-uk\/milton-keynes-freight-forwarder\/\">Milton Keynes Freight Forwarder<\/a><\/p>","protected":false},"excerpt":{"rendered":"<p>Below we look at the 4 &#8220;best&#8221; Freight Forwarding companies in Crawley out of 9. To learn more about how we chose the best please consult our FAQ section at the end. Please not the following listings are in no particular order and we are not making any recommendations for any particular company. MED Freight [&hellip;]<\/p>\n","protected":false},"author":1,"featured_media":0,"parent":13427,"menu_order":0,"comment_status":"open","ping_status":"open","template":"","meta":{"_genesis_hide_title":false,"_genesis_hide_breadcrumbs":false,"_genesis_hide_singular_image":false,"_genesis_hide_footer_widgets":false,"_genesis_custom_body_class":"","_genesis_custom_post_class":"","_genesis_layout":"","footnotes":""},"class_list":{"0":"post-13902","1":"page","2":"type-page","3":"status-publish","5":"entry"},"_links":{"self":[{"href":"https:\/\/moverdb.com\/tr\/wp-json\/wp\/v2\/pages\/13902","targetHints":{"allow":["GET"]}}],"collection":[{"href":"https:\/\/moverdb.com\/tr\/wp-json\/wp\/v2\/pages"}],"about":[{"href":"https:\/\/moverdb.com\/tr\/wp-json\/wp\/v2\/types\/page"}],"author":[{"embeddable":true,"href":"https:\/\/moverdb.com\/tr\/wp-json\/wp\/v2\/users\/1"}],"replies":[{"embeddable":true,"href":"https:\/\/moverdb.com\/tr\/wp-json\/wp\/v2\/comments?post=13902"}],"version-history":[{"count":1,"href":"https:\/\/moverdb.com\/tr\/wp-json\/wp\/v2\/pages\/13902\/revisions"}],"predecessor-version":[{"id":15782,"href":"https:\/\/moverdb.com\/tr\/wp-json\/wp\/v2\/pages\/13902\/revisions\/15782"}],"up":[{"embeddable":true,"href":"https:\/\/moverdb.com\/tr\/wp-json\/wp\/v2\/pages\/13427"}],"wp:attachment":[{"href":"https:\/\/moverdb.com\/tr\/wp-json\/wp\/v2\/media?parent=13902"}],"curies":[{"name":"wp","href":"https:\/\/api.w.org\/{rel}","templated":true}]}}