{"id":13805,"date":"2023-11-08T15:52:42","date_gmt":"2023-11-08T15:52:42","guid":{"rendered":"https:\/\/moverdb.com\/freight-forwarder\/freight-forwarding-uk\/dartford-freight-forwarder\/"},"modified":"2026-01-08T13:18:12","modified_gmt":"2026-01-08T13:18:12","slug":"dartford-freight-forwarder","status":"publish","type":"page","link":"https:\/\/moverdb.com\/tr\/freight-forwarder\/freight-forwarding-uk\/dartford-freight-forwarder\/","title":{"rendered":"8 En \u0130yi Dartford Nakliye \u015eirketleri (2024)"},"content":{"rendered":"<p>A\u015fa\u011f\u0131da 8 tanesine bak\u0131yoruz <em>\"en iyi\"<\/em> Dartford'daki Freight Forwarding \u015firketleri 14 \u00fczerinden.<\/p>\n<p>En iyiyi nas\u0131l se\u00e7ti\u011fimiz hakk\u0131nda daha fazla bilgi edinmek i\u00e7in l\u00fctfen sondaki SSS b\u00f6l\u00fcm\u00fcm\u00fcze bak\u0131n.<\/p>\n<p><em>L\u00fctfen a\u015fa\u011f\u0131daki listelerin belirli bir s\u0131rada olmad\u0131\u011f\u0131n\u0131 ve belirli bir \u015firket i\u00e7in herhangi bir tavsiyede bulunmad\u0131\u011f\u0131m\u0131z\u0131 unutmay\u0131n.<\/em><\/p>\n<div id=\"ez-toc-container\" class=\"ez-toc-v2_0_82_2 ez-toc-wrap-left counter-hierarchy ez-toc-counter ez-toc-transparent ez-toc-container-direction\">\n<div class=\"ez-toc-title-container\">\n<p class=\"ez-toc-title\" style=\"cursor:inherit\">B\u00f6l\u00fcmler<\/p>\n<span class=\"ez-toc-title-toggle\"><a href=\"#\" class=\"ez-toc-pull-right ez-toc-btn ez-toc-btn-xs ez-toc-btn-default ez-toc-toggle\" aria-label=\"\u0130\u00e7indekiler Tablosunu A\u00e7\/Kapat\"><span class=\"ez-toc-js-icon-con\"><span class=\"\"><span class=\"eztoc-hide\" style=\"display:none;\">Ge\u00e7i\u015f<\/span><span class=\"ez-toc-icon-toggle-span\"><svg style=\"fill: #999;color:#999\" xmlns=\"http:\/\/www.w3.org\/2000\/svg\" class=\"list-377408\" width=\"20px\" height=\"20px\" viewbox=\"0 0 24 24\" fill=\"none\"><path d=\"M6 6H4v2h2V6zm14 0H8v2h12V6zM4 11h2v2H4v-2zm16 0H8v2h12v-2zM4 16h2v2H4v-2zm16 0H8v2h12v-2z\" fill=\"currentColor\"><\/path><\/svg><svg style=\"fill: #999;color:#999\" class=\"arrow-unsorted-368013\" xmlns=\"http:\/\/www.w3.org\/2000\/svg\" width=\"10px\" height=\"10px\" viewbox=\"0 0 24 24\" version=\"1.2\" baseprofile=\"tiny\"><path d=\"M18.2 9.3l-6.2-6.3-6.2 6.3c-.2.2-.3.4-.3.7s.1.5.3.7c.2.2.4.3.7.3h11c.3 0 .5-.1.7-.3.2-.2.3-.5.3-.7s-.1-.5-.3-.7zM5.8 14.7l6.2 6.3 6.2-6.3c.2-.2.3-.5.3-.7s-.1-.5-.3-.7c-.2-.2-.4-.3-.7-.3h-11c-.3 0-.5.1-.7.3-.2.2-.3.5-.3.7s.1.5.3.7z\"\/><\/svg><\/span><\/span><\/span><\/a><\/span><\/div>\n<nav><ul class='ez-toc-list ez-toc-list-level-1 eztoc-toggle-hide-by-default' ><li class='ez-toc-page-1 ez-toc-heading-level-2'><a class=\"ez-toc-link ez-toc-heading-1\" href=\"https:\/\/moverdb.com\/tr\/freight-forwarder\/freight-forwarding-uk\/dartford-freight-forwarder\/#Pentagon_Freight_Services_Ltd\" >Pentagon Ta\u015f\u0131mac\u0131l\u0131k Hizmetleri Ltd<\/a><\/li><li class='ez-toc-page-1 ez-toc-heading-level-2'><a class=\"ez-toc-link ez-toc-heading-2\" href=\"https:\/\/moverdb.com\/tr\/freight-forwarder\/freight-forwarding-uk\/dartford-freight-forwarder\/#Direct_Link_Express_Deliveries_Ltd\" >Direct Link Express Deliveries Ltd<\/a><\/li><li class='ez-toc-page-1 ez-toc-heading-level-2'><a class=\"ez-toc-link ez-toc-heading-3\" href=\"https:\/\/moverdb.com\/tr\/freight-forwarder\/freight-forwarding-uk\/dartford-freight-forwarder\/#M_and_M_Global_Forwarding_Limited\" >M and M Global Forwarding Limited<\/a><\/li><li class='ez-toc-page-1 ez-toc-heading-level-2'><a class=\"ez-toc-link ez-toc-heading-4\" href=\"https:\/\/moverdb.com\/tr\/freight-forwarder\/freight-forwarding-uk\/dartford-freight-forwarder\/#Dachser_Ltd_Customs_Office\" >Dachser Ltd (G\u00fcmr\u00fck Ofisi)<\/a><\/li><li class='ez-toc-page-1 ez-toc-heading-level-2'><a class=\"ez-toc-link ez-toc-heading-5\" href=\"https:\/\/moverdb.com\/tr\/freight-forwarder\/freight-forwarding-uk\/dartford-freight-forwarder\/#Kerry_Logistics_UK_Limited\" >Kerry Logistics (UK) Limited<\/a><\/li><li class='ez-toc-page-1 ez-toc-heading-level-2'><a class=\"ez-toc-link ez-toc-heading-6\" href=\"https:\/\/moverdb.com\/tr\/freight-forwarder\/freight-forwarding-uk\/dartford-freight-forwarder\/#Sovereign_Logistics\" >Egemen Lojistik<\/a><\/li><li class='ez-toc-page-1 ez-toc-heading-level-2'><a class=\"ez-toc-link ez-toc-heading-7\" href=\"https:\/\/moverdb.com\/tr\/freight-forwarder\/freight-forwarding-uk\/dartford-freight-forwarder\/#Davies_Turner_Co_Ltd\" >Davies Turner &amp; Co Ltd<\/a><\/li><li class='ez-toc-page-1 ez-toc-heading-level-2'><a class=\"ez-toc-link ez-toc-heading-8\" href=\"https:\/\/moverdb.com\/tr\/freight-forwarder\/freight-forwarding-uk\/dartford-freight-forwarder\/#Solstor_UK\" >Solstor \u0130ngiltere<\/a><\/li><li class='ez-toc-page-1 ez-toc-heading-level-2'><a class=\"ez-toc-link ez-toc-heading-9\" href=\"https:\/\/moverdb.com\/tr\/freight-forwarder\/freight-forwarding-uk\/dartford-freight-forwarder\/#How_we_picked_the_best_Dartford_Freight_Forwarding_Companies\" >En iyi Dartford Freight Forwarding \u015eirketlerini nas\u0131l se\u00e7tik<\/a><\/li><\/ul><\/nav><\/div>\n<h2><span class=\"ez-toc-section\" id=\"Pentagon_Freight_Services_Ltd\"><\/span>Pentagon Ta\u015f\u0131mac\u0131l\u0131k Hizmetleri Ltd<span class=\"ez-toc-section-end\"><\/span><\/h2>\n<p><img decoding=\"async\" src=\"https:\/\/moverdb.com\/wp-content\/uploads\/AF1QipNfUFW6yJdi_uQDqqGZeg9ANadLKTa_WCuluaZkw432-h240-k-no.jpg\" alt='Pentagon Ta\u015f\u0131mac\u0131l\u0131k Hizmetleri Ltd' class=\"aligncenter\"><\/p>\n<p><strong>\u0130\u015fletmeden a\u00e7\u0131klama: <\/strong>Yakla\u015f\u0131k 50 y\u0131ld\u0131r, s\u0131n\u0131f\u0131n\u0131n en iyisi nakliye ve lojistik hizmetleri sunarak hizmet verdi\u011fimiz kritik sekt\u00f6rlerle birlikte \u00e7al\u0131\u015f\u0131yoruz.<\/p>\n<p> Amac\u0131m\u0131z basit - asla durmayan bir d\u00fcnya i\u00e7in kesinlik sa\u011flamak istiyoruz.<\/p>\n<p><strong>Ek Hizmetler:<\/strong><\/p>\n<p>Listelenmemi\u015f<\/p>\n<p><strong>Adres:<\/strong> East, 32-33 Clipper Blvd, Dartford DA2 6QB<\/p>\n<p><a href=\"https:\/\/www.pentagonfreight.com\/\" target=\"_new\" rel=\"noopener\">Pentagon Freight Services Ltd web sitesi<\/a><\/p>\n<p><strong>\u0130nceleme Puan\u0131: <\/strong>4.9<br \/> <strong>Yorum Say\u0131s\u0131:<\/strong> 10<br \/><a href=\"https:\/\/www.google.co.uk\/maps?cid=6157951301640685169&#038;hl=en&#038;gl=GB\" target=\"_new\" rel=\"noopener\">Yorumlar\u0131 Oku<\/a><\/p>\n<h2><span class=\"ez-toc-section\" id=\"Direct_Link_Express_Deliveries_Ltd\"><\/span>Direct Link Express Deliveries Ltd<span class=\"ez-toc-section-end\"><\/span><\/h2>\n<p><img decoding=\"async\" src=\"https:\/\/moverdb.com\/wp-content\/uploads\/thumbnailpanoidVOC9zEc6INdiQiJfYDbp2gcb_clientsearch.gws-prod.gpsw408h240yaw348.jpg\" alt='Direct Link Express Deliveries Ltd' class=\"aligncenter\"><\/p>\n<p><strong>\u0130\u015fletmeden a\u00e7\u0131klama: <\/strong>Hi\u00e7biri Sa\u011flanmad\u0131<\/p>\n<p><strong>Ek Hizmetler:<\/strong><\/p>\n<p>Kurye hizmeti<\/p>\n<p>Nakliye Hizmeti<\/p>\n<p><strong>Adres:<\/strong> London House \u0130\u015f Merkezi, Thames Rd, Dartford DA1 4SL<\/p>\n<p><a href=\"http:\/\/www.directlink.co.uk\/\" target=\"_new\" rel=\"noopener\">Direct Link Express Deliveries Ltd web sitesi<\/a><\/p>\n<p><strong>\u0130nceleme Puan\u0131: <\/strong>3.7<br \/> <strong>Yorum Say\u0131s\u0131:<\/strong> 6<br \/><a href=\"https:\/\/www.google.co.uk\/maps?cid=4455250918263132633&#038;hl=en&#038;gl=GB\" target=\"_new\" rel=\"noopener\">Yorumlar\u0131 Oku<\/a><\/p>\n<h2><span class=\"ez-toc-section\" id=\"M_and_M_Global_Forwarding_Limited\"><\/span>M and M Global Forwarding Limited<span class=\"ez-toc-section-end\"><\/span><\/h2>\n<p><img decoding=\"async\" src=\"https:\/\/moverdb.com\/wp-content\/uploads\/thumbnailpanoidJiLYm7ajfY2Ji-TPuJsEqwcb_clientsearch.gws-prod.gpsw408h240yaw315.jpg\" alt='M and M Global Forwarding Limited' class=\"aligncenter\"><\/p>\n<p><strong>\u0130\u015fletmeden a\u00e7\u0131klama: <\/strong><a href=\"https:\/\/moverdb.com\/tr\/freight-forwarder\/\" data-internallinksmanager029f6b8e52c=\"17\" title=\"Freight Forwarder &amp; NVOCC Uluslararas\u0131 Maliyet ve \u015eirketler Rehberi\">Freight Forwarder<\/a> Dartford, Kent merkezli.<\/p>\n<p> Hizmetler \u0130thalat, \u0130hracat, G\u00fcmr\u00fckleme ve <a href=\"https:\/\/moverdb.com\/tr\/car-transport-shipping\/\" data-internallinksmanager029f6b8e52c=\"2\" title=\"2026 Uluslararas\u0131 Ara\u00e7 Ta\u015f\u0131ma &amp; Ara\u00e7 Nakliye Fiyatlar\u0131\">Ara\u00e7 Ta\u015f\u0131mac\u0131l\u0131\u011f\u0131<\/a><\/p>\n<p><strong>Ek Hizmetler:<\/strong><\/p>\n<p>Listelenmemi\u015f<\/p>\n<p><strong>Adres:<\/strong> 1, Invicta Park, Sandpit Rd, Dartford DA1 5BU<\/p>\n<p><a href=\"http:\/\/www.mandmglobal.co.uk\/\" target=\"_new\" rel=\"noopener\">M and M Global Forwarding Limited web sitesi<\/a><\/p>\n<p><strong>\u0130nceleme Puan\u0131: <\/strong>5<br \/> <strong>Yorum Say\u0131s\u0131:<\/strong> 2<br \/><a href=\"https:\/\/www.google.co.uk\/maps?cid=11324990825917211091&#038;hl=en&#038;gl=GB\" target=\"_new\" rel=\"noopener\">Yorumlar\u0131 Oku<\/a><\/p>\n<h2><span class=\"ez-toc-section\" id=\"Dachser_Ltd_Customs_Office\"><\/span>Dachser Ltd (G\u00fcmr\u00fck Ofisi)<span class=\"ez-toc-section-end\"><\/span><\/h2>\n<p><img decoding=\"async\" src=\"https:\/\/moverdb.com\/wp-content\/uploads\/AF1QipNl1LHqslf46goz3hqm0J3SPycOvnbpXBlawdM8w640-h240-k-no.jpg\" alt='Dachser Ltd (G\u00fcmr\u00fck Ofisi)' class=\"aligncenter\"><\/p>\n<p><strong>\u0130\u015fletmeden a\u00e7\u0131klama: <\/strong>Hi\u00e7biri Sa\u011flanmad\u0131<\/p>\n<p><strong>Ek Hizmetler:<\/strong><\/p>\n<p>Listelenmemi\u015f<\/p>\n<p><strong>Adres:<\/strong> Unnamed Road, Dartford DA2 6QP<\/p>\n<p><a href=\"http:\/\/www.dachser.com\/\" target=\"_new\" rel=\"noopener\">Dachser Ltd (G\u00fcmr\u00fck Ofisi) web sitesi<\/a><\/p>\n<p><strong>\u0130nceleme Puan\u0131: <\/strong>3<br \/> <strong>Yorum Say\u0131s\u0131:<\/strong> 4<br \/><a href=\"https:\/\/www.google.co.uk\/maps?cid=12105749977575430784&#038;hl=en&#038;gl=GB\" target=\"_new\" rel=\"noopener\">Yorumlar\u0131 Oku<\/a><\/p>\n<h2><span class=\"ez-toc-section\" id=\"Kerry_Logistics_UK_Limited\"><\/span>Kerry Logistics (UK) Limited<span class=\"ez-toc-section-end\"><\/span><\/h2>\n<p><img decoding=\"async\" src=\"https:\/\/moverdb.com\/wp-content\/uploads\/thumbnailpanoidj82dgNIMfM6o1GuLL0jXrwcb_clientsearch.gws-prod.gpsw408h240yaw209.jpg\" alt='Kerry Logistics (UK) Limited' class=\"aligncenter\"><\/p>\n<p><strong>\u0130\u015fletmeden a\u00e7\u0131klama: <\/strong>Hi\u00e7biri Sa\u011flanmad\u0131<\/p>\n<p><strong>Ek Hizmetler:<\/strong><\/p>\n<p>Lojistik hizmet<\/p>\n<p>Teslimat \u015eirketi<\/p>\n<p>Nakliye hizmeti<\/p>\n<p>Depo<\/p>\n<p><strong>Adres:<\/strong> Crossways Kargo Merkezi, 61 Galleon Bulvar\u0131, Dartford DA2 6QE<\/p>\n<p><a href=\"https:\/\/www.kerrylogistics.com\/en\/network\/europe\/uk\/\" target=\"_new\" rel=\"noopener\">Kerry Logistics (UK) Limited web sitesi<\/a><\/p>\n<p><strong>\u0130nceleme Puan\u0131: <\/strong>4<br \/> <strong>Yorum Say\u0131s\u0131:<\/strong> 3<br \/><a href=\"https:\/\/www.google.co.uk\/maps?cid=12993064075247924035&#038;hl=en&#038;gl=GB\" target=\"_new\" rel=\"noopener\">Yorumlar\u0131 Oku<\/a><\/p>\n<h2><span class=\"ez-toc-section\" id=\"Sovereign_Logistics\"><\/span>Egemen Lojistik<span class=\"ez-toc-section-end\"><\/span><\/h2>\n<p><img decoding=\"async\" src=\"https:\/\/moverdb.com\/wp-content\/uploads\/thumbnailpanoidiwc0cTi2KXDU3X5DyMEvYQcb_clientsearch.gws-prod.gpsw408h240yaw134.jpg\" alt='Egemen Lojistik' class=\"aligncenter\"><\/p>\n<p><strong>\u0130\u015fletmeden a\u00e7\u0131klama: <\/strong>Hi\u00e7biri Sa\u011flanmad\u0131<\/p>\n<p><strong>Ek Hizmetler:<\/strong><\/p>\n<p>Teslimat hizmeti<\/p>\n<p>Lojistik hizmet<\/p>\n<p><strong>Adres:<\/strong> GlaxoSmithKline, 1 Central Rd, Dartford DA1 5BG<\/p>\n<p><a href=\"http:\/\/sovereignlogisticsltd.co.uk\/\" target=\"_new\" rel=\"noopener\">Sovereign Logistics web sitesi<\/a><\/p>\n<p><strong>\u0130nceleme Puan\u0131: <\/strong>5<br \/> <strong>Yorum Say\u0131s\u0131:<\/strong> 1<br \/><a href=\"https:\/\/www.google.co.uk\/maps?cid=4725312178939241728&#038;hl=en&#038;gl=GB\" target=\"_new\" rel=\"noopener\">Yorumlar\u0131 Oku<\/a><\/p>\n<h2><span class=\"ez-toc-section\" id=\"Davies_Turner_Co_Ltd\"><\/span>Davies Turner &amp; Co Ltd<span class=\"ez-toc-section-end\"><\/span><\/h2>\n<p><img decoding=\"async\" src=\"https:\/\/moverdb.com\/wp-content\/uploads\/AF1QipMbvWwpm0d9zu_9Me6UzcOU5Bvi4BVHzUZpPqgsw408-h306-k-no.jpg\" alt='Davies Turner &amp; Co Ltd' class=\"aligncenter\"><\/p>\n<p><strong>\u0130\u015fletmeden a\u00e7\u0131klama: <\/strong>Hi\u00e7biri Sa\u011flanmad\u0131<\/p>\n<p><strong>Ek Hizmetler:<\/strong><\/p>\n<p>Teslimat \u015eirketi<\/p>\n<p><strong>Adres:<\/strong> Clipper Blvd W, Dartford DA2 6QJ<\/p>\n<p><a href=\"https:\/\/www.daviesturner.com\/\" target=\"_new\" rel=\"noopener\">Davies Turner &amp; Co Ltd web sitesi<\/a><\/p>\n<p><strong>\u0130nceleme Puan\u0131: <\/strong>3.7<br \/> <strong>Yorum Say\u0131s\u0131:<\/strong> 267<br \/><a href=\"https:\/\/www.google.co.uk\/maps?cid=9513850580015448857&#038;hl=en&#038;gl=GB\" target=\"_new\" rel=\"noopener\">Yorumlar\u0131 Oku<\/a><\/p>\n<h2><span class=\"ez-toc-section\" id=\"Solstor_UK\"><\/span>Solstor \u0130ngiltere<span class=\"ez-toc-section-end\"><\/span><\/h2>\n<p><img decoding=\"async\" src=\"https:\/\/moverdb.com\/wp-content\/uploads\/AF1QipO7It5-uciqIUqeKN5wiY3h8RCpyzfI-YwpWAeaw900-h240-k-no.jpg\" alt='Solstor \u0130ngiltere' class=\"aligncenter\"><\/p>\n<p><strong>\u0130\u015fletmeden a\u00e7\u0131klama: <\/strong>T\u00fcm b\u00f6lgede ula\u015f\u0131m hizmetleri <a href=\"https:\/\/moverdb.com\/tr\/moving-to-the-uk\/\" data-internallinksmanager029f6b8e52c=\"93\" title=\"Birle\u015fik Krall\u0131k&#039;a m\u0131 ta\u015f\u0131n\u0131yorsunuz? 2026 Ya\u015fam Maliyetleri &amp; Yer De\u011fi\u015ftirme \u0130pu\u00e7lar\u0131\">BIRLE\u015eIK KRALLIK<\/a> ve Avrupa<\/p>\n<p><strong>Ek Hizmetler:<\/strong><\/p>\n<p>Da\u011f\u0131t\u0131m Hizmeti<\/p>\n<p>Lojistik hizmet<\/p>\n<p>So\u011futmal\u0131 ta\u015f\u0131ma hizmeti<\/p>\n<p>Ula\u015f\u0131m hizmeti<\/p>\n<p>Kamyon ta\u015f\u0131mac\u0131l\u0131\u011f\u0131 \u015firketi<\/p>\n<p><strong>Adres:<\/strong> Thames House, Thames Rd, Dartford DA1 4QP<\/p>\n<p><a href=\"https:\/\/www.solstor.com\/\" target=\"_new\" rel=\"noopener\">Solstor \u0130ngiltere web sitesi<\/a><\/p>\n<p><strong>\u0130nceleme Puan\u0131: <\/strong>4.3<br \/> <strong>Yorum Say\u0131s\u0131:<\/strong> 85<br \/><a href=\"https:\/\/www.google.co.uk\/maps?cid=15098990223386987897&#038;hl=en&#038;gl=GB\" target=\"_new\" rel=\"noopener\">Yorumlar\u0131 Oku<\/a><\/p>\n<h2><span class=\"ez-toc-section\" id=\"How_we_picked_the_best_Dartford_Freight_Forwarding_Companies\"><\/span>En iyi Dartford Freight Forwarding \u015eirketlerini nas\u0131l se\u00e7tik<span class=\"ez-toc-section-end\"><\/span><\/h2>\n<p>Google Haritalar arac\u0131l\u0131\u011f\u0131yla bulabildi\u011fimiz 14 Dartford nakliye \u015firketinden olu\u015fan bir veri k\u00fcmesiyle ba\u015flad\u0131k ve en iyi 8'e indirdik.<\/p>\n<p>Bunu yapmak i\u00e7in \u015fu \u015firketleri \u00e7\u0131kard\u0131k:<\/p>\n<ul>\n<li> Web sitesi yoktu<\/li>\n<li> Hi\u00e7 yorum yoktu<\/li>\n<li> Ortalama inceleme puan\u0131n\u0131n 2,0'\u0131n alt\u0131nda olmas\u0131<\/li>\n<\/ul>\n<p>Bu noktada, 17 veya daha az ileticimiz varsa hepsini listeledik.<\/p>\n<p>Elimizde 17'den fazla ileticinin kald\u0131\u011f\u0131 \u015fehirler i\u00e7in gerekli inceleme puan\u0131n\u0131 art\u0131rarak (\u00f6rne\u011fin minimum 2.0'dan 4.0'a) ve\/veya gerekli minimum inceleme say\u0131s\u0131n\u0131 art\u0131rarak (\u00f6rne\u011fin en az 1 incelemeden en az 10'a) daha fazla revizyon yapt\u0131k.<\/p>\n<p>Di\u011fer \u00fc\u00e7\u00fcnc\u00fc taraf web sitelerinden de\u011fil, yaln\u0131zca Google Haritalar'dan al\u0131nan inceleme verilerini kulland\u0131\u011f\u0131m\u0131z\u0131 unutmay\u0131n.<\/p>\n<p>Daha fazla \u015fehir:<\/p>\n<p><a href=\"https:\/\/moverdb.com\/tr\/yuk-i%cc%87leti%cc%87ci%cc%87si%cc%87\/freight-forwarding-uk\/grays-freight-forwarder\/\">Grays Freight Forwarder<\/a><br \/><a href=\"https:\/\/moverdb.com\/tr\/yuk-i%cc%87leti%cc%87ci%cc%87si%cc%87\/freight-forwarding-uk\/sunbury-on-thames-freight-forwarder\/\">Sunbury-on-Thames Freight Forwarder<\/a><br \/><a href=\"https:\/\/moverdb.com\/tr\/yuk-i%cc%87leti%cc%87ci%cc%87si%cc%87\/freight-forwarding-uk\/hull-freight-forwarder\/\">Hull Nakliye Firmas\u0131<\/a><br \/><a href=\"https:\/\/moverdb.com\/tr\/yuk-i%cc%87leti%cc%87ci%cc%87si%cc%87\/freight-forwarding-uk\/witham-freight-forwarder\/\">Witham Freight Forwarder<\/a><br \/><a href=\"https:\/\/moverdb.com\/tr\/yuk-i%cc%87leti%cc%87ci%cc%87si%cc%87\/freight-forwarding-uk\/paisley-freight-forwarder\/\">Paisley Freight Forwarder<\/a><\/p>","protected":false},"excerpt":{"rendered":"<p>Below we look at the 8 &#8220;best&#8221; Freight Forwarding companies in Dartford out of 14. To learn more about how we chose the best please consult our FAQ section at the end. Please not the following listings are in no particular order and we are not making any recommendations for any particular company. Pentagon Freight [&hellip;]<\/p>\n","protected":false},"author":1,"featured_media":0,"parent":13427,"menu_order":0,"comment_status":"open","ping_status":"open","template":"","meta":{"_genesis_hide_title":false,"_genesis_hide_breadcrumbs":false,"_genesis_hide_singular_image":false,"_genesis_hide_footer_widgets":false,"_genesis_custom_body_class":"","_genesis_custom_post_class":"","_genesis_layout":"","footnotes":""},"class_list":{"0":"post-13805","1":"page","2":"type-page","3":"status-publish","5":"entry"},"_links":{"self":[{"href":"https:\/\/moverdb.com\/tr\/wp-json\/wp\/v2\/pages\/13805","targetHints":{"allow":["GET"]}}],"collection":[{"href":"https:\/\/moverdb.com\/tr\/wp-json\/wp\/v2\/pages"}],"about":[{"href":"https:\/\/moverdb.com\/tr\/wp-json\/wp\/v2\/types\/page"}],"author":[{"embeddable":true,"href":"https:\/\/moverdb.com\/tr\/wp-json\/wp\/v2\/users\/1"}],"replies":[{"embeddable":true,"href":"https:\/\/moverdb.com\/tr\/wp-json\/wp\/v2\/comments?post=13805"}],"version-history":[{"count":1,"href":"https:\/\/moverdb.com\/tr\/wp-json\/wp\/v2\/pages\/13805\/revisions"}],"predecessor-version":[{"id":15802,"href":"https:\/\/moverdb.com\/tr\/wp-json\/wp\/v2\/pages\/13805\/revisions\/15802"}],"up":[{"embeddable":true,"href":"https:\/\/moverdb.com\/tr\/wp-json\/wp\/v2\/pages\/13427"}],"wp:attachment":[{"href":"https:\/\/moverdb.com\/tr\/wp-json\/wp\/v2\/media?parent=13805"}],"curies":[{"name":"wp","href":"https:\/\/api.w.org\/{rel}","templated":true}]}}