{"id":13691,"date":"2023-11-08T15:51:25","date_gmt":"2023-11-08T15:51:25","guid":{"rendered":"https:\/\/moverdb.com\/freight-forwarder\/freight-forwarding-uk\/leeds-freight-forwarder\/"},"modified":"2026-01-08T14:55:31","modified_gmt":"2026-01-08T14:55:31","slug":"leeds-freight-forwarder","status":"publish","type":"page","link":"https:\/\/moverdb.com\/tr\/freight-forwarder\/freight-forwarding-uk\/leeds-freight-forwarder\/","title":{"rendered":"En \u0130yi 11 Leeds Nakliye \u015eirketi (2024)"},"content":{"rendered":"<p>A\u015fa\u011f\u0131da 11 tanesine bak\u0131yoruz <em>\"en iyi\"<\/em> Freight Forwarding \u015firketleri <a href=\"\" data-internallinksmanager029f6b8e52c=\"48\" title=\"Leeds\">Leeds<\/a> 28 \u00fczerinden.<\/p>\n<p>En iyiyi nas\u0131l se\u00e7ti\u011fimiz hakk\u0131nda daha fazla bilgi edinmek i\u00e7in l\u00fctfen sondaki SSS b\u00f6l\u00fcm\u00fcm\u00fcze bak\u0131n.<\/p>\n<p><em>L\u00fctfen a\u015fa\u011f\u0131daki listelerin belirli bir s\u0131rada olmad\u0131\u011f\u0131n\u0131 ve belirli bir \u015firket i\u00e7in herhangi bir tavsiyede bulunmad\u0131\u011f\u0131m\u0131z\u0131 unutmay\u0131n.<\/em><\/p>\n<div id=\"ez-toc-container\" class=\"ez-toc-v2_0_82_2 ez-toc-wrap-left counter-hierarchy ez-toc-counter ez-toc-transparent ez-toc-container-direction\">\n<div class=\"ez-toc-title-container\">\n<p class=\"ez-toc-title\" style=\"cursor:inherit\">B\u00f6l\u00fcmler<\/p>\n<span class=\"ez-toc-title-toggle\"><a href=\"#\" class=\"ez-toc-pull-right ez-toc-btn ez-toc-btn-xs ez-toc-btn-default ez-toc-toggle\" aria-label=\"\u0130\u00e7indekiler Tablosunu A\u00e7\/Kapat\"><span class=\"ez-toc-js-icon-con\"><span class=\"\"><span class=\"eztoc-hide\" style=\"display:none;\">Ge\u00e7i\u015f<\/span><span class=\"ez-toc-icon-toggle-span\"><svg style=\"fill: #999;color:#999\" xmlns=\"http:\/\/www.w3.org\/2000\/svg\" class=\"list-377408\" width=\"20px\" height=\"20px\" viewbox=\"0 0 24 24\" fill=\"none\"><path d=\"M6 6H4v2h2V6zm14 0H8v2h12V6zM4 11h2v2H4v-2zm16 0H8v2h12v-2zM4 16h2v2H4v-2zm16 0H8v2h12v-2z\" fill=\"currentColor\"><\/path><\/svg><svg style=\"fill: #999;color:#999\" class=\"arrow-unsorted-368013\" xmlns=\"http:\/\/www.w3.org\/2000\/svg\" width=\"10px\" height=\"10px\" viewbox=\"0 0 24 24\" version=\"1.2\" baseprofile=\"tiny\"><path d=\"M18.2 9.3l-6.2-6.3-6.2 6.3c-.2.2-.3.4-.3.7s.1.5.3.7c.2.2.4.3.7.3h11c.3 0 .5-.1.7-.3.2-.2.3-.5.3-.7s-.1-.5-.3-.7zM5.8 14.7l6.2 6.3 6.2-6.3c.2-.2.3-.5.3-.7s-.1-.5-.3-.7c-.2-.2-.4-.3-.7-.3h-11c-.3 0-.5.1-.7.3-.2.2-.3.5-.3.7s.1.5.3.7z\"\/><\/svg><\/span><\/span><\/span><\/a><\/span><\/div>\n<nav><ul class='ez-toc-list ez-toc-list-level-1 eztoc-toggle-hide-by-default' ><li class='ez-toc-page-1 ez-toc-heading-level-2'><a class=\"ez-toc-link ez-toc-heading-1\" href=\"https:\/\/moverdb.com\/tr\/freight-forwarder\/freight-forwarding-uk\/leeds-freight-forwarder\/#Stagefreight_Ltd\" >Stagefreight Ltd<\/a><\/li><li class='ez-toc-page-1 ez-toc-heading-level-2'><a class=\"ez-toc-link ez-toc-heading-2\" href=\"https:\/\/moverdb.com\/tr\/freight-forwarder\/freight-forwarding-uk\/leeds-freight-forwarder\/#Noahs_Ark_to_Southern_Africa\" >Nuh'un Gemisi G\u00fcney Afrika'ya<\/a><\/li><li class='ez-toc-page-1 ez-toc-heading-level-2'><a class=\"ez-toc-link ez-toc-heading-3\" href=\"https:\/\/moverdb.com\/tr\/freight-forwarder\/freight-forwarding-uk\/leeds-freight-forwarder\/#Tudor_International_Freight_Limited\" >Tudor International Freight Limited<\/a><\/li><li class='ez-toc-page-1 ez-toc-heading-level-2'><a class=\"ez-toc-link ez-toc-heading-4\" href=\"https:\/\/moverdb.com\/tr\/freight-forwarder\/freight-forwarding-uk\/leeds-freight-forwarder\/#Kuehne_Nagel_Ltd\" >Kuehne &amp; Nagel Ltd<\/a><\/li><li class='ez-toc-page-1 ez-toc-heading-level-2'><a class=\"ez-toc-link ez-toc-heading-5\" href=\"https:\/\/moverdb.com\/tr\/freight-forwarder\/freight-forwarding-uk\/leeds-freight-forwarder\/#Quality_Freight_Services_Ltd\" >Kalite Nakliye Hizmetleri Ltd<\/a><\/li><li class='ez-toc-page-1 ez-toc-heading-level-2'><a class=\"ez-toc-link ez-toc-heading-6\" href=\"https:\/\/moverdb.com\/tr\/freight-forwarder\/freight-forwarding-uk\/leeds-freight-forwarder\/#Fusion_Freight_Ltd\" >Fusion Freight Ltd<\/a><\/li><li class='ez-toc-page-1 ez-toc-heading-level-2'><a class=\"ez-toc-link ez-toc-heading-7\" href=\"https:\/\/moverdb.com\/tr\/freight-forwarder\/freight-forwarding-uk\/leeds-freight-forwarder\/#Carry_Cargo_International_Freight_Forwarders\" >Carry Cargo Uluslararas\u0131 Nakliye Firmalar\u0131<\/a><\/li><li class='ez-toc-page-1 ez-toc-heading-level-2'><a class=\"ez-toc-link ez-toc-heading-8\" href=\"https:\/\/moverdb.com\/tr\/freight-forwarder\/freight-forwarding-uk\/leeds-freight-forwarder\/#Global_Freight_Managment\" >K\u00fcresel Nakliye Y\u00f6netimi<\/a><\/li><li class='ez-toc-page-1 ez-toc-heading-level-2'><a class=\"ez-toc-link ez-toc-heading-9\" href=\"https:\/\/moverdb.com\/tr\/freight-forwarder\/freight-forwarding-uk\/leeds-freight-forwarder\/#NF_Global_Logistics_Ltd\" >NF Global Lojistik Ltd<\/a><\/li><li class='ez-toc-page-1 ez-toc-heading-level-2'><a class=\"ez-toc-link ez-toc-heading-10\" href=\"https:\/\/moverdb.com\/tr\/freight-forwarder\/freight-forwarding-uk\/leeds-freight-forwarder\/#Viamaster_International_Limited\" >Viamaster International Limited<\/a><\/li><li class='ez-toc-page-1 ez-toc-heading-level-2'><a class=\"ez-toc-link ez-toc-heading-11\" href=\"https:\/\/moverdb.com\/tr\/freight-forwarder\/freight-forwarding-uk\/leeds-freight-forwarder\/#Trafertir_Group\" >Trafertir Grup<\/a><\/li><li class='ez-toc-page-1 ez-toc-heading-level-2'><a class=\"ez-toc-link ez-toc-heading-12\" href=\"https:\/\/moverdb.com\/tr\/freight-forwarder\/freight-forwarding-uk\/leeds-freight-forwarder\/#How_we_picked_the_best_Leeds_Freight_Forwarding_Companies\" >En iyi Leeds Freight Forwarding \u015eirketlerini nas\u0131l se\u00e7tik?<\/a><\/li><\/ul><\/nav><\/div>\n<h2><span class=\"ez-toc-section\" id=\"Stagefreight_Ltd\"><\/span>Stagefreight Ltd<span class=\"ez-toc-section-end\"><\/span><\/h2>\n<p><img decoding=\"async\" src=\"https:\/\/moverdb.com\/wp-content\/uploads\/thumbnailpanoidsJktWw5RLAFUCA7lS3M8gQcb_clientsearch.gws-prod.gpsw408h240yaw224.jpg\" alt='Stagefreight Ltd' class=\"aligncenter\"><\/p>\n<p><strong>\u0130\u015fletmeden a\u00e7\u0131klama: <\/strong>Hi\u00e7biri Sa\u011flanmad\u0131<\/p>\n<p><strong>Ek Hizmetler:<\/strong><\/p>\n<p>Listelenmemi\u015f<\/p>\n<p><strong>Adres:<\/strong> 8 Evanston Ave, Burley, Leeds LS4 2HR<\/p>\n<p><a href=\"http:\/\/www.stagefreight.com\/\" target=\"_new\" rel=\"noopener\">Stagefreight Ltd web sitesi<\/a><\/p>\n<p><strong>\u0130nceleme Puan\u0131: <\/strong>4.7<br \/> <strong>Yorum Say\u0131s\u0131:<\/strong> 27<br \/><a href=\"https:\/\/www.google.co.uk\/maps?cid=9757600350515855313&#038;hl=en&#038;gl=GB\" target=\"_new\" rel=\"noopener\">Yorumlar\u0131 Oku<\/a><\/p>\n<h2><span class=\"ez-toc-section\" id=\"Noahs_Ark_to_Southern_Africa\"><\/span>Nuh'un Gemisi G\u00fcney Afrika'ya<span class=\"ez-toc-section-end\"><\/span><\/h2>\n<p><img decoding=\"async\" src=\"https:\/\/moverdb.com\/wp-content\/uploads\/AF1QipMvthLpRPbuH16UhBntAk7oZDa1ogf8hWs_8nhPw408-h306-k-no.jpg\" alt='Noah's ark to southern africa\" class=\"aligncenter\"><\/p>\n<p><strong>\u0130\u015fletmeden a\u00e7\u0131klama: <\/strong>Hi\u00e7biri Sa\u011flanmad\u0131<\/p>\n<p><strong>Ek Hizmetler:<\/strong><\/p>\n<p>Listelenmemi\u015f<\/p>\n<p><strong>Adres:<\/strong> 72 Nowell Mount, Harehills, Leeds LS9 6JH<\/p>\n<p><a href=\"https:\/\/noahsarktosouthernafrica.com\/\" target=\"_new\" rel=\"noopener\">Nuh'un Gemisi G\u00fcney Afrika'ya web sitesi<\/a><\/p>\n<p><strong>\u0130nceleme Puan\u0131: <\/strong>5<br \/> <strong>Yorum Say\u0131s\u0131:<\/strong> 1<br \/><a href=\"https:\/\/www.google.co.uk\/maps?cid=16036025965323173007&#038;hl=en&#038;gl=GB\" target=\"_new\" rel=\"noopener\">Yorumlar\u0131 Oku<\/a><\/p>\n<h2><span class=\"ez-toc-section\" id=\"Tudor_International_Freight_Limited\"><\/span>Tudor International Freight Limited<span class=\"ez-toc-section-end\"><\/span><\/h2>\n<p><img decoding=\"async\" src=\"https:\/\/moverdb.com\/wp-content\/uploads\/AF1QipMREhEK80k6eJRKoCmQbGise92eKOEQmH6Eb_Ghw408-h272-k-no.jpg\" alt='Tudor International Freight Limited' class=\"aligncenter\"><\/p>\n<p><strong>\u0130\u015fletmeden a\u00e7\u0131klama: <\/strong>Tudor International Freight, bir aile \u015firketi olan ba\u011f\u0131ms\u0131z bir <a href=\"https:\/\/moverdb.com\/tr\/freight-forwarder\/\" data-internallinksmanager029f6b8e52c=\"17\" title=\"Freight Forwarder &amp; NVOCC Uluslararas\u0131 Maliyet ve \u015eirketler Rehberi\">navlun nakli\u0307yeci\u0307si\u0307<\/a> AEO stat\u00fcs\u00fcne sahip, uluslararas\u0131 alanda tan\u0131nan bir u\u00e7urtma i\u015fareti.<\/p>\n<p> Uluslararas\u0131 y\u00fck nakliyesine ihtiya\u00e7 duyan i\u015fletmelere ve bireylere \u0131smarlama bir hizmet sunuyoruz.<\/p>\n<p>Dinamik ve hevesli ekibimiz, ister \u00f6zel ekipman, ister tehlikeli kargo, b\u00fcy\u00fck boyutlu kargo, fazla bagaj veya de\u011ferli ki\u015fisel e\u015fyalar olsun, d\u00fcnya \u00e7ap\u0131nda de\u011ferli kargo ta\u015f\u0131mac\u0131l\u0131\u011f\u0131 konusunda 30 y\u0131ll\u0131k deneyime sahiptir.<\/p>\n<p> Her boyuttaki kargoyu d\u00fcnyan\u0131n her yerine h\u0131zl\u0131, g\u00fcvenli ve g\u00fcvenilir bir \u015fekilde g\u00f6nderebiliriz.<\/p>\n<p>D\u00fcnya \u00e7ap\u0131nda yerle\u015fik bir nakliye ba\u011flant\u0131 a\u011f\u0131na sahibiz ve bu sayede <a href=\"https:\/\/moverdb.com\/tr\/moving-to-the-united-states\/\" data-internallinksmanager029f6b8e52c=\"94\" title=\"Amerika Birle\u015fik Devletleri&#039;ne mi ta\u015f\u0131n\u0131yorsunuz? 2026 Ya\u015fam Maliyetleri ve Yer De\u011fi\u015ftirme \u0130pu\u00e7lar\u0131\">Biz<\/a> Size ger\u00e7ekten ki\u015fisel bir deneyim sunmak i\u00e7in.<\/p>\n<p> Kullan\u0131m\u0131 kolay ve g\u00fcvenilir bir hizmet sunarken ayn\u0131 ekip \u00fcyesiyle muhatap olacaks\u0131n\u0131z.<\/p>\n<p><strong>Ek Hizmetler:<\/strong><\/p>\n<p>Lojistik hizmet<\/p>\n<p>Nakliye hizmeti<\/p>\n<p><strong>Adres:<\/strong> Low Hall, \u0130\u015f Park\u0131, Low Hall Rd, Horsforth, Leeds LS18 4EF<\/p>\n<p><a href=\"http:\/\/www.tudorfreight.com\/\" target=\"_new\" rel=\"noopener\">Tudor International Freight Limited web sitesi<\/a><\/p>\n<p><strong>\u0130nceleme Puan\u0131: <\/strong>4.4<br \/> <strong>Yorum Say\u0131s\u0131:<\/strong> 44<br \/><a href=\"https:\/\/www.google.co.uk\/maps?cid=8487732839538556092&#038;hl=en&#038;gl=GB\" target=\"_new\" rel=\"noopener\">Yorumlar\u0131 Oku<\/a><\/p>\n<h2><span class=\"ez-toc-section\" id=\"Kuehne_Nagel_Ltd\"><\/span>Kuehne &amp; Nagel Ltd<span class=\"ez-toc-section-end\"><\/span><\/h2>\n<p><img decoding=\"async\" src=\"https:\/\/moverdb.com\/wp-content\/uploads\/AF1QipP0zPGPwk7_marPNKRstoWkUfYjwaclwZGsPf4Lw408-h726-k-no.jpg\" alt='Kuehne &amp; Nagel Ltd' class=\"aligncenter\"><\/p>\n<p><strong>\u0130\u015fletmeden a\u00e7\u0131klama: <\/strong>Hi\u00e7biri Sa\u011flanmad\u0131<\/p>\n<p><strong>Ek Hizmetler:<\/strong><\/p>\n<p>Listelenmemi\u015f<\/p>\n<p><strong>Adres:<\/strong> 1, Colton Mill, Bullerthorpe Ln, Colton, Leeds LS15 9JN<\/p>\n<p><a href=\"https:\/\/uk.kuehne-nagel.com\/\" target=\"_new\" rel=\"noopener\">Kuehne &amp; Nagel Ltd web sitesi<\/a><\/p>\n<p><strong>\u0130nceleme Puan\u0131: <\/strong>5<br \/> <strong>Yorum Say\u0131s\u0131:<\/strong> 4<br \/><a href=\"https:\/\/www.google.co.uk\/maps?cid=3787922263189969010&#038;hl=en&#038;gl=GB\" target=\"_new\" rel=\"noopener\">Yorumlar\u0131 Oku<\/a><\/p>\n<h2><span class=\"ez-toc-section\" id=\"Quality_Freight_Services_Ltd\"><\/span>Kalite Nakliye Hizmetleri Ltd<span class=\"ez-toc-section-end\"><\/span><\/h2>\n<p><img decoding=\"async\" src=\"https:\/\/moverdb.com\/wp-content\/uploads\/thumbnailpanoidBof9WTiHN4fkDqkDKk1hZwcb_clientsearch.gws-prod.gpsw408h240yaw334.jpg\" alt='Kalite Nakliye Hizmetleri Ltd' class=\"aligncenter\"><\/p>\n<p><strong>\u0130\u015fletmeden a\u00e7\u0131klama: <\/strong>Hi\u00e7biri Sa\u011flanmad\u0131<\/p>\n<p><strong>Ek Hizmetler:<\/strong><\/p>\n<p>Listelenmemi\u015f<\/p>\n<p><strong>Adres:<\/strong> Suite E, Priestley House, 170 Elland Rd, Beeston, Leeds LS11 8BU<\/p>\n<p><a href=\"http:\/\/www.qualityfreight.co.uk\/\" target=\"_new\" rel=\"noopener\">Quality Freight Services Ltd web sitesi<\/a><\/p>\n<p><strong>\u0130nceleme Puan\u0131: <\/strong>5<br \/> <strong>Yorum Say\u0131s\u0131:<\/strong> 2<br \/><a href=\"https:\/\/www.google.co.uk\/maps?cid=8608667554999515229&#038;hl=en&#038;gl=GB\" target=\"_new\" rel=\"noopener\">Yorumlar\u0131 Oku<\/a><\/p>\n<h2><span class=\"ez-toc-section\" id=\"Fusion_Freight_Ltd\"><\/span>Fusion Freight Ltd<span class=\"ez-toc-section-end\"><\/span><\/h2>\n<p><img decoding=\"async\" src=\"https:\/\/moverdb.com\/wp-content\/uploads\/AF1QipPDMcV52CQ0kWzpt4GgAJSOLEn8NrVjmocyG5zmw408-h725-k-no.jpg\" alt='Fusion Freight Ltd' class=\"aligncenter\"><\/p>\n<p><strong>\u0130\u015fletmeden a\u00e7\u0131klama: <\/strong>Hi\u00e7biri Sa\u011flanmad\u0131<\/p>\n<p><strong>Ek Hizmetler:<\/strong><\/p>\n<p>Listelenmemi\u015f<\/p>\n<p><strong>Adres:<\/strong> Birim 3, Kingsmark Court, Intercity Way, Leeds LS13 4PN<\/p>\n<p><a href=\"http:\/\/www.fusionfreight.com\/\" target=\"_new\" rel=\"noopener\">Fusion Freight Ltd web sitesi<\/a><\/p>\n<p><strong>\u0130nceleme Puan\u0131: <\/strong>4.5<br \/> <strong>Yorum Say\u0131s\u0131:<\/strong> 17<br \/><a href=\"https:\/\/www.google.co.uk\/maps?cid=15920323368237844885&#038;hl=en&#038;gl=GB\" target=\"_new\" rel=\"noopener\">Yorumlar\u0131 Oku<\/a><\/p>\n<h2><span class=\"ez-toc-section\" id=\"Carry_Cargo_International_Freight_Forwarders\"><\/span>Carry Cargo Uluslararas\u0131 Nakliye Firmalar\u0131<span class=\"ez-toc-section-end\"><\/span><\/h2>\n<p><img decoding=\"async\" src=\"https:\/\/moverdb.com\/wp-content\/uploads\/thumbnailpanoideABAuGLLncylD8Ubd7Rk2Qcb_clientsearch.gws-prod.gpsw408h240yaw122.jpg\" alt='Carry Cargo Uluslararas\u0131 Nakliye Firmalar\u0131' class=\"aligncenter\"><\/p>\n<p><strong>\u0130\u015fletmeden a\u00e7\u0131klama: <\/strong>Standart olarak m\u00fckemmelli\u011fe ve ba\u015far\u0131l\u0131 olmak i\u00e7in bilgi ve h\u0131rsa sahip olmak bizim misyonumuzdur.<\/p>\n<p>Y\u00fck\u00fcn\u00fcz\u00fc \u00e7\u0131k\u0131\u015f noktas\u0131ndan var\u0131\u015f noktas\u0131na g\u00fcvenli, emniyetli, zaman\u0131nda ve b\u00fct\u00e7e dahilinde ta\u015f\u0131mak i\u00e7in en iyi \u00e7\u00f6z\u00fcm\u00fc sa\u011flamay\u0131 taahh\u00fct ediyoruz.<\/p>\n<p>Carry Cargo olarak, kargonuzun de\u011ferinin sizin i\u00e7in \u00f6nemli oldu\u011funu, bunun sadece parayla de\u011fil, zaman, duygu ve sonu\u00e7larla \u00f6l\u00e7\u00fclebilece\u011fini biliyoruz.<\/p>\n<p> Teklif a\u015famas\u0131ndan teslimata kadar sizi bilgilendiriyor, kargonuzu g\u00fcncel teknolojiyi kullanarak takip ediyor ve i\u00e7inizin rahat olmas\u0131n\u0131 sa\u011fl\u0131yoruz.<\/p>\n<p><strong>Ek Hizmetler:<\/strong><\/p>\n<p>Lojistik hizmet<\/p>\n<p>Nakliye hizmeti<\/p>\n<p><strong>Adres:<\/strong> Ricketts House, Stourton Business Park, Wakefield Rd, Leeds LS10 1DS<\/p>\n<p><a href=\"https:\/\/www.carrycargo.com\/\" target=\"_new\" rel=\"noopener\">Carry Cargo International Freight Forwarders web sitesi<\/a><\/p>\n<p><strong>\u0130nceleme Puan\u0131: <\/strong>4.6<br \/> <strong>Yorum Say\u0131s\u0131:<\/strong> 10<br \/><a href=\"https:\/\/www.google.co.uk\/maps?cid=18213844545272113774&#038;hl=en&#038;gl=GB\" target=\"_new\" rel=\"noopener\">Yorumlar\u0131 Oku<\/a><\/p>\n<h2><span class=\"ez-toc-section\" id=\"Global_Freight_Managment\"><\/span>K\u00fcresel Nakliye Y\u00f6netimi<span class=\"ez-toc-section-end\"><\/span><\/h2>\n<p><img decoding=\"async\" src=\"https:\/\/moverdb.com\/wp-content\/uploads\/AF1QipPkyTG4iVgIl4OSeFHzId74vxXlYbQcBnkU_Jg-w427-h240-k-no.png\" alt='K\u00fcresel Nakliye Y\u00f6netimi' class=\"aligncenter\"><\/p>\n<p><strong>\u0130\u015fletmeden a\u00e7\u0131klama: <\/strong>d\u00fcnya li\u0307deri\u0307 loji\u0307sti\u0307k ve ta\u015fimacilik kurulu\u015fu<\/p>\n<p><strong>Ek Hizmetler:<\/strong><\/p>\n<p>Listelenmemi\u015f<\/p>\n<p><strong>Adres:<\/strong> High St, Yeadon, Leeds LS19 7PP<\/p>\n<p><a href=\"http:\/\/www.gfmonline.co.uk\/\" target=\"_new\" rel=\"noopener\">Global Freight Managment web sitesi<\/a><\/p>\n<p><strong>\u0130nceleme Puan\u0131: <\/strong>2.3<br \/> <strong>Yorum Say\u0131s\u0131:<\/strong> 6<br \/><a href=\"https:\/\/www.google.co.uk\/maps?cid=656515835401224958&#038;hl=en&#038;gl=GB\" target=\"_new\" rel=\"noopener\">Yorumlar\u0131 Oku<\/a><\/p>\n<h2><span class=\"ez-toc-section\" id=\"NF_Global_Logistics_Ltd\"><\/span>NF Global Lojistik Ltd<span class=\"ez-toc-section-end\"><\/span><\/h2>\n<p><img decoding=\"async\" src=\"https:\/\/moverdb.com\/wp-content\/uploads\/AF1QipOAcyJQVzFwLxPJmR6iWwjyM1ma2yGwCyCe5ioTw408-h544-k-no.jpg\" alt='NF Global Lojistik Ltd' class=\"aligncenter\"><\/p>\n<p><strong>\u0130\u015fletmeden a\u00e7\u0131klama: <\/strong>Nakliye Hizmetleri<\/p>\n<p><strong>Ek Hizmetler:<\/strong><\/p>\n<p>Depo<\/p>\n<p><strong>Adres:<\/strong> Hawthorne court, 7, Howley Park Rd, Morley LS27 0FD<\/p>\n<p><a href=\"http:\/\/www.nfglobal.co.uk\/\" target=\"_new\" rel=\"noopener\">NF Global Logistics Ltd web sitesi<\/a><\/p>\n<p><strong>\u0130nceleme Puan\u0131: <\/strong>4.9<br \/> <strong>Yorum Say\u0131s\u0131:<\/strong> 7<br \/><a href=\"https:\/\/www.google.co.uk\/maps?cid=9198514970112206911&#038;hl=en&#038;gl=GB\" target=\"_new\" rel=\"noopener\">Yorumlar\u0131 Oku<\/a><\/p>\n<h2><span class=\"ez-toc-section\" id=\"Viamaster_International_Limited\"><\/span>Viamaster International Limited<span class=\"ez-toc-section-end\"><\/span><\/h2>\n<p><img decoding=\"async\" src=\"https:\/\/moverdb.com\/wp-content\/uploads\/AF1QipPV1p95eNeHZw3qrswKb6XlZYsUHa_zWFSTY-SJw408-h272-k-no.jpg\" alt='Viamaster International Limited' class=\"aligncenter\"><\/p>\n<p><strong>\u0130\u015fletmeden a\u00e7\u0131klama: <\/strong>G\u00fcvenilir uluslararas\u0131 nakliye ve lojistik hizmetleri - esnek, dostane ve g\u00fcvenilir.<\/p>\n<p> Her seferinde g\u00fcvenebilece\u011finiz kapsaml\u0131 ve uygun maliyetli kara, deniz ve hava ta\u015f\u0131mac\u0131l\u0131\u011f\u0131.<\/p>\n<p><strong>Ek Hizmetler:<\/strong><\/p>\n<p>Lojistik hizmet<\/p>\n<p><strong>Adres:<\/strong> Birim 10, 27 Sanayi Sitesi, Bruntcliffe Ave, Morley, Leeds LS27 0LL<\/p>\n<p><a href=\"http:\/\/www.viamaster-intl.com\/\" target=\"_new\" rel=\"noopener\">Viamaster International Limited web sitesi<\/a><\/p>\n<p><strong>\u0130nceleme Puan\u0131: <\/strong>4.4<br \/> <strong>Yorum Say\u0131s\u0131:<\/strong> 74<br \/><a href=\"https:\/\/www.google.co.uk\/maps?cid=18239256683452347988&#038;hl=en&#038;gl=GB\" target=\"_new\" rel=\"noopener\">Yorumlar\u0131 Oku<\/a><\/p>\n<h2><span class=\"ez-toc-section\" id=\"Trafertir_Group\"><\/span>Trafertir Grup<span class=\"ez-toc-section-end\"><\/span><\/h2>\n<p><img decoding=\"async\" src=\"https:\/\/moverdb.com\/wp-content\/uploads\/AF1QipOtPY6q4N7snJ6vm-KJ7gdS1xe8UbTP4Q7SC-Qxw408-h306-k-no.jpg\" alt='Trafertir Grup' class=\"aligncenter\"><\/p>\n<p><strong>\u0130\u015fletmeden a\u00e7\u0131klama: <\/strong>Hi\u00e7biri Sa\u011flanmad\u0131<\/p>\n<p><strong>Ek Hizmetler:<\/strong><\/p>\n<p>Teslimat \u015eirketi<\/p>\n<p><strong>Adres:<\/strong> Birim 4, Towngate \u0130\u015f Merkezi, Cross Green Vale, Leeds LS9 0SJ<\/p>\n<p><a href=\"http:\/\/www.trafertir.com\/\" target=\"_new\" rel=\"noopener\">Trafertir Group web sitesi<\/a><\/p>\n<p><strong>\u0130nceleme Puan\u0131: <\/strong>4.5<br \/> <strong>Yorum Say\u0131s\u0131:<\/strong> 6<br \/><a href=\"https:\/\/www.google.co.uk\/maps?cid=9097938560071127250&#038;hl=en&#038;gl=GB\" target=\"_new\" rel=\"noopener\">Yorumlar\u0131 Oku<\/a><\/p>\n<h2><span class=\"ez-toc-section\" id=\"How_we_picked_the_best_Leeds_Freight_Forwarding_Companies\"><\/span>En iyi Leeds Freight Forwarding \u015eirketlerini nas\u0131l se\u00e7tik?<span class=\"ez-toc-section-end\"><\/span><\/h2>\n<p>Google Haritalar \u00fczerinden bulabildi\u011fimiz 28 Leeds nakliye \u015firketinden olu\u015fan bir veri setiyle ba\u015flad\u0131k ve en iyi 11'e indirdik.<\/p>\n<p>Bunu yapmak i\u00e7in \u015fu \u015firketleri \u00e7\u0131kard\u0131k:<\/p>\n<ul>\n<li> Web sitesi yoktu<\/li>\n<li> Hi\u00e7 yorum yoktu<\/li>\n<li> Ortalama inceleme puan\u0131n\u0131n 2,0'\u0131n alt\u0131nda olmas\u0131<\/li>\n<\/ul>\n<p>Bu noktada, 17 veya daha az ileticimiz varsa hepsini listeledik.<\/p>\n<p>Elimizde 17'den fazla ileticinin kald\u0131\u011f\u0131 \u015fehirler i\u00e7in gerekli inceleme puan\u0131n\u0131 art\u0131rarak (\u00f6rne\u011fin minimum 2.0'dan 4.0'a) ve\/veya gerekli minimum inceleme say\u0131s\u0131n\u0131 art\u0131rarak (\u00f6rne\u011fin en az 1 incelemeden en az 10'a) daha fazla revizyon yapt\u0131k.<\/p>\n<p>Di\u011fer \u00fc\u00e7\u00fcnc\u00fc taraf web sitelerinden de\u011fil, yaln\u0131zca Google Haritalar'dan al\u0131nan inceleme verilerini kulland\u0131\u011f\u0131m\u0131z\u0131 unutmay\u0131n.<\/p>\n<p>Daha fazla \u015fehir:<\/p>\n<p><a href=\"https:\/\/moverdb.com\/tr\/yuk-i%cc%87leti%cc%87ci%cc%87si%cc%87\/freight-forwarding-uk\/belfast-freight-forwarder\/\">Belfast Freight Forwarder<\/a><br \/><a href=\"https:\/\/moverdb.com\/tr\/yuk-i%cc%87leti%cc%87ci%cc%87si%cc%87\/freight-forwarding-uk\/hayes-freight-forwarder\/\">Hayes Freight Forwarder<\/a><br \/><a href=\"https:\/\/moverdb.com\/tr\/yuk-i%cc%87leti%cc%87ci%cc%87si%cc%87\/freight-forwarding-uk\/bradford-freight-forwarder\/\">Bradford Freight Forwarder<\/a><br \/><a href=\"https:\/\/moverdb.com\/tr\/yuk-i%cc%87leti%cc%87ci%cc%87si%cc%87\/freight-forwarding-uk\/derby-freight-forwarder\/\">Derby Freight Forwarder<\/a><br \/><a href=\"https:\/\/moverdb.com\/tr\/yuk-i%cc%87leti%cc%87ci%cc%87si%cc%87\/freight-forwarding-uk\/southall-freight-forwarder\/\">Southall Nakliye \u015eirketi<\/a><\/p>","protected":false},"excerpt":{"rendered":"<p>Below we look at the 11 &#8220;best&#8221; Freight Forwarding companies in Leeds out of 28. To learn more about how we chose the best please consult our FAQ section at the end. Please not the following listings are in no particular order and we are not making any recommendations for any particular company. Stagefreight Ltd [&hellip;]<\/p>\n","protected":false},"author":1,"featured_media":0,"parent":13427,"menu_order":0,"comment_status":"open","ping_status":"open","template":"","meta":{"_genesis_hide_title":false,"_genesis_hide_breadcrumbs":false,"_genesis_hide_singular_image":false,"_genesis_hide_footer_widgets":false,"_genesis_custom_body_class":"","_genesis_custom_post_class":"","_genesis_layout":"","footnotes":""},"class_list":{"0":"post-13691","1":"page","2":"type-page","3":"status-publish","5":"entry"},"_links":{"self":[{"href":"https:\/\/moverdb.com\/tr\/wp-json\/wp\/v2\/pages\/13691","targetHints":{"allow":["GET"]}}],"collection":[{"href":"https:\/\/moverdb.com\/tr\/wp-json\/wp\/v2\/pages"}],"about":[{"href":"https:\/\/moverdb.com\/tr\/wp-json\/wp\/v2\/types\/page"}],"author":[{"embeddable":true,"href":"https:\/\/moverdb.com\/tr\/wp-json\/wp\/v2\/users\/1"}],"replies":[{"embeddable":true,"href":"https:\/\/moverdb.com\/tr\/wp-json\/wp\/v2\/comments?post=13691"}],"version-history":[{"count":1,"href":"https:\/\/moverdb.com\/tr\/wp-json\/wp\/v2\/pages\/13691\/revisions"}],"predecessor-version":[{"id":15684,"href":"https:\/\/moverdb.com\/tr\/wp-json\/wp\/v2\/pages\/13691\/revisions\/15684"}],"up":[{"embeddable":true,"href":"https:\/\/moverdb.com\/tr\/wp-json\/wp\/v2\/pages\/13427"}],"wp:attachment":[{"href":"https:\/\/moverdb.com\/tr\/wp-json\/wp\/v2\/media?parent=13691"}],"curies":[{"name":"wp","href":"https:\/\/api.w.org\/{rel}","templated":true}]}}