{"id":13640,"date":"2023-11-08T15:51:25","date_gmt":"2023-11-08T15:51:25","guid":{"rendered":"https:\/\/moverdb.com\/freight-forwarder\/freight-forwarding-uk\/sheffield-freight-forwarder\/"},"modified":"2026-01-08T14:55:34","modified_gmt":"2026-01-08T14:55:34","slug":"sheffield-freight-forwarder","status":"publish","type":"page","link":"https:\/\/moverdb.com\/tr\/freight-forwarder\/freight-forwarding-uk\/sheffield-freight-forwarder\/","title":{"rendered":"12 En \u0130yi Sheffield Nakliye \u015eirketi (2024)"},"content":{"rendered":"<p>A\u015fa\u011f\u0131da 12 maddeye bak\u0131yoruz <em>\"en iyi\"<\/em> Freight Forwarding \u015firketleri <a href=\"\" data-internallinksmanager029f6b8e52c=\"66\" title=\"Sheffield\">Sheffield<\/a> 17 \u00fczerinden.<\/p>\n<p>En iyiyi nas\u0131l se\u00e7ti\u011fimiz hakk\u0131nda daha fazla bilgi edinmek i\u00e7in l\u00fctfen sondaki SSS b\u00f6l\u00fcm\u00fcm\u00fcze bak\u0131n.<\/p>\n<p><em>L\u00fctfen a\u015fa\u011f\u0131daki listelerin belirli bir s\u0131rada olmad\u0131\u011f\u0131n\u0131 ve belirli bir \u015firket i\u00e7in herhangi bir tavsiyede bulunmad\u0131\u011f\u0131m\u0131z\u0131 unutmay\u0131n.<\/em><\/p>\n<div id=\"ez-toc-container\" class=\"ez-toc-v2_0_82_2 ez-toc-wrap-left counter-hierarchy ez-toc-counter ez-toc-transparent ez-toc-container-direction\">\n<div class=\"ez-toc-title-container\">\n<p class=\"ez-toc-title\" style=\"cursor:inherit\">B\u00f6l\u00fcmler<\/p>\n<span class=\"ez-toc-title-toggle\"><a href=\"#\" class=\"ez-toc-pull-right ez-toc-btn ez-toc-btn-xs ez-toc-btn-default ez-toc-toggle\" aria-label=\"\u0130\u00e7indekiler Tablosunu A\u00e7\/Kapat\"><span class=\"ez-toc-js-icon-con\"><span class=\"\"><span class=\"eztoc-hide\" style=\"display:none;\">Ge\u00e7i\u015f<\/span><span class=\"ez-toc-icon-toggle-span\"><svg style=\"fill: #999;color:#999\" xmlns=\"http:\/\/www.w3.org\/2000\/svg\" class=\"list-377408\" width=\"20px\" height=\"20px\" viewbox=\"0 0 24 24\" fill=\"none\"><path d=\"M6 6H4v2h2V6zm14 0H8v2h12V6zM4 11h2v2H4v-2zm16 0H8v2h12v-2zM4 16h2v2H4v-2zm16 0H8v2h12v-2z\" fill=\"currentColor\"><\/path><\/svg><svg style=\"fill: #999;color:#999\" class=\"arrow-unsorted-368013\" xmlns=\"http:\/\/www.w3.org\/2000\/svg\" width=\"10px\" height=\"10px\" viewbox=\"0 0 24 24\" version=\"1.2\" baseprofile=\"tiny\"><path d=\"M18.2 9.3l-6.2-6.3-6.2 6.3c-.2.2-.3.4-.3.7s.1.5.3.7c.2.2.4.3.7.3h11c.3 0 .5-.1.7-.3.2-.2.3-.5.3-.7s-.1-.5-.3-.7zM5.8 14.7l6.2 6.3 6.2-6.3c.2-.2.3-.5.3-.7s-.1-.5-.3-.7c-.2-.2-.4-.3-.7-.3h-11c-.3 0-.5.1-.7.3-.2.2-.3.5-.3.7s.1.5.3.7z\"\/><\/svg><\/span><\/span><\/span><\/a><\/span><\/div>\n<nav><ul class='ez-toc-list ez-toc-list-level-1 eztoc-toggle-hide-by-default' ><li class='ez-toc-page-1 ez-toc-heading-level-2'><a class=\"ez-toc-link ez-toc-heading-1\" href=\"https:\/\/moverdb.com\/tr\/freight-forwarder\/freight-forwarding-uk\/sheffield-freight-forwarder\/#NINE56_Ltd\" >NINE56 Ltd.<\/a><\/li><li class='ez-toc-page-1 ez-toc-heading-level-2'><a class=\"ez-toc-link ez-toc-heading-2\" href=\"https:\/\/moverdb.com\/tr\/freight-forwarder\/freight-forwarding-uk\/sheffield-freight-forwarder\/#Logillistics\" >Lojistik<\/a><\/li><li class='ez-toc-page-1 ez-toc-heading-level-2'><a class=\"ez-toc-link ez-toc-heading-3\" href=\"https:\/\/moverdb.com\/tr\/freight-forwarder\/freight-forwarding-uk\/sheffield-freight-forwarder\/#Unity_Logistics\" >Birlik Lojistik<\/a><\/li><li class='ez-toc-page-1 ez-toc-heading-level-2'><a class=\"ez-toc-link ez-toc-heading-4\" href=\"https:\/\/moverdb.com\/tr\/freight-forwarder\/freight-forwarding-uk\/sheffield-freight-forwarder\/#Quality_Freight_Services_Ltd\" >Kalite Nakliye Hizmetleri Ltd<\/a><\/li><li class='ez-toc-page-1 ez-toc-heading-level-2'><a class=\"ez-toc-link ez-toc-heading-5\" href=\"https:\/\/moverdb.com\/tr\/freight-forwarder\/freight-forwarding-uk\/sheffield-freight-forwarder\/#ATWS_Logistics_Consultancy_Ltd\" >ATWS Lojistik Dan\u0131\u015fmanl\u0131k Ltd<\/a><\/li><li class='ez-toc-page-1 ez-toc-heading-level-2'><a class=\"ez-toc-link ez-toc-heading-6\" href=\"https:\/\/moverdb.com\/tr\/freight-forwarder\/freight-forwarding-uk\/sheffield-freight-forwarder\/#Metoni_Logistics\" >Metoni Lojistik<\/a><\/li><li class='ez-toc-page-1 ez-toc-heading-level-2'><a class=\"ez-toc-link ez-toc-heading-7\" href=\"https:\/\/moverdb.com\/tr\/freight-forwarder\/freight-forwarding-uk\/sheffield-freight-forwarder\/#Freight_Despatch_Worldwide\" >D\u00fcnya \u00c7ap\u0131nda Y\u00fck Sevkiyat\u0131<\/a><\/li><li class='ez-toc-page-1 ez-toc-heading-level-2'><a class=\"ez-toc-link ez-toc-heading-8\" href=\"https:\/\/moverdb.com\/tr\/freight-forwarder\/freight-forwarding-uk\/sheffield-freight-forwarder\/#MBL_Worldwide\" >MBL D\u00fcnya \u00c7ap\u0131nda<\/a><\/li><li class='ez-toc-page-1 ez-toc-heading-level-2'><a class=\"ez-toc-link ez-toc-heading-9\" href=\"https:\/\/moverdb.com\/tr\/freight-forwarder\/freight-forwarding-uk\/sheffield-freight-forwarder\/#Dolphin_Freight_Services_Ltd\" >Dolphin Freight Services Ltd<\/a><\/li><li class='ez-toc-page-1 ez-toc-heading-level-2'><a class=\"ez-toc-link ez-toc-heading-10\" href=\"https:\/\/moverdb.com\/tr\/freight-forwarder\/freight-forwarding-uk\/sheffield-freight-forwarder\/#BSC-Essex_Freight\" >BSC-Essex Ta\u015f\u0131mac\u0131l\u0131k<\/a><\/li><li class='ez-toc-page-1 ez-toc-heading-level-2'><a class=\"ez-toc-link ez-toc-heading-11\" href=\"https:\/\/moverdb.com\/tr\/freight-forwarder\/freight-forwarding-uk\/sheffield-freight-forwarder\/#International_Freight_Solutions_Ltd\" >Uluslararas\u0131 Nakliye \u00c7\u00f6z\u00fcmleri Ltd<\/a><\/li><li class='ez-toc-page-1 ez-toc-heading-level-2'><a class=\"ez-toc-link ez-toc-heading-12\" href=\"https:\/\/moverdb.com\/tr\/freight-forwarder\/freight-forwarding-uk\/sheffield-freight-forwarder\/#Worldwide_Logisitcs_Group_UK\" >Worldwide Logisitcs Group \u0130ngiltere<\/a><\/li><li class='ez-toc-page-1 ez-toc-heading-level-2'><a class=\"ez-toc-link ez-toc-heading-13\" href=\"https:\/\/moverdb.com\/tr\/freight-forwarder\/freight-forwarding-uk\/sheffield-freight-forwarder\/#How_we_picked_the_best_Sheffield_Freight_Forwarding_Companies\" >En iyi Sheffield Freight Forwarding \u015eirketlerini nas\u0131l se\u00e7tik?<\/a><\/li><\/ul><\/nav><\/div>\n<h2><span class=\"ez-toc-section\" id=\"NINE56_Ltd\"><\/span>NINE56 Ltd.<span class=\"ez-toc-section-end\"><\/span><\/h2>\n<p><img decoding=\"async\" src=\"https:\/\/moverdb.com\/wp-content\/uploads\/thumbnailpanoid7L5RtXsa0l2EVG_O5xd6cAcb_clientsearch.gws-prod.gpsw408h240yaw137.jpg\" alt='NINE56 Ltd.' class=\"aligncenter\"><\/p>\n<p><strong>\u0130\u015fletmeden a\u00e7\u0131klama: <\/strong>Hi\u00e7biri Sa\u011flanmad\u0131<\/p>\n<p><strong>Ek Hizmetler:<\/strong><\/p>\n<p>Listelenmemi\u015f<\/p>\n<p><strong>Adres:<\/strong> 492 Grimesthorpe Rd, Sheffield S4 8LE<\/p>\n<p><a href=\"http:\/\/racingphotographic.co.uk\/\" target=\"_new\" rel=\"noopener\">NINE56 Ltd. web sitesi<\/a><\/p>\n<p><strong>\u0130nceleme Puan\u0131: <\/strong>2.5<br \/> <strong>Yorum Say\u0131s\u0131:<\/strong> 2<br \/><a href=\"https:\/\/www.google.co.uk\/maps?cid=14583819038765427320&#038;hl=en&#038;gl=GB\" target=\"_new\" rel=\"noopener\">Yorumlar\u0131 Oku<\/a><\/p>\n<h2><span class=\"ez-toc-section\" id=\"Logillistics\"><\/span>Lojistik<span class=\"ez-toc-section-end\"><\/span><\/h2>\n<p><img decoding=\"async\" src=\"https:\/\/moverdb.com\/wp-content\/uploads\/AF1QipOozHrdIDSafLAGaGa0d0eNczvAdrRqaFBW7OeVw408-h306-k-no.jpg\" alt='Lojistik' class=\"aligncenter\"><\/p>\n<p><strong>\u0130\u015fletmeden a\u00e7\u0131klama: <\/strong>Logillistics, proje lojisti\u011fi, hava ta\u015f\u0131mac\u0131l\u0131\u011f\u0131, deniz ta\u015f\u0131mac\u0131l\u0131\u011f\u0131, kara ta\u015f\u0131mac\u0131l\u0131\u011f\u0131, g\u00fcmr\u00fckleme, depolama ve da\u011f\u0131t\u0131m y\u00f6netimi dahil olmak \u00fczere entegre lojistik \u00e7\u00f6z\u00fcmleri sa\u011flayan, inovasyon, teknoloji ve hizmet m\u00fckemmelli\u011fine g\u00fc\u00e7l\u00fc bir ba\u011fl\u0131l\u0131\u011f\u0131 olan, geni\u015fleyen bir b\u00f6lgesel lojistik \u015firketidir.<\/p>\n<p><strong>Ek Hizmetler:<\/strong><\/p>\n<p>Listelenmemi\u015f<\/p>\n<p><strong>Adres:<\/strong> Park House Lane Sher-inghs House, Sheffield S9 1XA<\/p>\n<p><a href=\"http:\/\/www.logillistics.co.uk\/\" target=\"_new\" rel=\"noopener\">Logillistics web sitesi<\/a><\/p>\n<p><strong>\u0130nceleme Puan\u0131: <\/strong>5<br \/> <strong>Yorum Say\u0131s\u0131:<\/strong> 1<br \/><a href=\"https:\/\/www.google.co.uk\/maps?cid=5774184684835865063&#038;hl=en&#038;gl=GB\" target=\"_new\" rel=\"noopener\">Yorumlar\u0131 Oku<\/a><\/p>\n<h2><span class=\"ez-toc-section\" id=\"Unity_Logistics\"><\/span>Birlik Lojistik<span class=\"ez-toc-section-end\"><\/span><\/h2>\n<p><img decoding=\"async\" src=\"https:\/\/moverdb.com\/wp-content\/uploads\/thumbnailpanoid90F28Hm5DQOoPjdwg5fxfwcb_clientsearch.gws-prod.gpsw408h240yaw318.jpg\" alt='Birlik Lojistik' class=\"aligncenter\"><\/p>\n<p><strong>\u0130\u015fletmeden a\u00e7\u0131klama: <\/strong><a href=\"https:\/\/moverdb.com\/tr\/moving-to-the-uk\/\" data-internallinksmanager029f6b8e52c=\"93\" title=\"Birle\u015fik Krall\u0131k&#039;a m\u0131 ta\u015f\u0131n\u0131yorsunuz? 2026 Ya\u015fam Maliyetleri &amp; Yer De\u011fi\u015ftirme \u0130pu\u00e7lar\u0131\">BIRLE\u015eIK KRALLIK<\/a> ve uluslararas\u0131 y\u00fck ta\u015f\u0131mac\u0131l\u0131\u011f\u0131 ve nakliye hizmetleri.<\/p>\n<p> Mallar\u0131n\u0131z\u0131 d\u00fcnyan\u0131n d\u00f6rt bir yan\u0131na kara, deniz, hava ve kurye yoluyla g\u00f6ndermek i\u00e7in teklif verebilir ve mallar\u0131n\u0131z\u0131 A noktas\u0131ndan B noktas\u0131na ula\u015ft\u0131rmak i\u00e7in ilgili hizmetleri sa\u011flayabiliriz.<\/p>\n<p><strong>Ek Hizmetler:<\/strong><\/p>\n<p>Listelenmemi\u015f<\/p>\n<p><strong>Adres:<\/strong> Eckington \u0130\u015f Merkezi, 1 62 Market St, Eckington, Sheffield S21 4JH<\/p>\n<p><a href=\"http:\/\/www.unitylogistics.co.uk\/\" target=\"_new\" rel=\"noopener\">Unity Logistics web sitesi<\/a><\/p>\n<p><strong>\u0130nceleme Puan\u0131: <\/strong>5<br \/> <strong>Yorum Say\u0131s\u0131:<\/strong> 4<br \/><a href=\"https:\/\/www.google.co.uk\/maps?cid=11473436603787998523&#038;hl=en&#038;gl=GB\" target=\"_new\" rel=\"noopener\">Yorumlar\u0131 Oku<\/a><\/p>\n<h2><span class=\"ez-toc-section\" id=\"Quality_Freight_Services_Ltd\"><\/span>Kalite Nakliye Hizmetleri Ltd<span class=\"ez-toc-section-end\"><\/span><\/h2>\n<p><img decoding=\"async\" src=\"\" alt=\"Kalite Nakliye Hizmetleri Ltd\" class=\"aligncenter\"><\/p>\n<p><strong>\u0130\u015fletmeden a\u00e7\u0131klama: <\/strong>Hi\u00e7biri Sa\u011flanmad\u0131<\/p>\n<p><strong>Ek Hizmetler:<\/strong><\/p>\n<p>Listelenmemi\u015f<\/p>\n<p><strong>Adres:<\/strong> Birim C Zemin Kat, Centenary Works, 150 Little London Rd, Sheffield S8 0UJ<\/p>\n<p><a href=\"http:\/\/www.qualityfreight.co.uk\/\" target=\"_new\" rel=\"noopener\">Quality Freight Services Ltd web sitesi<\/a><\/p>\n<p><strong>\u0130nceleme Puan\u0131: <\/strong>5<br \/> <strong>Yorum Say\u0131s\u0131:<\/strong> 4<br \/><a href=\"https:\/\/www.google.co.uk\/maps?cid=9317226809595756605&#038;hl=en&#038;gl=GB\" target=\"_new\" rel=\"noopener\">Yorumlar\u0131 Oku<\/a><\/p>\n<h2><span class=\"ez-toc-section\" id=\"ATWS_Logistics_Consultancy_Ltd\"><\/span>ATWS Lojistik Dan\u0131\u015fmanl\u0131k Ltd<span class=\"ez-toc-section-end\"><\/span><\/h2>\n<p><img decoding=\"async\" src=\"https:\/\/moverdb.com\/wp-content\/uploads\/thumbnailpanoidLdZLeayCoUw-bOuhWIH0uQcb_clientsearch.gws-prod.gpsw408h240yaw307.jpg\" alt='ATWS Lojistik Dan\u0131\u015fmanl\u0131k Ltd' class=\"aligncenter\"><\/p>\n<p><strong>\u0130\u015fletmeden a\u00e7\u0131klama: <\/strong>ATWS Logistics t\u00fcm nakliye ihtiya\u00e7lar\u0131n\u0131z\u0131 kar\u015f\u0131lar, yakla\u015f\u0131k 20 y\u0131ll\u0131k sekt\u00f6r bilgimizle mallar\u0131n\u0131z\u0131 ta\u015f\u0131man\u0131n en iyi veya en ekonomik yolu konusunda size tavsiyelerde bulunabiliriz.<\/p>\n<p>\u015eirketimizin m\u00fc\u015fteri olarak size fayda sa\u011flama \u015fekli, ta\u015f\u0131y\u0131c\u0131lardan toplu al\u0131m yapmam\u0131zdan kaynaklanmaktad\u0131r, bu da size \u00e7evrimi\u00e7i liste fiyatlar\u0131na kar\u015f\u0131 m\u00fckemmel tasarruflar sunabilece\u011fimiz anlam\u0131na gelmektedir.<\/p>\n<p> Uluslararas\u0131 ve Birle\u015fik Krall\u0131k kurye hizmetlerinizde DHL, UPS, TNT, FedEx, DPD ve di\u011ferleriyle g\u00fcvenle g\u00f6nderi yap\u0131n.<\/p>\n<p> Y\u00fck\u00fcn\u00fcz\u00fc ta\u015f\u0131mak i\u00e7in konsolide havayolu fiyatlar\u0131na eri\u015fimimizden yararlan\u0131n.<\/p>\n<p><strong>Ek Hizmetler:<\/strong><\/p>\n<p>Kurye hizmeti<\/p>\n<p>Teslimat hizmeti<\/p>\n<p>\u0130hracat\u00e7\u0131<\/p>\n<p>\u0130thalat \u0130hracat \u015eirketi<\/p>\n<p>Lojistik hizmet<\/p>\n<p>Ula\u015f\u0131m hizmeti<\/p>\n<p><strong>Adres:<\/strong> 39 Alison Cres, Sheffield S2 1AS<\/p>\n<p><a href=\"https:\/\/atwslogistics.co.uk\/\" target=\"_new\" rel=\"noopener\">ATWS Lojistik Dan\u0131\u015fmanl\u0131k Ltd web sitesi<\/a><\/p>\n<p><strong>\u0130nceleme Puan\u0131: <\/strong>5<br \/> <strong>Yorum Say\u0131s\u0131:<\/strong> 9<br \/><a href=\"https:\/\/www.google.co.uk\/maps?cid=16625878453004844754&#038;hl=en&#038;gl=GB\" target=\"_new\" rel=\"noopener\">Yorumlar\u0131 Oku<\/a><\/p>\n<h2><span class=\"ez-toc-section\" id=\"Metoni_Logistics\"><\/span>Metoni Lojistik<span class=\"ez-toc-section-end\"><\/span><\/h2>\n<p><img decoding=\"async\" src=\"https:\/\/moverdb.com\/wp-content\/uploads\/AF1QipMXpn3Z6-pul8TChflorww8t0DmUOlMeeh7M-r5w408-h532-k-no.jpg\" alt='Metoni Lojistik' class=\"aligncenter\"><\/p>\n<p><strong>\u0130\u015fletmeden a\u00e7\u0131klama: <\/strong>Metoni Lojistik, yurti\u00e7i nakliye, g\u00fcmr\u00fckleme, kurye, ithalat, ihracat ve sipari\u015f kar\u015f\u0131lama \/ depolama dahil olmak \u00fczere bir dizi k\u00fcresel nakliye hizmeti sunmaktad\u0131r.<\/p>\n<p> \u0130ster ge\u00e7ici ister s\u00f6zle\u015fmeye dayal\u0131 olsun, ihtiya\u00e7lar\u0131n\u0131z\u0131 g\u00f6r\u00fc\u015fmek i\u00e7in i\u015fletmeyle ileti\u015fime ge\u00e7in.<\/p>\n<p> Ofis \u00e7al\u0131\u015fma saatleri Pazartesi Cuma 08:30-17:30'dur, ancak i\u015fletme bu saatler d\u0131\u015f\u0131ndaki sorulara e-posta yoluyla yan\u0131t verebilir.<\/p>\n<p><strong>Ek Hizmetler:<\/strong><\/p>\n<p>Listelenmemi\u015f<\/p>\n<p><strong>Adres:<\/strong> \u00dcnite 2 &amp;, 3A Redwall Cl, Dinnington, Sheffield S25 3QA<\/p>\n<p><a href=\"https:\/\/www.metonilogistics.co.uk\/\" target=\"_new\" rel=\"noopener\">Metoni Lojistik web sitesi<\/a><\/p>\n<p><strong>\u0130nceleme Puan\u0131: <\/strong>4.8<br \/> <strong>Yorum Say\u0131s\u0131:<\/strong> 22<br \/><a href=\"https:\/\/www.google.co.uk\/maps?cid=17438250919113913033&#038;hl=en&#038;gl=GB\" target=\"_new\" rel=\"noopener\">Yorumlar\u0131 Oku<\/a><\/p>\n<h2><span class=\"ez-toc-section\" id=\"Freight_Despatch_Worldwide\"><\/span>D\u00fcnya \u00c7ap\u0131nda Y\u00fck Sevkiyat\u0131<span class=\"ez-toc-section-end\"><\/span><\/h2>\n<p><img decoding=\"async\" src=\"https:\/\/moverdb.com\/wp-content\/uploads\/thumbnailpanoidLdZLeayCoUw-bOuhWIH0uQcb_clientsearch.gws-prod.gpsw408h240yaw309.jpg\" alt='D\u00fcnya \u00c7ap\u0131nda Y\u00fck Sevkiyat\u0131' class=\"aligncenter\"><\/p>\n<p><strong>\u0130\u015fletmeden a\u00e7\u0131klama: <\/strong>Hi\u00e7biri Sa\u011flanmad\u0131<\/p>\n<p><strong>Ek Hizmetler:<\/strong><\/p>\n<p>Listelenmemi\u015f<\/p>\n<p><strong>Adres:<\/strong> 39 Alison Cres, Sheffield S2 1AS<\/p>\n<p><a href=\"https:\/\/www.freightdespatch.com\/\" target=\"_new\" rel=\"noopener\">Freight Despatch Worldwide web sitesi<\/a><\/p>\n<p><strong>\u0130nceleme Puan\u0131: <\/strong>5<br \/> <strong>Yorum Say\u0131s\u0131:<\/strong> 3<br \/><a href=\"https:\/\/www.google.co.uk\/maps?cid=3385489010189936138&#038;hl=en&#038;gl=GB\" target=\"_new\" rel=\"noopener\">Yorumlar\u0131 Oku<\/a><\/p>\n<h2><span class=\"ez-toc-section\" id=\"MBL_Worldwide\"><\/span>MBL D\u00fcnya \u00c7ap\u0131nda<span class=\"ez-toc-section-end\"><\/span><\/h2>\n<p><img decoding=\"async\" src=\"https:\/\/moverdb.com\/wp-content\/uploads\/AF1QipNeFZSxaoJjKTIys9kl9cMV4Ch2oFqrYgLMgBNLw408-h281-k-no.jpg\" alt='MBL D\u00fcnya \u00c7ap\u0131nda' class=\"aligncenter\"><\/p>\n<p><strong>\u0130\u015fletmeden a\u00e7\u0131klama: <\/strong>Ta\u015f\u0131mac\u0131l\u0131k ve lojistik sekt\u00f6r\u00fcnde 30 y\u0131l\u0131 a\u015fk\u0131n deneyime sahip MBL Worldwide, size ve \u015firketinize, mallar\u0131n\u0131z\u0131n toplanmas\u0131ndan teslimat\u0131na kadar emin ellerde oldu\u011funu bilmenin g\u00fcvenli\u011fini sa\u011flar.<\/p>\n<p> \u0130ster zaman\u0131nda teslim edilmesi gereken bir zarf dolusu belge, ister d\u00fcnyan\u0131n \u00f6b\u00fcr ucuna g\u00f6nderilmesi gereken \u00f6l\u00e7\u00fcs\u00fcz bir kargo olsun, sizin i\u00e7in oraya ula\u015ft\u0131rabiliriz.<\/p>\n<p> MBL Worldwide olarak, d\u00fcnya \u00e7ap\u0131ndaki kapsaml\u0131 ba\u011flant\u0131lar\u0131m\u0131z\u0131 ve acentelerimizi kullanarak d\u00fcnyan\u0131n her noktas\u0131na ve her noktas\u0131ndan t\u00fcm ta\u015f\u0131ma modlar\u0131nda uzman\u0131z.<\/p>\n<p><strong>Ek Hizmetler:<\/strong><\/p>\n<p>Listelenmemi\u015f<\/p>\n<p><strong>Adres:<\/strong> 19C Orgreave Cl, Sheffield S13 9NP<\/p>\n<p><a href=\"http:\/\/www.mblworldwide.co.uk\/\" target=\"_new\" rel=\"noopener\">MBL Worldwide web sitesi<\/a><\/p>\n<p><strong>\u0130nceleme Puan\u0131: <\/strong>3.7<br \/> <strong>Yorum Say\u0131s\u0131:<\/strong> 3<br \/><a href=\"https:\/\/www.google.co.uk\/maps?cid=11945059701134203149&#038;hl=en&#038;gl=GB\" target=\"_new\" rel=\"noopener\">Yorumlar\u0131 Oku<\/a><\/p>\n<h2><span class=\"ez-toc-section\" id=\"Dolphin_Freight_Services_Ltd\"><\/span>Dolphin Freight Services Ltd<span class=\"ez-toc-section-end\"><\/span><\/h2>\n<p><img decoding=\"async\" src=\"https:\/\/moverdb.com\/wp-content\/uploads\/thumbnailpanoidgRBR3ZxUVJAEj4FOLLM_Sgcb_clientsearch.gws-prod.gpsw408h240yaw343.jpg\" alt='Dolphin Freight Services Ltd' class=\"aligncenter\"><\/p>\n<p><strong>\u0130\u015fletmeden a\u00e7\u0131klama: <\/strong>Hi\u00e7biri Sa\u011flanmad\u0131<\/p>\n<p><strong>Ek Hizmetler:<\/strong><\/p>\n<p>Listelenmemi\u015f<\/p>\n<p><strong>Adres:<\/strong> Birim 3 Ranskill Ct, Tinsley, Sheffield S9 5FZ<\/p>\n<p><a href=\"http:\/\/www.dolphinfreight.co.uk\/\" target=\"_new\" rel=\"noopener\">Dolphin Freight Services Ltd web sitesi<\/a><\/p>\n<p><strong>\u0130nceleme Puan\u0131: <\/strong>4.3<br \/> <strong>Yorum Say\u0131s\u0131:<\/strong> 6<br \/><a href=\"https:\/\/www.google.co.uk\/maps?cid=841248966975053739&#038;hl=en&#038;gl=GB\" target=\"_new\" rel=\"noopener\">Yorumlar\u0131 Oku<\/a><\/p>\n<h2><span class=\"ez-toc-section\" id=\"BSC-Essex_Freight\"><\/span>BSC-Essex Ta\u015f\u0131mac\u0131l\u0131k<span class=\"ez-toc-section-end\"><\/span><\/h2>\n<p><img decoding=\"async\" src=\"https:\/\/moverdb.com\/wp-content\/uploads\/AF1QipPx-HgBMJYfK_9QwTemIMhc9_BCG0spx3Azcvy6w493-h240-k-no.jpg\" alt='BSC-Essex Ta\u015f\u0131mac\u0131l\u0131k' class=\"aligncenter\"><\/p>\n<p><strong>\u0130\u015fletmeden a\u00e7\u0131klama: <\/strong>Hi\u00e7biri Sa\u011flanmad\u0131<\/p>\n<p><strong>Ek Hizmetler:<\/strong><\/p>\n<p>Listelenmemi\u015f<\/p>\n<p><strong>Adres:<\/strong> Business Park, 58 Newhall Rd, Sheffield S9 2QD<\/p>\n<p><a href=\"http:\/\/www.bscessexfreight.com\/\" target=\"_new\" rel=\"noopener\">BSC-Essex Freight web sitesi<\/a><\/p>\n<p><strong>\u0130nceleme Puan\u0131: <\/strong>4.5<br \/> <strong>Yorum Say\u0131s\u0131:<\/strong> 31<br \/><a href=\"https:\/\/www.google.co.uk\/maps?cid=12739898572885287252&#038;hl=en&#038;gl=GB\" target=\"_new\" rel=\"noopener\">Yorumlar\u0131 Oku<\/a><\/p>\n<h2><span class=\"ez-toc-section\" id=\"International_Freight_Solutions_Ltd\"><\/span>Uluslararas\u0131 Nakliye \u00c7\u00f6z\u00fcmleri Ltd<span class=\"ez-toc-section-end\"><\/span><\/h2>\n<p><img decoding=\"async\" src=\"https:\/\/moverdb.com\/wp-content\/uploads\/AF1QipOR7M0BTISXAFrqYQB-aeeiKaPPLRn56p1E2gBew408-h306-k-no.jpg\" alt='Uluslararas\u0131 Nakliye \u00c7\u00f6z\u00fcmleri Ltd' class=\"aligncenter\"><\/p>\n<p><strong>\u0130\u015fletmeden a\u00e7\u0131klama: <\/strong>International Freight Solutions (IFS) olarak, hem \u0130hracat hem de \u0130thalat i\u00e7in d\u00fcnya \u00e7ap\u0131nda \u00e7ok \u00e7e\u015fitli nakliye hizmeti se\u00e7enekleri sunuyoruz.<\/p>\n<p> Sizinle yak\u0131n i\u015fbirli\u011fi i\u00e7inde \u00e7al\u0131\u015farak lojistik ihtiya\u00e7lar\u0131n\u0131z\u0131 kar\u015f\u0131lamak i\u00e7in en iyi \u00e7\u00f6z\u00fcmleri tedarik ediyoruz.<\/p>\n<p>\u0130hracat: \u0130thalat: Avrupa: D\u00fcnya \u00e7ap\u0131nda: Deniz Ta\u015f\u0131mac\u0131l\u0131\u011f\u0131: Hava Ta\u015f\u0131mac\u0131l\u0131\u011f\u0131: Karayolu Ta\u015f\u0131mac\u0131l\u0131\u011f\u0131: Demiryolu Ta\u015f\u0131mac\u0131l\u0131\u011f\u0131: Uluslararas\u0131 Kurye Hizmetleri: \u0130ngiltere ve Avrupa genelinde \u00d6zel Ekspres Kurye Hizmetleri.<\/p>\n<p><strong>Ek Hizmetler:<\/strong><\/p>\n<p>Listelenmemi\u015f<\/p>\n<p><strong>Adres:<\/strong> Hydra Business Park, Ofis 10 Hydra House, Nether Ln, Sheffield S35 9ZX<\/p>\n<p><a href=\"http:\/\/www.intfreight.co.uk\/\" target=\"_new\" rel=\"noopener\">International Freight Solutions Ltd web sitesi<\/a><\/p>\n<p><strong>\u0130nceleme Puan\u0131: <\/strong>4.9<br \/> <strong>Yorum Say\u0131s\u0131:<\/strong> 32<br \/><a href=\"https:\/\/www.google.co.uk\/maps?cid=3898802828460418149&#038;hl=en&#038;gl=GB\" target=\"_new\" rel=\"noopener\">Yorumlar\u0131 Oku<\/a><\/p>\n<h2><span class=\"ez-toc-section\" id=\"Worldwide_Logisitcs_Group_UK\"><\/span>Worldwide Logisitcs Group \u0130ngiltere<span class=\"ez-toc-section-end\"><\/span><\/h2>\n<p><img decoding=\"async\" src=\"https:\/\/moverdb.com\/wp-content\/uploads\/thumbnailpanoidj1AsC82rJB-PLDb-Ra5t8wcb_clientsearch.gws-prod.gpsw408h240yaw211.jpg\" alt='Worldwide Logisitcs Group \u0130ngiltere' class=\"aligncenter\"><\/p>\n<p><strong>\u0130\u015fletmeden a\u00e7\u0131klama: <\/strong>Hi\u00e7biri Sa\u011flanmad\u0131<\/p>\n<p><strong>Ek Hizmetler:<\/strong><\/p>\n<p>Listelenmemi\u015f<\/p>\n<p><strong>Adres:<\/strong> Aizlewoods Mill, Nursery St, Sheffield S3 8GG<\/p>\n<p><a href=\"https:\/\/worldwidelogisticsltd.com\/uk\/\" target=\"_new\" rel=\"noopener\">Worldwide Logisitcs Group \u0130ngiltere web sitesi<\/a><\/p>\n<p><strong>\u0130nceleme Puan\u0131: <\/strong>5<br \/> <strong>Yorum Say\u0131s\u0131:<\/strong> 1<br \/><a href=\"https:\/\/www.google.co.uk\/maps?cid=12524890210797566915&#038;hl=en&#038;gl=GB\" target=\"_new\" rel=\"noopener\">Yorumlar\u0131 Oku<\/a><\/p>\n<h2><span class=\"ez-toc-section\" id=\"How_we_picked_the_best_Sheffield_Freight_Forwarding_Companies\"><\/span>En iyi Sheffield Freight Forwarding \u015eirketlerini nas\u0131l se\u00e7tik?<span class=\"ez-toc-section-end\"><\/span><\/h2>\n<p>Google Haritalar arac\u0131l\u0131\u011f\u0131yla bulabildi\u011fimiz 17 Sheffield nakliye \u015firketinden olu\u015fan bir veri k\u00fcmesiyle ba\u015flad\u0131k ve en iyi 12'ye indirdik.<\/p>\n<p>Bunu yapmak i\u00e7in \u015fu \u015firketleri \u00e7\u0131kard\u0131k:<\/p>\n<ul>\n<li> Web sitesi yoktu<\/li>\n<li> Hi\u00e7 yorum yoktu<\/li>\n<li> Ortalama inceleme puan\u0131n\u0131n 2,0'\u0131n alt\u0131nda olmas\u0131<\/li>\n<\/ul>\n<p>Bu noktada, 17 veya daha az ileticimiz varsa hepsini listeledik.<\/p>\n<p>Elimizde 17'den fazla ileticinin kald\u0131\u011f\u0131 \u015fehirler i\u00e7in gerekli inceleme puan\u0131n\u0131 art\u0131rarak (\u00f6rne\u011fin minimum 2.0'dan 4.0'a) ve\/veya gerekli minimum inceleme say\u0131s\u0131n\u0131 art\u0131rarak (\u00f6rne\u011fin en az 1 incelemeden en az 10'a) daha fazla revizyon yapt\u0131k.<\/p>\n<p>Di\u011fer \u00fc\u00e7\u00fcnc\u00fc taraf web sitelerinden de\u011fil, yaln\u0131zca Google Haritalar'dan al\u0131nan inceleme verilerini kulland\u0131\u011f\u0131m\u0131z\u0131 unutmay\u0131n.<\/p>\n<p>Daha fazla \u015fehir:<\/p>\n<p><a href=\"https:\/\/moverdb.com\/tr\/yuk-i%cc%87leti%cc%87ci%cc%87si%cc%87\/freight-forwarding-uk\/dover-freight-forwarder\/\">Dover Freight Forwarder<\/a><br \/><a href=\"https:\/\/moverdb.com\/tr\/yuk-i%cc%87leti%cc%87ci%cc%87si%cc%87\/freight-forwarding-uk\/ashford-freight-forwarder\/\">Ashford Freight Forwarder<\/a><br \/><a href=\"https:\/\/moverdb.com\/tr\/yuk-i%cc%87leti%cc%87ci%cc%87si%cc%87\/freight-forwarding-uk\/egham-freight-forwarder\/\">Egham Freight Forwarder<\/a><br \/><a href=\"https:\/\/moverdb.com\/tr\/yuk-i%cc%87leti%cc%87ci%cc%87si%cc%87\/freight-forwarding-uk\/leeds-freight-forwarder\/\">Leeds Freight Forwarder<\/a><br \/><a href=\"https:\/\/moverdb.com\/tr\/yuk-i%cc%87leti%cc%87ci%cc%87si%cc%87\/freight-forwarding-uk\/belfast-freight-forwarder\/\">Belfast Freight Forwarder<\/a><\/p>","protected":false},"excerpt":{"rendered":"<p>Below we look at the 12 &#8220;best&#8221; Freight Forwarding companies in Sheffield out of 17. To learn more about how we chose the best please consult our FAQ section at the end. Please not the following listings are in no particular order and we are not making any recommendations for any particular company. NINE56 Ltd. [&hellip;]<\/p>\n","protected":false},"author":1,"featured_media":0,"parent":13427,"menu_order":0,"comment_status":"open","ping_status":"open","template":"","meta":{"_genesis_hide_title":false,"_genesis_hide_breadcrumbs":false,"_genesis_hide_singular_image":false,"_genesis_hide_footer_widgets":false,"_genesis_custom_body_class":"","_genesis_custom_post_class":"","_genesis_layout":"","footnotes":""},"class_list":{"0":"post-13640","1":"page","2":"type-page","3":"status-publish","5":"entry"},"_links":{"self":[{"href":"https:\/\/moverdb.com\/tr\/wp-json\/wp\/v2\/pages\/13640","targetHints":{"allow":["GET"]}}],"collection":[{"href":"https:\/\/moverdb.com\/tr\/wp-json\/wp\/v2\/pages"}],"about":[{"href":"https:\/\/moverdb.com\/tr\/wp-json\/wp\/v2\/types\/page"}],"author":[{"embeddable":true,"href":"https:\/\/moverdb.com\/tr\/wp-json\/wp\/v2\/users\/1"}],"replies":[{"embeddable":true,"href":"https:\/\/moverdb.com\/tr\/wp-json\/wp\/v2\/comments?post=13640"}],"version-history":[{"count":1,"href":"https:\/\/moverdb.com\/tr\/wp-json\/wp\/v2\/pages\/13640\/revisions"}],"predecessor-version":[{"id":15687,"href":"https:\/\/moverdb.com\/tr\/wp-json\/wp\/v2\/pages\/13640\/revisions\/15687"}],"up":[{"embeddable":true,"href":"https:\/\/moverdb.com\/tr\/wp-json\/wp\/v2\/pages\/13427"}],"wp:attachment":[{"href":"https:\/\/moverdb.com\/tr\/wp-json\/wp\/v2\/media?parent=13640"}],"curies":[{"name":"wp","href":"https:\/\/api.w.org\/{rel}","templated":true}]}}