{"id":11666,"date":"2023-11-29T10:31:41","date_gmt":"2023-11-29T10:31:41","guid":{"rendered":"https:\/\/moverdb.com\/?page_id=11666"},"modified":"2026-01-08T15:24:27","modified_gmt":"2026-01-08T15:24:27","slug":"moving-companies-us-tennessee","status":"publish","type":"page","link":"https:\/\/moverdb.com\/tr\/moving-companies\/moving-companies-us-tennessee\/","title":{"rendered":"Tennessee'deki En \u0130yi 3 Uluslararas\u0131 Nakliye \u015eirketi"},"content":{"rendered":"<p>Ta\u015f\u0131nmay\u0131 m\u0131 planl\u0131yorsunuz? O halde bir ta\u015f\u0131nma dan\u0131\u015fman\u0131n\u0131n <a href=\"https:\/\/moverdb.com\/tr\/moving-companies\/\" data-internallinksmanager029f6b8e52c=\"79\" title=\"\u00c7evrimi\u00e7i En \u0130yi 25 Uluslararas\u0131 Nakliye \u015eirketi\">ta\u015finma \u015fi\u0307rketi\u0307<\/a> i\u015f y\u00fck\u00fcn\u00fc hafifletmeye ger\u00e7ekten yard\u0131mc\u0131 olabilir. Ta\u015f\u0131nman\u0131z\u0131n planlanmas\u0131, nakliye d\u00fczenlemeleri, e\u015fyalar\u0131n\u0131z\u0131n paketlenmesi ve uluslararas\u0131 ta\u015f\u0131nmalarda g\u00fcmr\u00fck i\u015flemlerinin y\u00fcr\u00fct\u00fclmesi konular\u0131nda yard\u0131mc\u0131 olabilirler. A\u015fa\u011f\u0131da a\u015fa\u011f\u0131dakilerin bir listesini derledik <a href=\"https:\/\/moverdb.com\/tr\/moving-to-the-united-states\/moving-to-tennessee\/\" data-internallinksmanager029f6b8e52c=\"406\" title=\"Tennessee&#039;ye Ta\u015f\u0131nmak m\u0131? 2026 Ya\u015fam Maliyetleri ve Yer De\u011fi\u015ftirme \u0130pu\u00e7lar\u0131\">Tennessee<\/a> temelli <a href=\"https:\/\/moverdb.com\/tr\/international-removals\/\" data-internallinksmanager029f6b8e52c=\"27\" title=\"36 \u0130ngiltere&#039;deki En \u0130yi Uluslararas\u0131 Nakliye \u015eirketleri\">nakli\u0307ye \u015fi\u0307rketleri\u0307<\/a> \u00fcyesi olan <a href=\"https:\/\/moverdb.com\/tr\/iam\/\" data-internallinksmanager029f6b8e52c=\"23\" title=\"Uluslararas\u0131 Ta\u015f\u0131mac\u0131lar Birli\u011fi (IAM) A\u00e7\u0131klamas\u0131\">Uluslararas\u0131 Ta\u015f\u0131mac\u0131lar Birli\u011fi<\/a> (IAM) ve\/veya <a href=\"https:\/\/moverdb.com\/tr\/fidi-faim\/\" data-internallinksmanager029f6b8e52c=\"16\" title=\"FIDI &amp; FAIM (FIDI Akredite Uluslararas\u0131 Ta\u015f\u0131mac\u0131) A\u00e7\u0131klamas\u0131\">FIDI<\/a> Ta\u015f\u0131nman\u0131zda size yard\u0131mc\u0131 olabilecek Akredite Uluslararas\u0131 Ta\u015f\u0131y\u0131c\u0131 (FAIM).<\/p>\n<h2><strong>1. Apex Ta\u015f\u0131nma &amp; Depolama<\/strong><\/h2>\n<p><img loading=\"lazy\" decoding=\"async\" class=\"alignnone size-full wp-image-11256\" src=\"https:\/\/moverdb.com\/wp-content\/uploads\/Apex-Moving-Storage-international-moving-company.png\" alt=\"Apex Moving &amp; Storage uluslararas\u0131 ta\u015f\u0131ma \u015firketi\" width=\"1440\" height=\"680\" data-wp-pid=\"11256\" srcset=\"https:\/\/moverdb.com\/wp-content\/uploads\/Apex-Moving-Storage-international-moving-company.png 1440w, https:\/\/moverdb.com\/wp-content\/uploads\/Apex-Moving-Storage-international-moving-company-300x142.png 300w, https:\/\/moverdb.com\/wp-content\/uploads\/Apex-Moving-Storage-international-moving-company-1024x484.png 1024w, https:\/\/moverdb.com\/wp-content\/uploads\/Apex-Moving-Storage-international-moving-company-18x9.png 18w, https:\/\/moverdb.com\/wp-content\/uploads\/Apex-Moving-Storage-international-moving-company-600x283.png 600w\" sizes=\"auto, (max-width: 1440px) 100vw, 1440px\" \/><\/p>\n<ul>\n<li>Yerel ve uzun mesafeli ta\u015f\u0131nmalar<\/li>\n<li>Uluslararas\u0131 ta\u015f\u0131nmalar<\/li>\n<li>Konut Ta\u015f\u0131malar\u0131<\/li>\n<li>Ticari hamleler<\/li>\n<li>Kurumsal ta\u015f\u0131nmalar<\/li>\n<li>Tam paketleme hizmeti<\/li>\n<li>Ula\u015f\u0131m d\u00fczenlemeleri<\/li>\n<li>G\u00fcmr\u00fck i\u015flemleri<\/li>\n<li>Kamyon takip teknolojisi<\/li>\n<li>Depolama hizmetleri<\/li>\n<\/ul>\n<p>Apex Moving &amp; Storage 1972 y\u0131l\u0131nda kurulmu\u015f ve merkezi Antakya'da bulunan bir ta\u015f\u0131ma \u015firketidir. Atlas Interstate Acentesidir ve bu sayede uluslararas\u0131 profesyonel nakliyeciler a\u011f\u0131na ba\u011flanarak destek sa\u011flamaktad\u0131r. \u015eirket, 45 y\u0131ll\u0131k deneyime sahip bir IAM \u00fcyesidir.<\/p>\n<p>Apex Moving &amp; Storage k\u00fc\u00e7\u00fck ve b\u00fcy\u00fck \u00f6l\u00e7ekli ta\u015f\u0131nmalar i\u00e7in hizmet vermekte ve t\u00fcm ihtiya\u00e7lara uygun b\u00fct\u00e7e dostu se\u00e7enekler yaratabilmektedir. Ta\u015f\u0131nma \u00f6ncesi dan\u0131\u015fmanl\u0131k ile kap\u0131dan kap\u0131ya ta\u015f\u0131nma hizmetleri sunarlar ve size destek olmak i\u00e7in ki\u015fisel bir ta\u015f\u0131nma koordinat\u00f6r\u00fc atanacakt\u0131r. Eksiksiz bir paketleme hizmeti sunarlar ve yurt d\u0131\u015f\u0131na ta\u015f\u0131nma durumunda g\u00fcmr\u00fckleme ile nakliyeyi ayarlarlar.<\/p>\n<p>Web sitesi: <a href=\"http:\/\/www.apexmoving.com\/\" target=\"_blank\" rel=\"noopener\">http:\/\/www.apexmoving.com\/<\/a><\/p>\n<h2><strong>2. Elizabeth'in Ta\u015f\u0131nma Hizmeti<\/strong><\/h2>\n<p><img loading=\"lazy\" decoding=\"async\" class=\"alignnone size-full wp-image-11315\" src=\"https:\/\/moverdb.com\/wp-content\/uploads\/Elizabeths-Moving-Service-international-moving-company.png\" alt=\"Elizabeths Moving Service uluslararas\u0131 nakliye \u015firketi\" width=\"1440\" height=\"675\" data-wp-pid=\"11315\" srcset=\"https:\/\/moverdb.com\/wp-content\/uploads\/Elizabeths-Moving-Service-international-moving-company.png 1440w, https:\/\/moverdb.com\/wp-content\/uploads\/Elizabeths-Moving-Service-international-moving-company-300x141.png 300w, https:\/\/moverdb.com\/wp-content\/uploads\/Elizabeths-Moving-Service-international-moving-company-1024x480.png 1024w, https:\/\/moverdb.com\/wp-content\/uploads\/Elizabeths-Moving-Service-international-moving-company-18x8.png 18w, https:\/\/moverdb.com\/wp-content\/uploads\/Elizabeths-Moving-Service-international-moving-company-600x281.png 600w\" sizes=\"auto, (max-width: 1440px) 100vw, 1440px\" \/><\/p>\n<ul>\n<li>Yerel hamleler<\/li>\n<li>Uzun mesafeli ta\u015f\u0131nmalar<\/li>\n<li>Ev ta\u015f\u0131ma<\/li>\n<li>Ofis ve ticari ta\u015f\u0131nmalar<\/li>\n<li>\u00d6zel ta\u015f\u0131ma plan\u0131<\/li>\n<li>Paketleme hizmeti<\/li>\n<li>Ula\u015f\u0131m d\u00fczenlemeleri<\/li>\n<li>Cihaz kurulumu<\/li>\n<li>G\u00fczel sanatlar i\u015fleme<\/li>\n<li>G\u00fcvenli depolama tesisleri<\/li>\n<\/ul>\n<p>Elizabeth's Moving Service, Chattanooga merkezli bir ta\u015f\u0131nma ve depolama \u015firketidir. Alt\u0131 y\u0131ll\u0131k deneyime sahip bir IAM \u00fcyesidirler ve bu da onlara faaliyet alanlar\u0131 d\u0131\u015f\u0131nda hizmet sunmak i\u00e7in birlikte \u00e7al\u0131\u015facaklar\u0131 bir ta\u015f\u0131ma acenteleri a\u011f\u0131 sa\u011flar.<\/p>\n<p>Elizabeth's Moving Service, do\u011fru bir fiyat teklifi sa\u011flamak i\u00e7in ev i\u00e7i bir anket sunar. Yerel, uzun mesafeli ve uluslararas\u0131 ta\u015f\u0131nmalar i\u00e7in e\u015fyalar\u0131n\u0131z\u0131 paketledikleri ve g\u00f6nderdikleri tam hizmet hamleleri sunarlar. E\u015fyalar\u0131n\u0131z\u0131 ta\u015f\u0131ma s\u0131ras\u0131nda koruyacak e\u011fitimli paketleyicilerle, k\u0131r\u0131lgan e\u015fyalar i\u00e7in ah\u015fap kasalar i\u00e7eren ve ta\u015f\u0131nma s\u0131ras\u0131nda evinizi koruyan y\u00fcksek kaliteli paketleme hizmetleri sunarlar.<\/p>\n<p>Web sitesi: <a href=\"http:\/\/www.elizabethsmoving.com\" target=\"_blank\" rel=\"noopener\">http:\/\/www.elizabethsmoving.com<\/a><\/p>\n<h2><strong>3. Still Transfer \u015eirketi<\/strong><\/h2>\n<p><img loading=\"lazy\" decoding=\"async\" class=\"alignnone size-full wp-image-11449\" src=\"https:\/\/moverdb.com\/wp-content\/uploads\/Still-Transfer-Company-international-moving-company.png\" alt=\"Still Transfer Company uluslararas\u0131 ta\u015f\u0131ma \u015firketi\" width=\"1440\" height=\"677\" data-wp-pid=\"11449\" srcset=\"https:\/\/moverdb.com\/wp-content\/uploads\/Still-Transfer-Company-international-moving-company.png 1440w, https:\/\/moverdb.com\/wp-content\/uploads\/Still-Transfer-Company-international-moving-company-300x141.png 300w, https:\/\/moverdb.com\/wp-content\/uploads\/Still-Transfer-Company-international-moving-company-1024x481.png 1024w, https:\/\/moverdb.com\/wp-content\/uploads\/Still-Transfer-Company-international-moving-company-18x8.png 18w, https:\/\/moverdb.com\/wp-content\/uploads\/Still-Transfer-Company-international-moving-company-600x282.png 600w\" sizes=\"auto, (max-width: 1440px) 100vw, 1440px\" \/><\/p>\n<ul>\n<li>Yerel ve uzun mesafeli ta\u015f\u0131nmalar<\/li>\n<li>Uluslararas\u0131 ta\u015f\u0131nmalar<\/li>\n<li>Konut Ta\u015f\u0131malar\u0131<\/li>\n<li>Ticari ve ofis ta\u015f\u0131malar\u0131<\/li>\n<li>Paketleme hizmeti<\/li>\n<li>Ula\u015f\u0131m d\u00fczenlemeleri<\/li>\n<li>G\u00fcmr\u00fck komisyonculu\u011fu<\/li>\n<li>M\u00fczik aleti hareketleri<\/li>\n<li>G\u00fcvenli k\u0131sa ve uzun s\u00fcreli depolama<\/li>\n<\/ul>\n<p>Still Transfer Company, 1928 y\u0131l\u0131nda kurulmu\u015f ve Kingsport merkezli bir ta\u015f\u0131ma ve nakliye \u015firketidir. IAM \u00fcyesi olan \u015firket, 95 y\u0131ll\u0131k deneyimiyle d\u00fcnya \u00e7ap\u0131nda bir ta\u015f\u0131ma \u015firketleri a\u011f\u0131na sahiptir ve bu a\u011fla birlikte \u00e7al\u0131\u015farak hizmet sunmaktad\u0131r.<\/p>\n<p>Still Transfer Company, konut, ticari, ofis ve end\u00fcstriyel ta\u015f\u0131nmalar i\u00e7in yerel, uzun mesafe ve uluslararas\u0131 ta\u015f\u0131nmalar i\u00e7in k\u00fc\u00e7\u00fck ve b\u00fcy\u00fck ta\u015f\u0131ma hizmetleri sunmaktad\u0131r. E\u015fyalar\u0131n\u0131z\u0131 var\u0131\u015f noktan\u0131za g\u00fcvenli bir \u015fekilde ta\u015f\u0131mak i\u00e7in ta\u015f\u0131ma ve paketleme hizmetleri sunarlar ve g\u00fcmr\u00fck komisyonculu\u011fu da yaparlar. Ayr\u0131ca k\u0131sa veya uzun s\u00fcreli olarak g\u00fcvenli depolama olanaklar\u0131 da sunmaktad\u0131rlar.<\/p>\n<p>Web sitesi: <a href=\"http:\/\/www.stilltransfer.net\" target=\"_blank\" rel=\"noopener\">http:\/\/www.stilltransfer.net<\/a><\/p>","protected":false},"excerpt":{"rendered":"<p>Are you planning a move? Then engaging the services of a moving company could really help ease the workload. They can assist with planning your move, transportation arrangements, packing your belongings and handling customs on international moves. Below we have compiled a list of Tennessee based removal companies that are members of the International Association [&hellip;]<\/p>\n","protected":false},"author":4,"featured_media":11256,"parent":190,"menu_order":0,"comment_status":"closed","ping_status":"closed","template":"","meta":{"_genesis_hide_title":false,"_genesis_hide_breadcrumbs":false,"_genesis_hide_singular_image":false,"_genesis_hide_footer_widgets":false,"_genesis_custom_body_class":"","_genesis_custom_post_class":"","_genesis_layout":"","footnotes":""},"class_list":{"0":"post-11666","1":"page","2":"type-page","3":"status-publish","4":"has-post-thumbnail","6":"entry"},"_links":{"self":[{"href":"https:\/\/moverdb.com\/tr\/wp-json\/wp\/v2\/pages\/11666","targetHints":{"allow":["GET"]}}],"collection":[{"href":"https:\/\/moverdb.com\/tr\/wp-json\/wp\/v2\/pages"}],"about":[{"href":"https:\/\/moverdb.com\/tr\/wp-json\/wp\/v2\/types\/page"}],"author":[{"embeddable":true,"href":"https:\/\/moverdb.com\/tr\/wp-json\/wp\/v2\/users\/4"}],"replies":[{"embeddable":true,"href":"https:\/\/moverdb.com\/tr\/wp-json\/wp\/v2\/comments?post=11666"}],"version-history":[{"count":1,"href":"https:\/\/moverdb.com\/tr\/wp-json\/wp\/v2\/pages\/11666\/revisions"}],"predecessor-version":[{"id":11667,"href":"https:\/\/moverdb.com\/tr\/wp-json\/wp\/v2\/pages\/11666\/revisions\/11667"}],"up":[{"embeddable":true,"href":"https:\/\/moverdb.com\/tr\/wp-json\/wp\/v2\/pages\/190"}],"wp:featuredmedia":[{"embeddable":true,"href":"https:\/\/moverdb.com\/tr\/wp-json\/wp\/v2\/media\/11256"}],"wp:attachment":[{"href":"https:\/\/moverdb.com\/tr\/wp-json\/wp\/v2\/media?parent=11666"}],"curies":[{"name":"wp","href":"https:\/\/api.w.org\/{rel}","templated":true}]}}