{"id":11661,"date":"2023-11-29T10:50:19","date_gmt":"2023-11-29T10:50:19","guid":{"rendered":"https:\/\/moverdb.com\/?page_id=11661"},"modified":"2026-01-08T15:29:26","modified_gmt":"2026-01-08T15:29:26","slug":"moving-companies-us-sterling","status":"publish","type":"page","link":"https:\/\/moverdb.com\/tr\/moving-companies\/moving-companies-us-sterling\/","title":{"rendered":"Sterling'deki En \u0130yi 6 Uluslararas\u0131 Nakliye \u015eirketi"},"content":{"rendered":"<p>Ta\u015f\u0131nmak yo\u011fun bir zaman olabilir, bu nedenle biraz yard\u0131m almak y\u00fck\u00fcn\u00fcz\u00fc ger\u00e7ekten hafifletebilir. Bu konuda bir <a href=\"https:\/\/moverdb.com\/tr\/moving-companies\/\" data-internallinksmanager029f6b8e52c=\"79\" title=\"\u00c7evrimi\u00e7i En \u0130yi 25 Uluslararas\u0131 Nakliye \u015eirketi\">ta\u015finma \u015fi\u0307rketi\u0307<\/a> Ta\u015f\u0131nman\u0131z\u0131 planlama, e\u015fyalar\u0131n\u0131z\u0131 paketleme, nakliyeyi d\u00fczenleme ve g\u00fcmr\u00fck belgelerini i\u015fleme dahil olmak \u00fczere bir dizi ta\u015f\u0131nma g\u00f6revinde yard\u0131mc\u0131 olmak i\u00e7in. A\u015fa\u011f\u0131da Sterling merkezli bir liste derledik <a href=\"https:\/\/moverdb.com\/tr\/international-removals\/\" data-internallinksmanager029f6b8e52c=\"27\" title=\"36 \u0130ngiltere&#039;deki En \u0130yi Uluslararas\u0131 Nakliye \u015eirketleri\">nakli\u0307ye \u015fi\u0307rketleri\u0307<\/a> \u00fcyesi olan <a href=\"https:\/\/moverdb.com\/tr\/iam\/\" data-internallinksmanager029f6b8e52c=\"23\" title=\"Uluslararas\u0131 Ta\u015f\u0131mac\u0131lar Birli\u011fi (IAM) A\u00e7\u0131klamas\u0131\">Uluslararas\u0131 Ta\u015f\u0131mac\u0131lar Birli\u011fi<\/a> (IAM) ve\/veya <a href=\"https:\/\/moverdb.com\/tr\/fidi-faim\/\" data-internallinksmanager029f6b8e52c=\"16\" title=\"FIDI &amp; FAIM (FIDI Akredite Uluslararas\u0131 Ta\u015f\u0131mac\u0131) A\u00e7\u0131klamas\u0131\">FIDI<\/a> Ta\u015f\u0131nman\u0131zda size yard\u0131mc\u0131 olabilecek Akredite Uluslararas\u0131 Ta\u015f\u0131y\u0131c\u0131 (FAIM).<\/p>\n<div id=\"ez-toc-container\" class=\"ez-toc-v2_0_82_2 ez-toc-wrap-left counter-hierarchy ez-toc-counter ez-toc-transparent ez-toc-container-direction\">\n<div class=\"ez-toc-title-container\">\n<p class=\"ez-toc-title\" style=\"cursor:inherit\">B\u00f6l\u00fcmler<\/p>\n<span class=\"ez-toc-title-toggle\"><a href=\"#\" class=\"ez-toc-pull-right ez-toc-btn ez-toc-btn-xs ez-toc-btn-default ez-toc-toggle\" aria-label=\"\u0130\u00e7indekiler Tablosunu A\u00e7\/Kapat\"><span class=\"ez-toc-js-icon-con\"><span class=\"\"><span class=\"eztoc-hide\" style=\"display:none;\">Ge\u00e7i\u015f<\/span><span class=\"ez-toc-icon-toggle-span\"><svg style=\"fill: #999;color:#999\" xmlns=\"http:\/\/www.w3.org\/2000\/svg\" class=\"list-377408\" width=\"20px\" height=\"20px\" viewbox=\"0 0 24 24\" fill=\"none\"><path d=\"M6 6H4v2h2V6zm14 0H8v2h12V6zM4 11h2v2H4v-2zm16 0H8v2h12v-2zM4 16h2v2H4v-2zm16 0H8v2h12v-2z\" fill=\"currentColor\"><\/path><\/svg><svg style=\"fill: #999;color:#999\" class=\"arrow-unsorted-368013\" xmlns=\"http:\/\/www.w3.org\/2000\/svg\" width=\"10px\" height=\"10px\" viewbox=\"0 0 24 24\" version=\"1.2\" baseprofile=\"tiny\"><path d=\"M18.2 9.3l-6.2-6.3-6.2 6.3c-.2.2-.3.4-.3.7s.1.5.3.7c.2.2.4.3.7.3h11c.3 0 .5-.1.7-.3.2-.2.3-.5.3-.7s-.1-.5-.3-.7zM5.8 14.7l6.2 6.3 6.2-6.3c.2-.2.3-.5.3-.7s-.1-.5-.3-.7c-.2-.2-.4-.3-.7-.3h-11c-.3 0-.5.1-.7.3-.2.2-.3.5-.3.7s.1.5.3.7z\"\/><\/svg><\/span><\/span><\/span><\/a><\/span><\/div>\n<nav><ul class='ez-toc-list ez-toc-list-level-1 eztoc-toggle-hide-by-default' ><li class='ez-toc-page-1 ez-toc-heading-level-2'><a class=\"ez-toc-link ez-toc-heading-1\" href=\"https:\/\/moverdb.com\/tr\/moving-companies\/moving-companies-us-sterling\/#1_Brauns_International\" >1. Brauns Uluslararas\u0131<\/a><\/li><li class='ez-toc-page-1 ez-toc-heading-level-2'><a class=\"ez-toc-link ez-toc-heading-2\" href=\"https:\/\/moverdb.com\/tr\/moving-companies\/moving-companies-us-sterling\/#2_DN_Van_Lines\" >2. DN Van Lines<\/a><\/li><li class='ez-toc-page-1 ez-toc-heading-level-2'><a class=\"ez-toc-link ez-toc-heading-3\" href=\"https:\/\/moverdb.com\/tr\/moving-companies\/moving-companies-us-sterling\/#3_JK_Moving_Services\" >3. JK Ta\u015f\u0131nma Hizmetleri<\/a><\/li><li class='ez-toc-page-1 ez-toc-heading-level-2'><a class=\"ez-toc-link ez-toc-heading-4\" href=\"https:\/\/moverdb.com\/tr\/moving-companies\/moving-companies-us-sterling\/#4_Laing_International\" >4. Laing Uluslararas\u0131<\/a><\/li><li class='ez-toc-page-1 ez-toc-heading-level-2'><a class=\"ez-toc-link ez-toc-heading-5\" href=\"https:\/\/moverdb.com\/tr\/moving-companies\/moving-companies-us-sterling\/#5_RelogistiX\" >5. RelogistiX<\/a><\/li><li class='ez-toc-page-1 ez-toc-heading-level-2'><a class=\"ez-toc-link ez-toc-heading-6\" href=\"https:\/\/moverdb.com\/tr\/moving-companies\/moving-companies-us-sterling\/#6_Star_Moving_Solutions\" >6. Y\u0131ld\u0131z Ta\u015f\u0131ma \u00c7\u00f6z\u00fcmleri<\/a><\/li><\/ul><\/nav><\/div>\n<h2><span class=\"ez-toc-section\" id=\"1_Brauns_International\"><\/span><strong>1. Brauns Uluslararas\u0131<\/strong><span class=\"ez-toc-section-end\"><\/span><\/h2>\n<p><img loading=\"lazy\" decoding=\"async\" class=\"alignnone size-full wp-image-7421\" src=\"https:\/\/moverdb.com\/wp-content\/uploads\/Brauns-International-moving-company.png\" alt=\"Brauns Uluslararas\u0131 Ta\u015f\u0131mac\u0131l\u0131k \u015eirketi\" width=\"1440\" height=\"683\" data-wp-pid=\"7421\" srcset=\"https:\/\/moverdb.com\/wp-content\/uploads\/Brauns-International-moving-company.png 1440w, https:\/\/moverdb.com\/wp-content\/uploads\/Brauns-International-moving-company-300x142.png 300w, https:\/\/moverdb.com\/wp-content\/uploads\/Brauns-International-moving-company-1024x486.png 1024w, https:\/\/moverdb.com\/wp-content\/uploads\/Brauns-International-moving-company-18x9.png 18w, https:\/\/moverdb.com\/wp-content\/uploads\/Brauns-International-moving-company-600x285.png 600w\" sizes=\"auto, (max-width: 1440px) 100vw, 1440px\" \/><\/p>\n<ul>\n<li>Yerel ve ulusal hamleler<\/li>\n<li>Uluslararas\u0131 ta\u015f\u0131nmalar<\/li>\n<li>Ev ta\u015f\u0131ma<\/li>\n<li>Kurumsal hamleler<\/li>\n<li>Ki\u015fisel ta\u015f\u0131nma dan\u0131\u015fman\u0131<\/li>\n<li>Paketleme hizmeti<\/li>\n<li>Kamyon, hava ve deniz ta\u015f\u0131mac\u0131l\u0131\u011f\u0131<\/li>\n<li>Belge haz\u0131rlama<\/li>\n<li>Sigorta<\/li>\n<li>Depolama hizmetleri<\/li>\n<\/ul>\n<p>Brauns International, 1992 y\u0131l\u0131nda T\u00fcrkiye'de kurulmu\u015f uluslararas\u0131 bir ta\u015f\u0131ma ve depolama \u015firketidir. <a href=\"https:\/\/moverdb.com\/tr\/moving-to-the-united-states\/moving-to-virginia\/\" data-internallinksmanager029f6b8e52c=\"442\" title=\"Virginia&#039;ya Ta\u015f\u0131nmak m\u0131? 2026 Ya\u015fam Maliyetleri ve Yer De\u011fi\u015ftirme \u0130pu\u00e7lar\u0131\">Virginia<\/a>ve Sterling'den faaliyet g\u00f6stermektedir. Uluslararas\u0131 ta\u015f\u0131ma hizmetleri sunmak i\u00e7in birlikte \u00e7al\u0131\u015ft\u0131klar\u0131 d\u00fcnya \u00e7ap\u0131nda ortak acentelerden olu\u015fan bir a\u011fa sahiptirler. IAM'nin 31 y\u0131ll\u0131k tecr\u00fcbeye sahip bir \u00fcyesidirler.<\/p>\n<p>Brauns International, ta\u015f\u0131nman\u0131z\u0131n t\u00fcm y\u00f6nlerini koordine edecek bir Ki\u015fisel Ta\u015f\u0131nma Dan\u0131\u015fman\u0131 ile size \u00f6zel bir ta\u015f\u0131nma hizmeti sunar. E\u015fyalar\u0131n\u0131z\u0131 korumak i\u00e7in en y\u00fcksek kalitede paketleme ve ambalajlama hizmeti sunarlar. E\u015fyalar\u0131n\u0131z\u0131n nakliyesini d\u00fczenleyip takip edecek ve g\u00fcmr\u00fck i\u015flemleri i\u00e7in t\u00fcm evrak ve belgeleri tamamlay\u0131p derleyeceklerdir.<\/p>\n<p>Web sitesi: <a href=\"https:\/\/www.braunsusa.com\/\" target=\"_blank\" rel=\"noopener\">https:\/\/www.braunsusa.com\/<\/a><\/p>\n<h2><span class=\"ez-toc-section\" id=\"2_DN_Van_Lines\"><\/span><strong>2. DN Van Lines<\/strong><span class=\"ez-toc-section-end\"><\/span><\/h2>\n<p><img loading=\"lazy\" decoding=\"async\" class=\"alignnone size-full wp-image-11307\" src=\"https:\/\/moverdb.com\/wp-content\/uploads\/DN-Van-Lines-international-moving-company.png\" alt=\"DN Van Lines uluslararas\u0131 ta\u015f\u0131ma \u015firketi\" width=\"1440\" height=\"670\" data-wp-pid=\"11307\" srcset=\"https:\/\/moverdb.com\/wp-content\/uploads\/DN-Van-Lines-international-moving-company.png 1440w, https:\/\/moverdb.com\/wp-content\/uploads\/DN-Van-Lines-international-moving-company-300x140.png 300w, https:\/\/moverdb.com\/wp-content\/uploads\/DN-Van-Lines-international-moving-company-1024x476.png 1024w, https:\/\/moverdb.com\/wp-content\/uploads\/DN-Van-Lines-international-moving-company-18x8.png 18w, https:\/\/moverdb.com\/wp-content\/uploads\/DN-Van-Lines-international-moving-company-600x279.png 600w\" sizes=\"auto, (max-width: 1440px) 100vw, 1440px\" \/><\/p>\n<ul>\n<li>Yerel ve eyaletler aras\u0131 ta\u015f\u0131nmalar<\/li>\n<li>Uzun mesafeli ta\u015f\u0131nmalar<\/li>\n<li>Konut Ta\u015f\u0131malar\u0131<\/li>\n<li>Ofis ve ticari ta\u015f\u0131nmalar<\/li>\n<li>\u00d6zel Ta\u015f\u0131nma Koordinat\u00f6r\u00fc<\/li>\n<li>Paketleme hizmeti<\/li>\n<li>Detayl\u0131 envanter y\u00f6netimi<\/li>\n<li>Ula\u015f\u0131m d\u00fczenlemeleri<\/li>\n<li>G\u00f6nderi takibi<\/li>\n<li>G\u00fcvenli k\u0131sa ve uzun s\u00fcreli depolama<\/li>\n<\/ul>\n<p>DN Van Lines, 2001 y\u0131l\u0131nda Sterling'de kurulmu\u015f bir ta\u015f\u0131ma ve depolama \u015firketidir, <a href=\"https:\/\/moverdb.com\/tr\/moving-to-the-united-states\/moving-to-florida\/\" data-internallinksmanager029f6b8e52c=\"331\" title=\"Florida&#039;ya Ta\u015f\u0131nmak m\u0131? 2026 Ya\u015fam Maliyetleri ve Yer De\u011fi\u015ftirme \u0130pu\u00e7lar\u0131\">Florida<\/a> ve <a href=\"https:\/\/moverdb.com\/tr\/moving-to-the-united-states\/moving-to-massachusetts\/\" data-internallinksmanager029f6b8e52c=\"412\" title=\"Massachusetts&#039;e mi Ta\u015f\u0131n\u0131yorsunuz? 2026 Ya\u015fam Maliyetleri &amp; Yer De\u011fi\u015ftirme \u0130pu\u00e7lar\u0131\">Massachusetts<\/a>. IAM \u00fcyesidirler ve 20 y\u0131ll\u0131k deneyime sahiptirler, bu da onlara uluslararas\u0131 bir ta\u015f\u0131ma acenteleri a\u011f\u0131na eri\u015fim sa\u011flar.<\/p>\n<p>DN Van Lines, ta\u015f\u0131nman\u0131z\u0131n hacmini tahmin etmek i\u00e7in evde veya sanal bir anket sunar ve \u00f6zel bir Ta\u015f\u0131ma Koordinat\u00f6r\u00fc sa\u011flar. E\u015fyalar\u0131n\u0131z\u0131 g\u00fcvenli bir \u015fekilde paketlemek ve sistemlerinde g\u00fcvenli bir \u015fekilde saklanacak ayr\u0131nt\u0131l\u0131 bir envanter olu\u015fturmak i\u00e7in e\u011fitimli ekipler kullanan bir paketleme hizmeti sunarlar. E\u015fyalar\u0131n\u0131z\u0131n var\u0131\u015f noktan\u0131za nakliyesini ayarlarlar ve g\u00f6nderiler GPS ile takip edilir.<\/p>\n<p>Web sitesi: <a href=\"https:\/\/dnvanlines.com\/\" target=\"_blank\" rel=\"noopener\">https:\/\/dnvanlines.com\/<\/a><\/p>\n<h2><span class=\"ez-toc-section\" id=\"3_JK_Moving_Services\"><\/span><strong>3. JK Ta\u015f\u0131nma Hizmetleri<\/strong><span class=\"ez-toc-section-end\"><\/span><\/h2>\n<p><img loading=\"lazy\" decoding=\"async\" class=\"alignnone size-full wp-image-11662\" src=\"https:\/\/moverdb.com\/wp-content\/uploads\/JK-Moving-Services-international-moving-company.png\" alt=\"JK Moving Services uluslararas\u0131 ta\u015f\u0131ma \u015firketi\" width=\"1440\" height=\"678\" data-wp-pid=\"11662\" srcset=\"https:\/\/moverdb.com\/wp-content\/uploads\/JK-Moving-Services-international-moving-company.png 1440w, https:\/\/moverdb.com\/wp-content\/uploads\/JK-Moving-Services-international-moving-company-300x141.png 300w, https:\/\/moverdb.com\/wp-content\/uploads\/JK-Moving-Services-international-moving-company-1024x482.png 1024w, https:\/\/moverdb.com\/wp-content\/uploads\/JK-Moving-Services-international-moving-company-18x8.png 18w, https:\/\/moverdb.com\/wp-content\/uploads\/JK-Moving-Services-international-moving-company-600x283.png 600w\" sizes=\"auto, (max-width: 1440px) 100vw, 1440px\" \/><\/p>\n<ul>\n<li>Yerel ve uzun mesafeli ta\u015f\u0131nmalar<\/li>\n<li>Uluslararas\u0131 ta\u015f\u0131nmalar<\/li>\n<li>Konut Ta\u015f\u0131malar\u0131<\/li>\n<li>Ticari hamleler<\/li>\n<li>Kap\u0131dan kap\u0131ya hizmet<\/li>\n<li>\u00d6zel ta\u015f\u0131nma y\u00f6neticisi<\/li>\n<li>Paketleme hizmeti<\/li>\n<li>Kamyon, demiryolu, deniz ve hava ta\u015f\u0131mac\u0131l\u0131\u011f\u0131<\/li>\n<li>G\u00fcmr\u00fck i\u015flemleri<\/li>\n<li>G\u00fcvenli depolama<\/li>\n<\/ul>\n<p>JK Moving Services, 40 y\u0131l\u0131 a\u015fk\u0131n s\u00fcredir faaliyet g\u00f6steren bir ta\u015f\u0131nma ve lojistik \u015firketidir ve Sterling'de lokasyonlar\u0131 bulunmaktad\u0131r, <a href=\"https:\/\/moverdb.com\/tr\/moving-to-the-united-states\/moving-to-maryland\/\" data-internallinksmanager029f6b8e52c=\"467\" title=\"Maryland&#039;e mi ta\u015f\u0131n\u0131yorsunuz? 2024 Ya\u015fam Maliyetleri &amp; Yer De\u011fi\u015ftirme \u0130pu\u00e7lar\u0131\">Maryland<\/a> ve Washington'da faaliyet g\u00f6stermektedir. Uluslararas\u0131 hizmetlerin sunulmas\u0131nda kendilerini destekleyen kapsaml\u0131 bir k\u00fcresel ta\u015f\u0131ma a\u011f\u0131na sahiptirler. IAM'nin 44 y\u0131ll\u0131k tecr\u00fcbeye sahip bir \u00fcyesidir ve FIDI taraf\u0131ndan akredite edilmi\u015ftir.<\/p>\n<p>JK Moving Services, t\u00fcm lojisti\u011finizi koordine eden \u00f6zel bir ta\u015f\u0131ma y\u00f6neticisi ile konut ve ticari m\u00fc\u015fteriler i\u00e7in kap\u0131dan kap\u0131ya ta\u015f\u0131ma hizmetleri sunmaktad\u0131r. E\u015fyalar\u0131n\u0131z\u0131 g\u00fcvenli bir \u015fekilde paketleyip y\u00fckleyecek ve teslimat s\u0131ras\u0131nda bo\u015faltacak ve paketlerini a\u00e7acak profesyonel, e\u011fitimli nakliyeciler sa\u011flarlar.<\/p>\n<p>Web sitesi: <a href=\"https:\/\/www.jkmoving.com\/\" target=\"_blank\" rel=\"noopener\">https:\/\/www.jkmoving.com\/<\/a><\/p>\n<h2><span class=\"ez-toc-section\" id=\"4_Laing_International\"><\/span><strong>4. Laing Uluslararas\u0131<\/strong><span class=\"ez-toc-section-end\"><\/span><\/h2>\n<p><img loading=\"lazy\" decoding=\"async\" class=\"alignnone size-full wp-image-11361\" src=\"https:\/\/moverdb.com\/wp-content\/uploads\/Laing-International-moving-company.png\" alt=\"Laing Uluslararas\u0131 Ta\u015f\u0131mac\u0131l\u0131k \u015eirketi\" width=\"1440\" height=\"681\" data-wp-pid=\"11361\" srcset=\"https:\/\/moverdb.com\/wp-content\/uploads\/Laing-International-moving-company.png 1440w, https:\/\/moverdb.com\/wp-content\/uploads\/Laing-International-moving-company-300x142.png 300w, https:\/\/moverdb.com\/wp-content\/uploads\/Laing-International-moving-company-1024x484.png 1024w, https:\/\/moverdb.com\/wp-content\/uploads\/Laing-International-moving-company-18x9.png 18w, https:\/\/moverdb.com\/wp-content\/uploads\/Laing-International-moving-company-600x284.png 600w\" sizes=\"auto, (max-width: 1440px) 100vw, 1440px\" \/><\/p>\n<ul>\n<li>Yerel nakliye hizmetleri<\/li>\n<li>Uluslararas\u0131 ta\u015f\u0131mac\u0131l\u0131k<\/li>\n<li>Bireysel \u00fcr\u00fcnler<\/li>\n<li>Ticari mallar<\/li>\n<li>Sevkiyat y\u00f6netimi<\/li>\n<li>Paketleme hizmeti<\/li>\n<li>Sand\u0131klama<\/li>\n<li>Ula\u015f\u0131m d\u00fczenlemeleri<\/li>\n<li>G\u00fcmr\u00fck i\u015flemleri<\/li>\n<li>Sigorta<\/li>\n<\/ul>\n<p>Laing International bir g\u00fcmr\u00fck komisyoncusu ve <a href=\"https:\/\/moverdb.com\/tr\/freight-forwarder\/\" data-internallinksmanager029f6b8e52c=\"17\" title=\"Freight Forwarder &amp; NVOCC Uluslararas\u0131 Maliyet ve \u015eirketler Rehberi\">navlun nakli\u0307yeci\u0307si\u0307<\/a> Sterling ve Maryland'de 1979 y\u0131l\u0131nda kurulmu\u015ftur. IAM \u00fcyesi olan \u015firket, 44 y\u0131ll\u0131k deneyimiyle hizmetlerini d\u00fcnya \u00e7ap\u0131nda sunmalar\u0131na destek olacak uluslararas\u0131 bir \u015firket a\u011f\u0131na sahiptir.<\/p>\n<p>Laing International, gecikmeleri azaltmay\u0131 ve mallar\u0131n\u0131z\u0131 yerel veya uluslararas\u0131 olarak ta\u015f\u0131rken paradan tasarruf etmenizi ama\u00e7layan bir g\u00fcmr\u00fck komisyonculu\u011fu ve nakliye firmas\u0131 uzman\u0131d\u0131r. E\u015fyalar\u0131n\u0131z\u0131n sigorta dahil g\u00fcvenli bir \u015fekilde paketlenmesi ve sand\u0131klanmas\u0131 dahil olmak \u00fczere yerel ta\u015f\u0131ma hizmetleri ve hava ta\u015f\u0131mac\u0131l\u0131\u011f\u0131 hizmetleri sunarlar. Ayr\u0131ca mallar\u0131n\u0131z\u0131 \u00fclkeler aras\u0131nda transfer etmek i\u00e7in g\u00fcmr\u00fckleme i\u015flemlerini de ger\u00e7ekle\u015ftirirler.<\/p>\n<p>Web sitesi: <a href=\"http:\/\/www.lainginternational.com\/\" target=\"_blank\" rel=\"noopener\">http:\/\/www.lainginternational.com\/<\/a><\/p>\n<h2><span class=\"ez-toc-section\" id=\"5_RelogistiX\"><\/span><strong>5. RelogistiX<\/strong><span class=\"ez-toc-section-end\"><\/span><\/h2>\n<p><img loading=\"lazy\" decoding=\"async\" class=\"alignnone size-full wp-image-11663\" src=\"https:\/\/moverdb.com\/wp-content\/uploads\/Relogistix-international-moving-company.png\" alt=\"Relogistix uluslararas\u0131 ta\u015f\u0131ma \u015firketi\" width=\"1440\" height=\"680\" data-wp-pid=\"11663\" srcset=\"https:\/\/moverdb.com\/wp-content\/uploads\/Relogistix-international-moving-company.png 1440w, https:\/\/moverdb.com\/wp-content\/uploads\/Relogistix-international-moving-company-300x142.png 300w, https:\/\/moverdb.com\/wp-content\/uploads\/Relogistix-international-moving-company-1024x484.png 1024w, https:\/\/moverdb.com\/wp-content\/uploads\/Relogistix-international-moving-company-18x9.png 18w, https:\/\/moverdb.com\/wp-content\/uploads\/Relogistix-international-moving-company-600x283.png 600w\" sizes=\"auto, (max-width: 1440px) 100vw, 1440px\" \/><\/p>\n<ul>\n<li>Uluslararas\u0131 ta\u015f\u0131nmalar<\/li>\n<li>Ev ta\u015f\u0131ma<\/li>\n<li>Kap\u0131dan kap\u0131ya hizmet<\/li>\n<li>\u00d6zel koordinat\u00f6r<\/li>\n<li>Ev i\u00e7i anket<\/li>\n<li>Paketleme hizmeti<\/li>\n<li>Y\u00fcksek kaliteli ambalaj malzemeleri<\/li>\n<li>Kara, hava ve deniz ta\u015f\u0131mac\u0131l\u0131\u011f\u0131<\/li>\n<li>G\u00fcmr\u00fck i\u015flemleri<\/li>\n<li>Ambalaj a\u00e7ma ve enkaz kald\u0131rma<\/li>\n<\/ul>\n<p>RelogistiX, Sterling ve \u0130skenderiye'de lokasyonlar\u0131 bulunan bir yer de\u011fi\u015ftirme ve lojistik \u015firketidir. IAM \u00fcyesi olan RelogistiX, 36 y\u0131ll\u0131k deneyimi sayesinde uluslararas\u0131 bir ta\u015f\u0131nma acenteleri a\u011f\u0131na eri\u015fim sa\u011flamaktad\u0131r.<\/p>\n<p>RelogistiX, ihtiya\u00e7lar\u0131n\u0131z\u0131 g\u00f6r\u00fc\u015fmek i\u00e7in \u00fccretsiz bir ta\u015f\u0131nma \u00f6ncesi dan\u0131\u015fmanl\u0131k hizmeti sunar ve ev i\u00e7i bir anket ve fiyat teklifi tamamlar. Ta\u015f\u0131nma boyunca birincil irtibat\u0131n\u0131z olacak atanm\u0131\u015f bir koordinat\u00f6r sa\u011flayacakt\u0131r. E\u015fyalar\u0131n\u0131z\u0131 korumak i\u00e7in uluslararas\u0131 standartlara uygun en iyi paketleme malzemelerini ve \u00f6zel kasalar\u0131 kullan\u0131rlar. Var\u0131\u015fta, e\u015fyalar\u0131n\u0131z\u0131 bo\u015faltacak, ambalajlar\u0131n\u0131 a\u00e7acak ve t\u00fcm kal\u0131nt\u0131lar\u0131 kald\u0131racaklard\u0131r.<\/p>\n<p>Web sitesi: <a href=\"https:\/\/www.relogistix.net\/\" target=\"_blank\" rel=\"noopener\">https:\/\/www.relogistix.net\/<\/a><\/p>\n<h2><span class=\"ez-toc-section\" id=\"6_Star_Moving_Solutions\"><\/span><strong>6. Y\u0131ld\u0131z Ta\u015f\u0131ma \u00c7\u00f6z\u00fcmleri<\/strong><span class=\"ez-toc-section-end\"><\/span><\/h2>\n<p><img loading=\"lazy\" decoding=\"async\" class=\"alignnone size-full wp-image-5207\" src=\"https:\/\/moverdb.com\/wp-content\/uploads\/Star-Moving-international-moving-company.png\" alt=\"Star Moving uluslararas\u0131 ta\u015f\u0131ma \u015firketi\" width=\"1440\" height=\"683\" data-wp-pid=\"5207\" srcset=\"https:\/\/moverdb.com\/wp-content\/uploads\/Star-Moving-international-moving-company.png 1440w, https:\/\/moverdb.com\/wp-content\/uploads\/Star-Moving-international-moving-company-300x142.png 300w, https:\/\/moverdb.com\/wp-content\/uploads\/Star-Moving-international-moving-company-1024x486.png 1024w, https:\/\/moverdb.com\/wp-content\/uploads\/Star-Moving-international-moving-company-18x9.png 18w, https:\/\/moverdb.com\/wp-content\/uploads\/Star-Moving-international-moving-company-600x285.png 600w\" sizes=\"auto, (max-width: 1440px) 100vw, 1440px\" \/><\/p>\n<ul>\n<li>Ulusal hamleler<\/li>\n<li>Uluslararas\u0131 ta\u015f\u0131nmalar<\/li>\n<li>Ev ta\u015f\u0131ma<\/li>\n<li>Kurumsal ta\u015f\u0131nmalar<\/li>\n<li>Kap\u0131dan kap\u0131ya hizmet<\/li>\n<li>Paketleme hizmetleri<\/li>\n<li>Ula\u015f\u0131m d\u00fczenlemeleri<\/li>\n<li>G\u00fcmr\u00fck deste\u011fi<\/li>\n<li>Takip sistemleri<\/li>\n<li>Depolama \u00e7\u00f6z\u00fcmleri<\/li>\n<\/ul>\n<p>Star Moving Solutions 1998 y\u0131l\u0131nda kurulmu\u015f ulusal ve uluslararas\u0131 bir ta\u015f\u0131ma \u015firketidir. Kendilerini 160'tan fazla \u00fclkede uluslararas\u0131 hizmetlerle desteklemek i\u00e7in d\u00fcnya \u00e7ap\u0131nda geni\u015f bir ta\u015f\u0131ma \u015firketleri a\u011f\u0131na sahip bir Van Line \u00fcyesidirler. IAM'nin 25 y\u0131ll\u0131k tecr\u00fcbeye sahip bir \u00fcyesidir.<\/p>\n<p>Star Moving Solutions, ta\u015f\u0131nma hacminizi belirlemek ve bir fiyat teklifi sunmak i\u00e7in evde bir anket sunar. Ta\u015f\u0131nma s\u00fcreciniz boyunca size yard\u0131mc\u0131 olacak tek bir irtibat noktas\u0131 sa\u011flarlar ve ilerlemeyi izlemek i\u00e7in bir takip sistemleri vard\u0131r. Deniza\u015f\u0131r\u0131 ta\u015f\u0131nmalar i\u00e7in uzman paketleme ve ambalajlama hizmetleri sunarlar ve g\u00fcmr\u00fckleme konusunda yard\u0131mc\u0131 olurlar.<\/p>\n<p>Web sitesi: <a href=\"https:\/\/starint.com\/\" target=\"_blank\" rel=\"noopener\">https:\/\/starint.com\/<\/a><\/p>","protected":false},"excerpt":{"rendered":"<p>Moving can be a busy time so getting some help can really lighten the load. You can engage a moving company to help with a range of moving tasks including planning your move, packing your items, arranging transport and handling any customs documentation. Below we have compiled a list of Sterling based removal companies that [&hellip;]<\/p>\n","protected":false},"author":4,"featured_media":7421,"parent":190,"menu_order":0,"comment_status":"closed","ping_status":"closed","template":"","meta":{"_genesis_hide_title":false,"_genesis_hide_breadcrumbs":false,"_genesis_hide_singular_image":false,"_genesis_hide_footer_widgets":false,"_genesis_custom_body_class":"","_genesis_custom_post_class":"","_genesis_layout":"","footnotes":""},"class_list":{"0":"post-11661","1":"page","2":"type-page","3":"status-publish","4":"has-post-thumbnail","6":"entry"},"_links":{"self":[{"href":"https:\/\/moverdb.com\/tr\/wp-json\/wp\/v2\/pages\/11661","targetHints":{"allow":["GET"]}}],"collection":[{"href":"https:\/\/moverdb.com\/tr\/wp-json\/wp\/v2\/pages"}],"about":[{"href":"https:\/\/moverdb.com\/tr\/wp-json\/wp\/v2\/types\/page"}],"author":[{"embeddable":true,"href":"https:\/\/moverdb.com\/tr\/wp-json\/wp\/v2\/users\/4"}],"replies":[{"embeddable":true,"href":"https:\/\/moverdb.com\/tr\/wp-json\/wp\/v2\/comments?post=11661"}],"version-history":[{"count":2,"href":"https:\/\/moverdb.com\/tr\/wp-json\/wp\/v2\/pages\/11661\/revisions"}],"predecessor-version":[{"id":11665,"href":"https:\/\/moverdb.com\/tr\/wp-json\/wp\/v2\/pages\/11661\/revisions\/11665"}],"up":[{"embeddable":true,"href":"https:\/\/moverdb.com\/tr\/wp-json\/wp\/v2\/pages\/190"}],"wp:featuredmedia":[{"embeddable":true,"href":"https:\/\/moverdb.com\/tr\/wp-json\/wp\/v2\/media\/7421"}],"wp:attachment":[{"href":"https:\/\/moverdb.com\/tr\/wp-json\/wp\/v2\/media?parent=11661"}],"curies":[{"name":"wp","href":"https:\/\/api.w.org\/{rel}","templated":true}]}}