{"id":11659,"date":"2023-11-29T10:20:43","date_gmt":"2023-11-29T10:20:43","guid":{"rendered":"https:\/\/moverdb.com\/?page_id=11659"},"modified":"2026-01-08T15:23:50","modified_gmt":"2026-01-08T15:23:50","slug":"moving-companies-us-south-carolina","status":"publish","type":"page","link":"https:\/\/moverdb.com\/tr\/moving-companies\/moving-companies-us-south-carolina\/","title":{"rendered":"G\u00fcney Carolina'daki En \u0130yi 2 Uluslararas\u0131 Nakliye \u015eirketi"},"content":{"rendered":"<p>Planlama, paketleme, nakliyenin ayarlanmas\u0131 ve yurt d\u0131\u015f\u0131na ta\u015f\u0131nma durumunda g\u00fcmr\u00fck i\u015flemleri gibi yap\u0131lmas\u0131 gereken \u00e7ok \u015fey oldu\u011fundan ta\u015f\u0131nmak bunalt\u0131c\u0131 olabilir. A <a href=\"https:\/\/moverdb.com\/tr\/moving-companies\/\" data-internallinksmanager029f6b8e52c=\"79\" title=\"\u00c7evrimi\u00e7i En \u0130yi 25 Uluslararas\u0131 Nakliye \u015eirketi\">ta\u015finma \u015fi\u0307rketi\u0307<\/a> bunlar\u0131n bir k\u0131sm\u0131 veya tamam\u0131 konusunda size yard\u0131mc\u0131 olabilir. A\u015fa\u011f\u0131da bir liste derledik <a href=\"https:\/\/moverdb.com\/tr\/moving-to-the-united-states\/moving-to-south-carolina\/\" data-internallinksmanager029f6b8e52c=\"408\" title=\"G\u00fcney Carolina&#039;ya Ta\u015f\u0131nmak m\u0131? 2026 Ya\u015fam Maliyetleri ve Yer De\u011fi\u015ftirme \u0130pu\u00e7lar\u0131\">G\u00fcney Carolina<\/a> temelli <a href=\"https:\/\/moverdb.com\/tr\/international-removals\/\" data-internallinksmanager029f6b8e52c=\"27\" title=\"36 \u0130ngiltere&#039;deki En \u0130yi Uluslararas\u0131 Nakliye \u015eirketleri\">nakli\u0307ye \u015fi\u0307rketleri\u0307<\/a> \u00fcyesi olan <a href=\"https:\/\/moverdb.com\/tr\/iam\/\" data-internallinksmanager029f6b8e52c=\"23\" title=\"Uluslararas\u0131 Ta\u015f\u0131mac\u0131lar Birli\u011fi (IAM) A\u00e7\u0131klamas\u0131\">Uluslararas\u0131 Ta\u015f\u0131mac\u0131lar Birli\u011fi<\/a> (IAM) ve\/veya <a href=\"https:\/\/moverdb.com\/tr\/fidi-faim\/\" data-internallinksmanager029f6b8e52c=\"16\" title=\"FIDI &amp; FAIM (FIDI Akredite Uluslararas\u0131 Ta\u015f\u0131mac\u0131) A\u00e7\u0131klamas\u0131\">FIDI<\/a> Ta\u015f\u0131nman\u0131zda size yard\u0131mc\u0131 olabilecek Akredite Uluslararas\u0131 Ta\u015f\u0131mac\u0131 (FAIM).<\/p>\n<h2><strong>1. Carrie Uluslararas\u0131 Nakliye Hizmetleri<\/strong><\/h2>\n<p><img loading=\"lazy\" decoding=\"async\" class=\"alignnone size-full wp-image-11282\" src=\"https:\/\/moverdb.com\/wp-content\/uploads\/Carrie-International-Freight-Services-moving-company.png\" alt=\"Carrie Uluslararas\u0131 Nakliye Hizmetleri ta\u015f\u0131ma \u015firketi\" width=\"1440\" height=\"675\" data-wp-pid=\"11282\" srcset=\"https:\/\/moverdb.com\/wp-content\/uploads\/Carrie-International-Freight-Services-moving-company.png 1440w, https:\/\/moverdb.com\/wp-content\/uploads\/Carrie-International-Freight-Services-moving-company-300x141.png 300w, https:\/\/moverdb.com\/wp-content\/uploads\/Carrie-International-Freight-Services-moving-company-1024x480.png 1024w, https:\/\/moverdb.com\/wp-content\/uploads\/Carrie-International-Freight-Services-moving-company-18x8.png 18w, https:\/\/moverdb.com\/wp-content\/uploads\/Carrie-International-Freight-Services-moving-company-600x281.png 600w\" sizes=\"auto, (max-width: 1440px) 100vw, 1440px\" \/><\/p>\n<ul>\n<li>\u0130thalat ve ihracat hizmetleri<\/li>\n<li>Uluslararas\u0131 ta\u015f\u0131mac\u0131l\u0131k<\/li>\n<li>Ev ta\u015f\u0131ma<\/li>\n<li>Ticari ta\u015f\u0131mac\u0131l\u0131k<\/li>\n<li>Ki\u015fiselle\u015ftirilmi\u015f hizmetler<\/li>\n<li>Nakliye i\u015flemleri<\/li>\n<li>Okyanus ta\u015f\u0131mac\u0131l\u0131\u011f\u0131<\/li>\n<li>G\u00fcmr\u00fck komisyonculu\u011fu<\/li>\n<li>Antika i\u015fleme<\/li>\n<li><a href=\"https:\/\/moverdb.com\/tr\/car-transport-shipping\/\" data-internallinksmanager029f6b8e52c=\"2\" title=\"2026 Uluslararas\u0131 Ara\u00e7 Ta\u015f\u0131ma &amp; Ara\u00e7 Nakliye Fiyatlar\u0131\">Ara\u00e7 nakliyesi<\/a><\/li>\n<\/ul>\n<p>Carrie Uluslararas\u0131 Nakliye Hizmetleri bir okyanus <a href=\"https:\/\/moverdb.com\/tr\/freight-forwarder\/\" data-internallinksmanager029f6b8e52c=\"17\" title=\"Freight Forwarder &amp; NVOCC Uluslararas\u0131 Maliyet ve \u015eirketler Rehberi\">navlun nakli\u0307yeci\u0307si\u0307<\/a> ve merkezi Charleston'da bulunan g\u00fcmr\u00fck komisyoncusu. Hizmetlerini d\u00fcnya \u00e7ap\u0131nda <a href=\"https:\/\/moverdb.com\/tr\/moving-to-the-united-states\/\" data-internallinksmanager029f6b8e52c=\"94\" title=\"Amerika Birle\u015fik Devletleri&#039;ne mi ta\u015f\u0131n\u0131yorsunuz? 2026 Ya\u015fam Maliyetleri ve Yer De\u011fi\u015ftirme \u0130pu\u00e7lar\u0131\">ABD<\/a> ve d\u00fcnya \u00e7ap\u0131nda bir\u00e7ok \u00fclkeye ve \u00fclkeden. IAM \u00fcyesidirler, bu da onlara birlikte \u00e7al\u0131\u015fabilecekleri uluslararas\u0131 bir ta\u015f\u0131ma acenteleri a\u011f\u0131na eri\u015fim sa\u011flar.<\/p>\n<p>Carrie International Freight Services, m\u00fc\u015fterilerinin ihtiya\u00e7lar\u0131na g\u00f6re uyarlanm\u0131\u015f ki\u015fiselle\u015ftirilmi\u015f ve profesyonel hizmetler sunmaktad\u0131r. Yaln\u0131zca okyanus ta\u015f\u0131mac\u0131l\u0131\u011f\u0131 ile nakliye hizmetleri sunmakta ve ev e\u015fyalar\u0131, antikalar ve motorlu ta\u015f\u0131tlar da dahil olmak \u00fczere \u00e7ok \u00e7e\u015fitli mallar i\u00e7in t\u00fcm ithalat ve ihracat hizmetlerini y\u00f6netmektedirler.<\/p>\n<p>Web sitesi: <a href=\"http:\/\/www.cifservices.com\" target=\"_blank\" rel=\"noopener\">http:\/\/www.cifservices.com<\/a><\/p>\n<h2><strong>2. Nilson Van &amp; Depolama<\/strong><\/h2>\n<p><img loading=\"lazy\" decoding=\"async\" class=\"alignnone size-full wp-image-11395\" src=\"https:\/\/moverdb.com\/wp-content\/uploads\/Nilson-Van-Storage-international-moving-company.png\" alt=\"Nilson Van &amp; Storage uluslararas\u0131 nakliye \u015firketi\" width=\"1440\" height=\"675\" data-wp-pid=\"11395\" srcset=\"https:\/\/moverdb.com\/wp-content\/uploads\/Nilson-Van-Storage-international-moving-company.png 1440w, https:\/\/moverdb.com\/wp-content\/uploads\/Nilson-Van-Storage-international-moving-company-300x141.png 300w, https:\/\/moverdb.com\/wp-content\/uploads\/Nilson-Van-Storage-international-moving-company-1024x480.png 1024w, https:\/\/moverdb.com\/wp-content\/uploads\/Nilson-Van-Storage-international-moving-company-18x8.png 18w, https:\/\/moverdb.com\/wp-content\/uploads\/Nilson-Van-Storage-international-moving-company-600x281.png 600w\" sizes=\"auto, (max-width: 1440px) 100vw, 1440px\" \/><\/p>\n<ul>\n<li>Yerel ve uzun mesafeli ta\u015f\u0131nmalar<\/li>\n<li>Uluslararas\u0131 ta\u015f\u0131nmalar<\/li>\n<li>Konut Ta\u015f\u0131malar\u0131<\/li>\n<li>Ticari hamleler<\/li>\n<li>Kurumsal ta\u015f\u0131nmalar<\/li>\n<li>Paketleme hizmeti<\/li>\n<li>Kara, hava ve deniz yoluyla ula\u015f\u0131m<\/li>\n<li>Ara\u00e7 ta\u015f\u0131mac\u0131l\u0131\u011f\u0131<\/li>\n<li>Sigorta<\/li>\n<li>Depolama se\u00e7enekleri<\/li>\n<\/ul>\n<p>Nilson Van &amp; Storage 1938 y\u0131l\u0131nda kurulmu\u015f bir paketleme, ta\u015f\u0131ma ve depolama \u015firketidir ve merkezi Columbia, G\u00fcney Carolina'da bulunmaktad\u0131r. Mayflower Movers'\u0131n bir par\u00e7as\u0131 olan \u015firket, hizmetlerinin 160'tan fazla \u00fclkeye ula\u015ft\u0131r\u0131lmas\u0131nda kendilerine destek olabilecek ta\u015f\u0131ma acenteleri a\u011f\u0131n\u0131 geni\u015fletmektedir. \u015eirket 85 y\u0131ll\u0131k tecr\u00fcbesiyle IAM \u00fcyesidir.<\/p>\n<p>Nilson Van &amp; Storage, e\u015fyalar\u0131n\u0131z\u0131 g\u00fcvenli bir \u015fekilde paketlemek i\u00e7in yetenekli nakliyecilerle bir paketleme hizmeti sunar ve ayr\u0131nt\u0131l\u0131 bir envanter derler. E\u015fyalar\u0131n\u0131z\u0131n nerede oldu\u011funu bilmeniz i\u00e7in takip bilgileri ile e\u015fyalar\u0131n\u0131z\u0131n nakliyesini ayarlayacaklard\u0131r.<\/p>\n<p>Web sitesi: <a href=\"http:\/\/www.nilsonvan.com\/\" target=\"_blank\" rel=\"noopener\">http:\/\/www.nilsonvan.com\/<\/a><\/p>","protected":false},"excerpt":{"rendered":"<p>Moving can be overwhelming as there is so much to do such as planning, packing, arranging transport and if moving abroad customs handling. A moving company can assist you with some or all of this. Below we have compiled a list of South Carolina based removal companies that are members of the International Association of [&hellip;]<\/p>\n","protected":false},"author":4,"featured_media":11282,"parent":190,"menu_order":0,"comment_status":"closed","ping_status":"closed","template":"","meta":{"_genesis_hide_title":false,"_genesis_hide_breadcrumbs":false,"_genesis_hide_singular_image":false,"_genesis_hide_footer_widgets":false,"_genesis_custom_body_class":"","_genesis_custom_post_class":"","_genesis_layout":"","footnotes":""},"class_list":{"0":"post-11659","1":"page","2":"type-page","3":"status-publish","4":"has-post-thumbnail","6":"entry"},"_links":{"self":[{"href":"https:\/\/moverdb.com\/tr\/wp-json\/wp\/v2\/pages\/11659","targetHints":{"allow":["GET"]}}],"collection":[{"href":"https:\/\/moverdb.com\/tr\/wp-json\/wp\/v2\/pages"}],"about":[{"href":"https:\/\/moverdb.com\/tr\/wp-json\/wp\/v2\/types\/page"}],"author":[{"embeddable":true,"href":"https:\/\/moverdb.com\/tr\/wp-json\/wp\/v2\/users\/4"}],"replies":[{"embeddable":true,"href":"https:\/\/moverdb.com\/tr\/wp-json\/wp\/v2\/comments?post=11659"}],"version-history":[{"count":1,"href":"https:\/\/moverdb.com\/tr\/wp-json\/wp\/v2\/pages\/11659\/revisions"}],"predecessor-version":[{"id":11660,"href":"https:\/\/moverdb.com\/tr\/wp-json\/wp\/v2\/pages\/11659\/revisions\/11660"}],"up":[{"embeddable":true,"href":"https:\/\/moverdb.com\/tr\/wp-json\/wp\/v2\/pages\/190"}],"wp:featuredmedia":[{"embeddable":true,"href":"https:\/\/moverdb.com\/tr\/wp-json\/wp\/v2\/media\/11282"}],"wp:attachment":[{"href":"https:\/\/moverdb.com\/tr\/wp-json\/wp\/v2\/media?parent=11659"}],"curies":[{"name":"wp","href":"https:\/\/api.w.org\/{rel}","templated":true}]}}