{"id":11651,"date":"2023-11-29T10:38:44","date_gmt":"2023-11-29T10:38:44","guid":{"rendered":"https:\/\/moverdb.com\/?page_id=11651"},"modified":"2026-01-08T15:24:50","modified_gmt":"2026-01-08T15:24:50","slug":"moving-companies-us-pennsylvania","status":"publish","type":"page","link":"https:\/\/moverdb.com\/tr\/moving-companies\/moving-companies-us-pennsylvania\/","title":{"rendered":"Pensilvanya'daki En \u0130yi 4 Uluslararas\u0131 Nakliye \u015eirketi"},"content":{"rendered":"<p>Ta\u015f\u0131n\u0131rken organize olmak, paketlemek, nakliyeyi ayarlamak ve yurt d\u0131\u015f\u0131na ta\u015f\u0131n\u0131yorsan\u0131z g\u00fcmr\u00fck i\u015flemlerini y\u00f6netmek gibi yap\u0131lmas\u0131 gereken \u00e7ok \u015fey vard\u0131r, ancak bunu tek ba\u015f\u0131n\u0131za yapmak zorunda de\u011filsiniz. A <a href=\"https:\/\/moverdb.com\/tr\/moving-companies\/\" data-internallinksmanager029f6b8e52c=\"79\" title=\"\u00c7evrimi\u00e7i En \u0130yi 25 Uluslararas\u0131 Nakliye \u015eirketi\">ta\u015finma \u015fi\u0307rketi\u0307<\/a> ta\u015f\u0131nmay\u0131 kolayla\u015ft\u0131rmak i\u00e7in bu g\u00f6revlerin hepsinde veya baz\u0131lar\u0131nda yard\u0131mc\u0131 olabilir. A\u015fa\u011f\u0131da a\u015fa\u011f\u0131dakilerin bir listesini derledik <a href=\"https:\/\/moverdb.com\/tr\/moving-to-the-united-states\/moving-to-pennsylvania\/\" data-internallinksmanager029f6b8e52c=\"404\" title=\"Pennsylvania&#039;ya m\u0131 Ta\u015f\u0131n\u0131yorsunuz? 2026 Ya\u015fam Maliyetleri ve Yer De\u011fi\u015ftirme \u0130pu\u00e7lar\u0131\">Pensilvanya<\/a> temelli <a href=\"https:\/\/moverdb.com\/tr\/international-removals\/\" data-internallinksmanager029f6b8e52c=\"27\" title=\"36 \u0130ngiltere&#039;deki En \u0130yi Uluslararas\u0131 Nakliye \u015eirketleri\">nakli\u0307ye \u015fi\u0307rketleri\u0307<\/a> \u00fcyesi olan <a href=\"https:\/\/moverdb.com\/tr\/iam\/\" data-internallinksmanager029f6b8e52c=\"23\" title=\"Uluslararas\u0131 Ta\u015f\u0131mac\u0131lar Birli\u011fi (IAM) A\u00e7\u0131klamas\u0131\">Uluslararas\u0131 Ta\u015f\u0131mac\u0131lar Birli\u011fi<\/a> (IAM) ve\/veya <a href=\"https:\/\/moverdb.com\/tr\/fidi-faim\/\" data-internallinksmanager029f6b8e52c=\"16\" title=\"FIDI &amp; FAIM (FIDI Akredite Uluslararas\u0131 Ta\u015f\u0131mac\u0131) A\u00e7\u0131klamas\u0131\">FIDI<\/a> Ta\u015f\u0131nman\u0131zda size yard\u0131mc\u0131 olabilecek Akredite Uluslararas\u0131 Ta\u015f\u0131mac\u0131 (FAIM).<\/p>\n<div id=\"ez-toc-container\" class=\"ez-toc-v2_0_82_2 ez-toc-wrap-left counter-hierarchy ez-toc-counter ez-toc-transparent ez-toc-container-direction\">\n<div class=\"ez-toc-title-container\">\n<p class=\"ez-toc-title\" style=\"cursor:inherit\">B\u00f6l\u00fcmler<\/p>\n<span class=\"ez-toc-title-toggle\"><a href=\"#\" class=\"ez-toc-pull-right ez-toc-btn ez-toc-btn-xs ez-toc-btn-default ez-toc-toggle\" aria-label=\"\u0130\u00e7indekiler Tablosunu A\u00e7\/Kapat\"><span class=\"ez-toc-js-icon-con\"><span class=\"\"><span class=\"eztoc-hide\" style=\"display:none;\">Ge\u00e7i\u015f<\/span><span class=\"ez-toc-icon-toggle-span\"><svg style=\"fill: #999;color:#999\" xmlns=\"http:\/\/www.w3.org\/2000\/svg\" class=\"list-377408\" width=\"20px\" height=\"20px\" viewbox=\"0 0 24 24\" fill=\"none\"><path d=\"M6 6H4v2h2V6zm14 0H8v2h12V6zM4 11h2v2H4v-2zm16 0H8v2h12v-2zM4 16h2v2H4v-2zm16 0H8v2h12v-2z\" fill=\"currentColor\"><\/path><\/svg><svg style=\"fill: #999;color:#999\" class=\"arrow-unsorted-368013\" xmlns=\"http:\/\/www.w3.org\/2000\/svg\" width=\"10px\" height=\"10px\" viewbox=\"0 0 24 24\" version=\"1.2\" baseprofile=\"tiny\"><path d=\"M18.2 9.3l-6.2-6.3-6.2 6.3c-.2.2-.3.4-.3.7s.1.5.3.7c.2.2.4.3.7.3h11c.3 0 .5-.1.7-.3.2-.2.3-.5.3-.7s-.1-.5-.3-.7zM5.8 14.7l6.2 6.3 6.2-6.3c.2-.2.3-.5.3-.7s-.1-.5-.3-.7c-.2-.2-.4-.3-.7-.3h-11c-.3 0-.5.1-.7.3-.2.2-.3.5-.3.7s.1.5.3.7z\"\/><\/svg><\/span><\/span><\/span><\/a><\/span><\/div>\n<nav><ul class='ez-toc-list ez-toc-list-level-1 eztoc-toggle-hide-by-default' ><li class='ez-toc-page-1 ez-toc-heading-level-2'><a class=\"ez-toc-link ez-toc-heading-1\" href=\"https:\/\/moverdb.com\/tr\/moving-companies\/moving-companies-us-pennsylvania\/#1_Aires\" >1. Aires<\/a><\/li><li class='ez-toc-page-1 ez-toc-heading-level-2'><a class=\"ez-toc-link ez-toc-heading-2\" href=\"https:\/\/moverdb.com\/tr\/moving-companies\/moving-companies-us-pennsylvania\/#2_Champion_International_Moving\" >2. Champion Uluslararas\u0131 Ta\u015f\u0131mac\u0131l\u0131k<\/a><\/li><li class='ez-toc-page-1 ez-toc-heading-level-2'><a class=\"ez-toc-link ez-toc-heading-3\" href=\"https:\/\/moverdb.com\/tr\/moving-companies\/moving-companies-us-pennsylvania\/#3_Movers_Specialty_Service\" >3. Nakliyeciler Uzmanl\u0131k Hizmeti<\/a><\/li><li class='ez-toc-page-1 ez-toc-heading-level-2'><a class=\"ez-toc-link ez-toc-heading-4\" href=\"https:\/\/moverdb.com\/tr\/moving-companies\/moving-companies-us-pennsylvania\/#4_Reads_Moving_Systems\" >4. Hareketli Sistemleri Okur<\/a><\/li><\/ul><\/nav><\/div>\n<h2><span class=\"ez-toc-section\" id=\"1_Aires\"><\/span><strong>1. Aires<\/strong><span class=\"ez-toc-section-end\"><\/span><\/h2>\n<p><img loading=\"lazy\" decoding=\"async\" class=\"alignnone size-full wp-image-11247\" src=\"https:\/\/moverdb.com\/wp-content\/uploads\/Aires-international-moving-company.png\" alt=\"Aires uluslararas\u0131 nakliye \u015firketi\" width=\"1440\" height=\"678\" data-wp-pid=\"11247\" srcset=\"https:\/\/moverdb.com\/wp-content\/uploads\/Aires-international-moving-company.png 1440w, https:\/\/moverdb.com\/wp-content\/uploads\/Aires-international-moving-company-300x141.png 300w, https:\/\/moverdb.com\/wp-content\/uploads\/Aires-international-moving-company-1024x482.png 1024w, https:\/\/moverdb.com\/wp-content\/uploads\/Aires-international-moving-company-18x8.png 18w, https:\/\/moverdb.com\/wp-content\/uploads\/Aires-international-moving-company-600x283.png 600w\" sizes=\"auto, (max-width: 1440px) 100vw, 1440px\" \/><\/p>\n<ul>\n<li>Ulusal ta\u015f\u0131nmalar<\/li>\n<li>Uluslararas\u0131 ta\u015f\u0131nmalar<\/li>\n<li>Hane halk\u0131 ta\u015f\u0131nmalar\u0131<\/li>\n<li>\u00c7al\u0131\u015fan yer de\u011fi\u015ftirmeleri<\/li>\n<li>Kalk\u0131\u015f hizmetleri<\/li>\n<li>Var\u0131\u015f yeri ve yerle\u015fme hizmetleri<\/li>\n<li>G\u00f6\u00e7menlik hizmetleri<\/li>\n<li>Gayrimenkul hizmetleri<\/li>\n<li>Okul arama<\/li>\n<li>K\u00fclt\u00fcrel ve dil e\u011fitimi<\/li>\n<\/ul>\n<p>Aires, 1981 y\u0131l\u0131nda kurulan ve merkezi Pittsburgh'da bulunan bir yer de\u011fi\u015ftirme ve nakliye \u015firketidir. <a href=\"https:\/\/moverdb.com\/tr\/moving-to-the-united-states\/\" data-internallinksmanager029f6b8e52c=\"94\" title=\"Amerika Birle\u015fik Devletleri&#039;ne mi ta\u015f\u0131n\u0131yorsunuz? 2026 Ya\u015fam Maliyetleri ve Yer De\u011fi\u015ftirme \u0130pu\u00e7lar\u0131\">ABD<\/a> ofisleri ve uluslararas\u0131 ofisleri <a href=\"https:\/\/moverdb.com\/tr\/moving-to-hong-kong\/\" data-internallinksmanager029f6b8e52c=\"350\" title=\"Hong Kong&#039;a m\u0131 ta\u015f\u0131n\u0131yorsunuz? 2026 Ya\u015fam Maliyetleri &amp; Yer De\u011fi\u015ftirme \u0130pu\u00e7lar\u0131\">Hong Kong<\/a>, Londra, <a href=\"https:\/\/moverdb.com\/tr\/moving-to-singapore\/\" data-internallinksmanager029f6b8e52c=\"68\" title=\"Singapur&#039;a m\u0131 Ta\u015f\u0131n\u0131yorsunuz? 2026 Ya\u015fam Maliyetleri &amp; Yer De\u011fi\u015ftirme \u0130pu\u00e7lar\u0131\">Singapur<\/a>, \u015eangay ve Mumbai'de faaliyet g\u00f6stermektedir. Kendilerini desteklemek i\u00e7in g\u00fcvenilir hizmet sa\u011flay\u0131c\u0131lardan olu\u015fan geni\u015f bir a\u011fa sahiptirler. IAM'nin 42 y\u0131ll\u0131k tecr\u00fcbeye sahip bir \u00fcyesidir ve FIDI taraf\u0131ndan akredite edilmi\u015ftir.<\/p>\n<p>Aires, \u015firketlere \u00e7al\u0131\u015fanlar\u0131n\u0131n ta\u015f\u0131nmas\u0131 konusunda destek verme konusunda uzmanla\u015fm\u0131\u015ft\u0131r ve \u00e7al\u0131\u015fanlara ta\u015f\u0131nma ve yeni evlerine yerle\u015fme s\u00fcre\u00e7lerinde yard\u0131mc\u0131 olmak i\u00e7in geni\u015f bir hizmet yelpazesi sunmaktad\u0131r. Hizmetleri aras\u0131nda ta\u015f\u0131nma ve g\u00f6\u00e7menlik gibi ayr\u0131l\u0131\u015f hizmetleri ile ev ve okul bulma gibi var\u0131\u015f hizmetleri yer almaktad\u0131r.<\/p>\n<p>Web sitesi: <a href=\"https:\/\/www.aires.com\/\" target=\"_blank\" rel=\"noopener\">https:\/\/www.aires.com\/<\/a><\/p>\n<h2><span class=\"ez-toc-section\" id=\"2_Champion_International_Moving\"><\/span><strong>2. Champion Uluslararas\u0131 Ta\u015f\u0131mac\u0131l\u0131k<\/strong><span class=\"ez-toc-section-end\"><\/span><\/h2>\n<p><img loading=\"lazy\" decoding=\"async\" class=\"alignnone size-full wp-image-11285\" src=\"https:\/\/moverdb.com\/wp-content\/uploads\/Champion-International-Moving-company.png\" alt=\"Champion Uluslararas\u0131 Ta\u015f\u0131mac\u0131l\u0131k \u015eirketi\" width=\"1440\" height=\"676\" data-wp-pid=\"11285\" srcset=\"https:\/\/moverdb.com\/wp-content\/uploads\/Champion-International-Moving-company.png 1440w, https:\/\/moverdb.com\/wp-content\/uploads\/Champion-International-Moving-company-300x141.png 300w, https:\/\/moverdb.com\/wp-content\/uploads\/Champion-International-Moving-company-1024x481.png 1024w, https:\/\/moverdb.com\/wp-content\/uploads\/Champion-International-Moving-company-18x8.png 18w, https:\/\/moverdb.com\/wp-content\/uploads\/Champion-International-Moving-company-600x282.png 600w\" sizes=\"auto, (max-width: 1440px) 100vw, 1440px\" \/><\/p>\n<ul>\n<li>Ulusal hamleler<\/li>\n<li>Uluslararas\u0131 ta\u015f\u0131nmalar<\/li>\n<li>Konut Ta\u015f\u0131malar\u0131<\/li>\n<li>\u0130\u015f hamleleri<\/li>\n<li>\u00d6zel Yer De\u011fi\u015ftirme Uzman\u0131<\/li>\n<li>Paketleme hizmeti<\/li>\n<li>Evcil hayvan hareketleri<\/li>\n<li>Ara\u00e7 ta\u015f\u0131mac\u0131l\u0131\u011f\u0131<\/li>\n<li>Sigorta<\/li>\n<li>Depolama hizmetleri<\/li>\n<\/ul>\n<p>Champion International Moving 1991 y\u0131l\u0131nda kurulmu\u015f ve merkezi Pittsburgh'da bulunan bir ta\u015f\u0131ma y\u00f6netimi \u015firketidir. Onlar bir par\u00e7as\u0131d\u0131r <a href=\"https:\/\/moverdb.com\/tr\/harmony-relocation-network\/\" data-internallinksmanager029f6b8e52c=\"20\" title=\"Harmony Relocation Network (HRN) A\u00e7\u0131klamas\u0131\">Harmony Yer De\u011fi\u015ftirme A\u011f\u0131<\/a> Bu da sosyal a\u00e7\u0131dan sorumlu bir \u015fekilde faaliyet g\u00f6sterdikleri ve ayn\u0131 \u015fekilde faaliyet g\u00f6steren bir ta\u015f\u0131ma \u015firketleri a\u011f\u0131na sahip olduklar\u0131 anlam\u0131na gelir. IAM'nin 32 y\u0131ll\u0131k deneyime sahip bir \u00fcyesidirler ve FIDI taraf\u0131ndan akredite edilmi\u015flerdir.<\/p>\n<p>Champion International Moving, \u00f6zel bir Yer De\u011fi\u015ftirme Uzman\u0131 olan tek bir irtibat noktas\u0131 ile konut ve i\u015f m\u00fc\u015fterileri i\u00e7in ulusal ve uluslararas\u0131 ta\u015f\u0131malar sunar. E\u015fyalar\u0131n\u0131z\u0131 korumak i\u00e7in paketleme hizmeti sa\u011flarlar ve nakliyeyi ayarlay\u0131p var\u0131\u015fta bo\u015faltma i\u015flemini ger\u00e7ekle\u015ftirirler.<\/p>\n<p>Web sitesi: <a href=\"http:\/\/www.champmove.com\" target=\"_blank\" rel=\"noopener\">http:\/\/www.champmove.com<\/a><\/p>\n<h2><span class=\"ez-toc-section\" id=\"3_Movers_Specialty_Service\"><\/span><strong>3. Nakliyeciler Uzmanl\u0131k Hizmeti<\/strong><span class=\"ez-toc-section-end\"><\/span><\/h2>\n<p><img loading=\"lazy\" decoding=\"async\" class=\"alignnone size-full wp-image-11384\" src=\"https:\/\/moverdb.com\/wp-content\/uploads\/Movers-Specialty-Service-international-moving-company.png\" alt=\"Movers Specialty Service uluslararas\u0131 nakliye \u015firketi\" width=\"1440\" height=\"677\" data-wp-pid=\"11384\" srcset=\"https:\/\/moverdb.com\/wp-content\/uploads\/Movers-Specialty-Service-international-moving-company.png 1440w, https:\/\/moverdb.com\/wp-content\/uploads\/Movers-Specialty-Service-international-moving-company-300x141.png 300w, https:\/\/moverdb.com\/wp-content\/uploads\/Movers-Specialty-Service-international-moving-company-1024x481.png 1024w, https:\/\/moverdb.com\/wp-content\/uploads\/Movers-Specialty-Service-international-moving-company-18x8.png 18w, https:\/\/moverdb.com\/wp-content\/uploads\/Movers-Specialty-Service-international-moving-company-600x282.png 600w\" sizes=\"auto, (max-width: 1440px) 100vw, 1440px\" \/><\/p>\n<ul>\n<li>Ulusal hizmetler<\/li>\n<li>Ev ta\u015f\u0131ma hizmetleri<\/li>\n<li>Ticari ta\u015f\u0131ma hizmetleri<\/li>\n<li>Yerinde ta\u015f\u0131ma y\u00f6netimi<\/li>\n<li>Sand\u0131klama hizmetleri<\/li>\n<li>G\u00fczel sanatlar i\u015fleme<\/li>\n<li>Mobilya demontaj\u0131 ve montaj\u0131<\/li>\n<li>S\u00f6k\u00fcm ve kurulum hizmetleri<\/li>\n<li>Uzman e\u015fya ta\u015f\u0131ma hizmetleri<\/li>\n<li>Hizmet\u00e7i servisi<\/li>\n<\/ul>\n<p>Movers Specialty Service, 1978 y\u0131l\u0131nda kurulmu\u015f ve merkezi Montgomeryville'de bulunan bir \u00fc\u00e7\u00fcnc\u00fc taraf ta\u015f\u0131ma hizmetleri \u015firketidir. E\u011fitimli profesyonellerden olu\u015fan \u00f6zenle se\u00e7ilmi\u015f bir a\u011f kullanarak ABD genelinde hizmet vermektedirler. \u015eirket, 45 y\u0131ll\u0131k deneyime sahip bir IAM \u00fcyesidir.<\/p>\n<p>Movers Specialty Service, nakliyecilere ve nakliye \u015firketlerine ABD i\u00e7inde ba\u015flang\u0131\u00e7 veya var\u0131\u015f noktalar\u0131nda uzman destek hizmetleri sa\u011flar. Cihazlar\u0131n s\u00f6k\u00fclmesi\/ba\u011flanmas\u0131, ekipman ve mobilyalar\u0131n s\u00f6k\u00fclmesi\/montaj\u0131, TV'lerin s\u00f6k\u00fclmesi\/montaj\u0131, demirba\u015flar\u0131n s\u00f6k\u00fclmesi\/tak\u0131lmas\u0131 ve e\u015fyalar\u0131n kasalanmas\u0131 gibi \u00f6zel ta\u015f\u0131ma hizmetleri sunarlar. Ayr\u0131ca piyano ve dede saati gibi k\u0131r\u0131lgan ve hacimli e\u015fyalar\u0131 da ta\u015f\u0131yabilirler.<\/p>\n<p>Web sitesi: <a href=\"http:\/\/mss1.com\" target=\"_blank\" rel=\"noopener\">http:\/\/mss1.com<\/a><\/p>\n<h2><span class=\"ez-toc-section\" id=\"4_Reads_Moving_Systems\"><\/span><strong>4. Hareketli Sistemleri Okur<\/strong><span class=\"ez-toc-section-end\"><\/span><\/h2>\n<p><img loading=\"lazy\" decoding=\"async\" class=\"alignnone size-full wp-image-11418\" src=\"https:\/\/moverdb.com\/wp-content\/uploads\/Reads-Moving-Systems-international-moving-company.png\" alt=\"Reads Moving Systems uluslararas\u0131 ta\u015f\u0131ma \u015firketi\" width=\"1440\" height=\"677\" data-wp-pid=\"11418\" srcset=\"https:\/\/moverdb.com\/wp-content\/uploads\/Reads-Moving-Systems-international-moving-company.png 1440w, https:\/\/moverdb.com\/wp-content\/uploads\/Reads-Moving-Systems-international-moving-company-300x141.png 300w, https:\/\/moverdb.com\/wp-content\/uploads\/Reads-Moving-Systems-international-moving-company-1024x481.png 1024w, https:\/\/moverdb.com\/wp-content\/uploads\/Reads-Moving-Systems-international-moving-company-18x8.png 18w, https:\/\/moverdb.com\/wp-content\/uploads\/Reads-Moving-Systems-international-moving-company-600x282.png 600w\" sizes=\"auto, (max-width: 1440px) 100vw, 1440px\" \/><\/p>\n<ul>\n<li>Yerel hamleler<\/li>\n<li>Uluslararas\u0131 ta\u015f\u0131nmalar<\/li>\n<li>Ev ta\u015f\u0131ma<\/li>\n<li>Ofis ve end\u00fcstriyel ta\u015f\u0131nmalar<\/li>\n<li>Ta\u015f\u0131nma \u00f6ncesi planlama<\/li>\n<li>Paketleme hizmeti<\/li>\n<li>Sand\u0131klama<\/li>\n<li>Ta\u015f\u0131mac\u0131l\u0131\u011f\u0131n d\u00fczenlenmesi<\/li>\n<li>Men\u015fe ve var\u0131\u015f yeri hizmetleri<\/li>\n<li>Depolama tesisleri<\/li>\n<\/ul>\n<p>Reads Moving Systems, 1937 y\u0131l\u0131nda kurulmu\u015f bir ta\u015f\u0131ma ve depolama \u015firketidir ve Huntingdon Valley'de yerle\u015fiktir. <a href=\"https:\/\/moverdb.com\/tr\/moving-to-the-united-states\/moving-to-florida\/\" data-internallinksmanager029f6b8e52c=\"331\" title=\"Florida&#039;ya Ta\u015f\u0131nmak m\u0131? 2026 Ya\u015fam Maliyetleri ve Yer De\u011fi\u015ftirme \u0130pu\u00e7lar\u0131\">Florida<\/a> ve <a href=\"https:\/\/moverdb.com\/tr\/moving-to-the-united-states\/moving-to-georgia\/\" data-internallinksmanager029f6b8e52c=\"402\" title=\"Georgia&#039;ya Ta\u015f\u0131nmak m\u0131? 2026 Ya\u015fam Maliyetleri ve Yer De\u011fi\u015ftirme \u0130pu\u00e7lar\u0131\">G\u00fcrcistan<\/a>. Atlas Van Lines acentesidirler, bu da onlara birlikte \u00e7al\u0131\u015fabilecekleri bir ta\u015f\u0131ma \u015firketleri a\u011f\u0131 sa\u011flar. Onlar 50 y\u0131ll\u0131k deneyime sahip bir IAM \u00fcyesidir.<\/p>\n<p>Reads Moving Systems, ta\u015f\u0131ma hizmetleri i\u00e7in rekabet\u00e7i fiyatlar sunar. Ta\u015f\u0131nma y\u00f6netimi koordinat\u00f6rleri ile ta\u015f\u0131nman\u0131z i\u00e7in d\u00fczenlemeler yapmak \u00fczere ta\u015f\u0131nma \u00f6ncesi planlama sa\u011flarlar. E\u015fyalar\u0131n\u0131z\u0131 korumak i\u00e7in paketleme ve ambalajlama hizmeti sunarlar ve uluslararas\u0131 ta\u015f\u0131nmalar i\u00e7in e\u015fyalar\u0131n\u0131z\u0131 bir konteynere y\u00fcklerler.<\/p>\n<p>Web sitesi: <a href=\"http:\/\/www.readsmoving.com\" target=\"_blank\" rel=\"noopener\">http:\/\/www.readsmoving.com<\/a><\/p>","protected":false},"excerpt":{"rendered":"<p>When you are moving there is so much to do like organising, packing, arranging transportation and managing customs if moving abroad, but you don\u2019t have to do this alone. A moving company can help with all or some of these tasks to make moving easier. Below we have compiled a list of Pennsylvania based removal [&hellip;]<\/p>\n","protected":false},"author":4,"featured_media":11247,"parent":190,"menu_order":0,"comment_status":"closed","ping_status":"closed","template":"","meta":{"_genesis_hide_title":false,"_genesis_hide_breadcrumbs":false,"_genesis_hide_singular_image":false,"_genesis_hide_footer_widgets":false,"_genesis_custom_body_class":"","_genesis_custom_post_class":"","_genesis_layout":"","footnotes":""},"class_list":{"0":"post-11651","1":"page","2":"type-page","3":"status-publish","4":"has-post-thumbnail","6":"entry"},"_links":{"self":[{"href":"https:\/\/moverdb.com\/tr\/wp-json\/wp\/v2\/pages\/11651","targetHints":{"allow":["GET"]}}],"collection":[{"href":"https:\/\/moverdb.com\/tr\/wp-json\/wp\/v2\/pages"}],"about":[{"href":"https:\/\/moverdb.com\/tr\/wp-json\/wp\/v2\/types\/page"}],"author":[{"embeddable":true,"href":"https:\/\/moverdb.com\/tr\/wp-json\/wp\/v2\/users\/4"}],"replies":[{"embeddable":true,"href":"https:\/\/moverdb.com\/tr\/wp-json\/wp\/v2\/comments?post=11651"}],"version-history":[{"count":2,"href":"https:\/\/moverdb.com\/tr\/wp-json\/wp\/v2\/pages\/11651\/revisions"}],"predecessor-version":[{"id":11653,"href":"https:\/\/moverdb.com\/tr\/wp-json\/wp\/v2\/pages\/11651\/revisions\/11653"}],"up":[{"embeddable":true,"href":"https:\/\/moverdb.com\/tr\/wp-json\/wp\/v2\/pages\/190"}],"wp:featuredmedia":[{"embeddable":true,"href":"https:\/\/moverdb.com\/tr\/wp-json\/wp\/v2\/media\/11247"}],"wp:attachment":[{"href":"https:\/\/moverdb.com\/tr\/wp-json\/wp\/v2\/media?parent=11651"}],"curies":[{"name":"wp","href":"https:\/\/api.w.org\/{rel}","templated":true}]}}