{"id":11648,"date":"2023-11-29T10:50:54","date_gmt":"2023-11-29T10:50:54","guid":{"rendered":"https:\/\/moverdb.com\/?page_id=11648"},"modified":"2026-01-08T15:29:25","modified_gmt":"2026-01-08T15:29:25","slug":"moving-companies-us-ohio","status":"publish","type":"page","link":"https:\/\/moverdb.com\/tr\/moving-companies\/moving-companies-us-ohio\/","title":{"rendered":"Ohio'daki En \u0130yi 6 Uluslararas\u0131 Nakliye \u015eirketi"},"content":{"rendered":"<p>Ta\u015f\u0131nmay\u0131 m\u0131 planl\u0131yorsunuz? O zaman bir ta\u015f\u0131nma dan\u0131\u015fman\u0131n\u0131n hizmetlerinden yararlanmak isteyebilirsiniz. <a href=\"https:\/\/moverdb.com\/tr\/moving-companies\/\" data-internallinksmanager029f6b8e52c=\"79\" title=\"\u00c7evrimi\u00e7i En \u0130yi 25 Uluslararas\u0131 Nakliye \u015eirketi\">ta\u015finma \u015fi\u0307rketi\u0307<\/a> Ta\u015f\u0131nman\u0131n i\u015f y\u00fck\u00fcn\u00fc ve bask\u0131s\u0131n\u0131 azaltmak i\u00e7in. E\u015fyalar\u0131n\u0131z\u0131 organize edebilir, paketleyebilir ve ta\u015f\u0131yabilir, ayr\u0131ca \u00fclke de\u011fi\u015ftiriyorsan\u0131z g\u00fcmr\u00fck i\u015flemlerini halledebilirler. A\u015fa\u011f\u0131da a\u015fa\u011f\u0131dakilerin bir listesini derledik <a href=\"https:\/\/moverdb.com\/tr\/moving-to-the-united-states\/moving-to-ohio\/\" data-internallinksmanager029f6b8e52c=\"409\" title=\"Ohio&#039;ya m\u0131 ta\u015f\u0131n\u0131yorsunuz? 2026 Ya\u015fam Maliyetleri ve Yer De\u011fi\u015ftirme \u0130pu\u00e7lar\u0131\">Ohio<\/a> temelli <a href=\"https:\/\/moverdb.com\/tr\/international-removals\/\" data-internallinksmanager029f6b8e52c=\"27\" title=\"36 \u0130ngiltere&#039;deki En \u0130yi Uluslararas\u0131 Nakliye \u015eirketleri\">nakli\u0307ye \u015fi\u0307rketleri\u0307<\/a> \u00fcyesi olan <a href=\"https:\/\/moverdb.com\/tr\/iam\/\" data-internallinksmanager029f6b8e52c=\"23\" title=\"Uluslararas\u0131 Ta\u015f\u0131mac\u0131lar Birli\u011fi (IAM) A\u00e7\u0131klamas\u0131\">Uluslararas\u0131 Ta\u015f\u0131mac\u0131lar Birli\u011fi<\/a> (IAM) ve\/veya <a href=\"https:\/\/moverdb.com\/tr\/fidi-faim\/\" data-internallinksmanager029f6b8e52c=\"16\" title=\"FIDI &amp; FAIM (FIDI Akredite Uluslararas\u0131 Ta\u015f\u0131mac\u0131) A\u00e7\u0131klamas\u0131\">FIDI<\/a> Ta\u015f\u0131nman\u0131zda size yard\u0131mc\u0131 olabilecek Akredite Uluslararas\u0131 Ta\u015f\u0131mac\u0131 (FAIM).<\/p>\n<div id=\"ez-toc-container\" class=\"ez-toc-v2_0_82_2 ez-toc-wrap-left counter-hierarchy ez-toc-counter ez-toc-transparent ez-toc-container-direction\">\n<div class=\"ez-toc-title-container\">\n<p class=\"ez-toc-title\" style=\"cursor:inherit\">B\u00f6l\u00fcmler<\/p>\n<span class=\"ez-toc-title-toggle\"><a href=\"#\" class=\"ez-toc-pull-right ez-toc-btn ez-toc-btn-xs ez-toc-btn-default ez-toc-toggle\" aria-label=\"\u0130\u00e7indekiler Tablosunu A\u00e7\/Kapat\"><span class=\"ez-toc-js-icon-con\"><span class=\"\"><span class=\"eztoc-hide\" style=\"display:none;\">Ge\u00e7i\u015f<\/span><span class=\"ez-toc-icon-toggle-span\"><svg style=\"fill: #999;color:#999\" xmlns=\"http:\/\/www.w3.org\/2000\/svg\" class=\"list-377408\" width=\"20px\" height=\"20px\" viewbox=\"0 0 24 24\" fill=\"none\"><path d=\"M6 6H4v2h2V6zm14 0H8v2h12V6zM4 11h2v2H4v-2zm16 0H8v2h12v-2zM4 16h2v2H4v-2zm16 0H8v2h12v-2z\" fill=\"currentColor\"><\/path><\/svg><svg style=\"fill: #999;color:#999\" class=\"arrow-unsorted-368013\" xmlns=\"http:\/\/www.w3.org\/2000\/svg\" width=\"10px\" height=\"10px\" viewbox=\"0 0 24 24\" version=\"1.2\" baseprofile=\"tiny\"><path d=\"M18.2 9.3l-6.2-6.3-6.2 6.3c-.2.2-.3.4-.3.7s.1.5.3.7c.2.2.4.3.7.3h11c.3 0 .5-.1.7-.3.2-.2.3-.5.3-.7s-.1-.5-.3-.7zM5.8 14.7l6.2 6.3 6.2-6.3c.2-.2.3-.5.3-.7s-.1-.5-.3-.7c-.2-.2-.4-.3-.7-.3h-11c-.3 0-.5.1-.7.3-.2.2-.3.5-.3.7s.1.5.3.7z\"\/><\/svg><\/span><\/span><\/span><\/a><\/span><\/div>\n<nav><ul class='ez-toc-list ez-toc-list-level-1 eztoc-toggle-hide-by-default' ><li class='ez-toc-page-1 ez-toc-heading-level-2'><a class=\"ez-toc-link ez-toc-heading-1\" href=\"https:\/\/moverdb.com\/tr\/moving-companies\/moving-companies-us-ohio\/#1_Andrews_Moving_Storage\" >1. Andrews Ta\u015f\u0131nma &amp; Depolama<\/a><\/li><li class='ez-toc-page-1 ez-toc-heading-level-2'><a class=\"ez-toc-link ez-toc-heading-2\" href=\"https:\/\/moverdb.com\/tr\/moving-companies\/moving-companies-us-ohio\/#2_Corrigan_Moving_Systems\" >2. Corrigan Ta\u015f\u0131ma Sistemleri<\/a><\/li><li class='ez-toc-page-1 ez-toc-heading-level-2'><a class=\"ez-toc-link ez-toc-heading-3\" href=\"https:\/\/moverdb.com\/tr\/moving-companies\/moving-companies-us-ohio\/#3_CSNS_Relocation_Services\" >3. CSNS Ta\u015f\u0131nma Hizmetleri<\/a><\/li><li class='ez-toc-page-1 ez-toc-heading-level-2'><a class=\"ez-toc-link ez-toc-heading-4\" href=\"https:\/\/moverdb.com\/tr\/moving-companies\/moving-companies-us-ohio\/#4_Letz_Get_Moving\" >4. Harekete Ge\u00e7elim<\/a><\/li><li class='ez-toc-page-1 ez-toc-heading-level-2'><a class=\"ez-toc-link ez-toc-heading-5\" href=\"https:\/\/moverdb.com\/tr\/moving-companies\/moving-companies-us-ohio\/#5_Moving_Ahead_Services\" >5. \u0130leriye Y\u00f6nelik Hizmetler<\/a><\/li><li class='ez-toc-page-1 ez-toc-heading-level-2'><a class=\"ez-toc-link ez-toc-heading-6\" href=\"https:\/\/moverdb.com\/tr\/moving-companies\/moving-companies-us-ohio\/#6_Planes_Moving_Storage\" >6. Planes Ta\u015f\u0131nma ve Depolama<\/a><\/li><\/ul><\/nav><\/div>\n<h2><span class=\"ez-toc-section\" id=\"1_Andrews_Moving_Storage\"><\/span><strong>1. Andrews Ta\u015f\u0131nma &amp; Depolama<\/strong><span class=\"ez-toc-section-end\"><\/span><\/h2>\n<p><img loading=\"lazy\" decoding=\"async\" class=\"alignnone size-full wp-image-11255\" src=\"https:\/\/moverdb.com\/wp-content\/uploads\/Andrews-Moving-Storage-international-moving-company.png\" alt=\"Andrews Moving &amp; Storage uluslararas\u0131 ta\u015f\u0131ma \u015firketi\" width=\"1440\" height=\"679\" data-wp-pid=\"11255\" srcset=\"https:\/\/moverdb.com\/wp-content\/uploads\/Andrews-Moving-Storage-international-moving-company.png 1440w, https:\/\/moverdb.com\/wp-content\/uploads\/Andrews-Moving-Storage-international-moving-company-300x141.png 300w, https:\/\/moverdb.com\/wp-content\/uploads\/Andrews-Moving-Storage-international-moving-company-1024x483.png 1024w, https:\/\/moverdb.com\/wp-content\/uploads\/Andrews-Moving-Storage-international-moving-company-18x8.png 18w, https:\/\/moverdb.com\/wp-content\/uploads\/Andrews-Moving-Storage-international-moving-company-600x283.png 600w\" sizes=\"auto, (max-width: 1440px) 100vw, 1440px\" \/><\/p>\n<ul>\n<li>Yerel ve uzun mesafeli ta\u015f\u0131nmalar<\/li>\n<li>Uluslararas\u0131 ta\u015f\u0131nmalar<\/li>\n<li>Konut Ta\u015f\u0131malar\u0131<\/li>\n<li>Ticari ve ofis ta\u015f\u0131malar\u0131<\/li>\n<li>\u00c7al\u0131\u015fan yer de\u011fi\u015ftirmeleri<\/li>\n<li>Paketleme hizmeti<\/li>\n<li>Ula\u015f\u0131m d\u00fczenlemeleri<\/li>\n<li>G\u00fcmr\u00fck deste\u011fi<\/li>\n<li>G\u00f6nderi takibi<\/li>\n<li>K\u0131sa ve uzun s\u00fcreli depolama<\/li>\n<\/ul>\n<p>Andrews Moving &amp; Storage 1908 y\u0131l\u0131nda kurulan ve merkezi Streetsboro'da bulunan bir aile \u015firketidir. Birlikte \u00e7al\u0131\u015fabilecekleri y\u00fcksek standartlarda faaliyet g\u00f6steren d\u00fcnya \u00e7ap\u0131nda bir ta\u015f\u0131ma acenteleri a\u011f\u0131na sahip olan United Van Lines'\u0131n bir acentesidir. IAM \u00fcyesidirler.<\/p>\n<p>Andrews Moving &amp; Storage, t\u00fcm ta\u015f\u0131nman\u0131z\u0131 y\u00f6netecek ki\u015fiselle\u015ftirilmi\u015f ta\u015f\u0131ma hizmetleri sunar. E\u011fitimli paketleme ekipleri kullanarak e\u015fyalar\u0131n\u0131z\u0131 ta\u015f\u0131ma s\u0131ras\u0131nda korumak i\u00e7in eksiksiz bir paketleme hizmeti sunarlar. Gidece\u011finiz yere vard\u0131\u011f\u0131n\u0131zda e\u015fyalar\u0131n\u0131z\u0131 da ambalajlar\u0131ndan \u00e7\u0131kar\u0131rlar. E\u015fyalar\u0131n\u0131z\u0131n g\u00fcmr\u00fck deste\u011fi ile ta\u015f\u0131nmas\u0131n\u0131 ayarlayacak ve \u00e7evrimi\u00e7i takip sa\u011flayacakt\u0131r.<\/p>\n<p>Web sitesi: <a href=\"http:\/\/www.andrewsmoving.com\" target=\"_blank\" rel=\"noopener\">http:\/\/www.andrewsmoving.com<\/a><\/p>\n<h2><span class=\"ez-toc-section\" id=\"2_Corrigan_Moving_Systems\"><\/span><strong>2. Corrigan Ta\u015f\u0131ma Sistemleri<\/strong><span class=\"ez-toc-section-end\"><\/span><\/h2>\n<p><img loading=\"lazy\" decoding=\"async\" class=\"alignnone size-full wp-image-11297\" src=\"https:\/\/moverdb.com\/wp-content\/uploads\/Corrigan-Moving-Systems-international-moving-company.png\" alt=\"Corrigan Moving Systems uluslararas\u0131 ta\u015f\u0131ma \u015firketi\" width=\"1440\" height=\"675\" data-wp-pid=\"11297\" srcset=\"https:\/\/moverdb.com\/wp-content\/uploads\/Corrigan-Moving-Systems-international-moving-company.png 1440w, https:\/\/moverdb.com\/wp-content\/uploads\/Corrigan-Moving-Systems-international-moving-company-300x141.png 300w, https:\/\/moverdb.com\/wp-content\/uploads\/Corrigan-Moving-Systems-international-moving-company-1024x480.png 1024w, https:\/\/moverdb.com\/wp-content\/uploads\/Corrigan-Moving-Systems-international-moving-company-18x8.png 18w, https:\/\/moverdb.com\/wp-content\/uploads\/Corrigan-Moving-Systems-international-moving-company-600x281.png 600w\" sizes=\"auto, (max-width: 1440px) 100vw, 1440px\" \/><\/p>\n<ul>\n<li>Yerel ve uzun mesafeli ta\u015f\u0131nmalar<\/li>\n<li>Uluslararas\u0131 ta\u015f\u0131nmalar<\/li>\n<li>Konut Ta\u015f\u0131malar\u0131<\/li>\n<li>Ticari hamleler<\/li>\n<li>Kurumsal ta\u015f\u0131nmalar<\/li>\n<li>Kap\u0131dan kap\u0131ya hizmet<\/li>\n<li>Paketleme hizmeti<\/li>\n<li>G\u00fcmr\u00fck deste\u011fi<\/li>\n<li><a href=\"https:\/\/moverdb.com\/tr\/car-transport-shipping\/\" data-internallinksmanager029f6b8e52c=\"2\" title=\"2026 Uluslararas\u0131 Ara\u00e7 Ta\u015f\u0131ma &amp; Ara\u00e7 Nakliye Fiyatlar\u0131\">Ara\u00e7 nakliyesi<\/a><\/li>\n<li>Depolama hizmetleri<\/li>\n<\/ul>\n<p>Corrigan Moving Systems, 1929 y\u0131l\u0131nda kurulan ve Ohio'da 13 lokasyonu bulunan tam hizmetli bir ta\u015f\u0131ma ve lojistik \u015firketidir, <a href=\"https:\/\/moverdb.com\/tr\/moving-to-the-united-states\/moving-to-michigan\/\" data-internallinksmanager029f6b8e52c=\"414\" title=\"Michigan&#039;a Ta\u015f\u0131nmak m\u0131? 2026 Ya\u015fam Maliyetleri ve Yer De\u011fi\u015ftirme \u0130pu\u00e7lar\u0131\">Michigan<\/a>, <a href=\"https:\/\/moverdb.com\/tr\/moving-to-the-united-states\/moving-to-new-york\/\" data-internallinksmanager029f6b8e52c=\"332\" title=\"New York&#039;a (Eyalet) m\u0131 Ta\u015f\u0131n\u0131yorsunuz? 2026 Ya\u015fam Maliyetleri &amp; Yer De\u011fi\u015ftirme \u0130pu\u00e7lar\u0131\">New York<\/a> ve <a href=\"https:\/\/moverdb.com\/tr\/moving-to-the-united-states\/moving-to-pennsylvania\/\" data-internallinksmanager029f6b8e52c=\"404\" title=\"Pennsylvania&#039;ya m\u0131 Ta\u015f\u0131n\u0131yorsunuz? 2026 Ya\u015fam Maliyetleri ve Yer De\u011fi\u015ftirme \u0130pu\u00e7lar\u0131\">Pensilvanya<\/a>. Ohio'daki lokasyonlar\u0131 Cleveland ve Toledo'dad\u0131r. United Van Lines'\u0131n bir par\u00e7as\u0131d\u0131rlar ve bu da onlara birlikte \u00e7al\u0131\u015fabilecekleri bir ta\u015f\u0131ma acenteleri a\u011f\u0131 sa\u011flar. IAM'nin 75 y\u0131ll\u0131k tecr\u00fcbeye sahip bir \u00fcyesidirler ve FIDI taraf\u0131ndan akredite edilmi\u015flerdir.<\/p>\n<p>Corrigan Moving Systems, konut ve ticari m\u00fc\u015fteriler i\u00e7in kap\u0131dan kap\u0131ya ta\u015f\u0131nma hizmetleri sunmaktad\u0131r. Ki\u015fiselle\u015ftirilmi\u015f ta\u015f\u0131nma paketleri sunarlar ve ta\u015f\u0131nma koordinat\u00f6r\u00fcn\u00fcz durumunuza uygun bir ta\u015f\u0131nma stratejisi haz\u0131rlar. Bu, \u00fccretsiz bir fiyat teklifi ve yerinde veya sanal anket ile ba\u015flar.<\/p>\n<p>Web sitesi: <a href=\"https:\/\/www.corriganmoving.com\/\" target=\"_blank\" rel=\"noopener\">https:\/\/www.corriganmoving.com\/<\/a><\/p>\n<h2><span class=\"ez-toc-section\" id=\"3_CSNS_Relocation_Services\"><\/span><strong>3. CSNS Ta\u015f\u0131nma Hizmetleri<\/strong><span class=\"ez-toc-section-end\"><\/span><\/h2>\n<p><img loading=\"lazy\" decoding=\"async\" class=\"alignnone size-full wp-image-11301\" src=\"https:\/\/moverdb.com\/wp-content\/uploads\/CSNS-Relocation-Services-international-moving-company.png\" alt=\"CSNS Relocation Services uluslararas\u0131 ta\u015f\u0131ma \u015firketi\" width=\"1440\" height=\"680\" data-wp-pid=\"11301\" srcset=\"https:\/\/moverdb.com\/wp-content\/uploads\/CSNS-Relocation-Services-international-moving-company.png 1440w, https:\/\/moverdb.com\/wp-content\/uploads\/CSNS-Relocation-Services-international-moving-company-300x142.png 300w, https:\/\/moverdb.com\/wp-content\/uploads\/CSNS-Relocation-Services-international-moving-company-1024x484.png 1024w, https:\/\/moverdb.com\/wp-content\/uploads\/CSNS-Relocation-Services-international-moving-company-18x9.png 18w, https:\/\/moverdb.com\/wp-content\/uploads\/CSNS-Relocation-Services-international-moving-company-600x283.png 600w\" sizes=\"auto, (max-width: 1440px) 100vw, 1440px\" \/><\/p>\n<ul>\n<li>Ulusal ta\u015f\u0131nma hizmetleri<\/li>\n<li>Ev ta\u015f\u0131ma hizmetleri<\/li>\n<li>Men\u015fe hizmetleri<\/li>\n<li>Destinasyon hizmetleri<\/li>\n<li>Profesyonel sand\u0131klama<\/li>\n<li>Mobilya demontaj\u0131 ve montaj\u0131<\/li>\n<li>Kurulum hizmetleri<\/li>\n<li>Hizmet\u00e7i servisi<\/li>\n<li>Enkaz kald\u0131rma<\/li>\n<\/ul>\n<p>CSNS Relocation Services, 2002 y\u0131l\u0131nda T\u00fcrkiye'de kurulmu\u015f ulusal bir ta\u015f\u0131nma hizmetleri \u015firketidir. <a href=\"https:\/\/moverdb.com\/tr\/moving-to-dublin\/\" data-internallinksmanager029f6b8e52c=\"260\" title=\"Dublin&#039;e mi ta\u015f\u0131n\u0131yorsunuz? 2026 Ya\u015fam Maliyetleri &amp; Yer De\u011fi\u015ftirme \u0130pu\u00e7lar\u0131\">Dublin<\/a>. Hizmetlerini sunmak i\u00e7in birlikte \u00e7al\u0131\u015ft\u0131klar\u0131 geni\u015f bir ta\u015f\u0131ma \u015firketleri a\u011f\u0131na sahiptirler. IAM \u00fcyesidirler ve 21 y\u0131ll\u0131k deneyime sahiptirler.<\/p>\n<p>CSNS Relocation Services, hem \u00e7\u0131k\u0131\u015f noktan\u0131zda hem de var\u0131\u015f noktan\u0131zda size yard\u0131mc\u0131 olmak i\u00e7in \u00fc\u00e7\u00fcnc\u00fc taraf yer de\u011fi\u015ftirme hizmetleri sunar. <a href=\"https:\/\/moverdb.com\/tr\/moving-to-the-united-states\/\" data-internallinksmanager029f6b8e52c=\"94\" title=\"Amerika Birle\u015fik Devletleri&#039;ne mi ta\u015f\u0131n\u0131yorsunuz? 2026 Ya\u015fam Maliyetleri ve Yer De\u011fi\u015ftirme \u0130pu\u00e7lar\u0131\">ABD<\/a>. Ta\u015f\u0131nmaya haz\u0131rlanman\u0131za veya yeni evinize yerle\u015fmenize yard\u0131mc\u0131 olmak i\u00e7in genellikle ta\u015f\u0131ma \u015firketlerinin sa\u011flamad\u0131\u011f\u0131, cihazlar\u0131n kurulumu, g\u00f6rsel-i\u015fitsel ekipmanlar\u0131n kurulmas\u0131, demirba\u015flar\u0131n yerle\u015ftirilmesi ve hizmet\u00e7i hizmetleri gibi \u00e7ok \u00e7e\u015fitli hizmetler sunarlar.<\/p>\n<p>Web sitesi: <a href=\"http:\/\/www.csnsrelo.com\" target=\"_blank\" rel=\"noopener\">http:\/\/www.csnsrelo.com<\/a><\/p>\n<h2><span class=\"ez-toc-section\" id=\"4_Letz_Get_Moving\"><\/span><strong>4. Harekete Ge\u00e7elim<\/strong><span class=\"ez-toc-section-end\"><\/span><\/h2>\n<p><img loading=\"lazy\" decoding=\"async\" class=\"alignnone size-full wp-image-11364\" src=\"https:\/\/moverdb.com\/wp-content\/uploads\/Letz-Get-Moving-international-moving-company.png\" alt=\"Letz Get Moving uluslararas\u0131 ta\u015f\u0131ma \u015firketi\" width=\"1440\" height=\"674\" data-wp-pid=\"11364\" srcset=\"https:\/\/moverdb.com\/wp-content\/uploads\/Letz-Get-Moving-international-moving-company.png 1440w, https:\/\/moverdb.com\/wp-content\/uploads\/Letz-Get-Moving-international-moving-company-300x140.png 300w, https:\/\/moverdb.com\/wp-content\/uploads\/Letz-Get-Moving-international-moving-company-1024x479.png 1024w, https:\/\/moverdb.com\/wp-content\/uploads\/Letz-Get-Moving-international-moving-company-18x8.png 18w, https:\/\/moverdb.com\/wp-content\/uploads\/Letz-Get-Moving-international-moving-company-600x281.png 600w\" sizes=\"auto, (max-width: 1440px) 100vw, 1440px\" \/><\/p>\n<ul>\n<li>Ulusal ta\u015f\u0131nmalar<\/li>\n<li>Uluslararas\u0131 ta\u015f\u0131nmalar<\/li>\n<li>Hane halk\u0131 ta\u015f\u0131nmalar\u0131<\/li>\n<li>Kap\u0131dan kap\u0131ya hizmet<\/li>\n<li>Paketleme hizmeti<\/li>\n<li>Ula\u015f\u0131m<\/li>\n<li>Konteyner se\u00e7enekleri<\/li>\n<li>G\u00fcmr\u00fck i\u015flemleri<\/li>\n<li>Ara\u00e7 ta\u015f\u0131mac\u0131l\u0131\u011f\u0131<\/li>\n<li>G\u00fcvenli depolama<\/li>\n<\/ul>\n<p>Letz Get Moving, 10 y\u0131ll\u0131k deneyime sahip \u015fehirleraras\u0131 ve uluslararas\u0131 bir ta\u015f\u0131nma \u015firketidir ve Twinsburg, Baltimore ve <a href=\"https:\/\/moverdb.com\/tr\/moving-to-los-angeles\/\" data-internallinksmanager029f6b8e52c=\"51\" title=\"Los Angeles&#039;a m\u0131 ta\u015f\u0131n\u0131yorsunuz? 2026 LA Ya\u015fam Maliyetleri ve Yer De\u011fi\u015ftirme \u0130pu\u00e7lar\u0131\">Los Angeles<\/a>. Alt\u0131 y\u0131ll\u0131k deneyime sahip bir IAM \u00fcyesidirler.<\/p>\n<p>Letz Get Moving, ta\u015f\u0131nman\u0131z\u0131 ba\u015ftan sona y\u00f6netecek kapsaml\u0131 ta\u015f\u0131nma hizmetleri sunar. Ta\u015f\u0131nma i\u015fleminizi koordine edecek ve planlayacak birincil bir irtibat noktas\u0131 sa\u011flarlar. E\u015fyalar\u0131n\u0131z\u0131 profesyonelce paketleyecek ve \u00f6zel sand\u0131klama hizmetleri sunacaklard\u0131r. E\u015fyalar\u0131n\u0131z\u0131 etiketleyecek ve bir envanter listesi olu\u015fturacaklard\u0131r. Var\u0131\u015fta, mobilyalar\u0131 a\u00e7\u0131p monte edecek ve enkaz\u0131 kald\u0131racaklard\u0131r.<\/p>\n<p>Web sitesi: <a href=\"http:\/\/www.letzgetmoving.com\" target=\"_blank\" rel=\"noopener\">http:\/\/www.letzgetmoving.com<\/a><\/p>\n<h2><span class=\"ez-toc-section\" id=\"5_Moving_Ahead_Services\"><\/span><strong>5. \u0130leriye Y\u00f6nelik Hizmetler<\/strong><span class=\"ez-toc-section-end\"><\/span><\/h2>\n<p><img loading=\"lazy\" decoding=\"async\" class=\"alignnone size-full wp-image-11387\" src=\"https:\/\/moverdb.com\/wp-content\/uploads\/Moving-Ahead-Services-international-moving-company.png\" alt=\"Moving Ahead Services uluslararas\u0131 ta\u015f\u0131ma \u015firketi\" width=\"1440\" height=\"672\" data-wp-pid=\"11387\" srcset=\"https:\/\/moverdb.com\/wp-content\/uploads\/Moving-Ahead-Services-international-moving-company.png 1440w, https:\/\/moverdb.com\/wp-content\/uploads\/Moving-Ahead-Services-international-moving-company-300x140.png 300w, https:\/\/moverdb.com\/wp-content\/uploads\/Moving-Ahead-Services-international-moving-company-1024x478.png 1024w, https:\/\/moverdb.com\/wp-content\/uploads\/Moving-Ahead-Services-international-moving-company-18x8.png 18w, https:\/\/moverdb.com\/wp-content\/uploads\/Moving-Ahead-Services-international-moving-company-600x280.png 600w\" sizes=\"auto, (max-width: 1440px) 100vw, 1440px\" \/><\/p>\n<ul>\n<li>Yerel ta\u015f\u0131nmalar ve uzun mesafeli ta\u015f\u0131nmalar<\/li>\n<li>Uluslararas\u0131 ta\u015f\u0131nmalar<\/li>\n<li>Ev ta\u015f\u0131ma<\/li>\n<li>Ticari hamleler<\/li>\n<li>Kurumsal ta\u015f\u0131nmalar<\/li>\n<li>\u00d6zelle\u015ftirilmi\u015f ta\u015f\u0131nma plan\u0131<\/li>\n<li>Tam hizmet veya sadece i\u015f\u00e7ilik se\u00e7enekleri<\/li>\n<li>Paketleme hizmetleri<\/li>\n<li>Ta\u015f\u0131mac\u0131l\u0131\u011f\u0131n d\u00fczenlenmesi<\/li>\n<li>Depolama tesisleri<\/li>\n<\/ul>\n<p>Moving Ahead Services, Cleveland, Columbus, Cincinnati, Charlotte ve Pittsburgh'da lokasyonlar\u0131 bulunan bir ta\u015f\u0131ma \u015firketidir. IAM \u00fcyesidirler ve 18 y\u0131ll\u0131k deneyime sahiptirler, bu da onlara birlikte \u00e7al\u0131\u015fabilecekleri bir ta\u015f\u0131ma acenteleri a\u011f\u0131na eri\u015fim sa\u011flar.<\/p>\n<p>Moving Ahead Services \u00e7evrimi\u00e7i veya telefon \u00fczerinden bir <a href=\"https:\/\/moverdb.com\/tr\/quotes\/\" data-internallinksmanager029f6b8e52c=\"26\" title=\"Uluslararas\u0131 Ta\u015f\u0131nma Fiyatlar\u0131: Nakliyecinize Sorman\u0131z Gereken 12 Soru\">ta\u015f\u0131nma teklifi<\/a>. \u0130htiya\u00e7lar\u0131n\u0131z\u0131 kar\u015f\u0131layan \u00f6zelle\u015ftirilmi\u015f bir ta\u015f\u0131nma plan\u0131 olu\u015fturacaklard\u0131r. Paketleme ve depolama i\u00e7in tam hizmetten yaln\u0131zca i\u015f\u00e7ili\u011fe kadar se\u00e7enekler ve ek hizmet se\u00e7enekleri sunarlar. \u00d6zel m\u00fc\u015fteri hizmetleri temsilciniz, ta\u015f\u0131nma ve se\u00e7enekler konusunda size rehberlik edecektir.<\/p>\n<p>Web sitesi: <a href=\"https:\/\/movingaheadservices.com\/\" target=\"_blank\" rel=\"noopener\">https:\/\/movingaheadservices.com\/<\/a><\/p>\n<h2><span class=\"ez-toc-section\" id=\"6_Planes_Moving_Storage\"><\/span><strong>6. Planes Ta\u015f\u0131nma ve Depolama<\/strong><span class=\"ez-toc-section-end\"><\/span><\/h2>\n<p><img loading=\"lazy\" decoding=\"async\" class=\"alignnone size-full wp-image-11410\" src=\"https:\/\/moverdb.com\/wp-content\/uploads\/Planes-Moving-Storage-international-moving-company.png\" alt=\"Planes Moving &amp; Storage uluslararas\u0131 nakliye \u015firketi\" width=\"1440\" height=\"660\" data-wp-pid=\"11410\" srcset=\"https:\/\/moverdb.com\/wp-content\/uploads\/Planes-Moving-Storage-international-moving-company.png 1440w, https:\/\/moverdb.com\/wp-content\/uploads\/Planes-Moving-Storage-international-moving-company-300x138.png 300w, https:\/\/moverdb.com\/wp-content\/uploads\/Planes-Moving-Storage-international-moving-company-1024x469.png 1024w, https:\/\/moverdb.com\/wp-content\/uploads\/Planes-Moving-Storage-international-moving-company-18x8.png 18w, https:\/\/moverdb.com\/wp-content\/uploads\/Planes-Moving-Storage-international-moving-company-600x275.png 600w\" sizes=\"auto, (max-width: 1440px) 100vw, 1440px\" \/><\/p>\n<ul>\n<li>Yerel ve uzun mesafeli ta\u015f\u0131nmalar<\/li>\n<li>Uluslararas\u0131 ta\u015f\u0131nmalar<\/li>\n<li>Ev ta\u015f\u0131ma<\/li>\n<li>\u0130\u015f hamleleri<\/li>\n<li>Hareket y\u00f6netimi<\/li>\n<li>Paketleme hizmeti<\/li>\n<li>Hava, deniz ve demiryolu ile nakliye<\/li>\n<li>Dok\u00fcmantasyon deste\u011fi<\/li>\n<li>Ara\u00e7 ta\u015f\u0131mac\u0131l\u0131\u011f\u0131<\/li>\n<li>Depolama tesisleri<\/li>\n<\/ul>\n<p>Planes Moving &amp; Storage, 1921 y\u0131l\u0131nda kurulan ve Ohio'da Cincinnati, Dayton ve Columbus'un yan\u0131 s\u0131ra Indianapolis ve <a href=\"https:\/\/moverdb.com\/tr\/moving-to-chicago\/\" data-internallinksmanager029f6b8e52c=\"39\" title=\"Chicago&#039;ya m\u0131 ta\u015f\u0131n\u0131yorsunuz? 2026 Ya\u015fam Maliyetleri &amp; Yer De\u011fi\u015ftirme \u0130pu\u00e7lar\u0131\">Chicago<\/a>.  United Van Lines'\u0131n bir orta\u011f\u0131d\u0131r ve hizmetlerini uluslararas\u0131 alanda sunmak i\u00e7in g\u00fc\u00e7l\u00fc bir ortak tedarik zincirine sahiptir. IAM'nin 103 y\u0131ll\u0131k tecr\u00fcbeye sahip bir \u00fcyesidir ve FIDI taraf\u0131ndan akredite edilmi\u015ftir.<\/p>\n<p>Planes Moving &amp; Storage, sizinle birlikte \u00e7al\u0131\u015facak ve ihtiya\u00e7lar\u0131n\u0131z\u0131 kar\u015f\u0131layacak \u00f6zel bir ta\u015f\u0131nma plan\u0131 geli\u015ftirecek deneyimli bir ta\u015f\u0131nma koordinat\u00f6r\u00fc sa\u011flar. E\u011fitimli paketleme ekipleriyle eksiksiz bir paketleme hizmeti sunarlar ve y\u00fcksek de\u011ferli ve k\u0131r\u0131lgan e\u015fyalar\u0131 korurlar.<\/p>\n<p>Web sitesi: <a href=\"http:\/\/www.planescompanies.com\/\" target=\"_blank\" rel=\"noopener\">http:\/\/www.planescompanies.com\/<\/a><\/p>","protected":false},"excerpt":{"rendered":"<p>Are you planning a move? Then you may want to engage the services of a moving company to reduce the workload and pressure of moving. They can organise, pack and transport your belongings as well as handle customs if you are moving country. Below we have compiled a list of Ohio based removal companies that [&hellip;]<\/p>\n","protected":false},"author":4,"featured_media":11255,"parent":190,"menu_order":0,"comment_status":"closed","ping_status":"closed","template":"","meta":{"_genesis_hide_title":false,"_genesis_hide_breadcrumbs":false,"_genesis_hide_singular_image":false,"_genesis_hide_footer_widgets":false,"_genesis_custom_body_class":"","_genesis_custom_post_class":"","_genesis_layout":"","footnotes":""},"class_list":{"0":"post-11648","1":"page","2":"type-page","3":"status-publish","4":"has-post-thumbnail","6":"entry"},"_links":{"self":[{"href":"https:\/\/moverdb.com\/tr\/wp-json\/wp\/v2\/pages\/11648","targetHints":{"allow":["GET"]}}],"collection":[{"href":"https:\/\/moverdb.com\/tr\/wp-json\/wp\/v2\/pages"}],"about":[{"href":"https:\/\/moverdb.com\/tr\/wp-json\/wp\/v2\/types\/page"}],"author":[{"embeddable":true,"href":"https:\/\/moverdb.com\/tr\/wp-json\/wp\/v2\/users\/4"}],"replies":[{"embeddable":true,"href":"https:\/\/moverdb.com\/tr\/wp-json\/wp\/v2\/comments?post=11648"}],"version-history":[{"count":2,"href":"https:\/\/moverdb.com\/tr\/wp-json\/wp\/v2\/pages\/11648\/revisions"}],"predecessor-version":[{"id":11650,"href":"https:\/\/moverdb.com\/tr\/wp-json\/wp\/v2\/pages\/11648\/revisions\/11650"}],"up":[{"embeddable":true,"href":"https:\/\/moverdb.com\/tr\/wp-json\/wp\/v2\/pages\/190"}],"wp:featuredmedia":[{"embeddable":true,"href":"https:\/\/moverdb.com\/tr\/wp-json\/wp\/v2\/media\/11255"}],"wp:attachment":[{"href":"https:\/\/moverdb.com\/tr\/wp-json\/wp\/v2\/media?parent=11648"}],"curies":[{"name":"wp","href":"https:\/\/api.w.org\/{rel}","templated":true}]}}