{"id":11645,"date":"2023-11-29T10:51:46","date_gmt":"2023-11-29T10:51:46","guid":{"rendered":"https:\/\/moverdb.com\/?page_id=11645"},"modified":"2026-01-08T15:29:00","modified_gmt":"2026-01-08T15:29:00","slug":"moving-companies-us-north-carolina","status":"publish","type":"page","link":"https:\/\/moverdb.com\/tr\/moving-companies\/moving-companies-us-north-carolina\/","title":{"rendered":"Kuzey Carolina'daki En \u0130yi 5 Uluslararas\u0131 Nakliye \u015eirketi"},"content":{"rendered":"<p>Ta\u015f\u0131nmak hayat\u0131n\u0131zdaki en stresli zamanlardan biri olabilir, o halde neden bir ta\u015f\u0131nma uzman\u0131 tutarak bu bask\u0131y\u0131 azaltm\u0131yorsunuz? <a href=\"https:\/\/moverdb.com\/tr\/moving-companies\/\" data-internallinksmanager029f6b8e52c=\"79\" title=\"\u00c7evrimi\u00e7i En \u0130yi 25 Uluslararas\u0131 Nakliye \u015eirketi\">ta\u015finma \u015fi\u0307rketi\u0307<\/a> sizin i\u00e7in baz\u0131 i\u015fleri yapmas\u0131n\u0131 ister misiniz? Bu, ta\u015f\u0131nman\u0131n planlanmas\u0131n\u0131, e\u015fyalar\u0131n\u0131z\u0131n paketlenmesini, nakliyenin ayarlanmas\u0131n\u0131 ve g\u00fcmr\u00fck i\u015flemlerini i\u00e7erebilir. A\u015fa\u011f\u0131da a\u015fa\u011f\u0131dakilerin bir listesini derledik <a href=\"https:\/\/moverdb.com\/tr\/moving-to-the-united-states\/moving-to-north-carolina\/\" data-internallinksmanager029f6b8e52c=\"411\" title=\"Kuzey Carolina&#039;ya Ta\u015f\u0131nmak m\u0131? 2026 Ya\u015fam Maliyetleri ve Yer De\u011fi\u015ftirme \u0130pu\u00e7lar\u0131\">Kuzey Carolina<\/a> temelli <a href=\"https:\/\/moverdb.com\/tr\/international-removals\/\" data-internallinksmanager029f6b8e52c=\"27\" title=\"36 \u0130ngiltere&#039;deki En \u0130yi Uluslararas\u0131 Nakliye \u015eirketleri\">nakli\u0307ye \u015fi\u0307rketleri\u0307<\/a> \u00fcyesi olan <a href=\"https:\/\/moverdb.com\/tr\/iam\/\" data-internallinksmanager029f6b8e52c=\"23\" title=\"Uluslararas\u0131 Ta\u015f\u0131mac\u0131lar Birli\u011fi (IAM) A\u00e7\u0131klamas\u0131\">Uluslararas\u0131 Ta\u015f\u0131mac\u0131lar Birli\u011fi<\/a> (IAM) ve\/veya <a href=\"https:\/\/moverdb.com\/tr\/fidi-faim\/\" data-internallinksmanager029f6b8e52c=\"16\" title=\"FIDI &amp; FAIM (FIDI Akredite Uluslararas\u0131 Ta\u015f\u0131mac\u0131) A\u00e7\u0131klamas\u0131\">FIDI<\/a> Ta\u015f\u0131nman\u0131zda size yard\u0131mc\u0131 olabilecek Akredite Uluslararas\u0131 Ta\u015f\u0131y\u0131c\u0131 (FAIM).<\/p>\n<div id=\"ez-toc-container\" class=\"ez-toc-v2_0_82_2 ez-toc-wrap-left counter-hierarchy ez-toc-counter ez-toc-transparent ez-toc-container-direction\">\n<div class=\"ez-toc-title-container\">\n<p class=\"ez-toc-title\" style=\"cursor:inherit\">B\u00f6l\u00fcmler<\/p>\n<span class=\"ez-toc-title-toggle\"><a href=\"#\" class=\"ez-toc-pull-right ez-toc-btn ez-toc-btn-xs ez-toc-btn-default ez-toc-toggle\" aria-label=\"\u0130\u00e7indekiler Tablosunu A\u00e7\/Kapat\"><span class=\"ez-toc-js-icon-con\"><span class=\"\"><span class=\"eztoc-hide\" style=\"display:none;\">Ge\u00e7i\u015f<\/span><span class=\"ez-toc-icon-toggle-span\"><svg style=\"fill: #999;color:#999\" xmlns=\"http:\/\/www.w3.org\/2000\/svg\" class=\"list-377408\" width=\"20px\" height=\"20px\" viewbox=\"0 0 24 24\" fill=\"none\"><path d=\"M6 6H4v2h2V6zm14 0H8v2h12V6zM4 11h2v2H4v-2zm16 0H8v2h12v-2zM4 16h2v2H4v-2zm16 0H8v2h12v-2z\" fill=\"currentColor\"><\/path><\/svg><svg style=\"fill: #999;color:#999\" class=\"arrow-unsorted-368013\" xmlns=\"http:\/\/www.w3.org\/2000\/svg\" width=\"10px\" height=\"10px\" viewbox=\"0 0 24 24\" version=\"1.2\" baseprofile=\"tiny\"><path d=\"M18.2 9.3l-6.2-6.3-6.2 6.3c-.2.2-.3.4-.3.7s.1.5.3.7c.2.2.4.3.7.3h11c.3 0 .5-.1.7-.3.2-.2.3-.5.3-.7s-.1-.5-.3-.7zM5.8 14.7l6.2 6.3 6.2-6.3c.2-.2.3-.5.3-.7s-.1-.5-.3-.7c-.2-.2-.4-.3-.7-.3h-11c-.3 0-.5.1-.7.3-.2.2-.3.5-.3.7s.1.5.3.7z\"\/><\/svg><\/span><\/span><\/span><\/a><\/span><\/div>\n<nav><ul class='ez-toc-list ez-toc-list-level-1 eztoc-toggle-hide-by-default' ><li class='ez-toc-page-1 ez-toc-heading-level-2'><a class=\"ez-toc-link ez-toc-heading-1\" href=\"https:\/\/moverdb.com\/tr\/moving-companies\/moving-companies-us-north-carolina\/#1_All_American_Relocation\" >1. All American Relocation<\/a><\/li><li class='ez-toc-page-1 ez-toc-heading-level-2'><a class=\"ez-toc-link ez-toc-heading-2\" href=\"https:\/\/moverdb.com\/tr\/moving-companies\/moving-companies-us-north-carolina\/#2_Hilldrup\" >2. Hilldrup<\/a><\/li><li class='ez-toc-page-1 ez-toc-heading-level-2'><a class=\"ez-toc-link ez-toc-heading-3\" href=\"https:\/\/moverdb.com\/tr\/moving-companies\/moving-companies-us-north-carolina\/#3_Sandhills_Moving_Storage\" >3. Sandhills Ta\u015f\u0131nma ve Depolama<\/a><\/li><li class='ez-toc-page-1 ez-toc-heading-level-2'><a class=\"ez-toc-link ez-toc-heading-4\" href=\"https:\/\/moverdb.com\/tr\/moving-companies\/moving-companies-us-north-carolina\/#4_Seacorp\" >4. Seacorp<\/a><\/li><li class='ez-toc-page-1 ez-toc-heading-level-2'><a class=\"ez-toc-link ez-toc-heading-5\" href=\"https:\/\/moverdb.com\/tr\/moving-companies\/moving-companies-us-north-carolina\/#5_Zippy_Shell\" >5. Zippy Kabuk<\/a><\/li><\/ul><\/nav><\/div>\n<h2><span class=\"ez-toc-section\" id=\"1_All_American_Relocation\"><\/span><strong>1. All American Relocation<\/strong><span class=\"ez-toc-section-end\"><\/span><\/h2>\n<p><img loading=\"lazy\" decoding=\"async\" class=\"alignnone size-full wp-image-11251\" src=\"https:\/\/moverdb.com\/wp-content\/uploads\/All-American-Relocation-international-moving-company.png\" alt=\"All American Relocation uluslararas\u0131 ta\u015f\u0131ma \u015firketi\" width=\"1440\" height=\"675\" data-wp-pid=\"11251\" srcset=\"https:\/\/moverdb.com\/wp-content\/uploads\/All-American-Relocation-international-moving-company.png 1440w, https:\/\/moverdb.com\/wp-content\/uploads\/All-American-Relocation-international-moving-company-300x141.png 300w, https:\/\/moverdb.com\/wp-content\/uploads\/All-American-Relocation-international-moving-company-1024x480.png 1024w, https:\/\/moverdb.com\/wp-content\/uploads\/All-American-Relocation-international-moving-company-18x8.png 18w, https:\/\/moverdb.com\/wp-content\/uploads\/All-American-Relocation-international-moving-company-600x281.png 600w\" sizes=\"auto, (max-width: 1440px) 100vw, 1440px\" \/><\/p>\n<ul>\n<li>Yerel ve uzun mesafeli ta\u015f\u0131nmalar<\/li>\n<li>Uluslararas\u0131 ta\u015f\u0131nmalar<\/li>\n<li>Konut Ta\u015f\u0131malar\u0131<\/li>\n<li>Ofis ta\u015f\u0131ma<\/li>\n<li>\u00c7al\u0131\u015fan yer de\u011fi\u015ftirme<\/li>\n<li>Kap\u0131dan kap\u0131ya hizmet<\/li>\n<li>Paketleme hizmeti<\/li>\n<li>Hava, okyanus ve kara yoluyla ula\u015f\u0131m<\/li>\n<li><a href=\"https:\/\/moverdb.com\/tr\/car-transport-shipping\/\" data-internallinksmanager029f6b8e52c=\"2\" title=\"2026 Uluslararas\u0131 Ara\u00e7 Ta\u015f\u0131ma &amp; Ara\u00e7 Nakliye Fiyatlar\u0131\">Ara\u00e7 nakliyesi<\/a><\/li>\n<li>K\u0131sa ve uzun s\u00fcreli depolama<\/li>\n<\/ul>\n<p>All American Relocation, Rayleigh ve Charlotte'ta \u015fubeleri bulunan tam hizmetli bir ta\u015f\u0131ma \u015firketidir. Mayflower i\u00e7in bir acentedirler ve bu da onlara birlikte \u00e7al\u0131\u015facaklar\u0131 bir ta\u015f\u0131ma acenteleri a\u011f\u0131 sa\u011flar. \u015eirket, 25 y\u0131ll\u0131k deneyime sahip bir IAM \u00fcyesidir.<\/p>\n<p>All American Relocation \u00fccretsiz bir <a href=\"https:\/\/moverdb.com\/tr\/quotes\/\" data-internallinksmanager029f6b8e52c=\"26\" title=\"Uluslararas\u0131 Ta\u015f\u0131nma Fiyatlar\u0131: Nakliyecinize Sorman\u0131z Gereken 12 Soru\">ta\u015f\u0131nma teklifi<\/a> ve ihtiya\u00e7lar\u0131n\u0131z\u0131 de\u011ferlendirmek i\u00e7in video anketi. Ta\u015f\u0131nman\u0131z\u0131 y\u00f6netmek i\u00e7in \u00f6zel bir ta\u015f\u0131nma koordinat\u00f6r\u00fc ile kap\u0131dan kap\u0131ya hizmet sunarlar. Uluslararas\u0131 standartlar\u0131 kar\u015f\u0131layan en y\u00fcksek kalitede paketleme malzemeleri kullanan e\u011fitimli bir paketleme ekibi sa\u011flarlar. Ayr\u0131ca ara\u00e7 nakliyesi, Kuzey Carolina'da ba\u015flang\u0131\u00e7 ve var\u0131\u015f hizmetleri ve depolama tesisleri de sunarlar.<\/p>\n<p>Web sitesi: <a href=\"http:\/\/www.aarelocation.com\" target=\"_blank\" rel=\"noopener\">http:\/\/www.aarelocation.com<\/a><\/p>\n<h2><span class=\"ez-toc-section\" id=\"2_Hilldrup\"><\/span><strong>2. Hilldrup<\/strong><span class=\"ez-toc-section-end\"><\/span><\/h2>\n<p><img loading=\"lazy\" decoding=\"async\" class=\"alignnone size-full wp-image-11339\" src=\"https:\/\/moverdb.com\/wp-content\/uploads\/Hilldrup-international-moving-company.png\" alt=\"Hilldrup uluslararas\u0131 nakliye \u015firketi\" width=\"1440\" height=\"674\" data-wp-pid=\"11339\" srcset=\"https:\/\/moverdb.com\/wp-content\/uploads\/Hilldrup-international-moving-company.png 1440w, https:\/\/moverdb.com\/wp-content\/uploads\/Hilldrup-international-moving-company-300x140.png 300w, https:\/\/moverdb.com\/wp-content\/uploads\/Hilldrup-international-moving-company-1024x479.png 1024w, https:\/\/moverdb.com\/wp-content\/uploads\/Hilldrup-international-moving-company-18x8.png 18w, https:\/\/moverdb.com\/wp-content\/uploads\/Hilldrup-international-moving-company-600x281.png 600w\" sizes=\"auto, (max-width: 1440px) 100vw, 1440px\" \/><\/p>\n<ul>\n<li>Yerel ve uzun mesafeli ta\u015f\u0131nmalar<\/li>\n<li>Uluslararas\u0131 ta\u015f\u0131nmalar<\/li>\n<li>Konut Ta\u015f\u0131malar\u0131<\/li>\n<li>Ticari ve ofis ta\u015f\u0131malar\u0131<\/li>\n<li>\u00c7al\u0131\u015fan yer de\u011fi\u015ftirmeleri<\/li>\n<li>\u00d6zel Ta\u015f\u0131nma Dan\u0131\u015fman\u0131<\/li>\n<li>Sanal anket<\/li>\n<li>Paketleme hizmeti<\/li>\n<li>Evinizi koruyun<\/li>\n<li>K\u0131sa ve uzun s\u00fcreli depolama<\/li>\n<\/ul>\n<p>Hilldrup, 1903 y\u0131l\u0131nda kurulan ve Kuzey Carolina'da Charlotte ve Garner dahil olmak \u00fczere 10 \u015fubesi bulunan bir ta\u015f\u0131ma, depolama ve lojistik \u015firketidir. United Van Lines ve Mayflower Transit'e ba\u011fl\u0131d\u0131rlar, bu da onlara birlikte \u00e7al\u0131\u015fabilecekleri geni\u015f bir acente a\u011f\u0131 sa\u011flar. \u015eirket 120 y\u0131ll\u0131k tecr\u00fcbesiyle IAM \u00fcyesidir ve FIDI taraf\u0131ndan akredite edilmi\u015ftir.<\/p>\n<p>Hilldrup, tam hizmet paketleme ve kendin yap se\u00e7eneklerini i\u00e7eren bir dizi hizmetle ihtiya\u00e7lar\u0131n\u0131za g\u00f6re uyarlanm\u0131\u015f ta\u015f\u0131nma \u00e7\u00f6z\u00fcmleri sunar. Ta\u015f\u0131nma s\u00fcreciniz boyunca tek bir irtibat noktas\u0131 olarak bir Ta\u015f\u0131nma Dan\u0131\u015fman\u0131 sa\u011flarlar. Paketleme hizmetlerinde en iyi paketleme malzemeleri kullan\u0131l\u0131r ve k\u0131r\u0131lgan e\u015fyalar \u00f6zel olarak paketlenir ve sand\u0131klan\u0131r.<\/p>\n<p>Web sitesi: <a href=\"https:\/\/www.hilldrup.com\/\" target=\"_blank\" rel=\"noopener\">https:\/\/www.hilldrup.com\/\/<\/a><\/p>\n<h2><span class=\"ez-toc-section\" id=\"3_Sandhills_Moving_Storage\"><\/span><strong>3. Sandhills Ta\u015f\u0131nma ve Depolama<\/strong><span class=\"ez-toc-section-end\"><\/span><\/h2>\n<p><img loading=\"lazy\" decoding=\"async\" class=\"alignnone size-full wp-image-11433\" src=\"https:\/\/moverdb.com\/wp-content\/uploads\/Sandhill-Moving-Storage-international-moving-company.png\" alt=\"Sandhill Moving &amp; Storage uluslararas\u0131 nakliye \u015firketi\" width=\"1440\" height=\"676\" data-wp-pid=\"11433\" srcset=\"https:\/\/moverdb.com\/wp-content\/uploads\/Sandhill-Moving-Storage-international-moving-company.png 1440w, https:\/\/moverdb.com\/wp-content\/uploads\/Sandhill-Moving-Storage-international-moving-company-300x141.png 300w, https:\/\/moverdb.com\/wp-content\/uploads\/Sandhill-Moving-Storage-international-moving-company-1024x481.png 1024w, https:\/\/moverdb.com\/wp-content\/uploads\/Sandhill-Moving-Storage-international-moving-company-18x8.png 18w, https:\/\/moverdb.com\/wp-content\/uploads\/Sandhill-Moving-Storage-international-moving-company-600x282.png 600w\" sizes=\"auto, (max-width: 1440px) 100vw, 1440px\" \/><\/p>\n<ul>\n<li>Yerel ve uzun mesafeli ta\u015f\u0131nmalar<\/li>\n<li>Uluslararas\u0131 ta\u015f\u0131nmalar<\/li>\n<li>Konut Ta\u015f\u0131malar\u0131<\/li>\n<li>Ticari ve ofis ta\u015f\u0131malar\u0131<\/li>\n<li>Ki\u015fisel ta\u015f\u0131nma koordinat\u00f6r\u00fc<\/li>\n<li>Paketleme hizmeti<\/li>\n<li>Ula\u015f\u0131m d\u00fczenlemeleri<\/li>\n<li>G\u00fcmr\u00fck deste\u011fi<\/li>\n<li>G\u00f6nderi takibi<\/li>\n<li>Depolama tesisleri<\/li>\n<\/ul>\n<p>Sandhills Moving &amp; Storage, Southern Pines, Sanford ve Pittsboro'da lokasyonlar\u0131 bulunan nakliye ve depolama konusunda uzmanla\u015fm\u0131\u015f bir ta\u015f\u0131ma \u015firketidir. Tam hizmet veren bir Mayflower ta\u015f\u0131ma \u015firketidir ve bu sayede 180'den fazla \u00fclkedeki uluslararas\u0131 ta\u015f\u0131ma acenteleri a\u011f\u0131na eri\u015fim sa\u011flamaktad\u0131r ve IAM \u00fcyesidir.<\/p>\n<p>Sandhills Moving &amp; Storage kapsaml\u0131 ta\u015f\u0131nma y\u00f6netimi hizmetleri sunar ve ta\u015f\u0131nma boyunca size yard\u0131mc\u0131 olacak ki\u015fisel bir ta\u015f\u0131nma koordinat\u00f6r\u00fc tahsis eder. Paketleme hizmetleri, nakliyenin d\u00fczenlenmesi ve dok\u00fcmantasyon ve g\u00fcmr\u00fck i\u015flemlerini i\u00e7eren \u00f6zelle\u015ftirilebilir ta\u015f\u0131ma hizmetleri sunarlar. Ayr\u0131ca k\u0131sa s\u00fcreli depolama se\u00e7enekleri de sunarlar.<\/p>\n<p>Web sitesi: <a href=\"http:\/\/www.sandhillsmoving.com\" target=\"_blank\" rel=\"noopener\">http:\/\/www.sandhillsmoving.com<\/a><\/p>\n<h2><span class=\"ez-toc-section\" id=\"4_Seacorp\"><\/span><strong>4. Seacorp<\/strong><span class=\"ez-toc-section-end\"><\/span><\/h2>\n<p><img loading=\"lazy\" decoding=\"async\" class=\"alignnone size-full wp-image-11438\" src=\"https:\/\/moverdb.com\/wp-content\/uploads\/Seacorp-international-moving-company.png\" alt=\"Seacorp uluslararas\u0131 nakliye \u015firketi\" width=\"1440\" height=\"676\" data-wp-pid=\"11438\" srcset=\"https:\/\/moverdb.com\/wp-content\/uploads\/Seacorp-international-moving-company.png 1440w, https:\/\/moverdb.com\/wp-content\/uploads\/Seacorp-international-moving-company-300x141.png 300w, https:\/\/moverdb.com\/wp-content\/uploads\/Seacorp-international-moving-company-1024x481.png 1024w, https:\/\/moverdb.com\/wp-content\/uploads\/Seacorp-international-moving-company-18x8.png 18w, https:\/\/moverdb.com\/wp-content\/uploads\/Seacorp-international-moving-company-600x282.png 600w\" sizes=\"auto, (max-width: 1440px) 100vw, 1440px\" \/><\/p>\n<ul>\n<li>Ulusal y\u00fck ta\u015f\u0131mac\u0131l\u0131\u011f\u0131<\/li>\n<li>Uluslararas\u0131 ta\u015f\u0131mac\u0131l\u0131k<\/li>\n<li>Kap\u0131dan kap\u0131ya lojistik<\/li>\n<li>Nakliye y\u00f6netimi<\/li>\n<li>Kasalama ve paletleme<\/li>\n<li>Hava, deniz ve kamyon ta\u015f\u0131mac\u0131l\u0131\u011f\u0131<\/li>\n<li>G\u00f6nderi takibi<\/li>\n<li>G\u00fcmr\u00fck i\u015flemleri<\/li>\n<li>\u0130thalat ve ihracat i\u015flemleri<\/li>\n<li>Sigorta<\/li>\n<\/ul>\n<p>Seacorp, 1998 y\u0131l\u0131nda kurulmu\u015f ve Lincolnton, Kuzey Carolina merkezli bir lojistik \u015firketidir. Hizmetlerini d\u00fcnya \u00e7ap\u0131nda sunmalar\u0131na destek olmak i\u00e7in geni\u015f bir k\u00fcresel acente a\u011f\u0131na sahiptir. Seacorp, 25 y\u0131ll\u0131k deneyime sahip bir IAM \u00fcyesidir.<\/p>\n<p>Seacorp, g\u00f6nderiniz i\u00e7in mevcut en rekabet\u00e7i fiyatlar\u0131 ve en iyi transit s\u00fcrelerini arayacakt\u0131r. Hava, okyanus veya kamyon ile nakliye ayarlayabilirler. Dolu konteyner y\u00fckleri ve dolu konteyner y\u00fcklerinden daha az\u0131 dahil olmak \u00fczere \u00e7e\u015fitli konteyner se\u00e7enekleri sunarlar. Hizmetlerine ihracat izni ve deniz sigortas\u0131 da dahildir.<\/p>\n<p>Web sitesi: <a href=\"http:\/\/www.seacorpnc.com\" target=\"_blank\" rel=\"noopener\">http:\/\/www.seacorpnc.com<\/a><\/p>\n<h2><span class=\"ez-toc-section\" id=\"5_Zippy_Shell\"><\/span><strong>5. Zippy Kabuk<\/strong><span class=\"ez-toc-section-end\"><\/span><\/h2>\n<p><img loading=\"lazy\" decoding=\"async\" class=\"alignnone size-full wp-image-11483\" src=\"https:\/\/moverdb.com\/wp-content\/uploads\/Zippy-Shell-international-moving-company.png\" alt=\"Zippy Shell uluslararas\u0131 ta\u015f\u0131ma \u015firketi\" width=\"1440\" height=\"676\" data-wp-pid=\"11483\" srcset=\"https:\/\/moverdb.com\/wp-content\/uploads\/Zippy-Shell-international-moving-company.png 1440w, https:\/\/moverdb.com\/wp-content\/uploads\/Zippy-Shell-international-moving-company-300x141.png 300w, https:\/\/moverdb.com\/wp-content\/uploads\/Zippy-Shell-international-moving-company-1024x481.png 1024w, https:\/\/moverdb.com\/wp-content\/uploads\/Zippy-Shell-international-moving-company-18x8.png 18w, https:\/\/moverdb.com\/wp-content\/uploads\/Zippy-Shell-international-moving-company-600x282.png 600w\" sizes=\"auto, (max-width: 1440px) 100vw, 1440px\" \/><\/p>\n<ul>\n<li>Yerel hamleler<\/li>\n<li>Uzun mesafeli ta\u015f\u0131nmalar<\/li>\n<li>Konut Ta\u015f\u0131malar\u0131<\/li>\n<li>Kurumsal ta\u015f\u0131nmalar<\/li>\n<li>Tek temas noktas\u0131<\/li>\n<li>Kap\u0131dan kap\u0131ya hizmet<\/li>\n<li>\u00dc\u00e7\u00fcnc\u00fc bir taraf arac\u0131l\u0131\u011f\u0131yla paketleme hizmetleri<\/li>\n<li>Kamyon teslimat\u0131<\/li>\n<li>Araba ta\u015f\u0131mac\u0131l\u0131\u011f\u0131<\/li>\n<li>G\u00fcvenli depolama \u00e7\u00f6z\u00fcmleri<\/li>\n<\/ul>\n<p>Zippy Shell, Wake Forest merkezli bir ta\u015f\u0131ma ve depolama \u015firketidir. Yerel ve uzun mesafeli ta\u015f\u0131ma ve depolama \u00e7\u00f6z\u00fcmleri sunarlar. <a href=\"https:\/\/moverdb.com\/tr\/moving-to-the-united-states\/\" data-internallinksmanager029f6b8e52c=\"94\" title=\"Amerika Birle\u015fik Devletleri&#039;ne mi ta\u015f\u0131n\u0131yorsunuz? 2026 Ya\u015fam Maliyetleri ve Yer De\u011fi\u015ftirme \u0130pu\u00e7lar\u0131\">ABD<\/a> kendi kamyonlar\u0131n\u0131 ve konteynerlerini kullanarak. IAM \u00fcyesidirler ve 14 y\u0131ll\u0131k deneyime sahiptirler.<\/p>\n<p>Zippy Shell, size ta\u015f\u0131nabilir bir konteyner teslim ederek ve kendiniz paketlemeniz veya \u00fc\u00e7\u00fcnc\u00fc taraf bir paketleme hizmeti kullanman\u0131z i\u00e7in \u00fc\u00e7 g\u00fcne kadar s\u00fcre tan\u0131yarak benzersiz ve ta\u015f\u0131nabilir ta\u015f\u0131ma ve depolama \u00e7\u00f6z\u00fcmleri sunar. Portatif konteyneri al\u0131p gidece\u011finiz yere g\u00f6t\u00fcrecek veya \u00fclke \u00e7ap\u0131ndaki g\u00fcvenli tesislerinde k\u0131sa ya da uzun s\u00fcreli olarak depolayacaklard\u0131r.<\/p>\n<p>Web sitesi: <a href=\"http:\/\/zippyshell.com\" target=\"_blank\" rel=\"noopener\">http:\/\/zippyshell.com<\/a><\/p>","protected":false},"excerpt":{"rendered":"<p>Moving can be one of the most stressful times in your life so why not reduce the pressure by employing a moving company to do some of the work for you? This can include planning the move, packing your belongings, arranging transport and handling customs. Below we have compiled a list of North Carolina based [&hellip;]<\/p>\n","protected":false},"author":4,"featured_media":11251,"parent":190,"menu_order":0,"comment_status":"closed","ping_status":"closed","template":"","meta":{"_genesis_hide_title":false,"_genesis_hide_breadcrumbs":false,"_genesis_hide_singular_image":false,"_genesis_hide_footer_widgets":false,"_genesis_custom_body_class":"","_genesis_custom_post_class":"","_genesis_layout":"","footnotes":""},"class_list":{"0":"post-11645","1":"page","2":"type-page","3":"status-publish","4":"has-post-thumbnail","6":"entry"},"_links":{"self":[{"href":"https:\/\/moverdb.com\/tr\/wp-json\/wp\/v2\/pages\/11645","targetHints":{"allow":["GET"]}}],"collection":[{"href":"https:\/\/moverdb.com\/tr\/wp-json\/wp\/v2\/pages"}],"about":[{"href":"https:\/\/moverdb.com\/tr\/wp-json\/wp\/v2\/types\/page"}],"author":[{"embeddable":true,"href":"https:\/\/moverdb.com\/tr\/wp-json\/wp\/v2\/users\/4"}],"replies":[{"embeddable":true,"href":"https:\/\/moverdb.com\/tr\/wp-json\/wp\/v2\/comments?post=11645"}],"version-history":[{"count":2,"href":"https:\/\/moverdb.com\/tr\/wp-json\/wp\/v2\/pages\/11645\/revisions"}],"predecessor-version":[{"id":11647,"href":"https:\/\/moverdb.com\/tr\/wp-json\/wp\/v2\/pages\/11645\/revisions\/11647"}],"up":[{"embeddable":true,"href":"https:\/\/moverdb.com\/tr\/wp-json\/wp\/v2\/pages\/190"}],"wp:featuredmedia":[{"embeddable":true,"href":"https:\/\/moverdb.com\/tr\/wp-json\/wp\/v2\/media\/11251"}],"wp:attachment":[{"href":"https:\/\/moverdb.com\/tr\/wp-json\/wp\/v2\/media?parent=11645"}],"curies":[{"name":"wp","href":"https:\/\/api.w.org\/{rel}","templated":true}]}}