{"id":11622,"date":"2023-11-22T15:49:11","date_gmt":"2023-11-22T15:49:11","guid":{"rendered":"https:\/\/moverdb.com\/?page_id=11622"},"modified":"2026-01-08T15:30:09","modified_gmt":"2026-01-08T15:30:09","slug":"moving-companies-montana","status":"publish","type":"page","link":"https:\/\/moverdb.com\/tr\/moving-companies\/moving-companies-montana\/","title":{"rendered":"Montana'daki En \u0130yi Uluslararas\u0131 Nakliye \u015eirketleri"},"content":{"rendered":"<p>Ta\u015f\u0131nmay\u0131 m\u0131 d\u00fc\u015f\u00fcn\u00fcyorsunuz? O halde bir <a href=\"https:\/\/moverdb.com\/tr\/moving-companies\/\" data-internallinksmanager029f6b8e52c=\"79\" title=\"\u00c7evrimi\u00e7i En \u0130yi 25 Uluslararas\u0131 Nakliye \u015eirketi\">ta\u015finma \u015fi\u0307rketi\u0307<\/a> sizin i\u00e7in bir\u00e7ok i\u015fi yapabilecekleri i\u00e7in ta\u015f\u0131nma bask\u0131s\u0131n\u0131 azaltmaya yard\u0131mc\u0131 olabilir. Bu, ta\u015f\u0131nman\u0131n planlanmas\u0131n\u0131, e\u015fyalar\u0131n\u0131z\u0131n g\u00fcvenli bir \u015fekilde paketlenmesini ve her t\u00fcrl\u00fc evrak i\u015fi de dahil olmak \u00fczere var\u0131\u015f noktan\u0131za ta\u015f\u0131nmas\u0131n\u0131 i\u00e7erebilir. A\u015fa\u011f\u0131da bir liste derledik <a href=\"https:\/\/moverdb.com\/tr\/moving-to-the-united-states\/moving-to-montana\/\" data-internallinksmanager029f6b8e52c=\"461\" title=\"Montana&#039;ya m\u0131 ta\u015f\u0131n\u0131yorsunuz? 2024 Ya\u015fam Maliyetleri &amp; Yer De\u011fi\u015ftirme \u0130pu\u00e7lar\u0131\">Montana<\/a> temelli <a href=\"https:\/\/moverdb.com\/tr\/international-removals\/\" data-internallinksmanager029f6b8e52c=\"27\" title=\"36 \u0130ngiltere&#039;deki En \u0130yi Uluslararas\u0131 Nakliye \u015eirketleri\">nakli\u0307ye \u015fi\u0307rketleri\u0307<\/a> \u00fcyesi olan <a href=\"https:\/\/moverdb.com\/tr\/iam\/\" data-internallinksmanager029f6b8e52c=\"23\" title=\"Uluslararas\u0131 Ta\u015f\u0131mac\u0131lar Birli\u011fi (IAM) A\u00e7\u0131klamas\u0131\">Uluslararas\u0131 Ta\u015f\u0131mac\u0131lar Birli\u011fi<\/a> (IAM) ve\/veya <a href=\"https:\/\/moverdb.com\/tr\/fidi-faim\/\" data-internallinksmanager029f6b8e52c=\"16\" title=\"FIDI &amp; FAIM (FIDI Akredite Uluslararas\u0131 Ta\u015f\u0131mac\u0131) A\u00e7\u0131klamas\u0131\">FIDI<\/a> Ta\u015f\u0131nman\u0131zda size yard\u0131mc\u0131 olabilecek Akredite Uluslararas\u0131 Ta\u015f\u0131y\u0131c\u0131 (FAIM).<\/p>\n<h2><strong>Hi-Line Ta\u015f\u0131nma Hizmetleri<\/strong><\/h2>\n<p><img loading=\"lazy\" decoding=\"async\" class=\"alignnone size-full wp-image-11338\" src=\"https:\/\/moverdb.com\/wp-content\/uploads\/Hi-Line-Moving-Services-international-moving-company.png\" alt=\"Hi Line Moving Services uluslararas\u0131 nakliye \u015firketi\" width=\"1440\" height=\"671\" data-wp-pid=\"11338\" srcset=\"https:\/\/moverdb.com\/wp-content\/uploads\/Hi-Line-Moving-Services-international-moving-company.png 1440w, https:\/\/moverdb.com\/wp-content\/uploads\/Hi-Line-Moving-Services-international-moving-company-300x140.png 300w, https:\/\/moverdb.com\/wp-content\/uploads\/Hi-Line-Moving-Services-international-moving-company-1024x477.png 1024w, https:\/\/moverdb.com\/wp-content\/uploads\/Hi-Line-Moving-Services-international-moving-company-18x8.png 18w, https:\/\/moverdb.com\/wp-content\/uploads\/Hi-Line-Moving-Services-international-moving-company-600x280.png 600w\" sizes=\"auto, (max-width: 1440px) 100vw, 1440px\" \/><\/p>\n<ul>\n<li>Yerel ve uzun mesafeli ta\u015f\u0131nmalar<\/li>\n<li>Uluslararas\u0131 ta\u015f\u0131nmalar<\/li>\n<li>Ev ta\u015f\u0131ma<\/li>\n<li>Ticari ta\u015f\u0131mac\u0131l\u0131k<\/li>\n<li>Kurumsal ta\u015f\u0131nmalar<\/li>\n<li>Kap\u0131dan kap\u0131ya hizmet<\/li>\n<li>Ula\u015f\u0131m d\u00fczenlemeleri<\/li>\n<li>Sevkiyat boyutu se\u00e7imi<\/li>\n<li>G\u00f6nderi takibi<\/li>\n<\/ul>\n<p>Hi-Line Moving Services Great Falls merkezli bir ta\u015f\u0131nma \u015firketidir. Hizmetlerini ulusal ve uluslararas\u0131 d\u00fczeyde sunmak i\u00e7in \u00e7e\u015fitli Van Line \u015firketleri ve \u00f6zenle se\u00e7ilmi\u015f \u00fc\u00e7\u00fcnc\u00fc taraf ta\u015f\u0131nma hizmetleriyle birlikte \u00e7al\u0131\u015f\u0131rlar. \u015eirket, 34 y\u0131ll\u0131k tecr\u00fcbesiyle IAM \u00fcyesidir.<\/p>\n<p>Hi-Line Moving Services ki\u015fiye \u00f6zel ta\u015f\u0131nma hizmetleri sunar ve ta\u015f\u0131nma b\u00fct\u00e7enize uygun se\u00e7eneklerle ta\u015f\u0131nman\u0131z\u0131 sizin i\u00e7in planlar. Ta\u015f\u0131nma konusunda uzmanla\u015fm\u0131\u015flard\u0131r <a href=\"https:\/\/moverdb.com\/tr\/moving-to-the-united-states\/moving-to-alaska\/\" data-internallinksmanager029f6b8e52c=\"384\" title=\"Alaska&#039;ya m\u0131 ta\u015f\u0131n\u0131yorsunuz? 2026 Ya\u015fam Maliyetleri ve Yer De\u011fi\u015ftirme \u0130pu\u00e7lar\u0131\">Alaska<\/a> Montana i\u00e7inde, eyaletler aras\u0131 ve uluslararas\u0131 ta\u015f\u0131nmalar i\u00e7in hizmet vermelerine ra\u011fmen. E\u015fyalar\u0131n\u0131z\u0131 ta\u015f\u0131yacaklar\u0131 ve sevkiyat\u0131 takip edecekleri kap\u0131dan kap\u0131ya ta\u015f\u0131ma hizmetleri sunarlar.<\/p>\n<p>Web sitesi: <a href=\"http:\/\/www.hilinemoving.com\" target=\"_blank\" rel=\"noopener\">http:\/\/www.hilinemoving.com<\/a><\/p>","protected":false},"excerpt":{"rendered":"<p>Are you thinking of moving? Then engaging a moving company might help reduce the pressure of the move as they can do a lot of the work for you. This can include planning the move, packing your belongings safely and moving them to your destination including any paperwork. Below we have compiled a list of [&hellip;]<\/p>\n","protected":false},"author":4,"featured_media":11338,"parent":190,"menu_order":0,"comment_status":"closed","ping_status":"closed","template":"","meta":{"_genesis_hide_title":false,"_genesis_hide_breadcrumbs":false,"_genesis_hide_singular_image":false,"_genesis_hide_footer_widgets":false,"_genesis_custom_body_class":"","_genesis_custom_post_class":"","_genesis_layout":"","footnotes":""},"class_list":{"0":"post-11622","1":"page","2":"type-page","3":"status-publish","4":"has-post-thumbnail","6":"entry"},"_links":{"self":[{"href":"https:\/\/moverdb.com\/tr\/wp-json\/wp\/v2\/pages\/11622","targetHints":{"allow":["GET"]}}],"collection":[{"href":"https:\/\/moverdb.com\/tr\/wp-json\/wp\/v2\/pages"}],"about":[{"href":"https:\/\/moverdb.com\/tr\/wp-json\/wp\/v2\/types\/page"}],"author":[{"embeddable":true,"href":"https:\/\/moverdb.com\/tr\/wp-json\/wp\/v2\/users\/4"}],"replies":[{"embeddable":true,"href":"https:\/\/moverdb.com\/tr\/wp-json\/wp\/v2\/comments?post=11622"}],"version-history":[{"count":2,"href":"https:\/\/moverdb.com\/tr\/wp-json\/wp\/v2\/pages\/11622\/revisions"}],"predecessor-version":[{"id":11627,"href":"https:\/\/moverdb.com\/tr\/wp-json\/wp\/v2\/pages\/11622\/revisions\/11627"}],"up":[{"embeddable":true,"href":"https:\/\/moverdb.com\/tr\/wp-json\/wp\/v2\/pages\/190"}],"wp:featuredmedia":[{"embeddable":true,"href":"https:\/\/moverdb.com\/tr\/wp-json\/wp\/v2\/media\/11338"}],"wp:attachment":[{"href":"https:\/\/moverdb.com\/tr\/wp-json\/wp\/v2\/media?parent=11622"}],"curies":[{"name":"wp","href":"https:\/\/api.w.org\/{rel}","templated":true}]}}