{"id":11619,"date":"2023-11-29T10:52:33","date_gmt":"2023-11-29T10:52:33","guid":{"rendered":"https:\/\/moverdb.com\/?page_id=11619"},"modified":"2026-01-08T15:28:59","modified_gmt":"2026-01-08T15:28:59","slug":"moving-companies-us-missouri","status":"publish","type":"page","link":"https:\/\/moverdb.com\/tr\/moving-companies\/moving-companies-us-missouri\/","title":{"rendered":"Missouri'deki En \u0130yi 5 Uluslararas\u0131 Nakliye \u015eirketi"},"content":{"rendered":"<p>Ta\u015f\u0131nman\u0131z\u0131 planlarken her \u015feyi kendiniz mi yapacaks\u0131n\u0131z yoksa bir \u015firketten yard\u0131m m\u0131 alacaks\u0131n\u0131z? <a href=\"https:\/\/moverdb.com\/tr\/moving-companies\/\" data-internallinksmanager029f6b8e52c=\"79\" title=\"\u00c7evrimi\u00e7i En \u0130yi 25 Uluslararas\u0131 Nakliye \u015eirketi\">ta\u015finma \u015fi\u0307rketi\u0307<\/a>? \u00dczerinizdeki bask\u0131y\u0131 azaltmak i\u00e7in paketleme, nakliye ve dok\u00fcmantasyon konular\u0131nda yard\u0131mc\u0131 olabilirler. A\u015fa\u011f\u0131da bir liste derledik <a href=\"https:\/\/moverdb.com\/tr\/moving-to-the-united-states\/moving-to-missouri\/\" data-internallinksmanager029f6b8e52c=\"460\" title=\"Missouri&#039;ye Ta\u015f\u0131nmak m\u0131? 2024 Ya\u015fam Maliyetleri ve Yer De\u011fi\u015ftirme \u0130pu\u00e7lar\u0131\">Missouri<\/a> temelli <a href=\"https:\/\/moverdb.com\/tr\/international-removals\/\" data-internallinksmanager029f6b8e52c=\"27\" title=\"36 \u0130ngiltere&#039;deki En \u0130yi Uluslararas\u0131 Nakliye \u015eirketleri\">nakli\u0307ye \u015fi\u0307rketleri\u0307<\/a> \u00fcyesi olan <a href=\"https:\/\/moverdb.com\/tr\/iam\/\" data-internallinksmanager029f6b8e52c=\"23\" title=\"Uluslararas\u0131 Ta\u015f\u0131mac\u0131lar Birli\u011fi (IAM) A\u00e7\u0131klamas\u0131\">Uluslararas\u0131 Ta\u015f\u0131mac\u0131lar Birli\u011fi<\/a> (IAM) ve\/veya <a href=\"https:\/\/moverdb.com\/tr\/fidi-faim\/\" data-internallinksmanager029f6b8e52c=\"16\" title=\"FIDI &amp; FAIM (FIDI Akredite Uluslararas\u0131 Ta\u015f\u0131mac\u0131) A\u00e7\u0131klamas\u0131\">FIDI<\/a> Ta\u015f\u0131nman\u0131zda size yard\u0131mc\u0131 olabilecek Akredite Uluslararas\u0131 Ta\u015f\u0131y\u0131c\u0131 (FAIM).<\/p>\n<div id=\"ez-toc-container\" class=\"ez-toc-v2_0_82_2 ez-toc-wrap-left counter-hierarchy ez-toc-counter ez-toc-transparent ez-toc-container-direction\">\n<div class=\"ez-toc-title-container\">\n<p class=\"ez-toc-title\" style=\"cursor:inherit\">B\u00f6l\u00fcmler<\/p>\n<span class=\"ez-toc-title-toggle\"><a href=\"#\" class=\"ez-toc-pull-right ez-toc-btn ez-toc-btn-xs ez-toc-btn-default ez-toc-toggle\" aria-label=\"\u0130\u00e7indekiler Tablosunu A\u00e7\/Kapat\"><span class=\"ez-toc-js-icon-con\"><span class=\"\"><span class=\"eztoc-hide\" style=\"display:none;\">Ge\u00e7i\u015f<\/span><span class=\"ez-toc-icon-toggle-span\"><svg style=\"fill: #999;color:#999\" xmlns=\"http:\/\/www.w3.org\/2000\/svg\" class=\"list-377408\" width=\"20px\" height=\"20px\" viewbox=\"0 0 24 24\" fill=\"none\"><path d=\"M6 6H4v2h2V6zm14 0H8v2h12V6zM4 11h2v2H4v-2zm16 0H8v2h12v-2zM4 16h2v2H4v-2zm16 0H8v2h12v-2z\" fill=\"currentColor\"><\/path><\/svg><svg style=\"fill: #999;color:#999\" class=\"arrow-unsorted-368013\" xmlns=\"http:\/\/www.w3.org\/2000\/svg\" width=\"10px\" height=\"10px\" viewbox=\"0 0 24 24\" version=\"1.2\" baseprofile=\"tiny\"><path d=\"M18.2 9.3l-6.2-6.3-6.2 6.3c-.2.2-.3.4-.3.7s.1.5.3.7c.2.2.4.3.7.3h11c.3 0 .5-.1.7-.3.2-.2.3-.5.3-.7s-.1-.5-.3-.7zM5.8 14.7l6.2 6.3 6.2-6.3c.2-.2.3-.5.3-.7s-.1-.5-.3-.7c-.2-.2-.4-.3-.7-.3h-11c-.3 0-.5.1-.7.3-.2.2-.3.5-.3.7s.1.5.3.7z\"\/><\/svg><\/span><\/span><\/span><\/a><\/span><\/div>\n<nav><ul class='ez-toc-list ez-toc-list-level-1 eztoc-toggle-hide-by-default' ><li class='ez-toc-page-1 ez-toc-heading-level-2'><a class=\"ez-toc-link ez-toc-heading-1\" href=\"https:\/\/moverdb.com\/tr\/moving-companies\/moving-companies-us-missouri\/#1_Compass_Moving\" >1. Pusula Hareketli<\/a><\/li><li class='ez-toc-page-1 ez-toc-heading-level-2'><a class=\"ez-toc-link ez-toc-heading-2\" href=\"https:\/\/moverdb.com\/tr\/moving-companies\/moving-companies-us-missouri\/#2_Day_Transfer_Company\" >2. G\u00fcnl\u00fck Transfer \u015eirketi<\/a><\/li><li class='ez-toc-page-1 ez-toc-heading-level-2'><a class=\"ez-toc-link ez-toc-heading-3\" href=\"https:\/\/moverdb.com\/tr\/moving-companies\/moving-companies-us-missouri\/#3_Mayflower\" >3. Mayflower<\/a><\/li><li class='ez-toc-page-1 ez-toc-heading-level-2'><a class=\"ez-toc-link ez-toc-heading-4\" href=\"https:\/\/moverdb.com\/tr\/moving-companies\/moving-companies-us-missouri\/#4_The_Cartwright_Co\" >4. The Cartwright Co<\/a><\/li><li class='ez-toc-page-1 ez-toc-heading-level-2'><a class=\"ez-toc-link ez-toc-heading-5\" href=\"https:\/\/moverdb.com\/tr\/moving-companies\/moving-companies-us-missouri\/#5_United_Van_Lines\" >5. United Van Lines<\/a><\/li><\/ul><\/nav><\/div>\n<h2><span class=\"ez-toc-section\" id=\"1_Compass_Moving\"><\/span><strong>1. Pusula Hareketli<\/strong><span class=\"ez-toc-section-end\"><\/span><\/h2>\n<p><img loading=\"lazy\" decoding=\"async\" class=\"alignnone size-full wp-image-11290\" src=\"https:\/\/moverdb.com\/wp-content\/uploads\/Compass-Moving-international-moving-company.png\" alt=\"Compass Moving uluslararas\u0131 ta\u015f\u0131ma \u015firketi\" width=\"1440\" height=\"676\" data-wp-pid=\"11290\" srcset=\"https:\/\/moverdb.com\/wp-content\/uploads\/Compass-Moving-international-moving-company.png 1440w, https:\/\/moverdb.com\/wp-content\/uploads\/Compass-Moving-international-moving-company-300x141.png 300w, https:\/\/moverdb.com\/wp-content\/uploads\/Compass-Moving-international-moving-company-1024x481.png 1024w, https:\/\/moverdb.com\/wp-content\/uploads\/Compass-Moving-international-moving-company-18x8.png 18w, https:\/\/moverdb.com\/wp-content\/uploads\/Compass-Moving-international-moving-company-600x282.png 600w\" sizes=\"auto, (max-width: 1440px) 100vw, 1440px\" \/><\/p>\n<ul>\n<li>Ulusal hamleler<\/li>\n<li>Uluslararas\u0131 ta\u015f\u0131nmalar<\/li>\n<li>Konut Ta\u015f\u0131malar\u0131<\/li>\n<li>Askeri hamleler<\/li>\n<li>Tam hizmet sunumu<\/li>\n<li>Paketleme hizmeti<\/li>\n<li>Kara ve deniz ta\u015f\u0131mac\u0131l\u0131\u011f\u0131<\/li>\n<li><a href=\"https:\/\/moverdb.com\/tr\/top-49-container-ports\/\" data-internallinksmanager029f6b8e52c=\"80\" title=\"2025 Y\u0131l\u0131nda En B\u00fcy\u00fck ve En Yo\u011fun 49 Konteyner Liman\u0131\">Liman<\/a> H\u0130ZMETLER<\/li>\n<li><a href=\"https:\/\/moverdb.com\/tr\/car-transport-shipping\/\" data-internallinksmanager029f6b8e52c=\"2\" title=\"2026 Uluslararas\u0131 Ara\u00e7 Ta\u015f\u0131ma &amp; Ara\u00e7 Nakliye Fiyatlar\u0131\">Ara\u00e7 nakliyesi<\/a><\/li>\n<li>Sigorta<\/li>\n<\/ul>\n<p>Compass Moving, 1982 y\u0131l\u0131nda kurulmu\u015f ve Grandview merkezli tam hizmet veren bir ta\u015f\u0131ma \u015firketidir. IAM'nin 41 y\u0131ll\u0131k tecr\u00fcbeye sahip bir \u00fcyesidirler ve bu da onlara birlikte \u00e7al\u0131\u015fabilecekleri uluslararas\u0131 bir ta\u015f\u0131ma acenteleri a\u011f\u0131na eri\u015fim sa\u011flar.<\/p>\n<p>Compass Moving kapsaml\u0131 hizmetler sunar <a href=\"https:\/\/moverdb.com\/tr\/quotes\/\" data-internallinksmanager029f6b8e52c=\"26\" title=\"Uluslararas\u0131 Ta\u015f\u0131nma Fiyatlar\u0131: Nakliyecinize Sorman\u0131z Gereken 12 Soru\">ta\u015f\u0131nma teklifleri<\/a> hi\u00e7bir gizli \u00fccret olmadan. E\u015fyalar\u0131n\u0131z\u0131 kapal\u0131 konteynerlerde g\u00fcvenli bir \u015fekilde paketlemek i\u00e7in profesyonel bir ev i\u00e7i paketleme hizmeti sunarlar. Uluslararas\u0131 ta\u015f\u0131nma durumunda kamyon ve deniz ta\u015f\u0131mac\u0131l\u0131\u011f\u0131 ile nakliyeyi ayarlayacaklard\u0131r. T\u00fcm liman prosed\u00fcrlerini halledecekler ve t\u00fcm masraflar fiyata dahil oldu\u011fu gibi temel sigorta da dahildir.<\/p>\n<p>Web sitesi: <a href=\"http:\/\/www.compassmoving.com\" target=\"_blank\" rel=\"noopener\">http:\/\/www.compassmoving.com<\/a><\/p>\n<h2><span class=\"ez-toc-section\" id=\"2_Day_Transfer_Company\"><\/span><strong>2. G\u00fcnl\u00fck Transfer \u015eirketi<\/strong><span class=\"ez-toc-section-end\"><\/span><\/h2>\n<p><img loading=\"lazy\" decoding=\"async\" class=\"alignnone size-full wp-image-11304\" src=\"https:\/\/moverdb.com\/wp-content\/uploads\/Day-Transfer-Moving-Storage-international-moving-company.png\" alt=\"Day Transfer Moving &amp; Storage uluslararas\u0131 ta\u015f\u0131ma \u015firketi\" width=\"1440\" height=\"677\" data-wp-pid=\"11304\" srcset=\"https:\/\/moverdb.com\/wp-content\/uploads\/Day-Transfer-Moving-Storage-international-moving-company.png 1440w, https:\/\/moverdb.com\/wp-content\/uploads\/Day-Transfer-Moving-Storage-international-moving-company-300x141.png 300w, https:\/\/moverdb.com\/wp-content\/uploads\/Day-Transfer-Moving-Storage-international-moving-company-1024x481.png 1024w, https:\/\/moverdb.com\/wp-content\/uploads\/Day-Transfer-Moving-Storage-international-moving-company-18x8.png 18w, https:\/\/moverdb.com\/wp-content\/uploads\/Day-Transfer-Moving-Storage-international-moving-company-600x282.png 600w\" sizes=\"auto, (max-width: 1440px) 100vw, 1440px\" \/><\/p>\n<ul>\n<li>Yerel hamleler<\/li>\n<li>Uzun mesafeli ta\u015f\u0131nmalar<\/li>\n<li>Konut Ta\u015f\u0131malar\u0131<\/li>\n<li>Ofis ta\u015f\u0131ma<\/li>\n<li>Kurumsal ta\u015f\u0131nmalar<\/li>\n<li>Yer De\u011fi\u015ftirme Dan\u0131\u015fman\u0131<\/li>\n<li>Paketleme hizmetleri<\/li>\n<li>Ula\u015f\u0131m d\u00fczenlemeleri<\/li>\n<li>Sigorta<\/li>\n<li>Uzun s\u00fcreli ve ge\u00e7ici depolama<\/li>\n<\/ul>\n<p>Day Transfer Company, Cape Girardeau, Clarksville, Fayetteville ve Montgomery'de lokasyonlar\u0131 bulunan tam hizmetli bir ta\u015f\u0131ma \u015firketidir. National Van Lines i\u00e7in eyaletler aras\u0131 bir acentedirler ve bu da onlara hizmetlerini sunarken birlikte \u00e7al\u0131\u015facaklar\u0131 bir ta\u015f\u0131ma \u015firketleri a\u011f\u0131 sa\u011flar. IAM \u00fcyesidirler ve 90 y\u0131ll\u0131k deneyime sahiptirler.<\/p>\n<p>Day Transfer Company, size destek olacak bir Yer De\u011fi\u015ftirme Dan\u0131\u015fman\u0131 ile tam hizmet ta\u015f\u0131ma \u00e7\u00f6z\u00fcmleri sunar veya ba\u011f\u0131ms\u0131z paketleme hizmetleri sunar. E\u015fyalar\u0131n\u0131z\u0131 nakliyeye haz\u0131r hale getirmek i\u00e7in koruyacak ve g\u00f6n\u00fcl rahatl\u0131\u011f\u0131 i\u00e7in sigorta teminat\u0131 sa\u011flayacak profesyonel olarak e\u011fitilmi\u015f bir paketleme ekibi ile paketleme hizmetleri sunarlar. Ayr\u0131ca var\u0131\u015fta ambalaj\u0131 a\u00e7acaklard\u0131r.<\/p>\n<p>Web sitesi: <a href=\"http:\/\/www.daytransferco.com\" target=\"_blank\" rel=\"noopener\">http:\/\/www.daytransferco.com<\/a><\/p>\n<h2><span class=\"ez-toc-section\" id=\"3_Mayflower\"><\/span><strong>3. Mayflower<\/strong><span class=\"ez-toc-section-end\"><\/span><\/h2>\n<p><img loading=\"lazy\" decoding=\"async\" class=\"alignnone size-full wp-image-11372\" src=\"https:\/\/moverdb.com\/wp-content\/uploads\/Mayflower-international-moving-company.png\" alt=\"Mayflower uluslararas\u0131 nakliye \u015firketi\" width=\"1440\" height=\"680\" data-wp-pid=\"11372\" srcset=\"https:\/\/moverdb.com\/wp-content\/uploads\/Mayflower-international-moving-company.png 1440w, https:\/\/moverdb.com\/wp-content\/uploads\/Mayflower-international-moving-company-300x142.png 300w, https:\/\/moverdb.com\/wp-content\/uploads\/Mayflower-international-moving-company-1024x484.png 1024w, https:\/\/moverdb.com\/wp-content\/uploads\/Mayflower-international-moving-company-18x9.png 18w, https:\/\/moverdb.com\/wp-content\/uploads\/Mayflower-international-moving-company-600x283.png 600w\" sizes=\"auto, (max-width: 1440px) 100vw, 1440px\" \/><\/p>\n<ul>\n<li>Yerel ve ulusal hamleler<\/li>\n<li>Uluslararas\u0131 ta\u015f\u0131nmalar<\/li>\n<li>Ev ta\u015f\u0131ma<\/li>\n<li>Kurumsal ta\u015f\u0131nmalar<\/li>\n<li>Ki\u015fisel ta\u015f\u0131nma koordinat\u00f6r\u00fc<\/li>\n<li>Paketleme hizmeti<\/li>\n<li>Kara, deniz ve hava yoluyla ula\u015f\u0131m<\/li>\n<li>G\u00fcmr\u00fck i\u015flemleri<\/li>\n<li>Ara\u00e7 nakliyesi<\/li>\n<li>K\u0131sa ve uzun s\u00fcreli depolama<\/li>\n<\/ul>\n<p>Mayflower 1927 y\u0131l\u0131nda kurulmu\u015f bir ta\u015f\u0131nma ve yer de\u011fi\u015ftirme \u015firketidir ve UniGroup'un bir par\u00e7as\u0131d\u0131r. Ta\u015f\u0131nma hizmetleri sunmalar\u0131na yard\u0131mc\u0131 olan \u00fclke \u00e7ap\u0131nda bir acente a\u011f\u0131n\u0131n yan\u0131 s\u0131ra 150'den fazla \u00fclkede d\u00fcnya \u00e7ap\u0131nda hizmetler sunmak i\u00e7in uluslararas\u0131 ortaklar\u0131 vard\u0131r. \u015eirket 37 y\u0131ll\u0131k tecr\u00fcbesiyle IAM \u00fcyesidir.<\/p>\n<p>Mayflower'\u0131n ki\u015fisel ta\u015f\u0131nma koordinat\u00f6r\u00fc ta\u015f\u0131nman\u0131z\u0131 planlaman\u0131za ve size \u00f6zel bir ta\u015f\u0131nma plan\u0131nda karar vermenize yard\u0131mc\u0131 olacakt\u0131r. E\u015fyalar\u0131n\u0131z\u0131 korumak ve g\u00fcmr\u00fck i\u015flemlerini kolayla\u015ft\u0131rmak i\u00e7in eksiksiz bir paketleme hizmeti sunarlar. E\u015fyalar\u0131n\u0131z\u0131 kendiniz paketlerseniz, yasakl\u0131 hi\u00e7bir e\u015fyan\u0131n dahil edilmedi\u011finden emin olmak i\u00e7in bir inceleme yapacaklard\u0131r.<\/p>\n<p>Web sitesi: <a href=\"https:\/\/www.mayflower.com\/\" target=\"_blank\" rel=\"noopener\">https:\/\/www.mayflower.com\/<\/a><\/p>\n<h2><span class=\"ez-toc-section\" id=\"4_The_Cartwright_Co\"><\/span><strong>4. The Cartwright Co<\/strong><span class=\"ez-toc-section-end\"><\/span><\/h2>\n<p><img loading=\"lazy\" decoding=\"async\" class=\"alignnone size-full wp-image-11454\" src=\"https:\/\/moverdb.com\/wp-content\/uploads\/The-Cartwright-Co-international-moving-company.png\" alt=\"The Cartwright Co uluslararas\u0131 ta\u015f\u0131ma \u015firketi\" width=\"1440\" height=\"679\" data-wp-pid=\"11454\" srcset=\"https:\/\/moverdb.com\/wp-content\/uploads\/The-Cartwright-Co-international-moving-company.png 1440w, https:\/\/moverdb.com\/wp-content\/uploads\/The-Cartwright-Co-international-moving-company-300x141.png 300w, https:\/\/moverdb.com\/wp-content\/uploads\/The-Cartwright-Co-international-moving-company-1024x483.png 1024w, https:\/\/moverdb.com\/wp-content\/uploads\/The-Cartwright-Co-international-moving-company-18x8.png 18w, https:\/\/moverdb.com\/wp-content\/uploads\/The-Cartwright-Co-international-moving-company-600x283.png 600w\" sizes=\"auto, (max-width: 1440px) 100vw, 1440px\" \/><\/p>\n<ul>\n<li>Ulusal hamleler<\/li>\n<li>Uluslararas\u0131 ta\u015f\u0131nmalar<\/li>\n<li>Ev ta\u015f\u0131ma<\/li>\n<li>\u0130\u015f hamleleri<\/li>\n<li>Kurumsal ta\u015f\u0131nmalar<\/li>\n<li>U\u00e7tan uca hareketler<\/li>\n<li>Hareket y\u00f6netimi<\/li>\n<li>Evcil hayvan ta\u015f\u0131ma<\/li>\n<li>Ara\u00e7 ta\u015f\u0131mac\u0131l\u0131\u011f\u0131<\/li>\n<li>Destinasyon hizmetleri<\/li>\n<\/ul>\n<p>The Cartwright Co, 1934 y\u0131l\u0131nda kurulan ve merkezi Grandview'de bulunan k\u00fcresel bir mobilite, yer de\u011fi\u015ftirme ve ta\u015f\u0131ma \u015firketidir. \u015eirketleri aras\u0131nda AmWorld Transport, Cox Moving, Foremost Forwarders ve Domestic Military Services bulunmaktad\u0131r. \u015eirketler 55 y\u0131ll\u0131k deneyime sahip IAM \u00fcyesidir.<\/p>\n<p>The Cartwright Co 187 \u00fclkede hizmet vermekte olup, askeri personel de dahil olmak \u00fczere \u015firketlere ve h\u00fck\u00fcmetlere hizmet verme konusunda uzmanla\u015fm\u0131\u015ft\u0131r ve ayn\u0131 zamanda \u00f6zel ev ta\u015f\u0131nmalar\u0131 i\u00e7in de hizmet vermektedir. Paketleme, nakliye ve var\u0131\u015f yeri hizmetlerini de i\u00e7eren, ihtiya\u00e7lar\u0131n\u0131za g\u00f6re uyarlanm\u0131\u015f esnek ta\u015f\u0131nma \u00e7\u00f6z\u00fcmleri sunarlar. Ek hizmetleri aras\u0131nda evcil hayvan ta\u015f\u0131ma, ara\u00e7 nakliyesi, ge\u00e7ici bar\u0131nma, okul bulma ve konsiyerj hizmetleri bulunmaktad\u0131r.<\/p>\n<p>Web sitesi: <a href=\"https:\/\/cartwrightcompanies.com\" target=\"_blank\" rel=\"noopener\">https:\/\/cartwrightcompanies.com<\/a><\/p>\n<h2><span class=\"ez-toc-section\" id=\"5_United_Van_Lines\"><\/span><strong>5. United Van Lines<\/strong><span class=\"ez-toc-section-end\"><\/span><\/h2>\n<p><img loading=\"lazy\" decoding=\"async\" class=\"alignnone size-full wp-image-11468\" src=\"https:\/\/moverdb.com\/wp-content\/uploads\/United-Van-Lines-US-international-moving-company.png\" alt=\"United Van Lines ABD uluslararas\u0131 ta\u015f\u0131ma \u015firketi\" width=\"1440\" height=\"678\" data-wp-pid=\"11468\" srcset=\"https:\/\/moverdb.com\/wp-content\/uploads\/United-Van-Lines-US-international-moving-company.png 1440w, https:\/\/moverdb.com\/wp-content\/uploads\/United-Van-Lines-US-international-moving-company-300x141.png 300w, https:\/\/moverdb.com\/wp-content\/uploads\/United-Van-Lines-US-international-moving-company-1024x482.png 1024w, https:\/\/moverdb.com\/wp-content\/uploads\/United-Van-Lines-US-international-moving-company-18x8.png 18w, https:\/\/moverdb.com\/wp-content\/uploads\/United-Van-Lines-US-international-moving-company-600x283.png 600w\" sizes=\"auto, (max-width: 1440px) 100vw, 1440px\" \/><\/p>\n<ul>\n<li>Yerel ve uzun mesafeli ta\u015f\u0131nmalar<\/li>\n<li>Uluslararas\u0131 ta\u015f\u0131nmalar<\/li>\n<li>Konut Ta\u015f\u0131malar\u0131<\/li>\n<li>Kurumsal hamleler<\/li>\n<li>Ki\u015fiselle\u015ftirilmi\u015f hizmet<\/li>\n<li>Ki\u015fisel ta\u015f\u0131nma koordinat\u00f6r\u00fc<\/li>\n<li>Paketleme hizmeti<\/li>\n<li>Araba nakliyesi<\/li>\n<li>Sigorta<\/li>\n<li>K\u0131sa ve uzun s\u00fcreli depolama<\/li>\n<\/ul>\n<p>United Van Lines, ki\u015fiselle\u015ftirilebilir hizmetler sunan ve merkezi Fenton'da bulunan bir grup nakliye \u015firketidir. Ta\u015f\u0131nma acentelerinden olu\u015fan geni\u015f a\u011flar\u0131, hizmetlerini ulusal ve uluslararas\u0131 d\u00fczeyde sunmalar\u0131na olanak sa\u011flamaktad\u0131r. \u015eirket, 81 y\u0131ll\u0131k deneyimiyle IAM \u00fcyesidir ve FIDI taraf\u0131ndan akredite edilmi\u015ftir.<\/p>\n<p>United Van Lines, e\u015fyalar\u0131n\u0131z i\u00e7in tam de\u011ferli koruma ile ki\u015fisel bir ta\u015f\u0131nma koordinat\u00f6r\u00fc i\u00e7eren tam hizmet ta\u015f\u0131nma \u00e7\u00f6z\u00fcmleri sunar. Ayr\u0131ca, hangi ta\u015f\u0131nma hizmetleri konusunda yard\u0131m alaca\u011f\u0131n\u0131z\u0131 se\u00e7menize olanak tan\u0131yan \u00f6zel bir yakla\u015f\u0131m da sunarlar.  E\u015fyalar\u0131n\u0131z\u0131 koruman\u0131za yard\u0131mc\u0131 olmak i\u00e7in \u00f6zelle\u015ftirilebilir paketleme hizmetleri sunarlar ve var\u0131\u015fta ambalaj\u0131 a\u00e7man\u0131za yard\u0131mc\u0131 olabilirler.<\/p>\n<p>Web sitesi: <a href=\"https:\/\/www.unitedvanlines.com\" target=\"_blank\" rel=\"noopener\">https:\/\/www.unitedvanlines.com<\/a><\/p>","protected":false},"excerpt":{"rendered":"<p>When you are planning your move will you do everything yourself or will you get some help from a moving company? They can help with packing, transportation and documentation to reduce the pressure on you. Below we have compiled a list of Missouri based removal companies that are members of the International Association of Movers [&hellip;]<\/p>\n","protected":false},"author":4,"featured_media":11290,"parent":190,"menu_order":0,"comment_status":"closed","ping_status":"closed","template":"","meta":{"_genesis_hide_title":false,"_genesis_hide_breadcrumbs":false,"_genesis_hide_singular_image":false,"_genesis_hide_footer_widgets":false,"_genesis_custom_body_class":"","_genesis_custom_post_class":"","_genesis_layout":"","footnotes":""},"class_list":{"0":"post-11619","1":"page","2":"type-page","3":"status-publish","4":"has-post-thumbnail","6":"entry"},"_links":{"self":[{"href":"https:\/\/moverdb.com\/tr\/wp-json\/wp\/v2\/pages\/11619","targetHints":{"allow":["GET"]}}],"collection":[{"href":"https:\/\/moverdb.com\/tr\/wp-json\/wp\/v2\/pages"}],"about":[{"href":"https:\/\/moverdb.com\/tr\/wp-json\/wp\/v2\/types\/page"}],"author":[{"embeddable":true,"href":"https:\/\/moverdb.com\/tr\/wp-json\/wp\/v2\/users\/4"}],"replies":[{"embeddable":true,"href":"https:\/\/moverdb.com\/tr\/wp-json\/wp\/v2\/comments?post=11619"}],"version-history":[{"count":2,"href":"https:\/\/moverdb.com\/tr\/wp-json\/wp\/v2\/pages\/11619\/revisions"}],"predecessor-version":[{"id":11621,"href":"https:\/\/moverdb.com\/tr\/wp-json\/wp\/v2\/pages\/11619\/revisions\/11621"}],"up":[{"embeddable":true,"href":"https:\/\/moverdb.com\/tr\/wp-json\/wp\/v2\/pages\/190"}],"wp:featuredmedia":[{"embeddable":true,"href":"https:\/\/moverdb.com\/tr\/wp-json\/wp\/v2\/media\/11290"}],"wp:attachment":[{"href":"https:\/\/moverdb.com\/tr\/wp-json\/wp\/v2\/media?parent=11619"}],"curies":[{"name":"wp","href":"https:\/\/api.w.org\/{rel}","templated":true}]}}