{"id":11613,"date":"2023-11-29T10:44:05","date_gmt":"2023-11-29T10:44:05","guid":{"rendered":"https:\/\/moverdb.com\/?page_id=11613"},"modified":"2026-01-08T15:28:57","modified_gmt":"2026-01-08T15:28:57","slug":"moving-companies-us-michigan","status":"publish","type":"page","link":"https:\/\/moverdb.com\/tr\/moving-companies\/moving-companies-us-michigan\/","title":{"rendered":"Michigan'daki En \u0130yi 5 Uluslararas\u0131 Nakliye \u015eirketi"},"content":{"rendered":"<p>Ta\u015f\u0131nmay\u0131 m\u0131 planl\u0131yorsunuz? E\u011fer \u00f6yleyse, bir nakliyeci tutmak isteyebilirsiniz. <a href=\"https:\/\/moverdb.com\/tr\/moving-companies\/\" data-internallinksmanager029f6b8e52c=\"79\" title=\"\u00c7evrimi\u00e7i En \u0130yi 25 Uluslararas\u0131 Nakliye \u015eirketi\">ta\u015finma \u015fi\u0307rketi\u0307<\/a> size yard\u0131mc\u0131 olmak i\u00e7in. Ta\u015f\u0131nma planlamas\u0131, paketleme, lojistik ve \u00fclke de\u011fi\u015ftiriyorsan\u0131z g\u00fcmr\u00fck prosed\u00fcrleri konusunda yard\u0131mc\u0131 olabilirler. A\u015fa\u011f\u0131da bir liste derledik <a href=\"https:\/\/moverdb.com\/tr\/moving-to-the-united-states\/moving-to-michigan\/\" data-internallinksmanager029f6b8e52c=\"414\" title=\"Michigan&#039;a Ta\u015f\u0131nmak m\u0131? 2026 Ya\u015fam Maliyetleri ve Yer De\u011fi\u015ftirme \u0130pu\u00e7lar\u0131\">Michigan<\/a> temelli <a href=\"https:\/\/moverdb.com\/tr\/international-removals\/\" data-internallinksmanager029f6b8e52c=\"27\" title=\"36 \u0130ngiltere&#039;deki En \u0130yi Uluslararas\u0131 Nakliye \u015eirketleri\">nakli\u0307ye \u015fi\u0307rketleri\u0307<\/a> \u00fcyesi olan <a href=\"https:\/\/moverdb.com\/tr\/iam\/\" data-internallinksmanager029f6b8e52c=\"23\" title=\"Uluslararas\u0131 Ta\u015f\u0131mac\u0131lar Birli\u011fi (IAM) A\u00e7\u0131klamas\u0131\">Uluslararas\u0131 Ta\u015f\u0131mac\u0131lar Birli\u011fi<\/a> (IAM) ve\/veya <a href=\"https:\/\/moverdb.com\/tr\/fidi-faim\/\" data-internallinksmanager029f6b8e52c=\"16\" title=\"FIDI &amp; FAIM (FIDI Akredite Uluslararas\u0131 Ta\u015f\u0131mac\u0131) A\u00e7\u0131klamas\u0131\">FIDI<\/a> Ta\u015f\u0131nman\u0131zda size yard\u0131mc\u0131 olabilecek Akredite Uluslararas\u0131 Ta\u015f\u0131y\u0131c\u0131 (FAIM).<\/p>\n<div id=\"ez-toc-container\" class=\"ez-toc-v2_0_82_2 ez-toc-wrap-left counter-hierarchy ez-toc-counter ez-toc-transparent ez-toc-container-direction\">\n<div class=\"ez-toc-title-container\">\n<p class=\"ez-toc-title\" style=\"cursor:inherit\">B\u00f6l\u00fcmler<\/p>\n<span class=\"ez-toc-title-toggle\"><a href=\"#\" class=\"ez-toc-pull-right ez-toc-btn ez-toc-btn-xs ez-toc-btn-default ez-toc-toggle\" aria-label=\"\u0130\u00e7indekiler Tablosunu A\u00e7\/Kapat\"><span class=\"ez-toc-js-icon-con\"><span class=\"\"><span class=\"eztoc-hide\" style=\"display:none;\">Ge\u00e7i\u015f<\/span><span class=\"ez-toc-icon-toggle-span\"><svg style=\"fill: #999;color:#999\" xmlns=\"http:\/\/www.w3.org\/2000\/svg\" class=\"list-377408\" width=\"20px\" height=\"20px\" viewbox=\"0 0 24 24\" fill=\"none\"><path d=\"M6 6H4v2h2V6zm14 0H8v2h12V6zM4 11h2v2H4v-2zm16 0H8v2h12v-2zM4 16h2v2H4v-2zm16 0H8v2h12v-2z\" fill=\"currentColor\"><\/path><\/svg><svg style=\"fill: #999;color:#999\" class=\"arrow-unsorted-368013\" xmlns=\"http:\/\/www.w3.org\/2000\/svg\" width=\"10px\" height=\"10px\" viewbox=\"0 0 24 24\" version=\"1.2\" baseprofile=\"tiny\"><path d=\"M18.2 9.3l-6.2-6.3-6.2 6.3c-.2.2-.3.4-.3.7s.1.5.3.7c.2.2.4.3.7.3h11c.3 0 .5-.1.7-.3.2-.2.3-.5.3-.7s-.1-.5-.3-.7zM5.8 14.7l6.2 6.3 6.2-6.3c.2-.2.3-.5.3-.7s-.1-.5-.3-.7c-.2-.2-.4-.3-.7-.3h-11c-.3 0-.5.1-.7.3-.2.2-.3.5-.3.7s.1.5.3.7z\"\/><\/svg><\/span><\/span><\/span><\/a><\/span><\/div>\n<nav><ul class='ez-toc-list ez-toc-list-level-1 eztoc-toggle-hide-by-default' ><li class='ez-toc-page-1 ez-toc-heading-level-2'><a class=\"ez-toc-link ez-toc-heading-1\" href=\"https:\/\/moverdb.com\/tr\/moving-companies\/moving-companies-us-michigan\/#1_Corrigan_Moving\" >1. Corrigan Ta\u015f\u0131nma<\/a><\/li><li class='ez-toc-page-1 ez-toc-heading-level-2'><a class=\"ez-toc-link ez-toc-heading-2\" href=\"https:\/\/moverdb.com\/tr\/moving-companies\/moving-companies-us-michigan\/#2_Palmer_Moving_Services\" >2. Palmer Ta\u015f\u0131nma Hizmetleri<\/a><\/li><li class='ez-toc-page-1 ez-toc-heading-level-2'><a class=\"ez-toc-link ez-toc-heading-3\" href=\"https:\/\/moverdb.com\/tr\/moving-companies\/moving-companies-us-michigan\/#3_Powell_Relocation_Group\" >3. Powell Relocation Group<\/a><\/li><li class='ez-toc-page-1 ez-toc-heading-level-2'><a class=\"ez-toc-link ez-toc-heading-4\" href=\"https:\/\/moverdb.com\/tr\/moving-companies\/moving-companies-us-michigan\/#4_Rose_Moving_Storage\" >4. Rose Ta\u015f\u0131mac\u0131l\u0131k &amp; Depolama<\/a><\/li><li class='ez-toc-page-1 ez-toc-heading-level-2'><a class=\"ez-toc-link ez-toc-heading-5\" href=\"https:\/\/moverdb.com\/tr\/moving-companies\/moving-companies-us-michigan\/#5_Transphere\" >5. Transphere<\/a><\/li><\/ul><\/nav><\/div>\n<h2><span class=\"ez-toc-section\" id=\"1_Corrigan_Moving\"><\/span><strong>1. Corrigan Ta\u015f\u0131nma<\/strong><span class=\"ez-toc-section-end\"><\/span><\/h2>\n<p><img loading=\"lazy\" decoding=\"async\" class=\"alignnone size-full wp-image-11297\" src=\"https:\/\/moverdb.com\/wp-content\/uploads\/Corrigan-Moving-Systems-international-moving-company.png\" alt=\"Corrigan Moving Systems uluslararas\u0131 ta\u015f\u0131ma \u015firketi\" width=\"1440\" height=\"675\" data-wp-pid=\"11297\" srcset=\"https:\/\/moverdb.com\/wp-content\/uploads\/Corrigan-Moving-Systems-international-moving-company.png 1440w, https:\/\/moverdb.com\/wp-content\/uploads\/Corrigan-Moving-Systems-international-moving-company-300x141.png 300w, https:\/\/moverdb.com\/wp-content\/uploads\/Corrigan-Moving-Systems-international-moving-company-1024x480.png 1024w, https:\/\/moverdb.com\/wp-content\/uploads\/Corrigan-Moving-Systems-international-moving-company-18x8.png 18w, https:\/\/moverdb.com\/wp-content\/uploads\/Corrigan-Moving-Systems-international-moving-company-600x281.png 600w\" sizes=\"auto, (max-width: 1440px) 100vw, 1440px\" \/><\/p>\n<ul>\n<li>Yerel ve uzun mesafeli ta\u015f\u0131nmalar<\/li>\n<li>Uluslararas\u0131 ta\u015f\u0131nmalar<\/li>\n<li>Konut Ta\u015f\u0131malar\u0131<\/li>\n<li>Ticari hamleler<\/li>\n<li>Kurumsal ta\u015f\u0131nmalar<\/li>\n<li>Kap\u0131dan kap\u0131ya hizmet<\/li>\n<li>Ta\u015f\u0131ma koordinat\u00f6r\u00fc<\/li>\n<li>Paketleme hizmeti<\/li>\n<li>G\u00fcmr\u00fck deste\u011fi<\/li>\n<li>Depolama tesisleri<\/li>\n<\/ul>\n<p>Corrigan Moving, 1929 y\u0131l\u0131nda kurulan ve Michigan'da Ann Arbor, Auburn Hills, Bay City, Dearborn, Farmington Hills, Flint ve Grand Rapids'i i\u00e7eren Great Lakes B\u00f6lgesi'nde 13 ofisi bulunan bir ta\u015f\u0131ma ve lojistik \u015firketidir. United Van Lines'\u0131n bir par\u00e7as\u0131d\u0131rlar ve bu da hizmetlerinin sunulmas\u0131na yard\u0131mc\u0131 olmak i\u00e7in bir ta\u015f\u0131ma \u015firketleri a\u011f\u0131na eri\u015fmelerini sa\u011flar. IAM'nin 75 y\u0131ll\u0131k tecr\u00fcbeye sahip bir \u00fcyesidir ve FIDI taraf\u0131ndan akredite edilmi\u015ftir.<\/p>\n<p>Corrigan Moving, bir ta\u015f\u0131ma koordinat\u00f6r\u00fc ile kap\u0131dan kap\u0131ya hizmet veren ki\u015fiselle\u015ftirilmi\u015f ta\u015f\u0131ma hizmetleri sunar. E\u015fyalar\u0131n\u0131z\u0131 ta\u015f\u0131ma s\u0131ras\u0131nda korumak i\u00e7in \u00f6zelle\u015ftirilmi\u015f bir paketleme ve sand\u0131klama hizmeti sunarlar. Evrak i\u015fleri ve lojistik konusunda yard\u0131m sa\u011flarlar.<\/p>\n<p>Web sitesi: <a href=\"https:\/\/www.corriganmoving.com\/\" target=\"_blank\" rel=\"noopener\">https:\/\/www.corriganmoving.com\/<\/a><\/p>\n<h2><span class=\"ez-toc-section\" id=\"2_Palmer_Moving_Services\"><\/span><strong>2. Palmer Ta\u015f\u0131nma Hizmetleri<\/strong><span class=\"ez-toc-section-end\"><\/span><\/h2>\n<p><img loading=\"lazy\" decoding=\"async\" class=\"alignnone size-full wp-image-11404\" src=\"https:\/\/moverdb.com\/wp-content\/uploads\/Palmer-Moving-Services-international-moving-company.png\" alt=\"Palmer Moving Services uluslararas\u0131 nakliye \u015firketi\" width=\"1440\" height=\"675\" data-wp-pid=\"11404\" srcset=\"https:\/\/moverdb.com\/wp-content\/uploads\/Palmer-Moving-Services-international-moving-company.png 1440w, https:\/\/moverdb.com\/wp-content\/uploads\/Palmer-Moving-Services-international-moving-company-300x141.png 300w, https:\/\/moverdb.com\/wp-content\/uploads\/Palmer-Moving-Services-international-moving-company-1024x480.png 1024w, https:\/\/moverdb.com\/wp-content\/uploads\/Palmer-Moving-Services-international-moving-company-18x8.png 18w, https:\/\/moverdb.com\/wp-content\/uploads\/Palmer-Moving-Services-international-moving-company-600x281.png 600w\" sizes=\"auto, (max-width: 1440px) 100vw, 1440px\" \/><\/p>\n<ul>\n<li>Yerel ve uzun mesafeli ta\u015f\u0131nmalar<\/li>\n<li>Uluslararas\u0131 ta\u015f\u0131nmalar<\/li>\n<li>Konut Ta\u015f\u0131malar\u0131<\/li>\n<li>Ofis ta\u015f\u0131ma<\/li>\n<li>Kurumsal ta\u015f\u0131nmalar<\/li>\n<li>Tek temas noktas\u0131<\/li>\n<li>Paketleme hizmeti<\/li>\n<li>G\u00fcmr\u00fck i\u015flemleri<\/li>\n<li><a href=\"https:\/\/moverdb.com\/tr\/car-transport-shipping\/\" data-internallinksmanager029f6b8e52c=\"2\" title=\"2026 Uluslararas\u0131 Ara\u00e7 Ta\u015f\u0131ma &amp; Ara\u00e7 Nakliye Fiyatlar\u0131\">Ara\u00e7 ta\u015f\u0131mac\u0131l\u0131\u011f\u0131<\/a><\/li>\n<li>Depolama tesisleri<\/li>\n<\/ul>\n<p>Palmer Moving Services 1910 y\u0131l\u0131nda kurulmu\u015f ve Warren'da yerle\u015fik bir ta\u015f\u0131ma \u015firketidir. Atlas Van Lines'\u0131n bir par\u00e7as\u0131 olan \u015firket, ulusal bir ta\u015f\u0131ma acenteleri a\u011f\u0131na ve 1.700 acenteden olu\u015fan daha geni\u015f bir uluslararas\u0131 a\u011fa sahiptir. IAM'nin 113 y\u0131ll\u0131k tecr\u00fcbeye sahip bir \u00fcyesidir.<\/p>\n<p>Palmer Moving Services, ta\u015f\u0131nman\u0131z boyunca size destek olmak i\u00e7in tek bir irtibat noktas\u0131 sa\u011flar. Sunduklar\u0131 hizmet, e\u015fyalar\u0131n\u0131z\u0131 korumak i\u00e7in \u00f6zel sand\u0131klama ile tam bir paketleme hizmeti i\u00e7erir ve g\u00fcmr\u00fck bilgileri ve belgelerini ele al\u0131rlar. Ayr\u0131ca ara\u00e7 ta\u015f\u0131mac\u0131l\u0131\u011f\u0131, depolama ve \u00fc\u00e7\u00fcnc\u00fc taraf hizmetlerini i\u00e7eren ek hizmetler de sunarlar.<\/p>\n<p>Web sitesi: <a href=\"http:\/\/www.palmermoving.com\" target=\"_blank\" rel=\"noopener\">http:\/\/www.palmermoving.com<\/a><\/p>\n<h2><span class=\"ez-toc-section\" id=\"3_Powell_Relocation_Group\"><\/span><strong>3. Powell Relocation Group<\/strong><span class=\"ez-toc-section-end\"><\/span><\/h2>\n<p><img loading=\"lazy\" decoding=\"async\" class=\"alignnone size-full wp-image-11411\" src=\"https:\/\/moverdb.com\/wp-content\/uploads\/Powell-Relocation-Group-international-moving-company.png\" alt=\"Powell Relocation Group uluslararas\u0131 ta\u015f\u0131ma \u015firketi\" width=\"1440\" height=\"674\" data-wp-pid=\"11411\" srcset=\"https:\/\/moverdb.com\/wp-content\/uploads\/Powell-Relocation-Group-international-moving-company.png 1440w, https:\/\/moverdb.com\/wp-content\/uploads\/Powell-Relocation-Group-international-moving-company-300x140.png 300w, https:\/\/moverdb.com\/wp-content\/uploads\/Powell-Relocation-Group-international-moving-company-1024x479.png 1024w, https:\/\/moverdb.com\/wp-content\/uploads\/Powell-Relocation-Group-international-moving-company-18x8.png 18w, https:\/\/moverdb.com\/wp-content\/uploads\/Powell-Relocation-Group-international-moving-company-600x281.png 600w\" sizes=\"auto, (max-width: 1440px) 100vw, 1440px\" \/><\/p>\n<ul>\n<li>Yerel ve uzun mesafeli ta\u015f\u0131nmalar<\/li>\n<li>Uluslararas\u0131 ta\u015f\u0131nmalar<\/li>\n<li>Konut Ta\u015f\u0131malar\u0131<\/li>\n<li>Ticari hamleler<\/li>\n<li>Kurumsal ta\u015f\u0131nmalar<\/li>\n<li>Uluslararas\u0131 Ta\u015f\u0131nma Koordinat\u00f6r\u00fc<\/li>\n<li>Paketleme hizmeti<\/li>\n<li>Kara, okyanus veya hava yoluyla ta\u015f\u0131ma<\/li>\n<li>G\u00fcmr\u00fck i\u015flemleri<\/li>\n<li>Depolama tesisleri<\/li>\n<\/ul>\n<p>Powell Relocation Group, 1962 y\u0131l\u0131nda kurulmu\u015f ve Grand Rapids'te faaliyet g\u00f6steren bir ta\u015f\u0131ma \u015firketidir, <a href=\"https:\/\/moverdb.com\/tr\/moving-to-houston\/\" data-internallinksmanager029f6b8e52c=\"47\" title=\"Houston&#039;a m\u0131 ta\u015f\u0131n\u0131yorsunuz? 2026 Ya\u015fam Maliyetleri ve Yer De\u011fi\u015ftirme \u0130pu\u00e7lar\u0131\">Houston<\/a>, <a href=\"https:\/\/moverdb.com\/tr\/moving-to-the-united-states\/moving-to-west-virginia\/\" data-internallinksmanager029f6b8e52c=\"441\" title=\"Bat\u0131 Virginia&#039;ya Ta\u015f\u0131nmak m\u0131? 2026 Ya\u015fam Maliyetleri ve Yer De\u011fi\u015ftirme \u0130pu\u00e7lar\u0131\">Bat\u0131 Virginia<\/a> ve Tacoma. Atlas Van Lines'\u0131n bir temsilcisidirler ve bu da onlara birlikte \u00e7al\u0131\u015fabilecekleri bir ta\u015f\u0131ma acenteleri a\u011f\u0131 sa\u011flar. Onlar 61 y\u0131ll\u0131k deneyime sahip bir IAM \u00fcyesidir.<\/p>\n<p>Powell Relocation Group, bir ta\u015f\u0131nma tahmini olu\u015fturmak i\u00e7in sanal bir anket sunar. Bireysel bir ta\u015f\u0131nma plan\u0131 olu\u015fturacak ve bir Uluslararas\u0131 Ta\u015f\u0131nma Koordinat\u00f6r\u00fc tahsis edeceklerdir. E\u015fyalar\u0131n\u0131z\u0131n paketlenmesi ve kara, deniz veya hava yoluyla ta\u015f\u0131nmak \u00fczere y\u00fcklenmesi de dahil olmak \u00fczere eksiksiz bir ta\u015f\u0131ma hizmeti sunarlar. E\u015fyalar\u0131n\u0131z\u0131 g\u00fcmr\u00fckten ge\u00e7irecek ve var\u0131\u015f noktan\u0131za teslim edeceklerdir.<\/p>\n<p>Web sitesi: <a href=\"http:\/\/powellmoving.com\" target=\"_blank\" rel=\"noopener\">http:\/\/powellmoving.com<\/a><\/p>\n<h2><span class=\"ez-toc-section\" id=\"4_Rose_Moving_Storage\"><\/span><strong>4. Rose Ta\u015f\u0131mac\u0131l\u0131k &amp; Depolama<\/strong><span class=\"ez-toc-section-end\"><\/span><\/h2>\n<p><img loading=\"lazy\" decoding=\"async\" class=\"alignnone size-full wp-image-11427\" src=\"https:\/\/moverdb.com\/wp-content\/uploads\/Rose-Moving-Storage-international-moving-company.png\" alt=\"Rose Moving &amp; Storage uluslararas\u0131 ta\u015f\u0131ma \u015firketi\" width=\"1440\" height=\"678\" data-wp-pid=\"11427\" srcset=\"https:\/\/moverdb.com\/wp-content\/uploads\/Rose-Moving-Storage-international-moving-company.png 1440w, https:\/\/moverdb.com\/wp-content\/uploads\/Rose-Moving-Storage-international-moving-company-300x141.png 300w, https:\/\/moverdb.com\/wp-content\/uploads\/Rose-Moving-Storage-international-moving-company-1024x482.png 1024w, https:\/\/moverdb.com\/wp-content\/uploads\/Rose-Moving-Storage-international-moving-company-18x8.png 18w, https:\/\/moverdb.com\/wp-content\/uploads\/Rose-Moving-Storage-international-moving-company-600x283.png 600w\" sizes=\"auto, (max-width: 1440px) 100vw, 1440px\" \/><\/p>\n<ul>\n<li>Yerel ve eyaletler aras\u0131 ta\u015f\u0131nmalar<\/li>\n<li>Uluslararas\u0131 ta\u015f\u0131nmalar<\/li>\n<li>Ev ta\u015f\u0131ma<\/li>\n<li>Ticari hamleler<\/li>\n<li>Kurumsal ta\u015f\u0131nmalar<\/li>\n<li>Kap\u0131dan kap\u0131ya hizmet<\/li>\n<li>Ki\u015fisel ta\u015f\u0131nma koordinat\u00f6r\u00fc<\/li>\n<li>Profesyonel paketleme hizmeti<\/li>\n<li>Ula\u015f\u0131m d\u00fczenlemeleri<\/li>\n<li>G\u00fcvenli depolama se\u00e7enekleri<\/li>\n<\/ul>\n<p>Rose Moving &amp; Storage, Belleville, Canton ve Grand Rapid'de lokasyonlar\u0131 bulunan bir ta\u015f\u0131ma \u015firketidir. Allied Van Lines i\u00e7in eyaletler aras\u0131 bir acentedir ve bu ili\u015fki, ulusal ve uluslararas\u0131 olarak 42 \u00fclkeye hizmet sunmalar\u0131na olanak tan\u0131r. \u015eirket 59 y\u0131ll\u0131k tecr\u00fcbesiyle IAM \u00fcyesidir.<\/p>\n<p>Rose Moving &amp; Storage \u00fclke \u00e7ap\u0131nda ve uluslararas\u0131 alanda kap\u0131dan kap\u0131ya ta\u015f\u0131nma hizmetleri sunmaktad\u0131r. Uluslararas\u0131 ta\u015f\u0131nmalar i\u00e7in size her ayr\u0131nt\u0131y\u0131 planlayacak ve ihtiyac\u0131n\u0131z olan hizmetleri belirleyecek ki\u015fisel bir uluslararas\u0131 ta\u015f\u0131nma koordinat\u00f6r\u00fc atayacaklard\u0131r. En y\u00fcksek kalitede ambalaj kullanarak profesyonel bir paketleme hizmeti sunarlar.<\/p>\n<p>Web sitesi: <a href=\"http:\/\/www.rosemoving.com\" target=\"_blank\" rel=\"noopener\">http:\/\/www.rosemoving.com<\/a><\/p>\n<h2><span class=\"ez-toc-section\" id=\"5_Transphere\"><\/span><strong>5. Transphere<\/strong><span class=\"ez-toc-section-end\"><\/span><\/h2>\n<p><img loading=\"lazy\" decoding=\"async\" class=\"alignnone size-full wp-image-11615\" src=\"https:\/\/moverdb.com\/wp-content\/uploads\/Transphere-international-moving-company.png\" alt=\"Transphere uluslararas\u0131 ta\u015f\u0131ma \u015firketi\" width=\"1440\" height=\"677\" data-wp-pid=\"11615\" srcset=\"https:\/\/moverdb.com\/wp-content\/uploads\/Transphere-international-moving-company.png 1440w, https:\/\/moverdb.com\/wp-content\/uploads\/Transphere-international-moving-company-300x141.png 300w, https:\/\/moverdb.com\/wp-content\/uploads\/Transphere-international-moving-company-1024x481.png 1024w, https:\/\/moverdb.com\/wp-content\/uploads\/Transphere-international-moving-company-18x8.png 18w, https:\/\/moverdb.com\/wp-content\/uploads\/Transphere-international-moving-company-600x282.png 600w\" sizes=\"auto, (max-width: 1440px) 100vw, 1440px\" \/><\/p>\n<ul>\n<li>Ulusal hamleler<\/li>\n<li>Uluslararas\u0131 ta\u015f\u0131nmalar<\/li>\n<li>Ev ta\u015f\u0131ma<\/li>\n<li>Ticari ta\u015f\u0131mac\u0131l\u0131k<\/li>\n<li>Kap\u0131dan kap\u0131ya hizmet<\/li>\n<li>Paketleme hizmeti<\/li>\n<li>Deniz, kara ve hava ta\u015f\u0131mac\u0131l\u0131\u011f\u0131<\/li>\n<li>G\u00fcmr\u00fck i\u015flemleri<\/li>\n<li>Ara\u00e7 ta\u015f\u0131mac\u0131l\u0131\u011f\u0131<\/li>\n<li>Depolama tesisleri<\/li>\n<\/ul>\n<p>Transphere, 1987 y\u0131l\u0131nda kurulmu\u015f ve Westland merkezli bir nakliye \u015firketidir. Hizmetlerini ulusal ve uluslararas\u0131 d\u00fczeyde sunmalar\u0131na destek olabilecek 150 \u015firketten olu\u015fan d\u00fcnya \u00e7ap\u0131ndaki bir a\u011f\u0131n par\u00e7as\u0131d\u0131r. \u015eirket, 36 y\u0131ll\u0131k deneyimiyle IAM \u00fcyesidir.<\/p>\n<p>Transphere, ev e\u015fyalar\u0131, ki\u015fisel e\u015fyalar, ara\u00e7lar, ticari mallar ve proje kargolar\u0131 i\u00e7in kap\u0131dan kap\u0131ya nakliye hizmetleri sunmaktad\u0131r. Dolu ve az dolu konteyner y\u00fckleri ile hava, kara ve deniz dahil olmak \u00fczere bir dizi navlun se\u00e7ene\u011fi sunarlar. Ayr\u0131ca paketleme hizmetleri de sunuyorlar ve g\u00fcmr\u00fck i\u015flemlerini kolayla\u015ft\u0131rabiliyorlar. Ayr\u0131ca, g\u00f6nderinizi izlemek i\u00e7in web tabanl\u0131 bir takip sistemi ve portal\u0131 da sa\u011flarlar.<\/p>\n<p>Web sitesi: <a href=\"http:\/\/www.transphereinc.com\" target=\"_blank\" rel=\"noopener\">http:\/\/www.transphereinc.com<\/a><\/p>","protected":false},"excerpt":{"rendered":"<p>Are you planning a move? If so you may want to employ a moving company to assist you. They can help with planning your move, packing, logistics and customs procedures if moving countries. Below we have compiled a list of Michigan based removal companies that are members of the International Association of Movers (IAM) and\/or [&hellip;]<\/p>\n","protected":false},"author":4,"featured_media":11297,"parent":190,"menu_order":0,"comment_status":"closed","ping_status":"closed","template":"","meta":{"_genesis_hide_title":false,"_genesis_hide_breadcrumbs":false,"_genesis_hide_singular_image":false,"_genesis_hide_footer_widgets":false,"_genesis_custom_body_class":"","_genesis_custom_post_class":"","_genesis_layout":"","footnotes":""},"class_list":{"0":"post-11613","1":"page","2":"type-page","3":"status-publish","4":"has-post-thumbnail","6":"entry"},"_links":{"self":[{"href":"https:\/\/moverdb.com\/tr\/wp-json\/wp\/v2\/pages\/11613","targetHints":{"allow":["GET"]}}],"collection":[{"href":"https:\/\/moverdb.com\/tr\/wp-json\/wp\/v2\/pages"}],"about":[{"href":"https:\/\/moverdb.com\/tr\/wp-json\/wp\/v2\/types\/page"}],"author":[{"embeddable":true,"href":"https:\/\/moverdb.com\/tr\/wp-json\/wp\/v2\/users\/4"}],"replies":[{"embeddable":true,"href":"https:\/\/moverdb.com\/tr\/wp-json\/wp\/v2\/comments?post=11613"}],"version-history":[{"count":1,"href":"https:\/\/moverdb.com\/tr\/wp-json\/wp\/v2\/pages\/11613\/revisions"}],"predecessor-version":[{"id":11616,"href":"https:\/\/moverdb.com\/tr\/wp-json\/wp\/v2\/pages\/11613\/revisions\/11616"}],"up":[{"embeddable":true,"href":"https:\/\/moverdb.com\/tr\/wp-json\/wp\/v2\/pages\/190"}],"wp:featuredmedia":[{"embeddable":true,"href":"https:\/\/moverdb.com\/tr\/wp-json\/wp\/v2\/media\/11297"}],"wp:attachment":[{"href":"https:\/\/moverdb.com\/tr\/wp-json\/wp\/v2\/media?parent=11613"}],"curies":[{"name":"wp","href":"https:\/\/api.w.org\/{rel}","templated":true}]}}