{"id":11602,"date":"2023-11-29T10:33:42","date_gmt":"2023-11-29T10:33:42","guid":{"rendered":"https:\/\/moverdb.com\/?page_id=11602"},"modified":"2026-01-08T15:24:17","modified_gmt":"2026-01-08T15:24:17","slug":"moving-companies-us-jacksonville","status":"publish","type":"page","link":"https:\/\/moverdb.com\/tr\/moving-companies\/moving-companies-us-jacksonville\/","title":{"rendered":"Jacksonville'deki En \u0130yi 3 Uluslararas\u0131 Nakliye \u015eirketi"},"content":{"rendered":"<p>Jacksonville'e veya Jacksonville'den yerel, ulusal veya uluslararas\u0131 bir ta\u015f\u0131nma planl\u0131yorsan\u0131z biraz yard\u0131m isteyebilirsiniz. <a href=\"https:\/\/moverdb.com\/tr\/moving-companies\/\" data-internallinksmanager029f6b8e52c=\"79\" title=\"\u00c7evrimi\u00e7i En \u0130yi 25 Uluslararas\u0131 Nakliye \u015eirketi\">Nakliye \u015firketleri<\/a> planlama, paketleme, nakliye, g\u00fcmr\u00fck i\u015flemleri ve ambalaj a\u00e7ma hizmetleri dahil olmak \u00fczere \u00e7e\u015fitli yard\u0131mlar sunar. A\u015fa\u011f\u0131da Jacksonville'de faaliyet g\u00f6steren <a href=\"https:\/\/moverdb.com\/tr\/international-removals\/\" data-internallinksmanager029f6b8e52c=\"27\" title=\"36 \u0130ngiltere&#039;deki En \u0130yi Uluslararas\u0131 Nakliye \u015eirketleri\">nakli\u0307ye \u015fi\u0307rketleri\u0307<\/a> \u00fcyesi olan <a href=\"https:\/\/moverdb.com\/tr\/iam\/\" data-internallinksmanager029f6b8e52c=\"23\" title=\"Uluslararas\u0131 Ta\u015f\u0131mac\u0131lar Birli\u011fi (IAM) A\u00e7\u0131klamas\u0131\">Uluslararas\u0131 Ta\u015f\u0131mac\u0131lar Birli\u011fi<\/a> (IAM) ve\/veya <a href=\"https:\/\/moverdb.com\/tr\/fidi-faim\/\" data-internallinksmanager029f6b8e52c=\"16\" title=\"FIDI &amp; FAIM (FIDI Akredite Uluslararas\u0131 Ta\u015f\u0131mac\u0131) A\u00e7\u0131klamas\u0131\">FIDI<\/a> Ta\u015f\u0131nman\u0131zda size yard\u0131mc\u0131 olabilecek Akredite Uluslararas\u0131 Ta\u015f\u0131y\u0131c\u0131 (FAIM).<\/p>\n<h2><strong>1. Conser Ta\u015f\u0131mac\u0131l\u0131k &amp; Depolama<\/strong><\/h2>\n<p><img loading=\"lazy\" decoding=\"async\" class=\"alignnone size-full wp-image-11292\" src=\"https:\/\/moverdb.com\/wp-content\/uploads\/Conser-Moving-Storage-international-moving-company.png\" alt=\"Conser Moving &amp; Storage uluslararas\u0131 ta\u015f\u0131ma \u015firketi\" width=\"1440\" height=\"681\" data-wp-pid=\"11292\" srcset=\"https:\/\/moverdb.com\/wp-content\/uploads\/Conser-Moving-Storage-international-moving-company.png 1440w, https:\/\/moverdb.com\/wp-content\/uploads\/Conser-Moving-Storage-international-moving-company-300x142.png 300w, https:\/\/moverdb.com\/wp-content\/uploads\/Conser-Moving-Storage-international-moving-company-1024x484.png 1024w, https:\/\/moverdb.com\/wp-content\/uploads\/Conser-Moving-Storage-international-moving-company-18x9.png 18w, https:\/\/moverdb.com\/wp-content\/uploads\/Conser-Moving-Storage-international-moving-company-600x284.png 600w\" sizes=\"auto, (max-width: 1440px) 100vw, 1440px\" \/><\/p>\n<ul>\n<li>Yerel hamleler<\/li>\n<li>Uzun mesafeli ta\u015f\u0131nmalar<\/li>\n<li>Konut Ta\u015f\u0131malar\u0131<\/li>\n<li>Ofis ta\u015f\u0131ma<\/li>\n<li>Ki\u015fiye \u00f6zel hizmet<\/li>\n<li>Ta\u015f\u0131nma se\u00e7enekleri<\/li>\n<li>Hareket y\u00f6netimi<\/li>\n<li>Ula\u015f\u0131m d\u00fczenlemesi<\/li>\n<li>Korumay\u0131 ta\u015f\u0131y\u0131n<\/li>\n<li>Depolama tesisleri<\/li>\n<\/ul>\n<p>Conser Moving &amp; Storage, ev ve askeri ta\u015f\u0131nmalarda uzmanla\u015fm\u0131\u015f bir ta\u015f\u0131nma ve yer de\u011fi\u015ftirme \u015firketidir ve Jacksonville'de yerle\u015fiktir. \u015eirket, 90 y\u0131l\u0131 a\u015fk\u0131n bir s\u00fcredir ta\u015f\u0131ma hizmetleri sunan Mayflower Transit'in acentesidir. \u015eirket 11 y\u0131ll\u0131k tecr\u00fcbesiyle IAM \u00fcyesidir.<\/p>\n<p>Conser Moving &amp; Storage, ta\u015f\u0131nman\u0131z i\u00e7in ihtiyac\u0131n\u0131z olan t\u00fcm deste\u011fi sa\u011flayarak, ihtiya\u00e7 duydu\u011funuz hizmetler i\u00e7in \u00f6zelle\u015ftirilebilir se\u00e7eneklerle bir ta\u015f\u0131nma plan\u0131 olu\u015fturman\u0131za olanak tan\u0131r. \u0130htiya\u00e7lar\u0131n\u0131z\u0131, b\u00fct\u00e7enizi ve program\u0131n\u0131z\u0131 kar\u015f\u0131layacak do\u011fru ta\u015f\u0131nma plan\u0131n\u0131 bulman\u0131za yard\u0131mc\u0131 olacaklard\u0131r.<\/p>\n<p>Web sitesi: <a href=\"https:\/\/consermoving.com\" target=\"_blank\" rel=\"noopener\">https:\/\/consermoving.com<\/a><\/p>\n<h2><strong>2. DN Van Lines<\/strong><\/h2>\n<p><img loading=\"lazy\" decoding=\"async\" class=\"alignnone size-full wp-image-11307\" src=\"https:\/\/moverdb.com\/wp-content\/uploads\/DN-Van-Lines-international-moving-company.png\" alt=\"DN Van Lines uluslararas\u0131 ta\u015f\u0131ma \u015firketi\" width=\"1440\" height=\"670\" data-wp-pid=\"11307\" srcset=\"https:\/\/moverdb.com\/wp-content\/uploads\/DN-Van-Lines-international-moving-company.png 1440w, https:\/\/moverdb.com\/wp-content\/uploads\/DN-Van-Lines-international-moving-company-300x140.png 300w, https:\/\/moverdb.com\/wp-content\/uploads\/DN-Van-Lines-international-moving-company-1024x476.png 1024w, https:\/\/moverdb.com\/wp-content\/uploads\/DN-Van-Lines-international-moving-company-18x8.png 18w, https:\/\/moverdb.com\/wp-content\/uploads\/DN-Van-Lines-international-moving-company-600x279.png 600w\" sizes=\"auto, (max-width: 1440px) 100vw, 1440px\" \/><\/p>\n<ul>\n<li>Yerel ve eyaletler aras\u0131 ta\u015f\u0131nmalar<\/li>\n<li>Uluslararas\u0131 ta\u015f\u0131nmalar<\/li>\n<li>Ev ta\u015f\u0131ma<\/li>\n<li>Ofis ve ticari ta\u015f\u0131nmalar<\/li>\n<li>Ki\u015fisel yer de\u011fi\u015ftirme y\u00f6neticisi<\/li>\n<li>Paketleme hizmetleri<\/li>\n<li>Envanter y\u00f6netimi<\/li>\n<li>Ula\u015f\u0131m d\u00fczenlemesi<\/li>\n<li>Sigorta<\/li>\n<li>Depolama hizmetleri<\/li>\n<\/ul>\n<p>DN Van Lines, 2001 y\u0131l\u0131nda kurulan ve Jacksonville'de faaliyet g\u00f6steren bir ta\u015f\u0131ma ve depolama \u015firketidir, <a href=\"https:\/\/moverdb.com\/tr\/moving-to-the-united-states\/moving-to-massachusetts\/\" data-internallinksmanager029f6b8e52c=\"412\" title=\"Massachusetts&#039;e mi Ta\u015f\u0131n\u0131yorsunuz? 2026 Ya\u015fam Maliyetleri &amp; Yer De\u011fi\u015ftirme \u0130pu\u00e7lar\u0131\">Massachusetts<\/a> ve <a href=\"https:\/\/moverdb.com\/tr\/moving-to-the-united-states\/moving-to-virginia\/\" data-internallinksmanager029f6b8e52c=\"442\" title=\"Virginia&#039;ya Ta\u015f\u0131nmak m\u0131? 2026 Ya\u015fam Maliyetleri ve Yer De\u011fi\u015ftirme \u0130pu\u00e7lar\u0131\">Virginia<\/a>. Kendilerine yard\u0131mc\u0131 olmalar\u0131 i\u00e7in d\u00fcnya \u00e7ap\u0131nda g\u00fcvenilir bir ta\u015f\u0131ma hizmeti sa\u011flay\u0131c\u0131lar\u0131 a\u011f\u0131yla \u00e7al\u0131\u015fmaktad\u0131rlar. IAM'nin 14 y\u0131ll\u0131k deneyime sahip bir \u00fcyesidirler.<\/p>\n<p>DN Van Lines, ta\u015f\u0131nma gereksinimlerinizi de\u011ferlendirmek i\u00e7in \u00fccretsiz bir fiyat teklifi ve ev i\u00e7i veya sanal anket sunar. \u0130htiya\u00e7lar\u0131n\u0131za g\u00f6re ayr\u0131nt\u0131l\u0131 bir ta\u015f\u0131nma plan\u0131 olu\u015fturacak ve ta\u015f\u0131nma boyunca size yard\u0131mc\u0131 olacak ki\u015fisel bir ta\u015f\u0131nma y\u00f6neticisi sa\u011flarlar. E\u015fyalar\u0131n\u0131z\u0131n ayr\u0131nt\u0131l\u0131 bir envanterini i\u00e7eren bir paketleme hizmeti sunarlar.<\/p>\n<p>Web sitesi: <a href=\"http:\/\/www.dnvanlines.com\" target=\"_blank\" rel=\"noopener\">http:\/\/www.dnvanlines.com<\/a><\/p>\n<h2><strong>3. Suddath<\/strong><\/h2>\n<p><img loading=\"lazy\" decoding=\"async\" class=\"alignnone size-full wp-image-11450\" src=\"https:\/\/moverdb.com\/wp-content\/uploads\/Suddath-international-moving-company.png\" alt=\"Suddath uluslararas\u0131 nakliye \u015firketi\" width=\"1440\" height=\"677\" data-wp-pid=\"11450\" srcset=\"https:\/\/moverdb.com\/wp-content\/uploads\/Suddath-international-moving-company.png 1440w, https:\/\/moverdb.com\/wp-content\/uploads\/Suddath-international-moving-company-300x141.png 300w, https:\/\/moverdb.com\/wp-content\/uploads\/Suddath-international-moving-company-1024x481.png 1024w, https:\/\/moverdb.com\/wp-content\/uploads\/Suddath-international-moving-company-18x8.png 18w, https:\/\/moverdb.com\/wp-content\/uploads\/Suddath-international-moving-company-600x282.png 600w\" sizes=\"auto, (max-width: 1440px) 100vw, 1440px\" \/><\/p>\n<ul>\n<li>Yerel ve uzun mesafeli ta\u015f\u0131nmalar<\/li>\n<li>Uluslararas\u0131 ta\u015f\u0131nmalar<\/li>\n<li>Ev ta\u015f\u0131ma<\/li>\n<li>Ticari hamleler<\/li>\n<li>U\u00e7tan uca hizmet<\/li>\n<li>Paketleme hizmeti<\/li>\n<li>G\u00fcmr\u00fck deste\u011fi<\/li>\n<li>Ara\u00e7 ve evcil hayvan ta\u015f\u0131mac\u0131l\u0131\u011f\u0131<\/li>\n<li>Sigorta<\/li>\n<li>K\u0131sa ve uzun s\u00fcreli depolama<\/li>\n<\/ul>\n<p>Suddath, 1919 y\u0131l\u0131nda Jacksonville'de kurulmu\u015f bir ta\u015f\u0131ma ve lojistik \u015firketidir ve 19 farkl\u0131 noktada daha faaliyet g\u00f6stermektedir. <a href=\"https:\/\/moverdb.com\/tr\/moving-to-the-united-states\/\" data-internallinksmanager029f6b8e52c=\"94\" title=\"Amerika Birle\u015fik Devletleri&#039;ne mi ta\u015f\u0131n\u0131yorsunuz? 2026 Ya\u015fam Maliyetleri ve Yer De\u011fi\u015ftirme \u0130pu\u00e7lar\u0131\">ABD<\/a>. D\u00fcnya \u00e7ap\u0131nda 180 \u00fclkeye u\u00e7tan uca hizmet sunmalar\u0131na yard\u0131mc\u0131 olan, onaylanm\u0131\u015f ve k\u00f6kl\u00fc \u015firketlerden olu\u015fan k\u00fcresel bir i\u015f orta\u011f\u0131 a\u011f\u0131na sahiptirler. IAM'nin 104 y\u0131ll\u0131k tecr\u00fcbeye sahip bir \u00fcyesidir.<\/p>\n<p>Suddath, sizi her ad\u0131mda ve b\u00fct\u00e7e konusunda destekleyecek \u00f6zel bir ta\u015f\u0131nma dan\u0131\u015fman\u0131 ile t\u00fcm ta\u015f\u0131nma ihtiya\u00e7lar\u0131n\u0131z i\u00e7in tek durak noktas\u0131 sa\u011flar. Ki\u015fiselle\u015ftirilmi\u015f bir yakla\u015f\u0131m sunarlar ve g\u00fcmr\u00fck, dok\u00fcmantasyon ve sigorta konular\u0131nda size rehberlik ederler. Ayr\u0131ca yerle\u015fme ve hizmet\u00e7i hizmetleri gibi ek hizmetler de sunarlar.<\/p>\n<p>Web sitesi: <a href=\"https:\/\/suddath.com\" target=\"_blank\" rel=\"noopener\">https:\/\/suddath.com<\/a><\/p>","protected":false},"excerpt":{"rendered":"<p>If you are planning a move locally, nationally or internationally to or from Jacksonville you may want some assistance. Moving companies offer a variety of help including planning, packing, transportation, customs handling and unpacking services. Below we have compiled a list of Jacksonville based removal companies that are members of the International Association of Movers [&hellip;]<\/p>\n","protected":false},"author":4,"featured_media":11292,"parent":190,"menu_order":0,"comment_status":"closed","ping_status":"closed","template":"","meta":{"_genesis_hide_title":false,"_genesis_hide_breadcrumbs":false,"_genesis_hide_singular_image":false,"_genesis_hide_footer_widgets":false,"_genesis_custom_body_class":"","_genesis_custom_post_class":"","_genesis_layout":"","footnotes":""},"class_list":{"0":"post-11602","1":"page","2":"type-page","3":"status-publish","4":"has-post-thumbnail","6":"entry"},"_links":{"self":[{"href":"https:\/\/moverdb.com\/tr\/wp-json\/wp\/v2\/pages\/11602","targetHints":{"allow":["GET"]}}],"collection":[{"href":"https:\/\/moverdb.com\/tr\/wp-json\/wp\/v2\/pages"}],"about":[{"href":"https:\/\/moverdb.com\/tr\/wp-json\/wp\/v2\/types\/page"}],"author":[{"embeddable":true,"href":"https:\/\/moverdb.com\/tr\/wp-json\/wp\/v2\/users\/4"}],"replies":[{"embeddable":true,"href":"https:\/\/moverdb.com\/tr\/wp-json\/wp\/v2\/comments?post=11602"}],"version-history":[{"count":1,"href":"https:\/\/moverdb.com\/tr\/wp-json\/wp\/v2\/pages\/11602\/revisions"}],"predecessor-version":[{"id":11603,"href":"https:\/\/moverdb.com\/tr\/wp-json\/wp\/v2\/pages\/11602\/revisions\/11603"}],"up":[{"embeddable":true,"href":"https:\/\/moverdb.com\/tr\/wp-json\/wp\/v2\/pages\/190"}],"wp:featuredmedia":[{"embeddable":true,"href":"https:\/\/moverdb.com\/tr\/wp-json\/wp\/v2\/media\/11292"}],"wp:attachment":[{"href":"https:\/\/moverdb.com\/tr\/wp-json\/wp\/v2\/media?parent=11602"}],"curies":[{"name":"wp","href":"https:\/\/api.w.org\/{rel}","templated":true}]}}