{"id":11600,"date":"2023-11-29T10:45:01","date_gmt":"2023-11-29T10:45:01","guid":{"rendered":"https:\/\/moverdb.com\/?page_id=11600"},"modified":"2026-01-08T15:25:08","modified_gmt":"2026-01-08T15:25:08","slug":"moving-companies-us-indiana","status":"publish","type":"page","link":"https:\/\/moverdb.com\/tr\/moving-companies\/moving-companies-us-indiana\/","title":{"rendered":"Indiana'daki En \u0130yi 5 Uluslararas\u0131 Nakliye \u015eirketi"},"content":{"rendered":"<p>Ta\u015f\u0131nmak, \u00fcstesinden gelinmesi gereken pek \u00e7ok \u015feyin oldu\u011fu stresli bir d\u00f6nem olabilir. Bu nedenle bir\u00e7ok ki\u015fi bir evden eve nakliyat <a href=\"https:\/\/moverdb.com\/tr\/moving-companies\/\" data-internallinksmanager029f6b8e52c=\"79\" title=\"\u00c7evrimi\u00e7i En \u0130yi 25 Uluslararas\u0131 Nakliye \u015eirketi\">ta\u015finma \u015fi\u0307rketi\u0307<\/a> \u00e7\u00fcnk\u00fc ta\u015f\u0131nmay\u0131 y\u00f6netebilir, e\u015fyalar\u0131n\u0131z\u0131 paketleyebilir, ta\u015f\u0131yabilir ve uluslararas\u0131 ta\u015f\u0131nma durumunda g\u00fcmr\u00fck i\u015flemlerini halledebilirler. A\u015fa\u011f\u0131da a\u015fa\u011f\u0131dakilerin bir listesini derledik <a href=\"https:\/\/moverdb.com\/tr\/moving-to-the-united-states\/moving-to-indiana\/\" data-internallinksmanager029f6b8e52c=\"445\" title=\"Indiana&#039;ya Ta\u015f\u0131nmak m\u0131? 2026 Ya\u015fam Maliyetleri ve Yer De\u011fi\u015ftirme \u0130pu\u00e7lar\u0131\">Indiana<\/a> temelli <a href=\"https:\/\/moverdb.com\/tr\/international-removals\/\" data-internallinksmanager029f6b8e52c=\"27\" title=\"36 \u0130ngiltere&#039;deki En \u0130yi Uluslararas\u0131 Nakliye \u015eirketleri\">nakli\u0307ye \u015fi\u0307rketleri\u0307<\/a> \u00fcyesi olan <a href=\"https:\/\/moverdb.com\/tr\/iam\/\" data-internallinksmanager029f6b8e52c=\"23\" title=\"Uluslararas\u0131 Ta\u015f\u0131mac\u0131lar Birli\u011fi (IAM) A\u00e7\u0131klamas\u0131\">Uluslararas\u0131 Ta\u015f\u0131mac\u0131lar Birli\u011fi<\/a> (IAM) ve\/veya <a href=\"https:\/\/moverdb.com\/tr\/fidi-faim\/\" data-internallinksmanager029f6b8e52c=\"16\" title=\"FIDI &amp; FAIM (FIDI Akredite Uluslararas\u0131 Ta\u015f\u0131mac\u0131) A\u00e7\u0131klamas\u0131\">FIDI<\/a> Ta\u015f\u0131nman\u0131zda size yard\u0131mc\u0131 olabilecek Akredite Uluslararas\u0131 Ta\u015f\u0131y\u0131c\u0131 (FAIM).<\/p>\n<div id=\"ez-toc-container\" class=\"ez-toc-v2_0_82_2 ez-toc-wrap-left counter-hierarchy ez-toc-counter ez-toc-transparent ez-toc-container-direction\">\n<div class=\"ez-toc-title-container\">\n<p class=\"ez-toc-title\" style=\"cursor:inherit\">B\u00f6l\u00fcmler<\/p>\n<span class=\"ez-toc-title-toggle\"><a href=\"#\" class=\"ez-toc-pull-right ez-toc-btn ez-toc-btn-xs ez-toc-btn-default ez-toc-toggle\" aria-label=\"\u0130\u00e7indekiler Tablosunu A\u00e7\/Kapat\"><span class=\"ez-toc-js-icon-con\"><span class=\"\"><span class=\"eztoc-hide\" style=\"display:none;\">Ge\u00e7i\u015f<\/span><span class=\"ez-toc-icon-toggle-span\"><svg style=\"fill: #999;color:#999\" xmlns=\"http:\/\/www.w3.org\/2000\/svg\" class=\"list-377408\" width=\"20px\" height=\"20px\" viewbox=\"0 0 24 24\" fill=\"none\"><path d=\"M6 6H4v2h2V6zm14 0H8v2h12V6zM4 11h2v2H4v-2zm16 0H8v2h12v-2zM4 16h2v2H4v-2zm16 0H8v2h12v-2z\" fill=\"currentColor\"><\/path><\/svg><svg style=\"fill: #999;color:#999\" class=\"arrow-unsorted-368013\" xmlns=\"http:\/\/www.w3.org\/2000\/svg\" width=\"10px\" height=\"10px\" viewbox=\"0 0 24 24\" version=\"1.2\" baseprofile=\"tiny\"><path d=\"M18.2 9.3l-6.2-6.3-6.2 6.3c-.2.2-.3.4-.3.7s.1.5.3.7c.2.2.4.3.7.3h11c.3 0 .5-.1.7-.3.2-.2.3-.5.3-.7s-.1-.5-.3-.7zM5.8 14.7l6.2 6.3 6.2-6.3c.2-.2.3-.5.3-.7s-.1-.5-.3-.7c-.2-.2-.4-.3-.7-.3h-11c-.3 0-.5.1-.7.3-.2.2-.3.5-.3.7s.1.5.3.7z\"\/><\/svg><\/span><\/span><\/span><\/a><\/span><\/div>\n<nav><ul class='ez-toc-list ez-toc-list-level-1 eztoc-toggle-hide-by-default' ><li class='ez-toc-page-1 ez-toc-heading-level-2'><a class=\"ez-toc-link ez-toc-heading-1\" href=\"https:\/\/moverdb.com\/tr\/moving-companies\/moving-companies-us-indiana\/#1_Atlas_International\" >1. Atlas Uluslararas\u0131<\/a><\/li><li class='ez-toc-page-1 ez-toc-heading-level-2'><a class=\"ez-toc-link ez-toc-heading-2\" href=\"https:\/\/moverdb.com\/tr\/moving-companies\/moving-companies-us-indiana\/#2_Atlantic_Relocation_Systems\" >2. Atlantik Yer De\u011fi\u015ftirme Sistemleri<\/a><\/li><li class='ez-toc-page-1 ez-toc-heading-level-2'><a class=\"ez-toc-link ez-toc-heading-3\" href=\"https:\/\/moverdb.com\/tr\/moving-companies\/moving-companies-us-indiana\/#3_Reindeer_Auto_Moving\" >3. Ren Geyi\u011fi Otomatik Ta\u015f\u0131ma<\/a><\/li><li class='ez-toc-page-1 ez-toc-heading-level-2'><a class=\"ez-toc-link ez-toc-heading-4\" href=\"https:\/\/moverdb.com\/tr\/moving-companies\/moving-companies-us-indiana\/#4_Wheaton_World_Wide_Moving\" >4. Wheaton D\u00fcnya \u00c7ap\u0131nda Ta\u015f\u0131nma<\/a><\/li><li class='ez-toc-page-1 ez-toc-heading-level-2'><a class=\"ez-toc-link ez-toc-heading-5\" href=\"https:\/\/moverdb.com\/tr\/moving-companies\/moving-companies-us-indiana\/#5_Wickman_Worldwide_Services\" >5. Wickman D\u00fcnya \u00c7ap\u0131nda Hizmetler<\/a><\/li><\/ul><\/nav><\/div>\n<h2><span class=\"ez-toc-section\" id=\"1_Atlas_International\"><\/span><strong>1. Atlas Uluslararas\u0131<\/strong><span class=\"ez-toc-section-end\"><\/span><\/h2>\n<p><img loading=\"lazy\" decoding=\"async\" class=\"alignnone size-full wp-image-11263\" src=\"https:\/\/moverdb.com\/wp-content\/uploads\/Atlas-International-moving-company-3.png\" alt=\"Atlas Uluslararas\u0131 Ta\u015f\u0131mac\u0131l\u0131k \u015eirketi\" width=\"1440\" height=\"676\" data-wp-pid=\"11263\" srcset=\"https:\/\/moverdb.com\/wp-content\/uploads\/Atlas-International-moving-company-3.png 1440w, https:\/\/moverdb.com\/wp-content\/uploads\/Atlas-International-moving-company-3-300x141.png 300w, https:\/\/moverdb.com\/wp-content\/uploads\/Atlas-International-moving-company-3-1024x481.png 1024w, https:\/\/moverdb.com\/wp-content\/uploads\/Atlas-International-moving-company-3-18x8.png 18w, https:\/\/moverdb.com\/wp-content\/uploads\/Atlas-International-moving-company-3-600x282.png 600w\" sizes=\"auto, (max-width: 1440px) 100vw, 1440px\" \/><\/p>\n<ul>\n<li>Uluslararas\u0131 ta\u015f\u0131nmalar<\/li>\n<li>Konutlar\u0131n ta\u015f\u0131nmas\u0131<\/li>\n<li>Kurumsal ta\u015f\u0131nmalar<\/li>\n<li>Kap\u0131dan kap\u0131ya hizmet<\/li>\n<li>Profesyonel paketleme hizmeti<\/li>\n<li>Okyanus ve hava ta\u015f\u0131mac\u0131l\u0131\u011f\u0131<\/li>\n<li>Konteyner se\u00e7enekleri<\/li>\n<li>G\u00fcmr\u00fck i\u015flemleri<\/li>\n<li>Koruma planlar\u0131<\/li>\n<li>Depolama tesisleri<\/li>\n<\/ul>\n<p>Atlas International 1960 y\u0131l\u0131nda kurulmu\u015f ve merkezi Evansville'de bulunan uluslararas\u0131 bir ta\u015f\u0131ma \u015firketidir. D\u00fcnya \u00e7ap\u0131nda ta\u015f\u0131ma hizmetleri sunmalar\u0131na yard\u0131mc\u0131 olan kapsaml\u0131 bir k\u00fcresel a\u011fa sahiptirler. \u015eirket, 38 y\u0131ll\u0131k deneyimiyle IAM \u00fcyesidir ve FIDI taraf\u0131ndan akredite edilmi\u015ftir.<\/p>\n<p>Atlas International \u00fccretsiz bir ta\u015f\u0131nma anketi ve tahmini sunar. Tam hizmetli bir ta\u015f\u0131nma deneyimi sa\u011flayabilecek \u00f6zelle\u015ftirilmi\u015f bir ta\u015f\u0131nma plan\u0131 olu\u015fturacaklard\u0131r. Uluslararas\u0131 ta\u015f\u0131nma uzmanlar\u0131n\u0131n deste\u011fiyle kap\u0131dan kap\u0131ya ta\u015f\u0131nma hizmeti sunarlar. E\u015fyalar\u0131n\u0131z\u0131 koruyan bir paketleme hizmeti sunarlar ve k\u0131r\u0131lgan e\u015fyalara ekstra \u00f6zel \u00f6zen g\u00f6sterilir.<\/p>\n<p>Web sitesi: <a href=\"https:\/\/www.atlasintl.com\/\" target=\"_blank\" rel=\"noopener\">https:\/\/www.atlasintl.com\/<\/a><\/p>\n<h2><span class=\"ez-toc-section\" id=\"2_Atlantic_Relocation_Systems\"><\/span><strong>2. Atlantik Yer De\u011fi\u015ftirme Sistemleri<\/strong><span class=\"ez-toc-section-end\"><\/span><\/h2>\n<p><img loading=\"lazy\" decoding=\"async\" class=\"alignnone size-full wp-image-11262\" src=\"https:\/\/moverdb.com\/wp-content\/uploads\/Atlantic-Relocation-Systems-international-moving-company.png\" alt=\"Atlantic Relocation Systems uluslararas\u0131 ta\u015f\u0131ma \u015firketi\" width=\"1440\" height=\"677\" data-wp-pid=\"11262\" srcset=\"https:\/\/moverdb.com\/wp-content\/uploads\/Atlantic-Relocation-Systems-international-moving-company.png 1440w, https:\/\/moverdb.com\/wp-content\/uploads\/Atlantic-Relocation-Systems-international-moving-company-300x141.png 300w, https:\/\/moverdb.com\/wp-content\/uploads\/Atlantic-Relocation-Systems-international-moving-company-1024x481.png 1024w, https:\/\/moverdb.com\/wp-content\/uploads\/Atlantic-Relocation-Systems-international-moving-company-18x8.png 18w, https:\/\/moverdb.com\/wp-content\/uploads\/Atlantic-Relocation-Systems-international-moving-company-600x282.png 600w\" sizes=\"auto, (max-width: 1440px) 100vw, 1440px\" \/><\/p>\n<ul>\n<li>Yerel ve uzun mesafeli ta\u015f\u0131nmalar<\/li>\n<li>Uluslararas\u0131 ta\u015f\u0131nmalar<\/li>\n<li>Ev ta\u015f\u0131ma<\/li>\n<li>Ofis ta\u015f\u0131ma<\/li>\n<li>Tahsis edilen yer de\u011fi\u015ftirme koordinat\u00f6r\u00fc<\/li>\n<li>Paketleme hizmeti<\/li>\n<li>Karayolu, hava ve deniz ta\u015f\u0131mac\u0131l\u0131\u011f\u0131<\/li>\n<li>G\u00fcmr\u00fck konusunda destek<\/li>\n<li>Sanat eseri i\u015fleme<\/li>\n<li>Depolama \u00e7\u00f6z\u00fcmleri<\/li>\n<\/ul>\n<p>Atlantic Relocation Systems, 1984 y\u0131l\u0131nda kurulan ve biri Indianapolis'te olmak \u00fczere 13 lokasyonu bulunan uluslararas\u0131 ta\u015f\u0131ma hizmetleri sunan bir ta\u015f\u0131ma \u015firketidir. Atlas Van Lines grubunun bir par\u00e7as\u0131 olarak a\u015fa\u011f\u0131daki a\u011fa eri\u015fimleri vard\u0131r <a href=\"https:\/\/moverdb.com\/tr\/moving-to-the-united-states\/\" data-internallinksmanager029f6b8e52c=\"94\" title=\"Amerika Birle\u015fik Devletleri&#039;ne mi ta\u015f\u0131n\u0131yorsunuz? 2026 Ya\u015fam Maliyetleri ve Yer De\u011fi\u015ftirme \u0130pu\u00e7lar\u0131\">ABD<\/a> ta\u015f\u0131ma \u015firketlerinin yan\u0131 s\u0131ra onlara yard\u0131mc\u0131 olacak daha geni\u015f bir uluslararas\u0131 a\u011fa sahiptir. IAM \u00fcyesidirler ve 35 y\u0131ll\u0131k deneyime sahiptirler.<\/p>\n<p>Atlantic Relocation Systems, \u00fccretsiz ev i\u00e7i fiyat teklifi sunduklar\u0131 yerel ve uzun mesafeli ta\u015f\u0131nma hizmetleri sunmaktad\u0131r. Uluslararas\u0131 ta\u015f\u0131nmalar i\u00e7in, s\u00fcre\u00e7 boyunca ta\u015f\u0131nman\u0131z\u0131 y\u00f6netecek bir uluslararas\u0131 ta\u015f\u0131nma koordinat\u00f6r\u00fc sa\u011flarlar. Kapsaml\u0131 paketleme, nakliye ve dok\u00fcmantasyon hizmetleri sunarlar.<\/p>\n<p>Web sitesi: <a href=\"http:\/\/www.atlanticrelocation.com\" target=\"_blank\" rel=\"noopener\">http:\/\/www.atlanticrelocation.com<\/a><\/p>\n<h2><span class=\"ez-toc-section\" id=\"3_Reindeer_Auto_Moving\"><\/span><strong>3. Ren Geyi\u011fi Otomatik Ta\u015f\u0131ma<\/strong><span class=\"ez-toc-section-end\"><\/span><\/h2>\n<p><img loading=\"lazy\" decoding=\"async\" class=\"alignnone size-full wp-image-11420\" src=\"https:\/\/moverdb.com\/wp-content\/uploads\/Reindeer-Auto-Relocation-international-moving-company.png\" alt=\"Reindeer Auto Relocation uluslararas\u0131 nakliye \u015firketi\" width=\"1440\" height=\"662\" data-wp-pid=\"11420\" srcset=\"https:\/\/moverdb.com\/wp-content\/uploads\/Reindeer-Auto-Relocation-international-moving-company.png 1440w, https:\/\/moverdb.com\/wp-content\/uploads\/Reindeer-Auto-Relocation-international-moving-company-300x138.png 300w, https:\/\/moverdb.com\/wp-content\/uploads\/Reindeer-Auto-Relocation-international-moving-company-1024x471.png 1024w, https:\/\/moverdb.com\/wp-content\/uploads\/Reindeer-Auto-Relocation-international-moving-company-18x8.png 18w, https:\/\/moverdb.com\/wp-content\/uploads\/Reindeer-Auto-Relocation-international-moving-company-600x276.png 600w\" sizes=\"auto, (max-width: 1440px) 100vw, 1440px\" \/><\/p>\n<ul>\n<li>Ara\u00e7 yer de\u011fi\u015ftirme uzman\u0131<\/li>\n<li>Ulusal ta\u015f\u0131nmalar<\/li>\n<li>Uluslararas\u0131 ta\u015f\u0131nmalar<\/li>\n<li>Bireysel ta\u015f\u0131nmalar<\/li>\n<li>Kurumsal ta\u015f\u0131nmalar<\/li>\n<li>Ki\u015fiselle\u015ftirilmi\u015f hizmet<\/li>\n<li>Kap\u0131dan kap\u0131ya hizmet<\/li>\n<li>G\u00fcvenli ula\u015f\u0131m<\/li>\n<li>Takip hizmeti<\/li>\n<li>Sigorta<\/li>\n<\/ul>\n<p>Reindeer Auto Moving, 1997 y\u0131l\u0131ndan beri faaliyet g\u00f6steren ve merkezi Zionsville'de bulunan ulusal ve uluslararas\u0131 bir yer de\u011fi\u015ftirme ve nakliye \u015firketidir. Hizmetlerini ulusal ve uluslararas\u0131 alanda sunmalar\u0131na yard\u0131mc\u0131 olan sayg\u0131n ve sigortal\u0131 ta\u015f\u0131y\u0131c\u0131lardan olu\u015fan geni\u015f bir a\u011fa sahiptirler. Yedi y\u0131ll\u0131k deneyime sahip bir IAM \u00fcyesidirler.<\/p>\n<p>Reindeer Auto Moving, kap\u0131dan kap\u0131ya hizmet ile ara\u00e7 ta\u015f\u0131mada ki\u015fiselle\u015ftirilmi\u015f bir hizmet sunmaktad\u0131r. T\u00fcm s\u00fcre\u00e7 boyunca ilerlemeyi takip ederken arac\u0131n\u0131z\u0131 g\u00fcvenli ve emniyetli bir \u015fekilde alacak ve var\u0131\u015f noktan\u0131za teslim edeceklerdir. A\u00e7\u0131k veya kapal\u0131 nakliye se\u00e7eneklerini kullanarak garantili teslim alma ve teslim etme tarihleri sunarlar.<\/p>\n<p>Web sitesi: <a href=\"http:\/\/www.reindeerauto.com\" target=\"_blank\" rel=\"noopener\">http:\/\/www.reindeerauto.com<\/a><\/p>\n<h2><span class=\"ez-toc-section\" id=\"4_Wheaton_World_Wide_Moving\"><\/span><strong>4. Wheaton D\u00fcnya \u00c7ap\u0131nda Ta\u015f\u0131nma<\/strong><span class=\"ez-toc-section-end\"><\/span><\/h2>\n<p><img loading=\"lazy\" decoding=\"async\" class=\"alignnone size-full wp-image-11478\" src=\"https:\/\/moverdb.com\/wp-content\/uploads\/Wheaton-World-Wide-Moving-international-moving-company.png\" alt=\"Wheaton World Wide Moving uluslararas\u0131 nakliye \u015firketi\" width=\"1440\" height=\"677\" data-wp-pid=\"11478\" srcset=\"https:\/\/moverdb.com\/wp-content\/uploads\/Wheaton-World-Wide-Moving-international-moving-company.png 1440w, https:\/\/moverdb.com\/wp-content\/uploads\/Wheaton-World-Wide-Moving-international-moving-company-300x141.png 300w, https:\/\/moverdb.com\/wp-content\/uploads\/Wheaton-World-Wide-Moving-international-moving-company-1024x481.png 1024w, https:\/\/moverdb.com\/wp-content\/uploads\/Wheaton-World-Wide-Moving-international-moving-company-18x8.png 18w, https:\/\/moverdb.com\/wp-content\/uploads\/Wheaton-World-Wide-Moving-international-moving-company-600x282.png 600w\" sizes=\"auto, (max-width: 1440px) 100vw, 1440px\" \/><\/p>\n<ul>\n<li>Yerel ve uzun mesafeli ta\u015f\u0131nmalar<\/li>\n<li>Uluslararas\u0131 ta\u015f\u0131nmalar<\/li>\n<li>Ev ta\u015f\u0131ma<\/li>\n<li>Ticari hamleler<\/li>\n<li>Kurumsal ta\u015f\u0131nmalar<\/li>\n<li>Paketleme hizmetleri<\/li>\n<li>Ula\u015f\u0131m d\u00fczenlemeleri<\/li>\n<li><a href=\"https:\/\/moverdb.com\/tr\/car-transport-shipping\/\" data-internallinksmanager029f6b8e52c=\"2\" title=\"2026 Uluslararas\u0131 Ara\u00e7 Ta\u015f\u0131ma &amp; Ara\u00e7 Nakliye Fiyatlar\u0131\">Ara\u00e7 nakliyesi<\/a><\/li>\n<li>Koruma planlar\u0131<\/li>\n<li>K\u0131sa ve uzun s\u00fcreli depolama<\/li>\n<\/ul>\n<p>Wheaton World Wide Moving, 1945 y\u0131l\u0131nda kurulmu\u015f ve merkezi Indianapolis'te bulunan uluslararas\u0131 bir ta\u015f\u0131ma \u015firketidir. ABD'yi kapsayan ve y\u00fcksek standartlar\u0131 kar\u015f\u0131lad\u0131klar\u0131ndan emin olmak i\u00e7in incelenmi\u015f bir acente a\u011f\u0131 arac\u0131l\u0131\u011f\u0131yla faaliyet g\u00f6stermektedirler. \u015eirket 78 y\u0131ll\u0131k tecr\u00fcbesiyle IAM \u00fcyesidir.<\/p>\n<p>Wheaton World Wide Moving, \u00f6zel bir ta\u015f\u0131ma y\u00f6neticisi atayacak olan tam hizmetli bir ta\u015f\u0131ma \u015firketidir. Ta\u015f\u0131nma i\u015fleminizin hacmini belirlemek i\u00e7in ev i\u00e7i veya sanal bir tahminle ba\u015flar. T\u00fcm e\u015fyalar\u0131n\u0131z ya da sadece k\u0131r\u0131lgan ve hassas e\u015fyalar\u0131n\u0131z i\u00e7in paketleme hizmeti sunarlar.<\/p>\n<p>Web sitesi: <a href=\"http:\/\/www.wheatonworldwide.com\" target=\"_blank\" rel=\"noopener\">http:\/\/www.wheatonworldwide.com<\/a><\/p>\n<h2><span class=\"ez-toc-section\" id=\"5_Wickman_Worldwide_Services\"><\/span><strong>5. Wickman D\u00fcnya \u00c7ap\u0131nda Hizmetler<\/strong><span class=\"ez-toc-section-end\"><\/span><\/h2>\n<p><img loading=\"lazy\" decoding=\"async\" class=\"alignnone size-full wp-image-11479\" src=\"https:\/\/moverdb.com\/wp-content\/uploads\/Wickman-Worldwide-Services-international-moving-company.png\" alt=\"Wickman Worldwide Services uluslararas\u0131 ta\u015f\u0131ma \u015firketi\" width=\"1440\" height=\"675\" data-wp-pid=\"11479\" srcset=\"https:\/\/moverdb.com\/wp-content\/uploads\/Wickman-Worldwide-Services-international-moving-company.png 1440w, https:\/\/moverdb.com\/wp-content\/uploads\/Wickman-Worldwide-Services-international-moving-company-300x141.png 300w, https:\/\/moverdb.com\/wp-content\/uploads\/Wickman-Worldwide-Services-international-moving-company-1024x480.png 1024w, https:\/\/moverdb.com\/wp-content\/uploads\/Wickman-Worldwide-Services-international-moving-company-18x8.png 18w, https:\/\/moverdb.com\/wp-content\/uploads\/Wickman-Worldwide-Services-international-moving-company-600x281.png 600w\" sizes=\"auto, (max-width: 1440px) 100vw, 1440px\" \/><\/p>\n<ul>\n<li>Uluslararas\u0131 ta\u015f\u0131nmalar<\/li>\n<li>Ev ta\u015f\u0131ma<\/li>\n<li>Ta\u015f\u0131nma \u00f6ncesi anket<\/li>\n<li>Profesyonel paketleme hizmeti<\/li>\n<li>Kamyon, demiryolu, deniz ve hava ta\u015f\u0131mac\u0131l\u0131\u011f\u0131<\/li>\n<li>G\u00fcmr\u00fck i\u015flemleri<\/li>\n<li>Ara\u00e7 nakliyesi<\/li>\n<li>\u0130ste\u011fe ba\u011fl\u0131 ekstralar olarak \u00fc\u00e7\u00fcnc\u00fc taraf hizmetleri<\/li>\n<li>Sigorta<\/li>\n<li>G\u00fcvenli depolama<\/li>\n<\/ul>\n<p>Wickman Worldwide Services, uluslararas\u0131 bir nakliye ve <a href=\"https:\/\/moverdb.com\/tr\/shipping-companies\/\" data-internallinksmanager029f6b8e52c=\"4\" title=\"En \u0130yi 10 Uluslararas\u0131 Konteyner Nakliye \u015eirketi\">nakli\u0307ye \u015fi\u0307rketi\u0307<\/a> 1997 y\u0131l\u0131nda kurulmu\u015ftur ve merkezi Indianapolis'tedir. D\u00fcnyan\u0131n d\u00f6rt bir yan\u0131na ta\u015f\u0131nmalar\u0131na yard\u0131mc\u0131 olmak i\u00e7in 150'den fazla \u00fclkeye yay\u0131lan bir acente a\u011f\u0131na sahiptirler. IAM'nin 26 y\u0131ll\u0131k deneyime sahip bir \u00fcyesidir.<\/p>\n<p>Wickman Worldwide Services, ihtiya\u00e7lar\u0131n\u0131z\u0131 belirlemek ve size \u00f6zel bir fiyat teklifi olu\u015fturmak i\u00e7in ayr\u0131nt\u0131l\u0131 bir de\u011ferlendirme yapmak \u00fczere ta\u015f\u0131nma \u00f6ncesi bir anket sunar. E\u015fyalar\u0131n\u0131z\u0131 ta\u015f\u0131nma i\u00e7in g\u00fcvenli bir \u015fekilde paketleyecek nitelikli ve sigortal\u0131 nakliyecilerle profesyonel bir paketleme hizmeti sunarlar. Kamyon, demiryolu, deniz ya da hava yoluyla g\u00fcmr\u00fckl\u00fc nakliyeyi ayarlayacak ve var\u0131\u015fta mobilyalar\u0131 a\u00e7\u0131p monte edeceklerdir.<\/p>\n<p>Web sitesi: <a href=\"http:\/\/wickmanworldwide.com\" target=\"_blank\" rel=\"noopener\">http:\/\/wickmanworldwide.com<\/a><\/p>","protected":false},"excerpt":{"rendered":"<p>Moving can be a stressful time with so many things to juggle. This is why many people enlist the help of a moving company as they can manage the move, pack, transport your belongings and sort out customs processes if moving internationally. Below we have compiled a list of Indiana based removal companies that are [&hellip;]<\/p>\n","protected":false},"author":4,"featured_media":11263,"parent":190,"menu_order":0,"comment_status":"closed","ping_status":"closed","template":"","meta":{"_genesis_hide_title":false,"_genesis_hide_breadcrumbs":false,"_genesis_hide_singular_image":false,"_genesis_hide_footer_widgets":false,"_genesis_custom_body_class":"","_genesis_custom_post_class":"","_genesis_layout":"","footnotes":""},"class_list":{"0":"post-11600","1":"page","2":"type-page","3":"status-publish","4":"has-post-thumbnail","6":"entry"},"_links":{"self":[{"href":"https:\/\/moverdb.com\/tr\/wp-json\/wp\/v2\/pages\/11600","targetHints":{"allow":["GET"]}}],"collection":[{"href":"https:\/\/moverdb.com\/tr\/wp-json\/wp\/v2\/pages"}],"about":[{"href":"https:\/\/moverdb.com\/tr\/wp-json\/wp\/v2\/types\/page"}],"author":[{"embeddable":true,"href":"https:\/\/moverdb.com\/tr\/wp-json\/wp\/v2\/users\/4"}],"replies":[{"embeddable":true,"href":"https:\/\/moverdb.com\/tr\/wp-json\/wp\/v2\/comments?post=11600"}],"version-history":[{"count":1,"href":"https:\/\/moverdb.com\/tr\/wp-json\/wp\/v2\/pages\/11600\/revisions"}],"predecessor-version":[{"id":11601,"href":"https:\/\/moverdb.com\/tr\/wp-json\/wp\/v2\/pages\/11600\/revisions\/11601"}],"up":[{"embeddable":true,"href":"https:\/\/moverdb.com\/tr\/wp-json\/wp\/v2\/pages\/190"}],"wp:featuredmedia":[{"embeddable":true,"href":"https:\/\/moverdb.com\/tr\/wp-json\/wp\/v2\/media\/11263"}],"wp:attachment":[{"href":"https:\/\/moverdb.com\/tr\/wp-json\/wp\/v2\/media?parent=11600"}],"curies":[{"name":"wp","href":"https:\/\/api.w.org\/{rel}","templated":true}]}}