{"id":11571,"date":"2023-11-29T10:40:47","date_gmt":"2023-11-29T10:40:47","guid":{"rendered":"https:\/\/moverdb.com\/?page_id=11571"},"modified":"2026-01-08T15:24:44","modified_gmt":"2026-01-08T15:24:44","slug":"moving-companies-us-hawaii","status":"publish","type":"page","link":"https:\/\/moverdb.com\/tr\/moving-companies\/moving-companies-us-hawaii\/","title":{"rendered":"Hawaii'deki En \u0130yi 4 Uluslararas\u0131 Nakliye \u015eirketi"},"content":{"rendered":"<p>\u015eehir i\u00e7inde veya \u015fehirden ta\u015f\u0131nmay\u0131 m\u0131 planl\u0131yorsunuz? <a href=\"https:\/\/moverdb.com\/tr\/moving-to-the-united-states\/moving-to-hawaii\/\" data-internallinksmanager029f6b8e52c=\"403\" title=\"Hawaii&#039;ye mi ta\u015f\u0131n\u0131yorsunuz? 2026 Ya\u015fam Maliyetleri ve Yer De\u011fi\u015ftirme \u0130pu\u00e7lar\u0131\">Hawaii<\/a>? Almak <a href=\"https:\/\/moverdb.com\/tr\/moving-companies\/\" data-internallinksmanager029f6b8e52c=\"79\" title=\"\u00c7evrimi\u00e7i En \u0130yi 25 Uluslararas\u0131 Nakliye \u015eirketi\">ta\u015finma \u015fi\u0307rketi\u0307<\/a> Organizasyon, paketleme, nakliye ve g\u00fcmr\u00fck d\u00fczenlemelerinde size yard\u0131mc\u0131 olmak ta\u015f\u0131nman\u0131z\u0131 kolayla\u015ft\u0131rabilir. A\u015fa\u011f\u0131da Hawaiililerin bir listesini derledik <a href=\"https:\/\/moverdb.com\/tr\/international-removals\/\" data-internallinksmanager029f6b8e52c=\"27\" title=\"36 \u0130ngiltere&#039;deki En \u0130yi Uluslararas\u0131 Nakliye \u015eirketleri\">nakli\u0307ye \u015fi\u0307rketleri\u0307<\/a> \u00fcyesi olan <a href=\"https:\/\/moverdb.com\/tr\/iam\/\" data-internallinksmanager029f6b8e52c=\"23\" title=\"Uluslararas\u0131 Ta\u015f\u0131mac\u0131lar Birli\u011fi (IAM) A\u00e7\u0131klamas\u0131\">Uluslararas\u0131 Ta\u015f\u0131mac\u0131lar Birli\u011fi<\/a> (IAM) ve\/veya <a href=\"https:\/\/moverdb.com\/tr\/fidi-faim\/\" data-internallinksmanager029f6b8e52c=\"16\" title=\"FIDI &amp; FAIM (FIDI Akredite Uluslararas\u0131 Ta\u015f\u0131mac\u0131) A\u00e7\u0131klamas\u0131\">FIDI<\/a> Ta\u015f\u0131nman\u0131zda size yard\u0131mc\u0131 olabilecek Akredite Uluslararas\u0131 Ta\u015f\u0131mac\u0131 (FAIM).<\/p>\n<div id=\"ez-toc-container\" class=\"ez-toc-v2_0_82_2 ez-toc-wrap-left counter-hierarchy ez-toc-counter ez-toc-transparent ez-toc-container-direction\">\n<div class=\"ez-toc-title-container\">\n<p class=\"ez-toc-title\" style=\"cursor:inherit\">B\u00f6l\u00fcmler<\/p>\n<span class=\"ez-toc-title-toggle\"><a href=\"#\" class=\"ez-toc-pull-right ez-toc-btn ez-toc-btn-xs ez-toc-btn-default ez-toc-toggle\" aria-label=\"\u0130\u00e7indekiler Tablosunu A\u00e7\/Kapat\"><span class=\"ez-toc-js-icon-con\"><span class=\"\"><span class=\"eztoc-hide\" style=\"display:none;\">Ge\u00e7i\u015f<\/span><span class=\"ez-toc-icon-toggle-span\"><svg style=\"fill: #999;color:#999\" xmlns=\"http:\/\/www.w3.org\/2000\/svg\" class=\"list-377408\" width=\"20px\" height=\"20px\" viewbox=\"0 0 24 24\" fill=\"none\"><path d=\"M6 6H4v2h2V6zm14 0H8v2h12V6zM4 11h2v2H4v-2zm16 0H8v2h12v-2zM4 16h2v2H4v-2zm16 0H8v2h12v-2z\" fill=\"currentColor\"><\/path><\/svg><svg style=\"fill: #999;color:#999\" class=\"arrow-unsorted-368013\" xmlns=\"http:\/\/www.w3.org\/2000\/svg\" width=\"10px\" height=\"10px\" viewbox=\"0 0 24 24\" version=\"1.2\" baseprofile=\"tiny\"><path d=\"M18.2 9.3l-6.2-6.3-6.2 6.3c-.2.2-.3.4-.3.7s.1.5.3.7c.2.2.4.3.7.3h11c.3 0 .5-.1.7-.3.2-.2.3-.5.3-.7s-.1-.5-.3-.7zM5.8 14.7l6.2 6.3 6.2-6.3c.2-.2.3-.5.3-.7s-.1-.5-.3-.7c-.2-.2-.4-.3-.7-.3h-11c-.3 0-.5.1-.7.3-.2.2-.3.5-.3.7s.1.5.3.7z\"\/><\/svg><\/span><\/span><\/span><\/a><\/span><\/div>\n<nav><ul class='ez-toc-list ez-toc-list-level-1 eztoc-toggle-hide-by-default' ><li class='ez-toc-page-1 ez-toc-heading-level-2'><a class=\"ez-toc-link ez-toc-heading-1\" href=\"https:\/\/moverdb.com\/tr\/moving-companies\/moving-companies-us-hawaii\/#1_Aloha_International_Moving_Services\" >1. Aloha Uluslararas\u0131 Ta\u015f\u0131nma Hizmetleri<\/a><\/li><li class='ez-toc-page-1 ez-toc-heading-level-2'><a class=\"ez-toc-link ez-toc-heading-2\" href=\"https:\/\/moverdb.com\/tr\/moving-companies\/moving-companies-us-hawaii\/#2_Crown_World_Mobility\" >2. Crown D\u00fcnya Hareketlili\u011fi<\/a><\/li><li class='ez-toc-page-1 ez-toc-heading-level-2'><a class=\"ez-toc-link ez-toc-heading-3\" href=\"https:\/\/moverdb.com\/tr\/moving-companies\/moving-companies-us-hawaii\/#3_M_Dyer_Global\" >3. M Dyer Global<\/a><\/li><li class='ez-toc-page-1 ez-toc-heading-level-2'><a class=\"ez-toc-link ez-toc-heading-4\" href=\"https:\/\/moverdb.com\/tr\/moving-companies\/moving-companies-us-hawaii\/#4_Royal_Hawaiian_Movers\" >4. Royal Hawaiian Nakliyat<\/a><\/li><\/ul><\/nav><\/div>\n<h2><span class=\"ez-toc-section\" id=\"1_Aloha_International_Moving_Services\"><\/span><strong>1. Aloha Uluslararas\u0131 Ta\u015f\u0131nma Hizmetleri<\/strong><span class=\"ez-toc-section-end\"><\/span><\/h2>\n<p><img loading=\"lazy\" decoding=\"async\" class=\"alignnone size-full wp-image-11253\" src=\"https:\/\/moverdb.com\/wp-content\/uploads\/Aloha-International-Moving-Services-company.png\" alt=\"Aloha Uluslararas\u0131 Ta\u015f\u0131mac\u0131l\u0131k Hizmetleri \u015firketi\" width=\"1440\" height=\"677\" data-wp-pid=\"11253\" srcset=\"https:\/\/moverdb.com\/wp-content\/uploads\/Aloha-International-Moving-Services-company.png 1440w, https:\/\/moverdb.com\/wp-content\/uploads\/Aloha-International-Moving-Services-company-300x141.png 300w, https:\/\/moverdb.com\/wp-content\/uploads\/Aloha-International-Moving-Services-company-1024x481.png 1024w, https:\/\/moverdb.com\/wp-content\/uploads\/Aloha-International-Moving-Services-company-18x8.png 18w, https:\/\/moverdb.com\/wp-content\/uploads\/Aloha-International-Moving-Services-company-600x282.png 600w\" sizes=\"auto, (max-width: 1440px) 100vw, 1440px\" \/><\/p>\n<ul>\n<li>Yerel hamleler<\/li>\n<li>Uluslararas\u0131 ta\u015f\u0131nmalar<\/li>\n<li>Konut Ta\u015f\u0131malar\u0131<\/li>\n<li>Ofis ve i\u015f yeri ta\u015f\u0131nmalar\u0131<\/li>\n<li>Paketleme hizmeti<\/li>\n<li>Kendi kendine paketleme se\u00e7ene\u011fi<\/li>\n<li>E\u015fyalar\u0131n envanteri<\/li>\n<li>Sand\u0131klama hizmetleri<\/li>\n<li>Ta\u015f\u0131mac\u0131l\u0131\u011f\u0131n d\u00fczenlenmesi<\/li>\n<li>K\u0131sa ve uzun s\u00fcreli g\u00fcvenli depolama<\/li>\n<\/ul>\n<p>Aloha International Moving Services, Kapolei merkezli bir Hawaii ta\u015f\u0131ma \u015firketidir. IAM'nin 28 y\u0131ll\u0131k tecr\u00fcbeye sahip bir \u00fcyesidirler ve bu da onlara d\u00fcnya \u00e7ap\u0131ndaki ta\u015f\u0131nmalarda destek olmak i\u00e7in uluslararas\u0131 bir ta\u015f\u0131ma \u015firketleri a\u011f\u0131na eri\u015fim sa\u011flar.<\/p>\n<p>Aloha Uluslararas\u0131 Ta\u015f\u0131nma Hizmetleri yerel, adalar aras\u0131 ve anakaraya ta\u015f\u0131nma hizmetleri sunmaktad\u0131r <a href=\"https:\/\/moverdb.com\/tr\/moving-to-the-united-states\/\" data-internallinksmanager029f6b8e52c=\"94\" title=\"Amerika Birle\u015fik Devletleri&#039;ne mi ta\u015f\u0131n\u0131yorsunuz? 2026 Ya\u015fam Maliyetleri ve Yer De\u011fi\u015ftirme \u0130pu\u00e7lar\u0131\">ABD<\/a> ve uluslararas\u0131 olarak konut ve i\u015f m\u00fc\u015fterileri i\u00e7in. Eksiksiz bir paketleme hizmeti veya sa\u011flanan kutularla kendi paketlemesini i\u00e7eren \u00e7e\u015fitli paketleme hizmetleri sunarlar. Paketleme hizmetleri, mobilyalar\u0131n paketlenmesi, s\u00f6k\u00fcl\u00fcp yeniden monte edilmesi ve ambalajlar\u0131n\u0131n a\u00e7\u0131lmas\u0131n\u0131n yan\u0131 s\u0131ra e\u015fyalar\u0131n\u0131z\u0131n envanterinin \u00e7\u0131kar\u0131lmas\u0131n\u0131 da i\u00e7ermektedir.<\/p>\n<p>Web sitesi: <a href=\"http:\/\/www.hawaiimovers.com\" target=\"_blank\" rel=\"noopener\">http:\/\/www.hawaiimovers.com<\/a><\/p>\n<h2><span class=\"ez-toc-section\" id=\"2_Crown_World_Mobility\"><\/span><strong>2. Crown D\u00fcnya Hareketlili\u011fi<\/strong><span class=\"ez-toc-section-end\"><\/span><\/h2>\n<p><img loading=\"lazy\" decoding=\"async\" class=\"alignnone size-full wp-image-11299\" src=\"https:\/\/moverdb.com\/wp-content\/uploads\/Crown-World-Mobility-international-moving-company.png\" alt=\"Crown World Mobility uluslararas\u0131 ta\u015f\u0131ma \u015firketi\" width=\"1440\" height=\"675\" data-wp-pid=\"11299\" srcset=\"https:\/\/moverdb.com\/wp-content\/uploads\/Crown-World-Mobility-international-moving-company.png 1440w, https:\/\/moverdb.com\/wp-content\/uploads\/Crown-World-Mobility-international-moving-company-300x141.png 300w, https:\/\/moverdb.com\/wp-content\/uploads\/Crown-World-Mobility-international-moving-company-1024x480.png 1024w, https:\/\/moverdb.com\/wp-content\/uploads\/Crown-World-Mobility-international-moving-company-18x8.png 18w, https:\/\/moverdb.com\/wp-content\/uploads\/Crown-World-Mobility-international-moving-company-600x281.png 600w\" sizes=\"auto, (max-width: 1440px) 100vw, 1440px\" \/><\/p>\n<ul>\n<li>Yerel hamleler<\/li>\n<li>Uluslararas\u0131 ta\u015f\u0131nmalar<\/li>\n<li>\u00c7al\u0131\u015fan yer de\u011fi\u015ftirmeleri<\/li>\n<li>Planlama \u00f6ncesi destek<\/li>\n<li>Kapsaml\u0131 hizmet<\/li>\n<li>Self servis se\u00e7enekleri<\/li>\n<li>Ev bulma hizmetleri<\/li>\n<li>G\u00f6\u00e7menlik deste\u011fi<\/li>\n<li>Vizeler ve izinler<\/li>\n<li>\u0130zleme tesisleri<\/li>\n<\/ul>\n<p>Crown World Mobility, merkezi Mililani Hawaii'de bulunan ancak d\u00fcnya genelinde 79 ofisi bulunan uluslararas\u0131 bir ta\u015f\u0131ma \u015firketidir. Ta\u015f\u0131nma ve lojisti\u011fin farkl\u0131 y\u00f6nlerini ele alan \u00e7e\u015fitli b\u00f6l\u00fcmleri vard\u0131r. Kendilerini desteklemek i\u00e7in dikkatle y\u00f6netilen bir tedarik\u00e7i a\u011f\u0131na sahiptirler. IAM'nin 44 y\u0131ll\u0131k deneyime sahip bir \u00fcyesidir.<\/p>\n<p>Crown World Mobility, i\u015fletmeleri \u00e7al\u0131\u015fanlar\u0131 i\u00e7in mobilite hizmetleri ile destekleme konusunda uzmanla\u015fm\u0131\u015ft\u0131r. \u0130\u015fletmelere, planlar\u0131n\u0131 uygulamaya koymalar\u0131 i\u00e7in mobilite ekiplerinin deste\u011fiyle yard\u0131mc\u0131 olmak \u00fczere derinlemesine dan\u0131\u015fmanl\u0131k ve program tasar\u0131m\u0131 sa\u011flarlar. Ayr\u0131ca g\u00f6\u00e7menlik hizmetleri ve ev bulma konusunda da yard\u0131mc\u0131 olabilirler.<\/p>\n<p>Web sitesi: <a href=\"https:\/\/www.crownworldmobility.com\/en-us\" target=\"_blank\" rel=\"noopener\">https:\/\/www.crownworldmobility.com\/en-us<\/a><\/p>\n<h2><span class=\"ez-toc-section\" id=\"3_M_Dyer_Global\"><\/span><strong>3. M Dyer Global<\/strong><span class=\"ez-toc-section-end\"><\/span><\/h2>\n<p><img loading=\"lazy\" decoding=\"async\" class=\"alignnone size-full wp-image-11368\" src=\"https:\/\/moverdb.com\/wp-content\/uploads\/M-Dyer-Global-international-moving-company.png\" alt=\"M Dyer Global uluslararas\u0131 ta\u015f\u0131ma \u015firketi\" width=\"1440\" height=\"680\" data-wp-pid=\"11368\" srcset=\"https:\/\/moverdb.com\/wp-content\/uploads\/M-Dyer-Global-international-moving-company.png 1440w, https:\/\/moverdb.com\/wp-content\/uploads\/M-Dyer-Global-international-moving-company-300x142.png 300w, https:\/\/moverdb.com\/wp-content\/uploads\/M-Dyer-Global-international-moving-company-1024x484.png 1024w, https:\/\/moverdb.com\/wp-content\/uploads\/M-Dyer-Global-international-moving-company-18x9.png 18w, https:\/\/moverdb.com\/wp-content\/uploads\/M-Dyer-Global-international-moving-company-600x283.png 600w\" sizes=\"auto, (max-width: 1440px) 100vw, 1440px\" \/><\/p>\n<ul>\n<li>Yerel ve adalar aras\u0131 ta\u015f\u0131nmalar<\/li>\n<li>Uluslararas\u0131 ta\u015f\u0131nmalar<\/li>\n<li>Hane halk\u0131 ta\u015f\u0131nmalar\u0131<\/li>\n<li>Ofis ve end\u00fcstriyel ta\u015f\u0131nmalar<\/li>\n<li>Paketleme hizmeti<\/li>\n<li>Kamyon, hava ve deniz yoluyla nakliye<\/li>\n<li>Konteyner se\u00e7enekleri<\/li>\n<li>G\u00fcmr\u00fck i\u015flemleri<\/li>\n<li>Sigorta<\/li>\n<li>K\u0131sa ve uzun s\u00fcreli depolama<\/li>\n<\/ul>\n<p>M Dyer Global, 1958 y\u0131l\u0131nda Honolulu'da kurulmu\u015f bir yer de\u011fi\u015ftirme, depolama ve lojistik \u015firketidir. Hizmetlerini uluslararas\u0131 d\u00fczeyde sunmak i\u00e7in d\u00fcnya \u00e7ap\u0131nda ortakl\u0131k kurduklar\u0131 500'den fazla y\u00fcksek kaliteli acenteyle \u00e7al\u0131\u015fmaktad\u0131rlar. \u015eirket, 55 y\u0131ll\u0131k deneyimiyle IAM \u00fcyesidir ve FIDI taraf\u0131ndan akredite edilmi\u015ftir.<\/p>\n<p>M Dyer Global, ta\u015f\u0131nma gereksinimlerinizi de\u011ferlendirmek ve size bir fiyat teklifi sunmak i\u00e7in bir ilk anket sunar. E\u015fyalar\u0131n\u0131z\u0131 ta\u015f\u0131ma i\u00e7in g\u00fcvenli bir \u015fekilde paketleyecek ve sand\u0131klayacak e\u011fitimli paketleyicilerle profesyonel bir paketleme hizmeti sunarlar. Dolu ve az dolu konteyner y\u00fck\u00fc se\u00e7enekleriyle kara, hava ve deniz yoluyla nakliye ayarlayacaklard\u0131r.<\/p>\n<p>Web sitesi: <a href=\"https:\/\/www.mdyerglobal.com\/\" target=\"_blank\" rel=\"noopener\">https:\/\/www.mdyerglobal.com\/<\/a><\/p>\n<h2><span class=\"ez-toc-section\" id=\"4_Royal_Hawaiian_Movers\"><\/span><strong>4. Royal Hawaiian Nakliyat<\/strong><span class=\"ez-toc-section-end\"><\/span><\/h2>\n<p><img loading=\"lazy\" decoding=\"async\" class=\"alignnone size-full wp-image-11429\" src=\"https:\/\/moverdb.com\/wp-content\/uploads\/Royal-Hawaiian-Movers-international-moving-company.png\" alt=\"Royal Hawaiian Movers uluslararas\u0131 nakliye \u015firketi\" width=\"1440\" height=\"683\" data-wp-pid=\"11429\" srcset=\"https:\/\/moverdb.com\/wp-content\/uploads\/Royal-Hawaiian-Movers-international-moving-company.png 1440w, https:\/\/moverdb.com\/wp-content\/uploads\/Royal-Hawaiian-Movers-international-moving-company-300x142.png 300w, https:\/\/moverdb.com\/wp-content\/uploads\/Royal-Hawaiian-Movers-international-moving-company-1024x486.png 1024w, https:\/\/moverdb.com\/wp-content\/uploads\/Royal-Hawaiian-Movers-international-moving-company-18x9.png 18w, https:\/\/moverdb.com\/wp-content\/uploads\/Royal-Hawaiian-Movers-international-moving-company-600x285.png 600w\" sizes=\"auto, (max-width: 1440px) 100vw, 1440px\" \/><\/p>\n<ul>\n<li>Yerel ve adalar aras\u0131 ta\u015f\u0131nmalar<\/li>\n<li>Uluslararas\u0131 ta\u015f\u0131nmalar<\/li>\n<li>Konut Ta\u015f\u0131malar\u0131<\/li>\n<li>\u0130\u015fletme hamleleri<\/li>\n<li>\u00c7al\u0131\u015fan yer de\u011fi\u015ftirmeleri<\/li>\n<li>Ki\u015fiselle\u015ftirilmi\u015f hizmet<\/li>\n<li>Paketleme hizmeti<\/li>\n<li>Ula\u015f\u0131m d\u00fczenlemeleri<\/li>\n<li>Ara\u00e7 ta\u015f\u0131mac\u0131l\u0131\u011f\u0131<\/li>\n<li>Depolama tesisleri<\/li>\n<\/ul>\n<p>Royal Hawaiian Movers, 1982 y\u0131l\u0131nda kurulmu\u015f ve d\u00f6rt Hawaii Adas\u0131n\u0131n tamam\u0131nda faaliyet g\u00f6steren bir nakliye ve ta\u015f\u0131ma \u015firketidir. DeWitt Companies grubunun bir par\u00e7as\u0131d\u0131r ve bu da onlara daha geni\u015f bir ta\u015f\u0131ma \u015firketleri a\u011f\u0131na eri\u015fim sa\u011flar. \u015eirket 41 y\u0131ll\u0131k tecr\u00fcbesiyle IAM \u00fcyesidir.<\/p>\n<p>Royal Hawaiian Movers, ta\u015f\u0131nma gereksinimlerinizi de\u011ferlendirmek ve ihtiya\u00e7lar\u0131n\u0131z\u0131 ve b\u00fct\u00e7enizi kar\u015f\u0131lamak i\u00e7in \u00f6zel olarak haz\u0131rlanm\u0131\u015f bir fiyat teklifi sunmak i\u00e7in sanal veya y\u00fcz y\u00fcze bir anket ile ki\u015fiselle\u015ftirilmi\u015f bir hizmet sunar. Paketleme ve a\u00e7ma, mobilyalar\u0131n s\u00f6k\u00fclmesi ve yeniden monte edilmesi ve e\u015fyalar\u0131n\u0131z\u0131n var\u0131\u015f noktan\u0131za ta\u015f\u0131nmas\u0131n\u0131 i\u00e7eren s\u00fcreci kolayla\u015ft\u0131rmak i\u00e7in ta\u015f\u0131nman\u0131z boyunca size rehberlik edecek ve yard\u0131mc\u0131 olacaklard\u0131r.<\/p>\n<p>Web sitesi: <a href=\"http:\/\/royalhawaiianmovers.com\/\" target=\"_blank\" rel=\"noopener\">http:\/\/royalhawaiianmovers.com\/<\/a><\/p>","protected":false},"excerpt":{"rendered":"<p>Are you planning on moving within, to or from Hawaii? Getting a moving company to assist you with organisation, packing, transportation and customs arrangements can aid you in making the move easier. Below we have compiled a list of Hawaiian removal companies that are members of the International Association of Movers (IAM) and\/or FIDI Accredited [&hellip;]<\/p>\n","protected":false},"author":4,"featured_media":11253,"parent":190,"menu_order":0,"comment_status":"closed","ping_status":"closed","template":"","meta":{"_genesis_hide_title":false,"_genesis_hide_breadcrumbs":false,"_genesis_hide_singular_image":false,"_genesis_hide_footer_widgets":false,"_genesis_custom_body_class":"","_genesis_custom_post_class":"","_genesis_layout":"","footnotes":""},"class_list":{"0":"post-11571","1":"page","2":"type-page","3":"status-publish","4":"has-post-thumbnail","6":"entry"},"_links":{"self":[{"href":"https:\/\/moverdb.com\/tr\/wp-json\/wp\/v2\/pages\/11571","targetHints":{"allow":["GET"]}}],"collection":[{"href":"https:\/\/moverdb.com\/tr\/wp-json\/wp\/v2\/pages"}],"about":[{"href":"https:\/\/moverdb.com\/tr\/wp-json\/wp\/v2\/types\/page"}],"author":[{"embeddable":true,"href":"https:\/\/moverdb.com\/tr\/wp-json\/wp\/v2\/users\/4"}],"replies":[{"embeddable":true,"href":"https:\/\/moverdb.com\/tr\/wp-json\/wp\/v2\/comments?post=11571"}],"version-history":[{"count":1,"href":"https:\/\/moverdb.com\/tr\/wp-json\/wp\/v2\/pages\/11571\/revisions"}],"predecessor-version":[{"id":11573,"href":"https:\/\/moverdb.com\/tr\/wp-json\/wp\/v2\/pages\/11571\/revisions\/11573"}],"up":[{"embeddable":true,"href":"https:\/\/moverdb.com\/tr\/wp-json\/wp\/v2\/pages\/190"}],"wp:featuredmedia":[{"embeddable":true,"href":"https:\/\/moverdb.com\/tr\/wp-json\/wp\/v2\/media\/11253"}],"wp:attachment":[{"href":"https:\/\/moverdb.com\/tr\/wp-json\/wp\/v2\/media?parent=11571"}],"curies":[{"name":"wp","href":"https:\/\/api.w.org\/{rel}","templated":true}]}}