{"id":11566,"date":"2023-11-29T10:45:44","date_gmt":"2023-11-29T10:45:44","guid":{"rendered":"https:\/\/moverdb.com\/?page_id=11566"},"modified":"2026-01-08T15:25:07","modified_gmt":"2026-01-08T15:25:07","slug":"moving-companies-us-georgia","status":"publish","type":"page","link":"https:\/\/moverdb.com\/tr\/moving-companies\/moving-companies-us-georgia\/","title":{"rendered":"Georgia'daki En \u0130yi 5 Uluslararas\u0131 Nakliye \u015eirketi"},"content":{"rendered":"<p>Ta\u015f\u0131n\u0131rken, ta\u015f\u0131nmay\u0131 planlamak ve organize etmek, bir nakliye sa\u011flay\u0131c\u0131s\u0131 se\u00e7mek ve e\u015fyalar\u0131n\u0131z\u0131 paketlemek ve e\u011fer yurt d\u0131\u015f\u0131na ta\u015f\u0131n\u0131yorsan\u0131z g\u00fcmr\u00fck i\u015flemlerini de halletmek gibi yap\u0131lacak \u00e7ok \u015fey vard\u0131r. Bu faaliyetlerin bir\u00e7o\u011fu bir <a href=\"https:\/\/moverdb.com\/tr\/moving-companies\/\" data-internallinksmanager029f6b8e52c=\"79\" title=\"\u00c7evrimi\u00e7i En \u0130yi 25 Uluslararas\u0131 Nakliye \u015eirketi\">ta\u015finma \u015fi\u0307rketi\u0307<\/a>. A\u015fa\u011f\u0131da bir liste derledik <a href=\"https:\/\/moverdb.com\/tr\/moving-to-the-united-states\/moving-to-georgia\/\" data-internallinksmanager029f6b8e52c=\"402\" title=\"Georgia&#039;ya Ta\u015f\u0131nmak m\u0131? 2026 Ya\u015fam Maliyetleri ve Yer De\u011fi\u015ftirme \u0130pu\u00e7lar\u0131\">G\u00fcrcistan<\/a> temelli <a href=\"https:\/\/moverdb.com\/tr\/international-removals\/\" data-internallinksmanager029f6b8e52c=\"27\" title=\"36 \u0130ngiltere&#039;deki En \u0130yi Uluslararas\u0131 Nakliye \u015eirketleri\">nakli\u0307ye \u015fi\u0307rketleri\u0307<\/a> \u00fcyesi olan <a href=\"https:\/\/moverdb.com\/tr\/iam\/\" data-internallinksmanager029f6b8e52c=\"23\" title=\"Uluslararas\u0131 Ta\u015f\u0131mac\u0131lar Birli\u011fi (IAM) A\u00e7\u0131klamas\u0131\">Uluslararas\u0131 Ta\u015f\u0131mac\u0131lar Birli\u011fi<\/a> (IAM) ve\/veya <a href=\"https:\/\/moverdb.com\/tr\/fidi-faim\/\" data-internallinksmanager029f6b8e52c=\"16\" title=\"FIDI &amp; FAIM (FIDI Akredite Uluslararas\u0131 Ta\u015f\u0131mac\u0131) A\u00e7\u0131klamas\u0131\">FIDI<\/a> Ta\u015f\u0131nman\u0131zda size yard\u0131mc\u0131 olabilecek Akredite Uluslararas\u0131 Ta\u015f\u0131mac\u0131 (FAIM).<\/p>\n<div id=\"ez-toc-container\" class=\"ez-toc-v2_0_82_2 ez-toc-wrap-left counter-hierarchy ez-toc-counter ez-toc-transparent ez-toc-container-direction\">\n<div class=\"ez-toc-title-container\">\n<p class=\"ez-toc-title\" style=\"cursor:inherit\">B\u00f6l\u00fcmler<\/p>\n<span class=\"ez-toc-title-toggle\"><a href=\"#\" class=\"ez-toc-pull-right ez-toc-btn ez-toc-btn-xs ez-toc-btn-default ez-toc-toggle\" aria-label=\"\u0130\u00e7indekiler Tablosunu A\u00e7\/Kapat\"><span class=\"ez-toc-js-icon-con\"><span class=\"\"><span class=\"eztoc-hide\" style=\"display:none;\">Ge\u00e7i\u015f<\/span><span class=\"ez-toc-icon-toggle-span\"><svg style=\"fill: #999;color:#999\" xmlns=\"http:\/\/www.w3.org\/2000\/svg\" class=\"list-377408\" width=\"20px\" height=\"20px\" viewbox=\"0 0 24 24\" fill=\"none\"><path d=\"M6 6H4v2h2V6zm14 0H8v2h12V6zM4 11h2v2H4v-2zm16 0H8v2h12v-2zM4 16h2v2H4v-2zm16 0H8v2h12v-2z\" fill=\"currentColor\"><\/path><\/svg><svg style=\"fill: #999;color:#999\" class=\"arrow-unsorted-368013\" xmlns=\"http:\/\/www.w3.org\/2000\/svg\" width=\"10px\" height=\"10px\" viewbox=\"0 0 24 24\" version=\"1.2\" baseprofile=\"tiny\"><path d=\"M18.2 9.3l-6.2-6.3-6.2 6.3c-.2.2-.3.4-.3.7s.1.5.3.7c.2.2.4.3.7.3h11c.3 0 .5-.1.7-.3.2-.2.3-.5.3-.7s-.1-.5-.3-.7zM5.8 14.7l6.2 6.3 6.2-6.3c.2-.2.3-.5.3-.7s-.1-.5-.3-.7c-.2-.2-.4-.3-.7-.3h-11c-.3 0-.5.1-.7.3-.2.2-.3.5-.3.7s.1.5.3.7z\"\/><\/svg><\/span><\/span><\/span><\/a><\/span><\/div>\n<nav><ul class='ez-toc-list ez-toc-list-level-1 eztoc-toggle-hide-by-default' ><li class='ez-toc-page-1 ez-toc-heading-level-2'><a class=\"ez-toc-link ez-toc-heading-1\" href=\"https:\/\/moverdb.com\/tr\/moving-companies\/moving-companies-us-georgia\/#1_A1_Freeman_Moving_Group\" >1. A1 Freeman Ta\u015f\u0131ma Grubu<\/a><\/li><li class='ez-toc-page-1 ez-toc-heading-level-2'><a class=\"ez-toc-link ez-toc-heading-2\" href=\"https:\/\/moverdb.com\/tr\/moving-companies\/moving-companies-us-georgia\/#2_Atlantic_Relocation_Systems\" >2. Atlantik Yer De\u011fi\u015ftirme Sistemleri<\/a><\/li><li class='ez-toc-page-1 ez-toc-heading-level-2'><a class=\"ez-toc-link ez-toc-heading-3\" href=\"https:\/\/moverdb.com\/tr\/moving-companies\/moving-companies-us-georgia\/#3_Armstrong\" >3. Armstrong<\/a><\/li><li class='ez-toc-page-1 ez-toc-heading-level-2'><a class=\"ez-toc-link ez-toc-heading-4\" href=\"https:\/\/moverdb.com\/tr\/moving-companies\/moving-companies-us-georgia\/#4_Beltmann_Moving_Storage\" >4. Beltmann Ta\u015f\u0131nma &amp; Depolama<\/a><\/li><li class='ez-toc-page-1 ez-toc-heading-level-2'><a class=\"ez-toc-link ez-toc-heading-5\" href=\"https:\/\/moverdb.com\/tr\/moving-companies\/moving-companies-us-georgia\/#5_Hilldrup\" >5. Hilldrup<\/a><\/li><\/ul><\/nav><\/div>\n<h2><span class=\"ez-toc-section\" id=\"1_A1_Freeman_Moving_Group\"><\/span><strong>1. A1 Freeman Ta\u015f\u0131ma Grubu<\/strong><span class=\"ez-toc-section-end\"><\/span><\/h2>\n<p><img loading=\"lazy\" decoding=\"async\" class=\"alignnone size-full wp-image-11236\" src=\"https:\/\/moverdb.com\/wp-content\/uploads\/A1-Freeman-Moving-Group-international-moving-company.png\" alt=\"A1 Freeman Moving Group uluslararas\u0131 ta\u015f\u0131ma \u015firketi\" width=\"1440\" height=\"675\" data-wp-pid=\"11236\" srcset=\"https:\/\/moverdb.com\/wp-content\/uploads\/A1-Freeman-Moving-Group-international-moving-company.png 1440w, https:\/\/moverdb.com\/wp-content\/uploads\/A1-Freeman-Moving-Group-international-moving-company-300x141.png 300w, https:\/\/moverdb.com\/wp-content\/uploads\/A1-Freeman-Moving-Group-international-moving-company-1024x480.png 1024w, https:\/\/moverdb.com\/wp-content\/uploads\/A1-Freeman-Moving-Group-international-moving-company-18x8.png 18w, https:\/\/moverdb.com\/wp-content\/uploads\/A1-Freeman-Moving-Group-international-moving-company-600x281.png 600w\" sizes=\"auto, (max-width: 1440px) 100vw, 1440px\" \/><\/p>\n<ul>\n<li>Yerel ve uzun mesafeli ta\u015f\u0131nmalar<\/li>\n<li>Uluslararas\u0131 ta\u015f\u0131nmalar<\/li>\n<li>Ev ta\u015f\u0131ma<\/li>\n<li>\u0130\u015fletme ta\u015f\u0131nmalar\u0131<\/li>\n<li>\u00d6zelle\u015ftirilmi\u015f hizmetler<\/li>\n<li>M\u00fc\u015fteri Hizmetleri Dan\u0131\u015fman\u0131<\/li>\n<li>Paketleme hizmeti<\/li>\n<li>Ula\u015f\u0131m d\u00fczenlemeleri<\/li>\n<li>G\u00fcmr\u00fck deste\u011fi<\/li>\n<li>Ta\u015f\u0131nma sonras\u0131 takip i\u00e7in ta\u015f\u0131nma dan\u0131\u015fman\u0131<\/li>\n<\/ul>\n<p>A1 Freeman Moving Group, 1974 y\u0131l\u0131ndan bu yana faaliyet g\u00f6steren bir yer de\u011fi\u015ftirme ve nakliye \u015firketidir. <a href=\"https:\/\/moverdb.com\/tr\/moving-to-atlanta\/\" data-internallinksmanager029f6b8e52c=\"32\" title=\"Atlanta&#039;ya m\u0131 ta\u015f\u0131n\u0131yorsunuz? 2026 Ya\u015fam Maliyetleri &amp; Yer De\u011fi\u015ftirme \u0130pu\u00e7lar\u0131\">Atlanta<\/a>. Yerel, ulusal ve uluslararas\u0131 ta\u015f\u0131ma hizmetleri sunabilen nakliye profesyonellerinden olu\u015fan bir a\u011fd\u0131r. IAM \u00fcyesidirler ve 33 y\u0131ll\u0131k deneyime sahiptirler.<\/p>\n<p>A1 Freeman Moving Group, s\u00fcre\u00e7 boyunca size yol g\u00f6sterecek ve ta\u015f\u0131nman\u0131z\u0131 planlaman\u0131za yard\u0131mc\u0131 olacak temsilcilerinden biriyle ta\u015f\u0131nma \u00f6ncesi dan\u0131\u015fmanl\u0131k hizmeti sunar. Ta\u015f\u0131nma s\u00fcrecinizin her ad\u0131m\u0131n\u0131 y\u00f6netecek bir M\u00fc\u015fteri Hizmetleri Dan\u0131\u015fman\u0131 atayacaklard\u0131r. Paketleme, teslimat, g\u00fcmr\u00fck ve yerle\u015fme hizmetlerini i\u00e7eren bir ta\u015f\u0131nma plan\u0131 olu\u015fturacaklard\u0131r.<\/p>\n<p>Web sitesi: <a href=\"http:\/\/www.a1freemanatlanta.com\/\" target=\"_blank\" rel=\"noopener\">http:\/\/www.a1freemanatlanta.com\/<\/a><\/p>\n<h2><span class=\"ez-toc-section\" id=\"2_Atlantic_Relocation_Systems\"><\/span><strong>2. Atlantik Yer De\u011fi\u015ftirme Sistemleri<\/strong><span class=\"ez-toc-section-end\"><\/span><\/h2>\n<p><img loading=\"lazy\" decoding=\"async\" class=\"alignnone size-full wp-image-11262\" src=\"https:\/\/moverdb.com\/wp-content\/uploads\/Atlantic-Relocation-Systems-international-moving-company.png\" alt=\"Atlantic Relocation Systems uluslararas\u0131 ta\u015f\u0131ma \u015firketi\" width=\"1440\" height=\"677\" data-wp-pid=\"11262\" srcset=\"https:\/\/moverdb.com\/wp-content\/uploads\/Atlantic-Relocation-Systems-international-moving-company.png 1440w, https:\/\/moverdb.com\/wp-content\/uploads\/Atlantic-Relocation-Systems-international-moving-company-300x141.png 300w, https:\/\/moverdb.com\/wp-content\/uploads\/Atlantic-Relocation-Systems-international-moving-company-1024x481.png 1024w, https:\/\/moverdb.com\/wp-content\/uploads\/Atlantic-Relocation-Systems-international-moving-company-18x8.png 18w, https:\/\/moverdb.com\/wp-content\/uploads\/Atlantic-Relocation-Systems-international-moving-company-600x282.png 600w\" sizes=\"auto, (max-width: 1440px) 100vw, 1440px\" \/><\/p>\n<ul>\n<li>Yerel ve uzun mesafeli ta\u015f\u0131nmalar<\/li>\n<li>Uluslararas\u0131 ta\u015f\u0131nmalar<\/li>\n<li>Konut Ta\u015f\u0131malar\u0131<\/li>\n<li>Ofis ta\u015f\u0131ma<\/li>\n<li>Yer de\u011fi\u015ftirme koordinat\u00f6r\u00fc<\/li>\n<li>Paketleme hizmeti<\/li>\n<li>Kara, deniz ve hava yoluyla ula\u015f\u0131m<\/li>\n<li>Dok\u00fcmantasyon yard\u0131m\u0131<\/li>\n<li>Sanat eseri g\u00f6nderimi<\/li>\n<li>Depolama tesisi<\/li>\n<\/ul>\n<p>Atlantic Relocation Systems, 1984 y\u0131l\u0131nda kurulan ve d\u00fcnya \u00e7ap\u0131nda 13 \u015fubesi bulunan uluslararas\u0131 bir ta\u015f\u0131ma \u015firketidir. <a href=\"https:\/\/moverdb.com\/tr\/moving-to-the-united-states\/\" data-internallinksmanager029f6b8e52c=\"94\" title=\"Amerika Birle\u015fik Devletleri&#039;ne mi ta\u015f\u0131n\u0131yorsunuz? 2026 Ya\u015fam Maliyetleri ve Yer De\u011fi\u015ftirme \u0130pu\u00e7lar\u0131\">ABD<\/a> Atlanta'da bir tane var. Bir Atlas Van Lines \u015firketi olan \u015firket, ABD genelinde kapsama alan\u0131 sa\u011flamakta ve kendilerini desteklemek i\u00e7in uluslararas\u0131 a\u011flara eri\u015fimleri bulunmaktad\u0131r. IAM'nin 52 y\u0131ll\u0131k deneyime sahip bir \u00fcyesidirler.<\/p>\n<p>Atlantic Relocation Systems, uluslararas\u0131 nakliyecilere ta\u015f\u0131nman\u0131z boyunca size yard\u0131mc\u0131 olacak bir uluslararas\u0131 ta\u015f\u0131nma koordinat\u00f6r\u00fc sa\u011flar. Yerel ta\u015f\u0131nmalar i\u00e7in \u00fccretsiz ev i\u00e7i fiyat teklifi sunulmaktad\u0131r. E\u015fyalar\u0131n\u0131z\u0131n kara, deniz veya hava yoluyla ta\u015f\u0131nmas\u0131 s\u0131ras\u0131nda korunmas\u0131 i\u00e7in paketleme hizmeti ve belgelerin tamamlanmas\u0131nda yard\u0131m sa\u011flarlar.<\/p>\n<p>Web sitesi: <a href=\"https:\/\/www.atlanticrelocation.com\/\" target=\"_blank\" rel=\"noopener\">https:\/\/www.atlanticrelocation.com\/<\/a><\/p>\n<h2><span class=\"ez-toc-section\" id=\"3_Armstrong\"><\/span><strong>3. Armstrong<\/strong><span class=\"ez-toc-section-end\"><\/span><\/h2>\n<p><img loading=\"lazy\" decoding=\"async\" class=\"alignnone size-full wp-image-11261\" src=\"https:\/\/moverdb.com\/wp-content\/uploads\/Armstrong-international-moving-company.png\" alt=\"Armstrong uluslararas\u0131 nakliye \u015firketi\" width=\"1440\" height=\"676\" data-wp-pid=\"11261\" srcset=\"https:\/\/moverdb.com\/wp-content\/uploads\/Armstrong-international-moving-company.png 1440w, https:\/\/moverdb.com\/wp-content\/uploads\/Armstrong-international-moving-company-300x141.png 300w, https:\/\/moverdb.com\/wp-content\/uploads\/Armstrong-international-moving-company-1024x481.png 1024w, https:\/\/moverdb.com\/wp-content\/uploads\/Armstrong-international-moving-company-18x8.png 18w, https:\/\/moverdb.com\/wp-content\/uploads\/Armstrong-international-moving-company-600x282.png 600w\" sizes=\"auto, (max-width: 1440px) 100vw, 1440px\" \/><\/p>\n<ul>\n<li>Yerel ve uzun mesafeli ta\u015f\u0131nmalar<\/li>\n<li>Uluslararas\u0131 ta\u015f\u0131nmalar<\/li>\n<li>Konut Ta\u015f\u0131malar\u0131<\/li>\n<li>Ofis ta\u015f\u0131ma<\/li>\n<li>\u00c7al\u0131\u015fan yer de\u011fi\u015ftirmeleri<\/li>\n<li>Paketleme se\u00e7enekleri<\/li>\n<li>Hava, deniz ve kara ta\u015f\u0131mac\u0131l\u0131\u011f\u0131<\/li>\n<li>G\u00fcmr\u00fck i\u015flemleri<\/li>\n<li>Destinasyon hizmetleri<\/li>\n<li>K\u0131sa ve uzun s\u00fcreli depolama<\/li>\n<\/ul>\n<p>Armstrong, Atlanta'daki bir lokasyon da dahil olmak \u00fczere \u00fclke \u00e7ap\u0131nda 32 lokasyona sahip bir ta\u015f\u0131nma, yer de\u011fi\u015ftirme ve lojistik \u015firketidir. Hizmetlerini uluslararas\u0131 alanda sunmalar\u0131na yard\u0131mc\u0131 olan bir ortaklar ve i\u015ftirakler a\u011f\u0131na sahiptirler. Armstrong, 38 y\u0131ll\u0131k deneyime sahip bir IAM \u00fcyesidir ve FIDI taraf\u0131ndan akredite edilmi\u015ftir.<\/p>\n<p>Armstrong, tam hizmet veya k\u0131smi ambalajlama ve ambalaj a\u00e7ma se\u00e7eneklerini i\u00e7eren, sand\u0131klama ve \u00f6zel ambalajlaman\u0131n yan\u0131 s\u0131ra ta\u015f\u0131nma s\u0131ras\u0131nda e\u015fyalar\u0131n\u0131z\u0131 korumay\u0131 da i\u00e7eren ta\u015f\u0131nma y\u00f6netimi hizmetleri sunmaktad\u0131r. G\u00fcmr\u00fck i\u015flemleri ile nakliyeyi ayarlayacaklard\u0131r. Ek hizmetler aras\u0131nda k\u00fclt\u00fcrel e\u011fitim, ev sat\u0131\u015f\u0131 ve kiralanmas\u0131 ve depolama se\u00e7enekleri yer almaktad\u0131r.<\/p>\n<p>Web sitesi: <a href=\"https:\/\/www.armstrongrelocation.com\/\" target=\"_blank\" rel=\"noopener\">https:\/\/www.armstrongrelocation.com\/<\/a><\/p>\n<h2><span class=\"ez-toc-section\" id=\"4_Beltmann_Moving_Storage\"><\/span><strong>4. Beltmann Ta\u015f\u0131nma &amp; Depolama<\/strong><span class=\"ez-toc-section-end\"><\/span><\/h2>\n<p><img loading=\"lazy\" decoding=\"async\" class=\"alignnone size-full wp-image-11269\" src=\"https:\/\/moverdb.com\/wp-content\/uploads\/Beltmann-Relocation-Group-international-moving-company.png\" alt=\"Beltmann Relocation Group uluslararas\u0131 ta\u015f\u0131ma \u015firketi\" width=\"1440\" height=\"682\" data-wp-pid=\"11269\" srcset=\"https:\/\/moverdb.com\/wp-content\/uploads\/Beltmann-Relocation-Group-international-moving-company.png 1440w, https:\/\/moverdb.com\/wp-content\/uploads\/Beltmann-Relocation-Group-international-moving-company-300x142.png 300w, https:\/\/moverdb.com\/wp-content\/uploads\/Beltmann-Relocation-Group-international-moving-company-1024x485.png 1024w, https:\/\/moverdb.com\/wp-content\/uploads\/Beltmann-Relocation-Group-international-moving-company-18x9.png 18w, https:\/\/moverdb.com\/wp-content\/uploads\/Beltmann-Relocation-Group-international-moving-company-600x284.png 600w\" sizes=\"auto, (max-width: 1440px) 100vw, 1440px\" \/><\/p>\n<ul>\n<li>Yerel ve uzun mesafeli ta\u015f\u0131nmalar<\/li>\n<li>Uluslararas\u0131 ta\u015f\u0131nmalar<\/li>\n<li>Konut Ta\u015f\u0131malar\u0131<\/li>\n<li>Ofis ta\u015f\u0131ma<\/li>\n<li>Kurumsal ta\u015f\u0131nmalar<\/li>\n<li>\u00d6zelle\u015ftirilebilir hizmetler<\/li>\n<li>Dan\u0131\u015fman\u0131 ta\u015f\u0131y\u0131n<\/li>\n<li>Paketleme hizmeti<\/li>\n<li>Ula\u015f\u0131m d\u00fczenlemeleri<\/li>\n<li>G\u00fcvenli depolama<\/li>\n<\/ul>\n<p>Beltmann Moving &amp; Storage, 1923 y\u0131l\u0131nda kurulmu\u015f ve Atlanta da dahil olmak \u00fczere ABD genelinde 11 lokasyona sahip bir ta\u015f\u0131ma \u015firketidir. North American Van Lines'a ba\u011fl\u0131d\u0131rlar, bu da onlara uluslararas\u0131 a\u011flara sahip olman\u0131n yan\u0131 s\u0131ra daha geni\u015f bir kapsama alan\u0131 sa\u011flar. \u015eirket 24 y\u0131ll\u0131k tecr\u00fcbesiyle IAM \u00fcyesidir.<\/p>\n<p>Beltmann Moving &amp; Storage \u00f6zelle\u015ftirilebilir paketler sunar, b\u00f6ylece yaln\u0131zca ihtiyac\u0131n\u0131z olan hizmetler i\u00e7in \u00f6deme yapars\u0131n\u0131z ve b\u00fct\u00e7enizi a\u015fmaman\u0131za yard\u0131mc\u0131 olur. Ki\u015fiselle\u015ftirilmi\u015f destek ve her \u015feyin \u00fcstesinden gelebilecek her \u015fey dahil paketler sunarlar veya bireysel hizmetleri se\u00e7ebilirsiniz. Ta\u015f\u0131nma dan\u0131\u015fmanlar\u0131, paketleme ve var\u0131\u015f noktan\u0131za ula\u015f\u0131m dahil olmak \u00fczere ta\u015f\u0131nman\u0131z\u0131 ayarlayacakt\u0131r.<\/p>\n<p>Web sitesi: <a href=\"http:\/\/www.beltmann.com\/\" target=\"_blank\" rel=\"noopener\">http:\/\/www.beltmann.com\/<\/a><\/p>\n<h2><span class=\"ez-toc-section\" id=\"5_Hilldrup\"><\/span><strong>5. Hilldrup<\/strong><span class=\"ez-toc-section-end\"><\/span><\/h2>\n<p><img loading=\"lazy\" decoding=\"async\" class=\"alignnone size-full wp-image-11339\" src=\"https:\/\/moverdb.com\/wp-content\/uploads\/Hilldrup-international-moving-company.png\" alt=\"Hilldrup uluslararas\u0131 nakliye \u015firketi\" width=\"1440\" height=\"674\" data-wp-pid=\"11339\" srcset=\"https:\/\/moverdb.com\/wp-content\/uploads\/Hilldrup-international-moving-company.png 1440w, https:\/\/moverdb.com\/wp-content\/uploads\/Hilldrup-international-moving-company-300x140.png 300w, https:\/\/moverdb.com\/wp-content\/uploads\/Hilldrup-international-moving-company-1024x479.png 1024w, https:\/\/moverdb.com\/wp-content\/uploads\/Hilldrup-international-moving-company-18x8.png 18w, https:\/\/moverdb.com\/wp-content\/uploads\/Hilldrup-international-moving-company-600x281.png 600w\" sizes=\"auto, (max-width: 1440px) 100vw, 1440px\" \/><\/p>\n<ul>\n<li>Yerel ve uzun mesafeli ta\u015f\u0131nmalar<\/li>\n<li>Uluslararas\u0131 ta\u015f\u0131nmalar<\/li>\n<li>Konut Ta\u015f\u0131malar\u0131<\/li>\n<li>\u0130\u015f hamleleri<\/li>\n<li>Ta\u015f\u0131ma paketi se\u00e7enekleri<\/li>\n<li>Hareket Dan\u0131\u015fman\u0131<\/li>\n<li>Paketleme hizmeti<\/li>\n<li>Nakliye d\u00fczenlemeleri<\/li>\n<li>G\u00fcncellemeleri takip etme<\/li>\n<li>K\u0131sa ve uzun s\u00fcreli depolama<\/li>\n<\/ul>\n<p>Hilldrup, 1903 y\u0131l\u0131nda kurulan ve biri Atlanta'da olmak \u00fczere G\u00fcneydo\u011fu ve Orta Atlantik ABD'de 10 \u015fubesi bulunan bir ta\u015f\u0131ma ve depolama \u015firketidir. M\u00fc\u015fterilerini desteklemek ve uluslararas\u0131 hizmetler sunmak i\u00e7in United Van Lines ve Mayflower Transit gibi \u00f6nde gelen kurulu\u015flarla uluslararas\u0131 ba\u011flant\u0131lar\u0131 vard\u0131r. FIDI taraf\u0131ndan akredite edilmi\u015flerdir.<\/p>\n<p>Hilldrup, ta\u015f\u0131nman\u0131z\u0131 y\u00f6netmek i\u00e7in bir Ta\u015f\u0131nma Dan\u0131\u015fman\u0131 sa\u011flar ve DIY'den tam hizmet paketlemeye kadar \u00e7e\u015fitli ta\u015f\u0131ma paketleri sunar. \u0130htiya\u00e7lar\u0131n\u0131z\u0131 de\u011ferlendirmek ve bir fiyat teklifi sunmak i\u00e7in sanal bir ta\u015f\u0131nma anketi sunarlar. E\u015fyalar\u0131n\u0131z\u0131 ta\u015f\u0131ma s\u0131ras\u0131nda korumak i\u00e7in en iyi paketleme malzemelerini kullan\u0131rlar ve k\u0131r\u0131lgan e\u015fyalar i\u00e7in \u00f6zel paketleme ve sand\u0131klama se\u00e7enekleri sunarlar.<\/p>\n<p>Web sitesi: <a href=\"https:\/\/www.hilldrup.com\/\" target=\"_blank\" rel=\"noopener\">https:\/\/www.hilldrup.com\/<\/a><\/p>","protected":false},"excerpt":{"rendered":"<p>When you are moving there is a lot to do such as planning and organising the move, selecting a transportation provider and packing your belongings, and if you are moving abroad handling customs too. Many of these activities can be completed by a moving company. Below we have compiled a list of Georgia based removal [&hellip;]<\/p>\n","protected":false},"author":4,"featured_media":11236,"parent":190,"menu_order":0,"comment_status":"closed","ping_status":"closed","template":"","meta":{"_genesis_hide_title":false,"_genesis_hide_breadcrumbs":false,"_genesis_hide_singular_image":false,"_genesis_hide_footer_widgets":false,"_genesis_custom_body_class":"","_genesis_custom_post_class":"","_genesis_layout":"","footnotes":""},"class_list":{"0":"post-11566","1":"page","2":"type-page","3":"status-publish","4":"has-post-thumbnail","6":"entry"},"_links":{"self":[{"href":"https:\/\/moverdb.com\/tr\/wp-json\/wp\/v2\/pages\/11566","targetHints":{"allow":["GET"]}}],"collection":[{"href":"https:\/\/moverdb.com\/tr\/wp-json\/wp\/v2\/pages"}],"about":[{"href":"https:\/\/moverdb.com\/tr\/wp-json\/wp\/v2\/types\/page"}],"author":[{"embeddable":true,"href":"https:\/\/moverdb.com\/tr\/wp-json\/wp\/v2\/users\/4"}],"replies":[{"embeddable":true,"href":"https:\/\/moverdb.com\/tr\/wp-json\/wp\/v2\/comments?post=11566"}],"version-history":[{"count":3,"href":"https:\/\/moverdb.com\/tr\/wp-json\/wp\/v2\/pages\/11566\/revisions"}],"predecessor-version":[{"id":11570,"href":"https:\/\/moverdb.com\/tr\/wp-json\/wp\/v2\/pages\/11566\/revisions\/11570"}],"up":[{"embeddable":true,"href":"https:\/\/moverdb.com\/tr\/wp-json\/wp\/v2\/pages\/190"}],"wp:featuredmedia":[{"embeddable":true,"href":"https:\/\/moverdb.com\/tr\/wp-json\/wp\/v2\/media\/11236"}],"wp:attachment":[{"href":"https:\/\/moverdb.com\/tr\/wp-json\/wp\/v2\/media?parent=11566"}],"curies":[{"name":"wp","href":"https:\/\/api.w.org\/{rel}","templated":true}]}}