{"id":11558,"date":"2023-11-29T10:29:34","date_gmt":"2023-11-29T10:29:34","guid":{"rendered":"https:\/\/moverdb.com\/?page_id=11558"},"modified":"2026-01-08T15:24:12","modified_gmt":"2026-01-08T15:24:12","slug":"moving-companies-us-danbury","status":"publish","type":"page","link":"https:\/\/moverdb.com\/tr\/moving-companies\/moving-companies-us-danbury\/","title":{"rendered":"Danbury'deki En \u0130yi 3 Uluslararas\u0131 Nakliye \u015eirketi"},"content":{"rendered":"<p>Ta\u015f\u0131nman\u0131z\u0131 planlamak ve y\u00f6netmek stresli olabilir, bu nedenle bir <a href=\"https:\/\/moverdb.com\/tr\/moving-companies\/\" data-internallinksmanager029f6b8e52c=\"79\" title=\"\u00c7evrimi\u00e7i En \u0130yi 25 Uluslararas\u0131 Nakliye \u015eirketi\">ta\u015finma \u015fi\u0307rketi\u0307<\/a> E\u015fyalar\u0131n\u0131z\u0131 paketlemek ve ta\u015f\u0131mak i\u00e7in bir nakliyeci bulmak \u00fczerinizdeki bask\u0131y\u0131 hafifletebilir. A\u015fa\u011f\u0131da Danbury merkezli bir liste derledik <a href=\"https:\/\/moverdb.com\/tr\/international-removals\/\" data-internallinksmanager029f6b8e52c=\"27\" title=\"36 \u0130ngiltere&#039;deki En \u0130yi Uluslararas\u0131 Nakliye \u015eirketleri\">nakli\u0307ye \u015fi\u0307rketleri\u0307<\/a> \u00fcyesi olan <a href=\"https:\/\/moverdb.com\/tr\/iam\/\" data-internallinksmanager029f6b8e52c=\"23\" title=\"Uluslararas\u0131 Ta\u015f\u0131mac\u0131lar Birli\u011fi (IAM) A\u00e7\u0131klamas\u0131\">Uluslararas\u0131 Ta\u015f\u0131mac\u0131lar Birli\u011fi<\/a> (IAM) ve\/veya <a href=\"https:\/\/moverdb.com\/tr\/fidi-faim\/\" data-internallinksmanager029f6b8e52c=\"16\" title=\"FIDI &amp; FAIM (FIDI Akredite Uluslararas\u0131 Ta\u015f\u0131mac\u0131) A\u00e7\u0131klamas\u0131\">FIDI<\/a> Ta\u015f\u0131nman\u0131zda size yard\u0131mc\u0131 olabilecek Akredite Uluslararas\u0131 Ta\u015f\u0131y\u0131c\u0131 (FAIM).<\/p>\n<h2><strong>1. Continuum Uluslararas\u0131<\/strong><\/h2>\n<p><img loading=\"lazy\" decoding=\"async\" class=\"alignnone size-full wp-image-11296\" src=\"https:\/\/moverdb.com\/wp-content\/uploads\/Continuum-International-moving-company.png\" alt=\"Continuum Uluslararas\u0131 Ta\u015f\u0131mac\u0131l\u0131k \u015eirketi\" width=\"1440\" height=\"677\" data-wp-pid=\"11296\" srcset=\"https:\/\/moverdb.com\/wp-content\/uploads\/Continuum-International-moving-company.png 1440w, https:\/\/moverdb.com\/wp-content\/uploads\/Continuum-International-moving-company-300x141.png 300w, https:\/\/moverdb.com\/wp-content\/uploads\/Continuum-International-moving-company-1024x481.png 1024w, https:\/\/moverdb.com\/wp-content\/uploads\/Continuum-International-moving-company-18x8.png 18w, https:\/\/moverdb.com\/wp-content\/uploads\/Continuum-International-moving-company-600x282.png 600w\" sizes=\"auto, (max-width: 1440px) 100vw, 1440px\" \/><\/p>\n<ul>\n<li>Ulusal ta\u015f\u0131nmalar<\/li>\n<li>Uluslararas\u0131 ta\u015f\u0131nmalar<\/li>\n<li>\u015eirket ta\u015f\u0131nmalar\u0131<\/li>\n<li>Kap\u0131dan kap\u0131ya hizmet<\/li>\n<li>Ki\u015fiye \u00f6zel hizmetler<\/li>\n<li>Paketleme hizmeti<\/li>\n<li>Hava, deniz veya kamyon ile nakliye<\/li>\n<li>Belge haz\u0131rlama<\/li>\n<li>Transit sigortas\u0131<\/li>\n<li>Depolama tesisleri<\/li>\n<\/ul>\n<p>Continuum International, 20 y\u0131l\u0131 a\u015fk\u0131n bir s\u00fcredir faaliyet g\u00f6steren ve Danbury ve Brookfield'de lokasyonlar\u0131 bulunan k\u00fcresel bir yer de\u011fi\u015ftirme ve atama y\u00f6netimi hizmetleri \u015firketidir. Hizmetlerini uluslararas\u0131 d\u00fczeyde sunmalar\u0131n\u0131 sa\u011flayan k\u00fcresel ortakl\u0131klar\u0131 vard\u0131r. \u015eirket 24 y\u0131ll\u0131k deneyimiyle IAM \u00fcyesidir.<\/p>\n<p>Continuum International, tahsis edilmi\u015f bir Yer De\u011fi\u015ftirme Dan\u0131\u015fman\u0131 ile ki\u015fiye \u00f6zel kap\u0131dan kap\u0131ya ta\u015f\u0131nma ve yer de\u011fi\u015ftirme hizmetleri sunar. Ta\u015f\u0131nma ihtiya\u00e7lar\u0131n\u0131z\u0131 de\u011ferlendirmek ve bir ta\u015f\u0131nma plan\u0131 olu\u015fturmak i\u00e7in ta\u015f\u0131nma \u00f6ncesi bir anket sunarlar. E\u015fyalar\u0131n\u0131z\u0131 paketleyerek ambalaj malzemelerinin ta\u015f\u0131ma \u015fekline ve var\u0131\u015f yerine uygun olmas\u0131n\u0131 sa\u011flarlar.<\/p>\n<p>Web sitesi: <a href=\"https:\/\/www.continuumrelo.com\/\" target=\"_blank\" rel=\"noopener\">https:\/\/www.continuumrelo.com\/<\/a><\/p>\n<h2><strong>2. Interconex<\/strong><\/h2>\n<p><img loading=\"lazy\" decoding=\"async\" class=\"alignnone size-full wp-image-11345\" src=\"https:\/\/moverdb.com\/wp-content\/uploads\/Interconex-international-moving-company.png\" alt=\"Interconex uluslararas\u0131 ta\u015f\u0131ma \u015firketi\" width=\"1440\" height=\"678\" data-wp-pid=\"11345\" srcset=\"https:\/\/moverdb.com\/wp-content\/uploads\/Interconex-international-moving-company.png 1440w, https:\/\/moverdb.com\/wp-content\/uploads\/Interconex-international-moving-company-300x141.png 300w, https:\/\/moverdb.com\/wp-content\/uploads\/Interconex-international-moving-company-1024x482.png 1024w, https:\/\/moverdb.com\/wp-content\/uploads\/Interconex-international-moving-company-18x8.png 18w, https:\/\/moverdb.com\/wp-content\/uploads\/Interconex-international-moving-company-600x283.png 600w\" sizes=\"auto, (max-width: 1440px) 100vw, 1440px\" \/><\/p>\n<ul>\n<li>Ulusal hamleler<\/li>\n<li>Uluslararas\u0131 ta\u015f\u0131nmalar<\/li>\n<li>Ev ta\u015f\u0131ma<\/li>\n<li>Kurumsal hamleler<\/li>\n<li>Kap\u0131dan kap\u0131ya hizmet<\/li>\n<li>Paketleme hizmeti<\/li>\n<li>Ula\u015f\u0131m d\u00fczenlemeleri<\/li>\n<li>G\u00fcmr\u00fck i\u015flemleri<\/li>\n<li>Evcil hayvanlar\u0131n ta\u015f\u0131nmas\u0131<\/li>\n<li>G\u00fcvenli depolama hizmetleri<\/li>\n<\/ul>\n<p>Interconex, 1969 y\u0131l\u0131nda kurulmu\u015f ve Danbury merkezli tam hizmetli bir ev e\u015fyas\u0131 ta\u015f\u0131ma \u015firketidir. Hizmetlerini d\u00fcnya \u00e7ap\u0131nda sunmak i\u00e7in \u00f6zenle se\u00e7ilmi\u015f uluslararas\u0131 ortaklarla \u00e7al\u0131\u015f\u0131rlar. FIDI taraf\u0131ndan akredite edilmi\u015flerdir.<\/p>\n<p>Interconex, ta\u015f\u0131nma ihtiya\u00e7lar\u0131n\u0131z\u0131 belirlemek i\u00e7in bir ilk anket sunar. E\u015fyalar\u0131n\u0131z\u0131 korumak i\u00e7in en kaliteli paketleme malzemelerini ve e\u011fitimli paketleyicileri kullanan bir paketleme hizmeti sunarlar. Buna \u00f6zel paketleme malzemeleri ve \u00f6zel yap\u0131m kasalar da dahil olabilir. Havaalan\u0131 ta\u015f\u0131mac\u0131l\u0131\u011f\u0131, konsiyerj hizmetleri, tamirci yard\u0131m\u0131, hizmet\u00e7i hizmeti, ge\u00e7ici konut, var\u0131\u015f yeri hizmetleri, evcil hayvanlar\u0131n ta\u015f\u0131nmas\u0131, t\u00fcm risk sigortas\u0131 ve depolama gibi ek hizmetler sunarlar.<\/p>\n<p>Web sitesi: <a href=\"https:\/\/www.interconex.com\/\" target=\"_blank\" rel=\"noopener\">https:\/\/www.interconex.com\/<\/a><\/p>\n<h2><strong>3. Intermove Ltd<\/strong><\/h2>\n<p><img loading=\"lazy\" decoding=\"async\" class=\"alignnone size-full wp-image-11346\" src=\"https:\/\/moverdb.com\/wp-content\/uploads\/Intermove-Danbury-international-moving-company.png\" alt=\"Intermove Danbury uluslararas\u0131 ta\u015f\u0131ma \u015firketi\" width=\"1440\" height=\"680\" data-wp-pid=\"11346\" srcset=\"https:\/\/moverdb.com\/wp-content\/uploads\/Intermove-Danbury-international-moving-company.png 1440w, https:\/\/moverdb.com\/wp-content\/uploads\/Intermove-Danbury-international-moving-company-300x142.png 300w, https:\/\/moverdb.com\/wp-content\/uploads\/Intermove-Danbury-international-moving-company-1024x484.png 1024w, https:\/\/moverdb.com\/wp-content\/uploads\/Intermove-Danbury-international-moving-company-18x9.png 18w, https:\/\/moverdb.com\/wp-content\/uploads\/Intermove-Danbury-international-moving-company-600x283.png 600w\" sizes=\"auto, (max-width: 1440px) 100vw, 1440px\" \/><\/p>\n<ul>\n<li>Uluslararas\u0131 ta\u015f\u0131nmalar<\/li>\n<li>Hane halk\u0131 ta\u015f\u0131nmalar\u0131<\/li>\n<li>Kurumsal ta\u015f\u0131nmalar<\/li>\n<li>Kap\u0131dan kap\u0131ya hizmet<\/li>\n<li>\u00dccretsiz fiyat teklifi<\/li>\n<li>Sanal ve yerinde yard\u0131m<\/li>\n<li>Hava, deniz ve kara ta\u015f\u0131mac\u0131l\u0131\u011f\u0131<\/li>\n<li>Dok\u00fcmantasyon deste\u011fi<\/li>\n<li>Sigorta<\/li>\n<\/ul>\n<p>Intermove Ltd, 1977 y\u0131l\u0131nda kurulmu\u015f ve Danbury merkezli uluslararas\u0131 bir ta\u015f\u0131nma ve yer de\u011fi\u015ftirme \u015firketidir. D\u00fcnya \u00e7ap\u0131nda kap\u0131dan kap\u0131ya hizmet sunmalar\u0131na yard\u0131mc\u0131 olan g\u00fcvenilir uluslararas\u0131 ta\u015f\u0131ma \u015firketlerinden olu\u015fan bir a\u011fa sahiptirler. \u015eirket 46 y\u0131ll\u0131k tecr\u00fcbesiyle IAM \u00fcyesidir.<\/p>\n<p>Intermove Ltd, uluslararas\u0131 ta\u015f\u0131nmalar i\u00e7in uluslararas\u0131 ta\u015f\u0131nma uzmanlar\u0131ndan sanal olarak veya yerinde tavsiye ve destek ile \u00fccretsiz bir fiyat teklifi sunar. E\u015fyalar\u0131n\u0131z\u0131n hava, deniz veya kara yoluyla g\u00fcvenli bir \u015fekilde ta\u015f\u0131nmas\u0131n\u0131 ayarlar ve dok\u00fcmantasyon konusunda yard\u0131mc\u0131 olurlar. Profesyonel olarak paketlenmi\u015f y\u00fckler i\u00e7in sigorta teminat\u0131 sa\u011flarlar.<\/p>\n<p>Web sitesi: <a href=\"https:\/\/www.intermove.com\/\" target=\"_blank\" rel=\"noopener\">https:\/\/www.intermove.com\/<\/a><\/p>","protected":false},"excerpt":{"rendered":"<p>Planning and managing your move can be stressful so getting a moving company in to pack and transport your belongings can ease the pressure. Below we have compiled a list of Danbury based removal companies that are members of the International Association of Movers (IAM) and\/or FIDI Accredited International Mover (FAIM) who could assist you [&hellip;]<\/p>\n","protected":false},"author":4,"featured_media":11296,"parent":190,"menu_order":0,"comment_status":"closed","ping_status":"closed","template":"","meta":{"_genesis_hide_title":false,"_genesis_hide_breadcrumbs":false,"_genesis_hide_singular_image":false,"_genesis_hide_footer_widgets":false,"_genesis_custom_body_class":"","_genesis_custom_post_class":"","_genesis_layout":"","footnotes":""},"class_list":{"0":"post-11558","1":"page","2":"type-page","3":"status-publish","4":"has-post-thumbnail","6":"entry"},"_links":{"self":[{"href":"https:\/\/moverdb.com\/tr\/wp-json\/wp\/v2\/pages\/11558","targetHints":{"allow":["GET"]}}],"collection":[{"href":"https:\/\/moverdb.com\/tr\/wp-json\/wp\/v2\/pages"}],"about":[{"href":"https:\/\/moverdb.com\/tr\/wp-json\/wp\/v2\/types\/page"}],"author":[{"embeddable":true,"href":"https:\/\/moverdb.com\/tr\/wp-json\/wp\/v2\/users\/4"}],"replies":[{"embeddable":true,"href":"https:\/\/moverdb.com\/tr\/wp-json\/wp\/v2\/comments?post=11558"}],"version-history":[{"count":1,"href":"https:\/\/moverdb.com\/tr\/wp-json\/wp\/v2\/pages\/11558\/revisions"}],"predecessor-version":[{"id":11559,"href":"https:\/\/moverdb.com\/tr\/wp-json\/wp\/v2\/pages\/11558\/revisions\/11559"}],"up":[{"embeddable":true,"href":"https:\/\/moverdb.com\/tr\/wp-json\/wp\/v2\/pages\/190"}],"wp:featuredmedia":[{"embeddable":true,"href":"https:\/\/moverdb.com\/tr\/wp-json\/wp\/v2\/media\/11296"}],"wp:attachment":[{"href":"https:\/\/moverdb.com\/tr\/wp-json\/wp\/v2\/media?parent=11558"}],"curies":[{"name":"wp","href":"https:\/\/api.w.org\/{rel}","templated":true}]}}